{"id":10220,"date":"2024-09-09T21:31:18","date_gmt":"2024-09-09T21:31:18","guid":{"rendered":"https:\/\/travelshelper.com\/staging\/?page_id=10220"},"modified":"2026-03-13T21:26:57","modified_gmt":"2026-03-13T21:26:57","slug":"alice-springs","status":"publish","type":"page","link":"https:\/\/travelshelper.com\/it\/destinations\/australia-and-oceania\/australia\/alice-springs\/","title":{"rendered":"Alice Springs"},"content":{"rendered":"<p>Alice Springs \u00e8 una piccola citt\u00e0 nel cuore dell&#039;Australia. La sua popolazione \u00e8 di soli 34.000 abitanti circa (30.628 nel 2021, 33.990 nel 2024). Circa un quinto dei residenti si identifica come aborigeno o isolano dello Stretto di Torres. L&#039;economia della citt\u00e0 riflette il suo ruolo di centro regionale: il governo del Territorio del Nord \u00e8 il principale datore di lavoro (circa l&#039;8% dei posti di lavoro), mentre istruzione e servizi sanitari impiegano ciascuno circa il 7% della forza lavoro. Anche il turismo \u00e8 significativo (circa il 4% dei posti di lavoro), poich\u00e9 Alice Springs fornisce i principali servizi per i visitatori del Red Centre. Nel complesso, si tratta di un&#039;economia orientata ai servizi: commercio al dettaglio, ospitalit\u00e0 e pubblica amministrazione dominano. Nonostante la sua posizione remota, Alice dispone di servizi moderni: si trova a un&#039;altitudine di circa 545 m, quindi, sebbene le estati siano estremamente calde (fino a 45 \u00b0C), le temperature notturne possono abbassarsi notevolmente e le gelate non sono rare in inverno. La popolazione aumenta leggermente quando accadono degli eventi, ma in ogni momento Alice rimane una tranquilla cittadina dell&#039;outback.<\/p>\n<p>Alice Springs si trova quasi al centro geografico dell&#039;Australia. Si trova nel Territorio del Nord, lungo il fiume Todd, solitamente asciutto, un affluente del Finke (chiamato anche Lhere Mparnte). La citt\u00e0 \u00e8 pressoch\u00e9 equidistante da Darwin e Adelaide, circa 1500 km da entrambe. Sorge a circa 578 m di altitudine, su una pianura circondata da antiche colline. A ovest e a est si ergono i MacDonnell Ranges, una serie di colline rosso-ocra che incorniciano il paesaggio. Uno dei punti panoramici pi\u00f9 famosi della citt\u00e0 \u00e8 Anzac Hill, che si erge al di sopra del centro. Il clima \u00e8 desertico: gli inverni sono miti o freschi (le minime notturne possono avvicinarsi allo zero), mentre le estati sono molto calde (di giorno si superano spesso i 40 \u00b0C). Le precipitazioni sono scarse (al massimo poche centinaia di millimetri all&#039;anno), concentrate principalmente nei temporali estivi. Il terreno circostante \u2013 il classico deserto rosso dell&#039;Australia Centrale \u2013 \u00e8 punteggiato da erba spinifex, eucalipti fantasma, scogliere color ocra e pozze d&#039;acqua effimere. Il cielo \u00e8 immenso e limpido: Alice Springs vanta una media di oltre 300 giorni di sole all&#039;anno, il che rende spettacolare anche il cielo notturno.<\/p>\n<p>Molto prima dell&#039;insediamento europeo, l&#039;area intorno ad Alice Springs (conosciuta come Mparntwe nella lingua locale Arrernte) fu abitata da popolazioni aborigene per decine di migliaia di anni. Alla fine del XIX secolo, dopo che gli esploratori esplorarono l&#039;entroterra, fu costruita la Overland Telegraph Line (completata nel 1872). Alice Springs si svilupp\u00f2 attorno a una delle stazioni ripetitrici di quella linea, che trasmetteva messaggi tra Adelaide e Darwin. La stazione si trovava nei pressi di una sorgente termale permanente (da cui il nome &#034;Alice Springs&#034;, dato da Charles Todd in onore di sua moglie). L&#039;insediamento locale si chiamava originariamente &#034;Stuart&#034;, in onore dell&#039;esploratore John McDouall Stuart, ma fu ufficialmente ribattezzato Alice Springs nel 1933. La ferrovia raggiunse Alice nel 1929, collegandola via ferrovia ad Adelaide e portando nuova linfa vitale. Durante la Seconda Guerra Mondiale, Alice Springs fu un&#039;importante base di sosta (il suo snodo ferroviario e i suoi campi servivano le truppe in movimento verso nord). Dopo la guerra torn\u00f2 a un ritmo tranquillo, sviluppando gradualmente le infrastrutture e istituendo servizi turistici. Tra le date chiave figurano la stazione telegrafica nel 1872, la proclamazione dello stato del Territorio del Nord nel 1911 e l&#039;apertura della strada (Stuart Highway) e del collegamento ferroviario che ne complet\u00f2 i collegamenti. Oggi le origini di Alice sono visibili nei suoi edifici storici e la sua storia \u00e8 commemorata nella Riserva Storica della Vecchia Stazione Telegrafica.<\/p>\n<p>Alice Springs sembra l&#039;anima dell&#039;Outback. Qui si fondono la cultura aborigena e quella europea. L&#039;inglese \u00e8 parlato quasi da tutti, ma circa il 21% dei residenti della township di Alice Springs si identifica come aborigeno o isolano dello Stretto di Torres, principalmente Arrernte. L&#039;arte e la musica aborigena sono prominenti: le gallerie locali espongono spesso vivaci dipinti a puntini e manufatti intagliati. Il ritmo di vita \u00e8 rilassato; le persone si salutano con un cenno del capo o una stretta di mano, e fumare una sigaretta per strada o sorseggiare un t\u00e8 al bar pu\u00f2 facilmente trasformarsi in una lunga chiacchierata. Il clima desertico secco favorisce la vita all&#039;aria aperta: la sera si possono trovare famiglie riunite attorno a un fal\u00f2 sotto le stelle. La citt\u00e0 ospita alcuni dei festival pi\u00f9 idiosincratici d&#039;Australia. Ogni luglio si tiene la Camel Cup, dove i cammelli corrono su una pista dell&#039;ippodromo. Ad agosto il letto del fiume Todd Mall ospita l&#039;annuale Henley-on-Todd Regatta, dove &#034;barche&#034; su ruote vengono manovrate a mano attraverso il letto asciutto del fiume. Altri eventi (come il festival delle luci di Parrtjima e un festival dei berretti) celebrano sia l&#039;arte indigena che il kitsch di frontiera. Questi festival, pur essendo giocosi, riflettono lo spirito locale: orientato alla comunit\u00e0, creativo e resiliente. Nella vita di tutti i giorni, la gente del posto potrebbe indossare gilet ad alta visibilit\u00e0 mentre lavora nei cantieri edili, o cappelli da cowboy mentre si occupa del bestiame. Il personale di servizio spesso impara qualche parola arrernte per cortesia. Alice ha l&#039;ospitalit\u00e0 tipica di una piccola citt\u00e0 \u2013 alla fine tutti si conoscono per nome \u2013 unita a una sana vena di individualismo e indipendenza. A volte si sente un gergo locale unico (&#034;arvo&#034; per pomeriggio, &#034;no dramas&#034; per nessun problema) e una bonario scambio di battute (mateship) che caratterizza la cultura informale australiana.<\/p>\n<p>Alice Springs offre un mix di attrazioni culturali e paesaggi selvaggi. In citt\u00e0, l&#039;Alice Springs Desert Park \u00e8 una tappa obbligata. Questo parco pluripremiato si estende su 1.300 ettari di habitat desertico e ospita piante autoctone, animali notturni e la cultura aborigena. I visitatori possono passeggiare attraverso ambienti desertici ricostruiti, osservare da vicino canguri ed em\u00f9 e assistere a uno spettacolo giornaliero di rapaci in volo libero. Nelle vicinanze si trova la storica Old Alice Springs Telegraph Station, il sito originale del ripetitore del 1872, che racconta la storia della vita primitiva nell&#039;outback. Per ammirare il panorama, Anzac Hill (raggiungibile tramite strada) offre un panorama al tramonto sulla citt\u00e0 e sulle catene montuose circostanti.<\/p>\n<p>Fuori citt\u00e0, la natura vi chiama. I West MacDonnell Ranges si trovano appena a ovest di Alice Springs, una serie di aspre colline e strette gole che si illuminano di rosso all&#039;alba. Visitare Simpsons Gap o Standley Chasm offre l&#039;esperienza di camminare tra imponenti pareti rocciose che proteggono pozze d&#039;acqua permanenti. Pi\u00f9 a ovest, Ormiston Gorge e Glen Helen Gorge offrono fresche pozze d&#039;acqua in un ambiente arido. A est, Emily e Jessie Gaps presentano imponenti scogliere con arte rupestre aborigena. La stessa lontananza \u00e8 di per s\u00e9 un&#039;attrazione: basta guidare la Stuart Highway verso nord o sud da Alice per incontrare orizzonti infiniti e (se il momento giusto) vedere i canguri all&#039;alba. Anche i tour fuori citt\u00e0 verso siti iconici come Uluru-Kata Tjuta e Kings Canyon partono da Alice Springs, rendendola la base abituale per esplorare le meraviglie del Red Centre. Di notte, il vasto cielo dell&#039;Outback, privo di inquinamento luminoso, rivela la Via Lattea in una nitidezza spettacolare, a ricordo delle antiche culture che per prime interpretarono quelle costellazioni.<\/p>\n<p>Alice Springs \u00e8 raggiungibile al meglio in aereo o su strada. L&#039;aeroporto di Alice Springs (ASP) offre voli regolari da e per Darwin, Adelaide e, a volte, Sydney o Melbourne. Su strada, la Stuart Highway corre a nord fino a Darwin e a sud fino ad Adelaide; questi viaggi richiedono molte ore (o giorni) di guida. Una volta in citt\u00e0, tutto \u00e8 abbastanza compatto: la maggior parte dei visitatori utilizza auto a noleggio o autobus turistici. C&#039;\u00e8 una piccola rete di autobus locali, ma si consiglia un&#039;auto. I famosi cammelli in citt\u00e0 sono ancora utilizzati principalmente per le passeggiate turistiche, non come mezzo di trasporto.<\/p>\n<p>Le usanze locali sono semplici. La valuta \u00e8 il dollaro australiano e l&#039;inglese \u00e8 universalmente usato. Si applica il galateo standard australiano: le persone sono generalmente informali ma educate, usando il nome di battesimo (o &#034;Signore\/Signora&#034; in un negozio) e scambi di battute amichevoli. La sicurezza \u00e8 buona, ma ricorda che si tratta del deserto: porta sempre con te dell&#039;acqua quando viaggi, evita di fare escursioni da solo nelle ore pi\u00f9 calde di mezzogiorno e guida con prudenza (la fauna selvatica pu\u00f2 apparire sulle strade dell&#039;outback al tramonto). Protezione solare (cappello, crema solare) e acqua potabile in abbondanza sono essenziali, poich\u00e9 l&#039;indice UV \u00e8 alto tutto l&#039;anno. Il rispetto per la cultura aborigena \u00e8 importante (molti proprietari tradizionali vivono ancora ad Alice Springs e nei dintorni); se visiti i siti indigeni, segui le indicazioni locali. Nel complesso, con un&#039;adeguata preparazione e un certo senso dell&#039;avventura, i visitatori troveranno Alice Springs un&#039;indimenticabile porta d&#039;accesso allo spettacolare entroterra australiano.<\/p>","protected":false},"excerpt":{"rendered":"<p>Situata nel Territorio del Nord dell&#039;Australia, Alice Springs, a volte conosciuta come Mparntwe, nella lingua degli Arrernte orientali, \u00e8 una citt\u00e0 affascinante e ricca di valore culturale. Dopo Darwin e Palmerston, questa posizione strategica, a quasi uguale distanza da Adelaide e Darwin, costituisce il terzo insediamento pi\u00f9 grande della zona. Il geometra William Whitfield Mills dedic\u00f2 questa insolita citt\u00e0 ad Alice, Lady Todd, moglie del pioniere del telegrafo Sir Charles Todd.<\/p>","protected":false},"author":1,"featured_media":3256,"parent":9806,"menu_order":0,"comment_status":"closed","ping_status":"closed","template":"elementor_theme","meta":{"_eb_attr":"","footnotes":""},"class_list":["post-10220","page","type-page","status-publish","has-post-thumbnail"],"_links":{"self":[{"href":"https:\/\/travelshelper.com\/it\/wp-json\/wp\/v2\/pages\/10220","targetHints":{"allow":["GET"]}}],"collection":[{"href":"https:\/\/travelshelper.com\/it\/wp-json\/wp\/v2\/pages"}],"about":[{"href":"https:\/\/travelshelper.com\/it\/wp-json\/wp\/v2\/types\/page"}],"author":[{"embeddable":true,"href":"https:\/\/travelshelper.com\/it\/wp-json\/wp\/v2\/users\/1"}],"replies":[{"embeddable":true,"href":"https:\/\/travelshelper.com\/it\/wp-json\/wp\/v2\/comments?post=10220"}],"version-history":[{"count":0,"href":"https:\/\/travelshelper.com\/it\/wp-json\/wp\/v2\/pages\/10220\/revisions"}],"up":[{"embeddable":true,"href":"https:\/\/travelshelper.com\/it\/wp-json\/wp\/v2\/pages\/9806"}],"wp:featuredmedia":[{"embeddable":true,"href":"https:\/\/travelshelper.com\/it\/wp-json\/wp\/v2\/media\/3256"}],"wp:attachment":[{"href":"https:\/\/travelshelper.com\/it\/wp-json\/wp\/v2\/media?parent=10220"}],"curies":[{"name":"wp","href":"https:\/\/api.w.org\/{rel}","templated":true}]}}