{"id":10166,"date":"2024-09-09T20:39:46","date_gmt":"2024-09-09T20:39:46","guid":{"rendered":"https:\/\/travelshelper.com\/staging\/?page_id=10166"},"modified":"2026-03-13T21:26:11","modified_gmt":"2026-03-13T21:26:11","slug":"byron-bay","status":"publish","type":"page","link":"https:\/\/travelshelper.com\/it\/destinations\/australia-and-oceania\/australia\/byron-bay\/","title":{"rendered":"Byron Bay"},"content":{"rendered":"<p>Il faro di Capo Byron si erge su un promontorio all&#039;estremit\u00e0 della costa orientale australiana, vicino a Byron Bay. Questa citt\u00e0 balneare \u00e8 un mondo a s\u00e9 stante per il suo carattere: rilassata, artistica e pittoresca. Byron Bay si trova nell&#039;estremo nord-est del Nuovo Galles del Sud, nella terra degli aborigeni Bundjalung. Si trova a circa 772 km a nord di Sydney e 165 km a sud di Brisbane. Il promontorio (Capo Byron) \u00e8 il punto pi\u00f9 orientale dell&#039;Australia continentale. Nonostante la sua piccola popolazione permanente (poco pi\u00f9 di 6.300 persone nel 2021), la fama di Byron deriva dalle sue spiagge, dalla cultura del surf e dall&#039;atmosfera alternativa. Un tempo era un&#039;enclave di surfisti e hippie negli anni &#039;60, e questa tradizione persiste ancora oggi nella sua forte enfasi sulla natura, lo yoga e la comunit\u00e0. L&#039;economia locale \u00e8 trainata dal turismo, dal benessere, dai bar e dalle industrie creative. Con un clima subtropicale, Byron gode di estati calde e inverni miti, e il suo entroterra lussureggiante \u00e8 allettante come l&#039;oceano. L&#039;identit\u00e0 della citt\u00e0 fonde un&#039;atmosfera boh\u00e9mien con un lato raffinato e attrae artisti, backpacker e vacanzieri benestanti.<\/p>\n<p>Byron Bay \u00e8 una piccola comunit\u00e0. Il censimento del 2021 ha stimato la popolazione della citt\u00e0 a circa 6.330 abitanti. La pi\u00f9 ampia Byron Shire (che comprende le citt\u00e0 vicine e le fattorie dell&#039;entroterra) ha pi\u00f9 residenti, ma Byron stessa rimane sotto i 10.000 abitanti. L&#039;economia ruota attorno al turismo e ai servizi di lifestyle: mercati colorati, caff\u00e8 biologici e organizzatori di eventi sono comuni. Byron ha pi\u00f9 l&#039;atmosfera di un villaggio che di una citt\u00e0: le strade hanno vetrine di negozi intervallate da palme e tavole da surf. Molti visitatori arrivano in auto o in autobus (l&#039;aeroporto principale pi\u00f9 vicino della regione \u00e8 il Gold Coast Airport, a circa 45 minuti a nord, o il Ballina Byron Gateway Airport, a 20 minuti a sud-ovest). La citt\u00e0 si trova a una comoda altitudine di poche decine di metri sul livello del mare, ma \u00e8 circondata da dolci colline e dalla foresta pluviale appena nell&#039;entroterra. Nel 2024, Byron \u00e8 spesso citata come uno dei mercati immobiliari pi\u00f9 costosi d&#039;Australia, a dimostrazione della sua ambita posizione come paradiso costiero.<\/p>\n<p>Geograficamente, Byron Bay si trova sull&#039;estrema costa settentrionale del Nuovo Galles del Sud, proprio accanto al confine con il Queensland. Si estende su una serie di spiagge attorno a Capo Byron. Main Beach si affaccia sul centro commerciale; Wategos e Tallows sono splendide spiagge per il surf nelle vicinanze. Lighthouse Beach circonda il promontorio. Al largo si trova Julian Rocks, una riserva marina con una ricca fauna marina. L&#039;entroterra a ovest \u00e8 ricoperto da una lussureggiante foresta pluviale subtropicale (una parte del Parco Nazionale di Nightcap), con i monti MacPherson Range che si innalzano fino a 1.100 m a poche decine di chilometri nell&#039;entroterra. Il clima di Byron \u00e8 da caldo-temperato a subtropicale: le estati spesso superano i 30 \u00b0C con elevata umidit\u00e0, mentre gli inverni sono miti (raramente sotto i 10 \u00b0C). Le piogge cadono tutto l&#039;anno, ma raggiungono il picco a fine estate (la regione pu\u00f2 essere interessata dai sistemi di bassa pressione della costa orientale e raramente dai cicloni). Le brezze marine solitamente mantengono le spiagge temperate. Il caratteristico faro di Cape Byron (costruito nel 1901) segna l&#039;estremit\u00e0 pi\u00f9 orientale e offre una vista mozzafiato sul Pacifico; con il cielo terso si possono osservare le balene in migrazione invernale o la costa che si allontana verso nord e sud. Il paesaggio di Byron Bay, che fonde costa e foresta pluviale, l&#039;ha resa un modello per il turismo ecosostenibile.<\/p>\n<p>Molto prima dell&#039;arrivo degli europei, la zona era abitata dalle popolazioni Arakwal e Minjungbal della nazione Bundjalung. Chiamavano la zona Cavvanbah (&#034;luogo d&#039;incontro&#034;). Il capitano James Cook pass\u00f2 di l\u00ec nel 1770 e diede al capo il nome del capitano della marina britannica John Byron, ma l&#039;insediamento fu lento. Gli europei iniziarono a raccogliere legname di cedro negli anni &#039;40 dell&#039;Ottocento e costruirono un molo per la navigazione nel 1886. Seguirono la produzione di latte e zucchero. Il famoso faro di Capo Byron fu costruito nel 1901 e automatizzato nel 1989, fungendo da guida vitale per la navigazione costiera. Gli anni &#039;60 e &#039;70 portarono un&#039;onda diversa: i surfisti, poi gli hippy, attratti dalle onde e dallo stile di vita alternativo, trasformarono Byron in un centro nevralgico della controcultura. Eventi come l&#039;Aquarius Music Festival (vicino a Nimbin, 1973) consolidarono la sua reputazione di paradiso boh\u00e9mien. Dagli anni &#039;80, il turismo ha registrato un boom. Byron si \u00e8 modernizzata, ma ha mantenuto il suo tocco creativo. Oggi fonde il fascino di una citt\u00e0 costiera con un passato radicato sia nell&#039;industria che nell&#039;idealismo.<\/p>\n<p>Il carattere locale di Byron Bay \u00e8 notoriamente rilassato ed eclettico. La sua popolazione \u00e8 composta da un mix di residenti di lunga data, artisti e persone provenienti da citt\u00e0 diverse. L&#039;inglese australiano \u00e8 parlato da tutti, ma lo slang e i termini tipici dei surfisti sono comuni. Sentirete parlare di &#034;sunrise surf&#034; e &#034;loch&#034; (loch \u00e8 il termine gergale locale per &#034;negozio di liquori&#034;), o usare il saluto rilassato &#034;How ya going, mate?&#034;. La citt\u00e0 ha una forte scena creativa e legata al benessere: studi di yoga, centri di guarigione sonora e gallerie d&#039;arte si susseguono lungo le strade. Musica di strada e spettacoli dal vivo si tengono ogni sera in molti caff\u00e8 e bar. L&#039;abbigliamento \u00e8 casual: infradito e pantaloncini da surf sono accettabili al ristorante quanto un abito estivo. Byron ha anche un lato raffinato \u2013 negozi di stilisti e ristoranti biologici \u2013 che riflette la sua popolarit\u00e0 tra i turisti, ma non \u00e8 mai ostentato.<\/p>\n<p>Festival e mercati sottolineano l&#039;ethos della citt\u00e0. Il Bluesfest, che si tiene ogni Pasqua nella vicina Tyagarah, attira decine di migliaia di amanti della musica da tutto il mondo. Il festival Splendour in the Grass (a met\u00e0 inverno) porta gli appassionati di musica e arte alternativa nell&#039;entroterra appena fuori Byron. I mercati settimanali della comunit\u00e0 vendono artigianato, cristalli e cibo locale. La cultura del surf domina: surfisti di tutte le et\u00e0 si radunano sulle spiagge di The Pass e Wategos all&#039;alba e al tramonto. La vita animale \u00e8 abbracciata: \u00e8 comune vedere canguri o pappagalli lorichetti in citt\u00e0. In sintesi, Byron Bay sembra quasi un villaggio costiero intriso di influenze internazionali, un luogo in cui si mescolano la cultura aborigena australiana, le correnti boh\u00e9mien globali e la cultura balneare. I visitatori notano la cordialit\u00e0: negozianti e baristi spesso accolgono calorosamente gli sconosciuti e la condivisione (di una tavola da surf o di un piatto di cibo) \u00e8 naturale. Nonostante la presenza dei turisti, la gente del posto conserva per lo pi\u00f9 una mentalit\u00e0 cittadina: quando l&#039;ultimo autobus per tornare a casa parte la sera, la gente preferisce farsi dare un passaggio da uno sconosciuto piuttosto che cercare un taxi.<\/p>\n<p>Il fascino di Byron Bay risiede nella sua bellezza naturale e nell&#039;atmosfera rilassata. Il faro di Capo Byron \u00e8 di per s\u00e9 un&#039;attrazione: una passeggiata di 4 km nel bosco dalla citt\u00e0 fino al faro offre viste panoramiche sulle spiagge e sull&#039;oceano. Dalla piattaforma del faro si pu\u00f2 ammirare l&#039;alba sul Pacifico, famosa per essere la prima alba sull&#039;Australia continentale, a est. Le spiagge della citt\u00e0 sono le principali attrazioni: Main Beach (con la sua sabbia bianca e il parco costiero), Wategos (una piccola baia sabbiosa ideale per nuotare) e Tallows (un punto di surf e una riserva ornitologica). Molti visitatori prenotano una crociera per l&#039;osservazione delle balene o noleggiano kayak per fare snorkeling a Julian Rocks (barriere coralline costiere).<\/p>\n<p>Oltre alle spiagge, l&#039;entroterra di Byron Bay \u00e8 ricco di paesaggi: le Minyon Falls nel Parco Nazionale di Nightcap offrono la possibilit\u00e0 di nuotare nella giungla, e le vicine foreste pluviali sono punteggiate da cascate e punti panoramici. Studi e giardini d&#039;artista (come il Crystal Castle) contribuiscono al fascino della zona. Le sistemazioni locali spaziano da rustiche capanne sulla spiaggia a resort di lusso, ma anche questi ultimi preservano il paesaggio naturale e il design ecosostenibile. L&#039;alba giornaliera in spiaggia \u00e8 un&#039;attrazione imperdibile per molti, spesso frequentata da appassionati di yoga e meditazione. Per quanto riguarda la vita sociale, il Boulevard Market (che si tiene la prima domenica di ogni mese) espone artigianato e cibo locale. In generale, le attivit\u00e0 imperdibili di Byron ruotano attorno alla natura e al relax: osservare la migrazione delle balene (da maggio a ottobre), prendere una lezione di surf a The Pass e passeggiare per le vivaci vie del centro al crepuscolo.<\/p>\n<p>Byron Bay \u00e8 raggiungibile via terra o via aerea. L&#039;aeroporto principale pi\u00f9 vicino \u00e8 il Gold Coast Airport (OOL), a circa 45 minuti di auto a nord (appena oltre il confine con il Queensland). Byron ha anche un piccolo aeroporto (Ballina Byron Gateway Airport, BNK) a circa 20 km a sud, con voli da Sydney, Melbourne e Melbourne. Via terra, la Pacific Highway collega Byron a Brisbane (165 km a nord) e Sydney (circa 800 km a sud). Autobus a lunga percorrenza effettuano corse giornaliere in entrambe le direzioni, oppure \u00e8 possibile noleggiare un&#039;auto.<\/p>\n<p>La citt\u00e0 in s\u00e9 \u00e8 molto compatta. La maggior parte delle attrazioni (spiagge, negozi) sono raggiungibili a piedi o in bicicletta dal centro di Byron. C&#039;\u00e8 un minibus locale (&#039;BYRON\u2022AT\u2022BUS&#039;) che attraversa la citt\u00e0 e raggiunge la spiaggia di Belongil. Taxi e servizi di ride-sharing sono disponibili, ma limitati. Per esplorare la zona circostante (come l&#039;entroterra o le spiagge circostanti), un&#039;auto \u00e8 utile. Si guida a sinistra e le distanze sulle strade di campagna dovrebbero essere permesse con un margine di sicurezza (animali selvatici come i canguri possono comparire sulle strade).<\/p>\n<p>La valuta legale australiana \u00e8 il dollaro australiano. Le carte di credito sono ampiamente accettate, ma \u00e8 consigliabile portare con s\u00e9 un po&#039; di contanti nelle zone remote. Il tasso di cambio della valuta locale a Byron pu\u00f2 essere leggermente maggiorato. Come sempre in Australia, portate con voi un cappello e la crema solare: l&#039;indice UV \u00e8 elevato sotto il sole estivo di Byron. Se fate il bagno, prestate attenzione alle bandiere dei bagnini sulle spiagge sorvegliate (alcune spiagge presentano correnti pericolose se ci si allontana dalla spiaggia principale). In estate possono comparire meduse (&#034;stinger&#034;); verificate gli avvisi di pericolo. L&#039;inglese \u00e8 parlato ovunque; potreste sentire espressioni locali come &#034;reckon&#034; (che significa &#034;supporre&#034;) o espressioni slang australiane, ma l&#039;inglese australiano standard \u00e8 compreso.<\/p>\n<p>Gli abitanti di Byron sono molto rilassati ma educati. Il galateo del surf (non saltare sull&#039;onda di qualcuno) \u00e8 una cosa seria. L&#039;abbigliamento \u00e8 casual: sulla strada principale si pu\u00f2 indossare un costume da bagno. Portare borse o bottiglie riutilizzabili \u00e8 apprezzato, poich\u00e9 Byron ha una forte cultura del riciclo. Non \u00e8 prevista la mancia nei ristoranti (il personale di servizio riceve un salario equo): arrotondare il conto o lasciare monetine \u00e8 una modesta cortesia, se lo si desidera. I parcheggi in citt\u00e0 possono essere scarsi durante i periodi di punta, quindi \u00e8 consigliabile andare a piedi o in bicicletta. Infine, ricordate che Byron Bay sorge su una terra sacra aborigena: cercate i siti culturali (come il simbolo aborigeno di Arakwal in citt\u00e0) e trattateli con rispetto. Con i suoi ritmi tranquilli e la cordialit\u00e0 della gente del posto, visitare Byron Bay \u00e8 generalmente un&#039;esperienza rilassata; un sorriso caloroso e buone maniere sono tutto ci\u00f2 che serve per integrarsi.<\/p>","protected":false},"excerpt":{"rendered":"<p>Situata nell&#039;estremo angolo nord-orientale del Nuovo Galles del Sud, in Australia, Byron Bay, nota in lingua Minjungbal come Cavvanbah, \u00e8 un&#039;incantevole cittadina costiera. Nascosta nella regione di Bundjalung, questa piccola citt\u00e0 \u00e8 un rifugio per chi cerca uno stile di vita rilassato, diversit\u00e0 culturale e bellezze naturali. Byron Bay, che si trova a 772 chilometri a nord di Sydney e 165 chilometri a sud di Brisbane, offre alcuni degli scenari costieri pi\u00f9 spettacolari dell&#039;Australia. La sua vicinanza a Capo Byron, il punto pi\u00f9 orientale dell&#039;Australia continentale, ne accentua il fascino, offrendo panorami mozzafiato e una particolare rilevanza geografica.<\/p>","protected":false},"author":1,"featured_media":2790,"parent":9806,"menu_order":0,"comment_status":"closed","ping_status":"closed","template":"elementor_theme","meta":{"_eb_attr":"","footnotes":""},"class_list":["post-10166","page","type-page","status-publish","has-post-thumbnail"],"_links":{"self":[{"href":"https:\/\/travelshelper.com\/it\/wp-json\/wp\/v2\/pages\/10166","targetHints":{"allow":["GET"]}}],"collection":[{"href":"https:\/\/travelshelper.com\/it\/wp-json\/wp\/v2\/pages"}],"about":[{"href":"https:\/\/travelshelper.com\/it\/wp-json\/wp\/v2\/types\/page"}],"author":[{"embeddable":true,"href":"https:\/\/travelshelper.com\/it\/wp-json\/wp\/v2\/users\/1"}],"replies":[{"embeddable":true,"href":"https:\/\/travelshelper.com\/it\/wp-json\/wp\/v2\/comments?post=10166"}],"version-history":[{"count":0,"href":"https:\/\/travelshelper.com\/it\/wp-json\/wp\/v2\/pages\/10166\/revisions"}],"up":[{"embeddable":true,"href":"https:\/\/travelshelper.com\/it\/wp-json\/wp\/v2\/pages\/9806"}],"wp:featuredmedia":[{"embeddable":true,"href":"https:\/\/travelshelper.com\/it\/wp-json\/wp\/v2\/media\/2790"}],"wp:attachment":[{"href":"https:\/\/travelshelper.com\/it\/wp-json\/wp\/v2\/media?parent=10166"}],"curies":[{"name":"wp","href":"https:\/\/api.w.org\/{rel}","templated":true}]}}