{"id":10153,"date":"2024-09-09T20:29:48","date_gmt":"2024-09-09T20:29:48","guid":{"rendered":"https:\/\/travelshelper.com\/staging\/?page_id=10153"},"modified":"2026-03-13T21:26:12","modified_gmt":"2026-03-13T21:26:12","slug":"canberra","status":"publish","type":"page","link":"https:\/\/travelshelper.com\/it\/destinations\/australia-and-oceania\/australia\/canberra\/","title":{"rendered":"Canberra"},"content":{"rendered":"<p>Canberra, la capitale australiana appositamente costruita, presenta un volto diverso del paese. Situata nell&#039;entroterra del Territorio della Capitale Australiana, questa citt\u00e0 di circa 474.000 abitanti (giugno 2024) fonde un design urbano pianificato con un ambiente boschivo. Canberra fu creata da un concorso di progettazione internazionale all&#039;inizio del XX secolo (con la posa della prima pietra nel 1913) come compromesso tra Sydney e Melbourne. Oggi \u00e8 il centro politico dell&#039;Australia e ospita il Parlamento, i ministeri e le ambasciate. Ogni giorno, le lunghe file di edifici governativi bianchi e gli ampi viali alberati rivelano il carattere di Canberra come sede di democrazia e competenza. La citt\u00e0 \u00e8 piuttosto verde e aperta \u2013 con numerosi parchi ed edifici relativamente bassi \u2013 e sorge su un altopiano a un&#039;altitudine di circa 578 m. Le estati sono calde (spesso secche e con fronti temporaleschi), mentre gli inverni sono freddi per gli standard australiani (le gelate sono comuni e la lontana catena montuosa Brindabella \u00e8 spesso innevata). Canberra si trova a circa 280 km a sud-ovest di Sydney e a 660 km a sud di Brisbane, incastonata tra foreste di eucalipti e dolci colline. La sua fondazione ufficiale risale al 1913 (quando fu scelto il nome &#034;Canberra&#034;); i principali anniversari furono il 1927 (sede del Parlamento) e il 1988 (inaugurazione del nuovo Palazzo del Parlamento). La citt\u00e0 ospita oggi circa 170 ambasciate ed \u00e8 nota per le sue istituzioni culturali e i festival nazionali.<\/p>\n<p>La popolazione di Canberra (473.855 abitanti a met\u00e0 del 2024) la rende pi\u00f9 piccola delle grandi citt\u00e0 costiere australiane, ma \u00e8 la citt\u00e0 pi\u00f9 grande dell&#039;entroterra del paese. La regione di Canberra (compresi i comuni circostanti) si estende per circa 814 km\u00b2. L&#039;economia \u00e8 dominata dal settore pubblico: circa il 29% degli occupati lavora presso agenzie del governo federale. Altri settori significativi includono l&#039;istruzione (l&#039;Australian National University e altri college), la sanit\u00e0 e i servizi professionali. La disoccupazione nella regione di Canberra \u00e8 in genere inferiore alla media nazionale, a riflesso della domanda di manodopera qualificata. I livelli di reddito sono relativamente elevati (molti residenti sono dipendenti pubblici o professionisti con un alto livello di istruzione) e i prezzi degli immobili, soprattutto nelle periferie alberate, sono superiori alla media nazionale. La vita quotidiana a Canberra ruota attorno al lago, ai parchi e alla vita culturale: le persone spesso vanno in bicicletta, in barca a vela o fanno jogging intorno al lago Burley Griffin. La conformazione urbana (con rotatorie e viali geometrici) incoraggia un ritmo riflessivo e organizzato: un tempo Canberra veniva scherzosamente chiamata &#034;luogo d&#039;incontro&#034; in lingua aborigena o &#034;capitale del bush&#034;. Quasi met\u00e0 della popolazione \u00e8 nata all&#039;estero e l&#039;inglese \u00e8 la lingua parlata universalmente. Il fuso orario \u00e8 l&#039;Australian Eastern Standard Time e, come nel resto dell&#039;Australia, la circolazione stradale si svolge a sinistra.<\/p>\n<p>Canberra si trova nel quadrante sud-orientale del continente australiano, a circa due ore di auto da Sydney, nell&#039;entroterra. \u00c8 circondata dalla Catena Brindabella (a ovest) e dalla vicina Grande Catena Divisoria, che regalano alla citt\u00e0 viste panoramiche \u2013 in inverno \u00e8 spesso possibile ammirare le loro cime innevate dal lungolago. La citt\u00e0 \u00e8 arroccata a circa 580 metri sul livello del mare. Il clima \u00e8 continentale: le estati possono superare i 30 \u00b0C in molti giorni, mentre le notti invernali spesso scendono sotto lo zero (non sono rare gelate e persino nevicate leggere al suolo). Canberra riceve circa 636 mm di pioggia all&#039;anno, distribuiti uniformemente, ma \u00e8 anche soggetta a frequenti &#034;venti di foehn&#034; (venti caldi e secchi) che possono innalzare rapidamente le temperature invernali. A differenza dell&#039;umidit\u00e0 di Brisbane, gli inverni secchi e le estati miti di Canberra le conferiscono quattro stagioni distinte: il foliage autunnale nei suoi colori rosso e oro \u00e8 uno spettacolo molto popolare. La citt\u00e0 si sviluppa attorno al Lago Burley Griffin, un lago artificiale, che la divide in quartieri principali. Sulle rive del lago e sulle colline adiacenti (Black Mountain, Mount Ainslie) si trovano sentieri escursionistici e panorami mozzafiato. Pur trovandosi nell&#039;entroterra, Canberra vanta rigogliose piantagioni di pini, praterie e zone di macchia mediterranea all&#039;interno della citt\u00e0, a testimonianza del paesaggio preurbano della regione. Il suo clima e il suo ambiente favoriscono eventi stagionali all&#039;aperto (come la fioritura dei ciliegi in primavera alla Floriade, il principale festival floreale del Paese).<\/p>\n<p>La storia di Canberra come citt\u00e0 \u00e8 piuttosto moderna. Nel 1908 il Parlamento australiano decise che una nuova capitale nazionale dovesse essere costruita in una posizione di compromesso tra Sydney e Melbourne. Il sito fu scelto nel 1909 e il progetto dell&#039;architetto americano Walter Burley Griffin fu selezionato nel 1913. La costruzione fu lenta; il nome &#034;Canberra&#034; fu ufficialmente pubblicato sulla Gazzetta Ufficiale nel 1913, ma il primo Palazzo del Parlamento non fu inaugurato fino al 1927. La citt\u00e0 fu progettata con viali geometrici e ampi parchi, e conserva ancora oggi quell&#039;eleganza ordinata. Tra le tappe fondamentali figurano la fondazione dell&#039;Australian National University nel 1946 (che rese Canberra un centro di ricerca) e l&#039;apertura del nuovo Palazzo del Parlamento permanente nel 1988 (in sostituzione dell&#039;edificio provvisorio). Entro la met\u00e0 del secolo, Canberra era diventata pi\u00f9 di una semplice sede di uffici governativi: crebbero sobborghi, industria e cultura. Nel 1926-31 fu brevemente la capitale dell&#039;ormai defunto Territorio dell&#039;Australia Centrale, prima di tornare a far parte del Territorio del Nord unificato nel 1933. Canberra fu anche la capitale temporanea dell&#039;Australia in tempo di guerra durante la Seconda Guerra Mondiale, quando il governo evacu\u00f2 da Darwin. Sebbene Canberra abbia pochi edifici molto antichi (a causa della sua breve storia), gli archivi, i monumenti e le esposizioni museali della citt\u00e0 ricordano con cura queste storie fondative. La doppia origine della citt\u00e0 \u2013 citt\u00e0 progettata e centro democratico \u2013 fa s\u00ec che ogni annuncio di bilancio nazionale o elezione avvenga qui, conferendo a Canberra un posto unico nella storia australiana.<\/p>\n<p>Il carattere locale di Canberra fonde la formalit\u00e0 burocratica con una sorprendente vena creativa. La citt\u00e0 ospita numerosi uffici governativi (infatti, i dipendenti pubblici federali sono talvolta chiamati &#034;canberrani&#034;), il che le conferisce un&#039;atmosfera sobria e ordinata. Tuttavia, la presenza di gallerie d&#039;arte nazionali, universit\u00e0 e think tank infonde nella vita culturale intelletto e innovazione. I residenti tendono ad essere professionisti ben istruiti; le conversazioni nei caff\u00e8 locali ruotano spesso intorno a politica, scienza o arte. Ciononostante, il ritmo sociale della citt\u00e0 \u00e8 rilassato: le persone fanno la fila educatamente ai bar di George Street, ed \u00e8 comune che i colleghi degli enti governativi si rivolgano per nome. Gli australiani spesso osservano che Canberra ha un&#039;atmosfera &#034;riflessiva&#034; ma non affollata: ci sono ampi spazi tra gli edifici e persino il centro citt\u00e0 sembra spazioso. Il suo stile di vita ha note di vita all&#039;aria aperta: il ciclismo \u00e8 molto diffuso (con piste ciclabili dedicate), il canottaggio sul lago \u00e8 comune e sobborghi come Braddon offrono ristoranti alla moda. Canberra ha anche una forte cultura di festival ed eventi. Tra i principali eventi annuali figurano Floriade (festival floreale primaverile che richiama centinaia di migliaia di persone) ed Enlighten (festival invernale di luci e musica che mette in mostra il parlamento illuminato e altri edifici). Gli eventi sportivi (il Test Cricket al Manuka Oval o il Summernats Car Festival) uniscono la comunit\u00e0.<\/p>\n<p>\u00c8 importante sottolineare che Canberra ospita praticamente tutte le pi\u00f9 importanti istituzioni culturali australiane: il Museo Nazionale, la Biblioteca Nazionale, la Galleria Nazionale e il centro scientifico Questacon, solo per citarne alcune. Ci\u00f2 significa che i residenti hanno facile accesso a mostre di livello mondiale, archivi nazionali e forum. La presenza di diplomatici e studenti internazionali aggiunge inoltre un tocco cosmopolita: spesso si sentono parlare molte lingue per le strade di Civic. Nonostante le sue origini burocratiche, il cuore della citt\u00e0 \u00e8 fantasioso e civico: gli abitanti si vantano spesso di rendere Canberra &#034;degna&#034; di essere la capitale. Questo genera sottili idiosincrasie: ad esempio, gli orari dei parchi e le aree fumatori sono rigidamente definiti, eppure si vedono anche musicisti di strada che suonano in un parco o conferenze pubbliche improvvisate nelle piazze. Nella vita quotidiana, i canberriani apprezzano la vita all&#039;aria aperta (i numerosi parchi cittadini e il lago panoramico sono luoghi molto gettonati per i picnic) e sono generalmente attenti alla salute. In un giorno qualsiasi, si possono vedere persone che portano a spasso i cani sul sentiero che porta in cima alla Telstra Tower o che acquistano prodotti freschi in un mercato agricolo. Politicamente, la popolazione \u00e8 leggermente orientata a sinistra, a dimostrazione della presenza di numerosi funzionari pubblici. Eppure, come in tutta l&#039;Australia, prevale la cordialit\u00e0 informale: i negozianti vi saluteranno con un &#034;G&#039;day&#034; e gli autisti vi faranno passare se fate segno di fermarvi. Canberra, quindi, \u00e8 sia un luogo di governo che una citt\u00e0 vivace e piccola: un&#039;interessante dualit\u00e0 tra solennit\u00e0 istituzionale e calore quotidiano.<\/p>\n<p>Dominando il Triangolo Parlamentare, il Palazzo del Parlamento (con il suo pennone dorato) \u00e8 la sede simbolica e letterale del governo australiano. I tour dell&#039;edificio sono un&#039;attivit\u00e0 imperdibile: i visitatori possono passeggiare nelle aule del Senato e della Camera, ammirare opere d&#039;arte e assistere al Question Time in sessione. Oltre alla politica, le attrazioni di Canberra sono incentrate sul patrimonio nazionale. Appena sotto il Parlamento si trova l&#039;Australian War Memorial, un museo e un santuario in onore dei militari australiani; offre mostre toccanti e una toccante cerimonia di omaggio quotidiana. Nelle vicinanze si trovano la National Gallery (che ospita arte aborigena e collezioni internazionali), la National Library (che ospita documenti storici come i diari coloniali) e il National Museum of Australia (dedicato alla storia sociale e culturale), tutte tra le istituzioni imperdibili della citt\u00e0. La City Hill di Civic e l&#039;Anzac Parade sono fiancheggiate da monumenti dedicati a personaggi ed eventi storici, a testimonianza del ruolo della capitale nella formazione dell&#039;identit\u00e0 nazionale.<\/p>\n<p>Fuori dal centro, la bellezza naturale della citt\u00e0 \u00e8 di per s\u00e9 un&#039;attrazione. Il lago Burley Griffin, creato dalla diga sul fiume Molonglo, offre passeggiate panoramiche lungo la riva, gite in barca a vela e viste sulle montagne nelle giornate limpide. A est si trova il monte Ainslie e a ovest la Black Mountain (dove si trova la Telstra Tower): entrambe sono facilmente scalabili e regalano agli escursionisti ampie vedute sulla citt\u00e0. Canberra vanta numerosi parchi e riserve: gli Australian National Botanic Gardens espongono piante autoctone, mentre il Namadgi National Park (appena a sud-ovest) preserva la savana e i siti del patrimonio aborigeno. Gli eventi stagionali attirano turisti: in primavera la capitale \u00e8 ricoperta di fiori (Floriade), e in inverno i fuochi d&#039;artificio di Capodanno Skyfire illuminano il lago e gli edifici sul lungolago (parte di Enlighten Canberra). Infine, ogni 25 aprile, le commemorazioni dell&#039;Anzac Day richiamano folle enormi, culminando con le funzioni all&#039;alba presso i memoriali dei caduti, una tradizione radicata nella capitale. In sintesi, le attrazioni di Canberra sono un mix di elementi educativi e paesaggistici: esplorando i suoi monumenti si impara a conoscere la storia dell&#039;Australia, mentre il suo ambiente \u2013 parchi, boschi di eucalipti e panorami pianificati \u2013 offre un delicato e riflessivo contrasto con la vita cittadina.<\/p>\n<p>Canberra ha un proprio aeroporto (Canberra Airport, CBR) a soli 8 km dal centro citt\u00e0, con voli diretti per tutte le principali citt\u00e0 australiane. Il tragitto da Sydney dura circa 3-3,5 ore tramite la Hume Highway, mentre Canberra dista circa 660 km da Brisbane tramite l&#039;autostrada interna (un viaggio di circa 7 ore). \u00c8 inoltre disponibile un servizio giornaliero di treni (NSW TrainLink) e pullman che collegano Canberra con Sydney e Melbourne.<\/p>\n<p>La struttura della citt\u00e0 la rende piuttosto adatta alle auto. Le strade sono ampie (spesso con rotatorie e spartitraffico) e i parcheggi sono abbondanti e solitamente gratuiti. Un sistema di autobus pubblici ben collegato (autobus ACTION) serve tutti i sobborghi, e una linea di tram leggero (inaugurata nel 2019) collega il centro citt\u00e0 a Gungahlin. Andare in bicicletta \u00e8 popolare: piste ciclabili attraversano la citt\u00e0 e sentieri costeggiano il lago. Se guidate, ricordatevi di tenere la sinistra e di fare attenzione alle rotatorie. La planimetria della citt\u00e0, con assi e cerchi, pu\u00f2 sembrare a griglia al centro, ma suburbana nelle zone periferiche, quindi le app di navigazione o una mappa sono utili per chi visita la citt\u00e0 per la prima volta.<\/p>\n<p>La valuta di Canberra \u00e8 il dollaro australiano. Le mance non sono previste (il personale di servizio riceve una retribuzione standard) \u2013 qualsiasi mancia \u00e8 del tutto volontaria. L&#039;inglese \u00e8 parlato ovunque; poliziotti, baristi e gente del posto in genere rispondono amichevolmente alle domande. Canberra ha la reputazione di essere una citt\u00e0 pulita e ordinata: i bidoni per la raccolta differenziata sono comuni e verrete ricordati (dalla segnaletica o dalla gente del posto) di riciclare e risparmiare acqua. In estate il sole pu\u00f2 essere forte, quindi \u00e8 consigliabile usare la crema solare anche durante i luminosi inverni di Canberra. Il numero di emergenza di Canberra \u00e8 sempre lo 000.<\/p>\n<p>Gli abitanti di Canberra tendono ad essere schietti e imparziali. La cortesia comune \u2013 aspettare in coda, stringere la mano, tenere la porta aperta \u2013 \u00e8 fondamentale. Data la concentrazione di personale dell&#039;ambasciata e politici, l&#039;abbigliamento per eventi o ristoranti di lusso pu\u00f2 essere pi\u00f9 formale rispetto ad altre citt\u00e0 australiane (abiti eleganti o casual ordinato). D&#039;altra parte, all&#039;ora di pranzo o nei fine settimana si vedono anche abiti eleganti abbinati ad abbigliamento da ciclista o scarponi da trekking; la rilassata cultura all&#039;aria aperta della citt\u00e0 fa s\u00ec che si vedano entrambi. Anche qui valgono le regole australiane (cinture di sicurezza, divieto di fumare negli spazi pubblici chiusi, divieto di consumare alcolici nei parchi, fatta eccezione per le aree designate). Infine, ricordate che molte attrazioni sono istituzioni pubbliche: osservano le festivit\u00e0 pubbliche australiane. Il giorno dell&#039;ANZAC (25 aprile), ad esempio, l&#039;intera citt\u00e0 celebra una solenne funzione all&#039;alba e gli uffici pubblici sono chiusi. Ma nella maggior parte degli altri giorni, la routine di Canberra \u00e8 la solita routine e i visitatori troveranno facile godersi musei, caff\u00e8 e attivit\u00e0 all&#039;aperto.<\/p>","protected":false},"excerpt":{"rendered":"<p>Capitale dell&#039;Australia, Canberra coniuga sapientemente modernit\u00e0, storia e cultura. Nata dalla federazione delle colonie australiane, divenne la sede del governo del paese appena costituito. Oggi, non \u00e8 solo la pi\u00f9 grande citt\u00e0 dell&#039;entroterra australiano, ma anche l&#039;ottava in assoluto. Sorgendo sul punto pi\u00f9 settentrionale delle Alpi Australiane, la catena montuosa pi\u00f9 alta della nazione, Canberra sar\u00e0 orgogliosamente visibile nel giugno 2023 con una popolazione stimata di 466.566 abitanti.<\/p>","protected":false},"author":1,"featured_media":4498,"parent":9806,"menu_order":0,"comment_status":"closed","ping_status":"closed","template":"elementor_theme","meta":{"_eb_attr":"","footnotes":""},"class_list":["post-10153","page","type-page","status-publish","has-post-thumbnail"],"_links":{"self":[{"href":"https:\/\/travelshelper.com\/it\/wp-json\/wp\/v2\/pages\/10153","targetHints":{"allow":["GET"]}}],"collection":[{"href":"https:\/\/travelshelper.com\/it\/wp-json\/wp\/v2\/pages"}],"about":[{"href":"https:\/\/travelshelper.com\/it\/wp-json\/wp\/v2\/types\/page"}],"author":[{"embeddable":true,"href":"https:\/\/travelshelper.com\/it\/wp-json\/wp\/v2\/users\/1"}],"replies":[{"embeddable":true,"href":"https:\/\/travelshelper.com\/it\/wp-json\/wp\/v2\/comments?post=10153"}],"version-history":[{"count":0,"href":"https:\/\/travelshelper.com\/it\/wp-json\/wp\/v2\/pages\/10153\/revisions"}],"up":[{"embeddable":true,"href":"https:\/\/travelshelper.com\/it\/wp-json\/wp\/v2\/pages\/9806"}],"wp:featuredmedia":[{"embeddable":true,"href":"https:\/\/travelshelper.com\/it\/wp-json\/wp\/v2\/media\/4498"}],"wp:attachment":[{"href":"https:\/\/travelshelper.com\/it\/wp-json\/wp\/v2\/media?parent=10153"}],"curies":[{"name":"wp","href":"https:\/\/api.w.org\/{rel}","templated":true}]}}