{"id":9837,"date":"2024-09-09T10:31:20","date_gmt":"2024-09-09T10:31:20","guid":{"rendered":"https:\/\/travelshelper.com\/staging\/?page_id=9837"},"modified":"2026-03-13T21:37:04","modified_gmt":"2026-03-13T21:37:04","slug":"sydney","status":"publish","type":"page","link":"https:\/\/travelshelper.com\/hu\/destinations\/australia-and-oceania\/australia\/sydney\/","title":{"rendered":"Sydney"},"content":{"rendered":"<p>Sydney Ausztr\u00e1lia keleti partvid\u00e9k\u00e9n h\u00faz\u00f3dik, az orsz\u00e1g legn\u00e9pesebb \u00e9s vitathatatlanul legh\u00edresebb v\u00e1rosa. 2024 j\u00fanius\u00e1ban agglomer\u00e1ci\u00f3j\u00e1nak lakoss\u00e1ga k\u00f6r\u00fclbel\u00fcl 5,56 milli\u00f3 f\u0151 volt. A Harbour City n\u00e9ven ismert Sydney hatalmas term\u00e9szetes kik\u00f6t\u0151je (Port Jackson) \u00e9s csendes-\u00f3ce\u00e1ni tengerpartjai k\u00f6r\u00fcl ter\u00fcl el. Az \u00e9ghajlat m\u00e9rs\u00e9kelt \u00e9s tengeri: a nyarak (december-febru\u00e1r) melegek vagy forr\u00f3k, az \u00e1tlagos maximumh\u0151m\u00e9rs\u00e9klet 23 \u00b0C k\u00f6r\u00fcl alakul, m\u00edg a telek (j\u00fanius-augusztus) enyh\u00e9k, az \u00e1tlagos maximumh\u0151m\u00e9rs\u00e9klet 18 \u00b0C. A v\u00e1rost ikonikus nevezetess\u00e9gek \u2013 az Operah\u00e1z feh\u00e9r vitorl\u00e1i \u00e9s a Harbour Bridge \u00edve \u2013 tark\u00edtj\u00e1k, amelyeket a koromk\u00e9k v\u00edz \u00e9s a dombos z\u00f6ld n\u00f6v\u00e9nyzet d\u00edsz\u00edt. Val\u00f3ban, Sydney gyakran a vil\u00e1g leg\u00e9lhet\u0151bb v\u00e1rosai k\u00f6z\u00e9 tartozik, egyens\u00falyozva a v\u00e1rosi energi\u00e1t a perem\u00e9n tal\u00e1lhat\u00f3 strandokkal \u00e9s nemzeti parkokkal.<\/p>\n<p>Sydney Ausztr\u00e1lia legnagyobb v\u00e1rosa (Nagy-Sydney lakoss\u00e1ga 5,557 milli\u00f3 f\u0151 2024 k\u00f6zep\u00e9n). A nemzetgazdas\u00e1g jelent\u0151s r\u00e9sz\u00e9t teszi ki. 2020-ban Sydney \u00e1llama \u2013 \u00daj-D\u00e9l-Wales \u2013 j\u00e1rult hozz\u00e1 a legnagyobb m\u00e9rt\u00e9kben Ausztr\u00e1lia GDP-j\u00e9hez. A v\u00e1ros gazdas\u00e1ga fejlett \u00e9s diverzifik\u00e1lt: a glob\u00e1lis p\u00e9nz\u00fcgyek, a fels\u0151oktat\u00e1s, a turizmus, a film \u00e9s a technol\u00f3gia a f\u0151bb \u00e1gazatok. Sydney \u201eAlfa+\u201d vil\u00e1gv\u00e1rosk\u00e9nt van besorolva, ami t\u00fckr\u00f6zi glob\u00e1lis p\u00e9nz\u00fcgyi k\u00f6zpontjait \u00e9s nemzetk\u00f6zi konferenci\u00e1k \u00e9s rendezv\u00e9nyek helysz\u00edn\u00e9t. A technol\u00f3giai szektor n\u00f6vekszik (nevezetesen a startupok a Silicon Harbourban \u00e9s a Barangaroo-ban), m\u00edg a r\u00e9g\u00f3ta fenn\u00e1ll\u00f3 ipar\u00e1gak k\u00f6z\u00e9 tartozik a filmgy\u00e1rt\u00e1s (Sydneyben tal\u00e1lhat\u00f3 Ausztr\u00e1lia \u201eHollywoodja\u201d), valamint a kik\u00f6t\u0151i\/logisztikai szolg\u00e1ltat\u00e1sok Botany Bay-ben \u00e9s Port Botanyban.<\/p>\n<p>Demogr\u00e1fiailag Sydney rendk\u00edv\u00fcl multikultur\u00e1lis. A lakosok t\u00f6bb mint 40%-a k\u00fclf\u00f6ld\u00f6n sz\u00fcletett, a legnagyobb migr\u00e1ns csoportok K\u00edn\u00e1b\u00f3l, Indi\u00e1b\u00f3l, Nagy-Britanni\u00e1b\u00f3l, Vietnamb\u00f3l \u00e9s a F\u00fcl\u00f6p-szigetekr\u0151l \u00e9rkeznek. Ez a kultur\u00e1lis soksz\u00edn\u0171s\u00e9g a v\u00e1ros negyedeiben is megmutatkozik: a Harris Parkban tal\u00e1lhat\u00f3 Little India, a Haymarket k\u00ednai negyede, a Lakemba g\u00f6r\u00f6g k\u00e1v\u00e9z\u00f3i stb. Ez Sydney-t is t\u00f6bbnyelv\u0171 v\u00e1ross\u00e1 teszi (a mandarin, a kantoni, az arab \u00e9s a vietnami nyelv sz\u00e9les k\u00f6rben elterjedt). A hagyom\u00e1nyos \u0151rz\u0151k a gadigal, a dharug \u00e9s az eora n\u00e9pek, \u00e9s a nagyobb nyilv\u00e1nos \u00f6sszej\u00f6veteleken (Megb\u00e9k\u00e9l\u00e9s Napja rendezv\u00e9nyek, NAIDOC-h\u00e9t) gyakoriak a nekik sz\u00f3l\u00f3 elismer\u00e9sek.<\/p>\n<p>Sydney Ausztr\u00e1lia d\u00e9lkeleti partj\u00e1n fekszik \u00daj-D\u00e9l-Walesben. A kik\u00f6t\u0151 (Sydney Harbour) sz\u00e1mos f\u00e9lszigetre osztja a v\u00e1rost: \u00e9szakon fest\u0151i k\u00fclv\u00e1rosok \u00e9s a Ku-ring-gai Chase Nemzeti Park, d\u00e9len pedig a Royal Nemzeti Park \u00e9s a m\u00f6g\u00f6tte l\u00e9v\u0151 Wollongong tal\u00e1lhat\u00f3. A v\u00e1rost\u00f3l nyugatra magasodik a K\u00e9k-hegys\u00e9g (a Nagy V\u00edzv\u00e1laszt\u00f3-hegys\u00e9g r\u00e9sze), egy k\u00e9t\u00f3r\u00e1s aut\u00f3\u00fatra fekv\u0151 k\u00f6d\u00f6s homokk\u0151 fenns\u00edk, amely eukaliptuszerd\u0151ir\u0151l \u00e9s kanyonjair\u00f3l ismert. Keleten hossz\u00fa homokos strandok, mint Bondi, Manly \u00e9s Palm Beach, a Tasman-tengerre n\u00e9znek. Az \u00e9ghajlatot az \u00f3ce\u00e1n m\u00e9rs\u00e9kli, ami eg\u00e9sz \u00e9vben m\u00e9rs\u00e9kelt csapad\u00e9kmennyis\u00e9get (\u00e9vente k\u00f6r\u00fclbel\u00fcl 1150 mm) eredm\u00e9nyez, \u00e9s nem tapasztalhat\u00f3 sz\u00e9ls\u0151s\u00e9ges hideg. A v\u00e1rosban azonban ny\u00e1ron dr\u00e1mai id\u0151j\u00e1r\u00e1s tapasztalhat\u00f3: forr\u00f3 napokon boz\u00f3tt\u00fczek \u00e9s viharok, amelyek heves es\u0151z\u00e9seket z\u00fad\u00edtanak a part menti v\u00edzgy\u0171jt\u0151 ter\u00fcletekre.<\/p>\n<p>Sydney v\u00e1rosi ter\u00fclete mintegy 12 368 km\u00b2. Nagyj\u00e1b\u00f3l 50 km hosszan h\u00faz\u00f3dik \u00e9szak-d\u00e9li \u00e9s nyugati ir\u00e1nyban a kik\u00f6t\u0151t\u0151l a K\u00e9k-hegys\u00e9gig. A CBD (K\u00f6zponti \u00dczleti Negyed) a Sydney-\u00f6b\u00f6lben (az eredeti brit telep\u00fcl\u00e9sen) tal\u00e1lhat\u00f3. A Historic Rocks a legr\u00e9gebbi negyed, m\u00edg a modern felh\u0151karcol\u00f3k a George utc\u00e1t szeg\u00e9lyezik. \u00c9jszaka a v\u00e1ros f\u00e9nyei ragyognak a kanyarg\u00f3s kik\u00f6t\u0151 \u00e9s a p\u00e1lmaf\u00e1kkal szeg\u00e9lyezett sug\u00e1rutak ment\u00e9n.<\/p>\n<p>Az \u0151slakosok t\u00f6bb t\u00edzezer \u00e9ve \u00e9lnek a Sydney-medenc\u00e9ben; az eora sziklav\u00e9s\u00e9sek \u00e9s szem\u00e9tdombok gyakoriak a kik\u00f6t\u0151 k\u00f6rny\u00e9k\u00e9n. Az eur\u00f3paiakkal val\u00f3 els\u0151 kapcsolatfelv\u00e9tel 1770-ben t\u00f6rt\u00e9nt, amikor Cook kapit\u00e1ny felt\u00e9rk\u00e9pezte a Botany-\u00f6bl\u00f6t. Majd 1788-ban Arthur Phillip korm\u00e1nyz\u00f3 meg\u00e9rkezett az Els\u0151 Flott\u00e1val, \u00e9s b\u00fcntet\u0151telepp\u00e9 nyilv\u00e1n\u00edtotta Sydneyt \u2013 Ausztr\u00e1lia els\u0151 brit telep\u00fcl\u00e9s\u00e9t. A korai v\u00e1ros durva \u00e9s improvizat\u00edv volt, fegyencek \u00e9p\u00edtett\u00e9k a k\u00e9s\u0151bbi The Rocks negyed alapjait.<\/p>\n<p>A 19. sz\u00e1zadban Sydney kozmopolita gyarmati v\u00e1ross\u00e1 n\u0151tte ki mag\u00e1t. Szabad v\u00e1ros lett (az 1840-es \u00e9vekben v\u00e9get vetett a fegyencek \u00e9rkez\u00e9s\u00e9nek), \u00e9s az 1850-es \u00e9s 60-as \u00e9vek aranyl\u00e1zai idej\u00e9n bev\u00e1ndorl\u00f3hull\u00e1moknak volt kit\u00e9ve. 1856-ra Sydneyben egyetem \u00e9s sz\u00e1mos kultur\u00e1lis int\u00e9zm\u00e9ny m\u0171k\u00f6d\u00f6tt. A Sydney-i kik\u00f6t\u0151i h\u00edd 1932-ben k\u00e9sz\u00fclt el, ami fellend\u00edtette az el\u0151v\u00e1rosok terjeszked\u00e9s\u00e9t a v\u00edzen t\u00falra. A m\u00e1sodik vil\u00e1gh\u00e1bor\u00fa ut\u00e1n Sydney megtelt eur\u00f3pai migr\u00e1nsokkal (olaszokkal, g\u00f6r\u00f6g\u00f6kkel, britekkel), valamint az 1980-as \u00e9vekt\u0151l kezdve nagysz\u00e1m\u00fa \u00e1zsiai bev\u00e1ndorl\u00e1ssal. Ez a kultur\u00e1lis be\u00e1raml\u00e1s t\u00fckr\u00f6z\u0151dik a v\u00e1ros soksz\u00edn\u0171s\u00e9g\u00e9ben \u00e9s olyan k\u00f6rny\u00e9keken, mint a Spice Alley (Eastwood) vagy a Tempe Chicken boltok.<\/p>\n<p>Az elm\u00falt \u00e9vtizedekben Sydney glob\u00e1lis v\u00e1ross\u00e1 v\u00e1lt. Itt rendezt\u00e9k meg a 2000-es ny\u00e1ri olimpi\u00e1t (amelynek sportol\u00f3inak felvonul\u00e1sa a kik\u00f6t\u0151ben m\u00e1ig ikonikus), nemzetk\u00f6zi cs\u00facstal\u00e1lkoz\u00f3kat rendeztek, \u00e9s tov\u00e1bbra is \u00e9vente 10\u201314 milli\u00f3 turist\u00e1t fogadnak. A t\u00f6rt\u00e9nelmi negyedek m\u00e1ig fennmaradtak: a Paddington viktori\u00e1nus \u00e9s art deco \u00e9p\u00edt\u00e9szete, a Balmain egys\u00e9ges teraszai, a bels\u0151 nyugati v\u00e1rosr\u00e9szek h\u00e1bor\u00fa ut\u00e1ni t\u00f6mbjei. Az olyan \u00f6r\u00f6ks\u00e9gi helysz\u00ednek, mint a Hyde Park laktanya \u00e9s a Queen Victoria \u00e9p\u00fclete, Sydney sokr\u00e9t\u0171 m\u00faltj\u00e1t mutatj\u00e1k be.<\/p>\n<p>Sydney dinamikus \u00e9s kozmopolita. V\u00e1rosi kult\u00far\u00e1ja a gyors temp\u00f3j\u00fa \u00fczleti \u00e9let \u00e9s a tengerparti v\u00e1rosi szabadid\u0151 kever\u00e9ke. H\u00e9tk\u00f6znap reggelente \u00f6lt\u00f6ny\u00f6s bank\u00e1rokat l\u00e1thatunk a Circular Quay fel\u00e9 tart\u00f3 kompokon, este pedig b\u00fav\u00e1rruh\u00e1s sz\u00f6rf\u00f6s\u00f6ket a Bondi hull\u00e1mair\u00f3l visszat\u00e9rve. A v\u00e1ros szem\u00e9lyis\u00e9ge paradoxnak t\u0171nhet: a k\u00fclv\u00e1rosokban f\u00f6ldh\u00f6zragadt ausztr\u00e1l bar\u00e1ts\u00e1goss\u00e1g, de a belv\u00e1rosban \u00e9s a turisztikai ter\u00fcleteken nemzetk\u00f6zi kifinomults\u00e1g uralkodik.<\/p>\n<p>Sydney lakosai nap mint nap tudat\u00e1ban vannak a munka \u00e9s a sz\u00f3rakoz\u00e1s fontoss\u00e1g\u00e1nak. A munkaid\u0151 szok\u00e1sos (9\u20135 \u00f3ra k\u00f6z\u00f6tt irodai k\u00f6rnyezetben a tornyokban), de az est\u00e9k gyakran a szabadban telnek. Gyakori, hogy a munkanapot egy v\u00edzre n\u00e9z\u0151 pubban italokkal z\u00e1rj\u00e1k, vagy egy tet\u0151t\u00e9ri gy\u00fclekeznek, ahonnan az Operah\u00e1zra ny\u00edlik kil\u00e1t\u00e1s. A fesztiv\u00e1lnapt\u00e1r zs\u00fafolt: Sydney Fesztiv\u00e1l (m\u0171v\u00e9szeti fesztiv\u00e1l janu\u00e1rban), Mardi Gras (a vil\u00e1gh\u00edr\u0171 LMBT b\u00fcszkes\u00e9gfelvonul\u00e1s febru\u00e1r v\u00e9g\u00e9n), Vivid Sydney (t\u00e9li f\u00e9nyfesztiv\u00e1l, amely j\u00faniusban \u00e9s j\u00faliusban vil\u00e1g\u00edtja meg az \u00e9p\u00fcleteket \u00e9s a kik\u00f6t\u0151ket), szilveszteri t\u0171zij\u00e1t\u00e9k (vil\u00e1gszerte sug\u00e1rozva) \u2013 ezek az esem\u00e9nyek a v\u00e1rosban a folyamatos \u00fcnnepl\u00e9s \u00e9rzet\u00e9t keltik.<\/p>\n<p>Sydney \u00e9let\u00e9nek er\u0151s sz\u00e1la a gasztron\u00f3miai kult\u00fara. A k\u00e1v\u00e9z\u00f3k tele vannak laptopokon fekve, flat white-okat kortyolgat\u00f3 emberekkel; az \u00e9ttermek k\u00edn\u00e1lata a modern ausztr\u00e1l (gyakran az \u0151slakosok boz\u00f3tos \u00e9teleit \u00fajra\u00e9rtelmez\u0151) exkluz\u00edv \u00e9telekt\u0151l a tengerparti fish and chipsig terjed. Az \u00e1zsiai konyh\u00e1k vir\u00e1goznak: a Chinatown (Haymarket) gomb\u00f3cokat \u00e9s te\u00e1kat k\u00edn\u00e1l, m\u00edg az olyan k\u00fclv\u00e1rosokban, mint Chinatown \u00e9s Marrickville, figyelemre m\u00e9lt\u00f3 thai, vietnami \u00e9s koreai \u00e9telek kaphat\u00f3k. Est\u00e9nk\u00e9nt \u00e9l\u0151zene \u00f6mlik a Newtown \u00e9s az Oxford Street kis klubjaib\u00f3l, m\u00edg az Operah\u00e1z m\u0171sora a vil\u00e1g minden t\u00e1j\u00e1r\u00f3l \u00e9rkez\u0151 el\u0151ad\u00f3kat vonzza.<\/p>\n<p>Sydney lak\u00f3i bar\u00e1ts\u00e1gosan \u00e9s tart\u00f3zkod\u00f3an viselkednek. Az utc\u00e1n az idegenek \u00e1ltal\u00e1ban k\u00f6sz\u00f6nnek vagy biccentenek, de a szem\u00e9lyes teret tiszteletben tartj\u00e1k. Egy reggeli k\u00f6sz\u00f6n\u00e9s a vonaton vagy a buszmeg\u00e1ll\u00f3ban, egy gyors \u201ek\u00f6sz\u00f6n\u00f6m\u201d a barist\u00e1nak \u2013 ezek norm\u00e1lisak. R\u00e9gen a borraval\u00f3t el\u00edt\u00e9lt\u00e9k, de ma m\u00e1r elfogadottabb az \u00e9ttermekben (k\u00f6r\u00fclbel\u00fcl 10% a j\u00f3 kiszolg\u00e1l\u00e1s\u00e9rt). \u00d6sszess\u00e9g\u00e9ben Sydney kult\u00far\u00e1ja r\u00e9tegzett: nem ragaszkodik a klis\u00e9khez. Van benne komors\u00e1g \u2013 graffiti \u00e9s kosz a belv\u00e1rosi sik\u00e1torokban \u2013, de magas sz\u00ednvonal\u00fa is, mint p\u00e9ld\u00e1ul a vil\u00e1gh\u00edr\u0171 \u00e9p\u00edt\u00e9szetben \u00e9s a kik\u00f6t\u0151i kompokban. A v\u00e1ros zen\u00e9j\u00e9ben szir\u00e9n\u00e1k, sir\u00e1lyok, a kocsm\u00e1k t\u00e1voli zen\u00e9je \u00e9s az olimpiai m\u00e9ret\u0171 kompok \u00e1lland\u00f3 szir\u00e9n\u00e1ja keveredik a hull\u00e1mokon. Mindezen kereszt\u00fcl Sydney lak\u00f3inak bar\u00e1ts\u00e1goss\u00e1ga \u00e9s multikultur\u00e1lis ellen\u00e1ll\u00f3 k\u00e9pess\u00e9ge ragyog.<\/p>\n<p>Sydney l\u00e1tk\u00e9p\u00e9t ikonikus helysz\u00ednek uralj\u00e1k. A Sydney-i Operah\u00e1z (az UNESCO Vil\u00e1g\u00f6r\u00f6ks\u00e9g r\u00e9sze) \u00e9s a szomsz\u00e9dos Sydney Harbour Bridge (Sydney-i kik\u00f6t\u0151 h\u00edd) kihagyhatatlan l\u00e1tnival\u00f3k. \u00c1ts\u00e9t\u00e1lhatunk a h\u00edd gyalogos\u00fatj\u00e1n, vagy (a mer\u00e9szebbek) csatlakozhatunk egy BridgeClimb t\u00far\u00e1hoz panor\u00e1m\u00e1s kil\u00e1t\u00e1s\u00e9rt. A k\u00f6zelben tal\u00e1lhat\u00f3 Circular Quay kompkik\u00f6t\u0151je a ny\u00fczsg\u00e9s k\u00f6zpontja: az innen indul\u00f3 kompok a Watsons-\u00f6b\u00f6lbe, a Manly Beachre \u00e9s azon t\u00falra viszik a l\u00e1togat\u00f3kat, a kik\u00f6t\u0151 szikl\u00e1s hegyfokai \u00e9s vitorl\u00e1sai pedig \u00e1lland\u00f3 l\u00e1tv\u00e1nyt ny\u00fajtanak.<\/p>\n<p>A belv\u00e1ros l\u00e1tnival\u00f3i k\u00f6z\u00e9 tartozik a t\u00f6rt\u00e9nelmi The Rocks negyed (macskak\u00f6ves utc\u00e1kkal \u00e9s t\u00f6rt\u00e9nelmi kocsm\u00e1kkal), a modern Barangaroo Rezerv\u00e1tum (r\u00e9gi kik\u00f6t\u0151i ter\u00fcleten \u00e9p\u00fclt v\u00edzparti park) \u00e9s a Kir\u00e1lyi Botanikus Kert (egy buja, hegyfokon elter\u00fcl\u0151 kert az Operah\u00e1z mellett). A kik\u00f6t\u0151 k\u00f6zel\u00e9ben tal\u00e1lhat\u00f3 a Luna Park, egy \u00e9vsz\u00e1zados vid\u00e1mpark mosolyg\u00f3s bej\u00e1rattal \u00e9s kil\u00e1t\u00e1ssal a h\u00edd alatt.<\/p>\n<p>Ausztr\u00e1lia legr\u00e9gebbi term\u00e9szetv\u00e9delmi parkja, a Royal National Park, Sydneyt\u0151l d\u00e9lre fekszik, \u00e9s boz\u00f3tost\u00far\u00e1kat \u00e9s tengerparti t\u00fara\u00fatvonalakat k\u00edn\u00e1l (a Royal NP nyolcas alak\u00fa medenc\u00e9i h\u00edresek). Sydney strandjai maguk is f\u0151 vonzer\u0151vel b\u00edrnak: Bondi, Bronte, Manly \u00e9s Cronulla mind sz\u00f6rf\u00f6z\u00e9sre, \u00fasz\u00e1sra \u00e9s tengerparti s\u00e9t\u00e1kra alkalmasak. (A Bondi-Bronte t\u00fara\u00fatvonal, egy 6 km hossz\u00fa, szikl\u00e1s \u00f6sv\u00e9ny, dr\u00e1mai kil\u00e1t\u00e1st ny\u00fajt az \u00f3ce\u00e1nra.)<\/p>\n<p>Sydney sz\u00e1mos parkkal \u00e9s \u00e1llatkerttel v\u00e1rja a csal\u00e1dokat. A kik\u00f6t\u0151 \u00e9szaki partj\u00e1n fekv\u0151 Taronga \u00c1llatkertben a l\u00e1togat\u00f3k \u0151shonos \u00e1llatokkal (koal\u00e1kkal, kengurukkal) tal\u00e1lkozhatnak a belv\u00e1ros h\u00e1tter\u00e9ben. A Darling Harbour sz\u00f3rakoztat\u00f3 komplexumokat k\u00edn\u00e1l (SEA LIFE akv\u00e1rium, IMAX mozi, Powerhouse M\u0171szaki M\u00fazeum). Ny\u00e1ron a kik\u00f6t\u0151i szigetek is n\u00e9pszer\u0171 \u00fati c\u00e9lokk\u00e1 v\u00e1lnak: a Fort Denison (kajakkal vagy komppal megk\u00f6zel\u00edthet\u0151) egy kis szigeter\u0151d k\u00e1v\u00e9z\u00f3val, a Cockatoo Island (a kik\u00f6t\u0151ben) pedig t\u00f6rt\u00e9nelmi t\u00far\u00e1knak \u00e9s fesztiv\u00e1loknak ad otthont.<\/p>\n<p>Sydney kultur\u00e1lisan is gazdag. M\u00fazeumai \u2013 az \u00daj-D\u00e9l-Walesi M\u0171v\u00e9szeti Gal\u00e9ria, az Ausztr\u00e1l M\u00fazeum, a Kort\u00e1rs M\u0171v\u00e9szeti M\u00fazeum \u2013 nemzeti m\u0171v\u00e9szeti \u00e9s term\u00e9szettudom\u00e1nyi gy\u0171jtem\u00e9nyeknek adnak otthont. A sportrajong\u00f3k r\u00e9szt vehetnek egy r\u00f6gbi liga vagy r\u00f6gbi uni\u00f3 m\u00e9rk\u0151z\u00e9sen a k\u00f6zeli stadionban (ANZ Stadion), vagy krikettet n\u00e9zhetnek a Sydney Cricket Groundon, olyan esem\u00e9nyeken, amelyeket a helyiek szinte \u00fcnnepk\u00e9nt kezelnek.<\/p>\n<p>R\u00f6viden \u00f6sszefoglalva, Sydney legf\u0151bb l\u00e1tnival\u00f3i k\u00f6z\u00e9 tartozik a kik\u00f6t\u0151re ny\u00edl\u00f3 kil\u00e1t\u00e1s \u00e9s \u00e9p\u00edt\u00e9szet, a tengerparti strandok, valamint a term\u00e9szet \u00e9s a v\u00e1rosi \u00e9let kever\u00e9ke. Utaz\u00e1si felm\u00e9r\u00e9sek szerint Sydney a vil\u00e1g tizen\u00f6t legl\u00e1togatottabb v\u00e1rosa k\u00f6z\u00e9 tartozik. A h\u00edres helyeken t\u00fal azonban sok utaz\u00f3 a csendesebb pillanatokat is megbecs\u00fcli: k\u00e1v\u00e9t kortyolgat egy jacaranda fa alatt Glebe-ben, kompokat n\u00e9z egy k\u00f6d\u00f6s t\u00e9li reggelen a kik\u00f6t\u0151ben, vagy hajnalban s\u00f3s permetet \u00e9rez egy \u00e9szaki f\u00e9lszigeten. Ezek Sydney \u00e9let\u00e9nek olyan szeletei, amelyek sok\u00e1ig megmaradnak az Operah\u00e1z f\u00e9nyeinek elhalv\u00e1nyul\u00e1sa ut\u00e1n is.<\/p>\n<p>A v\u00e1rost a Sydney (Kingsford Smith) rep\u00fcl\u0151t\u00e9r szolg\u00e1lja ki, amely a belv\u00e1rost\u00f3l k\u00f6r\u00fclbel\u00fcl 8 km-re d\u00e9lre tal\u00e1lhat\u00f3. Nemzetk\u00f6zi j\u00e1ratok \u00e9rkeznek \u00c1zsi\u00e1b\u00f3l, \u00c9szak-Amerik\u00e1b\u00f3l \u00e9s Eur\u00f3p\u00e1b\u00f3l, valamint belf\u00f6ldi j\u00e1ratok is vannak. Vonattal (Airport Link) \u00e9s k\u00fcl\u00f6nf\u00e9le buszokkal 15-25 perc alatt el\u00e9rhet\u0151 a rep\u00fcl\u0151t\u00e9r \u00e9s a v\u00e1ros.<\/p>\n<p>Sydney t\u00f6megk\u00f6zleked\u00e9se kiterjedt. A CityRail \u00e9s a Metro vonatok \u00e9szakon az \u00e9szaki strandokig, d\u00e9len pedig az Illawarra r\u00e9gi\u00f3ig k\u00f6zlekednek, f\u0151bb \u00e1llom\u00e1sokkal a Central \u00e1llom\u00e1son, a Town Hall \u00e1llom\u00e1son \u00e9s m\u00e1sutt. Egy \u00faj k\u00f6nny\u0171vas\u00fati h\u00e1l\u00f3zat k\u00f6ti \u00f6ssze a Darling Harbourt \u00e9s a bels\u0151 nyugati k\u00fclv\u00e1rosokat. Sz\u00e1mos buszj\u00e1rat fedi le a legt\u00f6bb ter\u00fcletet. A kik\u00f6t\u0151n \u00e1thalad\u00f3 kompok fest\u0151i ing\u00e1z\u00f3\u00fatvonalakat biztos\u00edtanak: p\u00e9ld\u00e1ul a Circular Quay-b\u0151l Manly Beach-re tart\u00f3 kompok 30 percenk\u00e9nt k\u00f6zlekednek. Taxik \u00e9s telekocsik is el\u00e9rhet\u0151k, de a forgalmas \u00f6vezetekben dr\u00e1g\u00e1k. Sydneyben a forgalom miatt lass\u00fa lehet az aut\u00f3z\u00e1s (cs\u00facsid\u0151ben jelent\u0151s k\u00e9s\u00e9sek vannak az olyan f\u0151utakon, mint a Harbour Bridge megk\u00f6zel\u00edt\u00e9se), ez\u00e9rt a t\u00f6megk\u00f6zleked\u00e9s gyakran gyorsabb. Minden forgalom a bal oldalon halad.<\/p>\n<p>Ausztr\u00e1lia p\u00e9nzneme (AUD) itt haszn\u00e1latos. A mindennapi nyelv az angol, de az utc\u00e1n sok m\u00e1s nyelvet is hallani. Mint Sydneyben mindig, a h\u00e9tk\u00f6znapi \u00f6lt\u00f6zet a megszokott \u2013 a legt\u00f6bb \u00e9tteremben eleg\u00e1nsan lezser, de szmoking nem. A borraval\u00f3 (10\u201315%) a luxus\u00e9ttermekben szok\u00e1sos, de nem k\u00f6telez\u0151. Az udvariass\u00e1gi szok\u00e1sok k\u00f6z\u00e9 tartozik a gyalog\u00e1tkel\u0151helyekn\u00e9l val\u00f3 v\u00e1rakoz\u00e1s (a sof\u0151r\u00f6k szinte mindig meg\u00e1llnak, ha kil\u00e9psz), \u00e9s a boltosok vagy sof\u0151r\u00f6k bar\u00e1ts\u00e1gos megsz\u00f3l\u00edt\u00e1sa. Sydney vize mindenhol biztons\u00e1gosan ihat\u00f3 a csapb\u00f3l.<\/p>\n<p>Sydney viszonylag biztons\u00e1gos egy nagyv\u00e1roshoz k\u00e9pest. A turist\u00e1knak tov\u00e1bbra is figyelni\u00fck kell a holmijaikra, k\u00fcl\u00f6n\u00f6sen a zs\u00fafolt vas\u00fat\u00e1llom\u00e1sokon vagy a tengerparti parkol\u00f3kban, mivel el\u0151fordulhat alkalmi lop\u00e1s. A napv\u00e9delem l\u00e9tfontoss\u00e1g\u00fa: a v\u00e1ros f\u00f6ldrajzi sz\u00e9less\u00e9gi foka magas UV-indexet eredm\u00e9nyez, ez\u00e9rt eg\u00e9sz \u00e9vben aj\u00e1nlott naptej, kalap \u00e9s napszem\u00fcveg visel\u00e9se. A v\u00edzbiztons\u00e1g fontos a strandokon: sok \u00fasz\u00f3 a kijel\u00f6lt sz\u00f6rfhelyeken (Bondi, Manly) marad, mert a hull\u00e1mok \u00e9s az \u00e1rap\u00e1ly vesz\u00e9lyes lehet a j\u00e1r\u0151r\u00f6z\u00e9s n\u00e9lk\u00fcli \u00f6bl\u00f6kben. Med\u00faz\u00e1k (k\u00e9kmed\u00faz\u00e1k vagy ny\u00e1ron a dobozmed\u00faz\u00e1k) tal\u00e1lhat\u00f3k Sydney vizeiben, ez\u00e9rt tarts\u00e1k be a helyi figyelmeztet\u00e9seket, \u00e9s \u00fasszanak a z\u00e1szl\u00f3k k\u00f6z\u00f6tt. A boz\u00f3tos parkokban (mint p\u00e9ld\u00e1ul a K\u00e9k-hegys\u00e9g) maradjanak a jelzett \u00f6sv\u00e9nyeken, \u00e9s sz\u00f3ljanak valakinek, ha egyed\u00fcl t\u00far\u00e1znak. A s\u00fcrg\u0151ss\u00e9gi szolg\u00e1latok kiv\u00e1l\u00f3ak (a 000 a rend\u0151rs\u00e9g\/ment\u0151szolg\u00e1lat\/t\u0171zolt\u00f3s\u00e1g telefonsz\u00e1ma).<\/p>\n<p>Sydney lak\u00f3i b\u00fcszk\u00e9k, de szer\u00e9nyek. A k\u00f6zvetlen szemkontaktus \u00e9s a mosoly sokat sz\u00e1m\u00edt. A v\u00e1ros \u00fcnnepli a soksz\u00edn\u0171s\u00e9get: m\u00edg az ausztr\u00e1lok hozz\u00e1\u00e1ll\u00e1sa egyenes (n\u00e9h\u00e1nyan nyersnek nevezik), a nyilv\u00e1nos kiab\u00e1l\u00e1st \u00e9s a rendbont\u00f3 viselked\u00e9st el\u00edt\u00e9lik. Udvarias els\u0151bbs\u00e9get adni a mozg\u00f3l\u00e9pcs\u0151n (jobbra \u00e1llni, balra menni). Ausztr\u00e1lia egalit\u00e1rius t\u00e1rsadalom, \u00edgy az \u00fczleti k\u00f6rnyezetben is haszn\u00e1lj\u00e1k a keresztneveket. \u00c9tkez\u00e9skor a pinc\u00e9rek \u00e1ltal\u00e1ban csendben szedik le a t\u00e1ny\u00e9rokat; egy bar\u00e1ts\u00e1gos k\u00f6sz\u00f6net vagy biccent\u00e9s elegend\u0151 k\u00f6sz\u00f6netk\u00e9ppen.<\/p>\n<p>V\u00e9g\u00fcl ne feledje, hogy az \u00e1llami \u00fcnnepek (Ausztr\u00e1lia napja janu\u00e1r 26-\u00e1n, ANZAC napja \u00e1prilis 25-\u00e9n stb.) befoly\u00e1solhatj\u00e1k a nyitvatart\u00e1si id\u0151t. Sydney id\u0151j\u00e1r\u00e1sa is v\u00e1ltozik az \u00e9vszakokkal: a telek enyh\u00e9k, de p\u00e1r\u00e1sak (id\u0151nk\u00e9nt heves es\u0151z\u00e9sek), a nyarak forr\u00f3k \u00e9s turist\u00e1kkal teliek. Egy j\u00f3l id\u0151z\u00edtett l\u00e1togat\u00e1s gyakran tavaszt (szeptember-november) jelent, amikor vadvir\u00e1gok vir\u00e1goznak a botanikus kertben, \u00e9s a v\u00e1rosban enyhe leveg\u0151 uralkodik.<\/p>","protected":false},"excerpt":{"rendered":"<p>Az ausztr\u00e1l v\u00e1rosok k\u00f6z\u00fcl Sydney, \u00daj-D\u00e9l-Wales f\u0151v\u00e1rosa b\u00fcszk\u00e9lkedhet a legn\u00e9pesebbel. Ausztr\u00e1lia keleti partj\u00e1n fekv\u0151, energikus v\u00e1ros mintegy 80 kilom\u00e9ter hosszan h\u00faz\u00f3dik a keleti Csendes-\u00f3ce\u00e1nt\u00f3l a nyugati, csod\u00e1latos K\u00e9k-hegys\u00e9gig. Az \u00e9szaki \u00e9s \u00e9szaknyugati Hawkesbury foly\u00f3t\u00f3l \u00e9s a Ku-ring-gai Chase Nemzeti Parkt\u00f3l a d\u00e9li \u00e9s d\u00e9lnyugati Kir\u00e1lyi Nemzeti Parkig \u00e9s Macarthurig a v\u00e1ros k\u00f6r\u00fclbel\u00fcl 80 kilom\u00e9ter hosszan h\u00faz\u00f3dik. A 658 k\u00fclv\u00e1rosb\u00f3l \u00e1ll\u00f3 Nagy-Sydney 33 helyi \u00f6nkorm\u00e1nyzati ter\u00fcletre oszlik. Lakoss\u00e1ga v\u00e1ltozatos, \u00e9s n\u00e9ha \u201esydneyi lakosoknak\u201d is nevezik. Sydney v\u00e1rhat\u00f3 lakoss\u00e1ga 2023. j\u00fanius v\u00e9g\u00e9n 5 450 496 f\u0151 \u2013 az \u00e1llam teljes n\u00e9pess\u00e9g\u00e9nek k\u00f6r\u00fclbel\u00fcl 66%-a \u2013, ami... H\u00edres v\u00edzpartja \u00e9s z\u00f6ld k\u00f6rnyezete miatt a v\u00e1rost szeretettel \u201eSmaragdv\u00e1rosnak\u201d \u00e9s \u201eKik\u00f6t\u0151v\u00e1rosnak\u201d is nevezik.<\/p>","protected":false},"author":1,"featured_media":4363,"parent":9806,"menu_order":0,"comment_status":"closed","ping_status":"closed","template":"elementor_theme","meta":{"_eb_attr":"","footnotes":""},"class_list":["post-9837","page","type-page","status-publish","has-post-thumbnail"],"_links":{"self":[{"href":"https:\/\/travelshelper.com\/hu\/wp-json\/wp\/v2\/pages\/9837","targetHints":{"allow":["GET"]}}],"collection":[{"href":"https:\/\/travelshelper.com\/hu\/wp-json\/wp\/v2\/pages"}],"about":[{"href":"https:\/\/travelshelper.com\/hu\/wp-json\/wp\/v2\/types\/page"}],"author":[{"embeddable":true,"href":"https:\/\/travelshelper.com\/hu\/wp-json\/wp\/v2\/users\/1"}],"replies":[{"embeddable":true,"href":"https:\/\/travelshelper.com\/hu\/wp-json\/wp\/v2\/comments?post=9837"}],"version-history":[{"count":0,"href":"https:\/\/travelshelper.com\/hu\/wp-json\/wp\/v2\/pages\/9837\/revisions"}],"up":[{"embeddable":true,"href":"https:\/\/travelshelper.com\/hu\/wp-json\/wp\/v2\/pages\/9806"}],"wp:featuredmedia":[{"embeddable":true,"href":"https:\/\/travelshelper.com\/hu\/wp-json\/wp\/v2\/media\/4363"}],"wp:attachment":[{"href":"https:\/\/travelshelper.com\/hu\/wp-json\/wp\/v2\/media?parent=9837"}],"curies":[{"name":"wp","href":"https:\/\/api.w.org\/{rel}","templated":true}]}}