{"id":9824,"date":"2024-09-09T00:31:47","date_gmt":"2024-09-09T00:31:47","guid":{"rendered":"https:\/\/travelshelper.com\/staging\/?page_id=9824"},"modified":"2026-03-13T21:41:46","modified_gmt":"2026-03-13T21:41:46","slug":"perisher-sikozpont","status":"publish","type":"page","link":"https:\/\/travelshelper.com\/hu\/destinations\/australia-and-oceania\/australia\/perisher\/","title":{"rendered":"Perisher S\u00edk\u00f6zpont"},"content":{"rendered":"<p>\u00daj-D\u00e9l-Wales havas hegyeiben a Perisher S\u00edk\u00f6zpont eukaliptuszillat\u00fa lejt\u0151k k\u00f6z\u00f6tt ter\u00fcl el, sz\u00e9les, t\u00e9li \u00e9gbolt alatt. K\u00f6r\u00fclbel\u00fcl 1720 m\u00e9teres tengerszint feletti magass\u00e1gban fekszik ez a magaslati alpesi komplexum, amely nagyj\u00e1b\u00f3l 12 n\u00e9gyzetkilom\u00e9tert foglal el, \u00e9s n\u00e9gy falut k\u00f6t \u00f6ssze \u2013 Perisher Valley, Smiggin Holes, Guthega \u00e9s Blue Cow. Negyven\u00f6t, erd\u0151k\u00f6n \u00e9s h\u00f3mez\u0151k\u00f6n \u00e1t kanyarog\u00f3 felvon\u00f3val a Perisher enyhe sikl\u00f3p\u00e1ly\u00e1k \u00e9s meredekebb tiszt\u00e1sok mozaikj\u00e1t k\u00edn\u00e1lja. Nem t\u00falz\u00e1s azt \u00e1ll\u00edtani, hogy a Perisher \u201ea d\u00e9li f\u00e9lteke legnagyobb s\u00edk\u00f6zpontja\u201d, amely c\u00edmet v\u00e1ltozatos terepe \u00e9s ny\u00fczsg\u0151 t\u00e9li t\u00e1ja t\u00e1rs\u00edtja. Sok ausztr\u00e1l \u00fcd\u00fcl\u0151helyhez hasonl\u00f3an a Perisher is nagyr\u00e9szt term\u00e9szetes h\u00f3ra t\u00e1maszkodik; a l\u00e1togat\u00f3k gyakran j\u00faniusban \u00e9rkeznek, \u00e9s szeptemberig s\u00edelnek, amikor a napi maximumok \u00e9ppen fagypont felett vannak.<\/p>\n<p>Maga a Perisher Valley falu mind\u00f6ssze n\u00e9h\u00e1ny tucat \u00e1lland\u00f3 lakosnak ad otthont. A 2021-es ausztr\u00e1l n\u00e9psz\u00e1ml\u00e1l\u00e1s szerint mind\u00f6ssze 99 ember \u00e9lt ott eg\u00e9sz \u00e9vben. T\u00e9len ez a sz\u00e1m k\u00f6r\u00fclbel\u00fcl 2500-ra duzzad, bele\u00e9rtve a s\u00edoktat\u00f3kat, a vend\u00e9gl\u00e1t\u00f3 szem\u00e9lyzetet \u00e9s a vend\u00e9geket, \u00edgy ez \u00daj-D\u00e9l-Wales legforgalmasabb alpesi k\u00f6zpontja. A helyi gazdas\u00e1g szinte teljes eg\u00e9sz\u00e9ben a turizmus \u00e9s a t\u00e9li sportok k\u00f6r\u00fcl forog. A lakosok nagy r\u00e9sz\u00e9t sz\u00e1ll\u00e1shelyek, \u00e9ttermek, s\u00ediskol\u00e1k \u00e9s felvon\u00f3szolg\u00e1ltat\u00e1sok foglalkoztatj\u00e1k. 2015 \u00f3ta a Perishert a Vail Resorts (egy amerikai v\u00e1llalat) \u00fczemelteti egy 177 milli\u00f3 ausztr\u00e1l doll\u00e1ros felv\u00e1s\u00e1rl\u00e1st k\u00f6vet\u0151en. Ez a befektet\u00e9s t\u00fckr\u00f6zi a Perisher m\u00e9ret\u00e9t \u2013 t\u00f6bb mint 1245 hekt\u00e1rnyi felvon\u00f3val ell\u00e1tott ter\u00fcletet foglal mag\u00e1ban, \u00e9s az \u00e9ves h\u00f3takar\u00f3 t\u00f6bb sz\u00e1z centim\u00e9terben m\u00e9rhet\u0151. A csendes ny\u00e1ri h\u00f3napokban ez a kapacit\u00e1s nagyr\u00e9szt kihaszn\u00e1latlan, de t\u00e9len a s\u00edterep vir\u00e1gzik: 48 felvon\u00f3ja \u00e9s karbantartott p\u00e1ly\u00e1ja \u00f6sszehangoltan m\u0171k\u00f6dik, hogy naponta t\u00f6bb ezer s\u00edel\u0151t mozgasson.<\/p>\n<p>Perisher a Nagy V\u00edzv\u00e1laszt\u00f3-hegys\u00e9g Snowy-hegys\u00e9g alvonulat\u00e1ban fekszik, nagyj\u00e1b\u00f3l 500 km-re d\u00e9lre Sydney-t\u0151l \u00e9s 190 km-re d\u00e9lnyugatra Canberr\u00e1t\u00f3l. A \u00fcd\u00fcl\u0151hely teljes eg\u00e9sz\u00e9ben a Kosciuszko Nemzeti Parkban tal\u00e1lhat\u00f3, egy zord vadonban, amelynek k\u00f6z\u00e9ppontj\u00e1ban Ausztr\u00e1lia legmagasabb cs\u00facsa (a Kosciuszko-hegy, 2228 m) \u00e1ll. A t\u00e1j klasszikus alpesi: kerek hegyek, amelyeket az \u00e9v nagy r\u00e9sz\u00e9ben h\u00f3 bor\u00edt, magas s\u00edks\u00e1gok \u00e9s szubalpin erd\u0151k tark\u00edtanak. A K\u00e9k-t\u00f3 \u00e9s a Guthega-t\u00f3 k\u00f6zvetlen\u00fcl a s\u00edter\u00fcletek hat\u00e1rain t\u00fal tal\u00e1lhat\u00f3k. T\u00e9len a leveg\u0151 friss \u00e9s sz\u00e1raz (\u00e9jszaka gyakran j\u00f3val fagypont alatt van), \u00e9s a hegycs\u00facsokon rendszeresen esik a h\u00f3. Egy klimatol\u00f3giai forr\u00e1s Perisher \u00e9ghajlat\u00e1t szubarktikusnak min\u0151s\u00edti, hossz\u00fa, hideg telekkel \u00e9s r\u00f6vid, enyhe nyarakkal. A ny\u00e1r h\u0171v\u00f6s a magaslatokon (ritk\u00e1n emelkedik 25 \u00b0C f\u00f6l\u00e9), m\u00edg a t\u00e9li napokon \u00e1ltal\u00e1ban 0 \u00b0C k\u00f6r\u00fcl alakul a h\u0151m\u00e9rs\u00e9klet a felvon\u00f3kon. A h\u00f3 megb\u00edzhat\u00f3an bebor\u00edtja a cs\u00facsokat m\u00e1jus v\u00e9g\u00e9t\u0151l okt\u00f3ber elej\u00e9ig, a legnagyobb h\u00f3vastags\u00e1g pedig jellemz\u0151en j\u00falius-augusztusban van.<\/p>\n<p>Az emberi tev\u00e9kenys\u00e9g a Perisher k\u00f6rny\u00e9k\u00e9n \u00e9vezredekre ny\u00falik vissza. A Havas-hegys\u00e9g ny\u00e1ri gy\u00fclekez\u0151helye volt az \u0151slakosoknak, akik egykor nagy csoportokban ereszkedtek le, hogy begy\u0171jts\u00e9k a k\u00f6v\u00e9r mocs\u00e1rlepk\u00e9ket az alpesi r\u00e9tekr\u0151l. Az eur\u00f3pai felfedez\u0151k el\u0151sz\u00f6r az 1830-as \u00e9vekben hatoltak be a r\u00e9gi\u00f3ba. 1840-ben Sir Paul Edmund de Strzelecki megm\u00e1szta a Kosciuszko-cs\u00facsot, \u00e9s nevet adott neki, a szarvasmarha-teny\u00e9szt\u0151k pedig hamarosan k\u00f6vett\u00e9k \u0151ket. A k\u00f6rny\u00e9k legend\u00e1s jelent\u0151s\u00e9get kapott a k\u00e9s\u0151bbi legend\u00e1kban: Banjo Paterson vers\u00e9ben <em>\u201eA f\u00e9rfi a Havas foly\u00f3r\u00f3l\u201d<\/em> halhatatlann\u00e1 tette a sz\u00edv\u00f3s legel\u0151ket, akik b\u00e1tran megk\u00fczd\u00f6ttek a magas vid\u00e9kkel.<\/p>\n<p>A s\u00edipar Perisherben gy\u00f6kerei a 20. sz\u00e1zad k\u00f6zep\u00e9re ny\u00falnak vissza. A m\u00e1sodik vil\u00e1gh\u00e1bor\u00fa ut\u00e1n a Snowy Mountains v\u00edzer\u0151m\u0171-program (1949\u20131974) megnyitotta a r\u00e9gi\u00f3t az utakkal \u00e9s az infrastrukt\u00far\u00e1val. S\u00edrajong\u00f3k kezdtek \u00e9rkezni, \u00e9s 1951-ben meg\u00e9p\u00fcltek az els\u0151 mened\u00e9kh\u00e1zak. Egy \u00e9vvel k\u00e9s\u0151bb megjelentek a kezdetleges felvon\u00f3k: k\u00f6t\u00e9lfelvon\u00f3k \u00e9s az els\u0151 T-r\u00fad a v\u00f6lgyben 1958-ra, majd egy dupla libeg\u0151 1961-ben. Az \u00e9vtizedek sor\u00e1n tov\u00e1bbi libeg\u0151k \u00e9s l\u00e9tes\u00edtm\u00e9nyek \u00e9p\u00fcltek. Egy apokrif t\u00f6rt\u00e9net azokb\u00f3l a korai id\u0151kb\u0151l sz\u00e1rmazik, amelyben egy James Spencer nev\u0171 alpesi telepes felki\u00e1lt: \u201eMicsoda elpusztult!\u201d, amikor viharba ker\u00fclt; a s\u00edterep neve val\u00f3sz\u00edn\u0171leg ebb\u0151l a sz\u00ednes mond\u00e1sb\u00f3l eredhet.<\/p>\n<p>1995-ben a n\u00e9gy b\u00e1zister\u00fclet \u2013 Perisher Valley, Smiggin Holes, Guthega \u00e9s Blue Cow \u2013 a Perisher Blue v\u00e1llalat al\u00e1 ker\u00fclt, egyes\u00edtve a felvon\u00f3kat \u00e9s h\u00e1g\u00f3kat. A 2000-es \u00e9vekre Perisher t\u00f6bb tucat \u00f6sszekapcsolt felvon\u00f3val b\u00fcszk\u00e9lkedhetett 1245 hekt\u00e1ron. Ma modern, nagy sebess\u00e9g\u0171 s\u00edsz\u00e9kek viszik fel a vend\u00e9geket a lejt\u0151kre, de a korai s\u00edel\u00e9s t\u00f6rt\u00e9nelm\u00e9nek nyomai m\u00e9g mindig megtal\u00e1lhat\u00f3k a v\u00f6lgyben \u2013 a megfakult s\u00edklub plakettjei, a ki\u00e1ll\u00edtott r\u00e9gi h\u00f3\u00e1pol\u00f3 g\u00e9pek \u00e9s az els\u0151 rajong\u00f3k t\u00f6rt\u00e9nete, akik gyalogosan dacoltak a feh\u00e9r p\u00e1ly\u00e1kkal.<\/p>\n<p>Perisher kult\u00far\u00e1j\u00e1t az alpesi jelleg \u00e9s az \u00e9vszakok ritmusa alak\u00edtja. Ny\u00e1ron a falu csendes, elszigetelt hangulatot \u00e1raszt \u2013 egy maroknyi gondnok \u00e9s helyi lakos gondozza a sz\u00e1ll\u00e1sokat \u00e9s vezeti a t\u00far\u00e1kat. T\u00e9len a hangulat \u00e1talakul a nyaral\u00f3k, a k\u00fclf\u00f6ldi sz\u00fcnetet tart\u00f3 munkav\u00e1llal\u00f3k \u00e9s az ausztr\u00e1l csal\u00e1dok vid\u00e1m ny\u00fczsg\u00e9s\u00e9v\u00e9. Az angol a k\u00f6z\u00f6s nyelv (gyakran a Sydney-b\u0151l vagy Melbourne-b\u0151l sz\u00e1rmaz\u00f3 ausztr\u00e1lok domin\u00e1lnak), de az id\u00e9nyjelleg\u0171 szem\u00e9lyzet eur\u00f3pai, \u00e9szak-amerikai \u00e9s \u00e1zsiai akcentusokat hoz. Mindenkire jellemz\u0151 a laza, szabadt\u00e9ri szellemis\u00e9g: nappal kab\u00e1tok, \u00e9jszaka pol\u00e1r r\u00e9tegek, \u00e9s sz\u00edv\u00e9lyes fogadtat\u00e1s a helyi k\u00e1v\u00e9z\u00f3kban \u00e9s b\u00e1rokban.<\/p>\n<p>A Perisher napt\u00e1r\u00e1nak egyik kiemelked\u0151 esem\u00e9nye az \u00e9venk\u00e9nt megrendezett PEAK Zenei Fesztiv\u00e1l, egy n\u00e9gynapos t\u00e9li nyit\u00f3h\u00e9tv\u00e9ge. Ez a falut \u201epezsg\u0151 alpesi j\u00e1tsz\u00f3t\u00e9rr\u00e9\u201d v\u00e1ltoztatja \u00e9l\u0151 zenekarokkal, DJ-kkel \u00e9s t\u0171zij\u00e1t\u00e9kkal. A helyi hagyom\u00e1nyok is be\u00e9p\u00fclnek: fat\u00fczel\u00e9s\u0171 k\u00e1lyh\u00e1k k\u00f6r\u00fcli grillez\u00e9sek, s\u00edversenyek a klubtagoknak \u00e9s mesemond\u00f3 est\u00e9k hegyi kunyh\u00f3kban. A hajnal krist\u00e1lytiszta csendj\u00e9ben a s\u00edel\u0151k a porh\u00f3viszonyokr\u00f3l besz\u00e9lgetnek; k\u00e9s\u0151 d\u00e9lut\u00e1nra nevet\u00e9s sz\u0171r\u0151dik ki a b\u00e1ziskocsm\u00e1ib\u00f3l. Finoman sz\u00f3lva Perisher meg\u0151rizte \u00fatt\u00f6r\u0151 m\u00faltj\u00e1nak visszhangj\u00e1t: a szem\u00e9lyzet vicceket mes\u00e9l a \u201ebogong molyszezonr\u00f3l\u201d, a r\u00e9gi s\u00edel\u0151k pedig az elfeledett kunyh\u00f3kra eml\u00e9keznek. Az \u00f6sszhang bar\u00e1ts\u00e1gos \u00e9s szer\u00e9ny \u2013 egy k\u00f6z\u00f6ss\u00e9gi alpesi st\u00edlus az Egyenl\u00edt\u0151t\u0151l d\u00e9lre.<\/p>\n<p>A legt\u00f6bb l\u00e1togat\u00f3 sz\u00e1m\u00e1ra Perisher f\u0151 vonzereje maga a s\u00edel\u00e9s. A s\u00edk\u00f6zpont 1245 hekt\u00e1ros ter\u00fclete nagyr\u00e9szt a k\u00f6z\u00e9phalad\u00f3 neh\u00e9zs\u00e9g\u0171 s\u00edel\u0151knek sz\u00f3l (a p\u00e1ly\u00e1k k\u00f6r\u00fclbel\u00fcl 60%-a). Az olyan p\u00e1ly\u00e1k, mint az Olympic, a North Perisher \u00e9s a Blue Calf T-Bars, enyhe kanyarokat v\u00e1jnak a h\u00f3gumi-erd\u0151n kereszt\u00fcl, m\u00edg a Sunday Schoolhoz hasonl\u00f3 p\u00e1ly\u00e1k sz\u00e9les, karbantartott meredek lejt\u0151ket k\u00edn\u00e1lnak. A legmagasabban fekv\u0151 felvon\u00f3 \u2013 a 2054 m\u00e9teres Perisher-hegy tetej\u00e9n \u2013 a Great Dividing Range leny\u0171g\u00f6z\u0151 panor\u00e1m\u00e1j\u00e1val jutalmazza a s\u00edel\u0151ket. A leghosszabb p\u00e1lya, a Perisher-hegyt\u0151l a Perisher-v\u00f6lgyig, k\u00f6zel 4 km hosszan h\u00faz\u00f3dik, lehet\u0151v\u00e9 t\u00e9ve a s\u00edel\u0151k sz\u00e1m\u00e1ra, hogy v\u00e1ltozatos t\u00e1jon ereszkedjenek le.<\/p>\n<p>A s\u00edel\u00e9sen t\u00fal Perisher klasszikus alpesi \u00e9lm\u00e9nyeket is k\u00edn\u00e1l. Kihagyhatatlan l\u00e1tnival\u00f3 maga a Kosciuszko-hegy: egy jelzett t\u00fara\u00fatvonal vezet a Perisher-v\u00f6lgyb\u0151l vagy Thredbo-b\u00f3l Ausztr\u00e1lia cs\u00facs\u00e1ra (2228 m), ahonnan tundrai kil\u00e1t\u00e1s ny\u00edlik a csipk\u00e9zett gerincekre \u00e9s hegyi tavakra. Ny\u00e1ron a t\u00far\u00e1z\u00f3k \u00e9s hegyi ker\u00e9kp\u00e1rosok a s\u00edp\u00e1ly\u00e1kat haszn\u00e1lj\u00e1k \u00f6sv\u00e9nyk\u00e9nt, a horg\u00e1szok pedig a k\u00f6zeli tavakban horg\u00e1szhatnak. A Skitube \u2013 egy f\u00f6ldalatti fogaskerek\u0171 vas\u00fat \u2013 egyed\u00fcl\u00e1ll\u00f3 l\u00e1tv\u00e1nyoss\u00e1g; 6 km hossz\u00fa alag\u00faton kereszt\u00fcl viszi a s\u00edel\u0151ket a Bullocks Flat-r\u0151l a Perisher-v\u00f6lgybe. A Blue Cow feletti alpesi mened\u00e9kh\u00e1zban a l\u00e1togat\u00f3k forr\u00f3 almabort \u00e9s l\u00e1tv\u00e1nyos hegyi kil\u00e1t\u00e1st k\u00f3stolhatnak. Vadvil\u00e1g is v\u00e1rja a l\u00e1togat\u00f3kat: a s\u00edp\u00e1ly\u00e1kon t\u00fal vombatot vagy kengurut l\u00e1thatunk (az alacsonyabb tiszt\u00e1sokon), vagy hallhatjuk egy lantmad\u00e1r magas hang\u00fa hangj\u00e1t.<\/p>\n<p>A t\u00f6rt\u00e9nelem szerelmesei r\u00e9gi hegyi kunyh\u00f3kat kereshetnek a Kosciuszko Nemzeti Parkban, amelyek a m\u00faltbeli legeltet\u0151k eml\u00e9kei. Banjo Paterson <em>F\u00e9rfi a Havas foly\u00f3r\u00f3l<\/em> A Jindabyne-i (k\u00f6zeli v\u00e1ros) szobor a r\u00e9gi\u00f3 t\u00f6rt\u00e9nelm\u00e9t \u00f6r\u00f6k\u00edti meg. Modern csavarral n\u00e9zve a Perisher \u00e9ves iskolai s\u00edfut\u00f3versenyei \u00e9s lavinales\u0151 kuty\u00e1k bemutat\u00f3i \u00edzel\u00edt\u0151t adnak az \u00fcd\u00fcl\u0151helyi \u00e9letb\u0151l. M\u00e1r \u00f6nmag\u00e1ban az is \u00e9lm\u00e9ny, ha \u2013 s\u00edbottal a k\u00e9zben, hideg leveg\u0151vel az arcunkban \u2013 megcsod\u00e1ljuk az alpesi napfelkelt\u00e9t a Perisher-v\u00f6lgyi libeg\u0151b\u0151l.<\/p>\n<p>Perisher egy t\u00e1voli hegyvid\u00e9ki vid\u00e9k. A legk\u00f6zelebbi nagyobb rep\u00fcl\u0151t\u00e9r a Canberra Nemzetk\u00f6zi Rep\u00fcl\u0151t\u00e9r, amely k\u00f6r\u00fclbel\u00fcl k\u00e9t \u00e9s f\u00e9l \u00f3r\u00e1s aut\u00f3\u00fatra \u00e9szakra tal\u00e1lhat\u00f3. Canberr\u00e1b\u00f3l a Snowy Mountains Highway-n haladunk Cooma \u00e9s Jindabyne \u00e9rint\u00e9s\u00e9vel, majd a Kosciuszko Roadra fordulunk nyugat fel\u00e9 Perisher fel\u00e9. A \u00fcd\u00fcl\u0151hely a Skitube-ot is k\u00edn\u00e1lja: aut\u00f3val Bullocks Flat-ig (a Kosciuszko \u00faton) kell eljutni, \u00e9s onnan vonattal bejutni, hogy elker\u00fclj\u00fck a havas utakat. A Sydney rep\u00fcl\u0151t\u00e9r messzebb van (k\u00f6r\u00fclbel\u00fcl 5-6 \u00f3ra aut\u00f3val), de sok k\u00fclf\u00f6ldi l\u00e1togat\u00f3 kombin\u00e1lja a Canberr\u00e1ba tart\u00f3 busszal t\u00f6rt\u00e9n\u0151 rep\u00fcl\u0151utat egy k\u00f6z\u00fati utaz\u00e1ssal. T\u00e9len minden j\u00e1rm\u0171nek h\u00f3l\u00e1ncot kell vinnie a Kosciuszko utakon. A Perisher-v\u00f6lgyben b\u0151s\u00e9ges parkol\u00e1si lehet\u0151s\u00e9g \u00e1ll rendelkez\u00e9sre a l\u00e1b\u00e1n\u00e1l; Smiggin Holes-n\u00e1l tov\u00e1bbi parkol\u00f3helyek tal\u00e1lhat\u00f3k.<\/p>\n<p>Perisherbe \u00e9rve a legt\u00f6bb mozg\u00e1s gyalog vagy s\u00edl\u00e9cen t\u00f6rt\u00e9nik. A n\u00e9gy falut shuttle buszok, s\u00edfelvon\u00f3k \u00e9s villamosok k\u00f6tik \u00f6ssze, \u00edgy nem kell aut\u00f3val k\u00f6zlekedni. Jindabyne \u00e9s Perisher k\u00f6z\u00f6tt minden reggel \u00e9s d\u00e9lut\u00e1n ingyenes transzfer k\u00f6zlekedik, a helyi buszok pedig a falvak k\u00f6z\u00f6tt k\u00f6r\u00f6znek. A \u00fcd\u00fcl\u0151helyen bel\u00fcl liftek szolg\u00e1lnak f\u00fcgg\u0151leges k\u00f6zleked\u00e9sre. A f\u0151 faluban k\u00f6nny\u0171 s\u00e9t\u00e1lni, de hozzon mag\u00e1val meleg ruh\u00e1t a havas vagy jeges \u00f6sv\u00e9nyekre. A helyi taxik \u00e9s fuvarmegoszt\u00f3 szolg\u00e1ltat\u00e1sok sz\u00e1ma minim\u00e1lis \u2013 esti kir\u00e1ndul\u00e1sokhoz tervezzen \u00f6nell\u00e1t\u00e1sra vagy a \u00fcd\u00fcl\u0151helyi k\u00f6zleked\u00e9sre.<\/p>\n<p>A p\u00e9nznem az ausztr\u00e1l doll\u00e1r (AUD); a hitelk\u00e1rty\u00e1kat sz\u00e9les k\u00f6rben elfogadj\u00e1k. A nyelv az angol. Perisherben a mindennapi \u00e9let egyszer\u0171: az \u00fczletekben \u00e9s k\u00e1v\u00e9z\u00f3kban udvarias \u00fcdv\u00f6zl\u00e9sekre sz\u00e1m\u00edtanak, a helyiek pedig laz\u00e1k \u00e9s inform\u00e1lisak. A borraval\u00f3 nem szok\u00e1s (a b\u00e9rez\u00e9si rendszer inkluz\u00edv), b\u00e1r a p\u00e9lda\u00e9rt\u00e9k\u0171 kiszolg\u00e1l\u00e1s\u00e9rt j\u00e1r\u00f3 kisebb jutal\u00e9kokat nagyra \u00e9rt\u00e9kelik. Az id\u0151j\u00e1r\u00e1s gyorsan v\u00e1ltozhat: m\u00e9g szeptemberben is a d\u00e9li naps\u00fct\u00e9st esti hideg v\u00e1lthatja fel. \u00d6lt\u00f6zz\u00f6n r\u00e9tegesen, \u00e9s vigyen mag\u00e1val naptejet \u2013 a h\u00f3 UV-sug\u00e1rz\u00e1sa er\u0151s. A s\u00edel\u00e9s biztons\u00e1gi szab\u00e1lyai kiemelked\u0151en fontosak (mindig maradjon a s\u00edel\u00e9si szab\u00e1lyokon bel\u00fcl, \u00e9s tartsa be a figyelmeztet\u0151 t\u00e1bl\u00e1kat). A mobil v\u00e9tel akadozik a lejt\u0151k\u00f6n; t\u00e1j\u00e9koztasson valakit a terveir\u0151l, ha p\u00e1ly\u00e1n k\u00edv\u00fcl indul. Gyakorlati szempontb\u00f3l az Altitude Mal de Montagne nem val\u00f3sz\u00edn\u0171 ilyen szer\u00e9ny magass\u00e1gokban, de kisz\u00e1rad\u00e1s el\u0151fordulhat \u2013 igyon vizet \u00e9s pihenjen a fut\u00e1sok k\u00f6z\u00f6tt.<\/p>\n<p>\u00d6sszess\u00e9g\u00e9ben a Perisherbe utaz\u00f3k nagyon biztons\u00e1gosnak \u00e9s l\u00e1togat\u00f3bar\u00e1tnak sz\u00e1molnak be a \u00fcd\u00fcl\u0151helyr\u0151l. Logisztikai szempontb\u00f3l a legjobb terv az, ha Canberr\u00e1ba rep\u00fcl\u00fcnk, b\u00e9rel\u00fcnk egy terepj\u00e1r\u00f3t, \u00e9s Jindabyne-on kereszt\u00fcl emelked\u00fcnk fel. A d\u00edzel aut\u00f3k jobb \u00fczemanyag-fogyaszt\u00e1st biztos\u00edtanak a meredek emelked\u0151n. T\u00e9len naponta ellen\u0151rizni kell az \u00fatviszonyokat. V\u00e9szhelyzetben Jindabyne teljes k\u00f6r\u0171 szolg\u00e1ltat\u00e1sokat k\u00edn\u00e1l (\u00fczemanyag, \u00e9lelmiszerek, gy\u00f3gyszert\u00e1rak), s\u0151t orvosi rendel\u0151k is vannak, de a Perisherbe vezet\u0151 \u00fat Bullocks Flat ut\u00e1n t\u00f6bbnyire vadonba vezet. \u00c9sszer\u0171 felk\u00e9sz\u00fcl\u00e9ssel a Perisherbe vezet\u0151 \u00fat z\u00f6kken\u0151mentes \u2013 eltekintve a hegyi hideg sokkj\u00e1t\u00f3l \u2013, \u00e9s a falusi k\u00f6z\u00f6ss\u00e9g melege gyorsan el\u0171zi az utaz\u00e1s hideg\u00e9t.<\/p>\n<table>\n<thead>\n<tr>\n<th><strong>Kateg\u00f3ria<\/strong><\/th>\n<th><strong>R\u00e9szletek<\/strong><\/th>\n<\/tr>\n<\/thead>\n<tbody>\n<tr>\n<td><strong>Elhelyezked\u00e9s<\/strong><\/td>\n<td>\u00daj-D\u00e9l-Wales, Ausztr\u00e1lia<\/td>\n<\/tr>\n<tr>\n<td><strong>Resort Altitude<\/strong><\/td>\n<td>1720 m\u00e9ter (5643 l\u00e1b)<\/td>\n<\/tr>\n<tr>\n<td><strong>S\u00edszezon<\/strong><\/td>\n<td>J\u00faniust\u00f3l okt\u00f3berig<\/td>\n<\/tr>\n<tr>\n<td><strong>S\u00edb\u00e9rlet \u00e1rak<\/strong><\/td>\n<td>\u00c9vszakt\u00f3l \u00e9s id\u0151tartamt\u00f3l f\u00fcgg\u0151en v\u00e1ltozik<\/td>\n<\/tr>\n<tr>\n<td><strong>Nyitva tart\u00e1s<\/strong><\/td>\n<td>\u00c1ltal\u00e1ban reggel 8:30 \u00e9s d\u00e9lut\u00e1n 5:00 k\u00f6z\u00f6tt<\/td>\n<\/tr>\n<tr>\n<td><strong>P\u00e1ly\u00e1k sz\u00e1ma<\/strong><\/td>\n<td>47<\/td>\n<\/tr>\n<tr>\n<td><strong>Teljes p\u00e1lyahossz<\/strong><\/td>\n<td>100 kilom\u00e9ter<\/td>\n<\/tr>\n<tr>\n<td><strong>Leghosszabb fut\u00e1s<\/strong><\/td>\n<td>3 kilom\u00e9ter<\/td>\n<\/tr>\n<tr>\n<td><strong>K\u00f6nny\u0171 lejt\u0151k<\/strong><\/td>\n<td>22%<\/td>\n<\/tr>\n<tr>\n<td><strong>M\u00e9rs\u00e9kelt lejt\u0151k<\/strong><\/td>\n<td>60%<\/td>\n<\/tr>\n<tr>\n<td><strong>Speci\u00e1lis lejt\u0151k<\/strong><\/td>\n<td>18%<\/td>\n<\/tr>\n<tr>\n<td><strong>A lejt\u0151k ir\u00e1nya<\/strong><\/td>\n<td>\u00c9szak, D\u00e9l, Kelet, Nyugat<\/td>\n<\/tr>\n<tr>\n<td><strong>\u00c9jszakai s\u00edel\u00e9s<\/strong><\/td>\n<td>Kiv\u00e1lasztott \u00e9jszak\u00e1kon el\u00e9rhet\u0151<\/td>\n<\/tr>\n<tr>\n<td><strong>H\u00f3k\u00e9sz\u00edt\u00e9s<\/strong><\/td>\n<td>Sz\u00e9les k\u00f6r\u0171 lefedetts\u00e9g<\/td>\n<\/tr>\n<tr>\n<td><strong>\u00d6sszes emel\u00e9s<\/strong><\/td>\n<td>47<\/td>\n<\/tr>\n<tr>\n<td><strong>Felfel\u00e9 kapacit\u00e1s<\/strong><\/td>\n<td>53 990 s\u00edel\u0151 \u00f3r\u00e1nk\u00e9nt<\/td>\n<\/tr>\n<tr>\n<td><strong>Legmagasabb lift<\/strong><\/td>\n<td>2034 m\u00e9ter (6673 l\u00e1b)<\/td>\n<\/tr>\n<tr>\n<td><strong>Gondol\u00e1k\/libeg\u0151k<\/strong><\/td>\n<td>0<\/td>\n<\/tr>\n<tr>\n<td><strong>Libeg\u0151k<\/strong><\/td>\n<td>14<\/td>\n<\/tr>\n<tr>\n<td><strong>Drag Lifts<\/strong><\/td>\n<td>22<\/td>\n<\/tr>\n<tr>\n<td><strong>Snow Parkok<\/strong><\/td>\n<td>5<\/td>\n<\/tr>\n<tr>\n<td><strong>S\u00edk\u00f6lcs\u00f6nz\u0151k<\/strong><\/td>\n<td>El\u00e9rhet\u0151<\/td>\n<\/tr>\n<tr>\n<td><strong>After-ski<\/strong><\/td>\n<td>K\u00fcl\u00f6nb\u00f6z\u0151 b\u00e1rok \u00e9s \u00e9ttermek<\/td>\n<\/tr>\n<\/tbody>\n<\/table>\n<article>\n<\/article>","protected":false},"excerpt":{"rendered":"<p>A Perisher S\u00edk\u00f6zpont a d\u00e9li f\u00e9lteke legnagyobb s\u00edk\u00f6zpontja. Az ausztr\u00e1l Havas-hegys\u00e9g sz\u00edv\u00e9ben tal\u00e1lhat\u00f3 nagy \u00fcd\u00fcl\u0151hely n\u00e9gy k\u00fcl\u00f6n\u00e1ll\u00f3 falub\u00f3l \u00e1ll: Blue Cow, Guthega, Perisher Valley \u00e9s Smiggin Holes. Ezek a k\u00f6z\u00f6ss\u00e9gek \u00e9s a kapcsol\u00f3d\u00f3 s\u00edk\u00f6zpontok egy\u00fcttesen meglehet\u0151sen nagy ter\u00fcletet fednek le \u2013 k\u00f6r\u00fclbel\u00fcl 12 n\u00e9gyzetkilom\u00e9tert. A \u00fcd\u00fcl\u0151hely alapja 1720 m\u00e9ter tengerszint feletti magass\u00e1gban van; cs\u00facsa 2054 m\u00e9ter magasra emelkedik a Perisher-hegy tetej\u00e9n.<\/p>","protected":false},"author":1,"featured_media":4759,"parent":9806,"menu_order":0,"comment_status":"closed","ping_status":"closed","template":"elementor_theme","meta":{"_eb_attr":"","footnotes":""},"class_list":["post-9824","page","type-page","status-publish","has-post-thumbnail"],"_links":{"self":[{"href":"https:\/\/travelshelper.com\/hu\/wp-json\/wp\/v2\/pages\/9824","targetHints":{"allow":["GET"]}}],"collection":[{"href":"https:\/\/travelshelper.com\/hu\/wp-json\/wp\/v2\/pages"}],"about":[{"href":"https:\/\/travelshelper.com\/hu\/wp-json\/wp\/v2\/types\/page"}],"author":[{"embeddable":true,"href":"https:\/\/travelshelper.com\/hu\/wp-json\/wp\/v2\/users\/1"}],"replies":[{"embeddable":true,"href":"https:\/\/travelshelper.com\/hu\/wp-json\/wp\/v2\/comments?post=9824"}],"version-history":[{"count":0,"href":"https:\/\/travelshelper.com\/hu\/wp-json\/wp\/v2\/pages\/9824\/revisions"}],"up":[{"embeddable":true,"href":"https:\/\/travelshelper.com\/hu\/wp-json\/wp\/v2\/pages\/9806"}],"wp:featuredmedia":[{"embeddable":true,"href":"https:\/\/travelshelper.com\/hu\/wp-json\/wp\/v2\/media\/4759"}],"wp:attachment":[{"href":"https:\/\/travelshelper.com\/hu\/wp-json\/wp\/v2\/media?parent=9824"}],"curies":[{"name":"wp","href":"https:\/\/api.w.org\/{rel}","templated":true}]}}