{"id":9812,"date":"2024-09-09T00:05:18","date_gmt":"2024-09-09T00:05:18","guid":{"rendered":"https:\/\/travelshelper.com\/staging\/?page_id=9812"},"modified":"2026-03-13T21:42:40","modified_gmt":"2026-03-13T21:42:40","slug":"melbourne","status":"publish","type":"page","link":"https:\/\/travelshelper.com\/hu\/destinations\/australia-and-oceania\/australia\/melbourne\/","title":{"rendered":"Melbourne"},"content":{"rendered":"<p>Melbourne Ausztr\u00e1lia m\u00e1sodik legnagyobb v\u00e1rosa \u00e9s Victoria ny\u00fczsg\u0151 f\u0151v\u00e1rosa. Agglomer\u00e1ci\u00f3ja k\u00f6zel 9993 n\u00e9gyzetkilom\u00e9tert foglal el, \u00e9s 2023-ban k\u00f6r\u00fclbel\u00fcl 5,2 milli\u00f3 embernek adott otthont. (A lakoss\u00e1g sz\u00e1ma a 2021-es n\u00e9psz\u00e1ml\u00e1l\u00e1skor k\u00f6r\u00fclbel\u00fcl 4,9 milli\u00f3 volt, teh\u00e1t folyamatosan n\u00f6vekszik.) Ez teszi Melbourne-t Ausztr\u00e1lia m\u00e1sodik legn\u00e9pesebb v\u00e1ros\u00e1v\u00e1 (Sydney ut\u00e1n). Demogr\u00e1fiai szempontb\u00f3l Melbourne figyelemre m\u00e9lt\u00f3an soksz\u00edn\u0171: a vil\u00e1g \u00f6sszes v\u00e1ros\u00e1hoz k\u00e9pest itt \u00e9l az egyik legmagasabb a k\u00fclf\u00f6ld\u00f6n sz\u00fcletett lakosok ar\u00e1nya. Olaszorsz\u00e1g, G\u00f6r\u00f6gorsz\u00e1g, Vietnam, India, K\u00edna \u00e9s sok m\u00e1s orsz\u00e1g k\u00f6z\u00f6ss\u00e9gei r\u00e9g\u00f3ta fenn\u00e1ll\u00f3 enkl\u00e1v\u00e9kkal rendelkeznek itt, gazdag multikultur\u00e1lis sz\u00f6vetet k\u00f6lcs\u00f6n\u00f6zve a v\u00e1rosnak. Az angol a k\u00f6z\u00f6s nyelv, de a forgalmas utc\u00e1kon tucatnyi nyelvet hallhatunk.<\/p>\n<p>Gazdas\u00e1gi szempontb\u00f3l Melbourne egy nagyhatalom. Az \u00e1zsiai-csendes-\u00f3ce\u00e1ni t\u00e9rs\u00e9g vezet\u0151 p\u00e9nz\u00fcgyi k\u00f6zpontja (a vil\u00e1g 28. hely\u00e9n \u00e1ll), ahol jelent\u0151s bankok, piacok \u00e9s szakmai szolg\u00e1ltat\u00e1sok tal\u00e1lhat\u00f3k. A v\u00e1ros GDP-je t\u00f6bb sz\u00e1zmilli\u00e1rd doll\u00e1r (sokkal nagyobb, mint a kisebb v\u00e1rosok\u00e9), \u00e9s sz\u00e1mos \u00e1gazatot lefed: p\u00e9nz\u00fcgy, gy\u00e1rt\u00e1s, kutat\u00e1s \u00e9s fejleszt\u00e9s, kreat\u00edv ipar\u00e1gak, oktat\u00e1s \u00e9s eg\u00e9szs\u00e9g\u00fcgy. Melbourne-t n\u00e9ha Ausztr\u00e1lia kultur\u00e1lis f\u0151v\u00e1ros\u00e1nak is nevezik: itt sz\u00fcletett az ausztr\u00e1l futball \u00e9s egy jellegzetes fest\u0151iskola, ma pedig hatalmas film-, sz\u00ednh\u00e1zi \u00e9s m\u0171v\u00e9szeti \u00e9lettel rendelkezik. 2014-ben t\u00f6bb egym\u00e1st k\u00f6vet\u0151 \u00e9vben is a vil\u00e1g leg\u00e9lhet\u0151bb v\u00e1ros\u00e1nak v\u00e1lasztott\u00e1k (b\u00e1r ez legal\u00e1bb annyira az \u00e9letmin\u0151s\u00e9get is jelenti, mint egy gazdas\u00e1gi mutat\u00f3t). A l\u00e9nyeg: Melbourne gazdas\u00e1ga sz\u00e9lesk\u00f6r\u0171 \u00e9s kifinomult, t\u00fckr\u00f6zi m\u00e9ret\u00e9t \u2013 t\u00f6bb mint \u00f6tmilli\u00f3 l\u00e9leknek \u00e9s hatalmas munkaer\u0151nek ad otthont.<\/p>\n<p>Melbourne Ausztr\u00e1lia sz\u00e1razf\u00f6ldj\u00e9nek d\u00e9lkeleti partj\u00e1n fekszik, a Port Phillip-\u00f6b\u00f6l mellett. A v\u00e1rosk\u00f6zpont az \u00f6b\u00f6l \u00e9szaki sz\u00e9l\u00e9n tal\u00e1lhat\u00f3, ahol a Yarra foly\u00f3 a tengerbe \u00f6mlik. Agglomer\u00e1ci\u00f3ja nagyj\u00e1b\u00f3l 10 000 km\u00b2-en ter\u00fcl el, keleten a Dandenong-hegys\u00e9gig, \u00e9szakon \u00e9s nyugaton pedig a bazalts\u00edks\u00e1gokig terjed. Melbourne v\u00e1rosi terjeszked\u00e9se a v\u00e1rost\u00f3l d\u00e9lre a Mornington-f\u00e9lszigetig \u00e9r, tengerpart, k\u00fclv\u00e1rosi parkok \u00e9s \u00fcveges \u00f6b\u00f6lparti k\u00fclv\u00e1rosok kever\u00e9k\u00e9t hozva l\u00e9tre.<\/p>\n<p>Az \u00e9ghajlat m\u00e9rs\u00e9kelt \u00f3ce\u00e1ni \u00f6vi (K\u00f6ppen Cfb). Ez azt jelenti, hogy Melbourne-ben meleg ny\u00e1r \u00e9s h\u0171v\u00f6s t\u00e9l van, az es\u0151 pedig viszonylag egyenletesen oszlik el az \u00e9v sor\u00e1n. A janu\u00e1ri \u00e1tlagos maximumh\u0151m\u00e9rs\u00e9klet 25 \u00b0C k\u00f6r\u00fcl, a j\u00faliusi minimumh\u0151m\u00e9rs\u00e9klet pedig 9\u201310 \u00b0C k\u00f6r\u00fcl alakul. Az id\u0151j\u00e1r\u00e1s k\u00f6ztudottan v\u00e1ltoz\u00e9kony: gyakori, hogy egy napon bel\u00fcl s\u00fct a naps\u00fct\u00e9s, felh\u0151k vannak, \u00e9s esti es\u0151 is van. \u00d6sszess\u00e9g\u00e9ben az enyhe \u00e9ghajlat azt jelenti, hogy Melbourne-be b\u00e1rmikor el lehet jutni, b\u00e1r a h\u0171v\u00f6sebb h\u00f3napokban \u00e9rdemes eserny\u0151t vagy kab\u00e1tot hozni, \u00e9s k\u00e9s\u0151 ny\u00e1ron forr\u00f3 napokra sz\u00e1m\u00edtani.<\/p>\n<p>T\u00e1gabb \u00f6sszef\u00fcgg\u00e9sben Melbourne nagyj\u00e1b\u00f3l 295 km-re fekszik Canberr\u00e1t\u00f3l \u00e9s mintegy 700 km-re Sydneyt\u0151l. Kiemelked\u0151 helyen fekszik Ausztr\u00e1lia d\u00e9lkeleti r\u00e9sz\u00e9n. A l\u00e1togat\u00f3k gyakran megjegyzik, hogy annak ellen\u00e9re, hogy ilyen messze d\u00e9len fekszik (kb. 37\u00b050\u2032 d\u00e9li sz\u00e9less\u00e9g), Melbourne \u00e9ghajlata sokkal enyh\u00e9bb, mint az \u00e9szaki f\u00e9lteke hasonl\u00f3 sz\u00e9less\u00e9gi k\u00f6rein, \u00f3ce\u00e1ni fekv\u00e9se miatt.<\/p>\n<p>Melbourne-t eur\u00f3pai m\u00e9rc\u00e9vel m\u00e9rve viszonylag k\u00e9s\u0151n alap\u00edtott\u00e1k. 1835-ben tasm\u00e1niai telepesek (akkoriban Van Diemen f\u00f6ldje) alap\u00edtottak egy falut a wurundjeri n\u00e9p \u00e1ltal lakott ter\u00fcleten. 1837-ben nevezt\u00e9k el Melbourne-nek William Lamb brit minisztereln\u00f6kr\u0151l, \u00e9s hivatalosan is koronatelep\u00fcl\u00e9sk\u00e9nt jegyezt\u00e9k be. Az 1851-es aranyfelfedez\u00e9s Vikt\u00f3ri\u00e1ban robban\u00e1sszer\u0171 n\u00e9pess\u00e9gn\u00f6veked\u00e9st ind\u00edtott el: t\u00f6bb ezer arany\u00e1s\u00f3 \u00f6z\u00f6nl\u00f6tt be, szinte egyik napr\u00f3l a m\u00e1sikra v\u00e1ross\u00e1 alak\u00edtva a telep\u00fcl\u00e9st. Az 1850-es \u00e9vek v\u00e9g\u00e9re Melbourne aranyban rejl\u0151 gazdags\u00e1ga a vil\u00e1g egyik legnagyobb \u00e9s leggazdagabb v\u00e1ros\u00e1v\u00e1 tette.<\/p>\n<p>1851-ben Victoria \u00f6n\u00e1ll\u00f3 gyarmatt\u00e1, Melbourne pedig f\u0151v\u00e1ros\u00e1v\u00e1 v\u00e1lt. A v\u00e1ros a 19. sz\u00e1zad v\u00e9g\u00e9n gyorsan n\u00f6vekedett, grandi\u00f3zus viktori\u00e1nus kori \u00e9p\u00edt\u00e9szettel. 1901-t\u0151l 1927-ig Melbourne Ausztr\u00e1lia sz\u00f6vets\u00e9gi korm\u00e1nyzati sz\u00e9khelyek\u00e9nt szolg\u00e1lt (miel\u0151tt Canberra meg\u00e9p\u00fclt). A legfontosabb t\u00f6rt\u00e9nelmi m\u00e9rf\u00f6ldk\u00f6vek k\u00f6z\u00e9 tartozik az orsz\u00e1g els\u0151 felh\u0151karcol\u00f3j\u00e1nak megnyit\u00e1sa (a Collins Street 1889-ben \u00e9p\u00fclt), az 1956-os olimpiai j\u00e1t\u00e9kok (a d\u00e9li f\u00e9lteke els\u0151 olimpi\u00e1ja) megnyit\u00f3 \u00e9s z\u00e1r\u00f3\u00fcnneps\u00e9g\u00e9nek megrendez\u00e9se, valamint olyan jelent\u0151s nevezetess\u00e9gek \u00e9p\u00edt\u00e9se, mint a Flinders Street vas\u00fat\u00e1llom\u00e1s (1910). A 20. sz\u00e1zad sor\u00e1n Melbourne kib\u0151v\u00fclt, \u00e9s sz\u00e1mos k\u00f6rnyez\u0151 v\u00e1rost mag\u00e1ba foglalt, \u00edgy a mai hatalmas metropolissz\u00e1 v\u00e1lt.<\/p>\n<p>Kultur\u00e1lis szempontb\u00f3l Melbourne-t gyakran a felvonul\u00e1sok \u00e9s fesztiv\u00e1lok v\u00e1rosak\u00e9nt emlegetik. A Melbourne Cup (egy h\u00edres l\u00f3verseny) 1861-ben indult, \u00e9s m\u00e1ig orsz\u00e1gos esem\u00e9ny. Tov\u00e1bbi hagyom\u00e1nyok k\u00f6z\u00e9 tartozik az MCG krikettteszt minden kar\u00e1csony m\u00e1snapj\u00e1n, valamint a Grand Prix verseny, amely 1996-ban indult. Ezek az esem\u00e9nyek, a k\u00e1v\u00e9h\u00e1zak, a Fitzroy m\u0171v\u00e9szeti negyedek \u00e9s az ausztr\u00e1l futball (amely 1858-ban itt sz\u00fcletett) t\u00f6rt\u00e9nelm\u00e9vel egy\u00fctt, kiemelik, hogyan fejl\u0151dtek Melbourne gyarmati gy\u00f6kerei egy jellegzetes, helyi v\u00e1rosi kult\u00far\u00e1v\u00e1.<\/p>\n<p>Melbourne kultur\u00e1lis l\u00e9gk\u00f6re nagyv\u00e1rosi \u00e9s kozmopolita. Az angolt gyakorlatilag mindenki besz\u00e9li, de sok els\u0151 gener\u00e1ci\u00f3s bev\u00e1ndorl\u00f3 tov\u00e1bbra is otthon haszn\u00e1lja anyanyelv\u00e9t. Az utcanevek felfedik Melbourne kevered\u00e9s\u00e9t: b\u00e1rmelyik sarkon tal\u00e1lhatunk egy olasz eszpressz\u00f3t egy vietnami pho k\u00e1v\u00e9z\u00f3 mellett, \u00e9s a v\u00e1rost etnikai enkl\u00e1v\u00e9k tark\u00edtj\u00e1k (k\u00ednai negyed, g\u00f6r\u00f6g negyed a Lonsdale utc\u00e1ban, az olasz negyed Carltonban stb.). Az \u00e9ttermek, fesztiv\u00e1lok \u00e9s kultur\u00e1lis int\u00e9zm\u00e9nyek puszta v\u00e1ltozatoss\u00e1ga t\u00fckr\u00f6zi ezt a multikulturalizmust.<\/p>\n<p>A melbourne-iek (ahogy a helyiek nevezik magukat) \u00e1ltal\u00e1ban kreat\u00edv, \u201elaissez-faire\u201d hangulattal rendelkeznek. A mell\u00e9kutc\u00e1kban tal\u00e1lhat\u00f3 k\u00e1v\u00e9z\u00f3k \u00e9s a graffiti m\u0171alkot\u00e1sok a mindennapi \u00e9let r\u00e9sz\u00e9t k\u00e9pezik. A v\u00e1ros h\u00edres k\u00e1v\u00e9z\u00f3kult\u00far\u00e1j\u00e1r\u00f3l \u2013 a melbourne-iek gyakran besz\u00e9lgetnek flat white-ok vagy hideg k\u00e1v\u00e9k mellett az utcai asztalokn\u00e1l, az id\u0151j\u00e1r\u00e1st\u00f3l f\u00fcggetlen\u00fcl. Az \u00e9let temp\u00f3ja m\u00e9rs\u00e9kelt: nem olyan frenetikus, mint Sydneyben, de energikusabb, mint egy kisv\u00e1rosban. Az embereket \u00e1ltal\u00e1ban bar\u00e1ts\u00e1gosnak \u00e9s progressz\u00edvnek tartj\u00e1k. S\u0151t, egy Cond\u00e9 Nast rangsor egyszer Melbourne-t a vil\u00e1g egyik legbar\u00e1ts\u00e1gosabb v\u00e1ros\u00e1nak nevezte (holtversenyben Aucklanddel).<\/p>\n<p>Fesztiv\u00e1lok \u00e9s rendezv\u00e9nyek uralj\u00e1k a napt\u00e1rat. Gyakorlatilag nincs holtszezon: janu\u00e1rban rendezik meg az Australian Open teniszbajnoks\u00e1got; \u0151sszel zs\u00fafol\u00e1sig megtelik a Melbourne Fringe Fesztiv\u00e1l, a Food and Wine Fesztiv\u00e1l (m\u00e1rcius k\u00f6rny\u00e9k\u00e9n) \u00e9s a Melbourne Cup (l\u00f3verseny); t\u00e9len a V\u00edgj\u00e1t\u00e9kfesztiv\u00e1l \u00e9s a m\u0171v\u00e9szeti fesztiv\u00e1l; tavasszal pedig a Grand Prix \u00e9s a Kultur\u00e1lis Fesztiv\u00e1l. Sz\u00e1mos kultur\u00e1lis int\u00e9zm\u00e9ny \u2013 gal\u00e9ri\u00e1k, sz\u00ednh\u00e1zak, \u00e9l\u0151zenei helysz\u00ednek \u2013 mutat be nemzetk\u00f6zi \u00e9s helyi alkot\u00e1sokat eg\u00e9sz \u00e9vben. A sportkult\u00fara a helyi identit\u00e1s fontos r\u00e9sz\u00e9t k\u00e9pezi (ausztr\u00e1l foci t\u00e9li h\u00e9tv\u00e9g\u00e9ken, krikett ny\u00e1ron); a Melbourne Cricket Groundon (MCG) m\u00e9rk\u0151z\u00e9s megtekint\u00e9se szinte ritu\u00e1l\u00e9 a lakosok sz\u00e1m\u00e1ra.<\/p>\n<p>A v\u00e1s\u00e1rl\u00e1s \u00e9s a m\u0171v\u00e9szetek a mindennapi \u00e9let szerves r\u00e9sz\u00e9t k\u00e9pezik. A Queen Victoria Market (a \u201eVic Market\u201d) \u2013 a d\u00e9li f\u00e9lteke legnagyobb szabadt\u00e9ri piaca \u2013 az \u00e9lelmiszerek \u00e9s k\u00e9zm\u0171ves term\u00e9kek kedvelt c\u00e9lpontja. A St Kilda Road m\u0171v\u00e9szeti negyede \u00e9s az NGV (Victoria Nemzeti Gal\u00e9ria) t\u00fckr\u00f6zi Melbourne kreativit\u00e1sra helyezett hangs\u00faly\u00e1t. \u00d6sszefoglalva, Melbourne egy kifinomult, vil\u00e1gi v\u00e1rosnak \u00e9rz\u0151dik: a helyiek b\u00fcszk\u00e9k a sportjukra, a k\u00e1v\u00e9jukra \u00e9s a m\u0171v\u00e9szetekre, a l\u00e1togat\u00f3k pedig gyorsan \u00e9szreveszik az er\u0151s \u201ev\u00e1rosi lazas\u00e1g\u201d hangulat\u00e1t.<\/p>\n<p>Melbourne l\u00e1tnival\u00f3k sokas\u00e1g\u00e1t k\u00edn\u00e1lja. A v\u00e1ros sz\u00edv\u00e9ben tal\u00e1lhat\u00f3 a Federation Square (Fed Square), egy modern t\u00e9r, ahol sz\u00f6gletes \u00e9p\u00fcletek \u00e9s m\u00fazeumok sorakoznak, \u00e9s ez a v\u00e1ros kultur\u00e1lis k\u00f6zpontja. Az utca t\u00faloldal\u00e1n tal\u00e1lhat\u00f3 a Flinders Street \u00e1llom\u00e1s ikonikus s\u00e1rga homlokzat\u00e1val \u2013 mindkett\u0151 kihagyhatatlan v\u00e1rosi nevezetess\u00e9g. A St Kilda \u00faton r\u00f6vid s\u00e9t\u00e1val vagy villamos\u00fattal el\u00e9rhet\u0151k a f\u0151bb int\u00e9zm\u00e9nyek: a Victoria Nemzeti Gal\u00e9ria, a Melbourne M\u0171v\u00e9szeti K\u00f6zpont \u00e9s a botanikus kert. A South Bank-i Eureka-torony h\u00edres: a 88. szinten tal\u00e1lhat\u00f3 Skydeck (m\u00e1s n\u00e9ven Melbourne-i kil\u00e1t\u00f3terasz) 360\u00b0-os kil\u00e1t\u00e1st ny\u00fajt a v\u00e1rosra \u00e9s az \u00f6b\u00f6lre. (230 m\u00e9teres magass\u00e1g\u00e1val ez a d\u00e9li f\u00e9lteke legmagasabb nyilv\u00e1nos kil\u00e1t\u00f3pontja.)<\/p>\n<p>Tov\u00e1bbi n\u00e9pszer\u0171 l\u00e1tnival\u00f3k k\u00f6z\u00e9 tartozik a Queen Victoria Market, ahol friss term\u00e9keket \u00e9s szuven\u00edreket v\u00e1s\u00e1rolhat (1878-b\u00f3l sz\u00e1rmazik, \u00e9s a mai napig \u00e9l\u00e9nk hely); a t\u00f6rt\u00e9nelmi Collins Street \u00e9s Bourke Street bev\u00e1s\u00e1rl\u00f3k\u00f6zpontok; valamint maga a Federation Square, amely ingyenes rendezv\u00e9nyeknek \u00e9s gal\u00e9ri\u00e1knak ad otthont. A v\u00e1ros h\u00edres mell\u00e9kutc\u00e1i is vonz\u00f3ak: olyan helyek, mint a Hosier Lane, utcai m\u0171v\u00e9szet\u00fckkel \u00e9s rejtett k\u00e1v\u00e9z\u00f3ikkal vonzz\u00e1k a turist\u00e1kat.<\/p>\n<p>Sport- \u00e9s sz\u00f3rakoz\u00e1si lehet\u0151s\u00e9gek is vannak: a szurkol\u00f3k sz\u00e1m\u00e1ra t\u00far\u00e1k \u00e1llnak rendelkez\u00e9sre a Melbourne Krikettp\u00e1ly\u00e1n \u00e9s a Rod Laver Ar\u00e9n\u00e1ban (tenisz), a kik\u00f6t\u0151 melletti Docklands negyedben pedig modern \u00e9ttermek \u00e9s a Melbourne Star kil\u00e1t\u00f3ker\u00e9k tal\u00e1lhat\u00f3. A belv\u00e1roson t\u00falra egy r\u00f6vid kir\u00e1ndul\u00e1ssal el\u00e9rhet\u0151k St Kilda \u00e9s Brighton strandjai (strandboxokkal) \u00e9s a Luna Park hull\u00e1mvas\u00fatjai. A vid\u00e9k is k\u00f6zel van \u2013 a Phillip-sziget (pingvinpar\u00e1d\u00e9), a Mornington-f\u00e9lsziget (bor\u00e1szatok \u00e9s h\u0151forr\u00e1sok) \u00e9s a Great Ocean Road (fest\u0151i tengerparti aut\u00f3\u00fat) n\u00e9pszer\u0171 egynapos kir\u00e1ndul\u00e1si helyek.<\/p>\n<p>R\u00f6viden, egy l\u00e1togat\u00f3i ellen\u0151rz\u0151lista gyakran \u00edgy sz\u00f3l: l\u00e1togassa meg a Federation Square-t \u00e9s az NGV-t; utazzon komppal a Yarra foly\u00f3n; tekintse meg az utcai m\u0171v\u00e9szetet a v\u00e1ros mell\u00e9kutc\u00e1iban; s\u00e9t\u00e1ljon v\u00e9gig a Victoria kir\u00e1lyn\u0151 piac\u00e1n; m\u00e1ssza meg az Eureka-tornyot; \u00e9s ha az id\u0151 engedi, tegyen egy r\u00f6vid kir\u00e1ndul\u00e1st a St Kilda Beachre. Ezek az ikonikus \u00e9lm\u00e9nyek, a v\u00e1ltozatos v\u00e1rosr\u00e9szek felfedez\u00e9s\u00e9vel egy\u00fctt, igazi \u00edzt adnak a l\u00e1togat\u00f3nak Melbourne-b\u0151l.<\/p>\n<p>Melbourne k\u00f6nnyen megk\u00f6zel\u00edthet\u0151. A Melbourne rep\u00fcl\u0151t\u00e9r (Tullamarine) a f\u0151 nemzetk\u00f6zi \u00e1tj\u00e1r\u00f3 (az orsz\u00e1g m\u00e1sodik legforgalmasabb rep\u00fcl\u0151tere). Az Avalon rep\u00fcl\u0151t\u00e9r, k\u00f6r\u00fclbel\u00fcl 50 km-re d\u00e9lre, olcs\u00f3 belf\u00f6ldi \u00e9s n\u00e9h\u00e1ny \u00e1zsiai j\u00e1ratot k\u00edn\u00e1l. Mindkett\u0151nek gyakori transzfer- \u00e9s vonatj\u00e1ratai vannak a v\u00e1rosba. A t\u00e1vols\u00e1gi vonatok \u00e9s aut\u00f3buszok a belv\u00e1rosban tal\u00e1lhat\u00f3 Southern Cross \u00e1llom\u00e1sra \u00e9rkeznek. A Melbourne-be vezet\u0151 utak k\u00f6z\u00e9 tartozik t\u00f6bb aut\u00f3p\u00e1lya (M1 Sydney\/Albury fel\u0151l, M31 Canberra fel\u0151l), amelyek a v\u00e1ros k\u00f6rgy\u0171r\u0171ire torkollnak.<\/p>\n<p>A v\u00e1roson bel\u00fcl kiterjedt a t\u00f6megk\u00f6zleked\u00e9s. A metr\u00f3h\u00e1l\u00f3zat (a Flinders Street \u00e1llom\u00e1sn\u00e1l v\u00e9g\u00e1llom\u00e1ssal) lefedi a k\u00fclv\u00e1rosokat; a k\u00f6zponti ter\u00fcleten tal\u00e1lhat\u00f3 villamosh\u00e1l\u00f3zat a vil\u00e1g legnagyobb (k\u00f6r\u00fclbel\u00fcl 250 km-es p\u00e1lyahossz). A villamosok a belv\u00e1rosban egy szabad z\u00f3n\u00e1t is m\u0171k\u00f6dtetnek, \u00edgy a r\u00f6vid utaz\u00e1sok egyszer\u0171ek. Modern buszflotta is rendelkez\u00e9sre \u00e1ll. Melbourne belv\u00e1rosa \u00e9s a k\u00fclv\u00e1rosok \u00e1ltal\u00e1ban gyalogosan k\u00f6nnyen megk\u00f6zel\u00edthet\u0151k. Sok l\u00e1togat\u00f3 sz\u00e1m\u00e1ra k\u00e9nyelmes, ha a k\u00f6zpont k\u00f6zel\u00e9ben sz\u00e1ll meg, \u00e9s villamost\/taxit haszn\u00e1l a k\u00fcls\u0151 ter\u00fcletekre.<\/p>\n<p>Melbourne-ben a mindennapi \u00e9let egyszer\u0171 a k\u00fclf\u00f6ldi l\u00e1togat\u00f3k sz\u00e1m\u00e1ra. Ausztr\u00e1l doll\u00e1rt haszn\u00e1lnak; szinte mindenhol elfogadnak hitelk\u00e1rty\u00e1kat \u00e9s \u00e9rint\u00e9smentes fizet\u00e9si m\u00f3dokat. Az angol a domin\u00e1ns nyelv. Nincs olyan borraval\u00f3kult\u00fara, mint az Egyes\u00fclt \u00c1llamokban, de a j\u00f3 kiszolg\u00e1l\u00e1s\u00e9rt hagyott kis borraval\u00f3t (10%) nagyra \u00e9rt\u00e9kelik az \u00e9ttermekben. A t\u00e1rsas\u00e1gi etikett laza: egy egyszer\u0171 k\u00e9zfog\u00e1s vagy \u201eG&#039;day\u201d \u00fcdv\u00f6zl\u00e9s elegend\u0151; az emberek hajlamosak keresztnev\u00e9n sz\u00f3l\u00edtani egym\u00e1st. Egy bar\u00e1ti megjegyz\u00e9s: Melbourne id\u0151j\u00e1r\u00e1sa kisz\u00e1m\u00edthatatlan lehet, ez\u00e9rt \u00e9rdemes k\u00f6nny\u0171 es\u0151kab\u00e1tot vinni magunkkal m\u00e9g naps\u00fct\u00e9ses napon is. Biztons\u00e1gi okokb\u00f3l Melbourne glob\u00e1lis m\u00e9rc\u00e9vel m\u00e9rve biztons\u00e1gos v\u00e1ros, de a szok\u00e1sos v\u00e1rosi \u00f3vint\u00e9zked\u00e9sek \u00e9rv\u00e9nyesek (pl. ker\u00fclje a rosszul megvil\u00e1g\u00edtott sik\u00e1torokat \u00e9jszaka). R\u00f6viden, a l\u00e1togat\u00f3k k\u00f6nnyen bej\u00e1rhat\u00f3nak tal\u00e1lj\u00e1k Melbourne-t, angol nyelv\u0171 t\u00e1bl\u00e1kkal, megb\u00edzhat\u00f3 taxi-\/lel\u00e9p\u0151h\u00e1l\u00f3zattal \u00e9s az \u00e1llom\u00e1sokon el\u00e9rhet\u0151 j\u00f3l l\u00e1that\u00f3 t\u00e9rk\u00e9pekkel. Tipp a turist\u00e1knak: szerezzenek be Myki k\u00e1rty\u00e1t (\u00fajrat\u00f6lthet\u0151 k\u00f6zleked\u00e9si b\u00e9rletet) a z\u00f6kken\u0151mentes utaz\u00e1shoz vonatokon, villamosokon \u00e9s buszokon.<\/p>","protected":false},"excerpt":{"rendered":"<p>Melbourne Victoria \u00e1llam f\u0151v\u00e1rosa \u00e9s egyben legn\u00e9pesebb v\u00e1rosa Ausztr\u00e1li\u00e1ban. Ausztr\u00e1lia m\u00e1sodik legn\u00e9pesebb v\u00e1rosa, Sydney ut\u00e1n k\u00f6vetkezik. \u00c1ltal\u00e1ban a 9993 km\u00b2-es nagyv\u00e1rosi ter\u00fcletre utal, amelyet n\u00e9ha Nagy-Melbourne-k\u00e9nt is emlegetnek, a \u201eMelbourne\u201d nevet haszn\u00e1lj\u00e1k. B\u00e1r a nevet k\u00fcl\u00f6n\u00f6sen Melbourne v\u00e1ros helyi \u00f6nkorm\u00e1nyzat\u00e1ra haszn\u00e1lj\u00e1k, amely a forgalmas k\u00f6zponti \u00fczleti negyede k\u00f6r\u00fcl helyezkedik el, ez a v\u00e1rosi agglomer\u00e1ci\u00f3 31 helyi \u00f6nkorm\u00e1nyzatb\u00f3l \u00e1ll. A Mornington-f\u00e9lszigetre, Nyugat-Gippsland ter\u00fcleteire, a Yarra-v\u00f6lgy fel\u00e9 es\u0151 h\u00e1torsz\u00e1gokra, a Dandenong-hegys\u00e9gre \u00e9s a Macedon-hegys\u00e9gre kiterjed\u0151 v\u00e1ros Port Phillip-\u00f6b\u00f6l \u00e9szaki \u00e9s keleti partvonal\u00e1nak nagy r\u00e9sz\u00e9t lefedi. Ausztr\u00e1lia teljes lakoss\u00e1g\u00e1nak 19%-\u00e1t kitev\u0151 Melbourne nagyv\u00e1rosi lakoss\u00e1ga 2023-ban k\u00f6zel 5,2 milli\u00f3 volt. A v\u00e1ros lak\u00f3it n\u00e9ha \u201emelburnieknek\u201d nevezik.<\/p>","protected":false},"author":1,"featured_media":3672,"parent":9806,"menu_order":0,"comment_status":"closed","ping_status":"closed","template":"elementor_theme","meta":{"_eb_attr":"","footnotes":""},"class_list":["post-9812","page","type-page","status-publish","has-post-thumbnail"],"_links":{"self":[{"href":"https:\/\/travelshelper.com\/hu\/wp-json\/wp\/v2\/pages\/9812","targetHints":{"allow":["GET"]}}],"collection":[{"href":"https:\/\/travelshelper.com\/hu\/wp-json\/wp\/v2\/pages"}],"about":[{"href":"https:\/\/travelshelper.com\/hu\/wp-json\/wp\/v2\/types\/page"}],"author":[{"embeddable":true,"href":"https:\/\/travelshelper.com\/hu\/wp-json\/wp\/v2\/users\/1"}],"replies":[{"embeddable":true,"href":"https:\/\/travelshelper.com\/hu\/wp-json\/wp\/v2\/comments?post=9812"}],"version-history":[{"count":0,"href":"https:\/\/travelshelper.com\/hu\/wp-json\/wp\/v2\/pages\/9812\/revisions"}],"up":[{"embeddable":true,"href":"https:\/\/travelshelper.com\/hu\/wp-json\/wp\/v2\/pages\/9806"}],"wp:featuredmedia":[{"embeddable":true,"href":"https:\/\/travelshelper.com\/hu\/wp-json\/wp\/v2\/media\/3672"}],"wp:attachment":[{"href":"https:\/\/travelshelper.com\/hu\/wp-json\/wp\/v2\/media?parent=9812"}],"curies":[{"name":"wp","href":"https:\/\/api.w.org\/{rel}","templated":true}]}}