{"id":9806,"date":"2024-09-08T23:56:45","date_gmt":"2024-09-08T23:56:45","guid":{"rendered":"https:\/\/travelshelper.com\/staging\/?page_id=9806"},"modified":"2026-03-13T21:28:08","modified_gmt":"2026-03-13T21:28:08","slug":"ausztralia","status":"publish","type":"page","link":"https:\/\/travelshelper.com\/hu\/destinations\/australia-and-oceania\/australia\/","title":{"rendered":"Ausztr\u00e1lia"},"content":{"rendered":"<p>Ausztr\u00e1lia egy eg\u00e9sz kontinensen ter\u00fcl el, egy hatalmas l\u00e9pt\u00e9k\u0171 \u00e9s vibr\u00e1l\u00f3 ellentmond\u00e1sokkal teli helyen. Hajnalban az Uluru (Ayers-szikla) \u200b\u200bhomokk\u0151 monolitja a V\u00f6r\u00f6s K\u00f6zpontban izzik, Ausztr\u00e1lia \u0151si t\u00f6rt\u00e9nelm\u00e9nek n\u00e9ma tan\u00fajak\u00e9nt. Ebben a korai f\u00e9nyben az Outback hatalmas \u00fcress\u00e9ge a t\u00e1voli horizontig ny\u00falik, id\u0151tlenn\u00e9 t\u00e9ve a szikl\u00e1t. Val\u00f3ban, Ausztr\u00e1lia hatalmas \u2013 ter\u00fclete k\u00f6r\u00fclbel\u00fcl 7,69 milli\u00f3 n\u00e9gyzetkilom\u00e9ter \u2013, m\u00e9gis nagyj\u00e1b\u00f3l 28 milli\u00f3 lakosa t\u00f6bbnyire a partokon \u00e9l, \u00edgy a bels\u0151 sivatagok \u00e9s boz\u00f3tosok alig lakottak. M\u00e9ret\u00e9vel egy\u00fctt tov\u00e1bbra is alkotm\u00e1nyos monarchia alatt m\u0171k\u00f6d\u0151 sz\u00f6vets\u00e9gi parlamenti demokr\u00e1cia, gazdas\u00e1ga modern \u00e9s gazdag. Az orsz\u00e1g fejlett, magas j\u00f6vedelm\u0171 gazdas\u00e1ggal b\u00fcszk\u00e9lkedhet, \u00e9s a glob\u00e1lis \u00e9letmin\u0151s\u00e9gi mutat\u00f3k \u00e9lvonal\u00e1ban \u00e1ll.<\/p>\n<p>Ausztr\u00e1lia lakoss\u00e1ga k\u00f6r\u00fclbel\u00fcl 28 milli\u00f3. Annak ellen\u00e9re, hogy ter\u00fclet\u00e9t tekintve a vil\u00e1g hatodik legnagyobb orsz\u00e1ga, az emberek t\u00f6bb mint 95%-a a partt\u00f3l sz\u00e1m\u00edtott nagyj\u00e1b\u00f3l 100 km-es k\u00f6rzetben \u00e9l. Ez azt jelenti, hogy a belter\u00fclet szinte teljesen \u00fcres, \u00edgy a n\u00e9ps\u0171r\u0171s\u00e9g mind\u00f6ssze 3,5 f\u0151 km\u00b2-enk\u00e9nt \u2013 ez az egyik legalacsonyabb n\u00e9ps\u0171r\u0171s\u00e9g a F\u00f6ld\u00f6n. Gazdas\u00e1g szempontj\u00e1b\u00f3l Ausztr\u00e1lia jelent\u0151s glob\u00e1lis szerepl\u0151: er\u0151forr\u00e1sokban \u00e9s szolg\u00e1ltat\u00e1sokban gazdag, az egy f\u0151re jut\u00f3 j\u00f6vedelme a vil\u00e1g legmagasabbjai k\u00f6z\u00e9 tartozik. Az angol az els\u0151dleges nyelv (de facto nemzeti nyelv), \u00e9s az ausztr\u00e1lok k\u00f6r\u00fclbel\u00fcl 72%-a csak angolul besz\u00e9l otthon. Multikultur\u00e1lis is: a lakosok nagyj\u00e1b\u00f3l 30%-a k\u00fclf\u00f6ld\u00f6n sz\u00fcletett, \u00edgy etnikai \u00e9s nyelvi h\u00e1tt\u00e9rrel rendelkeznek. A p\u00e9nznem az ausztr\u00e1l doll\u00e1r (AUD), amelyet orsz\u00e1gszerte haszn\u00e1lnak. Canberra a f\u0151v\u00e1ros, de Sydney \u00e9s Melbourne a legnagyobb v\u00e1rosok (egyenk\u00e9nt meghaladj\u00e1k az \u00f6tmilli\u00f3 lakost). R\u00f6viden, Ausztr\u00e1lia ma modern \u00e9s gazdag, hatalmas, be\u00e9p\u00edtetlen terekkel, s\u0171r\u0171n lakott tengerparti v\u00e1rosi k\u00f6zpontokkal szemben.<\/p>\n<p>Ausztr\u00e1lia Ausztr\u00e1l\u00e1zsia kontinens\u00e9t foglalja el a Csendes-\u00f3ce\u00e1n d\u00e9li r\u00e9sz\u00e9n. Indon\u00e9zi\u00e1t\u00f3l \u00e9s P\u00e1pua \u00daj-Guine\u00e1t\u00f3l d\u00e9lre fekszik, \u00f3ce\u00e1n veszi k\u00f6r\u00fcl \u2013 nyugaton az Indiai-\u00f3ce\u00e1n, keleten a Csendes-\u00f3ce\u00e1n, d\u00e9len pedig a D\u00e9li-\u00f3ce\u00e1n. Tasmania szigete (h\u0171v\u00f6s erd\u0151ivel) d\u00e9lre fekszik. Az orsz\u00e1g terepe k\u00f6ztudottan s\u00edk: ez a leglaposabb \u00e9s legsz\u00e1razabb lakott kontinens. Ausztr\u00e1lia egyetlen r\u00e9sze sem emelkedik 2200 m\u00e9tern\u00e9l magasabbra, \u00e9s csak a keleti perem\u00e9n (a Nagy V\u00edzv\u00e1laszt\u00f3-hegys\u00e9g) futnak hegys\u00e9gek folyamatos gerincben. M\u00e1sutt a dombok \u00e9s a partok \u00e1ltal\u00e1ban alacsonyak. A bels\u0151 ter\u00fcletek nagy r\u00e9sze sz\u00e1raz: Ausztr\u00e1lia mintegy 70%-a sz\u00e1raz vagy f\u00e9lsz\u00e1raz, \u00edgy a legsz\u00e1razabb lakott kontinens. Az \u00e1tlagos csapad\u00e9kmennyis\u00e9g orsz\u00e1gszerte mind\u00f6ssze 470 mm\/\u00e9v. K\u00f6vetkez\u00e9sk\u00e9ppen a k\u00f6z\u00e9ps\u0151 \u00e9s nyugati ter\u00fcleteket (az Outback) sivatagok uralj\u00e1k, m\u00edg a sz\u00e9leken enyh\u00e9bbek a k\u00f6r\u00fclm\u00e9nyek. \u00c9szakon tr\u00f3pusi \u00e9ghajlat uralkodik, forr\u00f3, nedves monszun \u00e9vszakkal ny\u00e1ron; d\u00e9len m\u00e9rs\u00e9kelt \u00e9ghajlat uralkodik, meleg nyarakkal \u00e9s h\u0171v\u00f6s telekkel. Queenslandben es\u0151erd\u0151ket \u00e9s tr\u00f3pusi h\u0151s\u00e9get, Tasmania cs\u00facsain alpesi havat, a k\u00f6zpontban pedig naps\u00fct\u00f6tte v\u00f6r\u00f6s f\u00f6ldet tapasztalhatunk \u2013 mindezt egyetlen orsz\u00e1gon bel\u00fcl.<\/p>\n<p>Az emberek t\u00f6bb t\u00edzezer \u00e9vvel ezel\u0151tt \u00e9rkeztek Ausztr\u00e1li\u00e1ba. Az ausztr\u00e1l \u0151slakosok az eur\u00f3paiakkal val\u00f3 kapcsolatfelv\u00e9tel idej\u00e9re legal\u00e1bb 250 k\u00fcl\u00f6nb\u00f6z\u0151 nyelvi csoporton kereszt\u00fcl vad\u00e1sztak \u00e9s f\u00f6ldm\u0171veltek. Kult\u00far\u00e1juk a vil\u00e1g egyik legr\u00e9gebbi folyamatos t\u00e1rsadalma, amely \u00e9vezredeken \u00e1t meg\u0151rizte az \u00e1lomkori hagyom\u00e1nyokat \u00e9s m\u0171v\u00e9szetet. Az eur\u00f3pai felfedez\u00e9sek a 17. sz\u00e1zadban \u00e9rt\u00e9k el Ausztr\u00e1li\u00e1t, James Cook brit kapit\u00e1ny 1770-ben ig\u00e9nyt tartott a keleti partra. Az els\u0151 \u00e1lland\u00f3 eur\u00f3pai telep\u00fcl\u00e9s egy brit b\u00fcntet\u0151telep volt Sydney Cove-ban 1788-ban. A 19. sz\u00e1zad sor\u00e1n k\u00fcl\u00f6n\u00e1ll\u00f3 gyarmatok (\u00daj-D\u00e9l-Wales, Victoria, Queensland stb.) n\u00f6vekedtek \u00e9s terjeszkedtek, a gyapj\u00fa, az aranyl\u00e1z \u00e9s a mez\u0151gazdas\u00e1g hajt\u00f3erej\u00e9nek k\u00f6sz\u00f6nhet\u0151en. A fordul\u00f3pont 1901. janu\u00e1r 1-j\u00e9n k\u00f6vetkezett be, amikor a hat gyarmat egyes\u00fclt, \u00e9s megalak\u00edtotta az Ausztr\u00e1l Nemzetk\u00f6z\u00f6ss\u00e9get. Innen Ausztr\u00e1lia fokozatosan \u00f6n\u00e1ll\u00f3 nemzett\u00e9 v\u00e1lt. (A vil\u00e1gh\u00e1bor\u00fak, a gazdas\u00e1gi v\u00e1ltoz\u00e1sok \u00e9s a bev\u00e1ndorl\u00e1si hull\u00e1mok a 20. sz\u00e1zadban tov\u00e1bbi fontos fejezetek, de az 1788-as \u00e9s az 1901-es f\u00f6der\u00e1ci\u00f3 tov\u00e1bbra is alap\u00edt\u00f3 d\u00e1tum.)<\/p>\n<p>A modern ausztr\u00e1l kult\u00fara a zord, vid\u00e9ki \u00f6r\u00f6ks\u00e9get \u00f6tv\u00f6zi a kozmopolita v\u00e1rosi \u00e9lettel. Az angol, ausztr\u00e1l akcentussal, de facto a nemzeti nyelv; a 2021-es n\u00e9psz\u00e1ml\u00e1l\u00e1s szerint az emberek k\u00f6r\u00fclbel\u00fcl 72%-a besz\u00e9li otthon ezt az egyetlen nyelvet. Nincs \u00e1llamvall\u00e1s, \u00e9s az ausztr\u00e1lok \u00e1ltal\u00e1ban inform\u00e1lisak \u00e9s lazaak. Az ausztr\u00e1lok k\u00f6zel egyharmada k\u00fclf\u00f6ld\u00f6n sz\u00fcletett, \u00edgy a bev\u00e1ndorl\u00e1si hull\u00e1mok nagyon multikultur\u00e1liss\u00e1 tett\u00e9k a t\u00e1rsadalmat (k\u00f6z\u00f6ss\u00e9gek \u00c1zsi\u00e1b\u00f3l, Eur\u00f3p\u00e1b\u00f3l, a K\u00f6zel-Keletr\u0151l \u00e9s azon t\u00falr\u00f3l). A sport \u00e9s a szabadt\u00e9ri kikapcsol\u00f3d\u00e1s a mindennapi \u00e9let r\u00e9sz\u00e9v\u00e9 v\u00e1lt \u2013 legyen sz\u00f3 hajnali sz\u00f6rf\u00f6z\u00e9sr\u0151l, h\u00e9tv\u00e9gi grillez\u00e9sr\u0151l a kik\u00f6t\u0151ben, vagy egy becses krikett- vagy ausztr\u00e1l futballmeccsr\u0151l. Ezzel egyidej\u0171leg er\u0151s tudatoss\u00e1g mutatkozik az \u0151slakos kult\u00far\u00e1r\u00f3l: sok ausztr\u00e1l \u00fcnnepli az \u0151slakos m\u0171v\u00e9szetet, zen\u00e9t \u00e9s fesztiv\u00e1lokat.<\/p>\n<p>A k\u00fcl\u00f6nb\u00f6z\u0151 ter\u00fcleteken a figyelemre m\u00e9lt\u00f3 helyi hagyom\u00e1nyok k\u00f6z\u00e9 tartoznak a rode\u00f3k \u00e9s a l\u00f3versenyek a vid\u00e9ki v\u00e1rosokban, a tengerparti fesztiv\u00e1lok a tengerparti v\u00e1rosokban, valamint a d\u00e9lkeleti hegyvid\u00e9ki rendezv\u00e9nyek. P\u00e9ld\u00e1ul Byron Bay (l\u00e1sd al\u00e1bb) alternat\u00edv, fesztiv\u00e1lokban gazdag szellemis\u00e9g\u00e9r\u0151l ismert, Brisbane pedig \u00e9l\u00e9nk m\u0171soroknak ad otthont, mint p\u00e9ld\u00e1ul az Ekka mez\u0151gazdas\u00e1gi v\u00e1s\u00e1r \u00e9s a Riverfire t\u0171zij\u00e1t\u00e9k. Alice Springsben a k\u00fcl\u00f6n\u00f6s Outback esem\u00e9nyek, mint p\u00e9ld\u00e1ul a Camel Cup (teveverseny) \u00e9s a Henley-on-Todd (sz\u00e1raz folyami regatta), t\u00f6megeket vonzanak. \u00d6sszess\u00e9g\u00e9ben az ausztr\u00e1lok a vend\u00e9gszeretet\u00fckr\u0151l \u00e9s a \u201ebaj\u00e1ts\u00e1goss\u00e1gukr\u00f3l\u201d h\u00edresek \u2013 az idegenek k\u00f6nnyed\u00e9n besz\u00e9lgethetnek egy lapos, feh\u00e9r vagy outback t\u00e1bort\u0171z mellett. Az \u00e9let \u00e1ltal\u00e1ban lassabb a vid\u00e9ki ter\u00fcleteken, \u00e9s ny\u00fczsg\u0151bb a v\u00e1rosokban, de az orsz\u00e1g eg\u00e9sz ter\u00fclet\u00e9n az emberek \u00e1ltal\u00e1ban nyitottak, bar\u00e1ts\u00e1gosak \u00e9s rugalmasak.<\/p>\n<p>Ausztr\u00e1lia kihagyhatatlan l\u00e1tnival\u00f3i a pezsg\u0151 v\u00e1rosokt\u00f3l a term\u00e9szeti csod\u00e1kig terjednek. Sydneyben a Sydney-i Operah\u00e1z \u00e9s a Harbour Bridge hat\u00e1rozza meg a v\u00e1ros l\u00e1tk\u00e9p\u00e9t. Az Operah\u00e1z \u2013 a 20. sz\u00e1zadi \u00e9p\u00edt\u00e9szet vil\u00e1g\u00f6r\u00f6ks\u00e9gi remekm\u0171ve \u2013 1973-ban k\u00e9sz\u00fclt el, \u00e9s nemzetk\u00f6zi ikonn\u00e1 v\u00e1lt. (A h\u00edd 1932-ben k\u00e9sz\u00fclt el, \u00e9s gyalog\u00e1tkel\u0151helyeket k\u00edn\u00e1l, ahonnan panor\u00e1m\u00e1s kil\u00e1t\u00e1s ny\u00edlik a kik\u00f6t\u0151re.) A part ment\u00e9n sz\u00e1mtalan vil\u00e1gsz\u00ednvonal\u00fa strand cs\u00e1b\u00edt, Sydney Bondi Beach-\u00e9t\u0151l a Byron-\u00f6b\u00f6l sz\u00f6rf\u00f6z\u00e9sre alkalmas szakaszaiig. A sz\u00e1razf\u00f6ld belsej\u00e9ben a Nagy-korallz\u00e1tony \u2013 a vil\u00e1g legnagyobb korallz\u00e1tony \u2013 t\u00f6bb mint 2300 km hosszan h\u00faz\u00f3dik Queensland partjain\u00e1l; 1981-ben felvett\u00e9k az UNESCO Vil\u00e1g\u00f6r\u00f6ks\u00e9g r\u00e9sz\u00e9v\u00e9. K\u00f6z\u00e9p-Ausztr\u00e1lia Uluru-Kata Tjuta (a hatalmas v\u00f6r\u00f6s monolit \u00e9s a k\u00f6zeli kupol\u00e1k) szent \u00e9s leny\u0171g\u00f6z\u0151; az Uluru egy UNESCO-helysz\u00edn r\u00e9sze, amely kiemeli geol\u00f3giai \u00e9s kultur\u00e1lis jelent\u0151s\u00e9g\u00e9t. Melbourne-ben sik\u00e1toros k\u00e1v\u00e9z\u00f3kat \u00e9s m\u0171v\u00e9szeti negyedeket fedezhet\u00fcnk fel, m\u00edg Victori\u00e1ban a Great Ocean Road aut\u00f3\u00fat leny\u0171g\u00f6z\u0151 tengerparti kil\u00e1t\u00e1st ny\u00fajt. Messze \u00e9szakon, a tr\u00f3pusokon, a Daintree es\u0151erd\u0151 \u00e9s v\u00edzes\u00e9sei \u0151si dzsungelk\u00e9peket k\u00edn\u00e1lnak. Az ausztr\u00e1lok mindenhol a vadont \u00fcnneplik: a Kenguru-sziget (D\u00e9l-Ausztr\u00e1lia partjain\u00e1l) \u00e9s Tasmania parkjai egyed\u00fcl\u00e1ll\u00f3 vadvil\u00e1got \u00e9s erd\u0151ket t\u00e1rnak fel. A f\u0151v\u00e1rosban, Canberr\u00e1ban nemzeti kincsek szeg\u00e9lyezik a Parlamenti H\u00e1romsz\u00f6get: a Parlament (1988-ban k\u00e9sz\u00fclt el), az Ausztr\u00e1l H\u00e1bor\u00fas Eml\u00e9km\u0171, a Nemzeti Gal\u00e9ria \u00e9s az Ausztr\u00e1l Nemzeti Egyetem mind vonzza a l\u00e1togat\u00f3kat. \u00d6sszess\u00e9g\u00e9ben az orsz\u00e1g soksz\u00edn\u0171s\u00e9ge \u2013 a v\u00e1rosok kultur\u00e1lis ritmus\u00e1t\u00f3l az Outback nyugalm\u00e1ig \u2013 azt jelenti, hogy minden utaz\u00f3 tal\u00e1l valami felejthetetlent.<\/p>\n<p>Ausztr\u00e1lia f\u0151 nemzetk\u00f6zi kapui Sydney, Melbourne, Brisbane, Perth \u00e9s Adelaide f\u0151 rep\u00fcl\u0151terei. A v\u00e1rosokat belf\u00f6ldi j\u00e1ratok \u00e9s t\u00e1vols\u00e1gi buszok vagy vonatok (mint p\u00e9ld\u00e1ul az Indian-Pacific vagy a Ghan) k\u00f6tik \u00f6ssze. A v\u00e1rosokon bel\u00fcl a t\u00f6megk\u00f6zleked\u00e9s v\u00e1ltoz\u00f3: p\u00e9ld\u00e1ul Brisbane-ben \u00e9s Sydneyben el\u0151v\u00e1rosi vas\u00fat- \u00e9s komph\u00e1l\u00f3zat m\u0171k\u00f6dik, m\u00edg Byron Bay-ben csak region\u00e1lis buszok k\u00f6zlekednek. Mindenhol a bal oldalon kell k\u00f6zlekedni. Az aut\u00f3 a legjobb m\u00f3dja a t\u00e1voli ter\u00fcletek felfedez\u00e9s\u00e9nek, de a t\u00e1vols\u00e1gok hatalmasak \u2013 tervezzen el\u0151re, tankoljon \u00e9s vigyen mag\u00e1val vizet az Outbackben. Szabv\u00e1nyos ausztr\u00e1l konnektorokat (I. t\u00edpus\u00fa) \u00e9s 230 V-os \u00e1ramot haszn\u00e1lnak. A nemzeti p\u00e9nznem az ausztr\u00e1l doll\u00e1r (AUD). Az angol nyelvet mindenki besz\u00e9li, \u00e9s \u00fczleti vagy hivatalos k\u00f6rnyezetben az ausztr\u00e1lok jellemz\u0151en hat\u00e1rozott k\u00e9zfog\u00e1ssal \u00fcdv\u00f6zlik egym\u00e1st; h\u00e9tk\u00f6znapi k\u00f6rnyezetben a keresztnevek \u00e9s a \u201et\u00e1rs\u201d gyakori. Borraval\u00f3 nem sz\u00fcks\u00e9ges (kiv\u00e9teles kiszolg\u00e1l\u00e1s\u00e9rt egy kis borraval\u00f3t nagyra \u00e9rt\u00e9kelnek, de nem elv\u00e1rnak). A v\u00edzbiztons\u00e1g \u00e9s a napv\u00e9delem fontos: a d\u00e9li \u00f3ce\u00e1n h\u0171v\u00f6s \u00e9s zord lehet, m\u00edg az \u00e9szaki ny\u00e1ri tengerben med\u00faz\u00e1k (\u201efull\u00e1nkok\u201d) \u00e9lnek, ez\u00e9rt figyeljen a helyi jelz\u00e9sekre \u00e9s haszn\u00e1ljon f\u00e9nyv\u00e9d\u0151t. Ausztr\u00e1lia \u00f6sszess\u00e9g\u00e9ben nagyon biztons\u00e1gos az utaz\u00f3k sz\u00e1m\u00e1ra, alacsony a b\u0171n\u00f6z\u00e9si r\u00e1ta, de a l\u00e1togat\u00f3knak be kell tartaniuk a helyi szab\u00e1lyoz\u00e1sokat (p\u00e9ld\u00e1ul az ittas vezet\u00e9sre vonatkoz\u00f3 korl\u00e1toz\u00e1sokat \u00e9s a vadv\u00e9delmet). Az olyan alapvet\u0151 udvariass\u00e1gi szok\u00e1sok, mint a \u201ek\u00f6sz\u00f6n\u00e9s\u201d vagy a \u201ek\u00f6sz\u00f6n\u00f6m\u201d, az udvarias sorban \u00e1ll\u00e1s \u00e9s a gyalogosoknak val\u00f3 els\u0151bbs\u00e9gad\u00e1s, nagyra \u00e9rt\u00e9kelend\u0151k. Alapvet\u0151 felk\u00e9sz\u00fcl\u00e9ssel Ausztr\u00e1li\u00e1ban k\u00f6nnyen eligazodhat, \u00e9s a l\u00e1togat\u00f3k gazdag \u00e9s bar\u00e1ts\u00e1gos \u00e9lm\u00e9nyekben r\u00e9szes\u00fclhetnek ebben a hatalmas szigetorsz\u00e1gban.<\/p>","protected":false},"excerpt":{"rendered":"<p>Officially the Commonwealth of Australia, Australia is a nation that enthralls with its rich history, dynamic culture, and large landscapes. It includes the mainland of Australia, the island state of Tasmania, and many smaller islands. Australia is a land of contrasts and diversity being the sixth-largest country in the world and the biggest nation by area in Oceania. Characterised by infertile soils, its geographical extent comprises some of the oldest, flattest, driest inhabited areas on Earth.<\/p>","protected":false},"author":1,"featured_media":3758,"parent":24105,"menu_order":0,"comment_status":"closed","ping_status":"closed","template":"elementor_theme","meta":{"_eb_attr":"","footnotes":""},"class_list":["post-9806","page","type-page","status-publish","has-post-thumbnail"],"_links":{"self":[{"href":"https:\/\/travelshelper.com\/hu\/wp-json\/wp\/v2\/pages\/9806","targetHints":{"allow":["GET"]}}],"collection":[{"href":"https:\/\/travelshelper.com\/hu\/wp-json\/wp\/v2\/pages"}],"about":[{"href":"https:\/\/travelshelper.com\/hu\/wp-json\/wp\/v2\/types\/page"}],"author":[{"embeddable":true,"href":"https:\/\/travelshelper.com\/hu\/wp-json\/wp\/v2\/users\/1"}],"replies":[{"embeddable":true,"href":"https:\/\/travelshelper.com\/hu\/wp-json\/wp\/v2\/comments?post=9806"}],"version-history":[{"count":0,"href":"https:\/\/travelshelper.com\/hu\/wp-json\/wp\/v2\/pages\/9806\/revisions"}],"up":[{"embeddable":true,"href":"https:\/\/travelshelper.com\/hu\/wp-json\/wp\/v2\/pages\/24105"}],"wp:featuredmedia":[{"embeddable":true,"href":"https:\/\/travelshelper.com\/hu\/wp-json\/wp\/v2\/media\/3758"}],"wp:attachment":[{"href":"https:\/\/travelshelper.com\/hu\/wp-json\/wp\/v2\/media?parent=9806"}],"curies":[{"name":"wp","href":"https:\/\/api.w.org\/{rel}","templated":true}]}}