{"id":9800,"date":"2024-09-08T23:47:48","date_gmt":"2024-09-08T23:47:48","guid":{"rendered":"https:\/\/travelshelper.com\/staging\/?page_id=9800"},"modified":"2026-03-13T22:57:40","modified_gmt":"2026-03-13T22:57:40","slug":"suva","status":"publish","type":"page","link":"https:\/\/travelshelper.com\/hu\/destinations\/australia-and-oceania\/fiji\/suva\/","title":{"rendered":"Suva"},"content":{"rendered":"<p>Suva Fidzsi f\u0151v\u00e1rosa \u00e9s egyben legnagyobb v\u00e1rosa is. Az orsz\u00e1g legnagyobb nagyv\u00e1rosi r\u00e9gi\u00f3j\u00e1nak k\u00f6zponti k\u00f6zpontjak\u00e9nt \u00e9s els\u0151dleges kik\u00f6t\u0151jek\u00e9nt m\u0171k\u00f6dik. Suva, Viti Levu, Fidzsi legnagyobb sziget\u00e9nek d\u00e9lkeleti partj\u00e1n tal\u00e1lhat\u00f3, a K\u00f6zponti K\u00f6rzet Rewa tartom\u00e1ny\u00e1ban. Ez a v\u00e1ros a t\u00f6rt\u00e9nelmi jelent\u0151s\u00e9g \u00e9s a kort\u00e1rs vitalit\u00e1s \u00f6tv\u00f6zet\u00e9t k\u00e9pviseli, ami kulcsfontoss\u00e1g\u00fa helysz\u00ednn\u00e9 teszi a Csendes-\u00f3ce\u00e1n d\u00e9li r\u00e9sz\u00e9n.<\/p>\n<p>Suva f\u0151v\u00e1ros\u00e1v\u00e1 val\u00f3 kijel\u00f6l\u00e9s 1877-ben kezd\u0151d\u00f6tt, miut\u00e1n Levuk\u00e1b\u00f3l, az akkori f\u0151 eur\u00f3pai gyarmati telep\u00fcl\u00e9sr\u0151l \u00e1thelyezt\u00e9k. Levuka f\u00f6ldrajzi korl\u00e1tai, a meredek hegyek \u00e9s a tenger k\u00f6z\u00f6tti elhelyezked\u00e9s, lehetetlenn\u00e9 terjeszked\u00e9s\u00e9t. 1882-ben a k\u00f6zigazgat\u00e1st hivatalosan Suv\u00e1ba helyezt\u00e9k \u00e1t, ezzel megkezd\u0151d\u00f6tt a Fidzsi-szigetek korm\u00e1nyz\u00e1s\u00e1nak \u00e9s fejl\u0151d\u00e9s\u00e9nek k\u00f6zpontjak\u00e9nt bet\u00f6lt\u00f6tt szerepe.<\/p>\n<p>A 2017-es n\u00e9psz\u00e1ml\u00e1l\u00e1s szerint Suva lakoss\u00e1ga 93 970 f\u0151 volt. A nagyv\u00e1rosi r\u00e9gi\u00f3 lakoss\u00e1ga auton\u00f3m k\u00fclv\u00e1rosaival egy\u00fctt 185 913 f\u0151 volt. A v\u00e1rosi lakoss\u00e1g a szomsz\u00e9dos Lami, Nasinu \u00e9s Nausori v\u00e1rosokkal egy\u00fctt el\u00e9ri a k\u00f6r\u00fclbel\u00fcl 330 000 f\u0151t, ami Fidzsi teljes n\u00e9pess\u00e9g\u00e9nek t\u00f6bb mint egyharmad\u00e1t teszi ki. A Suva-Nausori folyos\u00f3k\u00e9nt ismert v\u00e1roskomplexum hangs\u00falyozza Suva jelent\u0151s\u00e9g\u00e9t, mint k\u00f6zponti csom\u00f3pont Fidzsi v\u00e1rosi keretrendszer\u00e9ben.<\/p>\n<p>Suva Fidzsi politikai k\u00f6zpontja, valamint gazdas\u00e1gi \u00e9s kultur\u00e1lis f\u0151v\u00e1rosa is egyben. A v\u00e1ros sz\u00e1mos nemzetk\u00f6zi v\u00e1llalat, \u00fcgyn\u00f6ks\u00e9g \u00e9s diplom\u00e1ciai k\u00e9pviselet region\u00e1lis k\u00f6zpontj\u00e1nak els\u0151dleges helysz\u00edne. A v\u00e1rost \u00e9l\u00e9nk m\u0171v\u00e9szeti \u00e9s el\u0151ad\u00f3m\u0171v\u00e9szeti k\u00f6rnyezete jellemzi, \u00e9s egyre ink\u00e1bb a D\u00e9l-Csendes-\u00f3ce\u00e1n divatf\u0151v\u00e1rosak\u00e9nt ismerik el. Suva gyarmati \u00f6r\u00f6ks\u00e9g\u00e9t kiemel\u0151 t\u00f6rt\u00e9nelmi helysz\u00ednek, mint p\u00e9ld\u00e1ul a Suva V\u00e1rosi Carnegie K\u00f6nyvt\u00e1r \u00e9s a korm\u00e1nyzati komplexum, gazdag\u00edtj\u00e1k a v\u00e1ros kultur\u00e1lis k\u00f6rnyezet\u00e9t.<\/p>\n<p>Suva egy dombos f\u00e9lszigeten fekszik, amely egy kik\u00f6t\u0151t vesz k\u00f6r\u00fcl, a Laucala-\u00f6b\u00f6l \u00e9s a Suva kik\u00f6t\u0151 mellett. Az \u00e9szaki \u00e9s nyugati hegyek felfogj\u00e1k a d\u00e9lkeleti passz\u00e1tszeleket, ami eg\u00e9sz \u00e9vben \u00e1lland\u00f3an nedves \u00e9ghajlatot eredm\u00e9nyez. Annak ellen\u00e9re, hogy k\u00f6zel van az \u00f3ce\u00e1nhoz, Suva partvonal\u00e1t mangrove n\u00f6v\u00e9nyzet bor\u00edtja, a legk\u00f6zelebbi strand a Pacific Harbour. A jellegzetes f\u00f6ldrajzi k\u00f6rnyezet fokozza Suva vonzerej\u00e9t \u00e9s identit\u00e1s\u00e1t.<\/p>\n<p>Suv\u00e1t v\u00e1ltozatos kultur\u00e1lis \u00f6sszet\u00e9tel jellemzi, amely t\u00falnyom\u00f3r\u00e9szt \u0151slakos fidzsiekb\u0151l \u00e9s indo-fidzsiekb\u0151l \u00e1ll. A v\u00e1ros sz\u00e1mos etnikai kisebbs\u00e9gnek ad otthont, p\u00e9ld\u00e1ul rotum\u00e1noknak, lauaniaknak, eur\u00f3paiaknak \u00e9s k\u00ednaiaknak. Suva nyelvi soksz\u00edn\u0171s\u00e9ge nyilv\u00e1nval\u00f3, az angol, a fidzsi \u00e9s a fidzsi hindi a domin\u00e1ns nyelvek.<\/p>\n<p>A v\u00e1ros jelent\u0151s oktat\u00e1si k\u00f6zpontk\u00e9nt szolg\u00e1l, a D\u00e9l-csendes-\u00f3ce\u00e1ni Egyetem (USP) f\u0151 kampuszak\u00e9nt. Ez az int\u00e9zm\u00e9ny a csendes-\u00f3ce\u00e1ni r\u00e9gi\u00f3k k\u00fcl\u00f6nb\u00f6z\u0151 r\u00e9szeir\u0151l vonzza a hallgat\u00f3kat, ez\u00e1ltal fokozva Suva kultur\u00e1lis soksz\u00edn\u0171s\u00e9g\u00e9t. A Thurston Gardensben tal\u00e1lhat\u00f3 Fidzsi M\u00fazeum \u00e1ttekint\u00e9st ny\u00fajt Fidzsi kiterjedt t\u00f6rt\u00e9nelm\u00e9r\u0151l \u00e9s kult\u00far\u00e1j\u00e1r\u00f3l, \u00e9s a vil\u00e1g legnagyobb fidzsi t\u00e1rgyi gy\u0171jtem\u00e9ny\u00e9t tartalmazza.<\/p>\n<p>A kort\u00e1rs bev\u00e1s\u00e1rl\u00f3k\u00f6zpontok, mint p\u00e9ld\u00e1ul a Suva Central Shopping Mall \u00e9s a TappooCity megjelen\u00e9se, amelyek modern eszt\u00e9tik\u00e1t k\u00f6lcs\u00f6n\u00f6znek a v\u00e1rosnak, Suva v\u00e1rosk\u00e9p\u00e9t folyamatosan fejl\u0151d\u0151k\u00e9nt jellemzi. Ezen fejleszt\u00e9sek integr\u00e1l\u00e1sa a hagyom\u00e1nyos bev\u00e1s\u00e1rl\u00f3negyedekkel, mint p\u00e9ld\u00e1ul a Cumming Street, a t\u00f6rt\u00e9nelmi \u00e9s a kort\u00e1rs elemek egym\u00e1s mell\u00e9 helyez\u00e9s\u00e9t hozza l\u00e9tre, hozz\u00e1j\u00e1rulva Suva dinamikus \u00e9s kifinomult v\u00e1rosi k\u00f6zpontk\u00e9nt val\u00f3 st\u00e1tusz\u00e1hoz.<\/p>","protected":false},"excerpt":{"rendered":"<p>Suva Fidzsi f\u0151v\u00e1rosa \u00e9s egyben legnagyobb v\u00e1rosa is. Az orsz\u00e1g legnagyobb nagyv\u00e1rosi r\u00e9gi\u00f3j\u00e1nak k\u00f6zponti k\u00f6zpontjak\u00e9nt \u00e9s els\u0151dleges kik\u00f6t\u0151jek\u00e9nt m\u0171k\u00f6dik. Suva, Viti Levu, Fidzsi legnagyobb sziget\u00e9nek d\u00e9lkeleti partj\u00e1n tal\u00e1lhat\u00f3, a K\u00f6zponti K\u00f6rzet Rewa tartom\u00e1ny\u00e1ban. Ez a v\u00e1ros a t\u00f6rt\u00e9nelmi jelent\u0151s\u00e9g \u00e9s a kort\u00e1rs vitalit\u00e1s \u00f6tv\u00f6zet\u00e9t k\u00e9pviseli, ami kulcsfontoss\u00e1g\u00fa helysz\u00ednn\u00e9 teszi a Csendes-\u00f3ce\u00e1n d\u00e9li r\u00e9sz\u00e9n.<\/p>","protected":false},"author":1,"featured_media":3855,"parent":9785,"menu_order":0,"comment_status":"closed","ping_status":"closed","template":"elementor_theme","meta":{"_eb_attr":"","footnotes":""},"class_list":["post-9800","page","type-page","status-publish","has-post-thumbnail"],"_links":{"self":[{"href":"https:\/\/travelshelper.com\/hu\/wp-json\/wp\/v2\/pages\/9800","targetHints":{"allow":["GET"]}}],"collection":[{"href":"https:\/\/travelshelper.com\/hu\/wp-json\/wp\/v2\/pages"}],"about":[{"href":"https:\/\/travelshelper.com\/hu\/wp-json\/wp\/v2\/types\/page"}],"author":[{"embeddable":true,"href":"https:\/\/travelshelper.com\/hu\/wp-json\/wp\/v2\/users\/1"}],"replies":[{"embeddable":true,"href":"https:\/\/travelshelper.com\/hu\/wp-json\/wp\/v2\/comments?post=9800"}],"version-history":[{"count":0,"href":"https:\/\/travelshelper.com\/hu\/wp-json\/wp\/v2\/pages\/9800\/revisions"}],"up":[{"embeddable":true,"href":"https:\/\/travelshelper.com\/hu\/wp-json\/wp\/v2\/pages\/9785"}],"wp:featuredmedia":[{"embeddable":true,"href":"https:\/\/travelshelper.com\/hu\/wp-json\/wp\/v2\/media\/3855"}],"wp:attachment":[{"href":"https:\/\/travelshelper.com\/hu\/wp-json\/wp\/v2\/media?parent=9800"}],"curies":[{"name":"wp","href":"https:\/\/api.w.org\/{rel}","templated":true}]}}