{"id":9773,"date":"2024-09-08T23:18:28","date_gmt":"2024-09-08T23:18:28","guid":{"rendered":"https:\/\/travelshelper.com\/staging\/?page_id=9773"},"modified":"2026-03-13T23:08:16","modified_gmt":"2026-03-13T23:08:16","slug":"salamon-szigetek","status":"publish","type":"page","link":"https:\/\/travelshelper.com\/hu\/destinations\/australia-and-oceania\/solomon-islands\/","title":{"rendered":"Salamon-szigetek"},"content":{"rendered":"<p>A Salamon-szigetek, m\u00e1s n\u00e9ven Salamon-szigetek, egy gy\u00f6ny\u00f6r\u0171 orsz\u00e1g Melan\u00e9zia sz\u00edv\u00e9ben, \u00d3ce\u00e1nia nagyobb r\u00e9gi\u00f3j\u00e1nak r\u00e9szek\u00e9nt Ausztr\u00e1li\u00e1t\u00f3l \u00e9szakkeletre. A 21 tekint\u00e9lyes, egyenk\u00e9nt t\u00f6bb mint 100 n\u00e9gyzetkilom\u00e9teres szigetb\u0151l \u00e1ll\u00f3 szigetcsoport mag\u00e1ban foglalja Guadalcanalt, Malait\u00e1t, Makir\u00e1t \u00e9s Santa Isabelt. Ezeken a hatalmas sz\u00e1razf\u00f6ldi t\u00f6megeken k\u00edv\u00fcl a Salamon-szigeteket mintegy 900 kisebb sziget veszi k\u00f6r\u00fcl, \u00edgy gazdag \u00e9s \u00f6sszetett sz\u00e1razf\u00f6ldi \u00e9s tengeri sz\u00f6vetet alkotva. P\u00e1pua \u00daj-Guine\u00e1t\u00f3l nyugaton, Ausztr\u00e1li\u00e1t\u00f3l d\u00e9lnyugaton, \u00daj-Kaled\u00f3ni\u00e1t\u00f3l \u00e9s Vanuatut\u00f3l d\u00e9lkeleten, Fidzsi-szigetekt\u0151l, Wallis \u00e9s Futun\u00e1t\u00f3l, valamint Tuvalut\u00f3l keleten a Salamon-szigetek f\u00f6ldrajzilag sz\u00e1mos m\u00e1s nemzethez k\u00f6zel helyezkednek el. \u00c9szakon Nauru \u00e9s a Mikron\u00e9ziai Sz\u00f6vets\u00e9gi \u00c1llamok tal\u00e1lhat\u00f3k.<\/p>\n<p>A Salamon-szigetek teljes ter\u00fclete 28 896 n\u00e9gyzetkilom\u00e9ter (11 157 n\u00e9gyzetm\u00e9rf\u00f6ld), \u00e9s a 2023-as \u00e9v k\u00f6zep\u00e9n 734 887 f\u0151s lakoss\u00e1got prognosztiz\u00e1l. A legnagyobb szigeten, Guadalcanalon tal\u00e1lhat\u00f3 Honiara f\u0151v\u00e1rosa az orsz\u00e1g politikai \u00e9s gazdas\u00e1gi k\u00f6zpontja. A \u201eSalamon-szigetek\u201d n\u00e9v a Salamon-szigetek teljes szigetcsoportj\u00e1t jelenti, amely mag\u00e1ban foglalja a jelenleg P\u00e1pua \u00daj-Guine\u00e1hoz tartoz\u00f3 Bougainville Auton\u00f3m R\u00e9gi\u00f3t, de nem tartalmazza a Santa Cruz-szigeteket.<\/p>\n<p>Kr. e. 30 000 \u00e9s 28 800 k\u00f6z\u00f6tt emberek telepedtek le ezeken a szigeteken; sz\u00e1mos migr\u00e1ci\u00f3s hull\u00e1m seg\u00edtett l\u00e9trehozni azt a genetikai kever\u00e9ket, amely ma az \u0151slakos lakoss\u00e1got hat\u00e1rozza meg. Ezen els\u0151 bev\u00e1ndorl\u00f3k k\u00f6z\u00f6tt volt a lapita n\u00e9p, akik egyedi fazekass\u00e1gukr\u00f3l \u00e9s vitorl\u00e1z\u00e1si k\u00e9pess\u00e9geikr\u0151l voltak h\u00edresek, \u00e9s akik seg\u00edtettek meghat\u00e1rozni a szigetek kultur\u00e1lis sz\u00ednter\u00e9t.<\/p>\n<p>\u00c1lvaro de Menda\u00f1a spanyol felfedez\u0151 \u00e9rkezett a Salamon-szigetekre els\u0151k\u00e9nt az eur\u00f3paiak k\u00f6z\u00fcl 1568-ban. Menda\u00f1a nem nevezte el a szigeteket; m\u00e1sok, akik a felfedez\u00e9s\u00e9r\u0151l \u00edrtak, \u201eSalamon-szigetekk\u00e9nt\u201d emlegett\u00e9k \u0151ket. Menda\u00f1a 1595-ben ism\u00e9t ell\u00e1togatott a szigetekre, majd 1606-ban egy m\u00e1sik spanyol exped\u00edci\u00f3 \u00e9rkezett a portug\u00e1l haj\u00f3s, Pedro Fernandes de Queir\u00f3s vezet\u00e9s\u00e9vel.<\/p>\n<p>A szigetek strat\u00e9giai jelent\u0151s\u00e9ge nyilv\u00e1nval\u00f3 volt a m\u00e1sodik vil\u00e1gh\u00e1bor\u00fa alatt. Az 1942 \u00e9s 1945 k\u00f6z\u00f6tt zajl\u00f3 Salamon-szigeteki hadj\u00e1rat kulcsfontoss\u00e1g\u00fa \u00f6sszecsap\u00e1s volt a sz\u00f6vets\u00e9ges er\u0151k \u2013 f\u0151k\u00e9nt az Egyes\u00fclt \u00c1llamok \u00e9s a Brit Birodalom \u2013 \u00e9s a Jap\u00e1n Birodalom k\u00f6z\u00f6tt. K\u00fcl\u00f6n\u00f6sen a guadalcanali csata fordul\u00f3pontot jelentett a csendes-\u00f3ce\u00e1ni hadsz\u00ednt\u00e9ren, mivel a heves harcok kiemelt\u00e9k a szigetek l\u00e9tfontoss\u00e1g\u00fa szerep\u00e9t a h\u00e1bor\u00faban.<\/p>\n<p>A d\u00e9li Salamon-szigetek 1893 j\u00fanius\u00e1ban Herbert Gibson kapit\u00e1ny, a HMS Curacoa parancsnoks\u00e1ga alatt brit protektor\u00e1tuss\u00e1 v\u00e1lt. A gyarmati korszak itt kezd\u0151d\u00f6tt, \u00e9s a huszadik sz\u00e1zad k\u00f6zep\u00e9ig tartott. Az \u00f6nkorm\u00e1nyzat fel\u00e9 k\u00f6zeledve a brit korm\u00e1ny 1975-ben megv\u00e1ltoztatta hivatalos nev\u00e9t a \u201eBrit Salamon-szigetek Protektor\u00e1tus\u00e1r\u00f3l\u201d \u201eSalamon-szigetekre\u201d. Ez a folyamat 1976-ban tet\u0151z\u00f6tt, amikor a szigetek \u00f6nkorm\u00e1nyzatot szereztek; a v\u00e9gs\u0151 f\u00fcggetlens\u00e9get pedig 1978-ban nyert\u00e9k el. Miut\u00e1n f\u00fcggetlenn\u00e9 v\u00e1ltak, az orsz\u00e1g felvette a \u201eSalamon-szigetek\u201d nevet, elhagyta a hat\u00e1rozott n\u00e9vel\u0151t, \u00e9s alkotm\u00e1nyos monarchiak\u00e9nt v\u00e1lt ismertt\u00e9.<\/p>\n<p>A Salamon-szigetek ma III. K\u00e1rolyt ismerik el kir\u00e1lyuknak; a kir\u00e1lyt helyben a minisztereln\u00f6k aj\u00e1nl\u00e1sa alapj\u00e1n kiv\u00e1lasztott f\u0151korm\u00e1nyz\u00f3 k\u00e9pviseli. Mik\u00f6zben a szigeteknek saj\u00e1t nemzeti identit\u00e1st ad, ez a politikai keretrendszer elismeri a Brit Koron\u00e1hoz f\u0171z\u0151d\u0151 t\u00f6rt\u00e9nelmi kapcsolataikat. Gazdag t\u00f6rt\u00e9nelm\u00fckre, v\u00e1ltozatos kult\u00far\u00e1jukra \u00e9s l\u00e9tfontoss\u00e1g\u00fa csendes-\u00f3ce\u00e1ni elhelyezked\u00e9s\u00fckre \u00e9p\u00edtve a Salamon-szigetek ma is modern kori kih\u00edv\u00e1sokkal \u00e9s lehet\u0151s\u00e9gekkel n\u00e9z szembe.<\/p>","protected":false},"excerpt":{"rendered":"<p>A Salamon-szigetek, m\u00e1s n\u00e9ven Salamon-szigetek, egy gy\u00f6ny\u00f6r\u0171 orsz\u00e1g Melan\u00e9zia sz\u00edv\u00e9ben, \u00d3ce\u00e1nia nagyobb r\u00e9gi\u00f3j\u00e1nak r\u00e9szek\u00e9nt Ausztr\u00e1li\u00e1t\u00f3l \u00e9szakkeletre. A 21 tekint\u00e9lyes, egyenk\u00e9nt t\u00f6bb mint 100 n\u00e9gyzetkilom\u00e9teres szigetb\u0151l \u00e1ll\u00f3 szigetcsoport mag\u00e1ban foglalja Guadalcanalt, Malait\u00e1t, Makir\u00e1t \u00e9s Santa Isabelt. Ezeken a hatalmas sz\u00e1razf\u00f6ldi t\u00f6megeken k\u00edv\u00fcl a Salamon-szigeteket mintegy 900 kisebb sziget veszi k\u00f6r\u00fcl, \u00edgy gazdag \u00e9s \u00f6sszetett sz\u00e1razf\u00f6ldi \u00e9s tengeri sz\u00f6vetet alkotva. P\u00e1pua \u00daj-Guine\u00e1t\u00f3l nyugaton, Ausztr\u00e1li\u00e1t\u00f3l d\u00e9lnyugaton, \u00daj-Kaled\u00f3ni\u00e1t\u00f3l \u00e9s Vanuatut\u00f3l d\u00e9lkeleten, Fidzsi-szigetekt\u0151l, Wallis \u00e9s Futun\u00e1t\u00f3l, valamint Tuvalut\u00f3l keleten a Salamon-szigetek f\u00f6ldrajzilag sz\u00e1mos m\u00e1s nemzethez k\u00f6zel helyezkednek el. \u00c9szakon Nauru \u00e9s a Mikron\u00e9ziai Sz\u00f6vets\u00e9gi \u00c1llamok tal\u00e1lhat\u00f3k.<\/p>","protected":false},"author":1,"featured_media":2859,"parent":24105,"menu_order":0,"comment_status":"closed","ping_status":"closed","template":"elementor_theme","meta":{"_eb_attr":"","footnotes":""},"class_list":["post-9773","page","type-page","status-publish","has-post-thumbnail"],"_links":{"self":[{"href":"https:\/\/travelshelper.com\/hu\/wp-json\/wp\/v2\/pages\/9773","targetHints":{"allow":["GET"]}}],"collection":[{"href":"https:\/\/travelshelper.com\/hu\/wp-json\/wp\/v2\/pages"}],"about":[{"href":"https:\/\/travelshelper.com\/hu\/wp-json\/wp\/v2\/types\/page"}],"author":[{"embeddable":true,"href":"https:\/\/travelshelper.com\/hu\/wp-json\/wp\/v2\/users\/1"}],"replies":[{"embeddable":true,"href":"https:\/\/travelshelper.com\/hu\/wp-json\/wp\/v2\/comments?post=9773"}],"version-history":[{"count":0,"href":"https:\/\/travelshelper.com\/hu\/wp-json\/wp\/v2\/pages\/9773\/revisions"}],"up":[{"embeddable":true,"href":"https:\/\/travelshelper.com\/hu\/wp-json\/wp\/v2\/pages\/24105"}],"wp:featuredmedia":[{"embeddable":true,"href":"https:\/\/travelshelper.com\/hu\/wp-json\/wp\/v2\/media\/2859"}],"wp:attachment":[{"href":"https:\/\/travelshelper.com\/hu\/wp-json\/wp\/v2\/media?parent=9773"}],"curies":[{"name":"wp","href":"https:\/\/api.w.org\/{rel}","templated":true}]}}