{"id":9692,"date":"2024-09-08T21:38:41","date_gmt":"2024-09-08T21:38:41","guid":{"rendered":"https:\/\/travelshelper.com\/staging\/?page_id=9692"},"modified":"2026-03-13T23:02:05","modified_gmt":"2026-03-13T23:02:05","slug":"uj-zeland","status":"publish","type":"page","link":"https:\/\/travelshelper.com\/hu\/destinations\/australia-and-oceania\/new-zealand\/","title":{"rendered":"\u00daj-Z\u00e9land"},"content":{"rendered":"<p>\u00daj-Z\u00e9land, amelyet maori nyelven Aotearoak\u00e9nt emlegetnek, egy \u00e9rdekes szigetorsz\u00e1g a Csendes-\u00f3ce\u00e1n d\u00e9lnyugati r\u00e9sz\u00e9n. L\u00e9legzetel\u00e1ll\u00edt\u00f3 t\u00e1jair\u00f3l \u00e9s m\u00e9ly kultur\u00e1lis \u00f6r\u00f6ks\u00e9g\u00e9r\u0151l h\u00edres. \u00daj-Z\u00e9land, amely k\u00e9t f\u0151 sz\u00e1razf\u00f6ldb\u0151l \u2013 az \u00c9szaki-szigetb\u0151l (Te Ika-a-M\u0101ui) \u00e9s a D\u00e9li-szigetb\u0151l (Te Waipounamu) \u2013 \u00e9s t\u00f6bb mint 700 kisebb szigetb\u0151l \u00e1ll, ter\u00fclet\u00e9t tekintve a hatodik legnagyobb szigetorsz\u00e1g. Ausztr\u00e1li\u00e1t\u00f3l keletre, a Tasman-tengeren \u00e1t, \u00daj-Kaled\u00f3ni\u00e1t\u00f3l, Fidzsi-szigetekt\u0151l \u00e9s Tong\u00e1t\u00f3l d\u00e9lre tal\u00e1lhat\u00f3, v\u00e1ltozatos t\u00e1jjal rendelkezik, amelyet kiemelked\u0151 hegycs\u00facsok, k\u00fcl\u00f6n\u00f6sen a leny\u0171g\u00f6z\u0151 D\u00e9li-Alpok jellemeznek. Ez a jellegzetes f\u00f6ldrajz nagyr\u00e9szt a tektonikus emelked\u00e9snek \u00e9s a vulk\u00e1ni tev\u00e9kenys\u00e9gnek k\u00f6sz\u00f6nhet\u0151, amelyek \u00e9vmilli\u00f3k alatt form\u00e1lt\u00e1k a terepet.<\/p>\n<p>\u00daj-Z\u00e9land f\u0151v\u00e1rosa Wellington, b\u00e1r Auckland a legn\u00e9pesebb v\u00e1ros. Ezek a nagyv\u00e1rosi ter\u00fcletek \u00e9l\u00e9nk kultur\u00e1lis \u00e9s kereskedelmi k\u00f6zpontok, amelyek megtestes\u00edtik a nemzet dinamikus \u00e9s n\u00f6vekv\u0151 identit\u00e1s\u00e1t. Kort\u00e1rs st\u00e1tusza ellen\u00e9re \u00daj-Z\u00e9land volt az utols\u00f3 nagyobb sz\u00e1razf\u00f6ldi ter\u00fclet, amelyet emberek laktak. 1280 \u00e9s 1350 k\u00f6z\u00f6tt polin\u00e9z haj\u00f3sok kezdt\u00e9k el ben\u00e9pes\u00edteni a szigeteket, v\u00e9g\u00fcl \u00e1polva az egyed\u00fcl\u00e1ll\u00f3 maori kult\u00far\u00e1t, amely ma is \u00daj-Z\u00e9land identit\u00e1s\u00e1nak alapvet\u0151 eleme.<\/p>\n<p>\u00daj-Z\u00e9land eur\u00f3pai felfedez\u00e9se a holland kalandorral, Abel Tasmannal kezd\u0151d\u00f6tt 1642-ben, aki az els\u0151 eur\u00f3paik\u00e9nt megfigyelte \u00e9s dokument\u00e1lta a szigeteket. Csak 1769-ben \u00e9rkezett meg James Cook kapit\u00e1ny, egy brit felfedez\u0151, \u00e9s felt\u00e9rk\u00e9pezte \u00daj-Z\u00e9landot, megk\u00f6nny\u00edtve a k\u00e9s\u0151bbi kapcsolatokat \u00e9s a v\u00e9gs\u0151 gyarmatos\u00edt\u00e1st. Az 1840-ben az Egyes\u00fclt Kir\u00e1lys\u00e1g k\u00fcld\u00f6ttei \u00e9s a maori t\u00f6rzsf\u0151n\u00f6k\u00f6k k\u00f6z\u00f6tt al\u00e1\u00edrt Waitangi-szerz\u0151d\u00e9s fordul\u00f3pontot jelentett \u00daj-Z\u00e9land t\u00f6rt\u00e9nelm\u00e9ben. Ez a szerz\u0151d\u00e9s teremtette meg a brit szuverenit\u00e1s alapjait \u00e9s \u00daj-Z\u00e9land koronagyarmat\u00e1nak 1841-es l\u00e9trehoz\u00e1s\u00e1t. Ezt k\u00f6vet\u0151en a korszakot a gyarmati adminisztr\u00e1ci\u00f3 \u00e9s a maori t\u00f6rzsek k\u00f6z\u00f6tti vit\u00e1k jellemezt\u00e9k, ami jelent\u0151s maori ter\u00fcletek elidegen\u00edt\u00e9s\u00e9hez \u00e9s kisaj\u00e1t\u00edt\u00e1s\u00e1hoz vezetett.<\/p>\n<p>\u00daj-Z\u00e9land f\u00fcggetlens\u00e9gi \u00fatja fokozatos volt. 1907-ben elnyerte az uralkod\u00f3i st\u00e1tuszt, majd 1947-ben teljes hivatalos f\u00fcggetlens\u00e9get szerzett, mik\u00f6zben a brit uralkod\u00f3 maradt az \u00e1llamf\u0151. Jelenleg \u00daj-Z\u00e9land egy dinamikus \u00e9s kozmopolita orsz\u00e1g, k\u00f6r\u00fclbel\u00fcl 5,25 milli\u00f3 lakossal. A lakoss\u00e1g t\u00falnyom\u00f3r\u00e9szt eur\u00f3pai eredet\u0171, a legnagyobb kisebbs\u00e9gi csoportot az \u0151slakos maorik alkotj\u00e1k, akiket \u00e1zsiai \u00e9s csendes-\u00f3ce\u00e1ni kisebbs\u00e9gek v\u00e1ltottak fel. A v\u00e1ltozatos demogr\u00e1fiai k\u00e9p \u00daj-Z\u00e9land kult\u00far\u00e1j\u00e1ban is megmutatkozik, amely t\u00falnyom\u00f3r\u00e9szt a maori szok\u00e1sokb\u00f3l \u00e9s a korai brit telepesekb\u0151l ered, valamint a fokozott bev\u00e1ndorl\u00e1s kort\u00e1rs hat\u00e1saib\u00f3l.<\/p>\n<p>Az orsz\u00e1g h\u00e1rom hivatalos nyelvet ismer el: az angolt, a maorit \u00e9s az \u00faj-z\u00e9landi jelnyelvet, amelyek k\u00f6z\u00fcl az angol a domin\u00e1ns nyelv. \u00daj-Z\u00e9land, mint fejlett nemzet, vezet\u0151 szerepet t\u00f6lt be a t\u00e1rsadalmi fejl\u0151d\u00e9sben. Ez volt az els\u0151 nemzet, amely minim\u00e1lb\u00e9rt vezetett be \u00e9s szavazati jogot adott a n\u0151knek. Az orsz\u00e1g folyamatosan magas helyez\u00e9st \u00e9r el az \u00e9letmin\u0151s\u00e9g \u00e9s az emberi jogok glob\u00e1lis \u00e9rt\u00e9kel\u00e9seiben, \u00e9s vil\u00e1gszerte az egyik legalacsonyabb \u00e9szlelt korrupci\u00f3s szinttel rendelkez\u0151 orsz\u00e1gk\u00e9nt ismert. Mindazon\u00e1ltal tov\u00e1bbra is k\u00fczd a struktur\u00e1lis egyenl\u0151tlens\u00e9gekkel, k\u00fcl\u00f6n\u00f6sen a maori \u00e9s az eur\u00f3pai demogr\u00e1fiai adatok k\u00f6z\u00f6tt.<\/p>\n<p>Az 1980-as \u00e9vekben \u00daj-Z\u00e9land jelent\u0151s gazdas\u00e1gi \u00e1talakul\u00e1son ment kereszt\u00fcl, a protekcionista gazdas\u00e1gr\u00f3l a liberaliz\u00e1lt szabadkereskedelmi gazdas\u00e1gra t\u00e9rt \u00e1t. A szolg\u00e1ltat\u00e1si szektor domin\u00e1l a nemzetgazdas\u00e1gban, ezt k\u00f6veti az ipari szektor \u00e9s a mez\u0151gazdas\u00e1g. A nemzetk\u00f6zi turizmus l\u00e9tfontoss\u00e1g\u00fa p\u00e9nzforr\u00e1s. \u00daj-Z\u00e9land sz\u00e1mos nemzetk\u00f6zi szervezet, p\u00e9ld\u00e1ul az Egyes\u00fclt Nemzetek Szervezet\u00e9nek, a Nemzetk\u00f6z\u00f6ss\u00e9gnek, az ANZUS-nak \u00e9s az \u00c1zsia-Csendes-\u00f3ce\u00e1ni Gazdas\u00e1gi Egy\u00fcttm\u0171k\u00f6d\u00e9snek akt\u00edv r\u00e9sztvev\u0151je. K\u00fcl\u00f6n\u00f6sen er\u0151s kapcsolatokat \u00e1pol az Egyes\u00fclt \u00c1llamokkal, az Egyes\u00fclt Kir\u00e1lys\u00e1ggal \u00e9s m\u00e1s csendes-\u00f3ce\u00e1ni orsz\u00e1gokkal, \u00e9s jellegzetes \u201etransz-Tasm\u00e1n\u201d identit\u00e1st \u00e1pol, amelyet Ausztr\u00e1li\u00e1val oszt meg.<\/p>\n<p>\u00daj-Z\u00e9land parlament\u00e1ris rendszerben m\u0171k\u00f6dik, amelyet egykamar\u00e1s t\u00f6rv\u00e9nyhoz\u00e1s jellemez. A k\u00f6zigazgat\u00e1st Christopher Luxon minisztereln\u00f6k vezeti. Az orsz\u00e1g szuver\u00e9nje III. K\u00e1roly kir\u00e1ly, akit helyileg Cindy Kiro f\u0151korm\u00e1nyz\u00f3 k\u00e9pvisel. \u00daj-Z\u00e9land 11 region\u00e1lis tan\u00e1csra \u00e9s 67 ter\u00fcleti hat\u00f3s\u00e1gra oszlik a helyi korm\u00e1nyz\u00e1s \u00e9rdek\u00e9ben. \u00daj-Z\u00e9land ter\u00fclete nemcsak a f\u0151bb szigeteket foglalja mag\u00e1ban, hanem Tokelau-szigeteit, a Cook-szigeteket, Niue-t \u00e9s az Antarktiszon tal\u00e1lhat\u00f3 Ross-szigetet is.<\/p>","protected":false},"excerpt":{"rendered":"<p>\u00daj-Z\u00e9land, amelyet maori nyelven Aotearoak\u00e9nt emlegetnek, egy \u00e9rdekes szigetorsz\u00e1g a Csendes-\u00f3ce\u00e1n d\u00e9lnyugati r\u00e9sz\u00e9n. L\u00e9legzetel\u00e1ll\u00edt\u00f3 t\u00e1jair\u00f3l \u00e9s m\u00e9ly kultur\u00e1lis \u00f6r\u00f6ks\u00e9g\u00e9r\u0151l h\u00edres. \u00daj-Z\u00e9land, amely k\u00e9t f\u0151 sz\u00e1razf\u00f6ldb\u0151l \u2013 az \u00c9szaki-szigetb\u0151l (Te Ika-a-M\u0101ui) \u00e9s a D\u00e9li-szigetb\u0151l (Te Waipounamu) \u2013 \u00e9s t\u00f6bb mint 700 kisebb szigetb\u0151l \u00e1ll, ter\u00fclet\u00e9t tekintve a hatodik legnagyobb szigetorsz\u00e1g. Ausztr\u00e1li\u00e1t\u00f3l keletre, a Tasman-tengeren \u00e1t, \u00daj-Kaled\u00f3ni\u00e1t\u00f3l, Fidzsi-szigetekt\u0151l \u00e9s Tong\u00e1t\u00f3l d\u00e9lre tal\u00e1lhat\u00f3, v\u00e1ltozatos t\u00e1jjal rendelkezik, amelyet kiemelked\u0151 hegycs\u00facsok, k\u00fcl\u00f6n\u00f6sen a leny\u0171g\u00f6z\u0151 D\u00e9li-Alpok jellemeznek. Ez a jellegzetes f\u00f6ldrajz nagyr\u00e9szt a tektonikus emelked\u00e9snek \u00e9s a vulk\u00e1ni tev\u00e9kenys\u00e9gnek k\u00f6sz\u00f6nhet\u0151, amelyek \u00e9vmilli\u00f3k alatt form\u00e1lt\u00e1k a terepet.<\/p>","protected":false},"author":1,"featured_media":4203,"parent":24105,"menu_order":0,"comment_status":"closed","ping_status":"closed","template":"elementor_theme","meta":{"_eb_attr":"","footnotes":""},"class_list":["post-9692","page","type-page","status-publish","has-post-thumbnail"],"_links":{"self":[{"href":"https:\/\/travelshelper.com\/hu\/wp-json\/wp\/v2\/pages\/9692","targetHints":{"allow":["GET"]}}],"collection":[{"href":"https:\/\/travelshelper.com\/hu\/wp-json\/wp\/v2\/pages"}],"about":[{"href":"https:\/\/travelshelper.com\/hu\/wp-json\/wp\/v2\/types\/page"}],"author":[{"embeddable":true,"href":"https:\/\/travelshelper.com\/hu\/wp-json\/wp\/v2\/users\/1"}],"replies":[{"embeddable":true,"href":"https:\/\/travelshelper.com\/hu\/wp-json\/wp\/v2\/comments?post=9692"}],"version-history":[{"count":0,"href":"https:\/\/travelshelper.com\/hu\/wp-json\/wp\/v2\/pages\/9692\/revisions"}],"up":[{"embeddable":true,"href":"https:\/\/travelshelper.com\/hu\/wp-json\/wp\/v2\/pages\/24105"}],"wp:featuredmedia":[{"embeddable":true,"href":"https:\/\/travelshelper.com\/hu\/wp-json\/wp\/v2\/media\/4203"}],"wp:attachment":[{"href":"https:\/\/travelshelper.com\/hu\/wp-json\/wp\/v2\/media?parent=9692"}],"curies":[{"name":"wp","href":"https:\/\/api.w.org\/{rel}","templated":true}]}}