{"id":9670,"date":"2024-09-08T21:08:00","date_gmt":"2024-09-08T21:08:00","guid":{"rendered":"https:\/\/travelshelper.com\/staging\/?page_id=9670"},"modified":"2026-03-13T23:09:41","modified_gmt":"2026-03-13T23:09:41","slug":"port-moresby","status":"publish","type":"page","link":"https:\/\/travelshelper.com\/hu\/destinations\/australia-and-oceania\/papua-new-guinea\/port-moresby\/","title":{"rendered":"Port Moresby"},"content":{"rendered":"<p>Port Moresby, m\u00e1s n\u00e9ven Pot Mosbi, P\u00e1pua \u00daj-Guinea dinamikus f\u0151v\u00e1rosa \u00e9s legnagyobb metropolisza. Ausztr\u00e1lia \u00e9s \u00daj-Z\u00e9land iparosodottabb ter\u00fcletein k\u00edv\u00fcl Jayapura ut\u00e1n a m\u00e1sodik helyen \u00e1ll, ez a v\u00e1ros, amelyet n\u00e9ha Pom metropoliszk\u00e9nt is emlegetnek, jelent\u0151s nagyv\u00e1rosi k\u00f6zpont a Csendes-\u00f3ce\u00e1n d\u00e9lnyugati r\u00e9sz\u00e9n. Port Moresby strat\u00e9giai helyen tal\u00e1lhat\u00f3 a P\u00e1pua-f\u00e9lsziget d\u00e9lnyugati partj\u00e1n, amely \u00daj-Guinea r\u00e9sze.<\/p>\n<p>A tizenkilencedik sz\u00e1zad m\u00e1sodik fel\u00e9t\u0151l a v\u00e1ros kereskedelmi k\u00f6zpontt\u00e1 fejl\u0151d\u00f6tt. A m\u00e1sodik vil\u00e1gh\u00e1bor\u00fa alatt strat\u00e9giai elhelyezked\u00e9se a cs\u00e1sz\u00e1ri jap\u00e1n er\u0151k k\u00f6zponti elem\u00e9v\u00e9 v\u00e1lt, amelyek 1942 \u00e9s 1943 k\u00f6z\u00f6tt f\u0151k\u00e9nt azt vett\u00e9k c\u00e9lba. A jap\u00e1nok gy\u0171jt\u0151- \u00e9s l\u00e9gib\u00e1zisk\u00e9nt akart\u00e1k haszn\u00e1lni, hogy elv\u00e1gj\u00e1k Ausztr\u00e1lia kapcsolatait Amerik\u00e1val \u00e9s D\u00e9lkelet-\u00c1zsi\u00e1val. Az \u00e9vezredek \u00f3ta Port Moresbyben \u00e9l\u0151 motu-kotaiak hozz\u00e1j\u00e1rulnak a v\u00e1ros t\u00f6rt\u00e9nelmi jelent\u0151s\u00e9g\u00e9hez. A v\u00e1rost 1873-ban fedezt\u00e9k fel, hogy eml\u00e9ket \u00e1ll\u00edtsanak apj\u00e1nak, Sir Fairfax Moresby admir\u00e1lisnak, majd John Moresby kir\u00e1lyi haditenger\u00e9szeti kapit\u00e1nyr\u00f3l nevezt\u00e9k el.<\/p>\n<p>A 2011-es n\u00e9psz\u00e1ml\u00e1l\u00e1skor Port Moresbynek 364 145 lakosa volt; a nem hivatalos becsl\u00e9sek szerint 2020-ra ez a sz\u00e1m 383 000-re emelkedik. Port Moresby, b\u00e1r k\u00f6zel van a K\u00f6zponti Tartom\u00e1nyhoz, f\u00fcggetlen joghat\u00f3s\u00e1ggal rendelkezik, \u00e9s l\u00e9trehozta a Nemzeti F\u0151v\u00e1rosi Ker\u00fcletet. A Motu \u00e9s Koitabu n\u00e9pet, a hagyom\u00e1nyos f\u00f6ldbirtokosokat k\u00e9pvisel\u0151 Motu Koita K\u00f6zgy\u0171l\u00e9s garant\u00e1lja, hogy a helyi korm\u00e1nyz\u00e1s meghallja a v\u00e9lem\u00e9ny\u00fcket.<\/p>\n<p>Port Moresby tr\u00f3pusi szavann\u00e1i \u00e9l\u0151helye eg\u00e9sz \u00e9vben szinte \u00e1lland\u00f3 h\u0151m\u00e9rs\u00e9kletet eredm\u00e9nyez. 898,8 millim\u00e9ter \u00e1tlagos \u00e9ves csapad\u00e9kmennyis\u00e9ggel a v\u00e1rosban hullik a legkevesebb \u00daj-Guine\u00e1ban. A sz\u00e1raz \u00e9vszak a decembert\u0151l m\u00e1jusig tart\u00f3 es\u0151s \u00e9vszakkal szemben fut. Ezt az \u00e9ghajlati mint\u00e1zatot a d\u00e9lkeleti passz\u00e1tszelek \u00e9s a k\u00f6rnyez\u0151 magas hegyek befoly\u00e1solj\u00e1k, amelyek szint\u00e9n hozz\u00e1j\u00e1rulnak a h\u0151m\u00e9rs\u00e9klet jelent\u0151s cs\u00f6kkent\u00e9s\u00e9hez a sz\u00e1raz \u00e9vszakban.<\/p>\n<p>Port Moresby k\u00f6zleked\u00e9si ig\u00e9nyeinek nagy r\u00e9sz\u00e9t buszok \u00e9s mag\u00e1nk\u00e9zben l\u00e9v\u0151 taxik el\u00e9g\u00edtik ki. A gyenge orsz\u00e1gos \u00fath\u00e1l\u00f3zat miatt a rep\u00fcl\u0151g\u00e9pek kulcsfontoss\u00e1g\u00faak a v\u00e1ros \u00e9s az orsz\u00e1g t\u00f6bbi r\u00e9sze k\u00f6z\u00f6tti \u00f6sszek\u00f6ttet\u00e9sben. P\u00e1pua \u00daj-Guinea legnagyobb rep\u00fcl\u0151tere, a Jacksons Nemzetk\u00f6zi Rep\u00fcl\u0151t\u00e9r mind a belf\u00f6ldi, mind a k\u00fclf\u00f6ldi utaz\u00e1sok fontos k\u00f6zpontja. Strat\u00e9giai jelent\u0151s\u00e9g\u00e9t hangs\u00falyozva a rep\u00fcl\u0151t\u00e9r ad otthont a P\u00e1pua \u00daj-Guineai V\u00e9delmi Er\u0151k L\u00e9gi Ezred\u00e9nek is.<\/p>\n<p>P\u00e1pua \u00daj-Guinea exportbev\u00e9teleinek k\u00e9tharmada gazdag term\u00e9szeti er\u0151forr\u00e1saib\u00f3l sz\u00e1rmazik. E b\u0151s\u00e9g ellen\u00e9re az alulfejletts\u00e9g t\u00f6rt\u00e9nelmileg lehet\u0151v\u00e9 tette a k\u00fclf\u00f6ldi szervezetek sz\u00e1m\u00e1ra, hogy profit\u00e1ljanak ezekb\u0151l az er\u0151forr\u00e1sokb\u00f3l. Fordul\u00f3pont k\u00f6vetkezett be, amikor az Egyes\u00fclt \u00c1llamok 2004-ben olajt\u00e1rsas\u00e1got alap\u00edtott, ami jelent\u0151sen megn\u00f6velte P\u00e1pua \u00daj-Guinea exportbev\u00e9teli potenci\u00e1lj\u00e1t. M\u00edg Szingap\u00far, Jap\u00e1n \u00e9s K\u00edna seg\u00edtette P\u00e1pua \u00daj-Guine\u00e1t \u00fczleti tev\u00e9kenys\u00e9g\u00e9nek n\u00f6veked\u00e9s\u00e9ben, Ausztr\u00e1lia jelent\u0151s seg\u00e9lyekkel is nagyszer\u0171 sz\u00f6vets\u00e9ges volt.<\/p>\n<p>Az \u00faj lak\u00f3h\u00e1zakkal, irodatornyokkal, bev\u00e1s\u00e1rl\u00f3k\u00f6zpontokkal \u00e9s kereskedelmi \u00e9p\u00fcletekkel, amelyek megv\u00e1ltoztatt\u00e1k a l\u00e1tk\u00e9pet, Port Moresby jelent\u0151s v\u00e1rosi n\u00f6veked\u00e9sen ment kereszt\u00fcl. A modern kereskedelmi k\u00f6zpontok, \u00e9ttermek \u00e9s t\u00e1rsash\u00e1zak \u00fajj\u00e1\u00e9lesztett\u00e9k a foly\u00f3parti ter\u00fcletet. K\u00fcl\u00f6n\u00f6sen a 2015-\u00f6s D\u00e9l-csendes-\u00f3ce\u00e1ni J\u00e1t\u00e9kokra \u00e9s a 2016-os FIFA U20 n\u0151i vil\u00e1gbajnoks\u00e1gra a v\u00e1ros jelent\u0151sen korszer\u0171s\u00edtette sportl\u00e9tes\u00edtm\u00e9nyeit. A 2018-as APEC cs\u00facstal\u00e1lkoz\u00f3 megszervez\u00e9se sz\u00e1mos vil\u00e1gvezet\u0151t vonzott, \u00e9s felgyors\u00edtotta a fejl\u0151d\u00e9st az\u00e1ltal, hogy Port Moresby-t a glob\u00e1lis figyelem k\u00f6z\u00e9ppontj\u00e1ba helyezte.<\/p>","protected":false},"excerpt":{"rendered":"<p>Port Moresby, m\u00e1s n\u00e9ven Pot Mosbi, P\u00e1pua \u00daj-Guinea dinamikus f\u0151v\u00e1rosa \u00e9s legnagyobb metropolisza. Ausztr\u00e1lia \u00e9s \u00daj-Z\u00e9land iparosodottabb ter\u00fcletein k\u00edv\u00fcl Jayapura ut\u00e1n a m\u00e1sodik helyen \u00e1ll, ez a v\u00e1ros, amelyet n\u00e9ha Pom metropoliszk\u00e9nt is emlegetnek, jelent\u0151s nagyv\u00e1rosi k\u00f6zpont a Csendes-\u00f3ce\u00e1n d\u00e9lnyugati r\u00e9sz\u00e9n. Port Moresby strat\u00e9giai helyen tal\u00e1lhat\u00f3 a P\u00e1pua-f\u00e9lsziget d\u00e9lnyugati partj\u00e1n, amely \u00daj-Guinea r\u00e9sze.<\/p>","protected":false},"author":1,"featured_media":2725,"parent":9661,"menu_order":0,"comment_status":"closed","ping_status":"closed","template":"elementor_theme","meta":{"_eb_attr":"","footnotes":""},"class_list":["post-9670","page","type-page","status-publish","has-post-thumbnail"],"_links":{"self":[{"href":"https:\/\/travelshelper.com\/hu\/wp-json\/wp\/v2\/pages\/9670","targetHints":{"allow":["GET"]}}],"collection":[{"href":"https:\/\/travelshelper.com\/hu\/wp-json\/wp\/v2\/pages"}],"about":[{"href":"https:\/\/travelshelper.com\/hu\/wp-json\/wp\/v2\/types\/page"}],"author":[{"embeddable":true,"href":"https:\/\/travelshelper.com\/hu\/wp-json\/wp\/v2\/users\/1"}],"replies":[{"embeddable":true,"href":"https:\/\/travelshelper.com\/hu\/wp-json\/wp\/v2\/comments?post=9670"}],"version-history":[{"count":0,"href":"https:\/\/travelshelper.com\/hu\/wp-json\/wp\/v2\/pages\/9670\/revisions"}],"up":[{"embeddable":true,"href":"https:\/\/travelshelper.com\/hu\/wp-json\/wp\/v2\/pages\/9661"}],"wp:featuredmedia":[{"embeddable":true,"href":"https:\/\/travelshelper.com\/hu\/wp-json\/wp\/v2\/media\/2725"}],"wp:attachment":[{"href":"https:\/\/travelshelper.com\/hu\/wp-json\/wp\/v2\/media?parent=9670"}],"curies":[{"name":"wp","href":"https:\/\/api.w.org\/{rel}","templated":true}]}}