{"id":9661,"date":"2024-09-08T21:01:07","date_gmt":"2024-09-08T21:01:07","guid":{"rendered":"https:\/\/travelshelper.com\/staging\/?page_id=9661"},"modified":"2026-03-13T23:10:04","modified_gmt":"2026-03-13T23:10:04","slug":"papua-uj-guinea","status":"publish","type":"page","link":"https:\/\/travelshelper.com\/hu\/destinations\/australia-and-oceania\/papua-new-guinea\/","title":{"rendered":"P\u00e1pua \u00daj-Guinea"},"content":{"rendered":"<p>Egy \u00e9rdekes nemzet, P\u00e1pua \u00daj-Guinea, m\u00e1s n\u00e9ven P\u00e1pua \u00daj-Guinea F\u00fcggetlen \u00c1llama, \u00d3ce\u00e1ni\u00e1ban tal\u00e1lhat\u00f3. \u00daj-Guinea sziget\u00e9nek keleti fel\u00e9vel egy\u00fctt sz\u00e1mos tengeri szigetet foglal mag\u00e1ban Melan\u00e9zi\u00e1ban, a Csendes-\u00f3ce\u00e1n d\u00e9lnyugati r\u00e9sz\u00e9n, Ausztr\u00e1li\u00e1t\u00f3l \u00e9szakra. P\u00e1pua \u00daj-Guinea strat\u00e9giai elhelyezked\u00e9se miatt sz\u00e1mos jelent\u0151s szomsz\u00e9d k\u00f6zel\u00e9ben fekszik: d\u00e9len Ausztr\u00e1lia, keleten a Salamon-szigetek, nyugaton pedig Indon\u00e9zia. A d\u00e9li parton fekv\u0151 Port Moresby az orsz\u00e1g f\u0151v\u00e1rosa, valamint politikai \u00e9s \u00fczleti k\u00f6zpontja.<\/p>\n<p>P\u00e1pua \u00daj-Guinea, a vil\u00e1g harmadik legnagyobb szigetorsz\u00e1ga, 462 840 n\u00e9gyzetkilom\u00e9teres (178 700 n\u00e9gyzetm\u00e9rf\u00f6ldes). A mangroveerd\u0151kt\u0151l \u00e9s a tengerparti strandokt\u00f3l a meredek dombokig \u00e9s m\u00e9ly es\u0151erd\u0151kig sz\u00e1mos k\u00f6rnyezet jellemzi ezt a hatalmas ter\u00fcletet. A leny\u0171g\u00f6z\u0151 t\u00e1jon t\u00fal az orsz\u00e1g domborzata kulcsfontoss\u00e1g\u00fa a biol\u00f3giai sokf\u00e9les\u00e9g \u00e9s a kultur\u00e1lis soksz\u00edn\u0171s\u00e9g szempontj\u00e1b\u00f3l is.<\/p>\n<p>Fontos vil\u00e1gesem\u00e9nyek \u00e9s gyarmati hat\u00e1sok form\u00e1lt\u00e1k P\u00e1pua \u00daj-Guinea t\u00f6rt\u00e9nelm\u00e9t orsz\u00e1gk\u00e9nt. Az 1880-as \u00e9vekben az \u00e9szaki N\u00e9met \u00daj-Guinea \u00e9s a d\u00e9li P\u00e1pua Brit Ter\u00fclet elv\u00e1lasztotta a f\u00f6ldet. Az els\u0151 vil\u00e1gh\u00e1bor\u00fat k\u00f6vet\u0151en az eg\u00e9sz ter\u00fclet ausztr\u00e1l ellen\u0151rz\u00e9s al\u00e1 ker\u00fclt, miut\u00e1n \u00daj-Guinea Ter\u00fclet\u00e9t a N\u00e9psz\u00f6vets\u00e9g misszi\u00f3jak\u00e9nt l\u00e9trehozt\u00e1k a n\u00e9met gyarmatr\u00f3l. A jelent\u0151s csatat\u00e9ren heves harcok d\u00faltak a nemzetben, amelyek a m\u00e1sodik vil\u00e1gh\u00e1bor\u00fa \u00faj-guineai hadj\u00e1rata sor\u00e1n befoly\u00e1solt\u00e1k kort\u00e1rs t\u00f6rt\u00e9nelm\u00e9t.<\/p>\n<p>Miut\u00e1n 1975-ben elnyerte f\u00fcggetlens\u00e9g\u00e9t, P\u00e1pua \u00daj-Guinea II. Erzs\u00e9bet uralkod\u00e1sa alatt a Nemzetk\u00f6z\u00f6ss\u00e9g tagja lett. Ez a helyzet 2022-ben bek\u00f6vetkezett hal\u00e1l\u00e1ig megmaradt, amikor III. K\u00e1roly k\u00f6vette \u0151t a tr\u00f3non. Gyarmati m\u00faltja miatt az orsz\u00e1g politikai rendszere \u00e9s k\u00fclpolitik\u00e1ja a region\u00e1lis \u00e9s glob\u00e1lis esem\u00e9nyek meghat\u00e1roz\u00f3 r\u00e9sztvev\u0151je k\u00edv\u00e1n lenni.<\/p>\n<p>P\u00e1pua \u00daj-Guinea egyik legfigyelemrem\u00e9lt\u00f3bb von\u00e1sa a nyelvi soksz\u00edn\u0171s\u00e9ge. 840 ismert nyelv\u00e9vel, k\u00f6zt\u00fck az angollal, ez az orsz\u00e1g a vil\u00e1g nyelvileg legsoksz\u00edn\u0171bb orsz\u00e1ga. Ez a nyelvi soksz\u00edn\u0171s\u00e9g bizony\u00edtja mind az orsz\u00e1g kultur\u00e1lis soksz\u00edn\u0171s\u00e9g\u00e9t, mind az \u0151slakosok kitart\u00e1s\u00e1t. B\u00e1r soksz\u00edn\u0171s\u00e9g van, P\u00e1pua \u00daj-Guinea l\u00e9nyeg\u00e9ben m\u00e9g mindig vid\u00e9ki nemzet; 2019-ben a lakoss\u00e1g alig 13,25%-a \u00e9lt v\u00e1rosokban. A hagyom\u00e1nyos falvakban \u00e9l\u00e9s seg\u00edt a lakoss\u00e1g nagy r\u00e9sz\u00e9nek meg\u0151rizni a hagyom\u00e1nyos \u00e9letm\u00f3dot, amely l\u00e9tfontoss\u00e1g\u00fa t\u00e1rsadalmi strukt\u00far\u00e1juk \u00e9s identit\u00e1suk szempontj\u00e1b\u00f3l.<\/p>\n<p>P\u00e1pua \u00daj-Guinea lakoss\u00e1ga a legnagyobb a csendes-\u00f3ce\u00e1ni szigetorsz\u00e1gok k\u00f6z\u00fcl. A 2022 december\u00e9re vonatkoz\u00f3 el\u0151rejelz\u00e9sek szerint a lakoss\u00e1g sz\u00e1ma k\u00f6zelebb lehet a 17 milli\u00f3hoz, mint a korm\u00e1ny kor\u00e1bbi 9,4 milli\u00f3s becsl\u00e9se. Ez a k\u00fcl\u00f6nbs\u00e9g r\u00e1vil\u00e1g\u00edt arra, milyen neh\u00e9z egy ilyen v\u00e1ltozatos \u00e9s \u00f6sszetett domborzat\u00fa nemzetet sz\u00e1mba venni. Az er\u0151forr\u00e1s-gazd\u00e1lkod\u00e1st \u00e9s a fejleszt\u00e9st nagyban befoly\u00e1solja az orsz\u00e1g n\u00e9pess\u00e9g\u00e9nek n\u00f6veked\u00e9se \u00e9s terjeszked\u00e9se.<\/p>\n<p>P\u00e1pua \u00daj-Guinea \u00e1llatvil\u00e1g\u00e1nak nagy sz\u00e1ma egy m\u00e1sik j\u00f3l ismert tulajdons\u00e1g. Egyes becsl\u00e9sek szerint az orsz\u00e1g v\u00e1ltozatos \u00f6kosziszt\u00e9m\u00e1i sz\u00e1mos felfedezetlen n\u00f6v\u00e9ny- \u00e9s \u00e1llatfajnak adnak otthont, ami k\u00edv\u00e1natos helysz\u00ednn\u00e9 teszi a biol\u00f3giai tanulm\u00e1nyok \u00e9s term\u00e9szetv\u00e9delmi programok sz\u00e1m\u00e1ra. Ez a term\u00e9szeti kincs egyszerre el\u0151ny \u00e9s probl\u00e9ma is, mivel gondos kezel\u00e9st ig\u00e9nyel az \u00f6kol\u00f3giai meg\u0151rz\u00e9s \u00e9s a gazdas\u00e1gi n\u00f6veked\u00e9s \u00f6sszeegyeztet\u00e9se \u00e9rdek\u00e9ben.<\/p>\n<p>A Nemzetk\u00f6zi Valutaalap P\u00e1pua \u00daj-Guinea gazdas\u00e1g\u00e1t fejl\u0151d\u0151nek min\u0151s\u00edti. Az emberek k\u00f6r\u00fclbel\u00fcl negyven sz\u00e1zal\u00e9ka \u00f6nell\u00e1t\u00f3 gazd\u00e1lkod\u00f3k\u00e9nt dolgozik, l\u00e9nyeg\u00e9ben a p\u00e9nz\u00fcgyi rendszeren k\u00edv\u00fcl. A p\u00e1pua \u00faj-guineai alkotm\u00e1ny kifejezetten elismeri \u00e9s v\u00e9di ezt a hagyom\u00e1nyos \u00e9letm\u00f3dot, hangs\u00falyozza a hagyom\u00e1nyos falvak \u00e9s k\u00f6z\u00f6ss\u00e9gek \u00e9rt\u00e9k\u00e9t, mint funkcion\u00e1lis t\u00e1rsadalmi entit\u00e1sokat. Ez az alkotm\u00e1nyos elismer\u00e9s al\u00e1h\u00fazza az \u0151shonos t\u00e1rsadalmi strukt\u00far\u00e1k jelent\u0151s\u00e9g\u00e9t a nemzet identit\u00e1s\u00e1nak \u00e9s korm\u00e1nyz\u00e1s\u00e1nak meghat\u00e1roz\u00e1s\u00e1ban.<\/p>\n<p>A vil\u00e1g sz\u00ednter\u00e9n P\u00e1pua \u00daj-Guinea akt\u00edvan r\u00e9szt vesz sz\u00e1mos region\u00e1lis \u00e9s nemzetk\u00f6zi szervezetben. Eredetileg 1976 \u00f3ta megfigyel\u0151 \u00e1llam volt, \u00e9s teljes jog\u00fa tags\u00e1got k\u00e9rt a D\u00e9lkelet-\u00e1zsiai Nemzetek Sz\u00f6vets\u00e9g\u00e9ben (ASEAN). A Csendes-\u00f3ce\u00e1ni K\u00f6z\u00f6ss\u00e9g, a Csendes-\u00f3ce\u00e1ni Szigetek F\u00f3ruma, a Nemzetk\u00f6z\u00f6ss\u00e9g \u00e9s az Egyes\u00fclt Nemzetek Szervezete \u00e1ltal elismert teljes jog\u00fa tagok k\u00f6z\u00f6tt szerepelnek a k\u00f6vetkez\u0151k. Ezek a kapcsolatok mutatj\u00e1k, mennyire elk\u00f6telezett P\u00e1pua \u00daj-Guinea a region\u00e1lis egy\u00fcttm\u0171k\u00f6d\u00e9s ir\u00e1nt, \u00e9s mennyire befoly\u00e1ssal akar lenni a vil\u00e1g \u00fcgyeire.<\/p>","protected":false},"excerpt":{"rendered":"<p>Egy \u00e9rdekes nemzet, P\u00e1pua \u00daj-Guinea, m\u00e1s n\u00e9ven P\u00e1pua \u00daj-Guinea F\u00fcggetlen \u00c1llama, \u00d3ce\u00e1ni\u00e1ban tal\u00e1lhat\u00f3. \u00daj-Guinea sziget\u00e9nek keleti fel\u00e9vel egy\u00fctt sz\u00e1mos tengeri szigetet foglal mag\u00e1ban Melan\u00e9zi\u00e1ban, a Csendes-\u00f3ce\u00e1n d\u00e9lnyugati r\u00e9sz\u00e9n, Ausztr\u00e1li\u00e1t\u00f3l \u00e9szakra. P\u00e1pua \u00daj-Guinea strat\u00e9giai elhelyezked\u00e9se miatt sz\u00e1mos jelent\u0151s szomsz\u00e9d k\u00f6zel\u00e9ben fekszik: d\u00e9len Ausztr\u00e1lia, keleten a Salamon-szigetek, nyugaton pedig Indon\u00e9zia. A d\u00e9li parton fekv\u0151 Port Moresby az orsz\u00e1g f\u0151v\u00e1rosa, valamint politikai \u00e9s \u00fczleti k\u00f6zpontja.<\/p>","protected":false},"author":1,"featured_media":3890,"parent":24105,"menu_order":0,"comment_status":"closed","ping_status":"closed","template":"elementor_theme","meta":{"_eb_attr":"","footnotes":""},"class_list":["post-9661","page","type-page","status-publish","has-post-thumbnail"],"_links":{"self":[{"href":"https:\/\/travelshelper.com\/hu\/wp-json\/wp\/v2\/pages\/9661","targetHints":{"allow":["GET"]}}],"collection":[{"href":"https:\/\/travelshelper.com\/hu\/wp-json\/wp\/v2\/pages"}],"about":[{"href":"https:\/\/travelshelper.com\/hu\/wp-json\/wp\/v2\/types\/page"}],"author":[{"embeddable":true,"href":"https:\/\/travelshelper.com\/hu\/wp-json\/wp\/v2\/users\/1"}],"replies":[{"embeddable":true,"href":"https:\/\/travelshelper.com\/hu\/wp-json\/wp\/v2\/comments?post=9661"}],"version-history":[{"count":0,"href":"https:\/\/travelshelper.com\/hu\/wp-json\/wp\/v2\/pages\/9661\/revisions"}],"up":[{"embeddable":true,"href":"https:\/\/travelshelper.com\/hu\/wp-json\/wp\/v2\/pages\/24105"}],"wp:featuredmedia":[{"embeddable":true,"href":"https:\/\/travelshelper.com\/hu\/wp-json\/wp\/v2\/media\/3890"}],"wp:attachment":[{"href":"https:\/\/travelshelper.com\/hu\/wp-json\/wp\/v2\/media?parent=9661"}],"curies":[{"name":"wp","href":"https:\/\/api.w.org\/{rel}","templated":true}]}}