{"id":9641,"date":"2024-09-08T20:35:23","date_gmt":"2024-09-08T20:35:23","guid":{"rendered":"https:\/\/travelshelper.com\/staging\/?page_id=9641"},"modified":"2026-03-13T23:10:46","modified_gmt":"2026-03-13T23:10:46","slug":"palau","status":"publish","type":"page","link":"https:\/\/travelshelper.com\/hu\/destinations\/australia-and-oceania\/palau\/","title":{"rendered":"Palau"},"content":{"rendered":"<p>Palau, hivatalos nev\u00e9n Palau K\u00f6zt\u00e1rsas\u00e1g, egy leny\u0171g\u00f6z\u0151 szigetorsz\u00e1g \u00d3ce\u00e1nia Mikron\u00e9zia alr\u00e9gi\u00f3j\u00e1ban, a Csendes-\u00f3ce\u00e1n nyugati r\u00e9sz\u00e9n. Ez a var\u00e1zslatos k\u00f6zt\u00e1rsas\u00e1g, amely mintegy 340 szigetb\u0151l \u00e1ll, egy leny\u0171g\u00f6z\u0151 szigetcsoportot alkot, amely a Karolina-szigetek nyugati l\u00e1ncolat\u00e1t \u00e9s a Mikron\u00e9ziai Sz\u00f6vets\u00e9gi \u00c1llamok ter\u00fcleteit foglalja mag\u00e1ban. B\u00e1r kicsi, Palau egy term\u00e9szeti sz\u00e9ps\u00e9gekben, t\u00f6rt\u00e9nelemben \u00e9s kult\u00far\u00e1ban gazdag orsz\u00e1g.<\/p>\n<p>466 n\u00e9gyzetkilom\u00e9ter\u00e9vel (180 n\u00e9gyzetm\u00e9rf\u00f6ldj\u00e9vel) Palau a vil\u00e1g negyedik legkisebb nemzete. B\u00e1r sz\u00e1razf\u00f6ldj\u00fck kicsi, a szigetek v\u00e1ltozatos t\u00e1jakkal rendelkeznek, a makul\u00e1tlan strandokt\u00f3l a buja tr\u00f3pusi erd\u0151k\u00f6n \u00e1t az \u00e9l\u00e9nk sz\u00edn\u0171 korallz\u00e1tonyokig. Az azonos nev\u0171 Koror a legn\u00e9pesebb sziget \u00e9s egyben az orsz\u00e1g legnagyobb v\u00e1rosa is. Melekeok \u00e1llamban a f\u0151v\u00e1ros, Ngerulmud, a legnagyobb szigeten, Babeldaobon tal\u00e1lhat\u00f3. Palau strat\u00e9giai elhelyezked\u00e9se miatt sz\u00e1mos nemzetk\u00f6zi tengeri hat\u00e1r k\u00f6zel\u00e9ben fekszik; ezeket keleten a Mikron\u00e9ziai Sz\u00f6vets\u00e9gi \u00c1llamokkal, d\u00e9len Indon\u00e9zi\u00e1val \u00e9s \u00e9szaknyugaton a F\u00fcl\u00f6p-szigetekkel osztja meg.<\/p>\n<p>Palau domborzata ugyanolyan gazdag \u00e9s v\u00e1ltozatos, mint a t\u00f6rt\u00e9nelme. Eredetileg a d\u00e9lkelet-\u00e1zsiai tengerparti bev\u00e1ndorl\u00f3k gyarmatos\u00edtott\u00e1k, k\u00f6r\u00fclbel\u00fcl 3000 \u00e9vvel ezel\u0151tt, Palau jellegzetes kultur\u00e1lis sz\u00f6vete ehhez a korai k\u00f6z\u00f6ss\u00e9ghez k\u00f6t\u0151dik. Paul Klein cseh misszion\u00e1rius munk\u00e1j\u00e1nak k\u00f6sz\u00f6nhet\u0151en, aki a F\u00fcl\u00f6p-szigeteki partokra Samarban eljut\u00f3 haj\u00f3t\u00f6r\u00f6tt palauak t\u00f6rt\u00e9netei alapj\u00e1n dokument\u00e1lta a szigeteket, a sziget el\u0151sz\u00f6r jelent meg az eur\u00f3pai t\u00e9rk\u00e9pen.<\/p>\n<p>Palau 1885-ben csatlakozott a spanyol Kelet-Indi\u00e1khoz, ezzel elind\u00edtva az eur\u00f3pai befoly\u00e1st. A n\u00e9met-spanyol szerz\u0151d\u00e9s \u00e9rtelm\u00e9ben azonban N\u00e9metorsz\u00e1g megv\u00e1s\u00e1rolta a szigeteket Spanyolorsz\u00e1gt\u00f3l, miut\u00e1n Spanyolorsz\u00e1g elvesztette a spanyol-amerikai h\u00e1bor\u00fat 1898-ban. Ez id\u0151 alatt a szigetek N\u00e9met \u00daj-Guinea fennhat\u00f3s\u00e1ga al\u00e1 tartoztak. A N\u00e9psz\u00f6vets\u00e9g d\u00e9li-tengeri mand\u00e1tuma \u00e9rtelm\u00e9ben a szigetek az els\u0151 vil\u00e1gh\u00e1bor\u00fat k\u00f6vet\u0151en jap\u00e1n uralom al\u00e1 ker\u00fcltek.<\/p>\n<p>A Mariana \u00e9s Palau-szigetek megf\u00e9kez\u00e9s\u00e9re ir\u00e1nyul\u00f3 hadj\u00e1rat r\u00e9szek\u00e9nt az amerikai \u00e9s jap\u00e1n er\u0151k k\u00f6z\u00f6tti heves \u00f6sszecsap\u00e1sok miatt a m\u00e1sodik vil\u00e1gh\u00e1bor\u00fa s\u00falyos visz\u00e1lyokat hozott Palaura. Palau 1947-ben, a m\u00e1sodik vil\u00e1gh\u00e1bor\u00fa alatt csatlakozott az Egyes\u00fclt \u00c1llamok korm\u00e1nyz\u00e1sa alatt \u00e1ll\u00f3 Csendes-\u00f3ce\u00e1ni Szigetek Gy\u00e1ms\u00e1gi Ter\u00fclet\u00e9hez. Palau egy 1978-as n\u00e9pszavaz\u00e1son \u00fagy d\u00f6nt\u00f6tt, hogy nem csatlakozik a Mikron\u00e9ziai Sz\u00f6vets\u00e9gi \u00c1llamokhoz, \u00edgy 1994-ben teljes szuverenit\u00e1st szerzett az Egyes\u00fclt \u00c1llamokkal k\u00f6t\u00f6tt Szabad T\u00e1rsul\u00e1si Paktum keret\u00e9ben, ami jelent\u0151s elmozdul\u00e1st jelentett az \u00f6nrendelkez\u00e9s fel\u00e9.<\/p>\n<p>Palau ma eln\u00f6ki k\u00f6zt\u00e1rsas\u00e1gk\u00e9nt m\u0171k\u00f6dik, szabad t\u00e1rsul\u00e1sban az Egyes\u00fclt \u00c1llamokkal. Ez a kapcsolat garant\u00e1lja, hogy az Egyes\u00fclt \u00c1llamok v\u00e9delmet, p\u00e9nzt \u00e9s szoci\u00e1lis szolg\u00e1ltat\u00e1sokat biztos\u00edt, ez\u00e1ltal stabil politikai k\u00f6rnyezetet teremtve. A k\u00e9tkamar\u00e1s Palau Nemzeti Kongresszus t\u00f6rv\u00e9nyhoz\u00f3 hatalommal rendelkezik, ez\u00e9rt meglehet\u0151sen fontos szerepet j\u00e1tszik az orsz\u00e1g politik\u00e1j\u00e1nak alak\u00edt\u00e1s\u00e1ban.<\/p>\n<p>Palau gazdas\u00e1gilag nagyr\u00e9szt a hal\u00e1szatra, az \u00f6nell\u00e1t\u00f3 gazd\u00e1lkod\u00e1sra \u00e9s a turizmusra t\u00e1maszkodik. Szigeteinek l\u00e9legzetel\u00e1ll\u00edt\u00f3 term\u00e9szeti sz\u00e9ps\u00e9ge \u2013 bele\u00e9rtve a vil\u00e1gsz\u00ednvonal\u00fa b\u00fav\u00e1rhelyeket is \u2013 mindenhonnan vonzza a turist\u00e1kat. A Palau gazdas\u00e1g\u00e1nak fenntart\u00e1s\u00e1ban a glob\u00e1lis sz\u00f6vets\u00e9gek \u00e9rt\u00e9k\u00e9t t\u00fckr\u00f6zve brutt\u00f3 nemzeti term\u00e9k\u00e9nek (GNP) jelent\u0151s r\u00e9sze k\u00fclf\u00f6ldi seg\u00e9lyekb\u0151l sz\u00e1rmazik. A hivatalos p\u00e9nznem az Egyes\u00fclt \u00c1llamok doll\u00e1rja, \u00edgy er\u0151s\u00edtve a kapcsolatokat az amerikai gazdas\u00e1ggal.<\/p>\n<p>Palau kult\u00far\u00e1j\u00e1ban b\u0151velkednek mikron\u00e9ziai, melan\u00e9ziai, \u00e1zsiai \u00e9s nyugati elemek. A lakoss\u00e1g nagy r\u00e9sz\u00e9t a palaui etnikai n\u00e9pek alkotj\u00e1k, akik vegyes mikron\u00e9ziai, melan\u00e9ziai \u00e9s ausztron\u00e9z sz\u00e1rmaz\u00e1s\u00faak. Az orsz\u00e1g nyelvi sz\u00edntere is t\u00fckr\u00f6zi ezt a kultur\u00e1lis soksz\u00edn\u0171s\u00e9get. A hivatalosan angol \u00e9s a palau, amely az ausztron\u00e9z nyelvcsal\u00e1d r\u00e9sze, region\u00e1lis nyelvk\u00e9nt ismert, mag\u00e1ban foglalja a jap\u00e1nt, a sonsorolit \u00e9s a tobiust is, ez\u00e1ltal kiemelve az orsz\u00e1g kozmopolita jelleg\u00e9t.<\/p>","protected":false},"excerpt":{"rendered":"<p>Palau, hivatalos nev\u00e9n Palau K\u00f6zt\u00e1rsas\u00e1g, egy leny\u0171g\u00f6z\u0151 szigetorsz\u00e1g \u00d3ce\u00e1nia Mikron\u00e9zia alr\u00e9gi\u00f3j\u00e1ban, a Csendes-\u00f3ce\u00e1n nyugati r\u00e9sz\u00e9n. Ez a var\u00e1zslatos k\u00f6zt\u00e1rsas\u00e1g, amely mintegy 340 szigetb\u0151l \u00e1ll, egy leny\u0171g\u00f6z\u0151 szigetcsoportot alkot, amely a Karolina-szigetek nyugati l\u00e1ncolat\u00e1t \u00e9s a Mikron\u00e9ziai Sz\u00f6vets\u00e9gi \u00c1llamok ter\u00fcleteit foglalja mag\u00e1ban. B\u00e1r kicsi, Palau egy term\u00e9szeti sz\u00e9ps\u00e9gekben, t\u00f6rt\u00e9nelemben \u00e9s kult\u00far\u00e1ban gazdag orsz\u00e1g.<\/p>","protected":false},"author":1,"featured_media":3589,"parent":24105,"menu_order":0,"comment_status":"closed","ping_status":"closed","template":"elementor_theme","meta":{"_eb_attr":"","footnotes":""},"class_list":["post-9641","page","type-page","status-publish","has-post-thumbnail"],"_links":{"self":[{"href":"https:\/\/travelshelper.com\/hu\/wp-json\/wp\/v2\/pages\/9641","targetHints":{"allow":["GET"]}}],"collection":[{"href":"https:\/\/travelshelper.com\/hu\/wp-json\/wp\/v2\/pages"}],"about":[{"href":"https:\/\/travelshelper.com\/hu\/wp-json\/wp\/v2\/types\/page"}],"author":[{"embeddable":true,"href":"https:\/\/travelshelper.com\/hu\/wp-json\/wp\/v2\/users\/1"}],"replies":[{"embeddable":true,"href":"https:\/\/travelshelper.com\/hu\/wp-json\/wp\/v2\/comments?post=9641"}],"version-history":[{"count":0,"href":"https:\/\/travelshelper.com\/hu\/wp-json\/wp\/v2\/pages\/9641\/revisions"}],"up":[{"embeddable":true,"href":"https:\/\/travelshelper.com\/hu\/wp-json\/wp\/v2\/pages\/24105"}],"wp:featuredmedia":[{"embeddable":true,"href":"https:\/\/travelshelper.com\/hu\/wp-json\/wp\/v2\/media\/3589"}],"wp:attachment":[{"href":"https:\/\/travelshelper.com\/hu\/wp-json\/wp\/v2\/media?parent=9641"}],"curies":[{"name":"wp","href":"https:\/\/api.w.org\/{rel}","templated":true}]}}