{"id":9611,"date":"2024-09-08T19:59:37","date_gmt":"2024-09-08T19:59:37","guid":{"rendered":"https:\/\/travelshelper.com\/staging\/?page_id=9611"},"modified":"2026-03-13T22:56:56","modified_gmt":"2026-03-13T22:56:56","slug":"marshall-szigetek","status":"publish","type":"page","link":"https:\/\/travelshelper.com\/hu\/destinations\/australia-and-oceania\/marshall-islands\/","title":{"rendered":"Marshall-szigetek"},"content":{"rendered":"<p>A Marshall-szigetek, hivatalos nev\u00e9n a Marshall-szigetek K\u00f6zt\u00e1rsas\u00e1ga (Aolep\u0101n Aor\u014dkin \u1e42aje\u1e37), egy szuver\u00e9n szigetorsz\u00e1g a Csendes-\u00f3ce\u00e1n \u00e9szaknyugati r\u00e9sz\u00e9n, Mikron\u00e9zi\u00e1ban. A nemzetk\u00f6zi d\u00e1tumvonalt\u00f3l nyugatra \u00e9s az egyenl\u00edt\u0151t\u0151l \u00e9szakra fekv\u0151 Marshall-szigetek egy jellegzetes nemzet gazdag t\u00f6rt\u00e9nelemmel \u00e9s egyedi f\u00f6ldrajzi jellemz\u0151kkel. Az orsz\u00e1g 29 korallz\u00e1tonyb\u00f3l \u00e9s \u00f6t szigetb\u0151l \u00e1ll, amelyek k\u00e9t szigetl\u00e1ncba sorolhat\u00f3k: Ratak keleten \u00e9s Ralik nyugaton. Figyelemre m\u00e9lt\u00f3, hogy az orsz\u00e1g ter\u00fclet\u00e9nek 97,87%-\u00e1t v\u00edz bor\u00edtja, \u00edgy ez a legmagasabb v\u00edz-sz\u00e1razf\u00f6ld ar\u00e1nnyal rendelkez\u0151 szuver\u00e9n \u00e1llam.<\/p>\n<p>A Marshall-szigetek tengeri hat\u00e1rai t\u00f6bb ter\u00fclettel \u00e9s nemzettel hat\u00e1rosak: \u00e9szakon Wake-sziget, d\u00e9lkeleten Kiribati, d\u00e9len Nauru, nyugaton pedig a Mikron\u00e9ziai Sz\u00f6vets\u00e9gi \u00c1llamok. Majuro, a f\u0151v\u00e1ros \u00e9s egyben legnagyobb v\u00e1ros, az orsz\u00e1g lakoss\u00e1g\u00e1nak mintegy \u00f6tven sz\u00e1zal\u00e9k\u00e1t befogadja, politikai \u00e9s gazdas\u00e1gi k\u00f6zpontk\u00e9nt funkcion\u00e1l.<\/p>\n<p>A Marshall-szigetek t\u00f6rt\u00e9nete alapvet\u0151en az ausztron\u00e9z n\u00e9pv\u00e1ndorl\u00e1sban gy\u00f6kerezik, amely m\u00e1r az i. e. 2. \u00e9vezredben meg\u00e9rkezett a szigetekre. A kezdeti bev\u00e1ndorl\u00f3k d\u00e9lkelet-\u00e1zsiai n\u00f6v\u00e9nyeket, p\u00e9ld\u00e1ul k\u00f3kuszdi\u00f3t, hatalmas mocs\u00e1ri tar\u00f3t \u00e9s keny\u00e9rgy\u00fcm\u00f6lcs\u00f6t, valamint h\u00e1zias\u00edtott baromfit hoztak be, \u00edgy a szigetek \u00e1lland\u00f3an lakhat\u00f3ak voltak. A 16. sz\u00e1zad k\u00f6zep\u00e9n sz\u00e1mos spanyol exped\u00edci\u00f3 \u00e9rte el a szigeteket; a spanyol g\u00e1ly\u00e1k azonban \u00e1ltal\u00e1ban \u00e9szakabbra, a csendes-\u00f3ce\u00e1ni \u00fatvonalon haj\u00f3ztak, \u00edgy megker\u00fclve a Marshall-szigeteket.<\/p>\n<p>A szigeteket John Marshall brit kapit\u00e1nyr\u00f3l nevezt\u00e9k el, aki 1788-ban felfedezte a ter\u00fcletet. Az 1850-es \u00e9vekben amerikai protest\u00e1ns misszion\u00e1riusok \u00e9s nyugati kereskedelmi \u00e9rdekelts\u00e9gek \u00e9rkeztek, ami jelent\u0151s k\u00fclf\u00f6ldi befoly\u00e1s kezdet\u00e9t jelezte. Az 1870-es \u00e9s 1880-as \u00e9vekben a n\u00e9met koprakeresked\u0151k uralt\u00e1k a gazdas\u00e1got, aminek eredm\u00e9nyek\u00e9nt a N\u00e9met Birodalom 1885-ben protektor\u00e1tusk\u00e9nt annekt\u00e1lta a Marshall-szigeteket. Az els\u0151 vil\u00e1gh\u00e1bor\u00fa alatt a Jap\u00e1n Birodalom megsz\u00e1llta a szigeteket, amelyek a h\u00e1bor\u00fat k\u00f6vet\u0151en a jap\u00e1n d\u00e9li-tengeri mand\u00e1tum r\u00e9sz\u00e9v\u00e9 v\u00e1ltak. A m\u00e1sodik vil\u00e1gh\u00e1bor\u00fat k\u00f6vet\u0151en az Egyes\u00fclt \u00c1llamok \u00e1tvette a hatalmat, \u00e9s a szigeteket a Csendes-\u00f3ce\u00e1ni Szigetek Gy\u00e1ms\u00e1gi Ter\u00fclet\u00e9nek r\u00e9szek\u00e9nt korm\u00e1nyozta. 1946 \u00e9s 1958 k\u00f6z\u00f6tt az Egyes\u00fclt \u00c1llamok 67 nukle\u00e1ris k\u00eds\u00e9rletet hajtott v\u00e9gre a Bikini-atollon \u00e9s az Enewetak-atollon, ami m\u00e9lyrehat\u00f3 hat\u00e1st gyakorolt \u200b\u200ba szigetekre.<\/p>\n<p>Az \u00f6nkorm\u00e1nyz\u00e1sra val\u00f3 t\u00f6rekv\u00e9s 1965-ben a Mikron\u00e9ziai Kongresszus megalap\u00edt\u00e1s\u00e1val kezd\u0151d\u00f6tt, amelynek c\u00e9lja a csendes-\u00f3ce\u00e1ni szigetek auton\u00f3mi\u00e1j\u00e1nak meger\u0151s\u00edt\u00e9se volt. 1979 m\u00e1jus\u00e1ban az Egyes\u00fclt \u00c1llamok elismerte a Marshall-szigetek alkotm\u00e1ny\u00e1t \u00e9s eln\u00f6k\u00e9t, Amata Kabu\u00e1t, \u00edgy f\u00fcggetlens\u00e9get adom\u00e1nyozott a nemzetnek. A teljes szuverenit\u00e1st az Egyes\u00fclt \u00c1llamokkal k\u00f6t\u00f6tt Szabad T\u00e1rsul\u00e1si Paktum keret\u00e9ben \u00e9rt\u00e9k el, amely v\u00e9delmet, p\u00e9nz\u00fcgyi t\u00e1mogat\u00e1st \u00e9s hozz\u00e1f\u00e9r\u00e9st biztos\u00edtott az olyan amerikai int\u00e9zm\u00e9nyekhez, mint a Sz\u00f6vets\u00e9gi H\u00edrk\u00f6zl\u00e9si Bizotts\u00e1g \u00e9s az Egyes\u00fclt \u00c1llamok Postai Szolg\u00e1lata. A Marshall-szigetek 1983 \u00f3ta a Csendes-\u00f3ce\u00e1ni K\u00f6z\u00f6ss\u00e9g tagja, \u00e9s 1991-ben lett az ENSZ tagja.<\/p>\n<p>A Marshall-szigetek gazdas\u00e1ga t\u00falnyom\u00f3r\u00e9szt szolg\u00e1ltat\u00e1sorient\u00e1lt, amelyet a hal\u00e1szat \u00e9s a mez\u0151gazdas\u00e1g eg\u00e9sz\u00edt ki, az Egyes\u00fclt \u00c1llamok jelent\u0151s p\u00e9nz\u00fcgyi t\u00e1mogat\u00e1sa pedig a GDP jelent\u0151s r\u00e9sz\u00e9t teszi ki. A Szabad T\u00e1rsul\u00e1si Paktum \u00e1ltal ny\u00fajtott p\u00e9nz\u00fcgyi t\u00e1mogat\u00e1st, amelynek eredetileg 2023-ra kellett volna lez\u00e1rulnia, tov\u00e1bbi 20 \u00e9vvel meghosszabb\u00edtott\u00e1k. Az orsz\u00e1g az amerikai doll\u00e1rt haszn\u00e1lja fizet\u0151eszk\u00f6zk\u00e9nt, \u00e9s 2018-ban kijelentette sz\u00e1nd\u00e9k\u00e1t, hogy egy \u00faj kriptovalut\u00e1t vezet be leg\u00e1lis fizet\u0151eszk\u00f6zk\u00e9nt.<\/p>\n<p>A Marshall-szigetek lakoss\u00e1g\u00e1t els\u0151sorban marshall-szigeteki sz\u00e1rmaz\u00e1s\u00faak alkotj\u00e1k, valamint kisebb bev\u00e1ndorl\u00f3 k\u00f6z\u00f6ss\u00e9gek \u00e9rkeznek az Egyes\u00fclt \u00c1llamokb\u00f3l, K\u00edn\u00e1b\u00f3l, a F\u00fcl\u00f6p-szigetekr\u0151l \u00e9s m\u00e1s csendes-\u00f3ce\u00e1ni szigetekr\u0151l. A marshall-szigeteki \u00e9s az angol nyelv a hivatalos nyelv, amely a nemzet kultur\u00e1lis \u00f6r\u00f6ks\u00e9g\u00e9t \u00e9s t\u00f6rt\u00e9nelmi kapcsolatait testes\u00edti meg. A vall\u00e1s szerves r\u00e9sze a kult\u00far\u00e1nak, szinte az eg\u00e9sz lakoss\u00e1g valamilyen hitrendszert k\u00f6vet. A szigetek lakoss\u00e1ga t\u00falnyom\u00f3r\u00e9szt a Krisztus Egyes\u00fclt Egyh\u00e1z\u00e1hoz \u2013 a Marshall-szigeteki Kongregacionalista Egyh\u00e1zhoz vagy az Isten Gy\u00fclekezeteihez k\u00f6t\u0151dik.<\/p>","protected":false},"excerpt":{"rendered":"<p>A Marshall-szigetek, hivatalos nev\u00e9n a Marshall-szigetek K\u00f6zt\u00e1rsas\u00e1ga (Aolep\u0101n Aor\u014dkin \u1e42aje\u1e37), egy szuver\u00e9n szigetorsz\u00e1g a Csendes-\u00f3ce\u00e1n \u00e9szaknyugati r\u00e9sz\u00e9n, Mikron\u00e9zi\u00e1ban. A nemzetk\u00f6zi d\u00e1tumvonalt\u00f3l nyugatra \u00e9s az egyenl\u00edt\u0151t\u0151l \u00e9szakra fekv\u0151 Marshall-szigetek egy jellegzetes nemzet gazdag t\u00f6rt\u00e9nelemmel \u00e9s egyedi f\u00f6ldrajzi jellemz\u0151kkel. Az orsz\u00e1g 29 korallz\u00e1tonyb\u00f3l \u00e9s \u00f6t szigetb\u0151l \u00e1ll, amelyek k\u00e9t szigetl\u00e1ncba sorolhat\u00f3k: Ratak keleten \u00e9s Ralik nyugaton. Figyelemre m\u00e9lt\u00f3, hogy az orsz\u00e1g ter\u00fclet\u00e9nek 97,87%-\u00e1t v\u00edz bor\u00edtja, \u00edgy ez a legmagasabb v\u00edz-sz\u00e1razf\u00f6ld ar\u00e1nnyal rendelkez\u0151 szuver\u00e9n \u00e1llam.<\/p>","protected":false},"author":1,"featured_media":3354,"parent":24105,"menu_order":0,"comment_status":"closed","ping_status":"closed","template":"elementor_theme","meta":{"_eb_attr":"","footnotes":""},"class_list":["post-9611","page","type-page","status-publish","has-post-thumbnail"],"_links":{"self":[{"href":"https:\/\/travelshelper.com\/hu\/wp-json\/wp\/v2\/pages\/9611","targetHints":{"allow":["GET"]}}],"collection":[{"href":"https:\/\/travelshelper.com\/hu\/wp-json\/wp\/v2\/pages"}],"about":[{"href":"https:\/\/travelshelper.com\/hu\/wp-json\/wp\/v2\/types\/page"}],"author":[{"embeddable":true,"href":"https:\/\/travelshelper.com\/hu\/wp-json\/wp\/v2\/users\/1"}],"replies":[{"embeddable":true,"href":"https:\/\/travelshelper.com\/hu\/wp-json\/wp\/v2\/comments?post=9611"}],"version-history":[{"count":0,"href":"https:\/\/travelshelper.com\/hu\/wp-json\/wp\/v2\/pages\/9611\/revisions"}],"up":[{"embeddable":true,"href":"https:\/\/travelshelper.com\/hu\/wp-json\/wp\/v2\/pages\/24105"}],"wp:featuredmedia":[{"embeddable":true,"href":"https:\/\/travelshelper.com\/hu\/wp-json\/wp\/v2\/media\/3354"}],"wp:attachment":[{"href":"https:\/\/travelshelper.com\/hu\/wp-json\/wp\/v2\/media?parent=9611"}],"curies":[{"name":"wp","href":"https:\/\/api.w.org\/{rel}","templated":true}]}}