{"id":9598,"date":"2024-09-08T19:45:06","date_gmt":"2024-09-08T19:45:06","guid":{"rendered":"https:\/\/travelshelper.com\/staging\/?page_id=9598"},"modified":"2026-03-13T22:54:30","modified_gmt":"2026-03-13T22:54:30","slug":"nauru","status":"publish","type":"page","link":"https:\/\/travelshelper.com\/hu\/destinations\/australia-and-oceania\/nauru\/","title":{"rendered":"Nauru"},"content":{"rendered":"<p>Nauru, hivatalos nev\u00e9n Nauru K\u00f6zt\u00e1rsas\u00e1g, egy kis szigetorsz\u00e1g \u00e9s mikro\u00e1llam Mikron\u00e9zi\u00e1ban, \u00d3ce\u00e1nia hatalmas r\u00e9gi\u00f3j\u00e1nak r\u00e9szek\u00e9nt, a K\u00f6z\u00e9p-Csendes-\u00f3ce\u00e1nban. A t\u00f6rt\u00e9nelmileg Pleasant Island n\u00e9ven ismert Nauru egy egyed\u00fcl\u00e1ll\u00f3 nemzet gazdag t\u00f6rt\u00e9nelemmel \u00e9s \u00f6sszetett t\u00e1rsadalmi-gazdas\u00e1gi t\u00e1jjal. Legk\u00f6zelebbi szomsz\u00e9dja Kiribati Banaba-szigete, amely k\u00f6r\u00fclbel\u00fcl 300 kilom\u00e9terre keletre tal\u00e1lhat\u00f3. F\u00f6ldrajzilag Nauru Tuvalut\u00f3l \u00e9szaknyugatra, a Salamon-szigetekt\u0151l 1300 kilom\u00e9terre \u00e9szakkeletre, P\u00e1pua \u00daj-Guine\u00e1t\u00f3l kelet-\u00e9szakkeletre, a Mikron\u00e9ziai Sz\u00f6vets\u00e9gi \u00c1llamokt\u00f3l d\u00e9lkeletre \u00e9s a Marshall-szigetekt\u0151l d\u00e9lre fekszik.<\/p>\n<p>Mind\u00f6ssze 21 n\u00e9gyzetkilom\u00e9teres (8,1 n\u00e9gyzetm\u00e9rf\u00f6ldes) sz\u00e1razf\u00f6ldi ter\u00fclet\u00e9vel Nauru a vil\u00e1g harmadik legkisebb orsz\u00e1ga, csak Vatik\u00e1nv\u00e1rosn\u00e1l \u00e9s Monac\u00f3n\u00e1l nagyobb. Ez teszi a vil\u00e1g legkisebb k\u00f6zt\u00e1rsas\u00e1g\u00e1v\u00e1 \u00e9s szigetorsz\u00e1g\u00e1v\u00e1, valamint ter\u00fcletileg a Nemzetek K\u00f6z\u00f6ss\u00e9g\u00e9nek legkisebb tag\u00e1llam\u00e1v\u00e1. Apr\u00f3 m\u00e9rete ellen\u00e9re Nauru k\u00f6r\u00fclbel\u00fcl 10 800 embernek ad otthont, amivel a vil\u00e1g harmadik legkisebb n\u00e9pess\u00e9g\u0171 orsz\u00e1ga, a gyarmatokat \u00e9s a tengerent\u00fali ter\u00fcleteket nem sz\u00e1m\u00edtva. Az Egyes\u00fclt Nemzetek Szervezet\u00e9nek, a Nemzetek K\u00f6z\u00f6ss\u00e9g\u00e9nek \u00e9s az Afrikai, Karibi \u00e9s Csendes-\u00f3ce\u00e1ni \u00c1llamok Szervezet\u00e9nek tagjak\u00e9nt Nauru szerepet j\u00e1tszik a nemzetk\u00f6zi diplom\u00e1ci\u00e1ban \u00e9s egy\u00fcttm\u0171k\u00f6d\u00e9sben.<\/p>\n<p>Nauru t\u00f6rt\u00e9nete Kr. e. 1000 k\u00f6r\u00fclre ny\u00falik vissza, amikor el\u0151sz\u00f6r telepedtek le mikron\u00e9ziaiak. A sziget strat\u00e9giai elhelyezked\u00e9se \u00e9s er\u0151forr\u00e1sai felkeltett\u00e9k a gyarmatos\u00edt\u00f3 hatalmak figyelm\u00e9t, \u00e9s a 19. sz\u00e1zad v\u00e9g\u00e9n a N\u00e9met Birodalom annekt\u00e1lta \u00e9s gyarmatk\u00e9nt ig\u00e9nyelte. Az els\u0151 vil\u00e1gh\u00e1bor\u00fat k\u00f6vet\u0151en Nauru a N\u00e9psz\u00f6vets\u00e9g mand\u00e1tuma lett, amelyet Ausztr\u00e1lia, \u00daj-Z\u00e9land \u00e9s az Egyes\u00fclt Kir\u00e1lys\u00e1g igazgatott. A m\u00e1sodik vil\u00e1gh\u00e1bor\u00fa alatt a jap\u00e1n er\u0151k megsz\u00e1llt\u00e1k Naurut, \u00e9s a szigetet a sz\u00f6vets\u00e9gesek Csendes-\u00f3ce\u00e1non \u00e1t\u00edvel\u0151 el\u0151renyomul\u00e1sa megker\u00fclte. A h\u00e1bor\u00fa ut\u00e1n Nauru az ENSZ gy\u00e1ms\u00e1ga al\u00e1 ker\u00fclt, v\u00e9g\u00fcl 1968-ban elnyerte f\u00fcggetlens\u00e9g\u00e9t.<\/p>\n<p>Az elm\u00falt \u00e9vtizedekben Nauru kapcsolata Ausztr\u00e1li\u00e1val k\u00fcl\u00f6n\u00f6sen jelent\u0151s volt. 2001 \u00f3ta az orsz\u00e1g elfogadta az ausztr\u00e1l korm\u00e1ny t\u00e1mogat\u00e1s\u00e1t cser\u00e9be a Nauru Region\u00e1lis Feldolgoz\u00f3 K\u00f6zpont, egy ausztr\u00e1l bev\u00e1ndorl\u00f3k sz\u00e1m\u00e1ra fenntartott, tengerent\u00fali \u0151rizetbe v\u00e9teli l\u00e9tes\u00edtm\u00e9ny elhelyez\u00e9s\u00e9\u00e9rt. Ez a meg\u00e1llapod\u00e1s vitatott, \u00e9s egyesek Naurut Ausztr\u00e1lia kliens\u00e1llam\u00e1nak nevezt\u00e9k, mivel nagym\u00e9rt\u00e9kben f\u00fcgg az ausztr\u00e1l t\u00e1mogat\u00e1st\u00f3l.<\/p>\n<p>Nauru gazdas\u00e1ga t\u00f6rt\u00e9nelmileg a gazdag foszf\u00e1tk\u0151zet-lel\u0151helyek k\u00f6r\u00e9 \u00e9p\u00fclt, amelyek k\u00f6nnyen hozz\u00e1f\u00e9rhet\u0151k voltak k\u00fclsz\u00edni fejt\u00e9s c\u00e9lj\u00e1b\u00f3l. T\u00f6bb mint egy \u00e9vsz\u00e1zadon \u00e1t a foszf\u00e1tb\u00e1ny\u00e1szat volt Nauru gazdas\u00e1g\u00e1nak gerince, jelent\u0151s gazdags\u00e1got \u00e9s fejl\u0151d\u00e9si lehet\u0151s\u00e9geket teremtve. A kiterjedt b\u00e1ny\u00e1szat k\u00f6rnyezeti hat\u00e1sa azonban puszt\u00edt\u00f3 volt, s\u00falyos \u00f6kol\u00f3giai pusztul\u00e1shoz vezetett. Az 1990-es \u00e9vekre a foszf\u00e1tk\u00e9szletek nagyr\u00e9szt kimer\u00fcltek, \u00e9s a fennmarad\u00f3 lel\u0151helyek kitermel\u00e9se gazdas\u00e1gilag nem \u00e9letk\u00e9pes. Ez a helyzet Naurut az \u201eer\u0151forr\u00e1s-\u00e1tok\u201d r\u00e9m\u00e9vel s\u00fajtja, ahol az egyetlen term\u00e9szeti er\u0151forr\u00e1sra val\u00f3 t\u00e1maszkod\u00e1s gazdas\u00e1gi kih\u00edv\u00e1sokhoz \u00e9s k\u00f6rnyezeti k\u00e1rokhoz vezetett.<\/p>\n<p>A foszf\u00e1tb\u00e1ny\u00e1szatb\u00f3l felhalmozott vagyon kezel\u00e9s\u00e9re Nauru l\u00e9trehozott egy vagyonkezel\u0151i alapot, amelynek c\u00e9lja az orsz\u00e1g p\u00e9nz\u00fcgyi j\u00f6v\u0151j\u00e9nek biztos\u00edt\u00e1sa volt, miut\u00e1n a foszf\u00e1tk\u00e9szletek kimer\u00fcltek. Sajnos ennek a vagyonkezel\u0151i alapnak az \u00e9rt\u00e9ke id\u0151vel cs\u00f6kkent, ami gazdas\u00e1gi instabilit\u00e1shoz vezetett. A j\u00f6vedelemforr\u00e1sok diverzifik\u00e1l\u00e1s\u00e1ra tett k\u00eds\u00e9rletk\u00e9nt Nauru r\u00f6vid id\u0151re ad\u00f3paradicsomm\u00e1 \u00e9s az illeg\u00e1lis p\u00e9nzmos\u00e1si tev\u00e9kenys\u00e9gek k\u00f6zpontj\u00e1v\u00e1 v\u00e1lt. Ezek a v\u00e1llalkoz\u00e1sok azonban nem jelentettek fenntarthat\u00f3 hossz\u00fa t\u00e1v\u00fa megold\u00e1st az orsz\u00e1g gazdas\u00e1gi gondjaira.<\/p>\n<p>Nauru ma azzal a kih\u00edv\u00e1ssal n\u00e9z szembe, hogy \u00fajj\u00e1\u00e9p\u00edtse gazdas\u00e1g\u00e1t \u00e9s k\u00f6rnyezet\u00e9t, mik\u00f6zben eligazodni tud \u00f6sszetett politikai kapcsolataiban \u00e9s t\u00f6rt\u00e9nelmi \u00f6r\u00f6ks\u00e9g\u00e9ben. Ezen kih\u00edv\u00e1sok ellen\u00e9re Nauru t\u00f6rt\u00e9nete a rugalmass\u00e1gr\u00f3l \u00e9s az alkalmazkod\u00e1sr\u00f3l sz\u00f3l, t\u00fckr\u00f6zve a kis szigetorsz\u00e1gok t\u00e1gabb dinamik\u00e1j\u00e1t a glob\u00e1lis t\u00e1jk\u00e9pen. Mik\u00f6zben Nauru tov\u00e1bbra is a fenntarthat\u00f3 fejl\u0151d\u00e9si utakat keresi, tov\u00e1bbra is egyed\u00fcl\u00e1ll\u00f3 \u00e9s leny\u0171g\u00f6z\u0151 tanulm\u00e1ny marad a f\u00f6ldrajz, a t\u00f6rt\u00e9nelem \u00e9s a gazdas\u00e1g k\u00f6lcs\u00f6nhat\u00e1s\u00e1ban.<\/p>","protected":false},"excerpt":{"rendered":"<p>Nauru, hivatalos nev\u00e9n Nauru K\u00f6zt\u00e1rsas\u00e1g, egy kis szigetorsz\u00e1g \u00e9s mikro\u00e1llam Mikron\u00e9zi\u00e1ban, \u00d3ce\u00e1nia hatalmas r\u00e9gi\u00f3j\u00e1nak r\u00e9szek\u00e9nt, a K\u00f6z\u00e9p-Csendes-\u00f3ce\u00e1nban. A t\u00f6rt\u00e9nelmileg Pleasant Island n\u00e9ven ismert Nauru egy egyed\u00fcl\u00e1ll\u00f3 nemzet gazdag t\u00f6rt\u00e9nelemmel \u00e9s \u00f6sszetett t\u00e1rsadalmi-gazdas\u00e1gi t\u00e1jjal. Legk\u00f6zelebbi szomsz\u00e9dja Kiribati Banaba-szigete, amely k\u00f6r\u00fclbel\u00fcl 300 kilom\u00e9terre keletre tal\u00e1lhat\u00f3. F\u00f6ldrajzilag Nauru Tuvalut\u00f3l \u00e9szaknyugatra, a Salamon-szigetekt\u0151l 1300 kilom\u00e9terre \u00e9szakkeletre, P\u00e1pua \u00daj-Guine\u00e1t\u00f3l kelet-\u00e9szakkeletre, a Mikron\u00e9ziai Sz\u00f6vets\u00e9gi \u00c1llamokt\u00f3l d\u00e9lkeletre \u00e9s a Marshall-szigetekt\u0151l d\u00e9lre fekszik.<\/p>","protected":false},"author":1,"featured_media":3089,"parent":24105,"menu_order":0,"comment_status":"closed","ping_status":"closed","template":"elementor_theme","meta":{"_eb_attr":"","footnotes":""},"class_list":["post-9598","page","type-page","status-publish","has-post-thumbnail"],"_links":{"self":[{"href":"https:\/\/travelshelper.com\/hu\/wp-json\/wp\/v2\/pages\/9598","targetHints":{"allow":["GET"]}}],"collection":[{"href":"https:\/\/travelshelper.com\/hu\/wp-json\/wp\/v2\/pages"}],"about":[{"href":"https:\/\/travelshelper.com\/hu\/wp-json\/wp\/v2\/types\/page"}],"author":[{"embeddable":true,"href":"https:\/\/travelshelper.com\/hu\/wp-json\/wp\/v2\/users\/1"}],"replies":[{"embeddable":true,"href":"https:\/\/travelshelper.com\/hu\/wp-json\/wp\/v2\/comments?post=9598"}],"version-history":[{"count":0,"href":"https:\/\/travelshelper.com\/hu\/wp-json\/wp\/v2\/pages\/9598\/revisions"}],"up":[{"embeddable":true,"href":"https:\/\/travelshelper.com\/hu\/wp-json\/wp\/v2\/pages\/24105"}],"wp:featuredmedia":[{"embeddable":true,"href":"https:\/\/travelshelper.com\/hu\/wp-json\/wp\/v2\/media\/3089"}],"wp:attachment":[{"href":"https:\/\/travelshelper.com\/hu\/wp-json\/wp\/v2\/media?parent=9598"}],"curies":[{"name":"wp","href":"https:\/\/api.w.org\/{rel}","templated":true}]}}