{"id":9583,"date":"2024-09-08T19:33:00","date_gmt":"2024-09-08T19:33:00","guid":{"rendered":"https:\/\/travelshelper.com\/staging\/?page_id=9583"},"modified":"2026-03-13T23:17:37","modified_gmt":"2026-03-13T23:17:37","slug":"vanuatu","status":"publish","type":"page","link":"https:\/\/travelshelper.com\/hu\/destinations\/australia-and-oceania\/vanuatu\/","title":{"rendered":"Vanuatu"},"content":{"rendered":"<p>Vanuatu, hivatalos nev\u00e9n Vanuatu K\u00f6zt\u00e1rsas\u00e1g, egy \u00e9rdekes szigetorsz\u00e1g Melan\u00e9zia k\u00f6z\u00e9ps\u0151 r\u00e9gi\u00f3j\u00e1ban, a Csendes-\u00f3ce\u00e1n d\u00e9li r\u00e9sz\u00e9n. \u00c9szak-Ausztr\u00e1li\u00e1t\u00f3l 1750 kilom\u00e9terre keletre, \u00daj-Kaled\u00f3ni\u00e1t\u00f3l 540 kilom\u00e9terre \u00e9szakkeletre, \u00daj-Guine\u00e1t\u00f3l keletre, a Salamon-szigetekt\u0151l d\u00e9lkeletre \u00e9s Fidzsi-szigetekt\u0151l nyugatra tal\u00e1lhat\u00f3 ez a vulkanikus eredet\u0171 szigetcsoport. Vanuatu egyed\u00fcl\u00e1ll\u00f3 f\u00f6ldrajzi elhelyezked\u00e9se a kultur\u00e1lis hat\u00e1sok konvergenci\u00e1j\u00e1hoz vezetett, \u00edgy kiemelked\u0151 csendes-\u00f3ce\u00e1ni orsz\u00e1gg\u00e1 v\u00e1lt.<\/p>\n<p>Vanuatu t\u00f6rt\u00e9nelme szorosan \u00f6sszefon\u00f3dik a melan\u00e9z n\u00e9ppel, akik \u00e9vezredekkel ezel\u0151tt telepedtek le a szigeteken. A korai bev\u00e1ndorl\u00f3k kifinomult kultur\u00e1lis szok\u00e1sokat \u00e9s nyelveket hoztak magukkal, amelyek az id\u0151k v\u00e9gezet\u00e9ig fennmaradtak. Az eur\u00f3paiak els\u0151 kapcsolata Vanuatuval 1606-ban t\u00f6rt\u00e9nt, amikor egy spanyol exped\u00edci\u00f3 a legnagyobb sziget, Esp\u00edritu Santo fel\u00e9 vette az ir\u00e1nyt, Fernandes de Queir\u00f3s portug\u00e1l haj\u00f3s vezet\u00e9s\u00e9vel. A sziget vonzereje \u00e9s lehet\u0151s\u00e9gei \u00e1ltal inspir\u00e1lva Queir\u00f3s Spanyolorsz\u00e1g szuverenit\u00e1s\u00e1t k\u00f6vetelte a szigetcsoport felett, mint a gyarmati spanyol Kelet-Indi\u00e1k r\u00e9sz\u00e9t, \u00edgy La Austrialia del Esp\u00edritu Santo-nak nevezte el. B\u00e1r \u00e9vsz\u00e1zadokba telt, mire jelent\u0151s gyarmati tev\u00e9kenys\u00e9gek felsz\u00ednre ker\u00fcltek, ez az eur\u00f3pai interakci\u00f3 kezdet\u00e9t jelentette a ter\u00fclettel.<\/p>\n<p>A 19. sz\u00e1zad v\u00e9g\u00e9n az eur\u00f3paiak egyre ink\u00e1bb interakci\u00f3ba l\u00e9ptek a csendes-\u00f3ce\u00e1ni szigetekkel \u2013 bele\u00e9rtve Vanuatut is. Franciaorsz\u00e1g \u00e9s az Egyes\u00fclt Kir\u00e1lys\u00e1g m\u00e1r az 1880-as \u00e9vekben ig\u00e9nyt tartott a szigetcsoport ter\u00fcleteire. Az \u00e9rdekek tal\u00e1lkoz\u00e1sa egyedi gyarmati keretet hozott l\u00e9tre 1906-ban, mivel mindk\u00e9t nemzet meg\u00e1llapodott abban, hogy k\u00f6z\u00f6sen fel\u00fcgyelik a szigeteket egy angol-francia kondominium, az \u00daj-Hebrid\u00e1k alatt. Mivel k\u00e9t k\u00fcl\u00f6nb\u00f6z\u0151 gyarmati hatalomnak \u2013 mindegyik\u00fcket egyedi nyelvek, jogrendszerek \u00e9s k\u00f6zigazgat\u00e1si technik\u00e1k k\u00fcl\u00f6nb\u00f6ztetik meg \u2013 egy\u00fctt kell m\u0171k\u00f6dnie, ez a meg\u00e1llapod\u00e1s kiemelkedik a gyarmati t\u00f6rt\u00e9nelemben. A kondominiumok id\u0151szaka egy \u00f6sszetett \u00e9s gyakran ellentmond\u00e1sos korm\u00e1nyzati strukt\u00far\u00e1t mutatott, amely v\u00e9g\u00fcl lefektette Vanuatu modern politikai sz\u00ednter\u00e9nek alapjait.<\/p>\n<p>Vanuatu sem volt kiv\u00e9tel e szab\u00e1ly al\u00f3l, a 20. sz\u00e1zad k\u00f6zepe a glob\u00e1lis felfordul\u00e1s \u00e9s a v\u00e1ltoz\u00e1sok id\u0151szaka volt. A nemzeti identit\u00e1s ir\u00e1nti n\u00f6vekv\u0151 tudatoss\u00e1g \u00e9s az \u00f6nrendelkez\u00e9s ir\u00e1nti er\u0151s v\u00e1gy vez\u00e9relte az 1970-es \u00e9vekben f\u00fcggetlens\u00e9gi mozgalom bontakozott ki. A mozgalom, amely hangs\u00falyozta a szigetlak\u00f3k elk\u00f6telezetts\u00e9g\u00e9t a szabads\u00e1g kommunik\u00e1ci\u00f3 \u00e9s egy\u00fcttm\u0171k\u00f6d\u00e9s \u00e1ltali kiv\u00edv\u00e1sa ir\u00e1nt, egy\u00e9rtelm\u0171en az er\u0151szakmentes t\u00fcntet\u00e9sekre \u00e9s t\u00e1rgyal\u00e1sokra \u00f6sszpontos\u00edtott. \u00c9vekig tart\u00f3 munka ut\u00e1n ezek az er\u0151fesz\u00edt\u00e9sek 1980-ban megval\u00f3sultak, \u00e9s l\u00e9trej\u00f6tt a Vanuatui K\u00f6zt\u00e1rsas\u00e1g. A f\u00fcggetlens\u00e9g fel\u00e9 vezet\u0151 \u00fat meglehet\u0151sen term\u00e9szetes volt, lehet\u0151v\u00e9 t\u00e9ve a fiatal orsz\u00e1g sz\u00e1m\u00e1ra, hogy gyorsan megalapozza ismerts\u00e9g\u00e9t a vil\u00e1g sz\u00ednpad\u00e1n.<\/p>\n<p>Vanuatu f\u00fcggetlens\u00e9ge \u00f3ta m\u00f3dszeresen kapcsolatba l\u00e9p a vil\u00e1gk\u00f6z\u00f6ss\u00e9ggel, \u00e9s sz\u00e1mos nevezetes csoport tags\u00e1g\u00e1t is bizony\u00edtja. Az Egyes\u00fclt Nemzetek Szervezet\u00e9hez val\u00f3 csatlakoz\u00e1s\u00e1val az orsz\u00e1g bizony\u00edtotta elk\u00f6telezetts\u00e9g\u00e9t a vil\u00e1gb\u00e9ke \u00e9s a csoportos projektek ir\u00e1nt. A Nemzetek K\u00f6z\u00f6ss\u00e9g\u00e9nek r\u00e9szek\u00e9nt Vanuatu szoros kapcsolatokat \u00e1pol m\u00e1s volt brit gyarmatokkal, felhaszn\u00e1lva azok k\u00f6z\u00f6s kultur\u00e1lis \u00e9s t\u00f6rt\u00e9nelmi h\u00e1tter\u00e9t. Az Organisation Internationale de la Francophonie tags\u00e1ga a francia gyarmatos\u00edt\u00e1shoz f\u0171z\u0151d\u0151 t\u00f6rt\u00e9nelmi kapcsolatait, valamint a francia nyelv \u00e9s kult\u00fara folyamatos befoly\u00e1s\u00e1t is mutatja. Vanuatu tagja a Csendes-\u00f3ce\u00e1ni Szigetek F\u00f3rum\u00e1nak, egy region\u00e1lis test\u00fcletnek, amelynek c\u00e9lja a csendes-\u00f3ce\u00e1ni szigetek orsz\u00e1gai k\u00f6z\u00f6tti egy\u00fcttm\u0171k\u00f6d\u00e9s \u00e9s fejl\u0151d\u00e9s el\u0151mozd\u00edt\u00e1sa.<\/p>\n<p>Vanuatu egyik k\u00fcl\u00f6n\u00f6sen figyelemre m\u00e9lt\u00f3 tulajdons\u00e1ga a nagy kultur\u00e1lis soksz\u00edn\u0171s\u00e9g. T\u00f6bb mint 100 \u0151shonos nyelv\u00e9vel az orsz\u00e1g a vil\u00e1g nyelvileg legv\u00e1ltozatosabb nemzetei k\u00f6z\u00e9 tartozik. A kultur\u00e1lis gyakorlatok dinamikus sk\u00e1l\u00e1ja, bele\u00e9rtve az \u0151si zen\u00e9t \u00e9s t\u00e1ncot, valamint az egyedi r\u00edtusokat \u00e9s szertart\u00e1sokat, kiemeli a nyelvi soksz\u00edn\u0171s\u00e9get. A gazdag es\u0151erd\u0151kkel, a makul\u00e1tlan strandokkal \u00e9s az akt\u00edv vulk\u00e1nokkal, amelyek sz\u00e1mos csod\u00e1latos k\u00f6rnyezetet \u00e9s v\u00e1ltozatos \u00f6kosziszt\u00e9m\u00e1t alkotnak, az orsz\u00e1g term\u00e9szeti sz\u00e9ps\u00e9ge er\u0151s \u00e9rveket t\u00e1maszt al\u00e1.<\/p>\n<p>Vanuatu gazdas\u00e1ga l\u00e9nyeg\u00e9ben a k\u00fclf\u00f6ldi p\u00e9nz\u00fcgyi szolg\u00e1ltat\u00e1sokra, a turizmusra \u00e9s a mez\u0151gazdas\u00e1gra \u00e9p\u00fcl. A gazdag vulkanikus talaj megk\u00f6nny\u00edti sz\u00e1mos n\u00f6v\u00e9ny termeszt\u00e9s\u00e9t, bele\u00e9rtve a k\u00e1v\u00e9t, a kaka\u00f3t \u00e9s a k\u00f3kuszdi\u00f3t \u2013 amelyek mindegyike fontos exportcikk. A szigetek leny\u0171g\u00f6z\u0151 term\u00e9szeti sz\u00e9ps\u00e9ge, v\u00e1ltozatos kultur\u00e1lis \u00f6r\u00f6ks\u00e9ge, valamint a kaland- \u00e9s szabadid\u0151s lehet\u0151s\u00e9gek ir\u00e1nti vonzalom a l\u00e1togat\u00f3kat az utaz\u00e1si \u00fczlet\u00e1g n\u00f6veked\u00e9s\u00e9nek motorjai.<\/p>","protected":false},"excerpt":{"rendered":"<p>Vanuatu, hivatalos nev\u00e9n Vanuatu K\u00f6zt\u00e1rsas\u00e1g, egy \u00e9rdekes szigetorsz\u00e1g Melan\u00e9zia k\u00f6z\u00e9ps\u0151 r\u00e9gi\u00f3j\u00e1ban, a Csendes-\u00f3ce\u00e1n d\u00e9li r\u00e9sz\u00e9n. \u00c9szak-Ausztr\u00e1li\u00e1t\u00f3l 1750 kilom\u00e9terre keletre, \u00daj-Kaled\u00f3ni\u00e1t\u00f3l 540 kilom\u00e9terre \u00e9szakkeletre, \u00daj-Guine\u00e1t\u00f3l keletre, a Salamon-szigetekt\u0151l d\u00e9lkeletre \u00e9s Fidzsi-szigetekt\u0151l nyugatra tal\u00e1lhat\u00f3 ez a vulkanikus eredet\u0171 szigetcsoport. Vanuatu egyed\u00fcl\u00e1ll\u00f3 f\u00f6ldrajzi elhelyezked\u00e9se a kultur\u00e1lis hat\u00e1sok konvergenci\u00e1j\u00e1hoz vezetett, \u00edgy kiemelked\u0151 csendes-\u00f3ce\u00e1ni orsz\u00e1gg\u00e1 v\u00e1lt.<\/p>","protected":false},"author":1,"featured_media":4267,"parent":24105,"menu_order":0,"comment_status":"closed","ping_status":"closed","template":"elementor_theme","meta":{"_eb_attr":"","footnotes":""},"class_list":["post-9583","page","type-page","status-publish","has-post-thumbnail"],"_links":{"self":[{"href":"https:\/\/travelshelper.com\/hu\/wp-json\/wp\/v2\/pages\/9583","targetHints":{"allow":["GET"]}}],"collection":[{"href":"https:\/\/travelshelper.com\/hu\/wp-json\/wp\/v2\/pages"}],"about":[{"href":"https:\/\/travelshelper.com\/hu\/wp-json\/wp\/v2\/types\/page"}],"author":[{"embeddable":true,"href":"https:\/\/travelshelper.com\/hu\/wp-json\/wp\/v2\/users\/1"}],"replies":[{"embeddable":true,"href":"https:\/\/travelshelper.com\/hu\/wp-json\/wp\/v2\/comments?post=9583"}],"version-history":[{"count":0,"href":"https:\/\/travelshelper.com\/hu\/wp-json\/wp\/v2\/pages\/9583\/revisions"}],"up":[{"embeddable":true,"href":"https:\/\/travelshelper.com\/hu\/wp-json\/wp\/v2\/pages\/24105"}],"wp:featuredmedia":[{"embeddable":true,"href":"https:\/\/travelshelper.com\/hu\/wp-json\/wp\/v2\/media\/4267"}],"wp:attachment":[{"href":"https:\/\/travelshelper.com\/hu\/wp-json\/wp\/v2\/media?parent=9583"}],"curies":[{"name":"wp","href":"https:\/\/api.w.org\/{rel}","templated":true}]}}