{"id":9577,"date":"2024-09-08T19:25:43","date_gmt":"2024-09-08T19:25:43","guid":{"rendered":"https:\/\/travelshelper.com\/staging\/?page_id=9577"},"modified":"2026-03-13T23:08:33","modified_gmt":"2026-03-13T23:08:33","slug":"apia","status":"publish","type":"page","link":"https:\/\/travelshelper.com\/hu\/destinations\/australia-and-oceania\/samoa\/apia\/","title":{"rendered":"Apia"},"content":{"rendered":"<p>Szamoa m\u00e1sodik legnagyobb sziget\u00e9n, az \u00e9szaki part k\u00f6z\u00e9ps\u0151 r\u00e9sz\u00e9n fekszik Apia, az energikus f\u0151v\u00e1ros, amely a kultur\u00e1lis \u00f6r\u00f6ks\u00e9g \u00e9s a modern fejl\u0151d\u00e9s k\u00fcl\u00f6nleges kever\u00e9ke. A Tuamasaga politikai k\u00f6rzethez tartoz\u00f3 Apia Szamoa politikai, gazdas\u00e1gi \u00e9s kultur\u00e1lis k\u00f6zpontja, mint az egyetlen v\u00e1ros az orsz\u00e1gban. Ez a bevezet\u0151 a v\u00e1rosra jellemz\u0151 domborzatot, \u00e9ghajlatot, infrastrukt\u00far\u00e1t \u00e9s a csendes-\u00f3ce\u00e1ni tev\u00e9kenys\u00e9gi k\u00f6zpontot vizsg\u00e1lja.<\/p>\n<p>A 2021-es n\u00e9psz\u00e1ml\u00e1l\u00e1s adatai szerint k\u00f6r\u00fclbel\u00fcl 35 974 lakos\u00fa Apia fizikai hat\u00e1rai Letogo falut\u00f3l keleten Vaitele falu iparosodott ter\u00fclet\u00e9ig ny\u00falnak. A Vaisigano foly\u00f3 torkolat\u00e1n\u00e1l, egy term\u00e9szetes kik\u00f6t\u0151ben strat\u00e9giailag elhelyezked\u0151 v\u00e1ros leny\u0171g\u00f6z\u0151 h\u00e1tteret k\u00edn\u00e1l a d\u00e9len fens\u00e9gesen magasod\u00f3 Vaea-heggyel, a neves \u00edr\u00f3, Robert Louis Stevenson utols\u00f3 nyughely\u00e9vel. A v\u00e1ros l\u00e1tk\u00e9p\u00e9t a foly\u00f3 mindk\u00e9t oldal\u00e1n d\u00e9l fel\u00e9 h\u00faz\u00f3d\u00f3 k\u00e9t nagy gerinc hat\u00e1rozza meg; olyan utak, mint a Cross Island Road, amely egyike azon kev\u00e9s f\u0151\u00fatnak, amelyek \u00e9szakr\u00f3l d\u00e9lre haladnak \u00e1t a szigeten, ezeken a gerinceken h\u00faz\u00f3dnak.<\/p>\n<p>Apia a K\u00f6ppen \u00e9ghajlati besorol\u00e1sa al\u00e1 tartozik, mint \u201eAf\u201d, \u00e9s tr\u00f3pusi es\u0151erd\u0151 k\u00f6rnyezettel rendelkezik. Eg\u00e9sz \u00e9vben \u00e1lland\u00f3, \u00e1tlagosan 26\u00b0C-os (79\u00b0F) h\u0151m\u00e9rs\u00e9klet jellemzi ezt a k\u00f6rnyezetet. A v\u00e1rosban tiszta, nedves \u00e9s sz\u00e1raz \u00e9vszak van; j\u00falius \u00e9s augusztus a legsz\u00e1razabb h\u00f3napok, amikor az \u00e1tlagos csapad\u00e9kmennyis\u00e9g k\u00f6r\u00fclbel\u00fcl 80 millim\u00e9ter. \u00d6sszehasonl\u00edt\u00e1sk\u00e9ppen, a legcsapad\u00e9kosabb id\u0151szak decembert\u0151l m\u00e1rciusig tart, \u00e9s a havi csapad\u00e9kmennyis\u00e9g \u00e1ltal\u00e1ban meghaladja a 300 millilitert. Apia tr\u00f3pusi k\u00f6rnyezete nem hat\u00e1rozza meg az \u00e9ghajlat\u00e1t; ink\u00e1bb a passz\u00e1tszelek \u00e9s a sz\u00f3rv\u00e1nyos ciklonok alak\u00edtj\u00e1k azt, \u00edgy jellegzetes id\u0151j\u00e1r\u00e1si mint\u00e1kat hoznak l\u00e9tre. A v\u00e1rosban \u00e9vente k\u00f6r\u00fclbel\u00fcl 3000 milliliter es\u0151 esik, ami gazdag \u00f6kosziszt\u00e9m\u00e1kat \u00e9s buja n\u00f6v\u00e9nyeket t\u00e1mogat.<\/p>\n<p>Apia kik\u00f6t\u0151je, amely l\u00e9tfontoss\u00e1g\u00fa Szamoa k\u00fclkereskedelme szempontj\u00e1b\u00f3l, az orsz\u00e1g legnagyobb \u00e9s legforgalmasabb kik\u00f6t\u0151je. A Tokelau-szigetre \u00e9s Amerikai Szamo\u00e1ra k\u00f6zleked\u0151 kompok mellett LPG-g\u00e1zt, \u00fczemanyag-importot \u00e9s kont\u00e9nersz\u00e1ll\u00edt\u00f3 haj\u00f3kat is fogad. Ez a forgalmas kik\u00f6t\u0151 hangs\u00falyozza Apia fontoss\u00e1g\u00e1t az emberek \u00e9s a kereskedelem kapujak\u00e9nt, ez\u00e1ltal lehet\u0151v\u00e9 t\u00e9ve a kultur\u00e1lis interakci\u00f3t \u00e9s a gazdas\u00e1gi fejl\u0151d\u00e9st.<\/p>\n<p>A v\u00e1ros k\u00f6zleked\u00e9si infrastrukt\u00far\u00e1ja meglehet\u0151sen fejlett, \u00e9s jellemz\u0151en j\u00f3l karbantartott, alapos \u00fath\u00e1l\u00f3zattal rendelkezik. M\u00edg a burkolatlan utak kev\u00e9sb\u00e9 rendszeres forgalmat szolg\u00e1lnak ki, a legt\u00f6bb f\u0151\u00fat lez\u00e1rt. A region\u00e1lis szabv\u00e1nyoknak megfelel\u0151en a j\u00e1rm\u0171vek 2009 szeptembere \u00f3ta az \u00fat bal oldal\u00e1n k\u00f6zlekednek. A szamoai korm\u00e1ny 2012-ben kezdte meg az Apia v\u00e1rosi ter\u00fcletet k\u00f6r\u00fclvev\u0151 f\u0151\u00fatvonalak jelent\u0151s \u00e1talak\u00edt\u00e1s\u00e1t, fokozatosan kisz\u00e9les\u00edtve a fontos aut\u00f3p\u00e1ly\u00e1kat a n\u00f6vekv\u0151 forgalmi terhel\u00e9s kezel\u00e9se \u00e9rdek\u00e9ben.<\/p>\n<p>Api\u00e1t egy kiterjedt, mag\u00e1nk\u00e9zben l\u00e9v\u0151 busz- \u00e9s taxih\u00e1l\u00f3zat szolg\u00e1lja ki, annak ellen\u00e9re, hogy nincsenek vas\u00fatvonalak vagy villamosok. A v\u00e1roson bel\u00fcl a gyalogl\u00e1s tov\u00e1bbra is n\u00e9pszer\u0171 k\u00f6zleked\u00e9si m\u00f3d; az emberek rendszeresen tesznek meg r\u00f6vid t\u00e1vols\u00e1gokat gyalog. B\u00e1r a motorker\u00e9kp\u00e1rok \u00e9s ker\u00e9kp\u00e1rok viszonylag ritk\u00e1k, a g\u00e9pkocsitulajdonl\u00e1s n\u00f6veked\u00e9se forgalmi torl\u00f3d\u00e1sokat okozott, \u00e9s ez\u00e1ltal jelent\u0151s kiad\u00e1sokat az \u00fath\u00e1l\u00f3zatba.<\/p>\n<p>Szamoa f\u0151 k\u00fclf\u00f6ldi bej\u00e1rata a Faleolo Nemzetk\u00f6zi Rep\u00fcl\u0151t\u00e9r, negyven perces aut\u00f3\u00fatra nyugatra Api\u00e1t\u00f3l. A nagyobb belf\u00f6ldi l\u00e9git\u00e1rsas\u00e1gok, mint p\u00e9ld\u00e1ul a Polynesian Airlines \u00e9s a Talofa Airways, Szamo\u00e1t a t\u00e1gabb csendes-\u00f3ce\u00e1ni t\u00e9rs\u00e9gbe \u00e9s azon t\u00falra is j\u00e1ratokkal szolg\u00e1lj\u00e1k ki. Fagali kisebb rep\u00fcl\u0151tere, a Fagali&#039;i rep\u00fcl\u0151t\u00e9r t\u00f6rt\u00e9nelmileg szint\u00e9n lehet\u0151v\u00e9 tette a belf\u00f6ldi j\u00e1ratokat \u00e9s n\u00e9h\u00e1ny nemzetk\u00f6zi \u00fatvonalat az Amerikai Szamo\u00e1n tal\u00e1lhat\u00f3 Pago Pag\u00f3ba, ez\u00e1ltal jav\u00edtva mind a helyiek, mind a l\u00e1togat\u00f3k \u00f6sszek\u00f6ttet\u00e9s\u00e9t.<\/p>","protected":false},"excerpt":{"rendered":"<p>Szamoa m\u00e1sodik legnagyobb sziget\u00e9n, az \u00e9szaki part k\u00f6z\u00e9ps\u0151 r\u00e9sz\u00e9n fekszik Apia, az energikus f\u0151v\u00e1ros, amely a kultur\u00e1lis \u00f6r\u00f6ks\u00e9g \u00e9s a modern fejl\u0151d\u00e9s k\u00fcl\u00f6nleges kever\u00e9ke. A Tuamasaga politikai k\u00f6rzethez tartoz\u00f3 Apia Szamoa politikai, gazdas\u00e1gi \u00e9s kultur\u00e1lis k\u00f6zpontja, mint az egyetlen v\u00e1ros az orsz\u00e1gban. Ez a bevezet\u0151 a v\u00e1rosra jellemz\u0151 domborzatot, \u00e9ghajlatot, infrastrukt\u00far\u00e1t \u00e9s a csendes-\u00f3ce\u00e1ni tev\u00e9kenys\u00e9gi k\u00f6zpontot vizsg\u00e1lja.<\/p>","protected":false},"author":1,"featured_media":4230,"parent":9568,"menu_order":0,"comment_status":"closed","ping_status":"closed","template":"elementor_theme","meta":{"_eb_attr":"","footnotes":""},"class_list":["post-9577","page","type-page","status-publish","has-post-thumbnail"],"_links":{"self":[{"href":"https:\/\/travelshelper.com\/hu\/wp-json\/wp\/v2\/pages\/9577","targetHints":{"allow":["GET"]}}],"collection":[{"href":"https:\/\/travelshelper.com\/hu\/wp-json\/wp\/v2\/pages"}],"about":[{"href":"https:\/\/travelshelper.com\/hu\/wp-json\/wp\/v2\/types\/page"}],"author":[{"embeddable":true,"href":"https:\/\/travelshelper.com\/hu\/wp-json\/wp\/v2\/users\/1"}],"replies":[{"embeddable":true,"href":"https:\/\/travelshelper.com\/hu\/wp-json\/wp\/v2\/comments?post=9577"}],"version-history":[{"count":0,"href":"https:\/\/travelshelper.com\/hu\/wp-json\/wp\/v2\/pages\/9577\/revisions"}],"up":[{"embeddable":true,"href":"https:\/\/travelshelper.com\/hu\/wp-json\/wp\/v2\/pages\/9568"}],"wp:featuredmedia":[{"embeddable":true,"href":"https:\/\/travelshelper.com\/hu\/wp-json\/wp\/v2\/media\/4230"}],"wp:attachment":[{"href":"https:\/\/travelshelper.com\/hu\/wp-json\/wp\/v2\/media?parent=9577"}],"curies":[{"name":"wp","href":"https:\/\/api.w.org\/{rel}","templated":true}]}}