{"id":9568,"date":"2024-09-08T19:18:21","date_gmt":"2024-09-08T19:18:21","guid":{"rendered":"https:\/\/travelshelper.com\/staging\/?page_id=9568"},"modified":"2026-03-13T23:09:26","modified_gmt":"2026-03-13T23:09:26","slug":"szamoa","status":"publish","type":"page","link":"https:\/\/travelshelper.com\/hu\/destinations\/australia-and-oceania\/samoa\/","title":{"rendered":"Szamoa"},"content":{"rendered":"<p>Hivatalosan Szamoa F\u00fcggetlen \u00c1llama, egy leny\u0171g\u00f6z\u0151 polin\u00e9z szigetorsz\u00e1g gazdag t\u00f6rt\u00e9nelemmel, kult\u00far\u00e1val \u00e9s term\u00e9szeti sz\u00e9ps\u00e9ggel. Csendes-\u00f3ce\u00e1ni f\u00f6ldrajzi elhelyezked\u00e9s\u00e9t t\u00fckr\u00f6zve 1997-ig Nyugat-Szamoa n\u00e9ven volt ismert. K\u00e9t kisebb lakott szigettel, Manonoval \u00e9s Apolim\u00e1val egy\u00fctt ez a szigetorsz\u00e1g k\u00e9t f\u0151 szigetb\u0151l \u00e1ll: Savai&#039;i \u00e9s Upolu; valamint sz\u00e1mos lakatlan szigetb\u0151l, nevezetesen az Aleipata-szigetekb\u0151l \u2013 Nu&#039;utele, Nu&#039;ulua, Fanuatapu \u00e9s Namua. Strat\u00e9giailag a Csendes-\u00f3ce\u00e1non elhelyezked\u0151 Szamoa 64 km-re nyugatra fekszik Amerikai Szamo\u00e1t\u00f3l, \u00e9s m\u00e1s csendes-\u00f3ce\u00e1ni szigetek, k\u00f6zt\u00fck Tong\u00e1nak, Fidzsi-szigeteknek, Wallisnak \u00e9s Futuna-nak a k\u00f6zel\u00e9ben tal\u00e1lhat\u00f3, t\u00f6rt\u00e9nelmi \u00e9s kultur\u00e1lis tal\u00e1lkoz\u00f3pontk\u00e9nt szolg\u00e1lva.<\/p>\n<p>Szamoa k\u00f6zpontja Apia, a f\u0151v\u00e1ros, ahol a kort\u00e1rs korm\u00e1nyzat keveredik az \u0151si kult\u00far\u00e1val. K\u00f6r\u00fclbel\u00fcl 3500 \u00e9vvel ezel\u0151tt a lapita n\u00e9p \u2013 amely vitorl\u00e1z\u00e1si k\u00e9pess\u00e9g\u00e9r\u0151l volt ismert \u2013 volt az els\u0151, aki felfedezte \u00e9s elfoglalta a Szamoa-szigeteket. Az \u00e1ltaluk lerakott szamoai nyelv \u00e9s kultur\u00e1lis identit\u00e1s alapjai \u2013 amelyek az id\u0151 \u00e9s a k\u00fcls\u0151 hat\u00e1sok pr\u00f3b\u00e1j\u00e1t \u00e1llt\u00e1k \u2013 seg\u00edtenek meg\u00e9rteni \u0151ket.<\/p>\n<p>11 k\u00f6zigazgat\u00e1si k\u00f6rzet\u00e9vel, amelyek mindegyik\u00e9nek megvan a saj\u00e1t kultur\u00e1lis \u00e9s alkotm\u00e1nyos alapja, Szamoa egys\u00e9ges parlamenti demokr\u00e1ciak\u00e9nt m\u0171k\u00f6dik. Szamoa f\u00fcggetlens\u00e9ghez vezet\u0151 \u00fatja, mint a Nemzetek K\u00f6z\u00f6ss\u00e9g\u00e9nek szuver\u00e9n \u00e1llam tagja, bizony\u00edtja kitart\u00e1s\u00e1t \u00e9s auton\u00f3mi\u00e1j\u00e1t. 1899 \u00e9s 1915 k\u00f6z\u00f6tt n\u00e9met gyarmat volt; ezt k\u00f6vet\u0151en k\u00f6z\u00f6s brit \u00e9s \u00faj-z\u00e9landi ellen\u0151rz\u00e9s alatt \u00e1llt, am\u00edg 1962. janu\u00e1r 1-j\u00e9n elnyerte f\u00fcggetlens\u00e9g\u00e9t. Szamoa korm\u00e1nyzati \u00e9s t\u00e1rsadalmi rendszere t\u00fckr\u00f6zi a gyarmati befoly\u00e1s \u00f6r\u00f6ks\u00e9g\u00e9t, azonban meg\u0151rizte saj\u00e1t kultur\u00e1lis jelleg\u00e9t.<\/p>\n<p>A Fa\u02bba S\u0101moa n\u00e9ven ismert hagyom\u00e1nyos szamoai \u00e9letm\u00f3d a mai napig jelent\u0151s hat\u00e1ssal van a t\u00e1rsadalmi \u00e9s politikai \u00e9letre. T\u00f6bb mint 3000 \u00e9ves m\u00faltra tekint vissza, kultur\u00e1lis keretrendszere a csal\u00e1dot, a tiszteletet \u00e9s a k\u00f6z\u00f6ss\u00e9get helyezi el\u0151t\u00e9rbe. A Fa\u02bba S\u0101moa az \u00e9vtizedekig tart\u00f3 eur\u00f3pai hat\u00e1s ellen\u00e9re is meg\u0151rizte szok\u00e1sait, t\u00e1rsadalmi int\u00e9zm\u00e9nyeit \u00e9s nyelv\u00e9t. A szamoai identit\u00e1s kulcsk\u00f6vei a kultur\u00e1lis szok\u00e1sok, bele\u00e9rtve az \u201eava szertart\u00e1st, egy komor ritu\u00e1l\u00e9t a matai, f\u0151k\u00e9nt c\u00edmek adom\u00e1nyoz\u00e1s\u00e1ra\u201d, valamint a finoman font \u201eie t\u00f3ga\u201d k\u00e9sz\u00edt\u00e9s\u00e9t.<\/p>\n<p>A szamoai mitol\u00f3gia gazdag istenekben, teremt\u00e9st\u00f6rt\u00e9netekben \u00e9s legend\u00e1s szem\u00e9lyekben, mint p\u00e9ld\u00e1ul Tagaloa \u00e9s Nafanua \u2013 a h\u00e1bor\u00fa istenn\u0151je \u2013, a kereszt\u00e9nys\u00e9ggel egy\u00fctt \u2013 melyet a szamoaiak \u00e1tvettek \u00e9s misszion\u00e1riusok hoztak magukkal \u2013 egy\u00fctt l\u00e9tezik. B\u00e1r a r\u00e9gi hiedelmek \u00e9s szok\u00e1sok m\u00e9g mindig vir\u00e1goznak, k\u00fcl\u00f6n\u00f6sen a Fa\u02bba S\u0101moa-val kapcsolatban, ma a szamoaiak nagyj\u00e1b\u00f3l 98%-a kereszt\u00e9nynek vallja mag\u00e1t.<\/p>\n<p>A szamoai t\u00e1rsadalom a k\u00f6z\u00f6ss\u00e9gi \u00e9letr\u0151l ismert; a hagyom\u00e1nyos nyitott lak\u00f3helyek, vagy fale-k, a legjobban megragadj\u00e1k ezt az \u00e9letm\u00f3dot. Ezek a falak n\u00e9lk\u00fcli \u00e9p\u00fcletek k\u00f3kuszp\u00e1lma levelekkel teremtenek elszigetelts\u00e9get \u00e9s k\u00f6rnyezetv\u00e9delmet. Az er\u0151teljes sasa \u00e9s fa&#039;ataupati t\u00e1ncok a szamoai n\u00e9p \u00e9l\u00e9nk kultur\u00e1lis kifejez\u00e9sm\u00f3dj\u00e1t \u00e1br\u00e1zolj\u00e1k, m\u00edg a szamoai siva t\u00e1nc l\u00e1gy mozdulatai \u2013 amelyek egy t\u00f6rt\u00e9netet mes\u00e9lnek el \u2013 bemutatj\u00e1k az \u00fcnneps\u00e9geket \u00e9s k\u00f6z\u00f6ss\u00e9gi \u00f6sszej\u00f6veteleket, amelyek ezekre a t\u00e1ncokra \u00e9p\u00fclnek, valamint a feltekert sz\u0151nyegek vagy fadobok \u00fctem\u00e9re.<\/p>\n<p>A sziget gazdag kultur\u00e1lis \u00f6r\u00f6ks\u00e9g\u00e9nek egy m\u00e1sik bizony\u00edt\u00e9ka a hagyom\u00e1nyos szamoai \u00e9p\u00edt\u0151mesterek, a tufuga fai fale \u00e9p\u00edt\u00e9si szak\u00e9rtelme. Ezek az \u00e9p\u00edt\u0151mesterek hozz\u00e1j\u00e1rulnak a szamoai kultur\u00e1lis m\u0171v\u00e9szeti form\u00e1k t\u00e1gabb sz\u00f6vet\u00e9nek megteremt\u00e9s\u00e9hez is.<\/p>","protected":false},"excerpt":{"rendered":"<p>Hivatalosan Szamoa F\u00fcggetlen \u00c1llama, egy leny\u0171g\u00f6z\u0151 polin\u00e9z szigetorsz\u00e1g gazdag t\u00f6rt\u00e9nelemmel, kult\u00far\u00e1val \u00e9s term\u00e9szeti sz\u00e9ps\u00e9ggel. Csendes-\u00f3ce\u00e1ni f\u00f6ldrajzi elhelyezked\u00e9s\u00e9t t\u00fckr\u00f6zve 1997-ig Nyugat-Szamoa n\u00e9ven volt ismert. K\u00e9t kisebb lakott szigettel, Manonoval \u00e9s Apolim\u00e1val egy\u00fctt ez a szigetorsz\u00e1g k\u00e9t f\u0151 szigetb\u0151l \u00e1ll: Savai&#039;i \u00e9s Upolu; valamint sz\u00e1mos lakatlan szigetb\u0151l, nevezetesen az Aleipata-szigetekb\u0151l \u2013 Nu&#039;utele, Nu&#039;ulua, Fanuatapu \u00e9s Namua. Strat\u00e9giailag a Csendes-\u00f3ce\u00e1non elhelyezked\u0151 Szamoa 64 km-re nyugatra fekszik Amerikai Szamo\u00e1t\u00f3l, \u00e9s m\u00e1s csendes-\u00f3ce\u00e1ni szigetek, k\u00f6zt\u00fck Tong\u00e1nak, Fidzsi-szigeteknek, Wallisnak \u00e9s Futuna-nak a k\u00f6zel\u00e9ben tal\u00e1lhat\u00f3, t\u00f6rt\u00e9nelmi \u00e9s kultur\u00e1lis tal\u00e1lkoz\u00f3pontk\u00e9nt szolg\u00e1lva.<\/p>","protected":false},"author":1,"featured_media":3536,"parent":24105,"menu_order":0,"comment_status":"closed","ping_status":"closed","template":"elementor_theme","meta":{"_eb_attr":"","footnotes":""},"class_list":["post-9568","page","type-page","status-publish","has-post-thumbnail"],"_links":{"self":[{"href":"https:\/\/travelshelper.com\/hu\/wp-json\/wp\/v2\/pages\/9568","targetHints":{"allow":["GET"]}}],"collection":[{"href":"https:\/\/travelshelper.com\/hu\/wp-json\/wp\/v2\/pages"}],"about":[{"href":"https:\/\/travelshelper.com\/hu\/wp-json\/wp\/v2\/types\/page"}],"author":[{"embeddable":true,"href":"https:\/\/travelshelper.com\/hu\/wp-json\/wp\/v2\/users\/1"}],"replies":[{"embeddable":true,"href":"https:\/\/travelshelper.com\/hu\/wp-json\/wp\/v2\/comments?post=9568"}],"version-history":[{"count":0,"href":"https:\/\/travelshelper.com\/hu\/wp-json\/wp\/v2\/pages\/9568\/revisions"}],"up":[{"embeddable":true,"href":"https:\/\/travelshelper.com\/hu\/wp-json\/wp\/v2\/pages\/24105"}],"wp:featuredmedia":[{"embeddable":true,"href":"https:\/\/travelshelper.com\/hu\/wp-json\/wp\/v2\/media\/3536"}],"wp:attachment":[{"href":"https:\/\/travelshelper.com\/hu\/wp-json\/wp\/v2\/media?parent=9568"}],"curies":[{"name":"wp","href":"https:\/\/api.w.org\/{rel}","templated":true}]}}