{"id":9534,"date":"2024-09-08T17:58:51","date_gmt":"2024-09-08T17:58:51","guid":{"rendered":"https:\/\/travelshelper.com\/staging\/?page_id=9534"},"modified":"2026-03-13T23:07:31","modified_gmt":"2026-03-13T23:07:31","slug":"tonga","status":"publish","type":"page","link":"https:\/\/travelshelper.com\/hu\/destinations\/australia-and-oceania\/tonga\/","title":{"rendered":"Tonga"},"content":{"rendered":"<p>Polin\u00e9zia, \u00d3ce\u00e1nia egyik alr\u00e9gi\u00f3j\u00e1nak k\u00f6zep\u00e9n fekv\u0151 Tonga egy \u00e9rdekes szigetorsz\u00e1g, amelyet kor\u00e1bban Tonga Kir\u00e1lys\u00e1gk\u00e9nt ismertek. Tonga gy\u00f6ny\u00f6r\u0171 \u00e9s gazdag kultur\u00e1lis \u00f6r\u00f6ks\u00e9ggel rendelkezik. 171 szigetb\u0151l \u00e1ll, amelyek k\u00f6z\u00fcl csak 45 lakott, ez a szigetorsz\u00e1g nagy t\u00e1vols\u00e1gra h\u00faz\u00f3dik a Csendes-\u00f3ce\u00e1n d\u00e9li r\u00e9sz\u00e9n. Tonga teljes ter\u00fclete mind\u00f6ssze durv\u00e1n 750 000 n\u00e9gyzetkilom\u00e9ter (290 000 n\u00e9gyzetm\u00e9rf\u00f6ld), szigetei m\u00e9gis elk\u00e9peszt\u0151 700 000 n\u00e9gyzetkilom\u00e9teren (270 000 n\u00e9gyzetm\u00e9rf\u00f6ld\u00f6n) sz\u00f3r\u00f3dnak sz\u00e9t. 2021-es adatok szerint Tonga 104 494 lakos\u00e1nak csak mintegy 70%-a \u00e9l a f\u0151 szigeten, Tongatapuban.<\/p>\n<p>F\u00f6ldrajzilag Tonga egyetlen szigetcsoport, amely nagyj\u00e1b\u00f3l 800 kilom\u00e9ter hosszan h\u00faz\u00f3dik \u00e9szakr\u00f3l d\u00e9lre. Szomsz\u00e9dai k\u00f6z\u00f6tt Wallis \u00e9s Futuna (Franciaorsz\u00e1g), Fidzsi-szigetek \u00e9szaknyugaton, Szamoa \u00e9szakkeleten, Vanuatu \u00e9s \u00daj-Kaled\u00f3nia (Franciaorsz\u00e1g), Niue keleten, Kermadec (\u00daj-Z\u00e9land) pedig d\u00e9lnyugaton tal\u00e1lhat\u00f3. \u00daj-Z\u00e9land \u00c9szaki-sziget\u00e9t\u0151l mintegy 1800 kilom\u00e9terre (1100 m\u00e9rf\u00f6ldre) fekv\u0151 Tonga a Csendes-\u00f3ce\u00e1n \u00f6sszetett geopolitikai terep\u00e9nek jelent\u0151s r\u00e9sz\u00e9t k\u00e9pezi.<\/p>\n<p>Tonga domborzata ugyanolyan \u00e9rdekes, mint a t\u00f6rt\u00e9nelme. A Lapita civiliz\u00e1ci\u00f3, egy polin\u00e9z bev\u00e1ndorl\u00f3kb\u00f3l \u00e1ll\u00f3 csoport, k\u00f6r\u00fclbel\u00fcl 2500 \u00e9vvel ezel\u0151tt telepedett le a szigeteken, ezzel lefektetve az alapokat a j\u00f6v\u0151beli tongai n\u00e9p sz\u00e1m\u00e1ra. Azzal, hogy fokozatosan kialak\u00edtottak egy k\u00fcl\u00f6n\u00e1ll\u00f3 etnikai identit\u00e1st, nyelvet \u00e9s kult\u00far\u00e1t, ezek a bev\u00e1ndorl\u00f3k meglehet\u0151sen kiemelked\u0151v\u00e9 v\u00e1ltak a Csendes-\u00f3ce\u00e1n d\u00e9li r\u00e9sz\u00e9n. A Tu\u02bbi Tonga Birodalomk\u00e9nt ismert els\u0151 tongai kir\u00e1ly, \u02bbAho\u02bbeitu uralkodott a tongai gyarmatos\u00edt\u00e1s \u00e9s terjeszked\u00e9s ezen korszak\u00e1ban.<\/p>\n<p>\u02bbAho\u02bbeitu \u00e9s ut\u00f3dai alatt Tonga talassokr\u00e1ci\u00e1v\u00e1 \u00e9s region\u00e1lis hatalomm\u00e1 fejl\u0151d\u00f6tt, sz\u00e9les befoly\u00e1ssal a Csendes-\u00f3ce\u00e1non. A Salamon-szigetek egyes r\u00e9szeit\u0151l, \u00daj-Kaled\u00f3nia \u00e9s Fidzsi eg\u00e9sz\u00e9t\u0151l nyugaton Szamo\u00e1ig, Niu\u00e9ig, s\u0151t a mai Francia Polin\u00e9zia egyes r\u00e9szeiig keleten a Tu\u02bbi Tonga Birodalom jelent\u0151s ter\u00fcletet uralt \u00e9s uralt. A birodalom gazdas\u00e1gi, etnikai \u00e9s kultur\u00e1lis befoly\u00e1s\u00e1r\u00f3l v\u00e1lt ismertt\u00e9, amely j\u00f3val a 13. sz\u00e1zadi szamoai l\u00e1zad\u00e1s \u00e9s a szigetek 1616-os eur\u00f3pai felfedez\u00e9se ut\u00e1n is folytat\u00f3dott.<\/p>\n<p>Tonga egyed\u00fcl\u00e1ll\u00f3 kapcsolata a gyarmati hatalmakkal meghat\u00e1rozza modern t\u00f6rt\u00e9nelm\u00e9t. 1900 \u00e9s 1970 k\u00f6z\u00f6tt Tonga egy brit v\u00e9delem alatt \u00e1ll\u00f3 \u00e1llam volt, amelyet egy bar\u00e1ts\u00e1gi szerz\u0151d\u00e9s v\u00e9d. B\u00e1r Tonga soha nem adta \u00e1t szuverenit\u00e1s\u00e1t egy k\u00fclf\u00f6ldi orsz\u00e1gnak, az Egyes\u00fclt Kir\u00e1lys\u00e1g fel\u00fcgyelte k\u00fclpolitik\u00e1j\u00e1t ebben az id\u0151szakban. Ez a szuverenit\u00e1s ir\u00e1nti rend\u00edthetetlen elk\u00f6telezetts\u00e9g bizony\u00edtja a tongai n\u00e9p szabads\u00e1g\u00e1nak meg\u0151rz\u00e9s\u00e9re ir\u00e1nyul\u00f3 akarat\u00e1t.<\/p>\n<p>Tonga 2010-ben jelent\u0151sen elmozdult a modern korm\u00e1nyz\u00e1s fel\u00e9, amikor a hagyom\u00e1nyos abszol\u00fat monarchi\u00e1r\u00f3l f\u00e9lig alkotm\u00e1nyos monarchi\u00e1ra v\u00e1ltott. Ez a v\u00e1ltoz\u00e1s r\u00e9szben azoknak a t\u00f6rv\u00e9nyhoz\u00e1si reformoknak k\u00f6sz\u00f6nhet\u0151, amelyek megnyitott\u00e1k az utat az orsz\u00e1g els\u0151 r\u00e9szleges k\u00e9pviseleti v\u00e1laszt\u00e1sai el\u0151tt. Ez a politikai fejl\u0151d\u00e9s Tonga folyamatos elk\u00f6telezetts\u00e9g\u00e9t mutatja a modernizmus \u00e9s a hagyom\u00e1ny egyens\u00falyban tart\u00e1sa ir\u00e1nt, meg\u0151rizve korm\u00e1nyzati rendszereinek relevanci\u00e1j\u00e1t \u00e9s funkcionalit\u00e1s\u00e1t a huszonegyedik sz\u00e1zadban.<\/p>\n<p>Tonga vil\u00e1gm\u00e9ret\u0171 jelenl\u00e9t\u00e9t sz\u00e1mos jelent\u0151s csoportban val\u00f3 tags\u00e1ga mutatja. Tagja az Egyes\u00fclt Nemzetek Szervezet\u00e9nek, a Csendes-\u00f3ce\u00e1ni Szigetek F\u00f3rum\u00e1nak, a Kis Sziget\u00e1llamok Sz\u00f6vets\u00e9g\u00e9nek \u00e9s a Nemzetek K\u00f6z\u00f6ss\u00e9g\u00e9nek. Ezek a sz\u00f6vets\u00e9gek Tonga region\u00e1lis \u00e9s glob\u00e1lis \u00fcgyekben val\u00f3 r\u00e9szv\u00e9tel\u00e9t, valamint a kis szigetorsz\u00e1gok el\u0151tt \u00e1ll\u00f3 saj\u00e1tos kih\u00edv\u00e1sok kezel\u00e9se ir\u00e1nti elk\u00f6telezetts\u00e9g\u00e9t mutatj\u00e1k.<\/p>","protected":false},"excerpt":{"rendered":"<p>Polin\u00e9zia, \u00d3ce\u00e1nia egyik alr\u00e9gi\u00f3j\u00e1nak k\u00f6zep\u00e9n fekv\u0151 Tonga egy \u00e9rdekes szigetorsz\u00e1g, amelyet kor\u00e1bban Tonga Kir\u00e1lys\u00e1gk\u00e9nt ismertek. Tonga gy\u00f6ny\u00f6r\u0171 \u00e9s gazdag kultur\u00e1lis \u00f6r\u00f6ks\u00e9ggel rendelkezik. 171 szigetb\u0151l \u00e1ll, amelyek k\u00f6z\u00fcl csak 45 lakott, ez a szigetorsz\u00e1g nagy t\u00e1vols\u00e1gra h\u00faz\u00f3dik a Csendes-\u00f3ce\u00e1n d\u00e9li r\u00e9sz\u00e9n. Tonga teljes ter\u00fclete mind\u00f6ssze durv\u00e1n 750 000 n\u00e9gyzetkilom\u00e9ter (290 000 n\u00e9gyzetm\u00e9rf\u00f6ld), szigetei m\u00e9gis elk\u00e9peszt\u0151 700 000 n\u00e9gyzetkilom\u00e9teren (270 000 n\u00e9gyzetm\u00e9rf\u00f6ld\u00f6n) sz\u00f3r\u00f3dnak sz\u00e9t. 2021-es adatok szerint Tonga 104 494 lakos\u00e1nak csak mintegy 70%-a \u00e9l a f\u0151 szigeten, Tongatapuban.<\/p>","protected":false},"author":1,"featured_media":4050,"parent":24105,"menu_order":0,"comment_status":"closed","ping_status":"closed","template":"elementor_theme","meta":{"_eb_attr":"","footnotes":""},"class_list":["post-9534","page","type-page","status-publish","has-post-thumbnail"],"_links":{"self":[{"href":"https:\/\/travelshelper.com\/hu\/wp-json\/wp\/v2\/pages\/9534","targetHints":{"allow":["GET"]}}],"collection":[{"href":"https:\/\/travelshelper.com\/hu\/wp-json\/wp\/v2\/pages"}],"about":[{"href":"https:\/\/travelshelper.com\/hu\/wp-json\/wp\/v2\/types\/page"}],"author":[{"embeddable":true,"href":"https:\/\/travelshelper.com\/hu\/wp-json\/wp\/v2\/users\/1"}],"replies":[{"embeddable":true,"href":"https:\/\/travelshelper.com\/hu\/wp-json\/wp\/v2\/comments?post=9534"}],"version-history":[{"count":0,"href":"https:\/\/travelshelper.com\/hu\/wp-json\/wp\/v2\/pages\/9534\/revisions"}],"up":[{"embeddable":true,"href":"https:\/\/travelshelper.com\/hu\/wp-json\/wp\/v2\/pages\/24105"}],"wp:featuredmedia":[{"embeddable":true,"href":"https:\/\/travelshelper.com\/hu\/wp-json\/wp\/v2\/media\/4050"}],"wp:attachment":[{"href":"https:\/\/travelshelper.com\/hu\/wp-json\/wp\/v2\/media?parent=9534"}],"curies":[{"name":"wp","href":"https:\/\/api.w.org\/{rel}","templated":true}]}}