{"id":9522,"date":"2024-09-08T17:33:25","date_gmt":"2024-09-08T17:33:25","guid":{"rendered":"https:\/\/travelshelper.com\/staging\/?page_id=9522"},"modified":"2026-03-13T12:41:08","modified_gmt":"2026-03-13T12:41:08","slug":"antigua-es-barbuda","status":"publish","type":"page","link":"https:\/\/travelshelper.com\/hu\/destinations\/north-america\/antigua-and-barbuda\/","title":{"rendered":"Antigua \u00e9s Barbuda"},"content":{"rendered":"<p>Antigua \u00e9s Barbuda egy kompakt nemzet, amely k\u00e9t f\u0151 szigetb\u0151l \u2013 Antigu\u00e1b\u00f3l \u00e9s Barbud\u00e1b\u00f3l \u2013 \u00e9s sz\u00e1mos kisebb szigetecsk\u00e9b\u0151l \u00e1ll, 440 n\u00e9gyzetkilom\u00e9teres ter\u00fcletet foglal mag\u00e1ban, az Atlanti-\u00f3ce\u00e1n keleti, a Karib-tenger pedig nyugati r\u00e9sz\u00e9n helyezkedik el, \u00e9s f\u0151 v\u00e1rosi k\u00f6zpontj\u00e1t, St. John&#039;s-t, valamint All Saints-t \u00e9s Bolans-t ad otthont egy keskeny, folyamatos telep\u00fcl\u00e9si folyos\u00f3n bel\u00fcl, amely d\u00e9l fel\u00e9 h\u00faz\u00f3dik English Harbourig.<\/p>\n<p>Antigua \u00e9s Barbuda terepe t\u00falnyom\u00f3r\u00e9szt alacsonyan fekszik, ink\u00e1bb az \u0151si m\u00e9szk\u0151lerak\u00f3d\u00e1sok, mint a vulk\u00e1ni kit\u00f6r\u00e9sek form\u00e1lt\u00e1k, m\u00e9gis a vulk\u00e1ni tev\u00e9kenys\u00e9g nyomai tark\u00edtj\u00e1k. Az Antigu\u00e1n tal\u00e1lhat\u00f3 Shekerley-hegys\u00e9g a Boggy Peakben (kor\u00e1bban Mt. Obama 2016-ig) cs\u00facsosodik ki, egy 402 m\u00e9ter magas kr\u00e1termaradv\u00e1nyban, m\u00edg Barbuda legmagasabb pontjai egy szer\u00e9ny gerincet k\u00f6vetnek, amelyet Highlands n\u00e9ven ismernek. Mindk\u00e9t sziget partvonalai \u00f6bl\u00f6k, homokos partok, parti lag\u00fan\u00e1k \u00e9s term\u00e9szetes kik\u00f6t\u0151k szab\u00e1lytalan kont\u00farjaiba bomlanak, amelyeket a partt\u00f3l z\u00e1tonyok \u00e9s z\u00e1tonyok szeg\u00e9lyeznek, amelyek m\u00e9rs\u00e9klik a hull\u00e1mz\u00e1st, de \u00f3vatoss\u00e1got k\u00f6vetelnek a tenger\u00e9szekt\u0151l. A felsz\u00edni v\u00edz a szezon\u00e1lis csapad\u00e9kon t\u00fal sz\u0171k\u00f6snek bizonyul, \u00e9s a f\u00f6ldalatti v\u00edztart\u00f3 r\u00e9tegek csak minim\u00e1lis iv\u00f3v\u00edzhozamot biztos\u00edtanak. Hasonl\u00f3 k\u0151zettani narrat\u00edva terjed ki Redond\u00e1ra, egy kop\u00e1r szigetre, amely Antigu\u00e1t\u00f3l mintegy 40 kilom\u00e9terre d\u00e9lnyugatra fekszik, ahol a sziklakib\u00fav\u00e1sok meredeken emelkednek ki a vesz\u00e9lyes z\u00e1tonyok f\u00f6l\u00e9.<\/p>\n<p>Az \u00e9ghajlati viszonyok a tr\u00f3pusi szavanna kateg\u00f3ri\u00e1j\u00e1ba tartoznak, Antigua d\u00e9lnyugati negyed\u00e9ben monszun t\u00edpus\u00fa csapad\u00e9kkal tark\u00edtva. Az \u00e9ves csapad\u00e9kmennyis\u00e9g \u00e1tlagosan 990 millim\u00e9ter k\u00f6r\u00fcl mozog, b\u00e1r eloszl\u00e1sa \u200b\u200bjelent\u0151s szezonalit\u00e1st t\u00fckr\u00f6z, a csapad\u00e9k cs\u00facsa szeptember \u00e9s november k\u00f6z\u00f6tt van. A h\u0151m\u00e9rs\u00e9klet december-febru\u00e1r id\u0151szakban nagyj\u00e1b\u00f3l 23 \u00e9s 29 Celsius-fok k\u00f6z\u00f6tt ingadozik, az \u00e9v fennmarad\u00f3 r\u00e9sz\u00e9ben pedig k\u00f6r\u00fclbel\u00fcl 25 \u00e9s 30 Celsius-fok k\u00f6z\u00f6tt. A p\u00e1ratartalom m\u00e9rs\u00e9kelt marad, de a sz\u00e1raz \u00e9vszakot visszat\u00e9r\u0151 asz\u00e1lyos id\u0151szakok szak\u00edtj\u00e1k meg. A hurrik\u00e1nok jelentik a legs\u00falyosabb meteorol\u00f3giai vesz\u00e9lyt: 2017 szeptember\u00e9ben az 5-\u00f6s kateg\u00f3ri\u00e1ba tartoz\u00f3 Irma hurrik\u00e1n Barbuda szinte minden \u00e9p\u00fclet\u00e9ben puszt\u00edt\u00e1st v\u00e9gzett, ami k\u00f6r\u00fclbel\u00fcl 1800 lakos Antigu\u00e1ra val\u00f3 evaku\u00e1l\u00e1s\u00e1t eredm\u00e9nyezte, \u00e9s a becsl\u00e9sek szerint t\u00f6bb mint sz\u00e1zmilli\u00f3 amerikai doll\u00e1rba ker\u00fcl\u0151 \u00fajj\u00e1\u00e9p\u00edt\u00e9si k\u00f6lts\u00e9geket tett sz\u00fcks\u00e9gess\u00e9. Az infrastruktur\u00e1lis k\u00e1rok magukban foglalt\u00e1k a v\u00edzell\u00e1t\u00e1st, az elektromos h\u00e1l\u00f3zatokat, a kommunik\u00e1ci\u00f3s rendszereket \u00e9s a hullad\u00e9kkezel\u0151 l\u00e9tes\u00edtm\u00e9nyeket, ami arra k\u00e9nyszer\u00edtette a hat\u00f3s\u00e1gokat, hogy elismerj\u00e9k, hogy a helyre\u00e1ll\u00edt\u00e1si er\u0151fesz\u00edt\u00e9sek hat h\u00f3napon t\u00fal is eltartanak.<\/p>\n<p>Biogeogr\u00e1fiailag Antigua \u00e9s Barbuda a Leeward-szigetek nedves erd\u0151inek \u00e9s sz\u00e1razs\u00e1gt\u0171r\u0151 cserj\u00e9s \u00f6kor\u00e9gi\u00f3iban fekszik. A tengeri hat\u00e1rok nyugaton Anguill\u00e1val, Saint Barth\u00e9lemy-vel \u00e9s Saint Kitts \u00e9s Nevisszel, d\u00e9lnyugaton Montserrat-val, d\u00e9len pedig Guadeloupe-pal tal\u00e1lkoznak. A v\u00e9dett ter\u00fcletek k\u00f6z\u00e9 tartozik a Barbud\u00e1n tal\u00e1lhat\u00f3 Codrington-lag\u00fana \u2013 a Kis-Antill\u00e1k egyik legnagyobb sz\u00e1razf\u00f6ldi v\u00edzteste \u2013, valamint Antigua szerte term\u00e9szetv\u00e9delmi ter\u00fcletek h\u00e1l\u00f3zata, amelyek a part menti vizes \u00e9l\u0151helyeket \u00e9s a sz\u00e1razerd\u0151 \u00e9l\u0151helyeket v\u00e9dik. Annak ellen\u00e9re, hogy a n\u00e9ps\u0171r\u0171s\u00e9g a r\u00e9gi\u00f3 legmagasabbjai k\u00f6z\u00e9 tartozik, 2020-ban a sz\u00e1razf\u00f6ldi ter\u00fclet k\u00f6zel egy\u00f6t\u00f6de erd\u0151bor\u00edt\u00e1s alatt maradt, ami az 1990-es t\u00f6bb mint 10 000 hekt\u00e1rr\u00f3l k\u00f6r\u00fclbel\u00fcl 8120 hekt\u00e1rra cs\u00f6kkent, ami a fejleszt\u00e9sek \u00e9s a v\u00e1ltoz\u00f3 f\u00f6ldhaszn\u00e1lati szok\u00e1sok nyom\u00e1s\u00e1t t\u00fckr\u00f6zi. Az emelked\u0151 tengerszint \u00e9s a v\u00e1ltoz\u00f3 csapad\u00e9kmennyis\u00e9g tov\u00e1bb s\u00falyosb\u00edtja a k\u00f6rnyezeti stresszt.<\/p>\n<p>E szigetek emberi lakotts\u00e1ga legal\u00e1bb \u00f6t \u00e9vezredesre ny\u00falik vissza. A r\u00e9g\u00e9szeti bizony\u00edt\u00e9kok arra utalnak, hogy vad\u00e1sz\u00f3-gy\u0171jt\u00f6get\u0151 csoportok Kr. e. 3000 k\u00f6r\u00fcl \u00e9rkeztek, val\u00f3sz\u00edn\u0171leg az Orinoco-medenc\u00e9b\u0151l sz\u00e1rmaz\u00f3, ki\u00e1sott kenukban, \u0151ket pedig a ker\u00e1mia kori arawak k\u00f6z\u00f6ss\u00e9gek v\u00e1ltott\u00e1k fel a mai Venezuela ter\u00fclet\u00e9r\u0151l. Az eur\u00f3pai kapcsolat\u00e9p\u00edt\u00e9s 1493-ban kezd\u0151d\u00f6tt, amikor Kolumbusz Krist\u00f3f felt\u00e9rk\u00e9pezte Antigu\u00e1t, ami 1520-ban egy spanyol leteleped\u00e9si k\u00eds\u00e9rletet eredm\u00e9nyezett, amely v\u00e9g\u00fcl nem vert v\u00e9gleges gy\u00f6keret. 1632-ig nem l\u00e9tezett hivatalos gyarmat, amikor Edward Warner egy kis angol kontingenst vezetett, hogy megalap\u00edtsa az els\u0151 tart\u00f3s brit hader\u0151t. K\u00f6zigazgat\u00e1silag Barbuda a 17. sz\u00e1zad v\u00e9g\u00e9t\u0151l az 1860-as \u00e9vekig a Codrington csal\u00e1d tulajdonjoga al\u00e1 tartozott, m\u00edg Antigua t\u00e1rsadalmi rendje az ing\u00f3s\u00e1gok rabszolgas\u00e1g\u00e1n kereszt\u00fcl az 1834-es emancip\u00e1ci\u00f3ig fejl\u0151d\u00f6tt, amely ut\u00e1n a helyi auton\u00f3mia fokozatosan b\u0151v\u00fclt. 1728-ban, Klaas herceg vezet\u00e9s\u00e9vel, aki Antigua f\u00fcggetlen kir\u00e1lys\u00e1gg\u00e1 ki\u00e1lt\u00e1s\u00e1ra t\u00f6rekedett, 1728-ban indult egy korai k\u00eds\u00e9rlet a Nagy-Britanni\u00e1val val\u00f3 kapcsolatok megszak\u00edt\u00e1s\u00e1ra, aki Antigua f\u00fcggetlen kir\u00e1lys\u00e1gg\u00e1 nyilv\u00e1n\u00edt\u00e1s\u00e1ra t\u00f6rekedett, a politikai \u00f6n\u00e1ll\u00f3s\u00e1g azonban t\u00e1voli maradt a 20. sz\u00e1zad k\u00f6zep\u00e9ig. Az els\u0151 demokratikus v\u00e1laszt\u00e1sokat 1951-ben tartott\u00e1k, a teljes szuverenit\u00e1s pedig 1981. november 1-j\u00e9n \u00e9rkezett el, lez\u00e1rva az alkotm\u00e1nyos \u00e1tmenetet, amely az 1960-as \u00e9vekben a bels\u0151 \u00f6nkorm\u00e1nyzattal kezd\u0151d\u00f6tt.<\/p>\n<p>A f\u00fcggetlens\u00e9g ut\u00e1ni korm\u00e1nyz\u00e1sban a Bird csal\u00e1d uralkodott, akiknek befoly\u00e1sa 1960-t\u00f3l 2004-ig tartott, amit csak r\u00f6vid id\u0151re szak\u00edtott meg a v\u00e1ltott korm\u00e1nyz\u00e1s, am\u00edg Baldwin Spencer \u00e1t nem vette a minisztereln\u00f6ki posztot. 2014 \u00f3ta a Munk\u00e1sp\u00e1rt rendelkezik parlamenti t\u00f6bbs\u00e9ggel, m\u00edg az Egyes\u00fclt Halad\u00f3 P\u00e1rt a f\u0151 ellenz\u00e9ki sz\u00e1rnyat t\u00f6lti be. Antigua \u00e9s Barbuda megtartja a Nemzetek K\u00f6z\u00f6ss\u00e9g\u00e9nek tags\u00e1g\u00e1t, \u00e9s alkotm\u00e1nyos monarchiak\u00e9nt m\u0171k\u00f6dik, III. K\u00e1roly \u00e1llamf\u0151vel, akit helyben egy f\u0151korm\u00e1nyz\u00f3 k\u00e9pvisel. Unit\u00e1rius \u00e1llamk\u00e9nt Antigua hat egyh\u00e1zk\u00f6zs\u00e9gre oszlik, m\u00edg Barbuda bels\u0151 \u00fcgyeit az 1976-ban l\u00e9trehozott Barbuda Tan\u00e1cson kereszt\u00fcl int\u00e9zi. A nemzeti t\u00f6rv\u00e9nyhoz\u00e1s egy k\u00e9tkamar\u00e1s test\u00fcletb\u0151l \u00e1ll: a K\u00e9pvisel\u0151h\u00e1zb\u00f3l, amelynek tagjai n\u00e9pszavaz\u00e1ssal jutnak hatalomra, \u00e9s a Szen\u00e1tusb\u00f3l, amelynek tagjait a f\u0151korm\u00e1nyz\u00f3 nevezi ki.<\/p>\n<p>A demogr\u00e1fiai mutat\u00f3k alapj\u00e1n a lakoss\u00e1g sz\u00e1ma szer\u00e9ny, 2025 k\u00f6zep\u00e9n k\u00f6r\u00fclbel\u00fcl 105 182 f\u0151 volt, ami k\u00f6zel negyed\u00e9vel nagyobb n\u00f6veked\u00e9st jelent a 2011-es n\u00e9psz\u00e1ml\u00e1l\u00e1s \u00f3ta. Az anyak\u00f6nyvi statisztik\u00e1k szerint 2008 \u00e9s 2020 k\u00f6z\u00f6tt \u00e1tlagosan \u00e9vente 1188 \u00e9lvesz\u00fclet\u00e9s t\u00f6rt\u00e9nt, ami h\u00e9t \u00f3r\u00e1nk\u00e9nt egy sz\u00fclet\u00e9snek felel meg, \u00e9s a teljes term\u00e9kenys\u00e9gi r\u00e1ta n\u0151nk\u00e9nt 1,6 gyermek 2022-ben, ami a kis karibi \u00e1llamok \u00e1tlaga alatt van. A 2011-es csal\u00e1di \u00e1llapotra vonatkoz\u00f3 adatok azt mutatj\u00e1k, hogy a tizen\u00f6t \u00e9ves \u00e9s id\u0151sebb lakosok t\u00f6bb mint h\u00e1rom\u00f6t\u00f6de soha nem l\u00e9pett h\u00e1zass\u00e1gra, m\u00edg a fennmarad\u00f3 r\u00e9sz\u00fck h\u00e1zas, elv\u00e1lt vagy k\u00fcl\u00f6n\u00e9l\u0151, valamint \u00f6zvegy szem\u00e9lyekb\u0151l \u00e1llt cs\u00f6kken\u0151 ar\u00e1nyban. A bev\u00e1ndorl\u00e1s a n\u00e9pess\u00e9gn\u00f6veked\u00e9s f\u0151 mozgat\u00f3rug\u00f3ja, ami hozz\u00e1j\u00e1rul a k\u00fclf\u00f6ld\u00f6n sz\u00fcletett lakosok ar\u00e1nyosan magas r\u00e9szar\u00e1ny\u00e1hoz. Etnikailag a lakoss\u00e1g tov\u00e1bbra is t\u00falnyom\u00f3r\u00e9szt afrikai sz\u00e1rmaz\u00e1s\u00fa, jelent\u0151s eur\u00f3pai, spanyol \u00e9s indiai kisebbs\u00e9gekkel. A kereszt\u00e9nys\u00e9g uralkodik, f\u0151k\u00e9nt protest\u00e1ns felekezeteken kereszt\u00fcl, \u00e9s a leggyakoribb h\u00e1ztart\u00e1si nyelv az antiguai \u00e9s barbudai kreol.<\/p>\n<p>Gazdas\u00e1gi teljes\u00edtm\u00e9nye alapj\u00e1n Antigua \u00e9s Barbuda a Karib-t\u00e9rs\u00e9g magas j\u00f6vedelm\u0171 nemzetei k\u00f6z\u00e9 tartozik, ahol a szolg\u00e1ltat\u00f3ipar \u2013 k\u00fcl\u00f6n\u00f6sen a turizmus \u2013 a brutt\u00f3 hazai term\u00e9k t\u00f6bb mint fel\u00e9t teszi ki. A szigetek a luxussz\u00e1ll\u00e1shelyekre orient\u00e1lt vend\u00e9gk\u00f6rt vonzz\u00e1k: Antigua \u00f6tcsillagos \u00fcd\u00fcl\u0151helyekb\u0151l \u00e1ll, amelyek a finomszemcs\u00e9s strandok kiterjedt \u00f6vezet\u00e9re \u00e9p\u00edtenek, m\u00edg Barbuda \u00e9rintetlen tengerparti ter\u00fcleteket k\u00edn\u00e1l korl\u00e1tozott turisztikai infrastrukt\u00far\u00e1val. A k\u00f6z\u00e9pkateg\u00f3ri\u00e1s turisztikai szegmensek kereslet\u00e9nek ingadoz\u00e1sa a huszonegyedik sz\u00e1zad eleje \u00f3ta korl\u00e1tozta a bev\u00e9telek n\u00f6veked\u00e9s\u00e9t \u00e9s megterhelte a k\u00f6lts\u00e9gvet\u00e9si forr\u00e1sokat. V\u00e1laszul a politikai int\u00e9zked\u00e9sek 2019-ben nulla sz\u00e1zal\u00e9kos szem\u00e9lyi j\u00f6vedelemad\u00f3-kulcsot \u00e9s befektet\u00e9si \u00e1llampolg\u00e1rs\u00e1gi kezdem\u00e9nyez\u00e9seket vezettek be a vagyonos mag\u00e1nszem\u00e9lyek t\u0151k\u00e9j\u00e9nek vonz\u00e1sa \u00e9rdek\u00e9ben. A p\u00e9nz\u00fcgyi szolg\u00e1ltat\u00e1sok, bele\u00e9rtve a befektet\u00e9si banki tev\u00e9kenys\u00e9get \u00e9s az offshore m\u0171veleteket, szint\u00e9n a gazdas\u00e1g kulcsfontoss\u00e1g\u00fa pill\u00e9r\u00e9t alkotj\u00e1k, \u00e9s megenged\u0151 szab\u00e1lyoz\u00e1si kereteket haszn\u00e1lnak a nagyobb nemzetk\u00f6zi bankok fi\u00f3kjainak befogad\u00e1s\u00e1ra. Antigua \u00e9s Barbuda fenntart l\u00e9gier\u0151t \u2013 az egyetlen korm\u00e1nyzati l\u00e9gik\u00f6zleked\u00e9si \u00f6sszetev\u0151t a Karib-t\u00e9rs\u00e9g keleti r\u00e9sz\u00e9n \u2013, \u00e9s r\u00e9szt vesz a region\u00e1lis biztons\u00e1gban a Kelet-karibi \u00c1llamok Szervezet\u00e9nek, a Region\u00e1lis Biztons\u00e1gi Rendszernek, a CARICOM-nak, az Egyes\u00fclt Nemzetek Szervezet\u00e9nek \u00e9s a Kereskedelmi Vil\u00e1gszervezetnek a tags\u00e1ga r\u00e9v\u00e9n.<\/p>\n<p>A kultur\u00e1lis \u00e9let t\u00fckr\u00f6zi mind az afro-karibi \u00f6r\u00f6ks\u00e9get, mind a gyarmati hagyat\u00e9kot. A krikett sz\u00e9les k\u00f6r\u0171 figyelmet kap, \u00e9s a szigetek olyan sportol\u00f3kat adtak, akiket a sport\u00e1g legnagyobb alakjai k\u00f6z\u00f6tt tartanak sz\u00e1mon. A kulin\u00e1ris szok\u00e1sok nagyr\u00e9szt eur\u00f3pai el\u0151zm\u00e9nyekb\u0151l \u2013 k\u00fcl\u00f6n\u00f6sen brit \u00e9s portug\u00e1l hat\u00e1sokb\u00f3l \u2013 sz\u00e1rmaznak, amelyeket \u0151shonos \u00e9s Afrik\u00e1b\u00f3l behurcolt \u00f6sszetev\u0151k vegy\u00edtenek. A nemzeti \u00e9telek, a fungee (a polent\u00e1hoz hasonl\u00f3 kukoricalisztb\u0151l k\u00e9sz\u00fclt k\u00e9sz\u00edtm\u00e9ny), amelyet borsos p\u00f6rk\u00f6lttel t\u00e1lalnak, err\u0151l a szint\u00e9zisr\u0151l sz\u00f3lnak, m\u00edg a s\u00f3zott hal, a barbudai hom\u00e1r \u00e9s a f\u0171szeres rizs tov\u00e1bb p\u00e9ld\u00e1zza a helyi \u00edzvil\u00e1got. Az \u00e9des finoms\u00e1gok k\u00f6z\u00e9 tartozik a k\u00f3kuszos cukorkeksz, a mogyor\u00f3s brittle \u00e9s a fudge egy region\u00e1lis v\u00e1ltozata, a p\u00e1rolt tamarind \u00e9s a helyi m\u00e1lnalekv\u00e1r mellett. Az antiguai fekete anan\u00e1sz, amelyet \u00e9dess\u00e9g\u00e9\u00e9rt \u00e9s l\u00e9d\u00fass\u00e1g\u00e1\u00e9rt nagyra becs\u00fclnek, gy\u00fcm\u00f6lcssal\u00e1t\u00e1kban \u00e9s \u00e9dess\u00e9gekben jelenik meg. A reggeli \u00e9tkez\u00e9sek gyakran antiguai vas\u00e1rnapi keny\u00e9rrel kezd\u0151dnek, egy diszn\u00f3zs\u00edrral d\u00fas\u00edtott keny\u00e9rrel, amelyet az arany k\u00e9rg\u00e9nek d\u00edszes csavar\u00e1sai k\u00fcl\u00f6nb\u00f6ztetnek meg, \u00e9s a mazsol\u00e1s zseml\u00e9k, amelyeket h\u00fasv\u00e9tkor helyileg \u201ezsemle \u00e9s sajt\u201d n\u00e9ven ismernek, a f\u0171szert \u00e9s az \u00e9dess\u00e9get a szok\u00e1sos p\u00e1ros\u00edt\u00e1sban \u00f6tv\u00f6zik.<\/p>\n<p>A turist\u00e1k els\u0151sorban a St. John&#039;s k\u00f6zel\u00e9ben tal\u00e1lhat\u00f3 V. C. Bird nemzetk\u00f6zi rep\u00fcl\u0151t\u00e9ren kereszt\u00fcl \u00e9rkeznek, amely \u00c9szak-Amerik\u00e1b\u00f3l \u2013 k\u00f6zt\u00fck az American Airlines, a Delta, a JetBlue \u00e9s az United \u2013, a kanadai Air Canada \u00e9s Sunwing l\u00e9git\u00e1rsas\u00e1gokat, valamint eur\u00f3pai kapcsolatokat k\u00edn\u00e1l a British Airways \u00e9s a Virgin Atlantic l\u00e9git\u00e1rsas\u00e1gokon kereszt\u00fcl. Region\u00e1lis l\u00e9git\u00e1rsas\u00e1gok k\u00f6tik \u00f6ssze Antigu\u00e1t a szomsz\u00e9dos szigetekkel, m\u00edg a kompj\u00e1ratok Montserrattal \u00e9s \u2013 rendszertelen menetrend szerint \u2013 Guadeloupe-pal is csatlakoznak charter\u00fczemeltet\u0151k\u00f6n kereszt\u00fcl. A tengerj\u00e1r\u00f3 haj\u00f3k is hozz\u00e1j\u00e1rulnak a l\u00e1togat\u00f3k forgalm\u00e1hoz, \u00e9s a szigetcsoport kik\u00f6t\u0151iben mag\u00e1njachtok is gyakran j\u00e1rnak. A szigeteken bel\u00fcl a b\u00e9relhet\u0151 j\u00e1rm\u0171vek \u00e9s a szervezett t\u00far\u00e1k jelentik a f\u0151 k\u00f6zleked\u00e9si eszk\u00f6zt. A kisbuszok h\u00e1l\u00f3zata, amelyeket a meghat\u00e1rozott \u00fatvonalaknak megfelel\u0151 sz\u00e1mjegyekkel azonos\u00edtanak, olcs\u00f3 k\u00f6zleked\u00e9st k\u00edn\u00e1l fix menetrend n\u00e9lk\u00fcl, t\u00edz-tizen\u00f6t perces id\u0151k\u00f6z\u00f6nk\u00e9nt k\u00f6zlekedve, \u00e9s lehet\u0151v\u00e9 t\u00e9ve az utasok sz\u00e1m\u00e1ra a lesz\u00e1ll\u00e1st k\u00e9r\u00e9sre.<\/p>\n<p>Antigua \u00e9s Barbuda a f\u00f6ldrajz, a t\u00f6rt\u00e9nelem \u00e9s a t\u00e1rsadalom komplex k\u00f6lcs\u00f6nhat\u00e1s\u00e1n kereszt\u00fcl a kontrasztok tanulm\u00e1nyoz\u00e1s\u00e1t mutatja be: szer\u00e9ny sz\u00e1razf\u00f6ld, m\u00e9gis v\u00e1ltozatos fiziogr\u00e1fia; tr\u00f3pusi \u00e9ghajlat, amelyet az \u00e9vszakos sz\u00e9ls\u0151s\u00e9gek m\u00e9rs\u00e9kelnek; gyarmati \u00f6r\u00f6ks\u00e9g, amelyet az emancip\u00e1ci\u00f3 ut\u00e1ni \u00f6nrendelkez\u00e9s sz\u00f6v \u00f6ssze; valamint a turizmusra \u00e9s a p\u00e9nz\u00fcgyekre \u00e9p\u00fcl\u0151 gazdas\u00e1g, amelyet a k\u00f6rnyezeti s\u00e9r\u00fcl\u00e9kenys\u00e9g \u00e9s az auton\u00f3mi\u00e1r\u00f3l sz\u00f3l\u00f3 politikai vit\u00e1k m\u00e9rs\u00e9kelnek. Az orsz\u00e1g azon k\u00e9pess\u00e9ge, hogy az \u00e9ghajlati vesz\u00e9lyek \u00e9s a demogr\u00e1fiai v\u00e1ltoz\u00e1sok k\u00f6zepette is fenntartsa a fejl\u0151d\u00e9st, tov\u00e1bbra is meghat\u00e1rozza az elk\u00f6vetkez\u0151 \u00e9vtizedek p\u00e1ly\u00e1j\u00e1t.<\/p>","protected":false},"excerpt":{"rendered":"<p>Antigua \u00e9s Barbuda, egy elb\u0171v\u00f6l\u0151, szuver\u00e9n szigetorsz\u00e1g, a Karib-t\u00e9rs\u00e9g sz\u00edv\u00e9ben tal\u00e1lhat\u00f3. A Kis-Antill\u00e1k egyike, ez az orsz\u00e1g remek helyen fekszik az Atlanti- \u00e9s a Karib-\u00f3ce\u00e1n tal\u00e1lkoz\u00e1s\u00e1n\u00e1l. Leny\u0171g\u00f6z\u0151 t\u00e1jai, gazdag t\u00f6rt\u00e9nelme \u00e9s \u00e9l\u00e9nk kult\u00far\u00e1ja miatt mind a l\u00e1togat\u00f3k, mind a t\u00f6rt\u00e9n\u00e9szek nagy var\u00e1zslatot tal\u00e1lnak Antigu\u00e1ban \u00e9s Barbud\u00e1n.<\/p>","protected":false},"author":1,"featured_media":3594,"parent":24084,"menu_order":0,"comment_status":"closed","ping_status":"closed","template":"elementor_theme","meta":{"_eb_attr":"","footnotes":""},"class_list":["post-9522","page","type-page","status-publish","has-post-thumbnail"],"_links":{"self":[{"href":"https:\/\/travelshelper.com\/hu\/wp-json\/wp\/v2\/pages\/9522","targetHints":{"allow":["GET"]}}],"collection":[{"href":"https:\/\/travelshelper.com\/hu\/wp-json\/wp\/v2\/pages"}],"about":[{"href":"https:\/\/travelshelper.com\/hu\/wp-json\/wp\/v2\/types\/page"}],"author":[{"embeddable":true,"href":"https:\/\/travelshelper.com\/hu\/wp-json\/wp\/v2\/users\/1"}],"replies":[{"embeddable":true,"href":"https:\/\/travelshelper.com\/hu\/wp-json\/wp\/v2\/comments?post=9522"}],"version-history":[{"count":0,"href":"https:\/\/travelshelper.com\/hu\/wp-json\/wp\/v2\/pages\/9522\/revisions"}],"up":[{"embeddable":true,"href":"https:\/\/travelshelper.com\/hu\/wp-json\/wp\/v2\/pages\/24084"}],"wp:featuredmedia":[{"embeddable":true,"href":"https:\/\/travelshelper.com\/hu\/wp-json\/wp\/v2\/media\/3594"}],"wp:attachment":[{"href":"https:\/\/travelshelper.com\/hu\/wp-json\/wp\/v2\/media?parent=9522"}],"curies":[{"name":"wp","href":"https:\/\/api.w.org\/{rel}","templated":true}]}}