{"id":9509,"date":"2024-09-08T15:02:14","date_gmt":"2024-09-08T15:02:14","guid":{"rendered":"https:\/\/travelshelper.com\/staging\/?page_id=9509"},"modified":"2026-03-13T13:05:38","modified_gmt":"2026-03-13T13:05:38","slug":"barbados","status":"publish","type":"page","link":"https:\/\/travelshelper.com\/hu\/destinations\/north-america\/barbados\/","title":{"rendered":"Barbados"},"content":{"rendered":"<p>Barbados ma egy karcs\u00fa, f\u00e9lhold alak\u00fa f\u00f6lddarab az Atlanti-\u00f3ce\u00e1non, legsz\u00e9lesebb pontj\u00e1n mintegy harmincn\u00e9gy kilom\u00e9ter hossz\u00fa, 439 n\u00e9gyzetkilom\u00e9teres ter\u00fcletet foglal mag\u00e1ban, \u00e9s nagyj\u00e1b\u00f3l 287 000 lelket sz\u00e1ml\u00e1l (2019), a Kis-Antill\u00e1k legkeletibb sz\u00e1rny\u00e1n fekszik, ahol a Karib-t\u00e9rs\u00e9g az\u00fark\u00e9k hull\u00e1mai \u00fctk\u00f6znek a d\u00e9l-amerikai tektonikus kiterjed\u00e9ssel.<\/p>\n<p>Barbados els\u0151 spanyol t\u00e9rk\u00e9pi megjelen\u00e9s\u00e9t\u0151l, 1511-t\u0151l a portug\u00e1l megsz\u00e1ll\u00e1s id\u0151szak\u00e1n \u00e1t, a tizenhatodik sz\u00e1zad k\u00f6zep\u00e9n, az Olajfavir\u00e1gz\u00e1s v\u00e9gzetes 1625 m\u00e1jusi \u00e9rkez\u00e9s\u00e9ig \u2013 amikor Anglia I. Jakab kir\u00e1lynak ig\u00e9nyt tartott a szigetre \u2013, majd k\u00e9t \u00e9vvel k\u00e9s\u0151bb \u00e1lland\u00f3 telepesek kik\u00fcld\u00e9s\u00e9ig, Barbadost a birodalmi tervek apad\u00e1sa \u00e9s az \u00fcltetv\u00e9nyes gazdas\u00e1gok szigora alak\u00edtotta, amelyek \u00e9vsz\u00e1zadokon \u00e1t az afrikai rabszolgas\u00e1got haszn\u00e1lt\u00e1k ki a cukorn\u00e1d termeszt\u00e9s\u00e9re az alacsonyan fekv\u0151 s\u00edks\u00e1gokon. Ezt k\u00f6vet\u0151en az emancip\u00e1ci\u00f3, amelyet el\u0151sz\u00f6r az 1833-as brit rabszolgas\u00e1g-elt\u00f6rl\u00e9si t\u00f6rv\u00e9ny vezetett be, t\u00e1rsadalmi \u00e1talakul\u00e1st eredm\u00e9nyezett, annak ellen\u00e9re, hogy a szolgas\u00e1g nyomai tov\u00e1bbra is jelen voltak a t\u00e1rsadalmi erk\u00f6lcs\u00f6kben.<\/p>\n<p>Barbados politikai emancip\u00e1ci\u00f3j\u00e1nak el\u0151est\u00e9j\u00e9re, 1966. november 30-ra, k\u00fcl\u00f6n\u00e1ll\u00f3 Nemzetk\u00f6z\u00f6ss\u00e9gi birodalomm\u00e1 \u00e9rett, II. Erzs\u00e9bet kir\u00e1lyn\u0151 ceremoni\u00e1lis \u00e9l\u00e9n; \u00e9s ugyanazon a napon, 2021-ben, a Nemzetk\u00f6z\u00f6ss\u00e9gen bel\u00fcli k\u00f6zt\u00e1rsas\u00e1gi keret elfogad\u00e1s\u00e1val kiteljes\u00edtette alkotm\u00e1nyos \u00edv\u00e9t, a monarchia hely\u00e9t eln\u00f6kre cser\u00e9lve, de meg\u0151rizve a k\u00f6z\u00f6s t\u00f6rt\u00e9nelem \u00e9s az egy\u00fcttm\u0171k\u00f6d\u00e9sen alapul\u00f3 t\u00f6rekv\u00e9sek k\u00f6tel\u00e9keit.<\/p>\n<p>F\u00f6ldrajzilag a sziget jellegzetess\u00e9gei a nyugati oldalon enyhe domborzat \u2013 ahol a korallteraszok z\u00e1tonyok gy\u0171r\u0171je alatt lejt\u0151sek a tenger fel\u00e9 \u2013, m\u00edg \u00e9szakkeleten a Scotland k\u00f6rzet fel\u00e9 meredekebb emelked\u00e9s jellemzi, melynek m\u00e1llott m\u00e9szk\u00f6vei barlangokat \u00e9s v\u00edzmos\u00e1sokat hoztak l\u00e9tre, amelyek \u00e9vezredek \u00f3ta tart\u00f3 old\u00f3d\u00e1sr\u00f3l tan\u00faskodnak. A k\u00f6rzet tetej\u00e9n \u00e1ll a 340 m\u00e9ter magas Hillaby-hegy, a bajan-domborzat cs\u00facsa. Ott megfigyelhet\u0151k a tektonikus akkr\u00e9ci\u00f3 r\u00e9tegzett nyomai, mivel Barbados a d\u00e9l-amerikai lemezb\u0151l lekapart \u00fcled\u00e9keken nyugszik, mik\u00f6zben az a Karib-lemez al\u00e1 s\u00fcllyed, \u00e9s \u00e9vezredenk\u00e9nt k\u00f6zel huszon\u00f6t millim\u00e9terrel megemeli a szigetet. A Pico Teneriffe lank\u00e1s foka, amely a keletebbre fekv\u0151 Kan\u00e1ri-szigetr\u0151l kapta a nev\u00e9t, az Atlanti-\u00f3ce\u00e1nba ny\u00falik, mint e m\u00e9lyebb er\u0151k geol\u00f3giai h\u00edrn\u00f6ke.<\/p>\n<p>\u00c9ghajlatilag a sziget kett\u0151s ritmust mutat: egy p\u00e1r\u00e1s \u00e9vszakot j\u00faniust\u00f3l decemberig, amikor az \u00e9vi 1000 \u00e9s 2300 millim\u00e9ter k\u00f6z\u00f6tti csapad\u00e9kmennyis\u00e9g halmoz\u00f3dik fel, \u00e9s egy sz\u00e1razabb id\u0151szakot decembert\u0151l m\u00e1jusig, amikor a nappali h\u0151m\u00e9rs\u00e9klet 21 \u00e9s 31 Celsius-fok k\u00f6z\u00f6tt mozog. A passz\u00e1tszelek, amelyek \u00f3r\u00e1nk\u00e9nt tizenk\u00e9t-tizenhat kilom\u00e9teres sebess\u00e9ggel f\u00fajnak, m\u00e9rs\u00e9klik a monszunmint\u00e1zat\u00fa nedvess\u00e9get, olyan m\u00e9rs\u00e9kelt \u00e9ghajlatot k\u00f6lcs\u00f6n\u00f6zve Barbadosnak, amely a meteorol\u00f3gusok szerint tr\u00f3pusi monszun \u00e9ghajlatnak sz\u00e1m\u00edt, annak ellen\u00e9re, hogy az \u00e1lland\u00f3 szelek megk\u00fcl\u00f6nb\u00f6ztetik a f\u00fclledtebb egyenl\u00edt\u0151i \u00f6vezetekt\u0151l.<\/p>\n<p>A szeizmikus reng\u00e9sek \u00e9s f\u00f6ldcsuszaml\u00e1sok, b\u00e1r ritk\u00e1k, a sziget dinamikus alapjait bizony\u00edtj\u00e1k; a hurrik\u00e1nok is sz\u00f3rv\u00e1nyosan t\u00f6rnek be, Barbados m\u00e9gis a f\u0151 ciklonp\u00e1ly\u00e1n k\u00edv\u00fcl esik. Egy puszt\u00edt\u00f3 hurrik\u00e1n\u00e1tlag csak huszonhat \u00e9vente egyszer ism\u00e9tl\u0151dik, amint azt a Janet hurrik\u00e1n katasztrof\u00e1lis 1955 szeptemberi l\u00e1togat\u00e1sa is bizony\u00edtja; \u00fajabban a Tomas tr\u00f3pusi vihar s\u00farolta a partot 2010 okt\u00f3ber\u00e9ben, de kisebb k\u00e1rokat okozva.<\/p>\n<p>Demogr\u00e1fiailag a 2010-es orsz\u00e1gos n\u00e9psz\u00e1ml\u00e1l\u00e1s 277 821 lakost regisztr\u00e1lt \u2013 mintegy 144 800 n\u0151t \u00e9s 133 000 f\u00e9rfit \u2013, akik szinte kiv\u00e9tel n\u00e9lk\u00fcl afrikai sz\u00e1rmaz\u00e1s\u00faak voltak, ami \u00e9vsz\u00e1zados k\u00e9nyszer\u0171 migr\u00e1ci\u00f3t t\u00fckr\u00f6z. A v\u00e1rhat\u00f3 \u00e9lettartam, amely 2020-ban nyolcvan \u00e9v volt, a legmagasabbak k\u00f6z\u00e9 tartozik vil\u00e1gszerte, a barbadosi n\u0151k \u00e1tlagosan nyolcvanh\u00e1rom \u00e9vet, a f\u00e9rfiak pedig k\u00f6zel hetvenkilencet \u00e9ltek. Ezzel a hossz\u00fa \u00e9lettartammal p\u00e1rhuzamosan az orsz\u00e1g a vil\u00e1g egyik legmagasabb egy f\u0151re jut\u00f3 sz\u00e1z\u00e9ves ar\u00e1ny\u00e1val b\u00fcszk\u00e9lkedhet, ami a k\u00f6zeg\u00e9szs\u00e9g\u00fcgyi int\u00e9zked\u00e9sek \u00e9s az emberek ellen\u00e1ll\u00f3 k\u00e9pess\u00e9g\u00e9nek bizony\u00edt\u00e9ka. A term\u00e9kenys\u00e9gi \u00e9s hal\u00e1loz\u00e1si adatok a nyers sz\u00fclet\u00e9si ar\u00e1nyt 12,23 ezrel\u00e9kre, a hal\u00e1loz\u00e1si ar\u00e1nyt 8,39 ezrel\u00e9kre, a csecsem\u0151haland\u00f3s\u00e1gi ar\u00e1nyt pedig 2021-es adatok szerint valamivel t\u00f6bb mint tizenegy ezrel\u00e9k \u00e9lvesz\u00fclet\u00e9sre vet\u00edtve \u2013 ezt a statisztik\u00e1t nemzetk\u00f6zi \u00fcgyn\u00f6ks\u00e9gek szorosan figyelemmel k\u00eds\u00e9rik.<\/p>\n<p>Barbados gazdas\u00e1ga, amely egykor a monokultur\u00e1lis cukortermel\u00e9sre \u00e9p\u00fclt, diverzifik\u00e1l\u00f3dott, \u00e9s a szolg\u00e1ltat\u00e1sok, a k\u00fclf\u00f6ldi finansz\u00edroz\u00e1s, a k\u00f6nny\u0171ipar \u00e9s az idegenforgalom vegyes rendszer\u00e9v\u00e9 v\u00e1lt. Az egy f\u0151re jut\u00f3 GDP a vil\u00e1g \u00f6tvenkettedik hely\u00e9re teszi, a glob\u00e1lis p\u00e9nz\u00fcgyi int\u00e9zm\u00e9nyek \u00e1ltal meghat\u00e1rozott nyolcvanh\u00e1rom magas j\u00f6vedelm\u0171 gazdas\u00e1g k\u00f6z\u00f6tt. E j\u00f3l\u00e9t m\u00f6g\u00f6tt azonban neh\u00e9zs\u00e9gek h\u00faz\u00f3dnak meg: a Karibi Fejleszt\u00e9si Bankkal 2012-ben v\u00e9gzett tanulm\u00e1ny szerint minden \u00f6t\u00f6dik bajai a szeg\u00e9nys\u00e9gi k\u00fcsz\u00f6b alatt \u00e9l, \u00e9s k\u00f6zel minden tizedik nem jut elegend\u0151 \u00e9lelemhez nap mint nap. Az innov\u00e1ci\u00f3 azonban megtal\u00e1lja a maga form\u00e1j\u00e1t; Barbados a 2024-es Glob\u00e1lis Innov\u00e1ci\u00f3s Indexben a hetvenhetedik helyet \u00e9rte el.<\/p>\n<p>A kultur\u00e1lis \u00e9let szinkretikus intenzit\u00e1ssal l\u00fcktet. A \u201eBajan\u201d kifejez\u00e9s, amely a tizennyolcadik sz\u00e1zadi \u201ebarbadoszi\u201d sz\u00f3 \u00f6sszevon\u00e1s\u00e1b\u00f3l sz\u00e1rmazik, egyszerre jel\u00f6li a nemzetis\u00e9get \u00e9s az identit\u00e1st, a b\u00fcszkes\u00e9g jele a szigetlak\u00f3k k\u00f6r\u00e9ben, akiknek \u00f6r\u00f6ks\u00e9ge nyugat-afrikai, portug\u00e1l, kelet-indiai, kreol \u00e9s brit sz\u00e1lakat sz\u0151. Minden ny\u00e1ron, j\u00falius elej\u00e9n kezd\u0151d\u0151en \u00e9s augusztus els\u0151 h\u00e9tf\u0151j\u00e9n \u2013 a Kadooment napj\u00e1n \u2013 tet\u0151zve, a Crop Over fesztiv\u00e1l feleleven\u00edt egy tizennyolcadik sz\u00e1zadi r\u00edtust, amely a cukorn\u00e1d utols\u00f3 betakar\u00edt\u00e1s\u00e1t tisztelte meg. Hetekig tart\u00f3 zenei versenyek, calypso \u00e9s soca par\u00e1d\u00e9k sor\u00e1n a k\u00f6z\u00f6ss\u00e9g megkoron\u00e1zza a term\u00e9s kir\u00e1ly\u00e1t \u00e9s kir\u00e1lyn\u0151j\u00e9t, akiket azokr\u00f3l a munk\u00e1sokr\u00f3l mint\u00e1znak, akik egykor a legnehezebb terheket viselt\u00e9k a f\u00f6ldeken. A r\u00e9zf\u00fav\u00f3sok hangj\u00e1n \u00e9s a dobok perg\u00e9s\u00e9n kereszt\u00fcl Barbados m\u00faltja el\u0151t\u00f6r az arch\u00edvumb\u00f3l, \u00e9s testi form\u00e1t \u00f6lt \u00e1larcosb\u00e1lban \u00e9s dallamban.<\/p>\n<p>A gasztron\u00f3mia is mag\u00e1n viseli ennek a multikultur\u00e1lis vonalnak a lenyomat\u00e1t. A nemzeti \u00e9tel, a rep\u00fcl\u0151hallal \u00e9s pik\u00e1ns m\u00e1rt\u00e1ssal k\u00e9sz\u00fclt kukoricak\u00fa, a finomra \u0151r\u00f6lt kukoricalisztet a sziget jelk\u00e9pes hal\u00e1val \u2013 helyi f\u0171szern\u00f6v\u00e9nyek kever\u00e9k\u00e9ben p\u00e1colva \u2013 \u00f6tv\u00f6zi, \u00e9s borsos m\u00e1rt\u00e1sok k\u00eds\u00e9ret\u00e9ben t\u00e1lalj\u00e1k. A puding \u00e9s a sz\u00f3sz \u2013 ecetes sert\u00e9sh\u00fas f\u0171szeres \u00e9desburgony\u00e1val \u2013 a k\u00f6z\u00f6s asztalokon jelenik meg, a r\u00e9gi vid\u00e9ki konyh\u00e1kat id\u00e9zve. A legt\u00f6bb \u00e9telt savany\u00fas\u00e1g, halpog\u00e1csa, aranybarn\u00e1ra s\u00fclt \u201es\u00fclt\u201d \u00e9s ropog\u00f3s leveles sal\u00e1ta k\u00eds\u00e9ri, amelyeket sk\u00f3t paprik\u00e1b\u00f3l k\u00e9sz\u00fclt cs\u00edp\u0151s sz\u00f3szok koron\u00e1znak meg.<\/p>\n<p>Az itt lep\u00e1rolt p\u00e1rlatok vil\u00e1gh\u00edr\u0171ek. A Mount Gay Rum, amelynek eredete 1703-as okiratra vezethet\u0151 vissza, a vil\u00e1g legr\u00e9gebbi fennmaradt rumtermel\u0151j\u00e9nek kit\u00fcntet\u00e9s\u00e9t k\u00f6veti. Borosty\u00e1nsz\u00edn\u0171, elszenes\u00edtett t\u00f6lgyfahord\u00f3ban \u00e9rlelt \u00edzei \u00e9vsz\u00e1zados lep\u00e1rl\u00e1si szak\u00e9rtelemr\u0151l \u00e1rulkodnak. A Cockspur Rum, a Malibu k\u00f3kuszos \u00e9dess\u00e9ge, valamint a Banks Brewery vil\u00e1gos lager \u00e9s borosty\u00e1nsz\u00edn\u0171 ale s\u00f6re a sziget soksz\u00edn\u0171 s\u00f6rf\u0151z\u00e9si hagyom\u00e1nyait k\u00e9pviseli, m\u00edg a Tiger Malt alkoholmentes mal\u00e1taitalt k\u00edn\u00e1l a m\u00e9rs\u00e9kelt \u00edzlel\u0151bimb\u00f3knak. \u00dajabban a Speightstown 10 Saints s\u00f6re, amelyet kilencven napig csendesen \u00e9rlelnek a Mount Gay Special Reserve hord\u00f3iban, 2009-es deb\u00fct\u00e1l\u00e1sa \u00f3ta szer\u00e9ny n\u00e9pszer\u0171s\u00e9gre tett szert a CARICOM piacain.<\/p>\n<p>Az aut\u00f3sok bal oldalon kanyarg\u00f3s utakon haladnak, megosztva \u00fatvonalukat egy olyan regisztr\u00e1lt j\u00e1rm\u0171flott\u00e1val, amelyben k\u00f6r\u00fclbel\u00fcl minden m\u00e1sodik lakosra jut egy. A d\u00e9lkeleti szakaszon \u2013 a Saint Philip-i Six Cross Roadst\u00f3l a Saint Lucy-i North Pointig \u2013 a forgalom ak\u00e1r negyven kilom\u00e9teres \u00faton is megrekedhet, ami m\u00e1sf\u00e9l \u00f3r\u00e1t is ig\u00e9nybe vehet, amikor a d\u00e9li nap megcsillan a l\u00f6kh\u00e1r\u00edt\u00f3t\u00f3l l\u00f6kh\u00e1r\u00edt\u00f3ig \u00e9r\u0151 vonalakon. A keresztez\u0151d\u00e9sekben a k\u00f6rforgalmak uralkodnak; Bussa, a tizennyolcadik sz\u00e1zadi l\u00e1zad\u00f3 emancip\u00e1ci\u00f3s szobra egy ilyen k\u00f6rt foglal el Bridgetownt\u00f3l keletre, jelenl\u00e9te n\u00e9ma besz\u00e9d a szabads\u00e1g\u00e9rt.<\/p>\n<p>A t\u00f6megk\u00f6zleked\u00e9si eszk\u00f6z\u00f6k kieg\u00e9sz\u00edtik a szem\u00e9lyg\u00e9pkocsik sz\u00e1m\u00e1t. A mag\u00e1nk\u00e9zben l\u00e9v\u0151 \u201eZR\u201d-ek \u2013 a fest\u0151i ker\u00fcl\u0151utak ment\u00e9n \u00e1ll\u00f3 utasokat sz\u00e1ll\u00edt\u00f3 minibuszok \u2013 \u00e9s a kis s\u00e1rga \u201eminibuszok\u201d keverednek az \u00e9gk\u00e9k t\u00f6megk\u00f6zleked\u00e9si buszokkal, amelyek fix menetrend szerint \u00e9s \u00fatvonalon k\u00f6zlekednek. 3,50 baht\u00e9rt b\u00e1rmelyik buszra lehet utazni; az egyenruh\u00e1s iskol\u00e1s gyerekek ingyen utazhatnak a korm\u00e1nyzati buszokon, a ZR-eken pedig 2,50 baht\u00e9rt. A visszaj\u00e1r\u00f3t a mag\u00e1n\u00fczemeltet\u0151k adj\u00e1k be, m\u00edg a korm\u00e1nyzati j\u00e1rm\u0171vek apr\u00f3p\u00e9nzek helyett nyugt\u00e1t adnak ki; a v\u00e9g\u00e1llom\u00e1sok \u00e9s a vas\u00fat\u00e1llom\u00e1sok Bridgetownban, Speightstownban, Oistinsben \u00e9s Mangrove-ban tal\u00e1lhat\u00f3k, amelyek mindegyike a sziget kering\u00e9si rendszer\u00e9nek egy-egy csom\u00f3pontja.<\/p>\n<p>A fenntarthat\u00f3s\u00e1g jegy\u00e9ben Barbados 2020 j\u00falius\u00e1ban harminch\u00e1rom BYD elektromos buszt v\u00e1s\u00e1rolt, kieg\u00e9sz\u00edtve el\u00f6reged\u0151 d\u00edzelflott\u00e1j\u00e1t, \u00e9s el\u0151seg\u00edtve a korm\u00e1ny azon c\u00e9lkit\u0171z\u00e9s\u00e9t, hogy 2030-ra teljesen felsz\u00e1molja a fosszilis t\u00fczel\u0151anyagokat. A l\u00e1togat\u00f3k ig\u00e9nyeit kiel\u00e9g\u00edt\u0151 sz\u00e1llod\u00e1k gyakran ind\u00edtanak transzferj\u00e1ratokat a helyi nevezetess\u00e9gekhez, a kis aut\u00f3k\u00f6lcs\u00f6nz\u0151 \u00fcgyn\u00f6ks\u00e9gek pedig \u2013 amelyek nem tartoznak multinacion\u00e1lis l\u00e1ncokhoz \u2013 \u00f6nvezet\u0151 lehet\u0151s\u00e9geket k\u00edn\u00e1lnak azoknak, akik szabadid\u0151ben szeretn\u00e9nek felfedezni a k\u00f6rny\u00e9ket.<\/p>\n<p>A Grantley Adams Nemzetk\u00f6zi Rep\u00fcl\u0151t\u00e9r, a sziget egyetlen l\u00e9gi \u00e1tj\u00e1r\u00f3ja, a karibi kereskedelem d\u00e9li k\u00f6zpontjak\u00e9nt m\u0171k\u00f6dik, kiemelve Barbados \u00f6sszek\u00f6ttet\u00e9s\u00e9t Eur\u00f3p\u00e1val, \u00c9szak-Amerik\u00e1val \u00e9s azon t\u00fal. Egy 2003 \u00e9s 2006 k\u00f6z\u00f6tti 100 milli\u00f3 doll\u00e1ros fejleszt\u00e9s kib\u0151v\u00edtette a kapacit\u00e1s\u00e1t, \u00e9s 2023-ban megkezd\u0151d\u00f6tt a kor\u00e1bbi Concorde termin\u00e1l \u00e1talak\u00edt\u00e1sa moderniz\u00e1lt indul\u00e1si pavilonn\u00e1. Mia Mottley minisztereln\u00f6k 2023 december\u00e9ben bejelentette a t\u00e1rgyal\u00e1sokat tov\u00e1bbi 300 milli\u00f3 doll\u00e1ros rep\u00fcl\u0151t\u00e9r-fejleszt\u00e9sekr\u0151l, ami a j\u00f6v\u0151beni nagyobb \u00e1tereszt\u0151k\u00e9pess\u00e9get vet\u00edti el\u0151re.<\/p>\n<p>A tengeri hozz\u00e1f\u00e9r\u00e9s k\u00f6zpontjai a Bridgetown kik\u00f6t\u0151j\u00e9ben tal\u00e1lhat\u00f3k, melynek kont\u00e9ner- \u00e9s k\u00f6rutaz\u00e1si m\u0171veleteit a Barbados Port Inc., az egykor Barbados Port Authority n\u00e9ven ismert \u00fajj\u00e1alakult hat\u00f3s\u00e1g kezeli. Dokkoi minden oszt\u00e1ly\u00fa haj\u00f3t fogadnak, meger\u0151s\u00edtve a sziget szerep\u00e9t a tengeri kereskedelem \u00e9s a szabadid\u0151s tev\u00e9kenys\u00e9g csom\u00f3pontjak\u00e9nt.<\/p>\n<p>B\u00e1r Barbados csup\u00e1n egyetlen sziget a sok k\u00f6z\u00fcl, t\u00f6retlen gyarmati vonal\u00e1val \u2013 amelyr\u0151l a \u201eBimshire\u201d \u00e9s a \u201eKis-Britannia\u201d g\u00fanyneveket kapta \u2013, valamint geol\u00f3giai jelleg\u00e9vel, miszerint korallok alkotta felsz\u00ednforma, nem pedig vulkanikus hegyfok, t\u0171nik ki. Legk\u00f6zelebbi szomsz\u00e9dai \u2013 Saint Lucia \u00e9s Saint Vincent \u2013 \u200b\u200bk\u00f6r\u00fclbel\u00fcl 168 kilom\u00e9terre nyugatra fekszenek, zord cs\u00facsaik \u00e1tt\u00f6rik a l\u00e1t\u00f3hat\u00e1rt, m\u00edg Barbados ellaposodott felsz\u00ednform\u00e1i z\u00e1tonyt\u00f6rmel\u00e9kre \u00e9s \u00fcled\u00e9klerak\u00f3d\u00e1sra utalnak.<\/p>\n<p>Tizenegy egyh\u00e1zk\u00f6zs\u00e9g osztja ezt a szer\u00e9ny birodalmat n\u00e9gy inform\u00e1lis r\u00e9gi\u00f3ra. Saint Michael ad otthont Bridgetownnak \u00e9s a lakoss\u00e1g egyharmad\u00e1nak, v\u00edzparti Careenage-je \u00e9s t\u00f6rt\u00e9nelmi hely\u0151rs\u00e9gi k\u00f6rzete betekint\u00e9st ny\u00fajt a sziget gyarmati t\u00f6rt\u00e9net\u00e9be, a Mount Gay lep\u00e1rl\u00f3ja \u00e9s a Kensington Oval krikettp\u00e1ly\u00e1i mellett. Nyugaton Saint James, Saint Peter \u00e9s Saint Lucy k\u00edn\u00e1lj\u00e1k a legv\u00e9dettebb strandokat, Holetown \u00e9s Speightstown pedig panzi\u00f3k \u00e9s \u00fcd\u00fcl\u0151helyek sor\u00e1t k\u00edn\u00e1lja csal\u00e1dok \u00e9s n\u00e1szutasok sz\u00e1m\u00e1ra. D\u00e9len Christ Church ad otthont az \u00e9jszakai \u00e9let legs\u0171r\u0171bb koncentr\u00e1ci\u00f3j\u00e1nak, Rockley-t\u00f3l Oistins-en \u00e1t Silver Sands-ig h\u00faz\u00f3d\u00f3 szakasz\u00e1n b\u00e1rok \u00e9s \u00e9ttermek sorakoznak, m\u00edg a keleti, zord Sainte Philip partvid\u00e9k a dr\u00e1mai sz\u00f6rf\u00f6z\u00e9s ir\u00e1nt \u00e9rdekl\u0151d\u0151ket vonzza. A k\u00f6z\u00e9ps\u0151 keleti egyh\u00e1zk\u00f6zs\u00e9gek \u2013 Saint Andrew, Saint George, Saint John, Saint Joseph \u00e9s Saint Thomas \u2013 nagyr\u00e9szt fejletlenek, z\u00f6ld kertjeik, \u00fcltetv\u00e9nyeik \u00e9s Harrison-barlang f\u00f6ldalatti barlangjai bens\u0151s\u00e9ges tal\u00e1lkoz\u00e1st k\u00edn\u00e1lnak Barbados belsej\u00e9vel.<\/p>\n<p>A k\u00fcls\u0151 szigetek \u2013 a Pelican-sziget, amely egykor karant\u00e9n\u00e1llom\u00e1s volt, ma pedig Bridgetown kik\u00f6t\u0151j\u00e9nek b\u0151v\u00edt\u00e9se \u00e1ltal beolvasztva, \u00e9s a Culpepper-sziget, egy egyszer\u0171 f\u00fcves folt, amelyet ap\u00e1lykor gyalogosan lehet el\u00e9rni \u2013 apr\u00f3 kuri\u00f3zumokk\u00e9nt \u00e1llnak, kop\u00e1r t\u00e1jaik ellenpontj\u00e1t k\u00e9pezik a f\u0151sziget megm\u0171velt f\u00f6ldjeinek \u00e9s ny\u00fczsg\u0151 utc\u00e1inak.<\/p>\n<p>Barbados \u00e9vsz\u00e1zadokon \u00e1t korallz\u00e1tonyaira \u00e9s birodalmi \u00f6r\u00f6ks\u00e9g\u00e9re t\u00e1maszkodva olyan t\u00e1rsadalmat hozott l\u00e9tre, amely egyszerre hagyom\u00e1nyokkal \u00e1titatott \u00e9s nyitott az innov\u00e1ci\u00f3ra. Itt, ahol az \u00f3ce\u00e1ni sz\u00e9l egyenl\u0151 m\u00e9rt\u00e9kben hordoz eml\u00e9keket \u00e9s \u00edg\u00e9reteket, a l\u00e1togat\u00f3 egy olyan szigetre tal\u00e1l, amely ellen\u00e1ll a k\u00f6nnyed romantik\u00e1nak, \u00e9s amely titkait a t\u00f6rt\u00e9nelem, a geol\u00f3gia \u00e9s a kult\u00fara t\u00fcrelmes \u00f6tv\u00f6z\u00e9s\u00e9vel t\u00e1rja fel egy szer\u00e9ny sz\u00e9ps\u00e9g sz\u00ednpad\u00e1n.<\/p>","protected":false},"excerpt":{"rendered":"<p>A Nyugat-Indi\u00e1k Kis-Antill\u00e1iban tal\u00e1lhat\u00f3 Barbados egy leny\u0171g\u00f6z\u0151 szigetorsz\u00e1g. A Karib-t\u00e9rs\u00e9g legkeletibb szigete, a Karib-t\u00e9rs\u00e9gben megb\u00fajva, \u00c9szak-Amerika mellett \u00e9s D\u00e9l-Amerik\u00e1t\u00f3l \u00e9szakra fekszik. Barbados f\u00f6ldrajzi elhelyezked\u00e9se a d\u00e9l-amerikai \u00e9s a karibi lemez sz\u00e9l\u00e9n seg\u00edt megmagyar\u00e1zni jellegzetes geol\u00f3gi\u00e1j\u00e1t. Bridgetown, a sziget f\u0151v\u00e1rosa \u00e9s legnagyobb v\u00e1rosa, az \u00fczleti \u00e9let \u00e9s a kult\u00fara k\u00f6zpontja.<\/p>","protected":false},"author":1,"featured_media":3142,"parent":24084,"menu_order":0,"comment_status":"closed","ping_status":"closed","template":"elementor_theme","meta":{"_eb_attr":"","footnotes":""},"class_list":["post-9509","page","type-page","status-publish","has-post-thumbnail"],"_links":{"self":[{"href":"https:\/\/travelshelper.com\/hu\/wp-json\/wp\/v2\/pages\/9509","targetHints":{"allow":["GET"]}}],"collection":[{"href":"https:\/\/travelshelper.com\/hu\/wp-json\/wp\/v2\/pages"}],"about":[{"href":"https:\/\/travelshelper.com\/hu\/wp-json\/wp\/v2\/types\/page"}],"author":[{"embeddable":true,"href":"https:\/\/travelshelper.com\/hu\/wp-json\/wp\/v2\/users\/1"}],"replies":[{"embeddable":true,"href":"https:\/\/travelshelper.com\/hu\/wp-json\/wp\/v2\/comments?post=9509"}],"version-history":[{"count":0,"href":"https:\/\/travelshelper.com\/hu\/wp-json\/wp\/v2\/pages\/9509\/revisions"}],"up":[{"embeddable":true,"href":"https:\/\/travelshelper.com\/hu\/wp-json\/wp\/v2\/pages\/24084"}],"wp:featuredmedia":[{"embeddable":true,"href":"https:\/\/travelshelper.com\/hu\/wp-json\/wp\/v2\/media\/3142"}],"wp:attachment":[{"href":"https:\/\/travelshelper.com\/hu\/wp-json\/wp\/v2\/media?parent=9509"}],"curies":[{"name":"wp","href":"https:\/\/api.w.org\/{rel}","templated":true}]}}