{"id":9484,"date":"2024-09-08T13:46:30","date_gmt":"2024-09-08T13:46:30","guid":{"rendered":"https:\/\/travelshelper.com\/staging\/?page_id=9484"},"modified":"2026-03-13T13:06:29","modified_gmt":"2026-03-13T13:06:29","slug":"bahamak","status":"publish","type":"page","link":"https:\/\/travelshelper.com\/hu\/destinations\/north-america\/bahamas\/","title":{"rendered":"Baham\u00e1k"},"content":{"rendered":"<p>A Baham\u00e1k \u00c1llamsz\u00f6vets\u00e9ge krist\u00e1lytiszta tengerek \u00e9s sz\u00e9lj\u00e1rta homokz\u00e1tonyok birodalm\u00e1t foglalja el, 10 010 n\u00e9gyzetkilom\u00e9ternyi sz\u00e1razf\u00f6ldje az Atlanti-\u00f3ce\u00e1n mintegy 800 kilom\u00e9teres kiterjed\u00e9s\u00e9ben ter\u00fcl el. Valamivel t\u00f6bb mint 400 000 lakos \u2013 akiknek 90 sz\u00e1zal\u00e9ka afrikai \u0151s\u00f6kt\u0151l sz\u00e1rmazik \u2013 nagyr\u00e9szt 30 lakott szigeten \u00e9l, New Providence Nassau nev\u0171 sziget\u00e9vel, amely politikai k\u00f6zpontk\u00e9nt \u00e9s f\u0151 kik\u00f6t\u0151k\u00e9nt is szolg\u00e1l. A 20\u00b0 \u00e9s 28\u00b0 \u00e9szaki sz\u00e9less\u00e9g, valamint a 72\u00b0 \u00e9s 80\u00b0 nyugati hossz\u00fas\u00e1g k\u00f6z\u00f6tt elter\u00fcl\u0151 orsz\u00e1g 470 000 n\u00e9gyzetkilom\u00e9ternyi tengeri ter\u00fcletet foglal mag\u00e1ban, amely messze t\u00falny\u00falik enyh\u00e9n hull\u00e1mz\u00f3 partvonalain olyan vizekbe, amelyek a modern hat\u00e1rmeghat\u00e1roz\u00e1sig ig\u00e9nytelen \u00e9s felt\u00e9rk\u00e9pezetlen vizek voltak.<\/p>\n<p>\u00c9vsz\u00e1zadokkal azel\u0151tt, hogy az eur\u00f3pai t\u00e9rk\u00e9pek neveket v\u00e9stek volna a partjaira, a szigetcsoport arawakan nyelv\u0171 lucayanoknak adott otthont, akiknek falvai fenyvesek \u00e9s mangroveerd\u0151k k\u00f6z\u00f6tt h\u00faz\u00f3dtak. 1492 okt\u00f3ber\u00e9ben egy spanyol megb\u00edz\u00e1s\u00e1b\u00f3l egy genovai tenger\u00e9sz megpillantotta a ma San Salvador n\u00e9ven ismert szigetet, ezzel kijel\u00f6lve az els\u0151 eur\u00f3pai l\u00e1bnyomot abban, amit k\u00e9s\u0151bb \u201e\u00dajvil\u00e1gnak\u201d neveztek. Egy gener\u00e1ci\u00f3n bel\u00fcl a spanyol hat\u00f3s\u00e1gok szinte az eg\u00e9sz \u0151slakos lakoss\u00e1got el\u0171zt\u00e9k \u2013 k\u00e9nyszer hat\u00e1s\u00e1ra Hispaniol\u00e1ba deport\u00e1lt\u00e1k \u0151ket \u2013, \u00edgy 1513-ra a bahamai szigetek nagyr\u00e9szt \u00fcresek voltak. Csak 1649-ben ig\u00e9nyelte egy angol telepes csoport, a bermudai Eleutheran Adventurers, hogy Eleuthera v\u00e1ltoz\u00f3 d\u0171n\u00e9it mened\u00e9kk\u00e9nt haszn\u00e1lj\u00e1k a vall\u00e1si disszidensek sz\u00e1m\u00e1ra. Kitart\u00e1suk \u2013 az 1783 ut\u00e1ni tov\u00e1bbi amerikai lojalist\u00e1k \u00e9rkez\u00e9se mellett, akik rabszolgamunk\u00e1t \u00e9s \u00fcltetv\u00e9nyeket hoztak \u2013 olyan demogr\u00e1fiai \u00e9s agr\u00e1r alapokat fektettek le, amelyek az 1834-es emancip\u00e1ci\u00f3ig fennmaradtak. 1818 \u00e9s addig az id\u0151pontig a szigetek mened\u00e9khelyk\u00e9nt v\u00e1ltak h\u00edress\u00e9: az illeg\u00e1lis rabszolgasz\u00e1ll\u00edt\u00f3 haj\u00f3kr\u00f3l felszabadult afrikaiak, az \u00e9szak-amerikai sz\u00f6kev\u00e9nyek \u00e9s a floridai szeminolok egyar\u00e1nt mened\u00e9ket tal\u00e1ltak ezeken a partokon, olyannyira, hogy a k\u00fclf\u00f6ldi kapit\u00e1nyok felhagytak a rabszolgas\u00e1g \u00e9rv\u00e9nyes\u00edt\u00e9s\u00e9vel, amikor a bahamai vizeken haj\u00f3ztak.<\/p>\n<p>1718-t\u00f3l a brit korona fel\u00fcgyelete alatt a szigetek tengeri v\u00e9delmi vonalakat \u00e9p\u00edtettek ki a kal\u00f3zkod\u00e1s visszaszor\u00edt\u00e1sa \u00e9rdek\u00e9ben, \u00e9s 1973-ig gyarmat st\u00e1tuszt kaptak. Abban az \u00e9vben Sir Lynden Pindling vezet\u00e9se a szigetcsoportot a Nemzetk\u00f6z\u00f6ss\u00e9g f\u00fcggetlens\u00e9g\u00e9ig vezette, III. K\u00e1roly uralkod\u00f3k\u00e9nt megtartva, \u00e9s egy f\u0151korm\u00e1nyz\u00f3t nevezve ki kir\u00e1lyi helyettesnek. A brit parlamenti hagyom\u00e1nyokra \u00e9p\u00fcl\u0151 politikai keret az\u00f3ta fel\u00fcgyeli egy olyan nemzet fejl\u0151d\u00e9s\u00e9t, amelynek egy f\u0151re jut\u00f3 brutt\u00f3 hazai term\u00e9ke (GDP) Amerika tizennegyedik hely\u00e9n \u00e1ll. A turizmus \u00e9s az offshore finansz\u00edroz\u00e1s, amelyek a gazdas\u00e1gi termel\u00e9s k\u00f6r\u00fclbel\u00fcl 70, illetve 15 sz\u00e1zal\u00e9k\u00e1t teszik ki, a nemzeti bev\u00e9telek alapj\u00e1t k\u00e9pezik: t\u00edz doll\u00e1rb\u00f3l h\u00e9t a l\u00e1togat\u00f3i kiad\u00e1sokb\u00f3l sz\u00e1rmazik, az \u00e9rkez\u0151k k\u00f6zel h\u00e1romnegyede \u00f3ce\u00e1nj\u00e1r\u00f3val \u00e9rkezik, m\u00edg a p\u00e9nz\u00fcgyi szolg\u00e1ltat\u00e1sok elk\u00e9peszt\u0151 aggreg\u00e1tumokat kezelnek \u2013 becsl\u00e9sek szerint 13,7 billi\u00f3 doll\u00e1r mag\u00e1nvagyont \u00e9s 12 billi\u00f3 doll\u00e1rt a bahamai joghat\u00f3s\u00e1g alatt v\u00e9dett v\u00e1llalati vagyonban.<\/p>\n<p>A geofizikai eredet a kora mezozoikumra ny\u00falik vissza, amikor a Pangea t\u00f6red\u00e9kei az atlanti \u00e1ramlatok f\u00f6l\u00e9 sodr\u00f3dtak; az ezt k\u00f6vet\u0151 \u00e9vfordul\u00f3k a pleisztoc\u00e9n kori tengerszint-ingadoz\u00e1sok r\u00e9v\u00e9n form\u00e1lt\u00e1k a modern szigetcsoportot. Ma Andros-sziget \u2013 a mintegy 700 sziget \u00e9s 2400 sziklaz\u00e1tony k\u00f6z\u00fcl a legnagyobb \u2013 szeg\u00e9lyezi a feny\u0151mozaik \u00e9s a sz\u00e1raz erd\u0151k alkotta szeg\u00e9lyt, amelyek h\u00e1rom sz\u00e1razf\u00f6ldi \u00f6kor\u00e9gi\u00f3t hat\u00e1roznak meg a kiterjedt mangroveerd\u0151k mellett. A sz\u00e1razf\u00f6ldi fel\u00fclet fel\u00e9t erd\u0151 bor\u00edtja, amely 1990 \u00f3ta v\u00e1ltozatlan, szinte teljes eg\u00e9sz\u00e9ben term\u00e9szetes regener\u00e1ci\u00f3 alatt \u00e1ll, \u00e9s t\u00falnyom\u00f3r\u00e9szt \u00e1llami gondoz\u00e1s alatt \u00e1ll. Maga a terep ritk\u00e1n haladja meg a 20 m\u00e9teres tengerszint feletti magass\u00e1got; a Cat-szigeten tal\u00e1lhat\u00f3 Alvernia-hegy cs\u00facsa 64 m\u00e9teres magass\u00e1gban \u00e1ll, kitaposva a szigetek teljes lapos profilj\u00e1t.<\/p>\n<p>Az \u00e9ghajlati ritmusok a tr\u00f3pusi szavanna rendszer\u00e9t k\u00f6vetik: a h\u0151m\u00e9rs\u00e9klet alig 7 \u00b0C-kal t\u00e9r el a leghidegebb \u00e9s a legmelegebb h\u00f3napok k\u00f6z\u00f6tt, m\u00edg a sz\u00e9l \u00e1ltal hordozott Golf-\u00e1ramlat m\u00e9rs\u00e9kli az \u00e9vszakos sz\u00e9ls\u0151s\u00e9geket. A csapad\u00e9kmennyis\u00e9g az \u00e9v k\u00f6zep\u00e9n tet\u0151zik, ahogy a nap zenitje k\u00f6zeledik, b\u00e1r a t\u00e9l visszavonul\u00e1sa alatt sz\u00e1razs\u00e1g uralkodik. A sarki leveg\u0151 ritka behatol\u00e1sai miatt az \u00e9jszakai h\u0151m\u00e9r\u0151k 10 \u00b0C al\u00e1 s\u00fcllyedtek, de a meteorol\u00f3giai feljegyz\u00e9sek kezdete \u00f3ta a bahamai z\u00e1tonyokon soha nem esett d\u00e9r. 1977. janu\u00e1r 19-\u00e9n egyetlen havaz\u00e1s \u2013 h\u00f3val kevered\u0151 es\u0151 \u2013 hullott Freeport f\u00f6l\u00e9, ami m\u00faland\u00f3 l\u00e1tv\u00e1nyoss\u00e1g volt a Baham\u00e1k jellegzetes \u00e9gboltj\u00e1nak akvamarin h\u00e1tter\u00e9ben. A naps\u00fct\u00e9s \u00e9vente t\u00f6bb mint 3000 \u00f3r\u00e1n \u00e1t uralkodik, kaktuszokkal pettyezett boz\u00f3tos \u00e9s napperzselte lap\u00e1lyok kiterjed\u00e9s\u00e9t felt\u00e1rva.<\/p>\n<p>A viharos Atlanti-\u00f3ce\u00e1n m\u00e9gis maga okozza a dr\u00e1m\u00e1it: az Andrew hurrik\u00e1n 1992-ben v\u00e9gigs\u00f6p\u00f6rt az \u00e9szaki cambridge-szigeteken; a Floyd 1999-ben a keleti partokat s\u00fajtotta; 2019 szeptember\u00e9ben pedig a Dorian hurrik\u00e1n 5-\u00f6s kateg\u00f3ri\u00e1j\u00fa intenzit\u00e1s\u00fa csap\u00e1st m\u00e9rt a Grand Baham\u00e1ra \u00e9s a Great Abac\u00f3ra, 298 km\/h sebess\u00e9g\u0171 szelet \u00e9s ak\u00e1r 350 km\/h sz\u00e9ll\u00f6k\u00e9seket is fenntartva, ezzel az orsz\u00e1g legs\u00falyosabb meteorol\u00f3giai rekordj\u00e1t \u00edrva fel. Az \u00e9ghajlati zavarok \u2013 amelyeket az 1960 \u00f3ta f\u00e9l Celsius-fokos emelked\u00e9s is bizony\u00edt \u2013 fokozott ingadoz\u00e1st \u00edg\u00e9rnek: a modellek azt sugallj\u00e1k, hogy az iparosod\u00e1s el\u0151tti szinthez k\u00e9pest 2 \u00b0C-os glob\u00e1lis h\u0151m\u00e9rs\u00e9klet-emelked\u00e9s megn\u00e9gyszerezheti a sz\u00e9ls\u0151s\u00e9ges csapad\u00e9kesem\u00e9nyeket ezeken a ter\u00fcleteken. Mivel a sz\u00e1razf\u00f6ldek legal\u00e1bb 80 sz\u00e1zal\u00e9ka t\u00edz m\u00e9ter alatt fekszik, a tengerszint-emelked\u00e9sre vonatkoz\u00f3 el\u0151rejelz\u00e9sek m\u00e9ly kih\u00edv\u00e1sokat jelentenek a part menti k\u00f6z\u00f6ss\u00e9gek, az infrastrukt\u00fara \u00e9s az \u00f6kosziszt\u00e9m\u00e1k sz\u00e1m\u00e1ra.<\/p>\n<p>Az energetikai infrastrukt\u00fara tov\u00e1bbra is az import\u00e1lt k\u0151olajhoz k\u00f6t\u0151dik, ami 2023-ban nagyj\u00e1b\u00f3l 2,94 milli\u00f3 tonna \u00fcvegh\u00e1zhat\u00e1s\u00fa g\u00e1zt termel; a korm\u00e1ny azon t\u00f6rekv\u00e9se, hogy 2033-ra az \u00e1ram 30 sz\u00e1zal\u00e9k\u00e1t napelemes rendszerekb\u0151l fedezze, a meg\u00fajul\u00f3 energiaforr\u00e1sok fel\u00e9 val\u00f3 elmozdul\u00e1st jelzi. A nemzetk\u00f6zi egy\u00fcttm\u0171k\u00f6d\u00e9s f\u00fcggv\u00e9ny\u00e9ben a k\u00f6telezetts\u00e9gv\u00e1llal\u00e1sok c\u00e9lja a kibocs\u00e1t\u00e1sok 30 sz\u00e1zal\u00e9kos cs\u00f6kkent\u00e9se 2030-ra \u2013 ez a c\u00e9l, ha megval\u00f3sul, a gazdas\u00e1gi n\u00f6veked\u00e9st a k\u00f6rnyezettudatoss\u00e1ggal \u00f6tv\u00f6zi.<\/p>\n<p>A szigetcsoporton \u00e1t\u00edvel\u0151 k\u00f6zleked\u00e9s utakat, tengeri \u00fatvonalakat \u00e9s l\u00e9gi \u00fatvonalakat sz\u00f6v \u00e1t: 1620 kilom\u00e9ternyi aszfaltozott aut\u00f3p\u00e1lya h\u00e1l\u00f3zza be New Providence-t, Grand Baham\u00e1t \u00e9s m\u00e1s f\u0151bb szigeteket, m\u00edg hatvanegy rep\u00fcl\u0151t\u00e9r k\u00f6ti \u00f6ssze a t\u00e1voli telep\u00fcl\u00e9seket \u2013 k\u00f6zt\u00fck a Nassau k\u00f6zel\u00e9ben tal\u00e1lhat\u00f3 Lynden Pindling Nemzetk\u00f6zi Rep\u00fcl\u0151t\u00e9r, a Freeportban tal\u00e1lhat\u00f3 Grand Bahama Nemzetk\u00f6zi Rep\u00fcl\u0151t\u00e9r \u00e9s az Abaco Marsh Harbour mellett tal\u00e1lhat\u00f3 Leonard M. Thompson Nemzetk\u00f6zi Rep\u00fcl\u0151t\u00e9r. A tengeri haj\u00f3k tov\u00e1bbra is n\u00e9lk\u00fcl\u00f6zhetetlenek a szigetek k\u00f6z\u00f6tti \u00f6sszek\u00f6ttet\u00e9shez, fenntartva a kereskedelmet \u00e9s az utasforgalmat ott, ahol a kifut\u00f3p\u00e1ly\u00e1k nem \u00e9rik el a ter\u00fcletet.<\/p>\n<p>Demogr\u00e1fiailag a Baham\u00e1k szer\u00e9ny n\u00f6veked\u00e9st mutatnak. A 2018-as n\u00e9psz\u00e1ml\u00e1l\u00e1s sor\u00e1n a lakosok 67,2%-a tartozott a 15\u201364 \u00e9ves koroszt\u00e1lyba, 25,9%-a 15 \u00e9v alatti, 6,9%-a pedig 65 \u00e9v feletti volt. A sz\u00fclet\u00e9si \u00e9s hal\u00e1loz\u00e1si ar\u00e1ny 1000 f\u0151re vet\u00edtve 17,81, illetve 9,35 volt, m\u00edg a nett\u00f3 migr\u00e1ci\u00f3 enyhe kiv\u00e1ndorl\u00e1st eredm\u00e9nyezett, -2,13 migr\u00e1ns\/1000 f\u0151. A v\u00e1rhat\u00f3 \u00e9lettartam \u00e1tlagosan 69,87 \u00e9v \u2013 73,49 a n\u0151kn\u00e9l \u00e9s 66,32 a f\u00e9rfiakn\u00e1l \u2013, a teljes term\u00e9kenys\u00e9gi r\u00e1ta pedig k\u00f6zel k\u00e9t gyermek n\u0151nk\u00e9nt. A legs\u0171r\u0171bben lakott ter\u00fcletek New Providence \u00e9s Grand Bahama sziget\u00e9n tal\u00e1lhat\u00f3k; m\u00e1s lakott szigetek \u2013 k\u00f6zt\u00fck Eleuthera, Cat-sziget, San Salvador, Exuma \u00e9s a Bimini-szigetcsoport \u2013 kisebb, de \u00e9l\u00e9nk k\u00f6z\u00f6ss\u00e9geket \u0151riznek meg.<\/p>\n<p>A kultur\u00e1lis sz\u00f6vet \u00f6sszefonja a brit gyarmati \u00f6r\u00f6ks\u00e9get, az afrikai \u00f6r\u00f6ks\u00e9get \u00e9s az amerikai befoly\u00e1st, ami a vall\u00e1si \u00e1h\u00edtatban, a n\u00e9pi gyakorlatokban \u00e9s a m\u0171v\u00e9szi kifejez\u00e9sm\u00f3dban nyilv\u00e1nul meg. Az angol nyelv szolg\u00e1l lingua francak\u00e9nt; a baptist\u00e1k alkotj\u00e1k a legnagyobb felekezetet egy olyan t\u00e1jban, amely a vil\u00e1g egyik legmagasabb templom-lak\u00f3 ar\u00e1ny\u00e1r\u00f3l ismert. Az obeah, egy afrikai eredet\u0171 n\u00e9pi m\u00e1giarendszer, titokban fennmaradt a csal\u00e1di szigeteken, annak ellen\u00e9re, hogy a bahamai t\u00f6rv\u00e9nyek tiltj\u00e1k. A k\u00e9zm\u0171vesek p\u00e1lmalev\u00e9l-\u201eszalm\u00e1b\u00f3l\u201d kalapokat \u00e9s t\u00e1sk\u00e1kat k\u00e9sz\u00edtenek exportra, sz\u00f6v\u00e9s\u00fck pedig a gener\u00e1ci\u00f3kon \u00e1t \u00f6r\u00f6kl\u0151d\u0151 hagyom\u00e1nyos technik\u00e1kat t\u00fckr\u00f6zi.<\/p>\n<p>\u00dcnnepi ritmusok tark\u00edtj\u00e1k a napt\u00e1rat. A kar\u00e1csony m\u00e1snapja \u00e9s az \u00faj\u00e9v napja a Junkanoo-val t\u00f6lti meg Nassau utc\u00e1it \u2013 egy \u00fct\u0151hangszerekb\u0151l, r\u00e9zf\u00fav\u00f3sokb\u00f3l \u00e9s krepp-pap\u00edrb\u00f3l k\u00e9sz\u00fclt d\u00edszt\u00e1rgyakb\u00f3l \u00e1ll\u00f3 l\u00e1tv\u00e1nyoss\u00e1ggal, amelyeket minden \u00e9vszakban \u00fajra elk\u00e9sz\u00edtenek \u2013, m\u00edg az emancip\u00e1ci\u00f3 \u00e9s a nemzeti \u00fcnnepek kisebb felvonul\u00e1sokat ind\u00edtanak el a szigeten k\u00edv\u00fcli telep\u00fcl\u00e9seken. A regatt\u00e1kon a tenger\u00e9szek munkahaj\u00f3kon gy\u0171lnek \u00f6ssze, \u00f6tv\u00f6zve a haj\u00f3z\u00e1si versenyeket a part menti mulats\u00e1ggal, a kulin\u00e1ris \u00fcnneps\u00e9gek pedig a helyi term\u00e9shozamokat \u00fcnneplik: Gregory Town Anan\u00e1szfesztiv\u00e1lja, Andros R\u00e1kfesztiv\u00e1lja \u00e9s a sziget eg\u00e9sz ter\u00fclet\u00e9re kiterjed\u0151 megeml\u00e9kez\u00e9sek a kagyl\u00f3r\u00f3l, a sziklahom\u00e1rr\u00f3l \u00e9s a guavaf\u00e9l\u00e9kr\u0151l. A mesemond\u00f3 foglalkoz\u00e1sok az \u0151si hagyom\u00e1nyokat id\u00e9zik fel: Andros lusc\u00e1ja \u00e9s chickcharney-ja, Exuma Pretty Mollyja \u00e9s Bimini h\u00edres elveszett Atlantisz v\u00e1rosa a nemzeti k\u00e9pzeletet megalapoz\u00f3 legend\u00e1k panteonj\u00e1t alkotja.<\/p>\n<p>Az irodalom az eml\u00e9kezet \u00e9s a v\u00e1ltoz\u00e1s tal\u00e1lkoz\u00e1s\u00e1b\u00f3l sz\u00fcletik. K\u00f6lt\u0151k \u00e9s pr\u00f3za\u00edr\u00f3k \u2013 k\u00f6zt\u00fck Susan Wallace \u2013 olyan narrat\u00edv\u00e1kat form\u00e1lnak, amelyek az identit\u00e1ssal, a modernit\u00e1s \u0151si szok\u00e1sokba val\u00f3 behatol\u00e1s\u00e1val \u00e9s a term\u00e9szeti sz\u00e9ps\u00e9g tart\u00f3s vonzerej\u00e9vel foglalkoznak. M\u0171veik tan\u00fai a t\u00e1rsadalmi-gazdas\u00e1gi v\u00e1ltoz\u00e1soknak, a m\u0171v\u00e9szet \u00e9s az \u00f6nmeghat\u00e1roz\u00e1s finom\u00edt\u00e1s\u00e1nak keres\u00e9s\u00e9nek, valamint a hagyom\u00e1nyok ut\u00e1ni v\u00e1gyakoz\u00e1s \u00e9s a kozmopolita integr\u00e1ci\u00f3 fel\u00e9 ir\u00e1nyul\u00f3 t\u00f6rekv\u00e9s k\u00f6z\u00f6tti fesz\u00fclts\u00e9gnek.<\/p>\n<p>Az ir\u00e1ny\u00edt\u00e1si strukt\u00far\u00e1k a j\u00f6vedelem-, t\u00e1rsas\u00e1gi vagy t\u0151kenyeres\u00e9g-illet\u00e9kekt\u0151l mentes ad\u00f3rendszer r\u00e9v\u00e9n tartj\u00e1k fenn a gazdas\u00e1gi vitalit\u00e1st; az \u00e1llami kassza bev\u00e9telei f\u0151k\u00e9nt az importv\u00e1mokb\u00f3l, a hozz\u00e1adott\u00e9rt\u00e9k-ad\u00f3b\u00f3l, az enged\u00e9lyd\u00edjakb\u00f3l \u00e9s az ingatlan\u00e9rt\u00e9kel\u00e9sekb\u0151l sz\u00e1rmaznak. A munk\u00e1ltat\u00f3k \u00e9s a munkav\u00e1llal\u00f3k k\u00f6z\u00f6tt megosztott b\u00e9rsz\u00e1mfejt\u00e9si hozz\u00e1j\u00e1rul\u00e1sok finansz\u00edrozz\u00e1k a t\u00e1rsadalombiztos\u00edt\u00e1st, m\u00edg a hivatalos adatok szerint az ad\u00f3bev\u00e9tel 2010-ben a GDP 17,2 sz\u00e1zal\u00e9k\u00e1t tette ki. A bahamai doll\u00e1r \u00e9s az amerikai doll\u00e1r k\u00f6z\u00f6tti parit\u00e1s a p\u00e9nz\u00fcgyi stabilit\u00e1s alapj\u00e1t k\u00e9pezi, el\u0151seg\u00edtve a kereskedelmet \u00e9s a beruh\u00e1z\u00e1sokat.<\/p>\n<p>A tudom\u00e1ny \u00e9s a politika k\u00f6rnyezetv\u00e9delmi t\u00e9ren is metszi egym\u00e1st. Az erd\u0151k t\u00e1jintegrit\u00e1si indexe (Ferde Landscape Integrity Index) m\u00e9rs\u00e9kelten magasra \u00e9rt\u00e9keli a bahamai \u00f6kosziszt\u00e9m\u00e1kat, m\u00e9gis az \u0151serd\u0151k hi\u00e1nya a v\u00e9dett ter\u00fcleteken bel\u00fcl r\u00e1vil\u00e1g\u00edt a term\u00e9szetv\u00e9delmi strat\u00e9gi\u00e1k sz\u00fcks\u00e9gess\u00e9g\u00e9re. A betegs\u00e9gterjed\u00e9si mint\u00e1zatok \u2013 amelyeket a h\u0151m\u00e9rs\u00e9klet- \u00e9s csapad\u00e9kv\u00e1ltoz\u00e1sok befoly\u00e1solnak \u2013 tov\u00e1bbi k\u00f6zeg\u00e9szs\u00e9g\u00fcgyi szempontokat vetnek fel, mivel az arbov\u00edrusok melegebb, nedvesebb k\u00f6r\u00fclm\u00e9nyek k\u00f6z\u00f6tt hosszabb id\u0151intervallumot tal\u00e1lhatnak a szaporod\u00e1sukra.<\/p>\n<p>\u00cdgy a Baham\u00e1k \u00c1llamk\u00f6z\u00f6ss\u00e9ge a kontraszt \u00e9s a folytonoss\u00e1g tabl\u00f3j\u00e1t mutatja be: egy \u0151si geol\u00f3giai folyamatok \u00e9s emberi v\u00e1ndorl\u00e1sok \u00e1ltal form\u00e1lt nemzet; ellen\u00e1ll\u00f3 a hurrik\u00e1nok \u00e9s a h\u0151s\u00e9g szesz\u00e9lyeivel szemben; a napf\u00e9nyre v\u00e1gy\u00f3kat \u00e9s a t\u0151k\u00e9t egyar\u00e1nt vonz\u00f3 tengerek \u00e1ltal t\u00e1masztott nemzet; a nagy \u00e9s kicsi szigetek k\u00f6z\u00f6ss\u00e9geit \u00f6sszek\u00f6t\u0151 kultur\u00e1lis ritu\u00e1l\u00e9k \u00e9ltetik. Az akvamarin \u00e9s az \u00e9g v\u00e9gtelen horizontja alatt n\u00e9pe a sz\u00fcks\u00e9gb\u0151l \u00e9s az \u00fcnnepl\u00e9sb\u0151l sz\u00fcletett hagyom\u00e1nyokat \u0151rzi, orsz\u00e1g\u00e1t a t\u00f6rt\u00e9nelem \u00e1ramlatain kereszt\u00fcl korm\u00e1nyozva, mindig figyelve a k\u00f6rnyezeti, t\u00e1rsadalmi \u00e9s gazdas\u00e1gi v\u00e1ltoz\u00e1sok dag\u00e1ly\u00e1ra \u00e9s ap\u00e1c\u00e1j\u00e1ra.<\/p>","protected":false},"excerpt":{"rendered":"<p>Hivatalosan a Baham\u00e1k K\u00f6z\u00f6ss\u00e9ge n\u00e9ven ismert, ez a leny\u0171g\u00f6z\u0151 szigetorsz\u00e1g az Atlanti-\u00f3ce\u00e1non a Lucayan-szigetcsoport r\u00e9sze. T\u00f6bb mint 3000 sziget\u00e9vel, homokz\u00e1tony\u00e1val \u00e9s szigetecsk\u00e9j\u00e9vel ezt a szigetcsoportot jelent\u0151s f\u00f6ldrajzi sz\u00e9tsz\u00f3rts\u00e1g jellemzi. A Lucayan-szigetcsoport sz\u00e1razf\u00f6ldi r\u00e9sz\u00e9nek 97%-\u00e1t, lakoss\u00e1g\u00e1nak 88%-\u00e1t ez a ter\u00fclet teszi ki. A Baham\u00e1k a Turks- \u00e9s Caicos-szigetek k\u00f6zel\u00e9ben fekszenek, Kub\u00e1t\u00f3l \u00e9szakra, Hispaniol\u00e1t\u00f3l \u00e9szaknyugatra, a Dominikai K\u00f6zt\u00e1rsas\u00e1g \u00e9s Haiti k\u00f6z\u00f6tt kett\u00e9osztva. Florid\u00e1t\u00f3l d\u00e9lkeletre \u00e9s a Florida Keys-t\u0151l keletre fekszik. A New Providence-szigeten tal\u00e1lhat\u00f3 Nassau, a f\u0151v\u00e1ros, a szigetorsz\u00e1g k\u00f6zponti k\u00f6zpontja. A nagy tengeri ter\u00fcletet hangs\u00falyozva a Baham\u00e1k Kir\u00e1lyi V\u00e9delmi Er\u0151i az orsz\u00e1g ter\u00fclet\u00e9t nagyj\u00e1b\u00f3l 470 000 km\u00b2-re (180 000 n\u00e9gyzetm\u00e9rf\u00f6ldre) hat\u00e1rozz\u00e1k meg.<\/p>","protected":false},"author":1,"featured_media":4263,"parent":24084,"menu_order":0,"comment_status":"closed","ping_status":"closed","template":"elementor_theme","meta":{"_eb_attr":"","footnotes":""},"class_list":["post-9484","page","type-page","status-publish","has-post-thumbnail"],"_links":{"self":[{"href":"https:\/\/travelshelper.com\/hu\/wp-json\/wp\/v2\/pages\/9484","targetHints":{"allow":["GET"]}}],"collection":[{"href":"https:\/\/travelshelper.com\/hu\/wp-json\/wp\/v2\/pages"}],"about":[{"href":"https:\/\/travelshelper.com\/hu\/wp-json\/wp\/v2\/types\/page"}],"author":[{"embeddable":true,"href":"https:\/\/travelshelper.com\/hu\/wp-json\/wp\/v2\/users\/1"}],"replies":[{"embeddable":true,"href":"https:\/\/travelshelper.com\/hu\/wp-json\/wp\/v2\/comments?post=9484"}],"version-history":[{"count":0,"href":"https:\/\/travelshelper.com\/hu\/wp-json\/wp\/v2\/pages\/9484\/revisions"}],"up":[{"embeddable":true,"href":"https:\/\/travelshelper.com\/hu\/wp-json\/wp\/v2\/pages\/24084"}],"wp:featuredmedia":[{"embeddable":true,"href":"https:\/\/travelshelper.com\/hu\/wp-json\/wp\/v2\/media\/4263"}],"wp:attachment":[{"href":"https:\/\/travelshelper.com\/hu\/wp-json\/wp\/v2\/media?parent=9484"}],"curies":[{"name":"wp","href":"https:\/\/api.w.org\/{rel}","templated":true}]}}