{"id":9322,"date":"2024-09-07T22:08:37","date_gmt":"2024-09-07T22:08:37","guid":{"rendered":"https:\/\/travelshelper.com\/staging\/?page_id=9322"},"modified":"2026-03-13T14:03:09","modified_gmt":"2026-03-13T14:03:09","slug":"kanada","status":"publish","type":"page","link":"https:\/\/travelshelper.com\/hu\/destinations\/north-america\/canada\/","title":{"rendered":"Kanada"},"content":{"rendered":"<p>Kanada egyszerre mutatkozik be a hatalmass\u00e1g \u00e9s az intimit\u00e1s mintak\u00e9pek\u00e9nt: 9 984 670 n\u00e9gyzetkilom\u00e9teren ter\u00fcl el az Atlanti-\u00f3ce\u00e1nt\u00f3l a Csendes-\u00f3ce\u00e1nig, \u00e9s \u00edvel az \u00c9szaki-sarkig, \u00edgy a vil\u00e1g m\u00e1sodik legnagyobb ter\u00fclet\u0171 nemzete, \u00e9s 243 042 kilom\u00e9ter hossz\u00fa, megszak\u00edt\u00e1s n\u00e9lk\u00fcli partvonallal b\u00fcszk\u00e9lkedhet. T\u00f6bb mint 41 milli\u00f3 lakos\u00e1nak otthont ad\u00f3 t\u00edz tartom\u00e1nya \u00e9s h\u00e1rom ter\u00fclete a s\u0171r\u0171n urbaniz\u00e1lt folyos\u00f3kt\u00f3l a ritk\u00e1n lakott kiterjed\u00e9sekig terjed, ahol a bore\u00e1lis erd\u0151k vagy az arktiszi tundra csendje \u0151sinek t\u0171nik. Ottawa sz\u00f6vets\u00e9gi f\u0151v\u00e1rosk\u00e9nt m\u0171k\u00f6dik, m\u00edg Toronto, Montr\u00e9al \u00e9s Vancouver a h\u00e1rom legn\u00e9pesebb nagyv\u00e1rosi k\u00f6zpont, mindegyik egyedi kultur\u00e1lis ritmusban l\u00fcktet. Ez egy olyan orsz\u00e1g, ahol a f\u00f6ldrajzi sz\u00e9ls\u0151s\u00e9gek \u00e9s a demogr\u00e1fiai ellent\u00e9tek egyetlen nemzeti tabl\u00f3t alkotnak.<\/p>\n<p>Kanada hat\u00e1rai p\u00e1ratlan geopolitikai v\u00e1sznat alkotnak: a vil\u00e1g leghosszabb sz\u00e1razf\u00f6ldi hat\u00e1ra \u2013 8891 kilom\u00e9ter \u2013 az Egyes\u00fclt \u00c1llamokkal k\u00f6ti \u00f6ssze, m\u00edg a tengeri hat\u00e1rok egyik oldalr\u00f3l a francia Saint-Pierre \u00e9s Miquelonhoz, a m\u00e1sikr\u00f3l pedig Gr\u00f6nlandhoz (\u00e9s t\u00e1gabb \u00e9rtelemben D\u00e1ni\u00e1hoz) k\u00f6tik Hans-sziget k\u00f6rny\u00e9k\u00e9n. Ellesmere-sziget cs\u00facs\u00e1n fekszik CFS Alert, a F\u00f6ld leg\u00e9szakibb telep\u00fcl\u00e9se az \u00e9szaki sz\u00e9less\u00e9g 82,5\u00b0-\u00e1n, mind\u00f6ssze 817 kilom\u00e9terre az \u00c9szaki-sarkt\u00f3l. A sz\u00e9ls\u0151 sz\u00e9less\u00e9gi fokok az \u00e9szaki sz\u00e9less\u00e9g 83\u00b06\u203241\u2033-\u00e9n tal\u00e1lhat\u00f3 Columbia-fokt\u00f3l az Erie-t\u00f3 Middle Islandj\u00e9ig, az \u00e9szaki sz\u00e9less\u00e9g 41\u00b040\u203253\u2033-\u00e9n tal\u00e1lhat\u00f3; a hosszanti sz\u00e9less\u00e9g az \u00faj-fundlandi Cape Speart\u0151l, a nyugati sz\u00e9less\u00e9g 52\u00b037\u2032-\u00e9n tal\u00e1lhat\u00f3 St. Elias-hegyig, a yukoni Mount St. Eliasig terjednek, a nyugati sz\u00e9less\u00e9g 141\u00b0-\u00e1n. Ezek az adatok t\u00falmutatnak puszta t\u00e9rk\u00e9p\u00e9szeti apr\u00f3s\u00e1gokon, ehelyett a tengeri kiterjed\u00e9sek, az \u00e9szaki sarkvid\u00e9ki j\u00e9g \u00e9s a kontinent\u00e1lis sz\u00edv metsz\u00e9spontj\u00e1ban kialakult nemzeti identit\u00e1s alapj\u00e1t k\u00e9pezik.<\/p>\n<p>Az egys\u00e9ges nemzeti burok alatt h\u00e9t elk\u00fcl\u00f6n\u00fcl\u0151 fiziogr\u00e1fiai ter\u00fclet fekszik: a szikl\u00e1s Kanadai-pajzs, a term\u00e9keny bels\u0151 s\u00edks\u00e1gok, a Nagy-tavak \u2013 Szent L\u0151rinc-alf\u00f6ld, az \u0151si Appalache-hegys\u00e9g, a magas Nyugati-Kordiller\u00e1k, a lapos Hudson-\u00f6b\u00f6l-alf\u00f6ld \u00e9s a labirintusszer\u0171 \u00c9szaki-sarki szigetcsoport. A d\u00e9li bels\u0151 ter\u00fcletek nagy r\u00e9sz\u00e9t bore\u00e1lis erd\u0151k bor\u00edtj\u00e1k, m\u00edg a Szikl\u00e1s-hegys\u00e9g, a Parti-hegys\u00e9g \u00e9s az \u00c9szaki-sarki Kordiller\u00e1k k\u00f6z\u00f6tt gleccserek maradtak fenn. T\u00f6bb mint k\u00e9tmilli\u00f3 t\u00f3 \u2013 563 nagyobb, mint 100 n\u00e9gyzetkilom\u00e9ter \u2013 a bolyg\u00f3 \u00e9desv\u00edzk\u00e9szleteinek oroszl\u00e1nr\u00e9sz\u00e9t adja. F\u00f6ldreng\u00e9sek r\u00e1zz\u00e1k meg a nyugati partvid\u00e9k egyes szakaszait, a kontinens perem\u00e9t pedig vulk\u00e1ni mez\u0151k tark\u00edtj\u00e1k, eml\u00e9keztetve a folyamatosan v\u00e1ltoz\u00f3 geol\u00f3giai sz\u00f6vetre.<\/p>\n<p>Az \u00e9vszakok dr\u00e1mai elt\u00e9r\u00e9sekkel bontakoznak ki: a bels\u0151 tartom\u00e1nyokban janu\u00e1rban a nappali h\u0151m\u00e9rs\u00e9klet k\u00f6zel \u201315 \u00b0C-ot jelent, de a cs\u00edp\u0151s sz\u00e9lben \u201340 \u00b0C al\u00e1 is s\u00fcllyedhet, a h\u00f3 pedig gyakran az \u00e9v hat h\u00f3napj\u00e1ban kitart (egyes \u00e9szaki enkl\u00e1v\u00e9kban pedig soha nem esik le teljesen a j\u00e9gtakar\u00f3). Brit Columbia partvid\u00e9ke m\u00e9rs\u00e9kelt, csendes-\u00f3ce\u00e1ni es\u0151z\u00e9sekkel teli telet \u00e9lvez, m\u00edg a ny\u00e1ri maximumok partt\u00f3l partig 20 \u00e9s 30 \u00b0C k\u00f6z\u00f6tt mozognak, a v\u00e9dett bels\u0151 medenc\u00e9kben pedig id\u0151nk\u00e9nt 40 \u00b0C f\u00f6l\u00e9 emelkednek. A hatalmas \u00e9ghajlati gradiens olyan elt\u00e9r\u0151 k\u00f6rnyezeteket eredm\u00e9nyez, mint Vancouver k\u00f6dbe burkol\u00f3z\u00f3 c\u00e9drusai \u00e9s Nunavut tundra-sztyepp\u00e9i, amelyek mindegyike alkalmazkod\u00e1si strat\u00e9gi\u00e1kat k\u00f6vetel meg mind a vadon \u00e9l\u0151 \u00e1llatokt\u00f3l, mind a telepesekt\u0151l.<\/p>\n<p>Ez az \u00e9ghajlati kett\u0151ss\u00e9g nyom\u00e1s alatt \u00e1ll: Kanada \u00e9szaki r\u00e9szei h\u00e1romszor olyan gyorsan melegszenek, mint a glob\u00e1lis, 1948 \u00f3ta az \u00e9ves sz\u00e1razf\u00f6ldi h\u0151m\u00e9rs\u00e9klet nagyj\u00e1b\u00f3l 1,7 \u00b0C-kal emelkedett (a region\u00e1lis v\u00e1ltoz\u00e1sok 1,1 \u00e9s 2,3 \u00b0C k\u00f6z\u00f6tt mozognak). A permafroszt \u2013 amelyet egykor \u00e1lland\u00f3nak tekintettek \u2013 destabiliz\u00e1l\u00f3 hat\u00e1s\u00fa, vesz\u00e9lyezteti az infrastrukt\u00far\u00e1t \u00e9s a sz\u00e9nben gazdag talajokat. A hat\u00e1rokon \u00e1tny\u00fal\u00f3 ipari kibocs\u00e1t\u00e1sokb\u00f3l sz\u00e1rmaz\u00f3 savas lerak\u00f3d\u00e1s k\u00e1ros\u00edtotta a v\u00edzi utakat, visszafogta az erd\u0151k n\u00f6veked\u00e9s\u00e9t \u00e9s bizonyos r\u00e9gi\u00f3kban kih\u00edv\u00e1st jelentett a mez\u0151gazdas\u00e1gi hozamok ter\u00e9n. A nemzeti \u00fcvegh\u00e1zhat\u00e1s\u00fa g\u00e1zkibocs\u00e1t\u00e1s 16,5 sz\u00e1zal\u00e9kkal n\u0151tt 1990 \u00e9s 2022 k\u00f6z\u00f6tt, amivel Kanada a vil\u00e1g legnagyobb kibocs\u00e1t\u00f3i k\u00f6z\u00e9 tartozik, mik\u00f6zben k\u00fczd a sz\u00e9nl\u00e1bnyom\u00e1nak cs\u00f6kkent\u00e9s\u00e9nek k\u00e9nyszer\u00e9vel.<\/p>\n<p>Az emberi jelenl\u00e9t a mai Kanada ter\u00fclet\u00e9n \u00e9vezredekre ny\u00falik vissza, amikor az \u0151slakos t\u00e1rsadalmak bonyolult lombhullat\u00f3 erd\u0151ket, bore\u00e1lis \u00e9s sarkvid\u00e9ki partvid\u00e9ki kult\u00far\u00e1kat m\u0171veltek. Az eur\u00f3pai kapcsolatok a 16. sz\u00e1zadban kezd\u0151dtek, amikor francia \u00e9s brit tenger\u00e9szek felt\u00e9rk\u00e9pezt\u00e9k az atlanti partokat; a konfliktus Franciaorsz\u00e1g 1763-as \u00e9szak-amerikai ter\u00fcleteinek nagy r\u00e9sz\u00e9nek \u00e1tenged\u00e9s\u00e9ben tet\u0151z\u00f6tt. A brit \u00e9szak-amerikai gyarmatok 1867-ben n\u00e9gy tartom\u00e1nyb\u00f3l \u00e1ll\u00f3 sz\u00f6vets\u00e9gi uralomm\u00e1 egyes\u00fcltek, elind\u00edtva egy olyan terjeszked\u00e9st, amely kiszor\u00edtotta az \u0151slakos k\u00f6z\u00f6ss\u00e9geket, \u00e9s fokozatos \u00e1tmenetet vezetett be a gyarmati al\u00e1rendelts\u00e9gt\u0151l a jogi auton\u00f3mi\u00e1hoz. Az olyan m\u00e9rf\u00f6ldk\u00f6vek, mint az 1931-es westminsteri stat\u00fatum \u00e9s az 1982-es kanadai t\u00f6rv\u00e9ny, meger\u0151s\u00edtett\u00e9k a szuverenit\u00e1st az Egyes\u00fclt Kir\u00e1lys\u00e1g t\u00f6rv\u00e9nyhoz\u00f3 hatalm\u00e1nak megsz\u00fcntet\u00e9s\u00e9vel.<\/p>\n<p>Kanada politikai fel\u00e9p\u00edt\u00e9se a westminsteri st\u00edlus\u00fa parlament\u00e1ris demokr\u00e1ci\u00e1t \u00e9s alkotm\u00e1nyos monarchi\u00e1t k\u00f6veti, ahol a minisztereln\u00f6k \u2013 akit a f\u0151korm\u00e1nyz\u00f3 szuver\u00e9nen nevez ki \u2013 a K\u00e9pvisel\u0151h\u00e1z bizalmi szavazata r\u00e9v\u00e9n gyakorolja a hatalmat. A sz\u00f6vets\u00e9gi joghat\u00f3s\u00e1gon bel\u00fcl mind az angol, mind a francia nyelv hivatalos nyelv, ami \u00e9vsz\u00e1zados nyelvi \u00f6r\u00f6ks\u00e9get t\u00fckr\u00f6z. Az orsz\u00e1g befogad\u00e1sa a Nemzetk\u00f6z\u00f6ss\u00e9g birodalm\u00e1ba hangs\u00falyozza t\u00f6rt\u00e9nelmi kapcsolatait, mik\u00f6zben az \u00e1tl\u00e1that\u00f3s\u00e1g, az \u00e9letmin\u0151s\u00e9g, a gazdas\u00e1gi versenyk\u00e9pess\u00e9g \u00e9s az emberi jogok v\u00e9delme ter\u00e9n el\u00e9rt magas pontsz\u00e1mok a kort\u00e1rs korm\u00e1nyz\u00e1si er\u0151ss\u00e9geit bizony\u00edtj\u00e1k. A bev\u00e1ndorl\u00e1s sz\u00f6vev\u00e9nye Kanad\u00e1t a vil\u00e1g egyik etnikailag legsoksz\u00edn\u0171bb t\u00e1rsadalm\u00e1v\u00e1 tette, m\u00edg az Egyes\u00fclt \u00c1llamokkal val\u00f3 szomsz\u00e9ds\u00e1gi sz\u00f6vets\u00e9ge \u00e9s rivaliz\u00e1l\u00e1sa kit\u00f6r\u00f6lhetetlen\u00fcl form\u00e1lta Kanada t\u00f6rt\u00e9nelm\u00e9t, kereskedelm\u00e9t \u00e9s kult\u00far\u00e1j\u00e1t.<\/p>\n<p>A gazdas\u00e1gi vitalit\u00e1s a b\u0151s\u00e9ges term\u00e9szeti adotts\u00e1gokb\u00f3l \u00e9s az integr\u00e1lt kereskedelmi h\u00e1l\u00f3zatokb\u00f3l fakad. Kanada mintegy 2,221 billi\u00f3 USD nomin\u00e1lis GDP-j\u00e9vel \u2013 amivel a kilencedik helyen \u00e1ll a vil\u00e1gon \u2013 a bolyg\u00f3 egyik legmagasabb egy f\u0151re jut\u00f3 j\u00f6vedelm\u00e9t biztos\u00edtja. Az \u00e1ru- \u00e9s szolg\u00e1ltat\u00e1skereskedelem 2021-ben el\u00e9rte a 2,016 billi\u00f3 USD-t: a 637 milli\u00e1rd USD \u00e9rt\u00e9k\u0171 export majdnem megegyezett az importtal, amelyb\u0151l 391 milli\u00e1rd USD az Egyes\u00fclt \u00c1llamokb\u00f3l sz\u00e1rmazott. A t\u00f6bb mint 1500 t\u0151zsd\u00e9n jegyzett v\u00e1llalattal rendelkez\u0151 toront\u00f3i t\u0151zsde piaci kapitaliz\u00e1ci\u00f3ja meghaladja a 2 billi\u00f3 USD-t. \u00d6njel\u00f6lt k\u00f6z\u00e9phatalomk\u00e9nt az orsz\u00e1g k\u00fclpolitik\u00e1j\u00e1t a b\u00e9kefenntart\u00e1s, a fejleszt\u00e9si seg\u00e9lyek \u00e9s a multilater\u00e1lis f\u00f3rumok fel\u00e9 tereli, k\u00f6z\u00f6s \u00e9rt\u00e9keket k\u00e9pviselve az Egyes\u00fclt Nemzetek Szervezet\u00e9t\u0151l a G7-cs\u00facstal\u00e1lkoz\u00f3kig sz\u00e1mos sz\u00ednt\u00e9ren.<\/p>\n<p>Kanada kultur\u00e1lis sz\u00f6vete \u00f6sszefonja az \u0151slakos alapokat, a francia \u00e9s brit gyarmati \u00f6r\u00f6ks\u00e9get, valamint a 20. \u00e9s 21. sz\u00e1zadi bev\u00e1ndorl\u00e1si hull\u00e1mokat Afrik\u00e1b\u00f3l, \u00c1zsi\u00e1b\u00f3l \u00e9s a Karib-t\u00e9rs\u00e9gb\u0151l. Az alkotm\u00e1nyos biztos\u00edt\u00e9kok a multikultur\u00e1lis integr\u00e1ci\u00f3ra \u00e9s az emberi jogok tiszteletben tart\u00e1s\u00e1ra \u00e9p\u00fcl\u0151 t\u00e1rsadalmat \u00edrnak el\u0151. A hivatalos multikulturalizmus politik\u00e1ja a nemzetet region\u00e1lis szubkult\u00far\u00e1k mozaikjak\u00e9nt k\u00fcl\u00f6nb\u00f6zteti meg; Quebec meg\u0151rzi a jellegzetes frankof\u00f3n ethoszt, mik\u00f6zben a nemzeti identit\u00e1s mag\u00e1\u00e9v\u00e1 teszi a soksz\u00edn\u0171s\u00e9get. A region\u00e1lis n\u00e9phagyom\u00e1nyok \u2013 a Cape Breton gael \u00f6r\u00f6ks\u00e9g\u00e9t\u0151l az akad \u00e9s inuit m\u0171v\u00e9szetig \u2013 maradand\u00f3 karaktert k\u00f6lcs\u00f6n\u00f6znek a telep\u00fcl\u00e9seknek, m\u00e9gis mindegyik hozz\u00e1j\u00e1rul az inkluz\u00edv \u00e1llampolg\u00e1rs\u00e1g \u00e1tfog\u00f3 \u00e9rz\u00e9s\u00e9hez.<\/p>\n<p>A k\u00f6zpolitika t\u00e1rsadalmi norm\u00e1kban nyilv\u00e1nul meg: egyetemes eg\u00e9szs\u00e9g\u00fcgyi ell\u00e1t\u00e1s, progressz\u00edv ad\u00f3z\u00e1s, szigor\u00fa fegyverszab\u00e1lyoz\u00e1s, a hal\u00e1lb\u00fcntet\u00e9s elt\u00f6rl\u00e9se, a szeg\u00e9nys\u00e9g proakt\u00edv cs\u00f6kkent\u00e9se, valamint a n\u0151k reprodukt\u00edv jogainak, az LMBT-jogoknak, az eutan\u00e1zia \u00e9s a kannabisz jogi elismer\u00e9se. Ezek az int\u00e9zked\u00e9sek \u00f6sszhangban vannak a b\u00e9kefenntart\u00f3 misszi\u00f3k, a neves nemzeti parkh\u00e1l\u00f3zat \u00e9s az Egyes\u00fclt \u00c1llamok Jogainak \u00e9s Szabads\u00e1gainak Chart\u00e1ja ir\u00e1nti hat\u00e1rozott t\u00e1mogat\u00e1ssal. A kanadaiak b\u00fcszk\u00e9k az export\u00e1lhat\u00f3 k\u00f6zjavakra: az egyenl\u0151s\u00e9g ethosz\u00e1ra, a fenntarthat\u00f3 f\u00f6ldgazd\u00e1lkod\u00e1sra \u00e9s az egy\u00fcttm\u0171k\u00f6d\u00e9sen, nem pedig az egyoldal\u00fa \u00e9rv\u00e9nyes\u00fcl\u00e9sen alapul\u00f3 diplom\u00e1ci\u00e1ra.<\/p>\n<p>Kanada teljes bej\u00e1r\u00e1sa pr\u00f3b\u00e1ra teszi az id\u0151 \u00e9s a kitart\u00e1s hat\u00e1rait; a Transzkanadai Aut\u00f3p\u00e1lya nagyj\u00e1b\u00f3l 8000 km-t h\u00faz St. John&#039;s \u00e9s Victoria k\u00f6z\u00f6tt \u2013 ez \u00f6sszehasonl\u00edthat\u00f3 Kair\u00f3 \u00e9s Fokv\u00e1ros k\u00f6z\u00f6tti \u00fattal \u00e9s Nap\u00f3leon P\u00e1rizs-Moszkva menetel\u00e9s\u00e9nek t\u00f6bb mint h\u00e1romszoros\u00e1val. M\u00e9g egy Toront\u00f3b\u00f3l Vancouverbe tart\u00f3 k\u00f6zvetlen rep\u00fcl\u0151\u00fat is t\u00f6bb mint n\u00e9gy \u00f3r\u00e1t vesz ig\u00e9nybe, ami a kontinent\u00e1lis l\u00e9pt\u00e9k bizony\u00edt\u00e9ka. Az ilyen t\u00e1vols\u00e1gok a panoptikus felfedez\u00e9st t\u00f6bb hetes v\u00e1llalkoz\u00e1ss\u00e1 teszik, ugyanakkor a k\u00f6rnyezet \u00e9s a kult\u00fara kaleidoszk\u00f3pszer\u0171 v\u00e1ltoz\u00e1saival is jutalmazz\u00e1k az utaz\u00f3kat, minden \u00fatszakasz vagy kifut\u00f3p\u00e1lya a nemzeti jelleg \u00faj aspektusait t\u00e1rja fel.<\/p>\n<p>Az Atlanti-Kanada \u2013 amely \u00daj-Brunswickot, \u00daj-Fundlandot \u00e9s Labradort, \u00daj-Sk\u00f3ci\u00e1t \u00e9s Prince Edward-szigetet foglalja mag\u00e1ban \u2013 Kanada legr\u00e9gebbi eur\u00f3pai telep\u00fcl\u00e9s\u00e9nek lenyomat\u00e1t hordozza. Az \u0151slakos mikmak, innu \u00e9s nunatsiavut k\u00f6z\u00f6ss\u00e9gek egy\u00fctt \u00e9lnek az akad, a felf\u00f6ldi sk\u00f3t \u00e9s a lojalista \u00f6r\u00f6ks\u00e9gekkel. A zord partvid\u00e9ken olyan t\u00f6rt\u00e9nelmi kik\u00f6t\u0151k tal\u00e1lhat\u00f3k, mint Halifax \u00e9s St. John&#039;s, ahol a gyarmati k\u0151homlokzatok \u0151rk\u00f6dnek a tengeri herkenty\u0171kben gazdag piacok felett. A r\u00e9gi\u00f3 konyh\u00e1ja, amelyet kagyl\u00f3\u00e1s\u00e1s \u00e9s hom\u00e1rcsapd\u00e1k kereteznek, a s\u00f3permetes szelekb\u0151l \u00e9s a t\u00f6rt\u00e9nelmi \u00e1rap\u00e1lyb\u00f3l mer\u00edt hiteless\u00e9get.<\/p>\n<p>Quebec kett\u0151s identit\u00e1st k\u00e9pvisel: egy s\u0171r\u0171n lakott frankof\u00f3n szalag a Szent L\u0151rinc foly\u00f3 ment\u00e9n, amely egy hatalmas \u00e9szaki h\u00e1torsz\u00e1ggal hat\u00e1ros, amelyet m\u00e9g mindig az inuit \u00e9s kr\u00ed hagyom\u00e1nyok form\u00e1lnak. A laurentianok az \u00e9szak-amerikai hat\u00e1rokon bel\u00fcl az alpesi b\u00e1jra utalnak, m\u00edg Qu\u00e9bec City \u2013 \u00f3v\u00e1rosa, amely a vil\u00e1g\u00f6r\u00f6ks\u00e9g r\u00e9sze \u2013 egy \u00fcnnepelt t\u00e9li karnev\u00e1lnak ad otthont. Montr\u00e9al kultur\u00e1lis motork\u00e9nt szolg\u00e1l, francia-brit \u00e9p\u00edt\u00e9szeti palimpszeszttel \u00e9s fesztiv\u00e1lokkal, amelyek a glob\u00e1lis m\u0171v\u00e9szeti f\u0151v\u00e1rosokat id\u00e9zik. A foly\u00f3v\u00f6lgyi falvak, hal\u00e1szkik\u00f6t\u0151k, juharligetek \u00e9s s\u00edp\u00e1ly\u00e1k kifel\u00e9 terjeszkednek, erd\u0151- \u00e9s tundra birodalmakban cs\u00facsosodva ki, amelyek a hat\u00e1rvid\u00e9ket id\u00e9zik.<\/p>\n<p>Ontario d\u00e9li harmad\u00e1ban koncentr\u00e1l\u00f3dik a lakoss\u00e1g \u00e9s az ipar, melyet Toronto kozmopolita kiterjed\u00e9se \u00e9s Ottawa impoz\u00e1ns int\u00e9zm\u00e9nyei tartanak fenn. A turist\u00e1k a Niagara-v\u00edzes\u00e9s fel\u00e9 vonz\u00f3dnak, ahol a sz\u00fcrkeh\u00e1lyog fens\u00e9ges hat\u00e1rt h\u00faz a l\u00e1tv\u00e1nyoss\u00e1g \u00e9s a geol\u00f3gia k\u00f6z\u00f6tt. Muskoka tavai \u00e9s erd\u0151i a nyaral\u00f3s \u00e9letet kedvelik, m\u00edg a hatalmas \u00e9szaki ter\u00fcleteket alig birtokolj\u00e1k a fakitermel\u0151 \u00e9s b\u00e1ny\u00e1szv\u00e1rosok. Ontario kiterjed\u00e9s\u00e9ben Kanada k\u00fcls\u0151 k\u00e9p\u00e9t \u00e9s rejtett bels\u0151 ter\u00fcleteit is mag\u00e1ban foglalja, ahol m\u00e9g mindig suttog a vadon.<\/p>\n<p>A pr\u00e9rieken \u2013 Albert\u00e1n, Manitob\u00e1n \u00e9s Saskatchewanon \u2013 \u00e1t a v\u00e9gtelen horizont leny\u0171g\u00f6z\u0151 nyitotts\u00e1g\u00e9rzetet \u00e1raszt. Aranyl\u00f3 b\u00fazaf\u00f6ldek h\u00faz\u00f3dnak a Szikl\u00e1s-hegys\u00e9g l\u00e1b\u00e1n\u00e1l, ahol a Banff \u00e9s Jasper Nemzeti Parkok csipk\u00e9zett cs\u00facsokat \u00e9s gleccservizeket t\u00e1rnak fel. Calgaryt\u00f3l \u00e9s Edmontont\u00f3l Winnipegig \u00e9s Regin\u00e1ig a v\u00e1rosi k\u00f6zpontok ugr\u00e1sszer\u0171 n\u00f6veked\u00e9st tapasztaltak, kultur\u00e1lis helysz\u00edneket, fesztiv\u00e1lokat \u00e9s \u00e9ttermeket hozva l\u00e9tre, amelyek a dinamikusan fejl\u0151d\u0151 fiatal lakoss\u00e1got t\u00fckr\u00f6zik. Ezek a tartom\u00e1nyok a mez\u0151gazdas\u00e1gi er\u0151t az er\u0151forr\u00e1sok kitermel\u00e9se mellett tartj\u00e1k fenn, eg\u00fck a felh\u0151s t\u00e1jak \u00e9s az \u00e9szaki f\u00e9ny v\u00e1szonjak\u00e9nt szolg\u00e1l.<\/p>\n<p>A Csendes-\u00f3ce\u00e1n partj\u00e1n Brit Columbia Vancouver \u00fcvegbor\u00edt\u00e1s\u00fa l\u00e1tk\u00e9p\u00e9n kereszt\u00fcl fogadja az \u00e9rkez\u0151ket, ahol a h\u00f3f\u00f6dte cs\u00facsok a v\u00e1ros hat\u00e1rain bel\u00fcl t\u0171nnek fel. Victoria el\u0151kel\u0151 v\u00e1rosiass\u00e1got k\u00edn\u00e1l gondozott kertek k\u00f6z\u00f6tt, az Okanagan-v\u00f6lgy pedig sz\u0151l\u0151\u00fcltetv\u00e9nyeket \u00e9s gy\u00fcm\u00f6lcs\u00f6s\u00f6ket k\u00edn\u00e1l a kellemes \u00e9g alatt. M\u00f6g\u00f6tt\u00fck fjordok, es\u0151erd\u0151k \u00e9s hegyi h\u00e1g\u00f3k tal\u00e1lhat\u00f3k \u2013 h\u00e1tterek mindenhez a heli-s\u00edel\u00e9st\u0151l a kajakt\u00far\u00e1kig. A part menti telek enyh\u00e9k, m\u00e9gis szemerk\u00e9l\u0151ek maradnak, olyan k\u00f6rnyezetet teremtve, amely a m\u00e9rs\u00e9kelt \u00e9gboltot \u00f6tv\u00f6zi a modern v\u00e1rosiass\u00e1ggal.<\/p>\n<p>\u00c9szak-Kanada \u2013 a Yukon, az \u00c9szaknyugati Ter\u00fcletek \u00e9s Nunavut \u2013 az orsz\u00e1g sz\u00e1razf\u00f6ldj\u00e9nek nagyj\u00e1b\u00f3l 40 sz\u00e1zal\u00e9k\u00e1t fedi le, m\u00e9gis a lakoss\u00e1gnak csak t\u00f6red\u00e9k\u00e9t tartja el. Dawson City 1898-b\u00f3l sz\u00e1rmaz\u00f3 aranyl\u00e1z korabeli \u00fczlethelyis\u00e9geket \u0151riz, \u00e9l\u0151 m\u00fazeumk\u00e9nt szolg\u00e1l az \u00e9jf\u00e9li nap alatt. Iqaluit inuit ihlet\u00e9s\u0171 \u00e9p\u00edt\u00e9szete az arktiszi ig\u00e9nyeket el\u00e9g\u00edti ki, m\u00edg az \u00f6r\u00f6kk\u00e9 fagyott talaj \u00e9s a sarki \u00e9jszaka meger\u0151s\u00edti e birodalom nyers erej\u00e9t. A vadvil\u00e1g vir\u00e1gzik: kop\u00e1r talaj\u00fa karibuk, p\u00e9zsmatulok \u00e9s v\u00e1ndormadarak szelik \u00e1t a tundratengereket, m\u00e9g a konf\u00f6der\u00e1ci\u00f3 idej\u00e9n is r\u00e9gebbi ciklusokban.<\/p>\n<p>A v\u00e1rosi nevezetess\u00e9gek Kanada k\u00f6zel hetven v\u00e1ros\u00e1b\u00f3l \u00e1ll\u00f3 mozaikj\u00e1t \u00f6lelik fel, amelyek k\u00f6z\u00f6tt Ottawa parlamenti v\u00e1laszt\u00f3ker\u00fclete \u00e9les ellent\u00e9tben \u00e1ll Calgary zs\u00fafolt szellem\u00e9vel. Halifax Citadella Hill-je a vil\u00e1g m\u00e1sodik legnagyobb term\u00e9szetes kik\u00f6t\u0151j\u00e9re n\u00e9z, Montr\u00e9al kultur\u00e1lis fesztiv\u00e1ljai pedig vetekednek az eur\u00f3pai f\u0151v\u00e1rosok fesztiv\u00e1ljaival. Qu\u00e9bec City 1608-as alap\u00edt\u00e1sa renesz\u00e1nsz jegyeket k\u00f6lcs\u00f6n\u00f6z v\u00e1rosfalainak, m\u00edg Toronto CN Tower-je a modern amb\u00edci\u00f3kat testes\u00edti meg. Vancouver part menti cs\u00facsokkal koron\u00e1zza meg l\u00e1tk\u00e9p\u00e9t; Whitehorse uralja az Alaszkai Aut\u00f3p\u00e1ly\u00e1t Yukon sz\u00edv\u00e9ben; Winnipeg a kontinens k\u00f6z\u00e9ppontj\u00e1ban tal\u00e1lhat\u00f3, ahol a francia-kanadai \u00e9s az \u0151slakosok \u00f6r\u00f6ks\u00e9ge a The Forks-n\u00e1l tal\u00e1lkozik.<\/p>\n<p>A term\u00e9szeti \u00e9s kultur\u00e1lis kincsek messze t\u00falmutatnak a nagyv\u00e1rosok hat\u00e1rain. Az UNESCO Vil\u00e1g\u00f6r\u00f6ks\u00e9gi helysz\u00ednei tark\u00edtj\u00e1k a t\u00e9rk\u00e9pet, a nemzeti \u00e9s tartom\u00e1nyi parkok emblematikus t\u00e1jakat \u0151rzik. Dawson City Klondike-eml\u00e9kei, a Mexik\u00f3i-\u00f6b\u00f6l-szigetek b\u00e9k\u00e9s enkl\u00e1v\u00e9i, az Okanagan naps\u00fct\u00f6tte sz\u0151l\u0151\u00fcltetv\u00e9nyei, Banff Louise-tav\u00e1nak \u00e9s Jasper j\u00e9gmez\u0151i nemzetk\u00f6zi h\u00edr\u0171 nevezetess\u00e9gek. A pr\u00e9riken a Writing-on-Stone Park \u0151shonos sziklarajzokat rejt homokk\u0151 tan\u00fahegyek k\u00f6z\u00f6tt; a Niagara-f\u00e9lsziget a h\u00f6mp\u00f6lyg\u0151 vizeket sz\u0151l\u0151\u00fcltetv\u00e9nyekkel \u00f6tv\u00f6zi; az Algonquin Tartom\u00e1nyi Park az \u0151si erd\u0151kben val\u00f3 kenuz\u00e1st jutalmazza. Minden egyes helysz\u00edn egy versszakkal gazdag\u00edtja Kanada epikus k\u00f6lt\u00e9szet\u00e9t.<\/p>\n<p>Kanada kiterjed\u00e9se sor\u00e1n egy olyan nemzetet t\u00e1r el\u00e9nk, amely elutas\u00edtja az egyszer\u0171s\u00e9get. Hatalmas m\u00e9rete a s\u0171r\u0171s\u00e9g \u00e9s az \u00fcress\u00e9g paradoxonjait gener\u00e1lja, az \u0151si hagyom\u00e1nyok \u00e9s a legmodernebb urbaniz\u00e1ci\u00f3 egy\u00fctt\u00e9l\u00e9s\u00e9t. Az utaz\u00f3k geol\u00f3giai korszakokat fedeznek fel a szoborszer\u0171 cs\u00facsokban, t\u00e1rsadalmi-politikai evol\u00faci\u00f3t a parlamenti termekben \u00e9s kultur\u00e1lis p\u00e1rbesz\u00e9deket a t\u00f6bbnyelv\u0171 utc\u00e1kon. Minden fjordban, erd\u0151ben \u00e9s parlamenti teremben Kanada ellen\u00e1ll\u00f3 szelleme \u00e9s r\u00e9tegzett \u00f6r\u00f6ks\u00e9ge bontakozik ki \u2013 egy v\u00e9gtelen narrat\u00edva, amely elm\u00e9ly\u00fcl\u00e9sre, elm\u00e9lked\u00e9sre \u00e9s elker\u00fclhetetlen csod\u00e1latra cs\u00e1b\u00edt.<\/p>","protected":false},"excerpt":{"rendered":"<p>Az \u00c9szak-Amerik\u00e1ban fekv\u0151 Kanada kiterjedt t\u00e1jair\u00f3l \u00e9s v\u00e1ltozatos kultur\u00e1lis \u00f6r\u00f6ks\u00e9g\u00e9r\u0151l ismert. Kanada, a vil\u00e1g m\u00e1sodik legnagyobb orsz\u00e1ga, keleten az Atlanti-\u00f3ce\u00e1nt\u00f3l nyugaton a Csendes-\u00f3ce\u00e1nig terjed, \u00e9szakon pedig a Jeges-tengerig. A vil\u00e1g leghosszabb partvonala egyens\u00falyozza ki ezt a hatalmas sz\u00e1razf\u00f6ldet, a term\u00e9szeti sz\u00e9ps\u00e9g \u00e9s az \u00f6kol\u00f3giai sokf\u00e9les\u00e9g k\u00fcl\u00f6nleges f\u00fazi\u00f3j\u00e1t biztos\u00edtva. A vil\u00e1g leghosszabb nemzetk\u00f6zi sz\u00e1razf\u00f6ldi hat\u00e1ra, az orsz\u00e1g d\u00e9li hat\u00e1ra az Egyes\u00fclt \u00c1llamokkal a k\u00e9t orsz\u00e1g k\u00f6z\u00f6tti r\u00e9g\u00f3ta fenn\u00e1ll\u00f3 kapcsolatot t\u00fckr\u00f6zi.<\/p>","protected":false},"author":1,"featured_media":2967,"parent":24084,"menu_order":0,"comment_status":"closed","ping_status":"closed","template":"elementor_theme","meta":{"_eb_attr":"","footnotes":""},"class_list":["post-9322","page","type-page","status-publish","has-post-thumbnail"],"_links":{"self":[{"href":"https:\/\/travelshelper.com\/hu\/wp-json\/wp\/v2\/pages\/9322","targetHints":{"allow":["GET"]}}],"collection":[{"href":"https:\/\/travelshelper.com\/hu\/wp-json\/wp\/v2\/pages"}],"about":[{"href":"https:\/\/travelshelper.com\/hu\/wp-json\/wp\/v2\/types\/page"}],"author":[{"embeddable":true,"href":"https:\/\/travelshelper.com\/hu\/wp-json\/wp\/v2\/users\/1"}],"replies":[{"embeddable":true,"href":"https:\/\/travelshelper.com\/hu\/wp-json\/wp\/v2\/comments?post=9322"}],"version-history":[{"count":0,"href":"https:\/\/travelshelper.com\/hu\/wp-json\/wp\/v2\/pages\/9322\/revisions"}],"up":[{"embeddable":true,"href":"https:\/\/travelshelper.com\/hu\/wp-json\/wp\/v2\/pages\/24084"}],"wp:featuredmedia":[{"embeddable":true,"href":"https:\/\/travelshelper.com\/hu\/wp-json\/wp\/v2\/media\/2967"}],"wp:attachment":[{"href":"https:\/\/travelshelper.com\/hu\/wp-json\/wp\/v2\/media?parent=9322"}],"curies":[{"name":"wp","href":"https:\/\/api.w.org\/{rel}","templated":true}]}}