{"id":9282,"date":"2024-09-07T20:34:39","date_gmt":"2024-09-07T20:34:39","guid":{"rendered":"https:\/\/travelshelper.com\/staging\/?page_id=9282"},"modified":"2026-03-13T15:01:15","modified_gmt":"2026-03-13T15:01:15","slug":"costa-rica","status":"publish","type":"page","link":"https:\/\/travelshelper.com\/hu\/destinations\/north-america\/costa-rica\/","title":{"rendered":"Costa Rica"},"content":{"rendered":"<p>Costa Rica, egy alig \u00f6tvenezer n\u00e9gyzetkilom\u00e9teres orsz\u00e1g, amely m\u00e9gis \u00f6kol\u00f3giai \u00e9s kultur\u00e1lis soksz\u00edn\u0171s\u00e9ggel teli, alig t\u00f6bb mint \u00f6tmilli\u00f3 lakost tart fenn z\u00f6ldell\u0151 t\u00e1jain \u2013 m\u00e9gis, San Jos\u00e9ban egyed\u00fcl t\u00f6bb mint h\u00e1romsz\u00e1z\u00f6tvenezer l\u00e9lek tal\u00e1lkozik naponta a v\u00e1rosi \u00e9let ritmus\u00e1ban, m\u00edg k\u00f6zel k\u00e9tmilli\u00f3an \u00e9lnek a t\u00e1gabb nagyv\u00e1rosi \u00f6lel\u00e9sben. \u00c9szakon Nicaragua hull\u00e1mz\u00f3 dombjai \u00e9s d\u00e9lkeleten Panama tr\u00f3pusi s\u00edkvid\u00e9kei k\u00f6z\u00f6tt egyens\u00falyozva, keleten \u00e9s nyugaton a Karib-t\u00e9rs\u00e9g \u00e9s a Csendes-\u00f3ce\u00e1n partjai \u00f6lel\u00e9s\u00e9ben, ez a karcs\u00fa k\u00f6zt\u00e1rsas\u00e1g kontinent\u00e1lis keresztez\u0151d\u00e9sekkel \u00e9s szigetszuverenit\u00e1st is birtokol, tengeri ter\u00fclet\u00e9t pedig eg\u00e9szen a K\u00f3kusz-szigetekig kiterjesztve, ahol Ecuador hat\u00e1ra d\u00e9l fel\u00e9 h\u00faz\u00f3dik. A stabil eln\u00f6ki demokr\u00e1cia, amelyet egy tudom\u00e1nyos eredm\u00e9nyeir\u0151l h\u00edres munkaer\u0151 finansz\u00edroz \u2013 az oktat\u00e1s a k\u00f6zp\u00e9nzek k\u00f6zel h\u00e9t sz\u00e1zal\u00e9k\u00e1t ig\u00e9nyli, szemben a glob\u00e1lis \u00e1tlaggal, amely alig t\u00f6bb mint n\u00e9gy sz\u00e1zal\u00e9k \u2013, Costa Rica az agr\u00e1rgazdas\u00e1gb\u00f3l a p\u00e9nz\u00fcgyek, a gy\u00f3gyszeripar, a v\u00e1llalati szolg\u00e1ltat\u00e1sok \u00e9s az \u00f6koturizmus mozaikj\u00e1v\u00e1 alakult, mindezt az ad\u00f3kedvezm\u00e9nyes szabadkereskedelmi \u00f6vezetek t\u00e1mogatj\u00e1k.<\/p>\n<p>Ebben a sz\u0171kszav\u00fa bevezet\u0151ben rejlik Costa Rica egyedis\u00e9g\u00e9nek l\u00e9nyege: egy olyan orsz\u00e1g, amely 1949-ben egy r\u00f6vid polg\u00e1rh\u00e1bor\u00fa ut\u00e1n megsz\u00fcntette a hadsereg\u00e9t, \u00e9s ehelyett az emberi fejl\u0151d\u00e9sbe, a k\u00f6rnyezetv\u00e9delembe \u00e9s a t\u00e1rsadalmi koh\u00e9zi\u00f3ba fektetett be. Az\u00f3ta szokatlan utat j\u00e1rt be szomsz\u00e9dai k\u00f6z\u00f6tt \u2013 lemondott a fegyveres er\u0151kr\u0151l, \u00e1polta az alkotm\u00e1nyos demokr\u00e1ci\u00e1t, \u00e9s az emberi j\u00f3l\u00e9tet szinte szent szintre emelte. Emberi Fejl\u0151d\u00e9si Indexe a vil\u00e1g hatvan legjobb nemzete k\u00f6z\u00e9 sorolja, m\u00edg Latin-Amerik\u00e1ban az \u00f6t\u00f6dik helyen \u00e1ll, megel\u0151zve a hasonl\u00f3 j\u00f6vedelm\u0171 orsz\u00e1gokat mind a fejl\u0151d\u00e9s, mind az egyenl\u0151s\u00e9g ter\u00e9n. K\u00fcl\u00f6nb\u00f6z\u0151 indexek szerint a legboldogabb nemzetnek ki\u00e1ltott\u00e1k ki, polg\u00e1rai a \u201ePura Vida\u201d kifejez\u00e9st nem l\u00f6kh\u00e1r\u00edt\u00f3matrica-szlogenk\u00e9nt, hanem meg\u00e9lt filoz\u00f3fiak\u00e9nt, a m\u00e1shol megszokott nyom\u00e1sokt\u00f3l mentes mindennapi \u00f6r\u00f6m bizony\u00edt\u00e9kak\u00e9nt fogadj\u00e1k el.<\/p>\n<p>A szubkontinens pulzusa gyakran lelassul, ahol hegyek emelkednek, \u00e9s Costa Rica sz\u00edv\u00e9ben bontakozik ki a K\u00f6zponti-v\u00f6lgy \u2013 a v\u00e1rosok \u00e9s a k\u00e1v\u00e9termeszt\u0151 felf\u00f6ldek hatalmas b\u00f6lcs\u0151je, vulk\u00e1nok gy\u0171r\u0171j\u00e9ben. Itt San Jos\u00e9 nem t\u00e1voli f\u0151v\u00e1rosk\u00e9nt, hanem a nemzeti identit\u00e1s olvaszt\u00f3t\u00e9gelyek\u00e9nt uralkodik: f\u00e1kkal szeg\u00e9lyezett sug\u00e1rutak, gyarmati kori sz\u00ednh\u00e1zak \u00e9s m\u00fazeumok sokas\u00e1ga, amelyek a k\u00f6zt\u00e1rsas\u00e1g spanyol gyarmatt\u00f3l a modern \u00e1llamig vezet\u0151 \u00fatj\u00e1t mutatj\u00e1k. Alajuela, Cartago \u2013 egykor az \u00e1llam sz\u00e9khelye \u2013, Heredia \u00e9s San Ram\u00f3n teszik teljess\u00e9 a v\u00f6lgyet ural\u00f3 v\u00e1rosok n\u00e9gyes\u00e9t, amelyek mindegyike saj\u00e1t \u00f6r\u00f6ks\u00e9get hordoz: Cartago barokk bazilik\u00e1ja, Alajuela rep\u00fcl\u0151tereinek kapui, Heredia k\u00e1v\u00e9\u00fcltetv\u00e9nyei, San Ram\u00f3n mez\u0151gazdas\u00e1gi v\u00e1s\u00e1rai. Ezeken a v\u00e1rosi k\u00f6zpontokon t\u00fal a f\u00f6ld a Csendes-\u00f3ce\u00e1n fel\u00e9 bontakozik ki a Guanacaste r\u00e9gi\u00f3ban, ahol a sz\u00e1raz erd\u0151k csendben \u00e1tadj\u00e1k hely\u00fcket a kaktuszokkal tark\u00edtott s\u00edks\u00e1goknak \u00e9s a hull\u00e1mver\u00e9ssel szeg\u00e9lyezett partoknak; Lim\u00f3n fel\u00e9 a karibi oldalon, ahol az afro-karibi ritmusok \u00e9s nyelvek a nemzet heterog\u00e9n gy\u00f6kereit mutatj\u00e1k; \u00e9s a hegyvid\u00e9ki \u00c9szak fel\u00e9, ahol az Arenal t\u00f6k\u00e9letes k\u00fapja h\u0151forr\u00e1sok \u00e9s k\u00f6derd\u0151k felett uralkodik.<\/p>\n<p>Costa Rica, a Cerro Chirrip\u00f3 h\u00e1romezer-nyolcsz\u00e1ztizenkilenc m\u00e9teres cs\u00facs\u00e1n\u00e1l magasod\u00f3 magaslat, mened\u00e9ket ny\u00fajt az Iraz\u00fa vulk\u00e1n magasod\u00f3 cs\u00facs\u00e1nak is, m\u00edg az Arenal-t\u00f3 tektonikus dr\u00e1ma sz\u00fclte nyugodt felsz\u00edn\u00e9n t\u00fckr\u00f6zi az eget. A tizenn\u00e9gy elnevezett vulk\u00e1n fele az elm\u00falt h\u00e1romnegyed \u00e9vsz\u00e1zadban mozgott, \u00e9s minden kit\u00f6r\u00e9s \u00faj kont\u00farokat v\u00e9s a f\u00f6ld v\u00e1szn\u00e1ra. Az orsz\u00e1g szigor\u00faan tr\u00f3pusi \u00e9ghajlata az \u00e9vet sz\u00e1raz \u00e9s nedves \u00e9vszakokra osztja \u2013 a decemberi ropog\u00f3s reggelekt\u0151l az \u00e1prilisi napperzsel\u0151 d\u00e9lekig, majd az es\u0151z\u00e9sekig, amelyek november visszavonul\u00e1s\u00e1ig tartanak. Az ilyen kett\u0151ss\u00e9gek azonban \u00e1rnyalts\u00e1got \u00e1rulnak el: az \u00e9vszakhoz nem ill\u0151 z\u00e1porok szak\u00edtj\u00e1k meg a sz\u00e1raz h\u00f3napokat, az es\u0151s \u00e9vszakban pedig m\u00fal\u00e9kony napsugarak v\u00e1jnak sziv\u00e1rv\u00e1nyt az es\u0151s \u00e9gboltra.<\/p>\n<p>Costa Rica domborzata \u00e9s t\u00f6rt\u00e9nelmi p\u00e1ly\u00e1ja a gazdas\u00e1gi vitalit\u00e1st a K\u00f6zponti-v\u00f6lgybe terelte, de igazi gazdags\u00e1ga ter\u00fclet\u00e9nek k\u00f6zel huszonh\u00e9t sz\u00e1zal\u00e9k\u00e1ban rejlik, amelyet nemzeti parkk\u00e9nt \u00e9s rezerv\u00e1tumk\u00e9nt tartanak fenn \u2013 ez a F\u00f6ld legnagyobb v\u00e9dett f\u00f6ldter\u00fclete. Ezeken a mened\u00e9khelyeken bel\u00fcl a glob\u00e1lis terep mind\u00f6ssze 0,03 sz\u00e1zal\u00e9ka ad otthont az \u00f6sszes faj k\u00f6zel \u00f6t sz\u00e1zal\u00e9k\u00e1nak, a Monteverde k\u00f6derd\u0151iben \u00e9l\u0151 ragyog\u00f3 quetzalokt\u00f3l a Tortuguero fekete homokos strandjain f\u00e9szkel\u0151 k\u00e9rgestekn\u0151s\u00f6kig. Manuel Antonio dzsungellelejt\u0151i a tenger fel\u00e9 lejt\u0151sek, m\u00edg Corcovado t\u00e1voli vadonja tap\u00edroknak, jagu\u00e1roknak \u00e9s skarl\u00e1tv\u00f6r\u00f6s ar\u00e1knak ad otthont \u2013 az \u00f3kor visszhangjai, amikor a mezoamerikai \u00e9s a d\u00e9l-amerikai kult\u00far\u00e1k tal\u00e1lkoztak a Nicoya-f\u00e9lszigeten, \u00e9s a hisp\u00e1n el\u0151tti b\u00e9lyeget nyomt\u00e1k ezekre a partokra.<\/p>\n<p>J\u00f3val a konkviszt\u00e1dorok tizenhatodik sz\u00e1zadi meg\u00e9rkez\u00e9se el\u0151tt a t\u00f6rzsf\u0151n\u00f6k\u00f6k arannyal, ker\u00e1mi\u00e1val \u00e9s s\u00f3val kereskedtek ezeken a partokon; a spanyol korona perif\u00e9ri\u00e1ra helyezte gyarmat\u00e1t, csak ritka telep\u00fcl\u00e9seket enged\u00e9lyezve. Az 1821-es f\u00fcggetlens\u00e9g elnyer\u00e9s\u00e9vel \u2013 el\u0151sz\u00f6r Agust\u00edn de Iturbide mexik\u00f3i birodalm\u00e1nak r\u00e9szek\u00e9nt, majd egy m\u00fal\u00e9kony k\u00f6z\u00e9p-amerikai f\u00f6der\u00e1ci\u00f3 r\u00e9szek\u00e9nt \u2013 Costa Rica v\u00e9g\u00fcl 1847-ben kinyilv\u00e1n\u00edtotta teljes szuverenit\u00e1s\u00e1t. Ezt egy \u00e9vsz\u00e1zad k\u00f6vette, amelyet a k\u00e1v\u00e9export, a k\u00fclf\u00f6ldi vas\u00fati v\u00e1llalkoz\u00e1sok \u00e9s a k\u00e1v\u00e9elit fokozatos felemelked\u00e9se jellemzett, amely az \u00edr\u00e1stud\u00e1st \u00e9s a polg\u00e1ri int\u00e9zm\u00e9nyeket hozta l\u00e9tre. Az igazi szak\u00edt\u00e1s azonban 1948-ban k\u00f6vetkezett be, amikor egy tizenegy napos v\u00e1laszt\u00e1si v\u00e1ls\u00e1g polg\u00e1rh\u00e1bor\u00faba torkollott; ennek eredm\u00e9nyek\u00e9nt olyan alkotm\u00e1ny sz\u00fcletett, amely betiltotta a hadsereget, az er\u0151forr\u00e1sokat az iskol\u00e1k \u00e9s k\u00f3rh\u00e1zak fel\u00e9 ir\u00e1ny\u00edtotta \u00e1t, \u00e9s a nemzetre a b\u00e9ke modern ethosz\u00e1t hagyta \u00f6r\u00f6k\u00fcl.<\/p>\n<p>Az \u00f6tven \u00e9vvel ezel\u0151tti d\u00f6nt\u00e9s \u00f3ta Costa Rica egy er\u0151s demokr\u00e1ci\u00e1t \u00e9p\u00edtett ki. Szabad sajt\u00f3ja a vil\u00e1g legszabadabbjai k\u00f6z\u00e9 tartozik, v\u00e1laszt\u00e1si folyamatai csalhatatlanul \u00e1tl\u00e1that\u00f3ak, int\u00e9zm\u00e9nyei pedig \u2013 az igazs\u00e1gszolg\u00e1ltat\u00e1st\u00f3l a f\u00fcggetlen fel\u00fcgyel\u0151 szervekig \u2013 elnyerik a k\u00f6zv\u00e9lem\u00e9ny bizalm\u00e1t. Ez a bizalom alapozza meg az orsz\u00e1g folyamatos teljes\u00edtm\u00e9ny\u00e9t a glob\u00e1lis mutat\u00f3kban: a sajt\u00f3szabads\u00e1g ter\u00e9n a top 25-ben szerepel, magas pontsz\u00e1mokat \u00e9r el a korm\u00e1nyz\u00e1si int\u00e9zked\u00e9sek ter\u00e9n, \u00e9s folyamatosan elismerik a polg\u00e1rok szubjekt\u00edv j\u00f3l\u00e9t\u00e9t. M\u00edg m\u00e1s k\u00f6z\u00e9p-amerikai \u00e1llamok megt\u00e1ntorodtak a politikai er\u0151szak \u00e9s a gazdas\u00e1gi turbulencia k\u00f6zepette, Costa Rica meg\u0151rizte stabilit\u00e1s\u00e1t, k\u00fclf\u00f6ldi befektet\u00e9seket vonzva cs\u00facstechnol\u00f3giai parkjaiba \u00e9s gy\u00f3gyszeripari klasztereibe.<\/p>\n<p>A j\u00f3l\u00e9t azonban nem tette Costa Ric\u00e1t immuniss\u00e1 a k\u00f6rnyezeti s\u00e9r\u00fcl\u00e9kenys\u00e9ggel szemben. Az emelked\u0151 h\u0151m\u00e9rs\u00e9klet kih\u00edv\u00e1st jelent a magaslati \u00f6kosziszt\u00e9m\u00e1k sz\u00e1m\u00e1ra, m\u00edg a tengerszint emelked\u00e9se mindk\u00e9t partvid\u00e9ket \u00e9rinti. A megv\u00e1ltozott csapad\u00e9kmint\u00e1k vesz\u00e9lyeztetik Tarraz\u00fa k\u00e1v\u00e9term\u00e9s\u00e9t \u00e9s Lim\u00f3n ban\u00e1n\u00fcltetv\u00e9nyeit; \u00e1rvizek, f\u00f6ldcsuszaml\u00e1sok, ciklonok \u00e9s asz\u00e1lyok mostanra meghat\u00e1rozz\u00e1k az egykor kisz\u00e1m\u00edthat\u00f3 szezonalit\u00e1st. Costa Rica-iak k\u00f6zel n\u00e9gy\u00f6t\u00f6de olyan z\u00f3n\u00e1kban \u00e9l, amelyek egyre ink\u00e1bb ki vannak t\u00e9ve az ilyen vesz\u00e9lyeknek, \u00e9s a nemzeti GDP hasonl\u00f3 ar\u00e1nya f\u00fcgg az \u00e9ghajlati v\u00e1ltoz\u00e1soknak kitett \u00e1gazatokt\u00f3l. A korm\u00e1ny v\u00e1lasza mag\u00e1ban foglalt ambici\u00f3zus dekarboniz\u00e1ci\u00f3s politik\u00e1kat, amelyek c\u00e9lja a nett\u00f3 nulla kibocs\u00e1t\u00e1s az \u00e9vsz\u00e1zad k\u00f6zep\u00e9re, valamint a meg\u00fajul\u00f3 energiaforr\u00e1sokra val\u00f3 k\u00f6zel egyetemes t\u00e1maszkod\u00e1s \u2013 az \u00e1ram kilencven\u00f6t sz\u00e1zal\u00e9ka ma m\u00e1r v\u00edzb\u0151l, geotermikus h\u0151b\u0151l, sz\u00e9lb\u0151l, napsug\u00e1rz\u00e1sb\u00f3l \u00e9s biomassz\u00e1b\u00f3l sz\u00e1rmazik. M\u00e9gis, 2024-ben az asz\u00e1ly okozta jegyrendszer felt\u00e1rta a hidrol\u00f3giai ciklusokhoz m\u00e9g mindig k\u00f6t\u0151d\u0151 rendszer t\u00f6r\u00e9kenys\u00e9g\u00e9t.<\/p>\n<p>A t\u00e1rsadalom k\u00f6rvonalai t\u00fckr\u00f6zik a k\u00f6rnyezet\u00e9t: a 2022-es n\u00e9psz\u00e1ml\u00e1l\u00e1si adatok \u2013 amelyek kilencven\u00f6t \u00e9v ut\u00e1n els\u0151k\u00e9nt vett\u00e9k sz\u00e1mba az etnikai identit\u00e1st \u2013 a feh\u00e9rek \u00e9s meszticek t\u00f6bbs\u00e9g\u00e9t r\u00f6gz\u00edtik a mulatt, afro-karibi, \u0151slakos, k\u00ednai \u00e9s m\u00e1s sz\u00e1rmaz\u00e1s\u00fa k\u00f6z\u00f6ss\u00e9gek mellett. A csibcsa \u00e9s a nahuatl hat\u00e1sok \u00f6r\u00f6ks\u00e9ge tov\u00e1bb \u00e9l a r\u00e9g\u00e9szeti lel\u0151helyeken \u00e9s a n\u00e9phagyom\u00e1nyokban, m\u00edg Lim\u00f3n afro-costa rica-i lakoss\u00e1ga a tizenkilencedik sz\u00e1zadi jamaicai munkamigr\u00e1ci\u00f3b\u00f3l sz\u00e1rmaz\u00f3 angol alap\u00fa kreol nyelvet \u0151rzi. A spanyol nyelv \u00e9s a katolikus szertart\u00e1sok domin\u00e1lnak \u2013 a gyarmati korszak visszhangjai \u2013, m\u00e9gis a nemzet kultur\u00e1lis sz\u00f6vete afrikai, \u00e1zsiai \u00e9s amerikai sz\u00e1lakat sz\u0151tt a konyh\u00e1j\u00e1ba, zen\u00e9j\u00e9be \u00e9s mindennapi \u00e9let\u00e9be.<\/p>\n<p>A marimbazene a v\u00e1rosi tereken visszhangzik; a soca, a salsa, a cumbia \u00e9s a bachata \u00e9l\u00e9nk\u00edti a t\u00e1ncparketteket, b\u00e1r furcsa m\u00f3don ink\u00e1bb az id\u0151sebb gener\u00e1ci\u00f3k, mint a fiatalok k\u00f6r\u00e9ben. A git\u00e1r tov\u00e1bbra is a n\u00e9pt\u00e1ncok minden\u00fctt jelenl\u00e9v\u0151 t\u00e1rsa, de a marimba, fa billenty\u0171ivel \u00e9s rezon\u00e1ns hangkamr\u00e1ival, nemzeti hangszerk\u00e9nt \u00e1ll \u2013 dallamai a Costa Rica-i identit\u00e1s hangz\u00e1sbeli jelk\u00e9pei. A m\u0171v\u00e9szetek int\u00e9zm\u00e9nyi t\u00e1mogat\u00e1sa a Kultur\u00e1lis, Ifj\u00fas\u00e1gi \u00e9s Sportminiszt\u00e9riumb\u00f3l sz\u00e1rmazik, amely a vizu\u00e1lis \u00e9s sz\u00ednpadi m\u0171v\u00e9szetek, a zene, a kultur\u00e1lis \u00f6r\u00f6ks\u00e9g \u00e9s a k\u00f6nyvt\u00e1rak fel\u00fcgyelet\u00e9\u00e9rt felel\u0151s r\u00e9szlegekre oszlik; a Nemzeti Szimfonikus \u00e9s Ifj\u00fas\u00e1gi Zenekarok a kult\u00fara \u00e9s a fiatalok bevon\u00e1s\u00e1nak szinergi\u00e1j\u00e1t p\u00e9ld\u00e1zz\u00e1k.<\/p>\n<p>Costa Rica t\u00e1ny\u00e9rj\u00e1n olyan \u00e9telek szerepelnek, amelyek r\u00e9tegzett t\u00f6rt\u00e9nelmekr\u0151l \u00e1rulkodnak: az \u0151shonos tamales a spanyol eredet\u0171 gabonaf\u00e9l\u00e9k \u00e9s h\u00fasok mellett; a k\u00e9s\u0151bbi karibi \u00e9s afrikai hat\u00e1sok a f\u0171szerekben \u00e9s p\u00f6rk\u00f6ltekben nyilv\u00e1nulnak meg. A rizs \u00e9s a bab \u2013 gallo pinto \u2013 alkotja a nemzeti reggelit, m\u00edg a casados \u200b\u200bh\u00fasokat, f\u0151z\u0151ban\u00e1nokat \u00e9s sal\u00e1t\u00e1kat kombin\u00e1l egy d\u00e9li lakom\u00e1hoz. Az utcai \u00fcd\u00edt\u0151italok friss ceviche-t \u00e9s empanad\u00e1t szolg\u00e1lnak fel, a tengerparti v\u00e1rosokban pedig k\u00f3kuszos, s\u00f3s l\u00e9ben \u00e9s naps\u00fct\u00e9sben gazdag tengeri herkenty\u0171ket szolg\u00e1lnak fel. Minden recept a migr\u00e1ci\u00f3 \u00e9s az alkalmazkod\u00e1s visszhangj\u00e1t hordozza mag\u00e1ban, egy olyan t\u00e1rsadalom\u00e9t, amely \u00faj alapanyagokat \u2013 \u00e9s \u00faj embereket \u2013 fogadott be an\u00e9lk\u00fcl, hogy lemondott volna alapvet\u0151 \u00edzeir\u0151l.<\/p>\n<p>A turist\u00e1k ma m\u00e1r \u00f6z\u00f6nlenek abba az orsz\u00e1gba, amelyet a National Geographic a vil\u00e1g legboldogabb orsz\u00e1gak\u00e9nt magasztalt, ahol a \u201ePura Vida\u201d egyszerre k\u00f6sz\u00f6nt\u00e9s \u00e9s mantra, eml\u00e9keztet\u0151\u00fcl arra, hogy az egyszer\u0171 \u00f6r\u00f6m\u00f6k \u2013 a napmeleg strandok, a k\u00f6dbe burkol\u00f3z\u00f3 k\u00f6derd\u0151k, a rep\u00fcl\u00e9s k\u00f6zbeni skarl\u00e1tv\u00f6r\u00f6s ara l\u00e1tv\u00e1nya \u2013 fel\u00fclm\u00falj\u00e1k a modern \u00e9let terheit. Cahuita korallz\u00e1tonyait\u00f3l Chirrip\u00f3 sz\u00e9lj\u00e1rta cs\u00facs\u00e1ig; a K\u00f3kusz-szigetek t\u00e1voli fekv\u00e9seit\u0151l Corcovado buja folyos\u00f3iig Costa Rica egy olyan \u00fatvonalat k\u00edn\u00e1l, amely t\u00falmutat a hagyom\u00e1nyos turizmuson. Az olyan \u00fatvonalak, mint a Camino de Costa Rica, az Atlanti-\u00f3ce\u00e1nt\u00f3l a Csendes-\u00f3ce\u00e1nig szelik \u00e1t a f\u00f6ldszoroszt, m\u00edg a Camino del Cielo y Colibr\u00edes \u00fatvonalon val\u00f3 utaz\u00e1s mad\u00e1rl\u00e1tv\u00e1nyoss\u00e1got t\u00e1r fel a hegygerincek ment\u00e9n.<\/p>\n<p>Az orsz\u00e1g legnagyobb aj\u00e1nd\u00e9ka m\u00e9gis tov\u00e1bbra is az elk\u00f6telezetts\u00e9ge a harm\u00f3nia ir\u00e1nt \u2013 az emberek, a korm\u00e1nyz\u00e1s \u00e9s a term\u00e9szet k\u00f6z\u00f6tt \u2013 egy olyan egyens\u00faly, amelyet a polg\u00e1rh\u00e1bor\u00fak ut\u00e1n teremtettek meg, amelyet a fegyverek elt\u00f6rl\u00e9se szentes\u00edtett, \u00e9s amelyet gener\u00e1ci\u00f3kon \u00e1t tart\u00f3 lelkiismeretes gazd\u00e1lkod\u00e1s tartott fenn. Kis k\u00f6zt\u00e1rsas\u00e1g sz\u00e1razf\u00f6lddel, de hatalmas j\u00f6v\u0151k\u00e9ppel: egy \u00e9l\u0151 laborat\u00f3rium, ahol a demokr\u00e1cia, a fejl\u0151d\u00e9s \u00e9s a biol\u00f3giai sokf\u00e9les\u00e9g egy\u00fctt \u00e9l. Costa Ric\u00e1ban az \u00e9let emberi l\u00e9pt\u00e9kben zajlik, a mad\u00e1rdal \u00fctem\u00e9ben \u00e9s a foly\u00f3k foly\u00e1s\u00e1ban m\u00e9rik, nem pedig a fegyverek csattog\u00e1s\u00e1ban \u2013 ami k\u00e9ts\u00e9gtelen\u00fcl bizony\u00edtja, hogy az igazi biztons\u00e1g nem a b\u00e1sty\u00e1kban, hanem az iskol\u00e1kban, a k\u00f3rh\u00e1zakban \u00e9s a vadon meg\u0151rz\u00e9s\u00e9ben rejlik. Az \u00e9vszakok v\u00e1ltoz\u00e1sa \u00e9s fogy\u00e1sa k\u00f6zepette polg\u00e1rai napr\u00f3l napra meger\u0151s\u00edtik a Pura Vida \u2013 a tiszta \u00e9let \u2013 egyszer\u0171 hitvall\u00e1s\u00e1t, \u00e9s ezzel egy olyan utat jel\u00f6lnek ki, amely hat\u00e1raikon t\u00fal is inspir\u00e1l.<\/p>","protected":false},"excerpt":{"rendered":"<p>Costa Rica, hivatalos nev\u00e9n Costa Rica K\u00f6zt\u00e1rsas\u00e1g, egy leny\u0171g\u00f6z\u0151 orsz\u00e1g \u00c9szak-Amerika k\u00f6z\u00e9p-amerikai r\u00e9gi\u00f3j\u00e1ban. A neve, amely \u201eGazdag Partot\u201d jelent, az orsz\u00e1g b\u0151s\u00e9ges term\u00e9szeti sz\u00e9ps\u00e9g\u00e9re \u00e9s er\u0151forr\u00e1saira utal. \u00c9szakr\u00f3l Nicaragua, \u00e9szakkeletr\u0151l a Karib-tenger, d\u00e9lkeletr\u0151l Panama, d\u00e9lnyugatr\u00f3l pedig a Csendes-\u00f3ce\u00e1n hat\u00e1rolja, valamint a K\u00f3kusz-szigett\u0151l d\u00e9lre Ecuadorral is tengeri hat\u00e1ron \u00e1ll. Ez a f\u00f6ldrajzi elhelyezked\u00e9s v\u00e1ltozatos \u00f6kosziszt\u00e9m\u00e1kkal \u00e9s gazdag biol\u00f3giai sokf\u00e9les\u00e9ggel ruh\u00e1zott fel Costa Ric\u00e1t, amely a vil\u00e1g minden t\u00e1j\u00e1r\u00f3l vonzza a term\u00e9szet szerelmeseit.<\/p>","protected":false},"author":1,"featured_media":4241,"parent":24084,"menu_order":0,"comment_status":"closed","ping_status":"closed","template":"elementor_theme","meta":{"_eb_attr":"","footnotes":""},"class_list":["post-9282","page","type-page","status-publish","has-post-thumbnail"],"_links":{"self":[{"href":"https:\/\/travelshelper.com\/hu\/wp-json\/wp\/v2\/pages\/9282","targetHints":{"allow":["GET"]}}],"collection":[{"href":"https:\/\/travelshelper.com\/hu\/wp-json\/wp\/v2\/pages"}],"about":[{"href":"https:\/\/travelshelper.com\/hu\/wp-json\/wp\/v2\/types\/page"}],"author":[{"embeddable":true,"href":"https:\/\/travelshelper.com\/hu\/wp-json\/wp\/v2\/users\/1"}],"replies":[{"embeddable":true,"href":"https:\/\/travelshelper.com\/hu\/wp-json\/wp\/v2\/comments?post=9282"}],"version-history":[{"count":0,"href":"https:\/\/travelshelper.com\/hu\/wp-json\/wp\/v2\/pages\/9282\/revisions"}],"up":[{"embeddable":true,"href":"https:\/\/travelshelper.com\/hu\/wp-json\/wp\/v2\/pages\/24084"}],"wp:featuredmedia":[{"embeddable":true,"href":"https:\/\/travelshelper.com\/hu\/wp-json\/wp\/v2\/media\/4241"}],"wp:attachment":[{"href":"https:\/\/travelshelper.com\/hu\/wp-json\/wp\/v2\/media?parent=9282"}],"curies":[{"name":"wp","href":"https:\/\/api.w.org\/{rel}","templated":true}]}}