{"id":9276,"date":"2024-09-07T20:23:27","date_gmt":"2024-09-07T20:23:27","guid":{"rendered":"https:\/\/travelshelper.com\/staging\/?page_id=9276"},"modified":"2026-03-13T15:44:11","modified_gmt":"2026-03-13T15:44:11","slug":"barakoa","status":"publish","type":"page","link":"https:\/\/travelshelper.com\/hu\/destinations\/north-america\/cuba\/baracoa\/","title":{"rendered":"Barakoa"},"content":{"rendered":"<p>Baracoa, amely Kuba legkeletibb cs\u00fccsk\u00e9ben, Guant\u00e1namo tartom\u00e1nyban fekszik, mintegy 977 n\u00e9gyzetkilom\u00e9tert foglal mag\u00e1ban, \u00e9s 78 056 lakos\u00e1nak ad otthont. Ott fekszik, ahol a M\u00e9z-\u00f6b\u00f6l lank\u00e1s hull\u00e1mai tal\u00e1lkoznak egy z\u00f6ldell\u0151 hegyi g\u00e1ttal, amely elv\u00e1lasztja a sziget nagy r\u00e9sz\u00e9t\u0151l. Az 1511. augusztus 15-\u00e9n Diego Vel\u00e1zquez de Cu\u00e9llar konkviszt\u00e1dor \u00e1ltal alap\u00edtott telep\u00fcl\u00e9s Kuba els\u0151 spanyol telep\u00fcl\u00e9s\u00e9nek \u00e9s eredeti f\u0151v\u00e1ros\u00e1nak kit\u00fcntet\u0151 von\u00e1sa \u2013 innen ered a Ciudad Primada elnevez\u00e9se is. A v\u00e1ros eredeti c\u00edme, a Nuestra Se\u00f1ora de la Asunci\u00f3n de Baracoa, \u0151rzi a hit \u00e9s a birodalom \u00f6sszefon\u00f3d\u00e1s\u00e1t, amely sz\u00fclet\u00e9s\u00e9t jellemezte, m\u00edg a ta\u00edno kifejez\u00e9s, amelyb\u0151l a neve sz\u00e1rmazik, a \u201etenger jelenl\u00e9t\u00e9re\u201d utal. Az 1492 november\u00e9ben t\u00f6rt\u00e9nt els\u0151 tal\u00e1lkoz\u00e1st\u00f3l napjainkig Baracoa l\u00e9nyege az \u00f3ce\u00e1n \u00e9s a hegy egyes\u00fcl\u00e9s\u00e9ben krist\u00e1lyosodik ki.<\/p>\n<p>M\u00e9g amikor a partvonal meg\u00e1llt Kolumbusz karavell\u00e1i el\u0151tt, a k\u00f6rnyez\u0151 cs\u00facsok \u2013 bele\u00e9rtve a Sierra del Purialt is \u2013 term\u00e9szetes v\u00e9d\u0151b\u00e1sty\u00e1t alkottak, mened\u00e9ket \u00e9s elszigetelts\u00e9get egyar\u00e1nt ny\u00fajtva. A kubai nedves erd\u0151k p\u00e1r\u00e1s \u00f6lel\u00e9se \u00e9s a kubai fenyvesek fens\u00e9ges \u00e1llom\u00e1nyai bebor\u00edtj\u00e1k a hegygerinceket, ahol a szigettel val\u00f3 egyetlen sz\u00e1razf\u00f6ldi kapcsolat a La Farola, az 1960-as \u00e9vekben v\u00e1jt kanyarg\u00f3s aut\u00f3p\u00e1lya. Miel\u0151tt ez a m\u00e9rn\u00f6ki csoda Baraco\u00e1t Guant\u00e1nam\u00f3val k\u00f6t\u00f6tte volna \u00f6ssze, a v\u00e1ros kapui sz\u00e9l \u00e9s tenger fel\u0151l fek\u00fcdtek, \u00e9s a kereskedelem titkos csatorn\u00e1kon kereszt\u00fcl zajlott. A tizenhetedik sz\u00e1zadt\u00f3l kezdve a k\u00fclf\u00f6ldi haj\u00f3k, amelyek az \u00f6b\u00f6lbe siklottak, cukrot, rumat \u00e9s csemp\u00e9sz\u00e1ru kaka\u00f3t kereskedtek, mened\u00e9ket tal\u00e1lva olyan er\u0151d\u00f6k tekint\u00e9lye alatt, mint a Matach\u00edn \u00e9s a La Punta, melyek k\u0151falai fennmaradtak, hogy besz\u00e1moljanak ezekr\u0151l a titkos cser\u00e9kr\u0151l.<\/p>\n<p>A ta\u00edn\u00f3i jelenl\u00e9t, melyet az eur\u00f3pai betegs\u00e9gek szinte teljesen eloltottak, tov\u00e1bb \u00e9l az eml\u00e9kezetben \u00e9s a m\u00edtoszokban. Hatuey, a Hispaniol\u00e1b\u00f3l elmenek\u00fclt \u00e9s ezen a parton ellen\u00e1ll\u00e1st gy\u0171jt\u00f6tt, m\u00e1ig meg\u0151rz\u0151dik mind a Parque Independencia szobor\u00e1ban, mind a helyiek k\u00e9pzelet\u00e9ben, amely a m\u00e1glya el\u0151tt dacolva k\u00e9pzeli el \u2013 a pokoli t\u00fczet r\u00e9szes\u00edti el\u0151nyben elnyom\u00f3i megment\u00e9s\u00e9vel szemben. Ez az eml\u00e9km\u0171 a Baracoa eredeti templom\u00e1nak helyre\u00e1ll\u00edtott v\u00e1za \u00e1ltal k\u00f6r\u00fclvett t\u00e9rre n\u00e9z, melynek falai egykor a korai p\u00fcsp\u00f6k\u00f6ket v\u00e9dt\u00e9k, ma pedig az \u00f6nkorm\u00e1nyzati hivatalok \u00e9s az utaz\u00e1sszervez\u0151k felett \u00e1llnak \u0151rszemk\u00e9nt. A m\u00falt \u00e9s a jelen ilyen egym\u00e1s mell\u00e9 helyez\u00e9se bontakozik ki az eg\u00e9sz \u00f3v\u00e1rosban, ahol keskeny utc\u00e1k kanyarognak a szer\u00e9ny lak\u00f3h\u00e1zak k\u00f6z\u00f6tt, bepillant\u00e1st engedve a gyarmati falazatokba, amelyeket az id\u0151 sem t\u00f6r\u00f6lt el, sem nem \u00e1ll\u00edtott helyre nagyszer\u0171en.<\/p>\n<p>Maga Kolumbusz Krist\u00f3f is \u201ea vil\u00e1g legszebb hely\u00e9nek\u201d tartotta ezt a \u00f6bl\u00f6t, \u00e9s meg\u00e1llt, hogy egy keresztet \u2013 a Cruz de la Parr\u00e1t \u2013 verjen a homokba. Ez a helyi f\u00e1b\u00f3l k\u00e9sz\u00fclt, m\u00e9gis legend\u00e1s s\u00faly\u00fa jelk\u00e9p a t\u00e1rskatedr\u00e1lisban maradt fenn, ahol fa karjait tiszteletteljes k\u00edv\u00e1ncsis\u00e1ggal \u00e1ll\u00edtj\u00e1k ki. A templom m\u00f6g\u00f6tt a k\u00e9t\u00e9lt\u0171ek koki-szer\u0171 k\u00f3rusa alkonyatkor visszhangzik a boltozatos haj\u00f3ban, Kolumbusz haj\u00f3napl\u00f3j\u00e1nak visszhangjait \u00e9l\u0151 tan\u00fas\u00e1gt\u00e9tell\u00e9 t\u00f6rve meg. Este a malecon szer\u00e9nyebb megfelel\u0151je Havanna h\u00edres s\u00e9t\u00e1ny\u00e1nak, ahol a helyiek k\u0151korl\u00e1tokra t\u00e1maszkodva figyelik, ahogy a hal\u00e1szok beh\u00fazz\u00e1k a h\u00e1l\u00f3kat, vagy egyszer\u0171en csak \u00e9rzik a permetet a mozdulatlan leveg\u0151n.<\/p>\n<p>A R\u00edo Yumuri, a R\u00edo Miel, a R\u00edo Duaba \u00e9s a R\u00edo Toa hull\u00e1mz\u00f3 talapzata \u00f6nt\u00f6zi azokat az alf\u00f6ldeket, ahol a kaka\u00f3 a kir\u00e1lyi p\u00e1lm\u00e1k alatt vir\u00e1gzik. Ebben az \u00e1rny\u00e9kos aljn\u00f6v\u00e9nyzetben a Theobroma cacao adja azokat a babokat, amelyek Kuba f\u0151 csokol\u00e1d\u00e9ipar\u00e1nak alapj\u00e1t k\u00e9pezik. Az olyan impoz\u00e1ns birtokok, mint a Finca Duaba, t\u00far\u00e1kat szerveznek, amelyek nyomon k\u00f6vetik a bab \u00fatj\u00e1t a vir\u00e1gt\u00f3l az asztalig, m\u00edg az \u00fatsz\u00e9li kioszkok cucuruch\u00f3t \u00e1rulnak \u2013 egy \u00e9des csomagot, amely reszelt k\u00f3kuszdi\u00f3b\u00f3l, cukorb\u00f3l \u00e9s tr\u00f3pusi gy\u00fcm\u00f6lcsdarabokb\u00f3l \u00e1ll, p\u00e1lmalevelekbe csomagolva. Alkonyatkor a p\u00f6rk\u00f6lt kaka\u00f3 illata sz\u00e1ll a keskeny sik\u00e1torokon kereszt\u00fcl, csokol\u00e1d\u00e9val \u00edzes\u00edtett k\u00e1v\u00e9 vagy rum \u00e9jszakai od\u00fcsszei\u00e1it \u00edg\u00e9rve.<\/p>\n<p>A tizenkilencedik sz\u00e1zad k\u00f6zep\u00e9re a Saint-Domingue-b\u0151l a forradalom el\u0151l menek\u00fcl\u0151 emigr\u00e1nsok k\u00e1v\u00e9t \u00e9s cukorn\u00e1dat honos\u00edtottak meg a dombokon. Ezek az \u00fcltetv\u00e9nyesek olyan agr\u00e1rerd\u00e9szeti gyakorlatokat terjesztettek el, amelyek a mai napig alak\u00edtj\u00e1k a kisbirtokok \u00e9s az \u00e1rny\u00e9kos ligetek mozaikj\u00e1t. Ugyanakkor a r\u00e9gi\u00f3 elszigetelts\u00e9ge a f\u00fcggetlens\u00e9gi harcosok sz\u00ednh\u00e1z\u00e1v\u00e1 tette; Antonio Maceo \u00e9s Jos\u00e9 Mart\u00ed is a strandjaira l\u00e9ptek, titkos partrasz\u00e1ll\u00e1saik pedig Baraco\u00e1t Kuba szuverenit\u00e1s\u00e9rt folytatott k\u00fczdelm\u00e9be k\u00f6t\u00f6tt\u00e9k. Ezeknek az epiz\u00f3doknak az eml\u00e9km\u0171vei tov\u00e1bbra is diszkr\u00e9tek, m\u00e9gis er\u0151teljesek: az El Castillo alatt tal\u00e1lhat\u00f3 szer\u00e9ny kenot\u00e1fium, amely most butikhotelk\u00e9nt sz\u00fcletett \u00fajj\u00e1, azoknak a hazafiaknak \u00e1ll\u00edt eml\u00e9ket, akiknek l\u00e9ptei halv\u00e1nyan visszhangoznak a k\u00f6vek k\u00f6z\u00f6tt.<\/p>\n<p>La Farola meg\u00e9p\u00edt\u00e9se v\u00edzv\u00e1laszt\u00f3 pillanatot jelentett, \u00e1talak\u00edtva a v\u00e1ros kapcsolat\u00e1t Kuba t\u00f6bbi r\u00e9sz\u00e9vel. A meredek szakad\u00e9kokon \u00e1t\u00edvel\u0151, tizenegy hidat \u00edvel\u0151, mintegy 600 m\u00e9teres tengerszint feletti magass\u00e1gba vezet\u0151 \u00fat a forradalmi korszak technikai mer\u00e9szs\u00e9g\u00e9t testes\u00edti meg. Hajt\u0171kanyarjai azonban m\u00e9g ma is \u00f3vatos temp\u00f3t k\u00f6vetelnek, felh\u0151takar\u00f3val bor\u00edtott v\u00f6lgyek \u00e9s j\u00e1de k\u00f6dbe olvad\u00f3 gerincek panor\u00e1m\u00e1j\u00e1val jutalmazva az utaz\u00f3kat. Santiago de Cub\u00e1b\u00f3l a buszos utaz\u00e1sok n\u00e9gy \u00f3r\u00e1t vesznek ig\u00e9nybe; a Havann\u00e1b\u00f3l a Gustavo Rizo rep\u00fcl\u0151t\u00e9rre indul\u00f3 j\u00e1ratok ezt kett\u0151re cs\u00f6kkentik, m\u00e9gis mindk\u00e9t \u00e9rkez\u00e9si m\u00f3d meg\u0151rzi az \u00e1tmenet \u00e9rzet\u00e9t \u2013 az alf\u00f6ldi cukorn\u00e1d s\u00edks\u00e1gokt\u00f3l a sziget legeldugottabb enkl\u00e1v\u00e9j\u00e1ig.<\/p>\n<p>A turizmus itt a meghitts\u00e9g jegy\u00e9ben zajlik, nagyr\u00e9szt kis sz\u00e1llod\u00e1kra \u00e9s k\u00fcl\u00f6nleges hangulat\u00fa mag\u00e1nh\u00e1zakra (casas particulares) korl\u00e1toz\u00f3dik. A Hotel Porto Santo \u00e9s a Villa Maguana \u00f6b\u00f6lparti telkeken tal\u00e1lhat\u00f3, alacsony, pasztellsz\u00edn\u0171 homlokzataik megvil\u00e1g\u00edtj\u00e1k a reggeli f\u00e9nyt an\u00e9lk\u00fcl, hogy eltakarn\u00e1k a kil\u00e1t\u00e1st. A k\u00e1v\u00e9z\u00f3kkal szeg\u00e9lyezett parkon t\u00fal tal\u00e1lhat\u00f3 a Flan de Queso, amely a naplement\u00e9k szerelmeseinek k\u00edn\u00e1l k\u00fcl\u00f6nleges hangulatot, m\u00edg a Casa de la Trova a k\u00e9s\u0151 esti \u00f3r\u00e1kban pezsg\u0151 pezsg\u0151vel \u00e9s boler\u00f3val l\u00fcktet. Est\u00e9nk\u00e9nt a v\u00e1ros felett sz\u00e1z l\u00e9p\u00e9ssel magasabban tal\u00e1lhat\u00f3 \u00e9jszakai klub k\u00edv\u00e1ncsi l\u00e1togat\u00f3kat vonzhat, ahol rumos kokt\u00e9lok \u00e9s k\u00f3lakever\u0151k k\u00f6nny\u00edtik meg a t\u00e1ncot a csupasz villanyk\u00f6rt\u00e9k f\u00fcz\u00e9rei alatt.<\/p>\n<p>A term\u00e9szetes \u00e9l\u0151vil\u00e1g t\u00falmutat az ehet\u0151 finoms\u00e1gokon. Az El Yunque, egy 575 m\u00e9ter magas asztalhegy, t\u00edz kilom\u00e9terre nyugatra magasodik, cs\u00facsa csak vezetett t\u00far\u00e1val k\u00f6zel\u00edthet\u0151 meg az endemikus p\u00e1fr\u00e1nyok \u00e9s p\u00e1lm\u00e1k gobelinj\u00e9n kereszt\u00fcl. Ez a m\u00e1sz\u00e1s, amely a kiz\u00e1r\u00f3lag kubaiak sz\u00e1m\u00e1ra fenntartott campism\u00f3n\u00e1l kezd\u0151dik, kitart\u00e1st \u00e9s al\u00e1zatot egyar\u00e1nt ig\u00e9nyel, m\u00e9gis 360 fokos \u00e1ttekint\u00e9st ny\u00fajt a Karib-t\u00e9rs\u00e9g keleti perem\u00e9r\u0151l. \u00c9szakon az Alejandro de Humboldt Nemzeti Park m\u00e9g gazdagabb biodiverzit\u00e1ssal cs\u00e1b\u00edt, ahol polymita csig\u00e1k \u00e9s apr\u00f3 erdei b\u00e9k\u00e1k osztoznak a t\u00e9ren burj\u00e1nz\u00f3 orchide\u00e1kkal \u00e9s hangyabolyhos f\u00e1kkal. Az \u00f6sszek\u00f6t\u0151 utak keskenyek, de egy b\u00e9relt \u0151r vagy egy szervezett csoportos t\u00fara \u00e1ra megt\u00e9r\u00fcl a sz\u0171retlen vadonban.<\/p>\n<p>A r\u00e9gi\u00f3 v\u00edzk\u00e9szleteinek gazdags\u00e1g\u00e1t a v\u00edzes\u00e9sek jelzik. A R\u00edo Toa foly\u00f3ban tal\u00e1lhat\u00f3 az \u201eel Saltadero\u201d, egy 17 m\u00e9teres, j\u00e1de \u00e1rnyalat\u00fa v\u00edzf\u00fcgg\u00f6ny, amely egy p\u00e1lmaf\u00e1kkal szeg\u00e9lyezett medenc\u00e9be zuhan. Feljebb az Arroyo del Infierno zuhan a Salto Fino-n\u00e1l, egy 305 m\u00e9teres lejt\u0151n\u00e9l, amelyet a Karib-t\u00e9rs\u00e9g legmagasabb zuhatag\u00e1nak tartanak, \u00e9s a bolyg\u00f3 h\u00fasz legjobb v\u00edzes\u00e9se k\u00f6z\u00e9 tartozik. A Yumuri-v\u00f6lgyben tett haj\u00f3kir\u00e1ndul\u00e1sok bepillant\u00e1st engednek a vid\u00e9ki falvakba \u00e9s kaka\u00f3\u00fcltetv\u00e9nyekbe, m\u00edg a foly\u00f3parti piknikek fekete homokos \u00f6bl\u00f6kben, p\u00e9ld\u00e1ul Playa de Mielben val\u00f3 megm\u00e1rt\u00f3z\u00e1ssal z\u00e1rulhatnak, ahol a partvonal El Yunque figyelmes sziluettje alatt kanyarog.<\/p>\n<p>A demogr\u00e1fiai kont\u00farok ritk\u00e1n lakott terepet t\u00fckr\u00f6znek. N\u00e9gyzetkilom\u00e9terenk\u00e9nt nagyj\u00e1b\u00f3l nyolcvan lakos\u00e1val Baracoa meg\u0151rizte vid\u00e9ki ritmus\u00e1t, amely \u00e9les ellent\u00e9tben \u00e1ll a v\u00e1rosi k\u00f6zpontokkal. Sz\u00e1mos falu \u2013 k\u00f6zt\u00fck Nibuj\u00f3n, Boca de Yumur\u00ed, Sabanilla \u00e9s Jaragua \u2013 tark\u00edtja a h\u00e1torsz\u00e1got, lak\u00f3h\u00e1zcsoportjaikat f\u00f6ldutak k\u00f6tik \u00f6ssze, \u00e9s k\u00f6z\u00f6ss\u00e9gi templomok szeg\u00e9lyezik. Szezon\u00e1lis piacok jelennek meg tamarindf\u00e1k alatt, ahol a falusiak f\u0151z\u0151ban\u00e1nt, k\u00e1v\u00e9szs\u00e1kokat \u00e9s k\u00e9zzel k\u00e9sz\u00edtett p\u00e1lmalev\u00e9l kalapokat cser\u00e9lnek. Ezekben a cser\u00e9kben a f\u00f6ld \u00e9s a meg\u00e9lhet\u00e9s k\u00f6z\u00f6tti k\u00f6tel\u00e9k k\u00e9zzelfoghat\u00f3 marad, amelyet nem mocskolnak be a t\u00f6megturizmus homogeniz\u00e1l\u00f3 \u00e1ramlatai.<\/p>\n<p>A telep\u00fcl\u00e9s k\u00f6zleked\u00e9si art\u00e9ri\u00e1i a Carretera Centralban cs\u00facsosodnak ki, a sziget gerinc\u00e9n, amely 1435 kilom\u00e9ter hosszan h\u00faz\u00f3dik Baraco\u00e1t\u00f3l Pinar del R\u00ed\u00f3ig. Ban\u00e1nt, k\u00f3kuszdi\u00f3t \u00e9s kaka\u00f3t sz\u00e1ll\u00edt\u00f3 teheraut\u00f3k z\u00f6tyk\u00f6l\u0151dtek el az \u00fatsz\u00e9li kunyh\u00f3k mellett, mik\u00f6zben a kempingek kecsk\u00e9ket terelgetnek a v\u00e1ltoz\u00f3 felh\u0151\u00e1rny\u00e9kok alatt. \u00c9jszaka az aut\u00f3p\u00e1lya padk\u00e1i megtelnek f\u00e9nysz\u00f3r\u00f3kkal, f\u00e9nyes sz\u00e1lat rajzolva ki, amely meger\u0151s\u00edti Baracoa tart\u00f3s kapcsolatait Kuba t\u00e1gabb narrat\u00edv\u00e1j\u00e1val.<\/p>\n<p>A vall\u00e1si \u00e9p\u00edt\u00e9szet \u00e9s a katonai eml\u00e9kek \u00f6sszefon\u00f3dnak a v\u00e1rosk\u00f6zpontban. A Nuestra Se\u00f1ora de la Asunci\u00f3n t\u00e1rskatedr\u00e1lisa Cruz de la Parra f\u00fclbeval\u00f3inak tisztelt maradv\u00e1nyait \u0151rzi \u2013 ez a r\u00e9szlet \u00e1rulkodik a kereszt \u00f6sszetett t\u00f6rt\u00e9net\u00e9r\u0151l, \u00e9s elm\u00e9lked\u00e9sre k\u00e9sztet a legenda kollekt\u00edv eml\u00e9kezetben bet\u00f6lt\u00f6tt hely\u00e9r\u0151l. A v\u00e1rosi m\u00fazeumm\u00e1 \u00e1talak\u00edtott Fort Matach\u00edn spanyol gyarmati erekly\u00e9knek \u00e9s haditenger\u00e9szeti t\u00e1rgyaknak ad otthont, m\u00edg a Fuerte La Punta ma egy \u00e9tteremnek ad otthont, amelynek asztalai egy b\u00e9k\u00e9s \u00f6b\u00f6lre n\u00e9znek. Ezeken t\u00fal az El Castillo \u2013 amely Hotel El Castillo n\u00e9ven \u00fajj\u00e1sz\u00fcletett \u2013 egy meredek lejt\u0151n \u00e1ll, b\u00e1sty\u00e1i panor\u00e1m\u00e1s kil\u00e1t\u00e1st ny\u00fajtanak, amely a strat\u00e9giai n\u00e9z\u0151pontot k\u00f6lt\u0151i nyugalommal \u00f6tv\u00f6zi.<\/p>\n<p>Baracoa perem\u00e9t kontrasztos jelleg\u0171 strandok szeg\u00e9lyezik. \u00c9szakon Playa Duaba \u00e9s Playa Maguana f\u00e9lrees\u0151 \u00f6bl\u00f6kbe h\u00faz\u00f3dnak, ahol a Karib-t\u00e9rs\u00e9g akvamarin kiterjed\u00e9se halv\u00e1ny homokkal tel\u00edt\u0151dik, \u00e9s egy mag\u00e1nyos \u00e9tterem szolg\u00e1lja fel a nap friss fog\u00e1s\u00e1t. D\u00e9lkeleten Playa Blanca tizenk\u00e9t kilom\u00e9terre h\u00faz\u00f3dik bici-taxival \u2013 feh\u00e9r homokkal, p\u00e1lmaf\u00e1k \u00e1rny\u00e9k\u00e1ban \u2013, csendes mened\u00e9ket ny\u00fajtva a v\u00e1ros szer\u00e9ny ny\u00fczsg\u00e9s\u00e9b\u0151l. Playa de Mieln\u00e9l fekete vulkanikus szemcs\u00e9k adnak dr\u00e1mai hat\u00e1st a partvonalra, \u00e1rnyalatuk napkeltekor feler\u0151s\u00f6dik az \u00edg\u00e9rettel aranyozott \u00e9g alatt.<\/p>\n<p>A helyi gasztron\u00f3mia a hagyom\u00e1nyokat \u00e9s a term\u00e9st egyar\u00e1nt tiszteli. A cucurucho a tal\u00e1l\u00e9konys\u00e1g jelk\u00e9pek\u00e9nt jelenik meg, p\u00e1lmalev\u00e9lb\u0151l k\u00e9sz\u00fclt k\u00f3kusztej\u00e9ben guava- \u00e9s anan\u00e1szdarabok vegy\u00fclnek \u00f6ssze, minden egyes falat tr\u00f3pusi mozaikhangulatot \u00e1raszt. A Bac\u00e1n, egy k\u00f6teg f\u0151z\u0151ban\u00e1nh\u00fas, amelyet saj\u00e1t level\u00e9ben p\u00e1rolnak, kem\u00e9ny\u00edt\u0151s ellenpontot k\u00edn\u00e1l a csokol\u00e1d\u00e9val teli churrosnak, m\u00edg a r\u00e9gi\u00f3ban termesztett babb\u00f3l lep\u00e1rolt forr\u00f3 kaka\u00f3cs\u00e9sz\u00e9k a d\u00e9li piacokon k\u00fcl\u00f6nleges hangulatot teremtenek. A kaka\u00f3 sz\u00e1rmaz\u00e1sa \u2013 foly\u00f3kon sz\u00fcletve, p\u00e1lmaf\u00e1k \u00e1rny\u00e9k\u00e1ban, emberi gondoskod\u00e1ssal \u00f6sszefon\u00f3dva \u2013 minden kortyot geol\u00f3giai \u00e9s kultur\u00e1lis m\u00e9lys\u00e9ggel ruh\u00e1z fel.<\/p>\n<p>Azok sz\u00e1m\u00e1ra, akik pirkadat ut\u00e1n is sok\u00e1ig maradnak, a Casa de la Flana \u00e9letre kel a hagyom\u00e1nyos git\u00e1rral \u00e9s tres-szel, a t\u00f6lgyf\u00e1k lombkoron\u00e1ja alatt kalauzolva a vend\u00e9geket a son patrones-on kereszt\u00fcl. Alkonyatkor a Playa de Miel stadionja izgalmas baseballmeccseknek ad otthont, ahol a j\u00e1t\u00e9kosok a homokos alapvonalakat k\u00f6vetik a nemzeti \u00e1h\u00edtat visszhangjak\u00e9nt. Az ilyen apr\u00f3, m\u00e9gis visszhangz\u00f3 pillanatok megragadj\u00e1k Baracoa l\u00e9nyeg\u00e9t: egy hely, ahol az id\u0151 a hegyi patakok \u00e9s a p\u00e1lmaf\u00e1k \u00e1rny\u00e9k\u00e1ban \u00fasz\u00f3 k\u00e1v\u00e9f\u00e1k ment\u00e9n halad, ahol a t\u00f6rt\u00e9nelem korallz\u00e1tonyokkal szeg\u00e9lyezett utc\u00e1kon \u00e9s t\u00e1voli v\u00edzes\u00e9seken kereszt\u00fcl sodr\u00f3dik a k\u00edv\u00e1ncsiakat.<\/p>\n<p>Baraco\u00e1ban a m\u00falt \u00e9l\u0151 \u00e1ramlatk\u00e9nt h\u00f6mp\u00f6ly\u00f6g \u00e1t tereken \u00e9s \u00fcltetv\u00e9nyeken, k\u0151er\u0151d\u00f6k\u00f6n \u00e9s \u00e1rny\u00e9kos dokkokon. Ez egy olyan hely, ahol a f\u00f6ldrajz egyszerre dikt\u00e1lja az elszigetelts\u00e9get \u00e9s a meghitts\u00e9get, ahov\u00e1 a k\u00edv\u00fcl\u00e1ll\u00f3k alig v\u00e1rj\u00e1k, hogy megk\u00f3stolj\u00e1k a csokol\u00e1d\u00e9t a forr\u00e1s\u00e1n\u00e1l, megm\u00e1ssz\u00e1k az \u0151si cs\u00facsokat, alkonyatkor pedig hallgat\u00f3zz\u00e1k a b\u00e9k\u00e1kat, amelyekr\u0151l Kolumbusz azt hitte, soha nem fognak elmenni. Itt a vil\u00e1g legkeletibb kubai horizontja z\u00f6ld \u00e9s k\u00e9k r\u00e9tegekben bontakozik ki, minden egyes l\u00e1tk\u00e9p a tenger, az \u00e9g \u00e9s a hegyek finom k\u00f6lcs\u00f6nhat\u00e1s\u00e1nak bizony\u00edt\u00e9ka, amely t\u00f6bb mint \u00f6t \u00e9vsz\u00e1zadon \u00e1t form\u00e1lta ezt a Ciudad Primad\u00e1t.<\/p>","protected":false},"excerpt":{"rendered":"<p>A hivatalosan Nuestra Se\u00f1ora de la Asunci\u00f3n de Baracoa n\u00e9ven ismert Baracoa egy k\u00f6zs\u00e9g \u00e9s v\u00e1ros Guant\u00e1namo tartom\u00e1nyban, Kuba keleti sz\u00e9l\u00e9hez k\u00f6zel. \u201eCiudad Primada\u201d, vagyis \u201eEls\u0151 V\u00e1ros\u201d n\u00e9ven ismert, \u00e9s fontos helysz\u00edn a kubai t\u00f6rt\u00e9nelemben, mivel ez volt az els\u0151 f\u0151v\u00e1ros \u00e9s a legkor\u00e1bbi spanyol v\u00e1ros a szigeten. Kolumbusz Krist\u00f3f admir\u00e1lis 1492. november 27-\u00e9n l\u00e1togatta meg a v\u00e1rost els\u0151 \u00fajvil\u00e1gi exped\u00edci\u00f3ja sor\u00e1n. K\u00e9s\u0151bb, 1511. augusztus 15-\u00e9n Diego Vel\u00e1zquez de Cu\u00e9llar spanyol kalandor hozta l\u00e9tre. Parti fekv\u00e9s\u00e9t t\u00fckr\u00f6zve a \u201eBaracoa\u201d n\u00e9v \u00e1ll\u00edt\u00f3lag az \u0151shonos arauaca nyelvb\u0151l sz\u00e1rmazik, ami \u201ea tenger jelenl\u00e9t\u00e9t\u201d jelenti.<\/p>","protected":false},"author":1,"featured_media":2732,"parent":9209,"menu_order":0,"comment_status":"closed","ping_status":"closed","template":"elementor_theme","meta":{"_eb_attr":"","footnotes":""},"class_list":["post-9276","page","type-page","status-publish","has-post-thumbnail"],"_links":{"self":[{"href":"https:\/\/travelshelper.com\/hu\/wp-json\/wp\/v2\/pages\/9276","targetHints":{"allow":["GET"]}}],"collection":[{"href":"https:\/\/travelshelper.com\/hu\/wp-json\/wp\/v2\/pages"}],"about":[{"href":"https:\/\/travelshelper.com\/hu\/wp-json\/wp\/v2\/types\/page"}],"author":[{"embeddable":true,"href":"https:\/\/travelshelper.com\/hu\/wp-json\/wp\/v2\/users\/1"}],"replies":[{"embeddable":true,"href":"https:\/\/travelshelper.com\/hu\/wp-json\/wp\/v2\/comments?post=9276"}],"version-history":[{"count":0,"href":"https:\/\/travelshelper.com\/hu\/wp-json\/wp\/v2\/pages\/9276\/revisions"}],"up":[{"embeddable":true,"href":"https:\/\/travelshelper.com\/hu\/wp-json\/wp\/v2\/pages\/9209"}],"wp:featuredmedia":[{"embeddable":true,"href":"https:\/\/travelshelper.com\/hu\/wp-json\/wp\/v2\/media\/2732"}],"wp:attachment":[{"href":"https:\/\/travelshelper.com\/hu\/wp-json\/wp\/v2\/media?parent=9276"}],"curies":[{"name":"wp","href":"https:\/\/api.w.org\/{rel}","templated":true}]}}