{"id":9270,"date":"2024-09-07T20:16:52","date_gmt":"2024-09-07T20:16:52","guid":{"rendered":"https:\/\/travelshelper.com\/staging\/?page_id=9270"},"modified":"2026-03-13T15:35:22","modified_gmt":"2026-03-13T15:35:22","slug":"kajo-guillermo","status":"publish","type":"page","link":"https:\/\/travelshelper.com\/hu\/destinations\/north-america\/cuba\/cayo-guillermo\/","title":{"rendered":"Kajo Guillermo"},"content":{"rendered":"<p>Cayo Guillermo Kuba \u00e9szaki partj\u00e1nak el\u0151ter\u00e9ben egy karcs\u00fa homokz\u00e1tonyk\u00e9nt emelkedik ki a Jardines del Rey szigetcsoporton bel\u00fcl, az Atlanti-\u00f3ce\u00e1n hull\u00e1mz\u00f3 hull\u00e1mai \u00e9s a Bah\u00eda de Perros n\u00e9ven ismert nyugodt \u00f6b\u00f6l k\u00f6z\u00f6tt egyens\u00falyozva. Lak\u00f3k\u00f6z\u00f6ss\u00e9ge szer\u00e9ny \u2013 f\u0151k\u00e9nt Mor\u00f3nb\u00f3l vagy Ciego de \u00c1vil\u00e1b\u00f3l naponta \u00e1tutaz\u00f3 sz\u00e1llodai szem\u00e9lyzetb\u0151l \u00e1ll \u2013, \u00e9s err\u0151l a nagyj\u00e1b\u00f3l \u00f6t kilom\u00e9ter hossz\u00fa partszakaszr\u00f3l, bele\u00e9rtve nyugati gy\u00f6ngyszem\u00e9t, a Playa Pilart, sem k\u00e9sz\u00fclt \u00e1tfog\u00f3 n\u00e9psz\u00e1ml\u00e1l\u00e1s. A sz\u00e9l form\u00e1lta d\u0171n\u00e9k \u00e1ltal elef\u00e1ntcsontbarn\u00e1ra sz\u00ednezett, megszak\u00edtatlan homokszalag keretezi a Ciego de \u00c1vila tartom\u00e1ny Mor\u00f3n \u00f6nkorm\u00e1nyzat\u00e1hoz tartoz\u00f3 szigetter\u00fcletet. Korai t\u00f6rt\u00e9nelm\u00e9nek nagy r\u00e9sz\u00e9ben elhanyagolt homokz\u00e1tony ma vir\u00e1gz\u00f3 turisztikai \u00e1gazatot t\u00e1mogat, krist\u00e1lytiszta viz\u00e9vel \u00e9s a suttog\u00f3an csendes horizonttal egyar\u00e1nt vonzza a l\u00e1togat\u00f3kat.<\/p>\n<p>J\u00f3val azel\u0151tt, hogy \u00fcd\u00fcl\u0151helly\u00e9 alak\u00edtott\u00e1k volna, Cayo Guillermo mened\u00e9khely volt a sz\u00edv\u00f3s tengerparti lakosok sz\u00e1m\u00e1ra, akiknek meg\u00e9lhet\u00e9se a tengeri \u00e9s erdei er\u0151forr\u00e1sok k\u00f6r\u00fcl forgott. Kezdetben kis hal\u00e1szcsoportok egyszer\u0171 mened\u00e9keket \u00e1ll\u00edtottak fel a homokj\u00e1n, \u00e9s a hajnal els\u0151 f\u00e9ny\u00e9n\u00e9l h\u00fazt\u00e1k h\u00e1l\u00f3ikat; m\u00e1sok kem\u00e9nyf\u00e1t v\u00e1gtak a sz\u00e1razf\u00f6ld belsej\u00e9ben, \u00e9s faszenet \u00e1ll\u00edtottak el\u0151, amelyet azt\u00e1n visszavittek a sz\u00e1razf\u00f6ldre elad\u00e1sra. Az 1960-as \u00e9vekre a sporthorg\u00e1sz rajong\u00f3k k\u00f6r\u00e9ben elterjedt a h\u00edr, hogy ezek a k\u00f6rnyez\u0151 vizek hemzsegnek a kardhalakt\u00f3l \u00e9s a marlinokt\u00f3l, ami egy m\u00e9lytengeri horg\u00e1szokb\u00f3l \u00e1ll\u00f3 sz\u0171k k\u00f6z\u00f6ss\u00e9get hozott l\u00e9tre, akik tr\u00f3feafog\u00e1s c\u00e9lj\u00e1b\u00f3l mer\u00e9szkedtek ki a ny\u00edlt tengerre. Az egyenl\u00edt\u0151i nap perzselte horizontja alatt v\u00e9grehajtott exped\u00edci\u00f3ik \u00faj h\u00edrnevet szereztek a homokz\u00e1tonynak \u2013 a t\u00e1j m\u00e9gis meg\u0151rizte \u0151si nyugalm\u00e1t, amelyet csak egy mag\u00e1nyos cirk\u00e1l\u00f3 sziluettje szak\u00edtott meg a k\u00e9k v\u00e9gtelens\u00e9gen.<\/p>\n<p>A sziget els\u0151 turisztikai c\u00e9lpontja 1993-ban \u00e9rkezett el, amikor megnyitotta eredeti \u00fcd\u00fcl\u0151komplexum\u00e1t. Ezt a korszakot a kritikusok k\u00e9s\u0151bb \u201eturisztikai apartheidnek\u201d nevezt\u00e9k, mivel a kubai \u00e1llampolg\u00e1rok nem tart\u00f3zkodhattak a ter\u00fclet\u00e9n, kiv\u00e9ve, ha szolg\u00e1lati poz\u00edci\u00f3ban dolgoztak, vagy k\u00fcl\u00f6nleges enged\u00e9llyel rendelkeztek. Ingahaj\u00f3k \u00e9s hivatalos enged\u00e9lyek h\u00e1l\u00f3zata szab\u00e1lyozta a hozz\u00e1f\u00e9r\u00e9st, meg\u0151rizve egy kiz\u00e1r\u00f3lag a k\u00fclf\u00f6ldi l\u00e1togat\u00f3knak sz\u00f3l\u00f3 enkl\u00e1v\u00e9t. Ez a szegreg\u00e1ci\u00f3 a huszonegyedik sz\u00e1zad hajnal\u00e1ig tartott, amikor a politikai reformok feloldott\u00e1k a tilalmat; 2001-re a g\u00e9pj\u00e1rm\u0171vel rendelkez\u0151 helyi lakosok szabadon k\u00f6zlekedhettek a t\u00f6lt\u00e9sen, \u00e9s elfoglalhatt\u00e1k hely\u00fcket Playa Pilar homokj\u00e1n. A sziget fejl\u0151d\u00e9se egy elszigetelt mened\u00e9khelyb\u0151l egy befogad\u00f3bb \u00fati c\u00e9ll\u00e1 tov\u00e1bbra is a kubai szabadid\u0151s \u00e9s gazdas\u00e1gi nyit\u00e1shoz val\u00f3 hozz\u00e1\u00e1ll\u00e1s sz\u00e9lesebb k\u00f6r\u0171 elmozdul\u00e1s\u00e1nak szimb\u00f3luma.<\/p>\n<p>Cayo Guillermo felett minden egyes hajnal a napi ing\u00e1z\u00f3k csendes balettj\u00e9t jelzi: Mor\u00f3nb\u00f3l \u00e9s Ciego de \u00c1vil\u00e1b\u00f3l a sz\u00e1llodai szem\u00e9lyzetet sz\u00e1ll\u00edt\u00f3 buszok kanyarognak a t\u00f6lt\u00e9sen, \u00e9rkez\u00e9s\u00fcket a motorok halk z\u00fag\u00e1sa \u00e9s a hajnali f\u00e9nyben pomp\u00e1z\u00f3 reggelik \u00edg\u00e9rete jelzi. Ezek a f\u00e9rfiak \u00e9s n\u0151k, akik a k\u00f6zeli, gyakran z\u00f6ldell\u0151 s\u00edks\u00e1gokkal \u00e9s mez\u0151gazdas\u00e1gi v\u00e1llalkoz\u00e1sokkal jellemzett v\u00e1rosokb\u00f3l \u00e9rkeznek, hozz\u00e1j\u00e1rulnak a helyi vitalit\u00e1shoz. \u0150k tartj\u00e1k fenn a sziget t\u00edz sz\u00e1llod\u00e1j\u00e1t \u2013 k\u00f6zt\u00fck a Cayo Guillermo Resort Kempinski-t, a Gran Muthu Imperial-t, a Gran Muthu Rainbow Hotel-t, a Grand Muthu Cayo Guillermo-t, a Hotel Camino del Mar-t (kor\u00e1bban Melia Cayo Guillermo), a Hotel Vigia-t (egykor Sol Cayo Guillermo), az Iberostar Daiquiri-t, az Iberostar Selection Playa Pilar-t, az Islazul Villa Gregori\u00f3t \u00e9s a Starfish Cayo Guillermo-t (kor\u00e1bban Villa Cojimar). Rutinjukat, b\u00e1r a munkarend korl\u00e1tozza, a sz\u00e1razf\u00f6ld ritmus\u00e1hoz k\u00f6tik a szigetet.<\/p>\n<p>Ez a homokos mened\u00e9k k\u00f6nnyen megk\u00f6zel\u00edthet\u0151 mind l\u00e9gi, mind sz\u00e1razf\u00f6ldi \u00faton. Az Aeropuerto Jardines del Rey (IATA: CCC; ICAO: MUCC) menetrend szerinti j\u00e1ratokat ind\u00edt, amelyek alig t\u00f6bb mint t\u00edz kilom\u00e9terre tal\u00e1lhat\u00f3 modern termin\u00e1lra \u00e9rkeznek, ahonnan transzferj\u00e1ratok sz\u00e1ll\u00edtj\u00e1k a vend\u00e9geket a part menti vizes \u00e9l\u0151helyek s\u00edks\u00e1g\u00e1n kereszt\u00fcl. Egy t\u00f6lt\u00e9s \u00edvel \u00e1t a t\u00fcrkizk\u00e9k sek\u00e9ly tengeren, el\u0151sz\u00f6r a szomsz\u00e9dos Cayo Coco szigettel egyes\u00edtve a kanyart, miel\u0151tt egy r\u00f6videbb szakaszra \u00e1gazik el, amely Cayo Guillermo sziget\u00e9n \u00e9r v\u00e9get. \u00datk\u00f6zben az utaz\u00f3k mangroveerd\u0151ket \u00e9s s\u00f3s tavakat csod\u00e1lnak meg, amelyek nyugodt felsz\u00edn\u00e9t csak egy-egy ugr\u00f3 tarpon alkalmank\u00e9nti csobban\u00e1sa vagy egy \u00edbisz sz\u00e1rny\u00e1nak suhan\u00e1sa zavarja meg. Ez az art\u00e9ria \u00f6sszek\u00f6ti a szigeteket az orsz\u00e1gokkal, a megk\u00f6zel\u00edthet\u0151s\u00e9get a tengeri leveg\u0151 utols\u00f3 f\u00e1tyl\u00e1nak leh\u00e1nt\u00e1s\u00e1b\u00f3l fakad\u00f3 v\u00e1rakoz\u00e1s \u00e9rz\u00e9s\u00e9vel \u00f6tv\u00f6zve.<\/p>\n<p>A Jardines del Rey szigetcsoport, melynek neve a kir\u00e1lyi kertekre utal, Kuba egyik legdinamikusabban fejl\u0151d\u0151 turisztikai r\u00e9gi\u00f3ja, melynek f\u0151 terve t\u00f6bb mint h\u00faszezer szob\u00e1t ir\u00e1nyoz el\u0151 t\u00f6bb kulcsfontoss\u00e1g\u00fa ter\u00fcleten. A r\u00e9gi\u00f3 m\u00e1r most is otthont ad olyan haj\u00f3z\u00e1si b\u00e1zisoknak, amelyek mag\u00e1njachtokat \u00e9s b\u00fav\u00e1rkir\u00e1ndul\u00e1sokat fogadnak, modern kik\u00f6t\u0151i l\u00e9tes\u00edtm\u00e9nyeknek a k\u00f6rutaz\u00e1si versenyekhez, valamint \u00f6koturisztikai kezdem\u00e9nyez\u00e9seknek a szomsz\u00e9dos szigetek v\u00e9dett rezerv\u00e1tumaiban. A hossz\u00fa t\u00e1v\u00fa el\u0151rejelz\u00e9sek a part menti erd\u0151k\u00f6n \u00e1t\u00edvel\u0151 \u00f6sv\u00e9nyh\u00e1l\u00f3zatok kib\u0151v\u00edt\u00e9s\u00e9t, mad\u00e1rmegfigyel\u0151 tornyokat \u00e9s az endemikus n\u00f6v\u00e9ny- \u00e9s \u00e1llatvil\u00e1got bemutat\u00f3 bemutat\u00f3k\u00f6zpontokat ir\u00e1nyoznak el\u0151. E fejleszt\u00e9si t\u00f6rekv\u00e9s m\u00f6g\u00f6tt egy gondosan megtervezett amb\u00edci\u00f3 rejlik: egyens\u00falyt teremteni az ambici\u00f3zus infrastrukt\u00fara \u00e9s a t\u00e1jak meg\u0151rz\u00e9se k\u00f6z\u00f6tt, amelyek alig v\u00e1ltoztak az\u00f3ta, hogy a sziget legkor\u00e1bbi l\u00e1togat\u00f3i halat \u00e9s t\u0171zif\u00e1t keresve a szigetre l\u00e9ptek.<\/p>\n<p>Egy karcs\u00fa, k\u00e9ts\u00e1vos \u00fat eredete a Ciego de \u00c1vila tartom\u00e1ny \u00e9szaki r\u00e9sz\u00e9n fekv\u0151 Turiguan\u00f3ba vezet \u2013 egy olyan ter\u00fcletre, amelyet csillog\u00f3 lag\u00fan\u00e1ir\u00f3l h\u00edresek, ahol a pisztr\u00e1nghorg\u00e1szat kultusznak \u00f6rvend a horg\u00e1szok k\u00f6r\u00e9ben, akik nagyra \u00e9rt\u00e9kelik a r\u00e9gi\u00f3 vid\u00e9ki l\u00e1tk\u00e9p\u00e9t. A sz\u00e1razf\u00f6ld sz\u00e9l\u00e9t\u0151l a j\u00e1rda a tenger fel\u00e9 h\u00faz\u00f3dik, \u00e1rap\u00e1ly-laposokon \u00e9s s\u00f3medenc\u00e9ken kanyarog, miel\u0151tt felkapaszkodik a csatorna feletti alacsony \u00edv\u0171 \u00fathoz. Ezen a folyos\u00f3n k\u00f3kuszp\u00e1lm\u00e1k keretezik a feh\u00e9r homokos strandok felt\u0171n\u00e9s\u00e9t; azon t\u00fal az \u00f3ce\u00e1n habz\u00f3 csipk\u00e9t sz\u00f3r a partt\u00f3l k\u00f6zvetlen\u00fcl elter\u00fcl\u0151 z\u00e1tonyokra. Az utaz\u00e1s sor\u00e1n a tekintet v\u00e1ltoz\u00f3 panor\u00e1m\u00e1kra t\u00e9ved: az egyik pillanatban gy\u00e9k\u00e9ny szeg\u00e9lyezte vizes \u00e9l\u0151helyek ny\u00fczs\u00f6gnek a g\u00e1zl\u00f3madarakt\u00f3l; a k\u00f6vetkez\u0151ben pedig a korallz\u00e1tonyok \u00e1ltal szeg\u00e9lyezett, csillog\u00f3 v\u00edz ny\u00edlt kiterjed\u00e9se.<\/p>\n<p>B\u00e1r kis m\u00e9ret\u0171, a Cay sz\u00e1mos sz\u00e1llodai szolg\u00e1ltat\u00e1ssal b\u00fcszk\u00e9lkedhet, amelyek minden ig\u00e9nyt kiel\u00e9g\u00edtenek, a meghitt butikhotelekt\u0151l a hatalmas all-inclusive komplexumokig. A mesters\u00e9ges tavak t\u00fckr\u00f6zik az \u00e9g sz\u00edn\u00e9t, nyugodt fel\u00fclet\u00fcket v\u00edzsugarak vagy a z\u00f6ld szigetek k\u00f6z\u00f6tt sikl\u00f3 alkalmi kacs\u00e1k t\u00f6rik meg. Az \u00fasz\u00f3medenc\u00e9k \u2013 n\u00e9melyiket \u00fasz\u00f3b\u00e1rok szeg\u00e9lyezik, m\u00e1sokat p\u00e1lmaligetek \u00f6lelnek k\u00f6r\u00fcl \u2013 felfriss\u00fcl\u00e9st k\u00edn\u00e1lnak a nap sz\u00fcntelen pillant\u00e1sa alatt. A nappali programok a szabadt\u00e9ri teraszokon tartott t\u00e1nc\u00f3r\u00e1kt\u00f3l a tengerre n\u00e9z\u0151 naplement\u00e9s j\u00f3ga\u00f3r\u00e1kig terjednek; \u00e9jszak\u00e1nk\u00e9nt \u00e9l\u0151zene sz\u00f3l a d\u00edszes lombkoron\u00e1k alatt, git\u00e1r- vagy \u00fct\u0151hangszeres hangszerek dallamait a meleg szell\u0151 viszi. Mindezek a jellemz\u0151k z\u00f6kken\u0151mentesen illeszkednek az emberi k\u00e9z \u00e1ltal csak finoman \u00e9rintett t\u00e1jba, \u00edgy m\u00e9g a legkidolgozottabb \u00fcd\u00fcl\u0151helyi elemek is egy megv\u00e1ltoztathatatlan tr\u00f3pusi keretbe burkol\u00f3zva t\u0171nnek.<\/p>\n<p>Cayo Guillermo partvonalai a homok, a sz\u00e9l \u00e9s a v\u00edz k\u00f6lcs\u00f6nhat\u00e1s\u00e1n kereszt\u00fcl rajzol\u00f3dnak ki. \u00d6t kilom\u00e9ternyi strand h\u00faz\u00f3dik a sziget oldal\u00e1n, de egyik sem kelt akkora tiszteletet, mint a sziget legnyugatibb cs\u00fccsk\u00e9ben tal\u00e1lhat\u00f3 Playa Pilar. Itt a d\u0171n\u00e9k tizenhat m\u00e9ter magasra torkollnak, meredek lejt\u0151iket a passz\u00e1tszelek elef\u00e1ntcsont sz\u00edn\u0171 homok hull\u00e1mz\u00f3 teraszaiv\u00e1 form\u00e1lj\u00e1k. Egy keskeny folyos\u00f3 kanyarog e term\u00e9szetes falak \u00e9s a v\u00edz sz\u00e9le k\u00f6z\u00f6tt, ahol az Atlanti-\u00f3ce\u00e1n a halv\u00e1ny t\u00fcrkizk\u00e9kt\u0151l a kobaltk\u00e9kig terjed\u0151 spektrumban t\u00e1rul el\u00e9nk. Napkeltekor a f\u00e9ny v\u00e9gigs\u00f6p\u00f6r a homok hull\u00e1main, filigr\u00e1n \u00e1rny\u00e9kokat vetve, amelyek minden egyes d\u0171ne \u00edv\u00e9t k\u00f6vetik; k\u00e9s\u0151bb, a d\u00e9li vak\u00edt\u00f3 f\u00e9nyben a part \u00fagy csillog, mint egy vert ez\u00fcst lap.<\/p>\n<p>Playa Pilar h\u00edrnev\u00e9t nemcsak a megform\u00e1lt k\u00f6rvonalai, hanem a krist\u00e1lytiszta vize is adja, amely a k\u00f6zeli korallk\u00e9pz\u0151dm\u00e9nyek k\u00f6z\u00f6tt l\u00fcktet \u00e9lettel. A partt\u00f3l g\u00e1zl\u00f3t\u00e1vols\u00e1gon bel\u00fcl h\u00faz\u00f3dnak a szeg\u00e9lyezett z\u00e1tonyok, korallfejeik v\u00edz alatti katedr\u00e1lisokk\u00e9nt sorakoznak. A b\u00fav\u00e1rkod\u00f3k e kiterjed\u00e9s felett lebegnek, len\u00e9zve a szikla m\u00e9ret\u0171 korallok k\u00f6z\u00f6tt cik\u00e1z\u00f3 papag\u00e1jhalakra \u00e9s a cs\u00edkjaikat legyez\u0151 \u0151rmesterrajokra. Az alacsony v\u00edz\u00e1ll\u00e1sn\u00e1l felt\u00e1rul\u00f3 dag\u00e1lymedenc\u00e9kben a nap\u00e9gette szikl\u00e1khoz kapaszkod\u00f3 tengeri csillagok l\u00e1that\u00f3k; amikor a hull\u00e1mok visszah\u00faz\u00f3dnak, apr\u00f3 barlangokat hagynak maguk ut\u00e1n, amelyekben garn\u00e9l\u00e1k \u00e9s fiatal r\u00e1kf\u00e9l\u00e9k \u00faszk\u00e1lnak. Az ilyen bens\u0151s\u00e9ges tal\u00e1lkoz\u00e1sok a tengeri birodalommal al\u00e1h\u00fazz\u00e1k a homokz\u00e1tony kett\u0151s identit\u00e1s\u00e1t, mint kifinomult mened\u00e9k \u00e9s term\u00e9szeti szent\u00e9ly.<\/p>\n<p>Cayo Guillermo d\u00e9l-tengeri birodalm\u00e1t hatalmas akv\u00e1riumhoz hasonl\u00edtj\u00e1k, mivel sz\u00e9lcsendes napokon t\u00f6bb mint h\u00fasz m\u00e9teres kil\u00e1t\u00e1st k\u00edn\u00e1l. A t\u00f6lt\u00e9s k\u00f6zel\u00e9ben tal\u00e1lhat\u00f3 b\u00fav\u00e1rk\u00f6zpontok vezetett kir\u00e1ndul\u00e1sokat szerveznek a z\u00e1tonyfalakhoz, ahol a gorg\u00f3niak \u00e9s a tengeri legyez\u0151k ringat\u00f3znak az \u00e1ramlatban, m\u00edg a halad\u00f3k a m\u00e9lyebb cs\u00facsokat fedezhetik fel, ahol a s\u00fcg\u00e9r \u00e9s a csattog\u00f3hal hangja rezon\u00e1l. A kezd\u0151knek sz\u00f3l\u00f3 oktat\u00f3tanfolyamok a t\u00f6r\u00e9keny z\u00e1tonyszerkezetek feletti felhajt\u00f3er\u0151-szab\u00e1lyoz\u00e1st hangs\u00falyozz\u00e1k, el\u0151seg\u00edtve a v\u00edz alatti felfedez\u00e9sek \u00fajoncai k\u00f6r\u00e9ben a gondoskod\u00e1s kult\u00far\u00e1j\u00e1t. Az \u00e9jszakai mer\u00fcl\u00e9sek egy alternat\u00edv univerzumot t\u00e1rnak fel: hom\u00e1rok bukkannak el\u0151 a reped\u00e9sekb\u0151l, polipok barangolnak zs\u00e1km\u00e1ny ut\u00e1n kutatva, \u00e9s biolumineszcens planktonok csillagrobban\u00e1sokk\u00e9nt repkednek egy zsebl\u00e1mpa f\u00e9nysugar\u00e1ban. A felsz\u00edn alatti minden pillanatban a sziget egy olyan \u00e9l\u00e9nk oldal\u00e1t t\u00e1rja fel, mint b\u00e1rmelyiket, amelyet a naps\u00fct\u00f6tte hull\u00e1mok t\u00e1ncolnak.<\/p>\n<p>A sziget kultur\u00e1lis visszhangja t\u00falmutat term\u00e9szeti gazdags\u00e1g\u00e1n, Ernest Hemingway k\u00e9s\u0151i v\u00e1ndorl\u00e1si v\u00e1gy\u00e1nak lenyomat\u00e1t viselve mag\u00e1n. Playa Pilar nev\u00e9t az \u00edr\u00f3 \u00e1ltal vezetett kabinos cirk\u00e1l\u00f3r\u00f3l kapta, akinek utols\u00f3 reg\u00e9nye, a Szigetek az \u00e1rban, a tet\u0151pontj\u00e1t pontosan ennek a homokz\u00e1tonynak a vizeire hozza. A l\u00e1togat\u00f3k ugyanazon a homokon \u00e1llhatnak, ahol f\u0151h\u0151se a vesztes\u00e9ggel \u00e9s a megv\u00e1lt\u00e1ssal n\u00e9zett szembe, mik\u00f6zben a passz\u00e1tszelek p\u00e1lm\u00e1kat kavarnak egy visszhangk\u00e9nt megmarad\u00f3 szerz\u0151i \u00f6r\u00f6ks\u00e9g felett. Az ilyen irodalmi kapcsolatok elm\u00e9ly\u00edtik a hely ir\u00e1nti megbecs\u00fcl\u00e9st, \u00e9s elm\u00e9lked\u00e9sre k\u00e9sztetnek az emberi narrat\u00edva \u00e9s az elemi f\u00f6ldrajz k\u00f6lcs\u00f6nhat\u00e1s\u00e1n. A szerz\u0151 \u00e9s a k\u00f6rnyezet k\u00f6z\u00f6tti t\u00e9rben a t\u00f6rt\u00e9nelem k\u00e9zzelfoghat\u00f3 jelenl\u00e9tet \u00f6lt \u2013 minden egyes l\u00e9p\u00e9s a parton finom tisztelg\u00e9s egy t\u00f6rt\u00e9netes m\u00falt el\u0151tt.<\/p>\n<p>A fasz\u00e9nf\u00fcsttel teli kunyh\u00f3kt\u00f3l \u00e9s k\u00e1tr\u00e1nyos h\u00e1l\u00f3kt\u00f3l a modern sz\u00e1llod\u00e1kig \u00e9s f\u00e9nyes b\u00fav\u00e1rhaj\u00f3kig tart\u00f3 kim\u00e9rt fejl\u0151d\u00e9s sor\u00e1n Cayo Guillermo meg\u0151rizte a mag\u00e1ny \u00e9s a s\u00f3s leveg\u0151 sz\u00fclte esszenci\u00e1j\u00e1t. A turist\u00e1k kikapcsol\u00f3d\u00e1st keresve \u00e9rkeznek \u2013 kiny\u00fajtott l\u00e1bbal pihennek a verand\u00e1kon, tr\u00f3pusi kokt\u00e9lokat kortyolgatnak a n\u00e1dfedeles palap\u00e1k alatt \u2013, de t\u00f6bbet visznek magukkal, mint napcs\u00f3kolta b\u0151rrel. Magukkal viszik az \u00e9gnek mered\u0151 d\u0171n\u00e9k benyom\u00e1sait, az alkonyati hull\u00e1mok tompa morajl\u00e1s\u00e1t \u00e9s a csendes egyes\u00fcl\u00e9s pillanatait egy olyan id\u0151tlen tengeri vil\u00e1ggal, mint maga a tenger. Itt, a k\u00f6rnyezeti tisztas\u00e1g \u00e9s a gondosan kidolgozott vend\u00e9gszeretet tal\u00e1lkoz\u00e1s\u00e1n\u00e1l mutatja meg a Cayo a legm\u00e9lyebb min\u0151s\u00e9g\u00e9t: megh\u00edv\u00e1s egy olyan f\u00f6ldrajzi ter\u00fclet bet\u00f6lt\u00e9s\u00e9re, amely egyszerre k\u00f6zvetlen \u00e9s kimondhatatlanul transzcendens.<\/p>\n<p>\u00cdgy Cayo Guillermo a szel\u00edd \u00e1talakul\u00e1s m\u0171v\u00e9szet\u00e9nek bizonys\u00e1g\u00e1ul szolg\u00e1l, ahol a huszonegyedik sz\u00e1zadi turizmus k\u00f6vetelm\u00e9nyei egy\u00fctt l\u00e9teznek az \u00f6kol\u00f3giai finoms\u00e1ggal. L\u00edrai hangk\u00e9nt \u00e1ll korallokba \u00e9s homokba, szelek \u00e9s \u00e1rap\u00e1lyok v\u00e9sik bele, v\u00e1rva minden \u00faj utaz\u00f3 l\u00e9pteire, akik viszont saj\u00e1t vers\u00fcket \u00edrj\u00e1k majd partjaira.<\/p>","protected":false},"excerpt":{"rendered":"<p>Cayo Guillermo egy jelent\u0151s homokz\u00e1tony a Jardines del Rey szigetcsoporton bel\u00fcl, Kuba \u00e9szaki partj\u00e1n. Ez a gy\u00f6ny\u00f6r\u0171 sziget az Atlanti-\u00f3ce\u00e1n \u00e9s a Dogs-\u00f6b\u00f6l (Bahia de Perros) k\u00f6z\u00f6tt fekszik. A Ciego de \u00c1vila tartom\u00e1nyban tal\u00e1lhat\u00f3 Cayo Guillermo Mor\u00f3n k\u00f6zs\u00e9g joghat\u00f3s\u00e1ga al\u00e1 tartozik, amely ter\u00fclet jelent\u0151s term\u00e9szeti sz\u00e9ps\u00e9g\u00e9r\u0151l \u00e9s kultur\u00e1lis jelent\u0151s\u00e9g\u00e9r\u0151l ismert.<\/p>","protected":false},"author":1,"featured_media":4644,"parent":9209,"menu_order":0,"comment_status":"closed","ping_status":"closed","template":"elementor_theme","meta":{"_eb_attr":"","footnotes":""},"class_list":["post-9270","page","type-page","status-publish","has-post-thumbnail"],"_links":{"self":[{"href":"https:\/\/travelshelper.com\/hu\/wp-json\/wp\/v2\/pages\/9270","targetHints":{"allow":["GET"]}}],"collection":[{"href":"https:\/\/travelshelper.com\/hu\/wp-json\/wp\/v2\/pages"}],"about":[{"href":"https:\/\/travelshelper.com\/hu\/wp-json\/wp\/v2\/types\/page"}],"author":[{"embeddable":true,"href":"https:\/\/travelshelper.com\/hu\/wp-json\/wp\/v2\/users\/1"}],"replies":[{"embeddable":true,"href":"https:\/\/travelshelper.com\/hu\/wp-json\/wp\/v2\/comments?post=9270"}],"version-history":[{"count":0,"href":"https:\/\/travelshelper.com\/hu\/wp-json\/wp\/v2\/pages\/9270\/revisions"}],"up":[{"embeddable":true,"href":"https:\/\/travelshelper.com\/hu\/wp-json\/wp\/v2\/pages\/9209"}],"wp:featuredmedia":[{"embeddable":true,"href":"https:\/\/travelshelper.com\/hu\/wp-json\/wp\/v2\/media\/4644"}],"wp:attachment":[{"href":"https:\/\/travelshelper.com\/hu\/wp-json\/wp\/v2\/media?parent=9270"}],"curies":[{"name":"wp","href":"https:\/\/api.w.org\/{rel}","templated":true}]}}