{"id":9209,"date":"2024-09-07T18:24:27","date_gmt":"2024-09-07T18:24:27","guid":{"rendered":"https:\/\/travelshelper.com\/staging\/?page_id=9209"},"modified":"2026-03-13T15:44:24","modified_gmt":"2026-03-13T15:44:24","slug":"kuba","status":"publish","type":"page","link":"https:\/\/travelshelper.com\/hu\/destinations\/north-america\/cuba\/","title":{"rendered":"Kuba"},"content":{"rendered":"<p>Kuba a Karib-tenger, a Mexik\u00f3i-\u00f6b\u00f6l \u00e9s az Atlanti-\u00f3ce\u00e1n tal\u00e1lkoz\u00e1s\u00e1n\u00e1l fekszik \u2013 egy nagyj\u00e1b\u00f3l 110 000 n\u00e9gyzetkilom\u00e9teres szigetcsoport, amely mintegy t\u00edzmilli\u00f3 l\u00e9leknek ad otthont. F\u0151 sz\u00e1razf\u00f6ldi ter\u00fclete t\u00f6bb mint 1200 kilom\u00e9ter hosszan h\u00faz\u00f3dik az \u00e9szaki s\u00edks\u00e1gokt\u00f3l \u00e9s hull\u00e1mz\u00f3 alf\u00f6ldekt\u0151l a d\u00e9lkeleti Sierra Maestra cs\u00facsokig, melyeket a k\u00f6zel k\u00e9tezer m\u00e9ter magas Pico Turquino koron\u00e1z. Havanna, a sziget l\u00fcktet\u0151 sz\u00edve, uralkodik ezen az orsz\u00e1gon, amely egyszerre a Karib-t\u00e9rs\u00e9g legnagyobb \u00e9s a vil\u00e1g tizenhetedik legnagyobb szigete. A mexik\u00f3i Yucat\u00e1nt\u00f3l keletre, Florid\u00e1t\u00f3l \u00e9s a Baham\u00e1kt\u00f3l d\u00e9lre, Hispaniol\u00e1t\u00f3l nyugatra \u00e9s Jamaic\u00e1t\u00f3l \u00e9szakra fekv\u0151 Kuba f\u00f6ldrajza egyszerre biztos\u00edt kapcsolatot \u00e9s elszigetelts\u00e9get. Ebben a szigetk\u00f6zt\u00e1rsas\u00e1gban az \u00e9vezredek \u2013 el\u0151sz\u00f6r a guanahatabeyek \u00e9s ta\u00edn\u00f3k, majd a spanyol gyarmatos\u00edt\u00f3k \u00e9s forradalmi l\u00e1tnokok \u2013 lenyomata kit\u00f6r\u00f6lhetetlen marad.<\/p>\n<p>Az emberi telep\u00fcl\u00e9s legkor\u00e1bbi \u00e9vsz\u00e1zadait\u00f3l kezdve a ta\u00edno \u00e9s guanahatabey kult\u00far\u00e1kon \u00e1t, amelyek az eur\u00f3paiak \u00e9rkez\u00e9se el\u0151tt vir\u00e1goztak, Kuba \u00e1talakul\u00e1sokon ment kereszt\u00fcl, amelyek hull\u00e1mz\u00f3an \u00e1thatoltak talaj\u00e1n, t\u00e1rsadalm\u00e1n \u00e9s pszich\u00e9j\u00e9n. A tizen\u00f6t\u00f6dik sz\u00e1zadra spanyol felfedez\u0151k ig\u00e9nyelt\u00e9k a ter\u00fcletet, \u00e9vsz\u00e1zados gyarmati uralmat ind\u00edtva el, amely \u00f6sszefonta a szigetcsoport sors\u00e1t a transzatlanti rabszolga-kereskedelemmel \u2013 ez a kapcsolat t\u00f6retlen volt a rabszolgas\u00e1g 1886-os elt\u00f6rl\u00e9s\u00e9ig. Az 1898-as spanyol\u2013amerikai h\u00e1bor\u00fa az ib\u00e9riai k\u00f6zvetlen uralom v\u00e9g\u00e9t hirdette, de egy amerikai megsz\u00e1ll\u00e1s \u00e9s gy\u00e1ms\u00e1g korszak\u00e1t is bevezette, amely 1902-ben a hivatalos f\u00fcggetlens\u00e9ggel z\u00e1rult. A k\u00f6zt\u00e1rsas\u00e1g alakul\u00f3 \u00e9vtizedei optimizmussal teltek; az 1940-es progressz\u00edv alkotm\u00e1ny a t\u00e1rsadalmi igazs\u00e1goss\u00e1gra \u00e9s a polg\u00e1ri szabads\u00e1gjogokra t\u00f6rekedett. A politikai z\u0171rzavar azonban egyre fokoz\u00f3dott, m\u00edgnem egy katonai puccs 1952-ben Fulgencio Batista diktat\u00far\u00e1j\u00e1t \u00fcltette hatalomra.<\/p>\n<p>A Batista-rezsim t\u00falkap\u00e1sai \u00e9s elnyom\u00e1sa robbantotta ki a kubai forradalmat, amelynek 1959 janu\u00e1rj\u00e1ban el\u00e9rt tet\u0151pontj\u00e1n Fidel Castr\u00f3t helyezte egy sz\u00fclet\u0151ben l\u00e9v\u0151 szocialista \u00e1llam \u00e9l\u00e9re. Castro ir\u00e1ny\u00edt\u00e1sa alatt Kuba a szovjet blokkhoz igazodott, tervgazdas\u00e1g\u00e1t a k\u00f6zpontos\u00edtott ellen\u0151rz\u00e9s \u00e9s a kiterjedt szovjet seg\u00e9ly \u2013 a titkos\u00edt\u00e1s al\u00f3l feloldott h\u00edrszerz\u00e9si adatok szerint az 1980-as \u00e9vek k\u00f6zep\u00e9re mintegy harminch\u00e1rom milli\u00e1rd amerikai doll\u00e1r \u2013 alak\u00edtotta. Kuba szerepe a hidegh\u00e1bor\u00fas sz\u00ednt\u00e9ren az 1962-es rak\u00e9tav\u00e1ls\u00e1g idej\u00e9n tet\u0151z\u00f6tt, amikor a sziget a szuperhatalmak k\u00f6z\u00f6tti legszorosabb konfront\u00e1ci\u00f3 sz\u00ednter\u00e9v\u00e9 v\u00e1lt. A k\u00f6vetkez\u0151 \u00e9vtizedekben Havanna szolidarit\u00e1st \u2013 katonai, orvosi \u00e9s infrastruktur\u00e1lis t\u00e9ren \u2013 ny\u00fajtott a felt\u00f6rekv\u0151 afrikai marxista korm\u00e1nyoknak, glob\u00e1lis forradalmi h\u00e1l\u00f3zatot \u00e1polva, m\u00e9g akkor is, amikor a sziget otthon s\u00falyos hi\u00e1nyokkal k\u00fczd\u00f6tt.<\/p>\n<p>A szovjet rendszer 1991-es \u00f6sszeoml\u00e1sa Kuba \u201ek\u00fcl\u00f6nleges id\u0151szak\u00e1t\u201d id\u00e9zte el\u0151, egy gazdas\u00e1gi kataklizm\u00e1t, amelyet energiahi\u00e1ny, mez\u0151gazdas\u00e1gi hanyatl\u00e1s \u00e9s v\u00e1rosi neh\u00e9zs\u00e9gek jellemeztek. A turizmus l\u00e9tfontoss\u00e1g\u00fa, b\u00e1r egyenetlen bev\u00e9teli forr\u00e1ss\u00e1 v\u00e1lt, v\u00e9g\u00fcl fel\u00fclm\u00falva a cukor-, doh\u00e1ny- \u00e9s k\u00e1v\u00e9exportot. Ek\u00f6zben a t\u00e1rsadalmi mutat\u00f3k v\u00e1ratlanul er\u0151sek maradtak: az \u00edr\u00e1stud\u00e1s sz\u00e1rnyalt, a csecsem\u0151haland\u00f3s\u00e1g a region\u00e1lis norm\u00e1k al\u00e1 esett, a v\u00e1rhat\u00f3 \u00e9lettartam pedig megegyezett a gazdagabb szomsz\u00e9dok\u00e9val. Az \u00e1ltal\u00e1nos eg\u00e9szs\u00e9g\u00fcgyi ell\u00e1t\u00e1s \u00e9s az ingyenes oktat\u00e1s \u2013 a forradalmi politika sarokk\u00f6vei \u2013 a kr\u00f3nikus eszk\u00f6zhi\u00e1ny, az alacsony orvosi fizet\u00e9sek \u00e9s az id\u0151szakos gy\u00f3gyszerhi\u00e1ny ellen\u00e9re is fennmaradt. 2008-ra, k\u00f6zel f\u00e9l \u00e9vsz\u00e1zados egyemberes uralom ut\u00e1n Fidel Castro \u00e1tadta az eln\u00f6ki posztot testv\u00e9r\u00e9nek, Ra\u00falnak; 2018-ban Ra\u00fal pedig Miguel D\u00edaz-Canelnek adta \u00e1t a man\u0151vert, aki 2021-ben a Kommunista P\u00e1rt els\u0151 titk\u00e1rak\u00e9nt megszil\u00e1rd\u00edtotta a hatalmat.<\/p>\n<p>Kuba politikai architekt\u00far\u00e1ja az alkotm\u00e1nyban r\u00f6gz\u00edti a Kommunista P\u00e1rt els\u0151bbs\u00e9g\u00e9t. Az ellenz\u00e9ki hangok nem tal\u00e1lnak hivatalos csatorn\u00e1t; a szigor\u00fa cenz\u00fara \u00e9s a f\u00fcggetlen \u00fajs\u00e1g\u00edr\u00e1s elnyom\u00e1sa arra k\u00e9szteti az emberi jogi megfigyel\u0151ket, hogy a szigetet a sajt\u00f3szabads\u00e1g tekintet\u00e9ben a legszigor\u00fabbak k\u00f6z\u00e9 sorolj\u00e1k. A kubai t\u00e1rsadalom m\u00e9gis kultur\u00e1lis vitalit\u00e1ssal teli: az afro-kubai zene \u00e9s t\u00e1nc minden v\u00e1rosr\u00e9szben vir\u00e1gzik; m\u0171v\u00e9szek, t\u00e1ncosok \u00e9s sportol\u00f3k olyan \u00e1llamilag t\u00e1mogatott programokb\u00f3l ker\u00fclnek ki, amelyek eredet\u00fcket a forradalom ut\u00e1ni \u00edr\u00e1stud\u00e1si \u00e9s kultur\u00e1lis kamp\u00e1nyokig vezetik vissza. Havanna barokk templomai \u2013 a San Francisco-bazilika \u00e9s a Castillo del Pr\u00edncipe fallal k\u00f6r\u00fclvett er\u0151d\u00edtm\u00e9nye \u2013 a modernista eml\u00e9km\u0171vek, p\u00e9ld\u00e1ul a Capitolium \u00e9p\u00fclete \u00e9s a sz\u00e1zadk\u00f6zepi tornyok, mint a Habana Libre mellett \u00e1llnak. A v\u00e1rosi sz\u00f6vet \u00edgy p\u00e1rbesz\u00e9det mutat be a gyarmati barokk, a k\u00f6zt\u00e1rsas\u00e1gi nagyszer\u0171s\u00e9g \u00e9s a szovjet hat\u00e1s\u00fa funkcionalizmus k\u00f6z\u00f6tt, m\u00edg az elm\u00falt \u00e9vtizedekben \u00faj \u00fcveg-ac\u00e9l sz\u00e1llod\u00e1k jelentek meg, amelyek a kort\u00e1rs glob\u00e1lis design fel\u00e9 tisztelegnek.<\/p>\n<p>A sziget fizikai k\u00f6rvonalai alak\u00edtj\u00e1k \u00e9ghajlat\u00e1t \u00e9s sebezhet\u0151s\u00e9g\u00e9t. A R\u00e1kt\u00e9rz\u0151t\u0151l d\u00e9lre Kuba tr\u00f3pusi melegben s\u00fctk\u00e9rez, \u00e9szakkeleti passz\u00e1tszelei enyh\u00edtik a h\u0151s\u00e9get, a karibi \u00e1ramlat pedig enyh\u00e9n felmelegedett vizet sz\u00e1ll\u00edt. Janu\u00e1rban az \u00e1tlagh\u0151m\u00e9rs\u00e9klet 21 \u00b0C k\u00f6r\u00fcl mozog; j\u00faliusra nagyj\u00e1b\u00f3l 27 \u00b0C-ra emelkedik. A csapad\u00e9kmennyis\u00e9g a sz\u00e1raz \u00e9vszak (novembert\u0151l \u00e1prilisig) \u00e9s a p\u00e1r\u00e1s h\u00f3napok (m\u00e1just\u00f3l okt\u00f3berig) k\u00f6z\u00f6tt ingadozik, amikor az atlanti viharok kialakul\u00e1sa rutinszer\u0171v\u00e9 v\u00e1lik. Szeptember \u00e9s okt\u00f3ber a hurrik\u00e1nszezon cs\u00facspontja, ezt a val\u00f3s\u00e1got az Irma hurrik\u00e1n 2017 szeptemberi haragja is kiemelte: a 260 km\/h-t meghalad\u00f3 sz\u00e9l v\u00e9gigs\u00f6p\u00f6rt a Camag\u00fcey-szigetcsoporton, \u00e1ramsz\u00fcnetet okozott az \u00e9szaki partvid\u00e9k nagy r\u00e9sz\u00e9n, \u00e9s olyan szerkezeti k\u00e1rokat okozott, amelyek sz\u00e9les k\u00f6r\u0171 evaku\u00e1l\u00e1st tettek sz\u00fcks\u00e9gess\u00e9. T\u00edz hal\u00e1los \u00e1ldozatot jelentettek, k\u00f6zt\u00fck hetet Havann\u00e1ban, ahol \u00f6sszeomlott \u00e9p\u00fcletek \u00e9s el\u00e1rasztott utc\u00e1k voltak. A f\u0151v\u00e1ros turisztikai negyedei, Varader\u00f3t\u00f3l az \u00e9szaki partvid\u00e9k kulcsaiig, olyan sebeket viseltek, amelyeket a korm\u00e1ny meg\u00edg\u00e9rte, hogy begy\u00f3gy\u00edt a f\u0151szezon kezdete el\u0151tt \u2013 ez a t\u00f6rekv\u00e9s a turizmus gazdas\u00e1gi k\u00f6zponti szerep\u00e9t bizony\u00edtja.<\/p>\n<p>Az \u00e9ghajlatv\u00e1ltoz\u00e1s s\u00falyosb\u00edtja ezeket a kock\u00e1zatokat: az emelked\u0151 tengerszint, az eltol\u00f3d\u00f3 csapad\u00e9kmennyis\u00e9g \u00e9s az er\u0151s\u00f6d\u0151 viharok vesz\u00e9lyeztetik a mez\u0151gazdas\u00e1got, az erd\u0151gazd\u00e1lkod\u00e1st \u00e9s a turizmust \u2013 ezek az \u00e1gazatok a kisz\u00e1m\u00edthat\u00f3 csapad\u00e9kmennyis\u00e9gt\u0151l \u00e9s a part menti stabilit\u00e1st\u00f3l f\u00fcggenek. A v\u00edzell\u00e1t\u00e1s bizonytalan helyzetben van; a melegebb h\u0151m\u00e9rs\u00e9klet n\u00f6velheti a sz\u00edv- \u00e9s \u00e9rrendszeri, l\u00e9gz\u0151szervi \u00e9s v\u00edrusos betegs\u00e9gek el\u0151fordul\u00e1s\u00e1t a lakoss\u00e1g k\u00f6r\u00e9ben. V\u00e1laszul a hat\u00f3s\u00e1gok meg\u00fajul\u00f3 energi\u00e1val kapcsolatos kezdem\u00e9nyez\u00e9seket \u00e9s \u00f6kosziszt\u00e9ma-alap\u00fa alkalmazkod\u00e1st tettek lehet\u0151v\u00e9, p\u00e9ld\u00e1ul a mangroveerd\u0151k helyre\u00e1ll\u00edt\u00e1s\u00e1t a viharos hull\u00e1mok tomp\u00edt\u00e1sa \u00e9rdek\u00e9ben.<\/p>\n<p>Kuba gazdas\u00e1ga az \u00e1llami dominanci\u00e1t testes\u00edti meg: a munkaer\u0151 t\u00f6bb mint h\u00e1romnegyede az \u00e1llami szektorban dolgozik, amely a brutt\u00f3 hazai term\u00e9k mintegy nyolcvan sz\u00e1zal\u00e9k\u00e1t nyeli el korm\u00e1nyzati kiad\u00e1sokon kereszt\u00fcl. A 2010-es \u00e9vek eleje \u00f3ta a szer\u00e9ny piaci reformok a mag\u00e1nszektor n\u00f6veked\u00e9s\u00e9t eredm\u00e9nyezt\u00e9k, a foglalkoztat\u00e1si ar\u00e1nyt a 2000-es \u00e9vek k\u00f6zep\u00e9re k\u00f6r\u00fclbel\u00fcl h\u00fasz sz\u00e1zal\u00e9kra emelve. A kubaiakat alkalmaz\u00f3 c\u00e9gek kubai pes\u00f3ban utalj\u00e1k a b\u00e9reket az \u00e1llami b\u00e9rt\u00e1bl\u00e1kon kereszt\u00fcl; a minim\u00e1lb\u00e9r k\u00f6zel 2100 peso (nagyj\u00e1b\u00f3l nyolcvanegy amerikai doll\u00e1r), a medi\u00e1n pedig k\u00f6zelebb van a 4000 pes\u00f3hoz (k\u00f6r\u00fclbel\u00fcl sz\u00e1z\u00f6tven\u00f6t doll\u00e1r). A turizmusb\u00f3l sz\u00e1rmaz\u00f3 bev\u00e9telek, a k\u00e9pzett munkaer\u0151 exportja \u00e9s a hazautal\u00e1sok tartj\u00e1k a gazdas\u00e1g alapj\u00e1t, m\u00e9gis a kubaiak t\u00f6bb mint nyolcvannyolc sz\u00e1zal\u00e9ka olyan k\u00f6r\u00fclm\u00e9nyek k\u00f6z\u00f6tt \u00e9l, amelyeket a Kubai Emberi Jogok Megfigyel\u0151k\u00f6zpontja m\u00e9lyszeg\u00e9nys\u00e9gk\u00e9nt hat\u00e1roz meg \u2013 egy olyan val\u00f3s\u00e1got, amelyet az \u00e9trendi sokf\u00e9les\u00e9get korl\u00e1toz\u00f3 \u00e9s a mikrot\u00e1panyag-hi\u00e1nyt fokoz\u00f3 jegyrendszer alak\u00edt.<\/p>\n<p>A kubai konyha az ib\u00e9riai \u00e9s a karibi hagyom\u00e1nyok f\u00fazi\u00f3j\u00e1t t\u00fckr\u00f6zi: fokhagym\u00e1s, k\u00f6m\u00e9nyes, oreg\u00e1n\u00f3s \u00e9s bab\u00e9rlev\u00e9l \u00edz\u0171 h\u00fasok, lassan f\u0151zve, k\u00f6nny\u0171 sz\u00f3szokban; a fekete bab \u00e9s a rizs \u2013 moros y cristianos \u2013 f\u0151z\u0151ban\u00e1nt \u00e9s friss kenyeret szolg\u00e1l fel; a ropa vieja, a paradicsomsz\u00f3szban s\u00fclt, t\u00e9pett marhah\u00fas az \u0151si spanyol p\u00f6rk\u00f6ltekre eml\u00e9keztet. Az \u00e9lelmiszerhi\u00e1ny \u00e9s a jegyrendszer azonban nagyban meghat\u00e1rozza a mindennapi \u00e9letet, az \u00e1llami jegyk\u00f6nyv szer\u00e9ny adagokat biztos\u00edt, amelyek ritk\u00e1n elegend\u0151ek a nemzetk\u00f6zi szervezetek \u00e1ltal meghat\u00e1rozott t\u00e1pl\u00e1lkoz\u00e1si referencia\u00e9rt\u00e9kek teljes\u00edt\u00e9s\u00e9hez. Mindazon\u00e1ltal a minden\u00fctt jelenl\u00e9v\u0151 utcai gy\u00fcm\u00f6lcsl\u00e9 a b\u0151s\u00e9g szimb\u00f3luma a sz\u0171k\u00f6ss\u00e9g k\u00f6zepette \u2013 guava, mang\u00f3 \u00e9s guan\u00e1bana poharakba pr\u00e9selve, amelyeket a turist\u00e1k a Malec\u00f3n s\u00e9t\u00e1nyain vagy az \u00fatsz\u00e9li k\u00e1v\u00e9z\u00f3kban kortyolgatnak.<\/p>\n<p>Kuba emberi mozaikja Havanna d\u00edszes homlokzatain t\u00fal t\u00e1rul fel a leg\u00e9l\u00e9nkebben. A Vi\u00f1ales-v\u00f6lgyben a doh\u00e1nytermeszt\u00e9si hagyom\u00e1nyok a z\u00f6ldell\u0151 s\u00edks\u00e1gokat tark\u00edt\u00f3 m\u00e9szk\u0151 mogot\u00e1k alatt maradtak fenn; a sakkt\u00e1bla mint\u00e1zatban elrendezett f\u00f6ldek \u00e9vsz\u00e1zados mez\u0151gazdas\u00e1gi m\u00f3dszereket t\u00fckr\u00f6znek, amelyek 1999-ben elnyert\u00e9k az UNESCO kultur\u00e1lis t\u00e1jk\u00e9nt val\u00f3 elismer\u00e9s\u00e9t. A Sierra Maestra lejt\u0151i, amelyek egykor forradalmi gerill\u00e1k \u00f6sv\u00e9nyei voltak, ma a rettenthetetlen hegym\u00e1sz\u00f3kat h\u00edvogatj\u00e1k az \u00e9rintetlen vadon \u00e9s a panor\u00e1m\u00e1s kil\u00e1t\u00e1s ir\u00e1nt. A part menti korallz\u00e1tonyok hemzsegnek a tengeri \u00e9l\u0151vil\u00e1gt\u00f3l a Diszn\u00f3-\u00f6b\u00f6lben \u2013 ironikus m\u00f3don az 1961-es sikertelen inv\u00e1zi\u00f3r\u00f3l nevezt\u00e9k el, de ma a b\u00fav\u00e1rkod\u00e1si lehet\u0151s\u00e9gekr\u0151l h\u00edresek \u2013, valamint a Jardines de la Reina szigetcsoportban, ahol a t\u00f6rt\u00e9nelem els\u00fcllyedt haj\u00f3t\u00f6r\u00f6ttjei kaleidoszk\u00f3pszer\u0171 halaknak \u00e9s tekn\u0151s\u00f6knek adj\u00e1k \u00e1t a hely\u00fcket.<\/p>\n<p>A kubai vend\u00e9gszeretet t\u00fall\u00e9p az \u00fcd\u00fcl\u0151helyi enkl\u00e1v\u00e9kon \u2013 az egykor \u201eturisztikai apartheidk\u00e9nt\u201d emlegetett szegreg\u00e1lt tereken \u2013, \u00e9s vir\u00e1gzik a casas particulares-ban, csal\u00e1di k\u00e9zben l\u00e9v\u0151 mened\u00e9kekben, amelyek kapukat nyitnak a priv\u00e1t udvarokra \u00e9s az autentikus eszmecser\u00e9re. A vid\u00e9ki v\u00e1rosokban a terek adnak otthont a helyi m\u00fazeumoknak, amelyek az \u0151slakosok gy\u00f6kereit\u0151l a forradalmi felfordul\u00e1sig kr\u00f3nik\u00e1sak, m\u00edg a kultur\u00e1lis k\u00f6zpontok afro-kubai t\u00e1ncel\u0151ad\u00e1sokat rendeznek, amelyek olyan r\u00e9gi ritmusokra l\u00fcktetnek, mint maga a sziget. \u00c9jszaka a Tropicana csillog\u00f3 rev\u00fcel\u0151ad\u00e1sai az 1950-es \u00e9vek csillog\u00e1s\u00e1nak maradv\u00e1nyait \u0151rzik \u2013 asztali kiszolg\u00e1l\u00e1s, d\u00edszes jelmezek \u00e9s \u00e9l\u0151 trombit\u00e1k \u2013, felid\u00e9zve azt a korszakot, amikor a maffi\u00e1hoz k\u00f6t\u0151d\u0151 impressz\u00e1ri\u00f3k keveredtek Havanna elitj\u00e9vel a ringat\u00f3z\u00f3 p\u00e1lmaf\u00e1k alatt.<\/p>\n<p>Havanna utc\u00e1in sz\u00fcrk\u00fcletkor barangolva olyan, mintha mag\u00e1t az id\u0151t j\u00e1rn\u00e1nk be: \u00d3-Havanna pasztellsz\u00edn\u0171 falai a gyarmati barokk \u00e9s a neoklasszikus amb\u00edci\u00f3kr\u00f3l tan\u00faskodnak; a k\u00f6zelben a Focsa \u00e9s m\u00e1s, sz\u00e1zad k\u00f6zep\u00e9n \u00e9p\u00fclt torony a forradalom \u00e1ltal f\u00e9lbeszak\u00edtott modernit\u00e1s t\u00f6rekv\u00e9seire utal. Egy let\u0171nt kor aut\u00f3i gurulnak a sz\u00e9les sug\u00e1rutakon; a keresked\u0151k tr\u00f3pusi gy\u00fcm\u00f6lcs\u00f6ket \u00e1rulnak fa kocsikr\u00f3l; a son \u00e9s a rumba dallamai a bolt\u00edveken kereszt\u00fcl sz\u00f3lnak. Itt minden macskak\u0151 \u00e9s oszlopsor r\u00e9tegzett t\u00f6rt\u00e9nelemmel teli.<\/p>\n<p>A kort\u00e1rs l\u00e1togat\u00f3nak azonban t\u00fal kell mer\u00e9szkednie a k\u00e9peslapra ill\u0151 l\u00e1tk\u00e9peken. Vid\u00e9ken, a profitorient\u00e1lt piacokon a gazd\u00e1kkal folytatott besz\u00e9lget\u00e9sek a sz\u0171k\u00f6ss\u00e9g k\u00f6zepette is ellen\u00e1ll\u00f3 v\u00e1llalkoz\u00f3i szellemr\u0151l \u00e1rulkodnak. A k\u00fcls\u0151 v\u00e1rosr\u00e9szekben a helyi klubok kubai reggae-vel \u00e9s rappel l\u00fcktetnek, \u00faj zenei narrat\u00edv\u00e1kat teremtve a hagyom\u00e1nyos alapokra \u00e9p\u00edtve. Playa Para\u00edso \u00e9s a Saturno-barlang krist\u00e1lytiszta vizei pihen\u00e9sre \u00e9s felfedez\u00e9sre egyar\u00e1nt cs\u00e1b\u00edtanak, m\u00edg a Zapata-mocs\u00e1r \u00e9s az El Nicho-v\u00edzes\u00e9sek a biol\u00f3giai sokf\u00e9les\u00e9g term\u00e9szetes katedr\u00e1lisaik\u00e9nt bontakoznak ki \u2013 olyan helyekk\u00e9nt, ahol a m\u0171anyag \u00e9s a zaj ritk\u00e1n hatol be.<\/p>\n<p>Kuba \u00e9p\u00edt\u00e9szeti kaleidoszk\u00f3pja \u2013 gyarmati er\u0151d\u00f6k \u00e9s templomok, k\u00f6zt\u00e1rsas\u00e1gi f\u0151v\u00e1rosok \u00e9s sz\u00e1llod\u00e1k, szovjet hat\u00e1s\u00fa lak\u00f3h\u00e1zak \u00e9s csillog\u00f3 \u00faj \u00fcd\u00fcl\u0151helyek \u2013 felt\u00e9rk\u00e9pezi a sziget ideol\u00f3giai \u00e9s eszt\u00e9tikai v\u00e1ltoz\u00e1sait. A t\u00e9gl\u00e1kon \u00e9s habarcson t\u00fal azonban a szok\u00e1sok \u00e9l\u0151 \u00e9p\u00edt\u00e9szete is ott rejlik: a k\u00f6z\u00f6ss\u00e9gi \u00edr\u00e1stud\u00e1si k\u00f6r\u00f6k, az \u00e1llamilag t\u00e1mogatott sportiskol\u00e1k, a vil\u00e1gsz\u00ednvonal\u00fa t\u00e1ncosokat kinevez\u0151 balett akad\u00e9mi\u00e1k, valamint az ingyenes eg\u00e9szs\u00e9g\u00fcgyi klinik\u00e1k, ahol belf\u00f6ld\u00f6n vagy k\u00fclf\u00f6ld\u00f6n k\u00e9pzett orvosok minden polg\u00e1rral foglalkoznak.<\/p>\n<p>Ez a soksz\u00edn\u0171 nemzet neh\u00e9zkes jellemz\u00e9seket k\u00edn\u00e1l. Egyszerre a t\u00e1rsadalmi eredm\u00e9nyek jelz\u0151f\u00e9nye az \u00edr\u00e1stud\u00e1s \u00e9s az eg\u00e9szs\u00e9g\u00fcgy ter\u00e9n, a hidegh\u00e1bor\u00fas geopolitika olvaszt\u00f3t\u00e9gelye, a tart\u00f3s kultur\u00e1lis szinkretizmus birodalma, \u00e9s egy l\u00e9legzetel\u00e1ll\u00edt\u00f3 sz\u00e9ps\u00e9g\u0171, de ugyanakkor \u00e1lland\u00f3 neh\u00e9zs\u00e9gekkel teli t\u00e1j. Kub\u00e1val tal\u00e1lkozni annyit tesz, mint \u00f6sszeegyeztetni ellentmond\u00e1sait \u2013 tan\u00fai lehet\u00fcnk mind a mindennapi t\u00fal\u00e9l\u00e9s h\u00e9tk\u00f6znapjainak, mind egy olyan n\u00e9p rendk\u00edv\u00fcli vitalit\u00e1s\u00e1nak, amely kitart\u00e1ssal \u00e9s kecsess\u00e9ggel v\u00e9szelte \u00e1t a h\u00f3d\u00edt\u00e1sokat, a forradalmakat \u00e9s az embarg\u00f3t. Minden v\u00f6lgyben, kis utc\u00e1ban \u00e9s k\u00e1v\u00e9z\u00f3ban, minden klasszikus koncerten \u00e9s parasztf\u00f6ld\u00f6n egy olyan t\u00f6rt\u00e9netet \u00e9rz\u00e9kel\u00fcnk, amely sem nem statikus, sem nem monolitikus, hanem ink\u00e1bb egy dinamikus gobelin, amelyet a t\u00f6rt\u00e9nelem, a kult\u00fara \u00e9s a t\u00f6rekv\u00e9sek sz\u00e1lai sz\u0151nek.<\/p>\n<p>Azoknak az utaz\u00f3knak, akik a \u00fcd\u00fcl\u0151helyen t\u00falra v\u00e1gynak, a jutalom sokr\u00e9t\u0171: Vi\u00f1ales borosty\u00e1nsz\u00edn\u0171 f\u00e9nye hajnalban; Che Guevara mauz\u00f3leum\u00e1nak csendes tisztelete; a k\u00f6rny\u00e9kbeli rumba lend\u00fclete; a k\u00f6dbe burkol\u00f3z\u00f3 Sierra Maestra \u00f6sv\u00e9ny csendje. A t\u00fcrelem \u00e9s a tisztelet azonban tov\u00e1bbra is elengedhetetlen \u2013 a nyitotts\u00e1g az ellentmond\u00e1sokra, a hajland\u00f3s\u00e1g arra, hogy tan\u00fai legy\u00fcnk a k\u00e9peslap m\u00f6g\u00f6tt rejl\u0151 val\u00f3s\u00e1gnak. Kuba nem adja fel titkait els\u0151 pillant\u00e1sra; megk\u00f6veteli, hogy a l\u00e1togat\u00f3 n\u00e9zzen, figyeljen \u00e9s tanuljon. Ennek sor\u00e1n nemcsak egy szigetorsz\u00e1got pillanthatunk meg, hanem az emberi ellen\u00e1ll\u00f3 k\u00e9pess\u00e9g, kreativit\u00e1s \u00e9s meggy\u0151z\u0151d\u00e9s olvaszt\u00f3t\u00e9gely\u00e9t is \u2013 egy olyan helyet, ahol a t\u00f6rt\u00e9nelem \u00e1ramlatai tov\u00e1bbra is alak\u00edtj\u00e1k a jelen sors\u00e1t.<\/p>","protected":false},"excerpt":{"rendered":"<p>T\u00f6bb mint 10 milli\u00f3 lakos\u00e1val Kuba \u2013 hivatalos nev\u00e9n Kubai K\u00f6zt\u00e1rsas\u00e1g \u2013 a Karib-t\u00e9rs\u00e9g harmadik legn\u00e9pesebb orsz\u00e1ga. Az Atlanti-\u00f3ce\u00e1n, a Mexik\u00f3i-\u00f6b\u00f6l \u00e9s az \u00e9szaki Karib-tenger tal\u00e1lkoz\u00e1s\u00e1n\u00e1l fekv\u0151 Kuba sz\u00e1razf\u00f6ldj\u00e9t tekintve a Karib-t\u00e9rs\u00e9g legnagyobb szigete. Sz\u00e1mos m\u00e1s kisebb szigettel, szigetecsk\u00e9vel \u00e9s homokz\u00e1tonysal egy\u00fctt az orsz\u00e1g teljes szigetsz\u00e1ma meghaladja a 4195-\u00f6t. Kuba f\u0151 szigete Isla de la Juventud. Mexik\u00f3 Yucat\u00e1n-f\u00e9lsziget\u00e9t\u0151l keletre, Florid\u00e1t\u00f3l \u00e9s a Baham\u00e1kt\u00f3l d\u00e9lre, Hispaniol\u00e1t\u00f3l nyugatra, amely mag\u00e1ban foglalja Haitit \u00e9s a Dominikai K\u00f6zt\u00e1rsas\u00e1got, valamint Jamaic\u00e1t\u00f3l \u00e9s a Kajm\u00e1n-szigetekt\u0151l \u00e9szakra tal\u00e1lhat\u00f3 Kuba strat\u00e9giai elhelyezked\u00e9se. Az orsz\u00e1g legnagyobb v\u00e1rosa \u00e9s a politikai \u00e9s kultur\u00e1lis \u00e9let k\u00f6zpontja Havanna, a f\u0151v\u00e1ros.<\/p>","protected":false},"author":1,"featured_media":4949,"parent":24084,"menu_order":0,"comment_status":"closed","ping_status":"closed","template":"elementor_theme","meta":{"_eb_attr":"","footnotes":""},"class_list":["post-9209","page","type-page","status-publish","has-post-thumbnail"],"_links":{"self":[{"href":"https:\/\/travelshelper.com\/hu\/wp-json\/wp\/v2\/pages\/9209","targetHints":{"allow":["GET"]}}],"collection":[{"href":"https:\/\/travelshelper.com\/hu\/wp-json\/wp\/v2\/pages"}],"about":[{"href":"https:\/\/travelshelper.com\/hu\/wp-json\/wp\/v2\/types\/page"}],"author":[{"embeddable":true,"href":"https:\/\/travelshelper.com\/hu\/wp-json\/wp\/v2\/users\/1"}],"replies":[{"embeddable":true,"href":"https:\/\/travelshelper.com\/hu\/wp-json\/wp\/v2\/comments?post=9209"}],"version-history":[{"count":0,"href":"https:\/\/travelshelper.com\/hu\/wp-json\/wp\/v2\/pages\/9209\/revisions"}],"up":[{"embeddable":true,"href":"https:\/\/travelshelper.com\/hu\/wp-json\/wp\/v2\/pages\/24084"}],"wp:featuredmedia":[{"embeddable":true,"href":"https:\/\/travelshelper.com\/hu\/wp-json\/wp\/v2\/media\/4949"}],"wp:attachment":[{"href":"https:\/\/travelshelper.com\/hu\/wp-json\/wp\/v2\/media?parent=9209"}],"curies":[{"name":"wp","href":"https:\/\/api.w.org\/{rel}","templated":true}]}}