{"id":9194,"date":"2024-09-07T17:03:29","date_gmt":"2024-09-07T17:03:29","guid":{"rendered":"https:\/\/travelshelper.com\/staging\/?page_id=9194"},"modified":"2026-03-13T15:14:19","modified_gmt":"2026-03-13T15:14:19","slug":"dominikai-kozosseg","status":"publish","type":"page","link":"https:\/\/travelshelper.com\/hu\/destinations\/north-america\/dominica\/","title":{"rendered":"Dominikai K\u00f6z\u00f6ss\u00e9g"},"content":{"rendered":"<p>Dominika a Karib-tengerb\u0151l emelkedik ki, egy alig 750 n\u00e9gyzetkilom\u00e9teres, szorosan \u00f6sszef\u00fcgg\u0151, szuver\u00e9n k\u00f6zt\u00e1rsas\u00e1gk\u00e9nt, a 2011-es n\u00e9psz\u00e1ml\u00e1l\u00e1s szerint 71 293 lakosa volt, m\u00e9gis ez a szer\u00e9ny m\u00e9ret elfedi a vulkanikus cs\u00facsok, a z\u00f6ld v\u00f6lgyek \u00e9s az \u00e9vezredek sor\u00e1n \u00e1t\u00edvel\u0151 emberi utaz\u00e1sok \u00e1ltal form\u00e1lt kult\u00fara rendk\u00edv\u00fcli sz\u00f6vev\u00e9ny\u00e9t. A francia tengerent\u00fali megy\u00e9k, Guadeloupe \u00e9szaknyugati r\u00e9sz\u00e9n \u00e9s Martinique d\u00e9lkeleti r\u00e9sz\u00e9n megb\u00fav\u00f3 sziget nyugati partj\u00e1n tal\u00e1lhat\u00f3 a f\u0151v\u00e1ros, Roseau, egy mintegy 14 725 lelket sz\u00e1ml\u00e1l\u00f3 telep\u00fcl\u00e9s, m\u00edg az \u00e9szakabbra fekv\u0151 Portsmouth 4167 lakosnak ad otthont. A felh\u0151k f\u00f6l\u00e9 1447 m\u00e9teres magass\u00e1gban \u00e1tt\u00f6r\u0151 Morne Diablotins uralja a bels\u0151 teret; egyetlen pillant\u00e1s ezekre a magass\u00e1gokra \u00e9rz\u00e9kelteti a sziget topogr\u00e1fiai dr\u00e1m\u00e1j\u00e1t. Dominika, amely cs\u00facs\u00e1t\u00f3l cs\u00facs\u00e1ig negyvenh\u00e9t kilom\u00e9ter hossz\u00fa \u00e9s huszonhat kilom\u00e9ter sz\u00e9les, egy hegyvid\u00e9ki birodalom nagyszer\u0171s\u00e9g\u00e9t s\u0171r\u00edti egy olyan t\u00e9rbe, amely kisebb, mint sok v\u00e1rosi k\u00f6zpont.<\/p>\n<p>Amikor az arawak tenger\u00e9szek el\u0151sz\u00f6r k\u00f6t\u00f6ttek ki a partokon az \u00f6t\u00f6dik sz\u00e1zadban, s\u0171r\u0171 erd\u0151k telhettek el megszak\u00edt\u00e1s n\u00e9lk\u00fcl; a tizen\u00f6t\u00f6dik sz\u00e1zadra a Kalinago foly\u00f3 a tenger fel\u00e9 szor\u00edtotta a korai telepeseket, egy olyan t\u00e1rsadalmat form\u00e1lva, amely finoman alkalmazkodott a foly\u00f3parti folyos\u00f3khoz \u00e9s a part menti enkl\u00e1v\u00e9khoz. Kolumbusz Krist\u00f3f, amikor 1493. november 3-\u00e1n sz\u00e1razf\u00f6ldet pillantott meg, transzatlanti t\u00e9rk\u00e9peinek sk\u00e1l\u00e1j\u00e1n figyelmen k\u00edv\u00fcl hagyta ezeket az \u0151slakos narrat\u00edv\u00e1kat. Az eur\u00f3pai verseny k\u00e9t \u00e9vsz\u00e1zadon \u00e1t bontakozott ki: a francia \u00fcltetv\u00e9nyesek az 1690-es \u00e9vekben nyugat-afrikai foglyokat telep\u00edtettek be, hogy k\u00e1v\u00e9\u00fcltetv\u00e9nyeken dolgozzanak, mire Nagy-Britannia 1763-ban \u00e1tvette az ir\u00e1ny\u00edt\u00e1st. Az angol uralom alatt a sziget nyelve megv\u00e1ltozott; politikai sorsa v\u00e9g\u00fcl 1978-ban k\u00f6zt\u00e1rsas\u00e1giv\u00e1 v\u00e1lt, amikor az \u00f6nrendelkez\u00e9s kikrist\u00e1lyosodott, a szabadon sz\u00fcletett dominik\u00e1nusokat a Nemzetk\u00f6z\u00f6ss\u00e9gbe \u00e9s sz\u00e1mos nemzetk\u00f6zi szervezetbe f\u0171zve.<\/p>\n<p>A modern Dominika \u00e9p\u00edt\u00e9sze tov\u00e1bbra is a vulkanizmus, \u00edgy a sziget a Kis-Antill\u00e1k legfiatalabbika. A Morne Trois Pitons k\u00f6zel\u00e9ben fumarol\u00e1k sziszegnek, \u00e9s t\u00e1pl\u00e1lj\u00e1k a talajvizet, amely a vil\u00e1g m\u00e1sodik legnagyobb h\u0151forr\u00e1s\u00e1b\u00f3l, a Boiling-t\u00f3b\u00f3l t\u00f6r fel \u2013 egy f\u00f6ld\u00f6nt\u00fali, forr\u00f3 g\u0151zzel \u00e9s bugybor\u00e9kol\u00f3 m\u00e9lys\u00e9gekkel teli medenc\u00e9b\u0151l. Meredek lejt\u0151k\u00f6n z\u00fadulnak le az es\u0151erd\u0151k, melyeket v\u00edzes\u00e9sek tark\u00edtanak, \u00e9s amelyek zuhog\u00f3 medenc\u00e9i sehol m\u00e1shol nem tal\u00e1lhat\u00f3 fajokat rejtenek. A sz\u00e9lv\u00e9dett sz\u00e9len azonban a boz\u00f3tos sz\u00e1razabb \u00e9g alatt is fennmarad, ami a sziget \u00e9ghajlati kontrasztjainak bizony\u00edt\u00e9ka. K\u00e9t \u00f6kor\u00e9gi\u00f3 \u2013 a nedves erd\u0151k \u00e9s a sz\u00e1raz cserj\u00e9sek \u2013 sz\u00e1mos n\u00f6v\u00e9nyvil\u00e1got tart fenn, bele\u00e9rtve a szomsz\u00e9dos szigeteken kihalt maradv\u00e1nyokat is. Ezek k\u00f6z\u00fcl a sisserou papag\u00e1j 2100 l\u00e1b magasan \u00fclt t\u00e1voli lombkoron\u00e1kban; lila tollazata a nemzeti z\u00e1szl\u00f3t d\u00edsz\u00edti, amely az egyetlen k\u00e9t lil\u00e1t visel\u0151 uralkod\u00f3 z\u00e1szl\u00f3 egyik\u00e9t jel\u00f6li.<\/p>\n<p>Emberi telep\u00fcl\u00e9sek \u00f6lelik k\u00f6r\u00fcl e hegyvid\u00e9ki fellegv\u00e1r perem\u00e9t. Roseau \u00e9s Portsmouth part menti k\u00f6zpontokat alkotnak; k\u00f6z\u00f6tt\u00fck kanyarg\u00f3s aut\u00f3p\u00e1ly\u00e1k h\u00faz\u00f3dnak foly\u00f3v\u00f6lgyek \u00e9s szikl\u00e1s partok ment\u00e9n. A 2010-es \u00e9vek elej\u00e9n k\u00fclf\u00f6ldi seg\u00edts\u00e9ggel \u00fajj\u00e1\u00e9p\u00edtett\u00e9k az Edward Oliver Leblanc \u00e9s a Dr. Nicholas Liverpool f\u0151\u00fatvonalakat, cs\u00f6kkentve az elszigetelts\u00e9get, m\u00e9g akkor is, ha dzsungeles emelked\u0151ket szeltek le. A napi t\u00f6megk\u00f6zleked\u00e9st mag\u00e1nbuszok t\u00f6ltik meg. K\u00e9t lesz\u00e1ll\u00f3p\u00e1lya, a Douglas-Charles \u00e9s a Canefield k\u00f6ti \u00f6ssze Dominik\u00e1t Miamival \u00e9s Newarkkal, az el\u0151bbit 2010-ben b\u0151v\u00edtett\u00e9k, hogy szer\u00e9nyebb rep\u00fcl\u0151g\u00e9peket is fogadhasson; egy harmadik rep\u00fcl\u0151t\u00e9r Wesley-ben emelkedik, amelynek befejez\u00e9s\u00e9t 2026-ra tervezik.<\/p>\n<p>A sziget hurrik\u00e1nokkal szembeni sebezhet\u0151s\u00e9ge m\u00e9lyen gy\u00f6kerezik a kollekt\u00edv eml\u00e9kezet\u00e9ben. 1979 augusztus\u00e1ban a David hurrik\u00e1n, egy 4-es kateg\u00f3ri\u00e1j\u00fa vihar, puszt\u00edt\u00e1st v\u00e9gzett az infrastrukt\u00far\u00e1ban \u00e9s a term\u00e9sben egyar\u00e1nt. A Dean 2007-ben \u00e9rkezett gyeng\u00e9bb vihark\u00e9nt, de a csapad\u00e9k okozta f\u00f6ldcsuszaml\u00e1sok ember\u00e9leteket k\u00f6veteltek \u00e9s ban\u00e1n\u00fcltetv\u00e9nyeket tettek a f\u00f6lddel egyenl\u0151v\u00e9. 2015-re az Erika tr\u00f3pusi vihar megduzzadt foly\u00f3i \u00e9s f\u00f6ldcsuszaml\u00e1sai t\u00f6meges evaku\u00e1l\u00e1sokat eredm\u00e9nyeztek, az \u00e9ves GDP 90 sz\u00e1zal\u00e9k\u00e1nak megfelel\u0151 k\u00e1rt okozva. K\u00e9t \u00e9vvel k\u00e9s\u0151bb az 5-\u00f6s kateg\u00f3ri\u00e1j\u00fa Maria a GDP 226 sz\u00e1zal\u00e9k\u00e1nak megfelel\u0151 vesztes\u00e9geket okozott \u2013 ez egy olyan katasztr\u00f3fa, amelyb\u0151l a fel\u00e9p\u00fcl\u00e9s neh\u00e9zkesnek bizonyult.<\/p>\n<p>A gazdas\u00e1gi \u00e9let egykor a ban\u00e1n k\u00f6r\u00fcl forgott, a 2000-es \u00e9vek elej\u00e9n a munkav\u00e1llal\u00f3k k\u00f6zel egyharmad\u00e1t foglalkoztatva. Az ingadoz\u00f3 id\u0151j\u00e1r\u00e1s \u00e9s a glob\u00e1lis \u00e1rak hamarosan bizonytalann\u00e1 tett\u00e9k ezt a monokult\u00far\u00e1t. Miut\u00e1n a preferenci\u00e1lis v\u00e1mok 2009-ben le\u00e9p\u00fcltek, a hat\u00f3s\u00e1gok a k\u00e1v\u00e9, a pacsuli, az aloe vera, a v\u00e1gott vir\u00e1gok, a mang\u00f3, a guava \u00e9s a papaya fel\u00e9 diverzifik\u00e1lt\u00e1k termel\u00e9s\u00fcket, \u00e9s egy \u00f6koturisztikai gazdas\u00e1g fellend\u00edt\u00e9s\u00e9re t\u00f6rekedtek. A n\u00f6veked\u00e9s az \u00e9vtized k\u00f6zep\u00e9n \u00fajraindult, 2005-ben t\u00f6bb mint h\u00e1rom sz\u00e1zal\u00e9kkal, 2006-ban pedig el\u00e9rte a n\u00e9gy sz\u00e1zal\u00e9kot, amit az \u00e9p\u00edt\u0151ipar, a szolg\u00e1ltat\u00e1sok \u00e9s a kialakul\u00f3ban l\u00e9v\u0151 turizmus t\u00e1mogatott. Az egy f\u0151re jut\u00f3 GDP azonban tov\u00e1bbra is a legalacsonyabbak k\u00f6z\u00e9 tartozott a keleti karibi t\u00e9rs\u00e9gben, \u00e9s az IMF tov\u00e1bbra is fenn\u00e1ll\u00f3 \u00e1llamad\u00f3ss\u00e1g-nyom\u00e1st \u00e9s a p\u00e9nz\u00fcgyi szektor hi\u00e1nyoss\u00e1gait \u00e9szlelte.<\/p>\n<p>A term\u00e9szetk\u00f6zeli turizmus v\u00e1lt a sziget n\u00e9vjegy\u00e9v\u00e9. A Boiling-t\u00f3 k\u00e9nes p\u00e1r\u00e1ja, a k\u00f6dbe burkol\u00f3z\u00f3 Smaragdz\u00f6ld-medence, a titoui smaragdz\u00f6ld szurdok \u00e9s a Morne Trois Pitons Nemzeti Park hull\u00e1mz\u00f3 gerincei \u2013 amelyet 1995. \u00e1prilis 4-\u00e9n vettek fel az UNESCO vil\u00e1g\u00f6r\u00f6ks\u00e9gi list\u00e1j\u00e1ra \u2013 h\u00edvogatj\u00e1k az \u0151si tal\u00e1lkoz\u00e1sokra v\u00e1gy\u00f3kat. Calibishie halv\u00e1ny homokja szokatlan partszakasz-megnyugv\u00e1st k\u00edn\u00e1l. A b\u00fav\u00e1rok a v\u00edz alatti k\u00fcrt\u0151ket f\u00fcrk\u00e9szik, m\u00edg a sznorkelez\u0151k Champagne pezsg\u0151 z\u00e1tony\u00e1n\u00e1l id\u0151znek Roseau-t\u00f3l d\u00e9lre, vagy Scotts Headn\u00e9l, ahol \u00e1ramlatok kavarognak egy vulkanikus hegyfok k\u00f6r\u00fcl. A roseau-i \u043a\u0440\u0443\u0438\u0437haj\u00f3k kik\u00f6t\u0151helyei folyamatosan vonzz\u00e1k a l\u00e1togat\u00f3kat, b\u00e1r 2008-ban Dominik\u00e1ra mind\u00f6ssze 55 800 l\u00e1togat\u00f3 \u00e9rkezett \u2013 ez a fele a k\u00f6zeli Haiti l\u00e1togat\u00f3inak.<\/p>\n<p>A vadvil\u00e1gban az emberi kult\u00fara kieg\u00e9sz\u00edt\u0151 er\u0151t sug\u00e1roz. A karib hagyom\u00e1ny \u00f6r\u00f6k\u00f6sei, a kalinag\u00f3k egy 15 n\u00e9gyzetkilom\u00e9teres ter\u00fcleten kelet fel\u00e9 laknak, \u00e9s meg\u0151rzik korm\u00e1nyz\u00e1sukat v\u00e1lasztott t\u00f6rzsf\u0151n\u00f6k\u00f6k\u00f6n kereszt\u00fcl. Kalinago Barana Aut\u00ea-ban egy rekonstru\u00e1lt faluban kenu\u00e9p\u00edt\u00e9si, mani\u00f3ka-feldolgoz\u00e1si, kos\u00e1rfon\u00e1si \u00e9s gy\u00f3gyn\u00f6v\u00e9ny-ismereti bemutat\u00f3kat tartanak, mindezt szer\u00e9ny bel\u00e9p\u0151d\u00edj ellen\u00e9ben, magasod\u00f3 erd\u0151 \u00e1rny\u00e9k\u00e1ban. A k\u00f6zelben a Massacre foly\u00f3 egy s\u00f6t\u00e9tebb fejezetre eml\u00e9keztet, amikor az angol telepesek St. Kitts-en lem\u00e9sz\u00e1rolt\u00e1k a falusiakat, t\u00fal\u00e9l\u0151iket pedig Dominika relat\u00edv mened\u00e9k\u00e9be \u0171zt\u00e9k.<\/p>\n<p>A zene \u00e9s a t\u00e1nc \u00e1thatja a nemzeti napt\u00e1rat. A f\u00fcggetlens\u00e9g napj\u00e1n, november 3-\u00e1n Roseau dobol\u00e1st\u00f3l, \u00e9nekl\u00e9st\u0151l \u00e9s kreol ruh\u00e1kba \u00f6lt\u00f6z\u00f6tt t\u00e1ncosokt\u00f3l rezon\u00e1l. 1997 \u00f3ta olyan fesztiv\u00e1lok, mint a Creole in the Park \u00e9s a World Creole Music Festival, \u00fcnneplik a f\u00fazi\u00f3s m\u0171fajokat: a Gordon Henderson Exile One egy\u00fcttes\u00e9nek vezet\u00e9s\u00e9vel 1973-ban sz\u00fcletett \u201eCadence-lypso\u201d a haiti, afro-kubai, az eur\u00f3pai \u00e9s az afrikai ritmusok kreat\u00edv metsz\u00e9spontj\u00e1t jelentette; a jing ping, a sziget harmonikavez\u00e9relt n\u00e9pzen\u00e9je, falusi terein visszhangzik. Olyan egy\u00fctteseken kereszt\u00fcl, mint a WCK \u00e9s a Triple Kay, a zenei foly\u00e9konys\u00e1g az \u0151si visszhangokat friss kifejez\u00e9sm\u00f3dd\u00e1 alak\u00edtja.<\/p>\n<p>Az irodalom is mag\u00e1n viseli Dominica k\u00e9znyom\u00e1t. A Roseau-ban sz\u00fcletett Jean Rhys megt\u00f6redezett kreol \u00f6r\u00f6ks\u00e9g\u00e9t festette meg a Sz\u00e9les Sargasso-tenger c\u00edm\u0171 m\u0171v\u00e9ben, amelyet k\u00e9s\u0151bb Phyllis Shand Allfrey Orchideah\u00e1z c\u00edm\u0171, \u00fcltetv\u00e9nyes k\u00f6rnyezetben j\u00e1tsz\u00f3d\u00f3 reg\u00e9ny\u00e9vel vet\u00edtett \u00f6ssze. A filmes st\u00e1bok is kerest\u00e9k a sziget vad hiteless\u00e9g\u00e9t; a Karib-tenger kal\u00f3zai: Holtak kincse \u00e9s a Vil\u00e1g v\u00e9g\u00e9n c\u00edm\u0171 filmekben a partvonalakat a kital\u00e1lt Pelegostok\u00e9nt \u00e1br\u00e1zolt\u00e1k, celluloidon \u00f6r\u00f6k\u00edtve meg az elvadult szikl\u00e1kat \u00e9s a rejtett \u00f6bl\u00f6ket.<\/p>\n<p>A kulin\u00e1ris gyakorlat a t\u00f6rt\u00e9nelmet \u00e9s a t\u00e1jat a mindennapi meg\u00e9lhet\u00e9shez k\u00f6ti. Roseau-ban a reggel s\u00f3zott hallal \u00e9s \u201ebakes\u201d-szel, azaz s\u00fclt t\u00e9szt\u00e1val kezd\u0151dik, sz\u00e1r\u00edtott t\u0151kehallal \u00e9s \u00e9l\u00e9nk cs\u00edp\u0151s sz\u00f3sszal p\u00e1ros\u00edtva; az utcai \u00e1rusok ezeket az alapvet\u0151 \u00e9teleket s\u00fclt csirke, hal \u00e9s gy\u00fcm\u00f6lcs\u00f6s-joghurtos turmixok mellett k\u00edn\u00e1lj\u00e1k. A s\u0171r\u00edtett tejjel \u00e9des\u00edtett kukoricalisztes zabk\u00e1sa l\u00e1gyabb reggeli fog\u00e1st k\u00edn\u00e1l, m\u00edg a pir\u00edt\u00f3son s\u00fclt toj\u00e1s a brit hat\u00e1sra utal. A fokhagym\u00e1val, gy\u00f6mb\u00e9rrel, hagym\u00e1val \u00e9s f\u0171szern\u00f6v\u00e9nyekkel pir\u00edtott marha- vagy csirkep\u00f6rk\u00f6lteket rizzsel \u00e9s z\u00f6ldbors\u00f3val, f\u0151z\u0151ban\u00e1nnal vagy gy\u00f6k\u00e9rz\u00f6lds\u00e9gekkel, p\u00e9ld\u00e1ul tanni\u00e1val t\u00e1lalj\u00e1k. A kiad\u00f3s hallevesek, gomb\u00f3cokkal \u00e9s dar\u00e1lt \u00e9lelmiszerekkel telesz\u00f3rva, a part menti b\u0151s\u00e9g \u00f6r\u00f6ks\u00e9g\u00e9t id\u00e9zik.<\/p>\n<p>Azoknak, akiket vonz a meger\u0151ltet\u00e9s, \u00f6sv\u00e9nyek h\u00e1l\u00f3zz\u00e1k be a bels\u0151 ter\u00fcleteket Middle Ham-v\u00edzes\u00e9st\u0151l a Pusztas\u00e1g V\u00f6lgy\u00e9ig, majd tov\u00e1bb a Forr\u00f3ban l\u00e9v\u0151 t\u00f3ig, egy meger\u0151ltet\u0151 nyolc\u00f3r\u00e1s oda-vissza od\u00fcsszei\u00e1ra. A t\u00far\u00e1z\u00f3k f\u00e9lrees\u0151 medenc\u00e9kben vagy gejz\u00edrekkel teli szakad\u00e9kokban jutalmazz\u00e1k f\u00e1radoz\u00e1sukat. A kalandorok ker\u00e9kp\u00e1rozhatnak, zipline-ozhatnak, vagy f\u00fcgg\u0151leges sziklafalakra m\u00e1szhatnak a l\u00e9legzetel\u00e1ll\u00edt\u00f3 panor\u00e1m\u00e1val szeg\u00e9lyezett kanyont\u00far\u00e1kon. A tengeri tekn\u0151s\u00f6k \u00e1prilis \u00e9s okt\u00f3ber k\u00f6z\u00f6tt hallgatnak \u0151si h\u00edv\u00e1sokra, amikor a h\u00e9jascs\u0151r\u0171, k\u00e9rges \u00e9s z\u00f6ld tekn\u0151s\u00f6k f\u00e9szkelnek a Mangrove-\u00f6b\u00f6lt\u0151l Portsmouthig terjed\u0151 strandokon, v\u00e9dett megfigyel\u0151pontokr\u00f3l figyelve \u0151ket.<\/p>\n<p>Dominika \u00fcd\u00fcl\u0151helyei olyan mened\u00e9ket ny\u00fajtanak, ahol gy\u00f3gyf\u00fcrd\u0151i kezel\u00e9sek t\u00f6ltik fel a vend\u00e9geket, ak\u00e1rcsak a sziget term\u00e1lforr\u00e1sai. Laudatban kis kunyh\u00f3k sorakoznak a z\u00fag\u00f3 patakok felett, pihen\u0151t k\u00edn\u00e1lva a k\u00f6vetkez\u0151 reggeli emelked\u0151 el\u0151tt. Scotts Headn\u00e9l a meredek hegyfok leny\u0171g\u00f6z\u0151 kil\u00e1t\u00e1st ny\u00fajt a Karib-tengerre Martinique fel\u00e9, eml\u00e9keztetve a sziget geopolitikai \u00f6sszefon\u00f3d\u00e1s\u00e1ra.<\/p>\n<p>Dominika \u00e9vsz\u00e1zados felfordul\u00e1son kereszt\u00fcl \u2013 az arawak t\u0171zhelyt\u0151l a gyarmati \u00fcltetv\u00e9nyekig, a rabszolgal\u00e1zad\u00e1st\u00f3l a f\u00fcggetlen demokr\u00e1ci\u00e1ig \u2013 meg\u0151rizte egyedi szellem\u00e9t. N\u00e9pe, sz\u00e9tsz\u00f3r\u00f3dva a tengerparti v\u00e1rosok \u00e9s a sz\u00e1razf\u00f6ld belsej\u00e9ben elter\u00fcl\u0151 tany\u00e1k k\u00f6z\u00f6tt, olyan ritmust testes\u00edt meg, amely egyens\u00falyt teremt a k\u00f6z\u00f6ss\u00e9gi k\u00f6tel\u00e9kek \u00e9s a n\u00f6vekv\u0151 egy\u00e9nis\u00e9gek k\u00f6z\u00f6tt. Itt, ebben a t\u0171z \u00e9s v\u00edz, erd\u0151 \u00e9s szikla olvaszt\u00f3t\u00e9gely\u00e9ben minden elem tart\u00f3s narrat\u00edv\u00e1t form\u00e1l: egy kicsiny, de hatalmas jelleg\u0171 nemzet\u00e9t, amely m\u00e9g mindig g\u0151zzel teli hajnalokban \u00e9s alkonyat papag\u00e1jhangon \u00edrja fejezeteit.<\/p>","protected":false},"excerpt":{"rendered":"<p>Dominika, kor\u00e1bbi nev\u00e9n Dominikai Nemzetk\u00f6z\u00f6ss\u00e9g, egy szigetorsz\u00e1g a Karib-tengeren. Ez a sziget, amely a Kis-Antill\u00e1k szigetcsoportj\u00e1nak Sz\u00e9l fel\u0151li szigetl\u00e1nc\u00e1n tal\u00e1lhat\u00f3, gazdag t\u00e1jair\u00f3l \u00e9s dinamikus kult\u00far\u00e1j\u00e1r\u00f3l ismert. Roseau, Dominika f\u0151v\u00e1rosa, a sziget nyugati oldal\u00e1n tal\u00e1lhat\u00f3, fest\u0151i kil\u00e1t\u00e1st ny\u00fajtva a Karib-tengerre. A sziget \u00e9szaknyugaton Guadeloupe-hoz, d\u00e9l-d\u00e9lkeleten pedig Martinique-hoz van legk\u00f6zelebb, amelyek mindkett\u0151 az Eur\u00f3pai Uni\u00f3 szerves r\u00e9sz\u00e9t k\u00e9pezi.<\/p>","protected":false},"author":1,"featured_media":3180,"parent":24084,"menu_order":0,"comment_status":"closed","ping_status":"closed","template":"elementor_theme","meta":{"_eb_attr":"","footnotes":""},"class_list":["post-9194","page","type-page","status-publish","has-post-thumbnail"],"_links":{"self":[{"href":"https:\/\/travelshelper.com\/hu\/wp-json\/wp\/v2\/pages\/9194","targetHints":{"allow":["GET"]}}],"collection":[{"href":"https:\/\/travelshelper.com\/hu\/wp-json\/wp\/v2\/pages"}],"about":[{"href":"https:\/\/travelshelper.com\/hu\/wp-json\/wp\/v2\/types\/page"}],"author":[{"embeddable":true,"href":"https:\/\/travelshelper.com\/hu\/wp-json\/wp\/v2\/users\/1"}],"replies":[{"embeddable":true,"href":"https:\/\/travelshelper.com\/hu\/wp-json\/wp\/v2\/comments?post=9194"}],"version-history":[{"count":0,"href":"https:\/\/travelshelper.com\/hu\/wp-json\/wp\/v2\/pages\/9194\/revisions"}],"up":[{"embeddable":true,"href":"https:\/\/travelshelper.com\/hu\/wp-json\/wp\/v2\/pages\/24084"}],"wp:featuredmedia":[{"embeddable":true,"href":"https:\/\/travelshelper.com\/hu\/wp-json\/wp\/v2\/media\/3180"}],"wp:attachment":[{"href":"https:\/\/travelshelper.com\/hu\/wp-json\/wp\/v2\/media?parent=9194"}],"curies":[{"name":"wp","href":"https:\/\/api.w.org\/{rel}","templated":true}]}}