{"id":9187,"date":"2024-09-07T16:46:44","date_gmt":"2024-09-07T16:46:44","guid":{"rendered":"https:\/\/travelshelper.com\/staging\/?page_id=9187"},"modified":"2026-03-13T16:13:12","modified_gmt":"2026-03-13T16:13:12","slug":"boca-chica","status":"publish","type":"page","link":"https:\/\/travelshelper.com\/hu\/destinations\/north-america\/dominican-republic\/boca-chica\/","title":{"rendered":"Boca Chica"},"content":{"rendered":"<p>A 167 040 lakos\u00fa Boca Chica telep\u00fcl\u00e9s \u2013 104 951 v\u00e1rosi \u00e9s 62 089 vid\u00e9ki seccione-ban \u00e9l\u0151 lakos \u2013 Santo Domingo de Guzm\u00e1nt\u00f3l mintegy harminc kilom\u00e9terre keletre fekszik, a Dominikai K\u00f6zt\u00e1rsas\u00e1g d\u00e9lkeleti partj\u00e1n; vizei finom feh\u00e9r homoknak csap\u00f3dnak, k\u00e9t apr\u00f3 szigetet v\u00e9dve, amelyeket a sz\u00e1zad k\u00f6zep\u00e9n kotr\u00e1ssal alak\u00edtottak ki, \u00e9s egy term\u00e9szetes k\u0151b\u0151l k\u00e9sz\u00fclt hull\u00e1mt\u00f6r\u0151 v\u00e9d, amely elt\u00e9r\u00edti az atlanti hull\u00e1mokat. Ezzel egy id\u0151ben, Panama csendes-\u00f3ce\u00e1ni oldal\u00e1n, egy m\u00e1sik Boca Chica fekszik a Pedregal foly\u00f3 torkolat\u00e1n\u00e1l, huszonnyolc kilom\u00e9terre d\u00e9lre az amerikai aut\u00f3p\u00e1ly\u00e1t\u00f3l \u00e9s \u00f6tven kilom\u00e9terre Davidt\u0151l, kapuk\u00e9nt szolg\u00e1lva a Golfo de Chiriqu\u00ed tengeri rezerv\u00e1tumhoz \u00e9s korallokkal bor\u00edtott szigeteinek konstell\u00e1ci\u00f3j\u00e1hoz. Minden helysz\u00ednnek van egy k\u00f6z\u00f6s neve, m\u00e9gis a karibi \u00e9let k\u00fcl\u00f6n\u00e1ll\u00f3 fejezeteit t\u00fckr\u00f6zi \u2013 az egyik a cukorn\u00e1d\u00fcltetv\u00e9nyes amb\u00edci\u00f3kb\u00f3l \u00e9s az autokratikus pomp\u00e1b\u00f3l sz\u00fcletett, a m\u00e1sikat az \u00e1rva hal\u00e1sz\u00f6b\u00f6l \u00e9s az \u00e9rintetlen panor\u00e1m\u00e1k form\u00e1lt\u00e1k \u2013, a f\u00f6ldrajzot, a t\u00f6rt\u00e9nelmet \u00e9s az emberi er\u0151fesz\u00edt\u00e9seket k\u00e9t p\u00e1rhuzamos narrat\u00edv\u00e1ba k\u00f6tve \u00f6ssze: naps\u00fct\u00f6tte partokr\u00f3l \u00e9s nyugtalan dag\u00e1lyr\u00f3l.<\/p>\n<p>1779-es alap\u00edt\u00e1s\u00e1t\u00f3l, San Jos\u00e9 de los Llanos n\u00e9ven, Don Isidro Peralta y Rojas dand\u00e1rt\u00e1bornok vezet\u00e9s\u00e9vel, a dominik\u00e1nus Boca Chica egy olyan mez\u0151gazdas\u00e1gi gobelint sz\u0151tt, amely meghat\u00e1rozta korai l\u00e9tez\u00e9s\u00e9t. Cukorn\u00e1df\u00f6ldek h\u00faz\u00f3dtak a sz\u00e1razf\u00f6ld belsej\u00e9ben, z\u00f6ld leveleik tr\u00f3pusi naps\u00fct\u00e9sben ringat\u00f3ztak az 1900-as \u00e9vek elej\u00e9ig, amikor Juan Bautista Vicini Burgos v\u00e1llalkoz\u00f3 a politikai befoly\u00e1s\u00e1t kihaszn\u00e1lva modern \u00fcltetv\u00e9nyes birtokk\u00e1 alak\u00edtotta a t\u00e1jat. Az \u00e1llami beavatkoz\u00e1s 1916-ban k\u00f6vetkezett, amikor a felt\u00f6rekv\u0151 cukorgy\u00e1r felgyors\u00edtotta a fejl\u0151d\u00e9st a malmok \u00e9p\u00edt\u00e9s\u00e9vel \u00e9s a munk\u00e1ssz\u00e1ll\u00e1sok \u00e9p\u00edt\u00e9s\u00e9vel, lerakva az infrastruktur\u00e1lis alapokat, amelyek 1926-ban egy Santo Doming\u00f3ba vezet\u0151 aszfaltozott aut\u00f3p\u00e1ly\u00e1ban cs\u00facsosodtak ki. Ez az \u00f6sszekapcsolts\u00e1g Boca Chic\u00e1t a f\u00e9lrees\u0151 falucsk\u00e1b\u00f3l a f\u0151v\u00e1ros kering\u0151j\u00e9v\u00e9 tette, cs\u00f6kkentve mind a fizikai, mind a t\u00e1rsadalmi t\u00e1vols\u00e1got a campesin\u00f3k \u00e9s a v\u00e1roslak\u00f3k k\u00f6z\u00f6tt.<\/p>\n<p>A politikai f\u00f6ldrajz 1932 november\u00e9ben ism\u00e9t \u00e1trendez\u0151d\u00f6tt, amikor Rafael Le\u00f3nidas Trujillo dikt\u00e1tor lev\u00e1lasztotta a telep\u00fcl\u00e9st San Pedro de Macor\u00edsr\u00f3l, hogy a Nemzeti K\u00f6rzethez csatolja. A k\u00f6vetkez\u0151 \u00e9vtizedben Boca Chica orsz\u00e1gos h\u00edrn\u00e9vre tett szert: Trujillo egy grandi\u00f3zus sz\u00e1llod\u00e1t \u00e9p\u00edttetett \u2013 a Hotel Hamaca-t \u2013, amelynek art deco vonalai \u00e9s tengerparti teraszai az elit csal\u00e1dok sz\u00e1m\u00e1ra fenntartott szabadid\u0151s korszakot hirdett\u00e9k. A part ment\u00e9n ny\u00e1ri vill\u00e1k sorakoztak, amelyek csak szem\u00e9lyg\u00e9pkocsival vagy aut\u00f3val k\u00f6zel\u00edthet\u0151k meg, exkluzivit\u00e1s l\u00e9gk\u00f6rt k\u00f6lcs\u00f6n\u00f6zve a v\u00e1rosnak. Ugyanez a sz\u00e1lloda azonban t\u00f6rt\u00e9nelmi jelent\u0151s\u00e9gre tett szert, amikor Fulgencio Batista, a megbuktatott kubai er\u0151s ember, mened\u00e9ket tal\u00e1lt a falai k\u00f6z\u00f6tt, feler\u0151s\u00edtve a hely geopolitikai rezonanci\u00e1j\u00e1t a puszta cukoron \u00e9s homokon t\u00falra.<\/p>\n<p>Trujillo 1961-es meggyilkol\u00e1sa megny\u00edlt a kiv\u00e1lts\u00e1gok kapui el\u0151tt, lehet\u0151v\u00e9 t\u00e9ve a sz\u00e9les k\u00f6r\u0171 nyilv\u00e1nos hozz\u00e1f\u00e9r\u00e9st a strandhoz, amely addig az arisztokr\u00e1cia privil\u00e9giuma volt. A t\u00f6megk\u00f6zleked\u00e9si buszok \u00e9s a megosztott taxik hamarosan t\u00f6megeket sz\u00e1ll\u00edtottak Santo Doming\u00f3b\u00f3l, felduzzasztva a partokat, a krist\u00e1lytiszta sek\u00e9ly vizek \u00e9s a m\u00faland\u00f3 pihen\u00e9s \u00edg\u00e9rete vonzotta a t\u00f6megeket. A l\u00e1togat\u00f3k a tengerfen\u00e9k enyhe lejt\u00e9s\u00e9nek k\u00f6sz\u00f6nhet\u0151en t\u00f6bb tucat m\u00e9teren \u00e1t nem tal\u00e1ltak der\u00e9kmagass\u00e1gn\u00e1l m\u00e9lyebb vizet; a k\u00f6zelben a f\u00f6ldalatti Brujuelas foly\u00f3 \u00e9desvize sziv\u00e1rgott a hull\u00e1mokba, a s\u00f3t \u00e9dessel enyh\u00edtve. E demokratiz\u00e1l\u00f3d\u00e1s k\u00f6zepette a Hamaca sz\u00e1lloda kezdeti pomp\u00e1j\u00e1n t\u00fal is fennmaradt, az id\u0151 pedig eg\u00e9szen 1979-ig kiszak\u00edtotta a v\u00edz al\u00f3l, amikor a David hurrik\u00e1n pusztul\u00e1sa bez\u00e1rta kapuit, \u00e9s \u00e9vekig tart\u00f3 elhagyatotts\u00e1got \u00e9s helyi gazdas\u00e1gi visszaes\u00e9st ind\u00edtott el.<\/p>\n<p>Az \u00fajj\u00e1sz\u00fclet\u00e9s szakaszosan \u00e9rkezett. A Hotel Hamaca elhagyatott sziluettje, amely sok\u00e1ig a halv\u00e1nyul\u00f3 \u00e1lmok maradv\u00e1nya volt, v\u00e9g\u00fcl \u00fajj\u00e1\u00e9ledt, szob\u00e1i \u00fajra megny\u00edltak a nyilv\u00e1nos panor\u00e1m\u00e1hoz \u00e9s a turisztikai mag\u00e1n\u00f6vezetekhez k\u00f6zel keres\u0151 vend\u00e9gek el\u0151tt. Az \u00f6nkorm\u00e1nyzat diverzifik\u00e1lta l\u00e1tnival\u00f3it: Los Pinos egy homokos szigetecskek\u00e9nt jelent meg, amely kik\u00f6t\u0151b\u0151l kotort \u00fcled\u00e9kb\u0151l alakult ki, \u00e9s a kir\u00e1ndul\u00f3kat a naps\u00fct\u00f6tte mag\u00e1nyban val\u00f3 id\u0151z\u00e9sre cs\u00e1b\u00edtotta; a La Matica \u00e9s a La Piedra, a mangroveerd\u0151kb\u0151l \u00e1ll\u00f3 z\u00e1tonyok, mad\u00e1rmened\u00e9kk\u00e9 v\u00e1ltak a v\u00e1ndormadarak \u00e9s a helyi madarak sz\u00e1m\u00e1ra egyar\u00e1nt. K\u00e9t kis kik\u00f6t\u0151 adott otthont a b\u00fav\u00e1rkod\u00e1shoz, z\u00e1tonyokhoz \u00e9s horg\u00e1szhelyekhez tart\u00f3 haj\u00f3knak, m\u00edg a term\u00e9szetes hull\u00e1mt\u00f6r\u0151 nyugodt vizet biztos\u00edtott, amely ide\u00e1lis volt a kezd\u0151k sz\u00e1m\u00e1ra, hogy kipr\u00f3b\u00e1lj\u00e1k a b\u00fav\u00e1rkod\u00e1st vagy a tengeri kajakoz\u00e1st an\u00e9lk\u00fcl, hogy f\u00e9lni\u00fck kellett volna a hirtelen hull\u00e1mokt\u00f3l.<\/p>\n<p>A v\u00e1ros \u00e9s a strand szimbi\u00f3zisban m\u0171k\u00f6dik. A v\u00edzparton a szabadt\u00e9ri teraszokkal rendelkez\u0151 \u00e9ttermek napi fog\u00e1sokkal \u00e9s grillezett halakkal v\u00e1rj\u00e1k a vend\u00e9geket, m\u00edg a pizz\u00e9ri\u00e1k illatos t\u00e9szt\u00e1val \u00e9s bugybor\u00e9kol\u00f3 sajttal t\u00f6ltik meg az alkonyati \u00f3r\u00e1kat. Az \u00e1rusok szuven\u00edrekkel, kagyl\u00f3h\u00e9j-nyakl\u00e1ncokkal, szalmakalapokkal \u00e9s a Karib-t\u00e9rs\u00e9gb\u0151l sz\u00e1rmaz\u00f3 csecsebecs\u00e9kkel megrakott kocsikat tolnak. A b\u00e1rok hajnalt\u00f3l k\u00e9s\u0151 estig feler\u0151s\u00edtett merengue \u00e9s bachata ritmusokt\u00f3l l\u00fcktetnek, a l\u00e1togat\u00f3kat a lass\u00fa szieszt\u00e1kt\u00f3l az \u00e9jszakai mulatoz\u00e1sokig kalauzolj\u00e1k. Est\u00e9re neonl\u00e1mp\u00e1sok keretezik a bulihelysz\u00edneket, ahol a vend\u00e9gek a ringat\u00f3z\u00f3 p\u00e1lm\u00e1k alatt ringat\u00f3znak, a zene basszusa pedig visszhangozza a h\u00f6mp\u00f6lyg\u0151 dag\u00e1lyt.<\/p>\n<p>A gyakorlatban az eljut\u00e1s ebbe a tengerparti kisv\u00e1rosba tov\u00e1bbra is egyszer\u0171. \u00c9szak-Amerika vagy Kanada kapuib\u00f3l az utaz\u00f3k olcs\u00f3 rep\u00fcl\u0151jegyeket foglalnak Punta Cana vagy Las Am\u00e9ricas rep\u00fcl\u0151tereire, majd fix \u00e1r\u00fa taxival utaznak Boca Chic\u00e1ba \u2013 gyakran az utaz\u00e1si csomagok r\u00e9szek\u00e9nt. A Puerto Ric\u00f3b\u00f3l \u00e9rkez\u0151 tenger\u00e9szek v\u00e1laszthatj\u00e1k a Santo Doming\u00f3ba tart\u00f3 kompot, majd k\u00f6z\u00faton juthatnak el a tengerpartra. A helysz\u00ednen a gyalogos utaz\u00e1s meghitt betekint\u00e9st ny\u00fajt a helyi \u00e9letbe, m\u00edg a motorcs\u00f3nakok b\u00e9rl\u00e9se gyors hozz\u00e1f\u00e9r\u00e9st biztos\u00edt a szigetecsk\u00e9khez \u00e9s a b\u00fav\u00e1rkod\u00f3helyekhez. Azok sz\u00e1m\u00e1ra, akik az ir\u00e1ny\u00edtott biztons\u00e1gi szolg\u00e1latot r\u00e9szes\u00edtik el\u0151nyben, a Santo Domingo Colonial Citybe tart\u00f3 taxik fix d\u00edjat sz\u00e1m\u00edtanak fel \u2013 negyven doll\u00e1r egy \u00fatra, hetven doll\u00e1r oda-vissza \u2013 minim\u00e1lis alkudoz\u00e1ssal \u00e9s h\u00e1zhozsz\u00e1ll\u00edt\u00e1si k\u00e9nyelemmel.<\/p>\n<p>A v\u00e1roson bel\u00fcl egy k\u00f6zponti park bontakozik ki, mint egy t\u00e1rsas\u00e1gi sz\u00ednh\u00e1z. A helyiek kov\u00e1csoltvas padokon gy\u0171lnek \u00f6ssze, besz\u00e9lgetnek a bany\u00e1nf\u00e1k alatt, amelyek gy\u00f6kerei a korl\u00e1tokra omlanak. Az utcasarki k\u00e1v\u00e9z\u00f3k caf\u00e9 con leche-t \u00e9s h\u00e1zi k\u00e9sz\u00edt\u00e9s\u0171 s\u00fctem\u00e9nyeket \u00e1rulnak, porcel\u00e1ncs\u00e9sz\u00e9iket a kora reggeli szell\u0151 g\u0151z\u00f6li. A napi ritmusok a tr\u00f3pusi gy\u00fcm\u00f6lcs\u00f6ket k\u00edn\u00e1l\u00f3 \u00e1rusok ritmus\u00e1ban \u00e9s a k\u00f6zeli sz\u00f6k\u0151k\u00fat m\u00e1rv\u00e1nyfel\u00fcleteit sikl\u00f3 gyerekek nevet\u00e9s\u00e9ben \u00e9rz\u0151dnek. Ezeken a sik\u00e1torokon s\u00e9t\u00e1lni olyan, mint tan\u00faja lenni a k\u00f6z\u00f6ss\u00e9gi k\u00f6tel\u00e9kek \u00e1ltal felfokozott mindennapi pillanatnak \u2013 egy olyan \u00e9lm\u00e9ny, amely ugyanolyan mag\u00e1val ragad\u00f3, mint b\u00e1rmely v\u00edzi tev\u00e9kenys\u00e9g.<\/p>\n<p>A v\u00edzi kalandok sokakat vonzanak Boca Chica l\u00e1gy partvid\u00e9k\u00e9re. A sznorkelez\u00e9s sor\u00e1n papag\u00e1jhalakat \u00e9s ajakoshalakat fedezhet\u00fcnk fel, amelyek a korallz\u00e1tonyok k\u00f6z\u00f6tt cik\u00e1znak; a b\u00fav\u00e1rok a helyi szolg\u00e1ltat\u00f3kon kereszt\u00fcl szem\u00e9lyre szabott kir\u00e1ndul\u00e1sokat foglalhatnak, elmer\u00fclve az el\u00e1rasztott barlangokban \u00e9s z\u00e1tonyfalakban. A sporthorg\u00e1szok marlin, tonhal \u00e9s dor\u00e1d\u00f3 horg\u00e1szat\u00e1ra b\u00e9relnek haj\u00f3kat, ors\u00f3ik a permetben megt\u00f6r\u0151 napsugarak alatt sz\u00f3lnak. A kereskedelmi g\u00e9pezetek \u2013 a v\u00edzitaxik \u2013 szer\u00e9ny d\u00edjak\u00e9rt eg\u00e9sz napos t\u00far\u00e1kat k\u00edn\u00e1lnak: haj\u00f3nk\u00e9nt sz\u00e1z doll\u00e1r\u00e9rt b\u00e1lnalesre, tengerparti kir\u00e1ndul\u00e1sra \u00e9s sznorkelez\u00e9sre van lehet\u0151s\u00e9g olyan csoportok sz\u00e1m\u00e1ra, amelyek megt\u00f6ltik a fed\u00e9lzetet; a fejenk\u00e9nti \u00e1rak h\u00fasz doll\u00e1r k\u00f6r\u00fcl mozognak, ami bel\u00e9p\u00e9st biztos\u00edt a gyors spanyol nyelven vezetett \u00f6kot\u00far\u00e1kra.<\/p>\n<p>A mindennapi \u00e9let kiterjed a kereskedelemre is. A Duarte sug\u00e1r\u00faton egy apr\u00f3cska szivarbolt tal\u00e1lhat\u00f3, ahol hazai \u00e9s import szivarokat k\u00edn\u00e1lnak; minden m\u00e1sodik nap egy William nev\u0171 szivaros a v\u00e1s\u00e1rl\u00f3k k\u00e9r\u00e9s\u00e9re egyedi szivarokat k\u00e9sz\u00edt. K\u00e9t szupermarket \u2013 az egyik a parkot szeg\u00e9lyezi, a m\u00e1sik a Be Live Hamaca \u00fcd\u00fcl\u0151hely mellett \u2013 \u00e9lelmiszereket \u00e9s alapvet\u0151 \u00e9lelmiszereket k\u00edn\u00e1l, m\u00edg a gy\u00f3gyszert\u00e1rak \u00e9s a postai szolg\u00e1ltat\u00e1sok alapvet\u0151 funkci\u00f3kat l\u00e1tnak el. A mell\u00e9kutc\u00e1kban aj\u00e1nd\u00e9kt\u00e1rgyak sorakoznak, tulajdonosaik nyitottak az alkudoz\u00e1sra apr\u00f3s\u00e1gokon, de a gy\u00f3gyszerek \u00e9s az \u00e9lelmiszerek ter\u00e9n hat\u00e1rozottak. Az alkudoz\u00e1s tov\u00e1bbra is a szok\u00e1sos etikett r\u00e9sze, \u00e9s olyan elk\u00f6telezetts\u00e9get teremt, amely t\u00falmutat a puszta v\u00e1s\u00e1rl\u00e1son.<\/p>\n<p>A gasztron\u00f3miai k\u00edn\u00e1lat b\u0151s\u00e9ges. A tengerparti \u00e9tkezd\u00e9k illatos halp\u00f6rk\u00f6lteket, tenger gy\u00fcm\u00f6lcseib\u0151l k\u00e9sz\u00fclt paell\u00e1kat \u00e9s empanad\u00e1kat k\u00edn\u00e1lnak, amelyek arom\u00e1i keverednek a s\u00f3s leveg\u0151vel. Az utcai \u00e9tel\u00e1rusok faszenes grillekkel szeg\u00e9lyezik a homokot, csirk\u00e9t \u00e9s sert\u00e9sh\u00fast ny\u00e1rsra s\u00fctve a d\u00e9li vacsor\u00e1z\u00f3knak. A globaliz\u00e1ci\u00f3 ismer\u0151s jelk\u00e9pe \u2013 a Burger King \u2013 \u0151rszemk\u00e9nt \u00e1ll a helyi \u00e9telek mellett, kiel\u00e9g\u00edtve az amerikai alap\u00e9telek ir\u00e1nti v\u00e1gyat. Azok sz\u00e1m\u00e1ra, akik elmer\u00fcln\u00e9nek a dominikai \u00edzekben, a f\u0171szerek, s\u00fct\u0151olajok \u00e9s tr\u00f3pusi gy\u00fcm\u00f6lcs\u00f6k kever\u00e9ke olyan \u00e9l\u00e9nk palett\u00e1t alkot, mint az \u00e9gsz\u00ednk\u00e9k tenger.<\/p>\n<p>A sz\u00e1ll\u00e1slehet\u0151s\u00e9gek a szer\u00e9ny sz\u00e1ll\u00e1sokt\u00f3l az all-inclusive kisv\u00e1rosokig terjednek. A v\u00e1rosk\u00f6zpont k\u00f6zel\u00e9ben kis csal\u00e1di k\u00e9zben l\u00e9v\u0151 sz\u00e1llod\u00e1k tal\u00e1lhat\u00f3k, amelyek el\u00e9rhet\u0151 \u00e1ron k\u00edn\u00e1lnak egyszer\u0171 szob\u00e1kat. Keletebbre k\u00e9t tengerparti \u00fcd\u00fcl\u0151hely \u2013 egykor a Hilton m\u00e1rkan\u00e9v alatt, ma pedig a Be Live \u00fczemelteti \u2013 priv\u00e1t homokos strandokat k\u00edn\u00e1l a vend\u00e9geknek, szolg\u00e1ltat\u00e1saikat pedig a z\u00f6kken\u0151mentes k\u00e9nyelemre v\u00e1gy\u00f3 nyaral\u00f3knak aj\u00e1nlj\u00e1k. Ezek a komplexumok medenc\u00e9ket, b\u00e1rokat \u00e9s szabadid\u0151s programokat foglalnak magukban, alternat\u00edv univerzumot teremtve a nyilv\u00e1nos strand sz\u00edv\u00e9lyes hangulat\u00e1val szemben.<\/p>\n<p>T\u00f6bb sz\u00e1z kilom\u00e9terre d\u00e9lnyugatra tal\u00e1lhat\u00f3 a panamai Boca Chica, amely m\u00e1s kr\u00f3nik\u00e1t \u00edr. A v\u00e1ros a Parque Nacional Marino Golfo de Chiriqu\u00ed nyugati partj\u00e1n fekszik, egy olyan ter\u00fcleten, amelyet a sporthorg\u00e1sz-\u00e9rt\u0151k tisztelnek marlin- \u00e9s tonhal\u00e1llom\u00e1nyai miatt. A Coiba Nemzeti Tengeri Park haj\u00f3\u00fatra tal\u00e1lhat\u00f3, korallkertjei c\u00e1p\u00e1k, mantar\u00e1j\u00e1k \u00e9s b\u00e1ln\u00e1k sz\u00e1m\u00e1ra ny\u00fajtanak mened\u00e9ket egy \u00f6kol\u00f3giai er\u0151d\u00edtm\u00e9nyben, amely ellen\u00e1ll a t\u00falhal\u00e1sz\u00e1snak. Az Islas Ladrones, Secas \u00e9s Paridas szigetei a part ment\u00e9n sz\u00e9tsz\u00f3r\u00f3dnak, mint a tiszta v\u00edzre v\u00e1gy\u00f3 b\u00fav\u00e1rok sz\u00e1m\u00e1ra alkalmas ugr\u00f3deszk\u00e1k, amelyekhez K\u00f6z\u00e9p-Amerik\u00e1ban ritk\u00e1n lehet hasonl\u00f3t tal\u00e1lni.<\/p>\n<p>Ehhez a tr\u00f3pusi kir\u00e1ndul\u00f3helyhez egyetlen \u00faton lehet eljutni, amely a Pedregal foly\u00f3 torkolat\u00e1n\u00e1l \u00e9r v\u00e9get. Az es\u0151s \u00e9vszakban ez az aszfaltcs\u00edk egykor meggy\u0171r\u0151d\u00f6tt a heves lefoly\u00e1s alatt, de a k\u00f6zelm\u00faltbeli fel\u00faj\u00edt\u00e1sok m\u00e9g a n\u00e9gykerek\u0171 j\u00e1rm\u0171vekkel is sim\u00e1bb\u00e1 tett\u00e9k az utat. A l\u00e1togat\u00f3k ezt a v\u00e9gs\u0151 megk\u00f6zel\u00edt\u00e9si pontot mangroveerd\u0151k \u00e9s Isla Boca Brava t\u00e1voli sziluettje keretezi \u2013 a szomsz\u00e9d a s\u00f3s v\u00edzen t\u00fal. A toronyh\u00e1zak hi\u00e1nya elszigetelts\u00e9g \u00e9rzet\u00e9t kelti; egyetlen sz\u00e1llodatorony sem t\u00f6ri meg a l\u00e1t\u00f3hat\u00e1rt, neoncs\u00edkok sem has\u00edtj\u00e1k a s\u00f6t\u00e9ts\u00e9get. Ehelyett f\u00e1b\u00f3l k\u00e9sz\u00fclt visk\u00f3k \u00e9s pasztellsz\u00edn\u0171 h\u00e1zak engednek bepillant\u00e1st a tengeri \u00e9l\u0151vil\u00e1gba a v\u00e9kony ker\u00edt\u00e9sek felett.<\/p>\n<p>A partt\u00f3l t\u00edzperces haj\u00f3\u00fatra fekv\u0151 Isla Saino a r\u00e9gi\u00f3 \u00e9rintetlen l\u00e9nyeg\u00e9nek mikrokozmoszak\u00e9nt szolg\u00e1l. A kir\u00e1ndul\u00f3k h\u00faszas \u00e9vekben \u00fasznak egyetlen homoks\u00e1von, m\u00edg azok, akik \u00e9jszaka t\u00f6ltik az id\u0151t, a mag\u00e1nyra \u00e9bredhetnek, amelyet csak a hull\u00e1mok \u00e9s a k\u00f3kuszp\u00e1lm\u00e1k sz\u00e9le tark\u00edt. A m\u00f3l\u00f3n tal\u00e1lhat\u00f3 b\u00fav\u00e1rfelszerel\u00e9sek szem\u00e9lyre szabott mer\u00fcl\u00e9si lehet\u0151s\u00e9geket k\u00edn\u00e1lnak a papag\u00e1jhalakkal \u00e9s s\u00fcg\u00e9rekkel pettyezett cs\u00facsok k\u00f6z\u00f6tt. Az olyan c\u00e9gek, mint a Gone Fishing, m\u00e9lytengeri kir\u00e1ndul\u00e1sokat szerveznek a tengeri z\u00e1tonyokhoz, ahol a marlinok tonhalrajok \u00fcld\u00f6z\u00e9se k\u00f6zben menek\u00fclnek; haj\u00f3ikat kis csoportok sz\u00e1m\u00e1ra konfigur\u00e1lt\u00e1k, ezek a charterek olyan intimit\u00e1st ny\u00fajtanak, amely a nagyobb flott\u00e1kban hi\u00e1nyzik.<\/p>\n<p>A sporthorg\u00e1szaton t\u00fal az utaz\u00e1sszervez\u0151k v\u00edzitaxikat is szerveznek kombin\u00e1lt \u00fatvonalakra: b\u00e1lnales szezonban, erd\u0151s z\u00e1tonyok l\u00e1togat\u00e1sa \u00e9s b\u00fav\u00e1rkod\u00e1s sek\u00e9ly z\u00e1tonyokon. Egy eg\u00e9sz napos foglal\u00e1s sz\u00e1z doll\u00e1r\u00e9rt haj\u00f3nk\u00e9nt csal\u00e1dok vagy kis csoportok sz\u00e1m\u00e1ra alkalmas, lehet\u0151s\u00e9g szerint k\u00e9tnyelv\u0171 idegenvezet\u0151ket k\u00edn\u00e1lva, de t\u00falnyom\u00f3r\u00e9szt a helyi spanyol nyelven \u2013 amelynek gyors m\u00e1ssalhangz\u00f3i az \u0151si tenger\u00e9szet t\u00f6rt\u00e9neteit hordozz\u00e1k. Azok, akik kev\u00e9sb\u00e9 besz\u00e9lnek spanyolul, azt tapasztalj\u00e1k, hogy a gesztusok \u00e9s a t\u00fcrelem elegend\u0151ek, amit a napfelkelte el\u0151tt felbukkan\u00f3 kardsz\u00e1rny\u00fa delfinek l\u00e1tv\u00e1nya \u00e9s a felett\u00fck k\u00f6r\u00f6z\u0151 fregattmadarak l\u00e1rm\u00e1ja jutalmaz.<\/p>\n<p>A v\u00e1rosban hajnalban ny\u00edlik a piac. A hal\u00e1szok kakashal-, csattog\u00f3hal- \u00e9s cavalli-fog\u00e1st pakolnak ki; a gazd\u00e1k a k\u00f6zeli \u00fcltetv\u00e9nyekr\u0151l betakar\u00edtott dinny\u00e9kkel \u00e9s papay\u00e1kkal \u00e9rkeznek. A s\u00e9t\u00e1nyt k\u00e9zzel sz\u0151tt f\u00fcgg\u0151\u00e1gyak \u00e9s kosarak standjai szeg\u00e9lyezik, k\u00e9zm\u0171vess\u00e9g\u00fck a gener\u00e1ci\u00f3kon \u00e1t \u00f6r\u00f6kl\u0151d\u0151 \u0151shonos technik\u00e1kat id\u00e9zi. Nem kevesebb, mint h\u00e1rom \u00e9tterem k\u00edn\u00e1l k\u00f3kuszos rizst \u00e9s friss ceviche-t, \u00e9tlapjaikat t\u00e1bl\u00e1kra firk\u00e1lva, az \u00e1rak a napi fog\u00e1si mennyis\u00e9gekt\u0151l, nem pedig fix r\u00e1csokt\u00f3l f\u00fcggenek.<\/p>\n<p>Az \u00e9jszaka lesz\u00e1ll a fekete b\u00e1rsonyos vizekre, \u00e9s a v\u00e1ros szel\u00edd nyugalomba borul. L\u00e1mp\u00e1sok f\u00e9nye vil\u00e1g\u00edtja meg a rakpartot, mik\u00f6zben a helyiek h\u00e1l\u00f3kat jav\u00edtanak \u00e9s haj\u00f3motorokat jav\u00edtanak, a d\u00edzelolaj illata keveredik az \u00f3ce\u00e1n permet\u00e9vel. M\u00e1sutt az utaz\u00f3k c\u00f6l\u00f6p\u00f6kre \u00e9p\u00edtett szabadt\u00e9ri bungal\u00f3kban pihennek, az \u00e9jszakai hull\u00e1mok szimf\u00f3ni\u00e1ja ringatja \u0151ket. Nem egy megahotel uralja a horizontot; ehelyett az egyszer\u0171 vend\u00e9gszeretet hatja \u00e1t minden \u00e9p\u00fcletet, olyan k\u00f6tel\u00e9ket kov\u00e1csolva a vend\u00e9g \u00e9s a h\u00e1zigazda k\u00f6z\u00f6tt, amely t\u00falmutat a hi\u00e1nyz\u00f3 luxuson.<\/p>\n<p>E kett\u0151s f\u00f6ldrajzi ter\u00fcleten Boca Chica az ellent\u00e9tek tanulm\u00e1nyoz\u00e1sak\u00e9nt jelenik meg: az egyiket a cukorgazdags\u00e1g \u00e9s az autokratikus v\u00edzi\u00f3 form\u00e1lta, a m\u00e1sikat az \u00e1rap\u00e1ly ritmusa \u00e9s a hal\u00e1szati \u200b\u200bhagyom\u00e1nyok form\u00e1lt\u00e1k. Mindkett\u0151 az emberi kitart\u00e1s bizony\u00edt\u00e9kait viseli mag\u00e1n \u2013 mangroveerd\u0151be v\u00e1jt utak, llanos-hegys\u00e9gre telep\u00edtett \u00fcltetv\u00e9nyek, hatalom jelz\u00e9s\u00e9re emelt sz\u00e1llodahomlokzatok, helyi f\u00e1b\u00f3l \u00f6ssze\u00e1ll\u00edtott h\u00e1zik\u00f3k. Mindegyik elmer\u00fcl\u00e9st \u00edg\u00e9r: az egyik a dominikai h\u00e9tv\u00e9gi utaz\u00f3k vid\u00e1m zenebon\u00e1j\u00e1ba; a m\u00e1sik a csendes reggelekbe, amikor dor\u00e1d\u00f3fog\u00e1ssal h\u00fazz\u00e1k a horgokat a felkel\u0151 nap alatt. Mindk\u00e9t v\u00e1ltozatban a n\u00e9v a naps\u00fct\u00f6tte v\u00edz \u00e9s homok \u00edg\u00e9ret\u00e9t id\u00e9zi \u2013 olyan elemeket, amelyek az embereket a partokra vonzz\u00e1k meg\u00fajul\u00e1s, pihen\u00e9s \u00e9s felfedez\u00e9s keres\u00e9se c\u00e9lj\u00e1b\u00f3l.<\/p>","protected":false},"excerpt":{"rendered":"<p>Boca Chica egy \u00e9rdekes telep\u00fcl\u00e9s a Dominikai K\u00f6zt\u00e1rsas\u00e1g Santo Domingo tartom\u00e1ny\u00e1ban. A 2022-es n\u00e9psz\u00e1ml\u00e1l\u00e1s szerint a lakoss\u00e1ga 167 040 f\u0151, ebb\u0151l 104 951 a v\u00e1rosban \u00e9s 62 089 a vid\u00e9ki ter\u00fcleteken \u00e9l. Ez a dinamikus falu a tev\u00e9kenys\u00e9g \u00e9s a kult\u00fara k\u00f6zpontja, mik\u00f6zben gazdag t\u00f6rt\u00e9nelemmel \u00e9s term\u00e9szeti sz\u00e9ps\u00e9gekkel is rendelkezik.<\/p>","protected":false},"author":1,"featured_media":3348,"parent":9128,"menu_order":0,"comment_status":"closed","ping_status":"closed","template":"elementor_theme","meta":{"_eb_attr":"","footnotes":""},"class_list":["post-9187","page","type-page","status-publish","has-post-thumbnail"],"_links":{"self":[{"href":"https:\/\/travelshelper.com\/hu\/wp-json\/wp\/v2\/pages\/9187","targetHints":{"allow":["GET"]}}],"collection":[{"href":"https:\/\/travelshelper.com\/hu\/wp-json\/wp\/v2\/pages"}],"about":[{"href":"https:\/\/travelshelper.com\/hu\/wp-json\/wp\/v2\/types\/page"}],"author":[{"embeddable":true,"href":"https:\/\/travelshelper.com\/hu\/wp-json\/wp\/v2\/users\/1"}],"replies":[{"embeddable":true,"href":"https:\/\/travelshelper.com\/hu\/wp-json\/wp\/v2\/comments?post=9187"}],"version-history":[{"count":0,"href":"https:\/\/travelshelper.com\/hu\/wp-json\/wp\/v2\/pages\/9187\/revisions"}],"up":[{"embeddable":true,"href":"https:\/\/travelshelper.com\/hu\/wp-json\/wp\/v2\/pages\/9128"}],"wp:featuredmedia":[{"embeddable":true,"href":"https:\/\/travelshelper.com\/hu\/wp-json\/wp\/v2\/media\/3348"}],"wp:attachment":[{"href":"https:\/\/travelshelper.com\/hu\/wp-json\/wp\/v2\/media?parent=9187"}],"curies":[{"name":"wp","href":"https:\/\/api.w.org\/{rel}","templated":true}]}}