{"id":9177,"date":"2024-09-07T16:17:25","date_gmt":"2024-09-07T16:17:25","guid":{"rendered":"https:\/\/travelshelper.com\/staging\/?page_id=9177"},"modified":"2026-03-13T16:04:28","modified_gmt":"2026-03-13T16:04:28","slug":"cabarete","status":"publish","type":"page","link":"https:\/\/travelshelper.com\/hu\/destinations\/north-america\/dominican-republic\/cabarete\/","title":{"rendered":"Cabarete"},"content":{"rendered":"<p>Cabarete a Dominikai K\u00f6zt\u00e1rsas\u00e1g Puerto Plata tartom\u00e1ny\u00e1nak \u00e9szaki partj\u00e1n fekszik, egy karcs\u00fa telep\u00fcl\u00e9ss\u00e1vban, amely a Camino Cinco ment\u00e9n h\u00faz\u00f3dik, nagyj\u00e1b\u00f3l tizennyolc kilom\u00e9terre a Gregorio Luper\u00f3n nemzetk\u00f6zi rep\u00fcl\u0151t\u00e9rt\u0151l. Kompakt v\u00e1rosias jellege egy ny\u00fczsg\u0151 \u00f6b\u00f6l \u00e9s a Cordillera Septentrional emelked\u0151 hegyei k\u00f6z\u00f6tt ter\u00fcl el; eg\u00e9sz \u00e9vben s\u00fct a naps\u00fct\u00e9s \u00e9s az \u00e1lland\u00f3 szelek a v\u00edzisportok k\u00f6zpontj\u00e1v\u00e1 tett\u00e9k, vonzva azokat az utaz\u00f3kat, akiknek nyughatatlan lelke egyszerre v\u00e1gyik fel\u00fcd\u00fcl\u00e9sre \u00e9s pihen\u00e9sre.<\/p>\n<p>Att\u00f3l a pillanatt\u00f3l kezdve, hogy Zephaniah Kingsley 1835-ben ig\u00e9nyt tartott ezekre a partokra, a v\u00e1ros t\u00f6rt\u00e9nete elv\u00e1laszthatatlan az utaz\u00e1sokt\u00f3l \u2013 emberek, kult\u00far\u00e1k, sz\u00fcntelen mozg\u00e1sban l\u00e9v\u0151 elemi er\u0151k utaz\u00e1sait\u00f3l. Kingsley, egy k\u00fclf\u00f6ldi keresked\u0151, aki \u00f6tvenh\u00e1rom floridai rabszolg\u00e1j\u00e1t szabad\u00edtotta fel, majd Jean Pierre Boyer korm\u00e1nyz\u00f3 rendelete alapj\u00e1n tov\u00e1bbi sz\u00e1zat hozott Hispaniola ezen r\u00e9sz\u00e9re, lerakta a Mayorasgo de Koka birtok alapjait, amelynek \u00f6r\u00f6ks\u00e9ge a haiti eredet\u0171 nevekben \u00e9s a vegyes \u00f6r\u00f6ks\u00e9g\u0171 csal\u00e1dokban \u00e9l tov\u00e1bb. Anna Kingsley szer\u00e9ny tengerparti h\u00e1zik\u00f3ja a kik\u00f6t\u0151 mellett, amely m\u00e1ra m\u00e1r r\u00e9g feled\u00e9sbe mer\u00fclt, egykor az atlanti hull\u00e1mok \u00e9s a tr\u00f3pusi szell\u0151 tal\u00e1lkoz\u00e1s\u00e1n\u00e1l \u00e1llt, jelk\u00e9pezve azt az \u00f6sszeolvad\u00e1st, amely k\u00e9s\u0151bb meghat\u00e1rozta ezt a helyet. Az els\u0151 telepesek lesz\u00e1rmazottai \u2013 mind a Kingsley-csal\u00e1d, mind a felszabad\u00edtott csal\u00e1dok \u2013 ma is kanyarg\u00f3s utakon \u00e9lnek, \u00e9let\u00fck \u00f6sszefon\u00f3dik a l\u00e9d\u00fas p\u00e1r\u00e1val, a hajnali pelik\u00e1nok ki\u00e1lt\u00e1s\u00e1val \u00e9s a sz\u00e9l hajtotta vitorl\u00e1k csap\u00f3d\u00e1s\u00e1val az \u00f6b\u00f6l felsz\u00edn\u00e9n.<\/p>\n<p>Maga a Cabarete-\u00f6b\u00f6l alkotja a v\u00e1ros sz\u00edv\u00e9t. Itt egy aranyl\u00f3 homokos f\u00e9lhold kanyarog a sz\u00e9l \u00e9s az \u00e1rap\u00e1ly sz\u00fcntelen ingadoz\u00e1sa alatt. Profi kitesurf versenyek, mint p\u00e9ld\u00e1ul a WorldCup vagy a Copa Mundial, a Master of the Ocean sorozat \u00e9s a PKRA, term\u00e9szetes amfite\u00e1trumra leltek ezeken a partokon; sz\u00ednes csillog\u00e1sokat var\u00e1zsolnak az az\u00fark\u00e9k v\u00e9gtelens\u00e9gre, a pil\u00f3t\u00e1k pedig az \u00e9vente k\u00f6zel h\u00e1romsz\u00e1z napon tombol\u00f3 sz\u00e9ll\u00f6k\u00e9seket haszn\u00e1lj\u00e1k ki. Nyugaton a Kite Beach mind\u00f6ssze k\u00e9t \u00e9s f\u00e9l kilom\u00e9terre fekszik az \u00f6b\u00f6l k\u00f6zpontj\u00e1t\u00f3l. Laposabb, lag\u00fanaszer\u0171 j\u00e1tsz\u00f3teret k\u00edn\u00e1l, z\u00e1tonyai pedig cs\u00e1b\u00edtj\u00e1k a stand-up paddle sz\u00f6rf\u00f6s\u00f6ket, akik \u00fcvegfel\u00fcleteken cs\u00fasznak az Atlanti-\u00f3ce\u00e1n l\u00fcktet\u00e9se el\u0151tt. Azok sz\u00e1m\u00e1ra, akik t\u00f6retlen hull\u00e1mokat keresnek, a Playa Encuentro mintegy \u00f6t kilom\u00e9terrel nyugatabbra sz\u00e1mos hull\u00e1mot k\u00edn\u00e1l; itt az \u00f3ce\u00e1n temperamentuma a legmegb\u00edzhat\u00f3bb, a sz\u00f6rfiskol\u00e1k ezeken az \u00f6r\u00f6k hull\u00e1mokon vir\u00e1goztak, a kezd\u0151k pedig a t\u00fcrelmes oktat\u00f3kban tal\u00e1lnak vigaszt, m\u00edg a tapasztalt veter\u00e1nok \u00fcreges cs\u00f6veket kergetnek.<\/p>\n<p>Az alkonyat alig csillap\u00edtja Cabarete energi\u00e1j\u00e1t. A Camino Cinco ment\u00e9n h\u00faz\u00f3d\u00f3 turista\u00fatvonalat sz\u00e1ll\u00e1shelyek tarka v\u00e1laszt\u00e9ka szeg\u00e9lyezi \u2013 a t\u00e1rsash\u00e1zi lak\u00e1sokt\u00f3l \u00e9s apartmanhotelekt\u0151l kezdve a vend\u00e9gh\u00e1zakig, amelyek nyikorg\u00f3 verand\u00e1i az \u00fatsz\u00e9li standokra \u00e9s neonf\u00e9nyes b\u00e1rokra n\u00e9znek. Az aj\u00e1nd\u00e9kboltok k\u00e9zzel k\u00e9sz\u00edtett guayabera ingeket \u00e9s faragott uszad\u00e9kf\u00e1t dob\u00e1lnak az utc\u00e1ra, m\u00edg az \u00e9ttermek, hostelek \u00e9s \u00e9jszakai klubok csillagk\u00e9pekk\u00e9nt vil\u00e1g\u00edtanak a lenge p\u00e1lmaf\u00e1k el\u0151tt. M\u00e9gis, m\u00e9g a kikapcsol\u00f3d\u00e1s eme l\u00e1tv\u00e1nya k\u00f6zepette is, a h\u00e1torsz\u00e1g finomabb vonzer\u0151vel h\u00edvogat. A Monumento Natural Lagunas Cabarete y Goleta, egy v\u00e9dett tr\u00f3pusi karsztrendszer, a tenger \u00e9s a hegyek k\u00f6z\u00f6tt h\u00faz\u00f3dik: v\u00edznyel\u0151k, k\u0151\u0151rszemekk\u00e9nt magasod\u00f3 mogot\u00e1k, mangrove boz\u00f3tosok \u00e9s p\u00e1r\u00e1s \u00f6sv\u00e9nyek labirintusa, ahol ritka orchide\u00e1k kapaszkodnak a m\u00e9szk\u0151falakra. Vezetett s\u00e9t\u00e1k kanyarognak mangrove mocsarakon, rejtett barlangokon t\u00fal, ahol denev\u00e9rek keringenek s\u00f6t\u00e9t \u00edvekben, \u00e9s a lag\u00fan\u00e1k sz\u00e9lein, amelyeken g\u00e9mek \u00e9s legu\u00e1nok \u00e9lnek \u2013 tan\u00fabizonys\u00e1gul a biodiverzit\u00e1snak, amely ebben az \u00e9des- \u00e9s s\u00f3sv\u00edzi olvaszt\u00f3t\u00e9gelyben vir\u00e1gzik.<\/p>\n<p>Cabarete megk\u00f6zel\u00edt\u00e9se tov\u00e1bbra is egyszer\u0171, m\u00e9gis v\u00e1ltozatos. A legt\u00f6bb utaz\u00f3 Puerto Plata kis rep\u00fcl\u0151ter\u00e9n (POP) sz\u00e1ll le, ahol az \u00fat taxival alig h\u00fasz percig tart \u2013 ez gyakran negyven-\u00f6tven doll\u00e1rba ker\u00fcl j\u00e1rm\u0171venk\u00e9nt, f\u00fcggetlen\u00fcl az utasok sz\u00e1m\u00e1t\u00f3l; az \u00f3vatoss\u00e1g azt dikt\u00e1lja, hogy a menetrendeket k\u00e9t \u00f3r\u00e1val az indul\u00e1s el\u0151tt er\u0151s\u00edts\u00e9k meg, tekintettel a rep\u00fcl\u0151t\u00e9r kompakt m\u00e9ret\u00e9re \u00e9s az alkalmank\u00e9nti utols\u00f3 pillanatban t\u00f6rt\u00e9n\u0151 v\u00e1lt\u00e1sokra. A santiag\u00f3i Arturo Merino Ben\u00edtez International (STI) rep\u00fcl\u0151t\u00e9ren kereszt\u00fcl \u00e9rkez\u0151knek hosszabb \u00e1tsz\u00e1ll\u00e1ssal kell szemben\u00e9zni\u00fck \u2013 k\u00f6r\u00fclbel\u00fcl kilencven percig taxival, nagyj\u00e1b\u00f3l sz\u00e1z doll\u00e1r\u00e9rt \u00fatank\u00e9nt, ami t\u00edzzel oszthat\u00f3 k\u00f6lts\u00e9g, felt\u00e9ve, hogy az utasok hat\u00e1rozottan alkudnak \u00e9s elker\u00fclik az \u00fcl\u00e9senk\u00e9nti fel\u00e1rakat. \u00c9jszaka az aj\u00e1nlott \u00fatvonal a vesz\u00e9lyes hegyi utat ker\u00fcli meg, ehelyett Puerto Plata v\u00e1ros\u00e1n halad \u00e1t; nappal alternat\u00edv lehet\u0151s\u00e9geket k\u00edn\u00e1l, bele\u00e9rtve a Santiag\u00f3b\u00f3l indul\u00f3 Caribe Tours buszokat \u2013 \u00f3r\u00e1nk\u00e9nt indulnak, dominikai pes\u00f3ban meghat\u00e1rozott \u00e1ron \u2013 \u00e9s a Sos\u00fa\u00e1b\u00f3l indul\u00f3 harminc perces gua gua utaz\u00e1sokat minim\u00e1lis helyi d\u00edjak\u00e9rt. Ambici\u00f3zusabb \u00fatvonalak is lehetnek Santo Doming\u00f3t\u00f3l indul\u00f3 aut\u00f3p\u00e1ly\u00e1n, ami egy h\u00e1rom \u00e9s f\u00e9l \u00f3r\u00e1s \u00fat, \u00e9s b\u00e1r hosszabb, a rep\u00fcl\u0151jegy-megtakar\u00edt\u00e1s elegend\u0151 lehet ahhoz, hogy ellens\u00falyozza a taxik\u00f6lts\u00e9get, ami k\u00f6zel k\u00e9tsz\u00e1z doll\u00e1rba ker\u00fcl. M\u00e9g Punta Cana gyakran olcs\u00f3bb transzatlanti \u00f6sszek\u00f6ttet\u00e9seit sem aj\u00e1nlj\u00e1k \u2013 a hat f\u00e1raszt\u00f3 \u00f3ra k\u00f6z\u00fati utaz\u00e1s \u00e9s a k\u00f6zel n\u00e9gysz\u00e1z doll\u00e1ros sz\u00e1ml\u00e1k miatt a csom\u00f3pont a legt\u00f6bbek sz\u00e1m\u00e1ra nem praktikus.<\/p>\n<p>A v\u00e1rosba \u00e9rve az utaz\u00f3k felfedezik, hogy Cabarete magja alig nyolcsz\u00e1z m\u00e9ter hosszan h\u00faz\u00f3dik a f\u0151\u00fatvonal ment\u00e9n. A nappali \u00f3r\u00e1kban s\u00e9t\u00e1lni lehet a j\u00e9ggel bor\u00edtott gy\u00fcm\u00f6lcsl\u00e9b\u00f3d\u00e9k \u00e9s a deszk\u00e1k form\u00e1it \u00f6sszehasonl\u00edtgat\u00f3, napbarn\u00edtott sz\u00f6rf\u00f6s\u00f6k csoportjai k\u00f6z\u00f6tt, s\u00f6t\u00e9ted\u00e9s ut\u00e1n azonban \u00f3vatosnak kell lenni: a Karib-t\u00e9rs\u00e9g nyugalma megt\u00e9veszt\u0151 lehet, amikor az utak \u00e1rny\u00e9kba borulnak. N\u00e9gy f\u0151 helyi k\u00f6zleked\u00e9si m\u00f3d uralkodik. A minden\u00fctt jelenl\u00e9v\u0151 motoconcho \u2013 utas\u00fcl\u00e9ses motorker\u00e9kp\u00e1rok \u2013 nappal \u00f6tven pes\u00f3\u00e9rt, este pedig sz\u00e1z\u00e9rt sz\u00e1guldanak a part ment\u00e9n; felsz\u00e1ll\u00e1s el\u0151tt meg kell \u00e1llapodni, \u00e9s \u00e9bernek kell lenni, hogy elker\u00fclj\u00fck az ittas sof\u0151r\u00f6ket. A guagu\u00e1k \u2013 sz\u0171k feh\u00e9r szem\u00e9lysz\u00e1ll\u00edt\u00f3 furgonok \u2013 huszon\u00f6t-\u00f6tven pes\u00f3\u00e9rt k\u00edn\u00e1lnak olcs\u00f3 alternat\u00edv\u00e1t \u00fcl\u00e9senk\u00e9nt, a viteld\u00edjakat gyakran hat\u00e1rozott alkudoz\u00e1ssal a fel\u00e9re cs\u00f6kkentik. A Carritos p\u00fablicos, l\u00e9nyeg\u00e9ben a cs\u00facskateg\u00f3ri\u00e1s Coroll\u00e1k, kevesebb utast sz\u00e1ll\u00edtanak harminc-hatvan pes\u00f3\u00e9rt, \u00e9s napnyugta ut\u00e1n megdupl\u00e1zz\u00e1k \u00e1raikat. V\u00e9g\u00fcl a szakszervezeti taxisflotta \u2013 a Previa furgonok vagy hasonl\u00f3k \u2013 szab\u00e1lyozott d\u00edjszab\u00e1ssal k\u00edn\u00e1l k\u00e9nyelmet \u00e9s megb\u00edzhat\u00f3s\u00e1got, b\u00e1r m\u00e1s k\u00f6zleked\u00e9si m\u00f3dokhoz k\u00e9pest pr\u00e9mium \u00e1ron.<\/p>\n<p>Cabarete identit\u00e1sa mindig is \u00f6sszefon\u00f3dott a sz\u00e9llel. \u00c9vente \u00e1tlagosan h\u00e1romsz\u00e1z szeles nappal az \u00f6b\u00f6lben \u00e9s a part menti strandokon nem kevesebb, mint harminch\u00e1rom sz\u00e9lsport-akad\u00e9mia m\u0171k\u00f6dik \u2013 iskol\u00e1k, amelyek z\u00e1szlaja m\u00e1rk\u00e1k k\u00f6rhint\u00e1j\u00e1ban lobog. A Cabarete-\u00f6b\u00f6lben a deszk\u00e1k sz\u00f6rfhull\u00e1mokat faragnak, m\u00edg a Bozo Beach \u00e9s a Kite Beach a kitesz\u00f6rf\u00f6s\u00f6ket h\u00edvja k\u00fcl\u00f6n ar\u00e9n\u00e1iba: az el\u0151bbi hull\u00e1mosabb tengert \u00e9s hatalmas vizet k\u00edn\u00e1l, az ut\u00f3bbi egy sek\u00e9ly z\u00e1tony \u00e1ltal szeg\u00e9lyezett kompakt ter\u00fcletet. Mindk\u00e9t helysz\u00ednen azonban vannak z\u00e1tonyok \u00e1ltal keltett hull\u00e1mok, amelyek a s\u00e1rk\u00e1nypil\u00f3t\u00e1k sz\u00e1m\u00e1ra egyar\u00e1nt kih\u00edv\u00e1st jelentenek a l\u00e9gi mutatv\u00e1nyok \u00e9s a hull\u00e1mlovagl\u00e1s finom\u00edt\u00e1sa ter\u00e9n.<\/p>\n<p>A sz\u00f6rf\u00f6s\u00f6k Playa Encuentro megb\u00edzhat\u00f3 hull\u00e1mz\u00f3 r\u00e9szei fel\u00e9 vonz\u00f3dtak \u2013 \u00f6t f\u0151 z\u00e1tony- \u00e9s pontszer\u0171 hull\u00e1mt\u00f6r\u00e9s, amelyek minden k\u00e9pzetts\u00e9gi szintnek megfelelnek. A t\u00fcrelmes, min\u0151s\u00edtett oktat\u00f3k a kezd\u0151ket habkoron\u00e1kba vezetik, miel\u0151tt magabiztos fordulatokat hajtan\u00e1nak v\u00e9gre, m\u00edg a halad\u00f3k \u00e9s a profik \u00e1rny\u00e9kos hord\u00f3kra vad\u00e1sznak. Nyugodtabb napokon a SUP-oz\u00e1s gyakorl\u00f3i z\u00e1tonyok \u00e1ltal k\u00f6r\u00fclvett nyugodt vizeken siklanak, vagy karcs\u00fa deszk\u00e1kkal m\u00e9rs\u00e9kelt hull\u00e1mokat fognak el \u2013 ez \u00e1lland\u00f3 eml\u00e9keztet\u0151 arra, hogy Cabaret\u00e9ben a lend\u00fclet nem mindig kell, hogy l\u00e1tv\u00e1nyos rep\u00fcl\u00e9sben t\u00f6rj\u00f6n ki.<\/p>\n<p>Ebben a v\u00edzi olvaszt\u00f3t\u00e9gelyben k\u00fcl\u00f6nleges nevek jelentek meg. A Dare2fly Kiteboarding School, amely a Kite Beachen, az Agualina Kite Resort k\u00f6zel\u00e9ben tal\u00e1lhat\u00f3, naponta m\u0171k\u00f6dik a Nemzetk\u00f6zi Kiteboarding Szervezet \u00e1ltal min\u0151s\u00edtett oktat\u00f3k vezet\u00e9s\u00e9vel; l\u00e9gkompresszorai v\u00e1szonvitorl\u00e1knak d\u00fcb\u00f6r\u00f6gnek, \u00fcgyfelei pedig anekdot\u00e1kkal mes\u00e9lnek az els\u0151 rep\u00fcl\u00e9seikr\u0151l a smaragdz\u00f6ld hull\u00e1mok felett. A Kite Club Kiteboarding Center, amely Cabarete k\u00f6zponti \u00fatj\u00e1nak a homokban val\u00f3 tal\u00e1lkoz\u00e1s\u00e1n\u00e1l tal\u00e1lhat\u00f3, szekr\u00e9nyeket, napoz\u00f3\u00e1gyakat \u00e9s mag\u00e1n\u00f3r\u00e1kat biztos\u00edt hajnalt\u00f3l alkonyatig; b\u00e1rja \u00e9s terasza a kezd\u0151k \u00e9s a veter\u00e1nok k\u00f6z\u00f6tti bajt\u00e1rsiass\u00e1got er\u0151s\u00edti. Azok, akik sz\u00e1rnyas evez\u00e9st, \u00e1ll\u00f3sz\u00f6rf\u00f6z\u00e9st vagy speci\u00e1lis tanfolyamokat keresnek, sz\u00e1mos hasonl\u00f3an felszerelt l\u00e9tes\u00edtm\u00e9nyben tal\u00e1lkozhatnak, amelyek mindegyike Cabarete sz\u00fcntelen passz\u00e1tszeleire t\u00e1maszkodik.<\/p>\n<p>Az oktat\u00e1son t\u00fal ott van a beszerz\u00e9s lehet\u0151s\u00e9ge is. Cabarete a s\u00e1rk\u00e1nygy\u00e1rt\u00f3k k\u00eds\u00e9rleti terepek\u00e9nt szerzett h\u00edrnevet, strandjai tesztp\u00e1ly\u00e1kk\u00e9nt is funkcion\u00e1lnak, ahol a protot\u00edpusok a habbal bevont s\u00e1rk\u00e1nycsap\u00e1sokb\u00f3l sz\u00fcletnek, majd finom\u00edt\u00e1s c\u00e9lj\u00e1b\u00f3l visszat\u00e9rnek. A v\u00e1s\u00e1rl\u00f3k olyan \u00e1ron v\u00e1s\u00e1rolhatnak haszn\u00e1lt felszerel\u00e9seket, amelyek olcs\u00f3bbak, mint a l\u00e9git\u00e1rsas\u00e1gok poggy\u00e1szd\u00edjai \u2013 ez pragmatikus \u00f6szt\u00f6nz\u0151 arra, hogy otthon hagyj\u00e1k a saj\u00e1t deszk\u00e1ikat. Az aj\u00e1nd\u00e9kt\u00e1rgyvad\u00e1szok olyan aj\u00e1nd\u00e9kboltokat tal\u00e1lnak, amelyek tele vannak Mamajuana inf\u00fazi\u00f3s k\u00e9szletekkel \u2013 f\u0171szeres palackokkal, amelyek p\u00e1colt gy\u00f3gyn\u00f6v\u00e9nyei \u00e9s k\u00e9rge egy em\u00e9szt\u0151elix\u00edrt eredm\u00e9nyez, amely egykor rum \u00e9s m\u00e9z illat\u00fa volt, \u00e9s gy\u00f3gy\u00edt\u00f3 tulajdons\u00e1gair\u00f3l h\u00edres. Fot\u00f3nyomatok \u00e9s egyedi p\u00f3l\u00f3k eml\u00e9keznek meg a szem\u00e9lyes od\u00fcsszei\u00e1kr\u00f3l a sz\u00e9lben \u00e9s a hull\u00e1mokon; a helyi k\u00e9zm\u0171vesek uszad\u00e9kf\u00e1b\u00f3l faragott talizm\u00e1nokat faragnak, amelyek a s\u00f3 \u00e9s a nap patin\u00e1j\u00e1t viselik magukon.<\/p>\n<p>A p\u00e9nz\u00fcgyi k\u00e9rd\u00e9sek figyelmet \u00e9rdemelnek. A tranzakci\u00f3k lebonyol\u00edt\u00e1s\u00e1ra a dominikai peso szolg\u00e1l, b\u00e1r az amerikai doll\u00e1r, az eur\u00f3 \u00e9s a kanadai doll\u00e1r enyhe fel\u00e1rral forog, gyakran elfogadj\u00e1k \u0151ket a k\u00e9nyelem kedv\u00e9\u00e9rt az \u00e9ttermekben \u00e9s b\u00e1rokban. A helysz\u00edni p\u00e9nzv\u00e1lt\u00e1s k\u00f6r\u00fcltekint\u00e9st ig\u00e9nyel: a rep\u00fcl\u0151t\u00e9ri kioszkok b\u00fcntet\u0151 kamatokat sz\u00e1m\u00edtanak fel, m\u00edg az ATM-ek \u2013 a Scotia Bank ATM-jeit kiv\u00e9ve \u2013 napi k\u00e9szp\u00e9nzfelv\u00e9teli limiteket \u00e9s szolg\u00e1ltat\u00e1si d\u00edjakat szabnak ki. Jobb lehet\u0151s\u00e9gek k\u00edn\u00e1lkoznak a helyi casas de cambi\u00f3kban, ahol esetleg nem sz\u00fcks\u00e9ges \u00fatlev\u00e9l, valamint a partnerbankokn\u00e1l, amelyek ablakai nagyobb \u00f6sszegeket dolgoznak fel pes\u00f3ban, amennyiben szem\u00e9lyazonos\u00edt\u00f3 okm\u00e1nyokat mutatnak be.<\/p>\n<p>Kulin\u00e1ris \u00e9lvezetek v\u00e1rnak a tengerparton t\u00fal is. A mell\u00e9kutc\u00e1kban \u00e9s a k\u00f6rny\u00e9kbeli utc\u00e1kban szer\u00e9ny vend\u00e9gl\u0151k szolg\u00e1lj\u00e1k fel a pica poll\u00f3t \u2013 ropog\u00f3sra s\u00fclt csirk\u00e9t, gazdag szigeti f\u0171szerekkel \u2013 \u00e9s a guisado-t, a s\u0171r\u0171, puha h\u00fassal \u00e9s gy\u00f6k\u00e9rz\u00f6lds\u00e9gekkel teli p\u00f6rk\u00f6ltet. Hajnalban \u00e9rkezik a Mangu, egy z\u00f6ldell\u0151 f\u0151z\u0151ban\u00e1np\u00fcr\u00e9, pir\u00edtott hagym\u00e1val \u00e9s s\u00fclt sajttal koron\u00e1zva; a sancocho k\u00fcl\u00f6nleges alkalmakkor lassan f\u0151, levese h\u00fassal, gum\u00f3kkal \u00e9s jamszgy\u00f6k\u00e9rrel duzzadt. A legt\u00f6bb \u00e9tteremben a hagyom\u00e1nyos t\u00e1ny\u00e9rok \u00e1ra sz\u00e1z\u00f6tven peso k\u00f6r\u00fcl mozog \u2013 ez egy szer\u00e9ny \u00e9tel, amely mind a testet, mind a k\u00edv\u00e1ncsi sz\u00e1jpadl\u00e1st t\u00e1pl\u00e1lja. D\u00e9lben a La Bandera Dominicana \u00e9rv\u00e9nyes\u00edti st\u00e1tusz\u00e1t, mint a nemzeti eb\u00e9dstandard \u2013 a feh\u00e9r rizs, a v\u00f6r\u00f6sbab \u00e9s egy adag h\u00fas egyes\u00edti a j\u00f3kedv\u0171 \u00e9tkez\u0151ket a kultur\u00e1lis b\u00fcszkes\u00e9g k\u00f6z\u00f6s jelk\u00e9pe alatt.<\/p>\n<p>\u00c9jszaka azonban gyakran tal\u00e1l a l\u00e1togat\u00f3kra tengerparti baldachinok alatt vagy szabadt\u00e9ri b\u00e1rokban, ahol DJ-k karibi ritmusokat j\u00e1tszanak hajnalig. M\u00e9gis, ezekben a zene \u00e9s nevet\u00e9s \u00f3r\u00e1iban Cabarete tov\u00e1bbra is a term\u00e9szet er\u0151ihez k\u00f6t\u0151dik: a s\u00f3s illatot a sz\u00e1razf\u00f6ld belsej\u00e9be hoz\u00f3 passz\u00e1tszelek, a v\u00e1rosi terjeszked\u00e9s vak\u00edt\u00f3 f\u00e9nye n\u00e9lk\u00fcl kering\u0151 csillagok, az \u00e1rap\u00e1ly, amely egy csendes metron\u00f3mhoz hasonl\u00f3an apad \u00e9s dagad.<\/p>\n<p>Az \u00f6r\u00f6ks\u00e9g \u00e9s a szabadid\u0151, a felszabadult csal\u00e1dok \u00e9s a szabad szellem\u0171 sportol\u00f3k eme f\u00fazi\u00f3j\u00e1ban Cabarete meg\u0151rzi vonzerej\u00e9t. Ellen\u00e1ll a statikus meghat\u00e1roz\u00e1snak, \u00f6r\u00f6kk\u00e9 az \u00e1rap\u00e1ly, a leveg\u0151ben sz\u00e1ll\u00f3 sz\u00e1rnyak mozg\u00e1s\u00e1nak, a rejtett lag\u00fan\u00e1kban \u00e9l\u0151 mangroveerd\u0151k lass\u00fa n\u00f6veked\u00e9s\u00e9nek van kit\u00e9ve. Vonzereje nem egyetlen l\u00e1tv\u00e1nyoss\u00e1gban rejlik, hanem az elemek \u00e9s az azokat form\u00e1l\u00f3 emberi \u00e9letek folyamatos t\u00e1nc\u00e1ban; egy olyan hely, ahol a t\u00f6rt\u00e9nelem a homok alatt kanyarog, ahol minden s\u00e1rk\u00e1nyrep\u00fcl\u0151 \u00edve \u00faj fejezetet v\u00e1zol fel a karibi \u00e9gbolt el\u0151tt.<\/p>\n<p>\u00cdgy azok, akik Cabaret\u00e9re mer\u00e9szkednek, t\u00f6bbet fedeznek fel, mint egy sz\u00f6rfv\u00e1rost vagy egy tengerparti \u00fcd\u00fcl\u0151helyet. T\u00f6rt\u00e9netek sokas\u00e1g\u00e1val tal\u00e1lkoznak \u2013 gyarmati t\u00f6rekv\u00e9sekkel, felszabadult \u00f6r\u00f6ks\u00e9gekkel, \u00f6kol\u00f3giai csod\u00e1kkal \u00e9s sportesem\u00e9nyekkel \u2013, amelyek egy keskeny tengerparti s\u00e1v ment\u00e9n sorakoznak fel. Itt, m\u00e9szk\u0151 kib\u00fav\u00e1sok \u00e9s cs\u00f6rl\u0151vitorl\u00e1k k\u00f6z\u00f6tt \u00e9rt\u00e9kelhetj\u00fck egy olyan hely rendk\u00edv\u00fcli finoms\u00e1g\u00e1t, amelyet az emberi akarat \u00e9s a term\u00e9szet lehelet\u00e9nek rend\u00edthetetlen ereje egyar\u00e1nt form\u00e1lt.<\/p>","protected":false},"excerpt":{"rendered":"<p>A Dominikai K\u00f6zt\u00e1rsas\u00e1g \u00e9szaki partj\u00e1n fekv\u0151 Cabarete \u00e9rintetlen strandjair\u00f3l \u00e9s akt\u00edv turisztikai ipar\u00e1r\u00f3l ismert. Ez a tengerparti telep\u00fcl\u00e9s 18 kilom\u00e9terre tal\u00e1lhat\u00f3 a Puerto Plata nemzetk\u00f6zi rep\u00fcl\u0151t\u00e9rt\u0151l, \u00e9s a modern l\u00e9tes\u00edtm\u00e9nyek, a t\u00f6rt\u00e9nelmi jelent\u0151s\u00e9g \u00e9s a figyelemre m\u00e9lt\u00f3 term\u00e9szeti t\u00e1j \u00f6tv\u00f6zet\u00e9t k\u00edn\u00e1lja.<\/p>","protected":false},"author":1,"featured_media":4515,"parent":9128,"menu_order":0,"comment_status":"closed","ping_status":"closed","template":"elementor_theme","meta":{"_eb_attr":"","footnotes":""},"class_list":["post-9177","page","type-page","status-publish","has-post-thumbnail"],"_links":{"self":[{"href":"https:\/\/travelshelper.com\/hu\/wp-json\/wp\/v2\/pages\/9177","targetHints":{"allow":["GET"]}}],"collection":[{"href":"https:\/\/travelshelper.com\/hu\/wp-json\/wp\/v2\/pages"}],"about":[{"href":"https:\/\/travelshelper.com\/hu\/wp-json\/wp\/v2\/types\/page"}],"author":[{"embeddable":true,"href":"https:\/\/travelshelper.com\/hu\/wp-json\/wp\/v2\/users\/1"}],"replies":[{"embeddable":true,"href":"https:\/\/travelshelper.com\/hu\/wp-json\/wp\/v2\/comments?post=9177"}],"version-history":[{"count":0,"href":"https:\/\/travelshelper.com\/hu\/wp-json\/wp\/v2\/pages\/9177\/revisions"}],"up":[{"embeddable":true,"href":"https:\/\/travelshelper.com\/hu\/wp-json\/wp\/v2\/pages\/9128"}],"wp:featuredmedia":[{"embeddable":true,"href":"https:\/\/travelshelper.com\/hu\/wp-json\/wp\/v2\/media\/4515"}],"wp:attachment":[{"href":"https:\/\/travelshelper.com\/hu\/wp-json\/wp\/v2\/media?parent=9177"}],"curies":[{"name":"wp","href":"https:\/\/api.w.org\/{rel}","templated":true}]}}