{"id":9165,"date":"2024-09-07T15:39:47","date_gmt":"2024-09-07T15:39:47","guid":{"rendered":"https:\/\/travelshelper.com\/staging\/?page_id=9165"},"modified":"2026-03-13T16:03:17","modified_gmt":"2026-03-13T16:03:17","slug":"san-cristobal","status":"publish","type":"page","link":"https:\/\/travelshelper.com\/hu\/destinations\/north-america\/dominican-republic\/san-cristobal\/","title":{"rendered":"San Crist\u00f3bal"},"content":{"rendered":"<p>A Dominikai K\u00f6zt\u00e1rsas\u00e1g d\u00e9li r\u00e9sz\u00e9n fekv\u0151 San Crist\u00f3bal egy term\u00e9keny v\u00f6lgyben fekszik a Cordillera Central l\u00e1b\u00e1n\u00e1l, a Nigua \u00e9s a Nizao foly\u00f3k kanyarg\u00f3s medrei k\u00f6z\u00f6tt, mintegy harminc kilom\u00e9terre nyugatra a DR-2 ment\u00e9n az orsz\u00e1g f\u0151v\u00e1ros\u00e1t\u00f3l. N\u00e9vad\u00f3 tartom\u00e1ny\u00e1nak \u00f6nkorm\u00e1nyzati vezet\u0151jek\u00e9nt Hato Damas egyetlen al\u00e1rendelt k\u00f6rzet\u00e9t uralja. Tr\u00f3pusi monszun \u00e9ghajlata, amelyet eg\u00e9sz \u00e9vben meleg \u00e9s m\u00e1just\u00f3l novemberig tart\u00f3 \u00f6z\u00f6nv\u00edzszer\u0171 es\u0151z\u00e9sek jellemeznek, form\u00e1lja mind a mindennapi \u00e9let ritmus\u00e1t, mind a z\u00f6ld, hull\u00e1mz\u00f3 terep k\u00f6rvonalait.<\/p>\n<p>San Crist\u00f3bal kezdeti napjait\u00f3l kezdve a v\u00e1ltoz\u00e1sok korszak\u00e1nak tan\u00faja volt. Kolumbusz Krist\u00f3f 1493-as m\u00e1sodik \u00fatja sor\u00e1n az eur\u00f3paiak szemei \u200b\u200bmegpillantott\u00e1k ezeket a lejt\u0151ket, \u00e9s a k\u00f6vetkez\u0151 \u00e9vsz\u00e1zadban ranchok \u00e9s cukorn\u00e1dtermeszt\u0151 haciend\u00e1k kezdtek burj\u00e1nzani a Haina \u00e9s a Nigua k\u00f6z\u00f6tti term\u00e9keny s\u00edks\u00e1gokon. A hagyom\u00e1ny szerint Miguel D\u00edaz, aki La Isabela szigor\u00fa b\u00fcntet\u00e9sei el\u0151l menek\u00fclt, aranylel\u0151helyeket fedezett fel itt bennsz\u00fcl\u00f6tt feles\u00e9ge, Catalin\u00e1t\u00f3l kapott \u00fatmutat\u00e1st. La Isabel\u00e1ba val\u00f3 visszat\u00e9r\u00e9se kataliz\u00e1lta a spanyol korona d\u00f6nt\u00e9s\u00e9t a Buenaventura er\u0151d \u2013 amelyet hamarosan San Crist\u00f3balra neveztek \u00e1t az admir\u00e1lis tisztelet\u00e9re \u2013 megalap\u00edt\u00e1s\u00e1r\u00f3l, ezzel lerakva egy telep\u00fcl\u00e9s alapjait, amelynek 1782-ben \u00e9p\u00fclt San Gregorio de Nigua pl\u00e9b\u00e1niatemploma a leg\u0151sibb \u00e9p\u00edtm\u00e9nyek k\u00f6z\u00e9 tartozik.<\/p>\n<p>A tizenkilencedik sz\u00e1zad t\u00f6rt\u00e9nelmi jelent\u0151s\u00e9g\u0171 r\u00e9tegeket adott hozz\u00e1. 1844-ben San Crist\u00f3bal ker\u00fclet\u00e9ben \u00fcnnep\u00e9lyesen al\u00e1\u00edrt\u00e1k a sz\u00fclet\u0151ben l\u00e9v\u0151 Dominikai K\u00f6zt\u00e1rsas\u00e1g alkotm\u00e1ny\u00e1t, megszil\u00e1rd\u00edtva a v\u00e1ros szerep\u00e9t a nemzeti szuverenit\u00e1s olvaszt\u00f3t\u00e9gely\u00e9ben. A v\u00e1ros kis utc\u00e1i \u00e9s terei tan\u00fai voltak a k\u00fcld\u00f6ttek buzg\u00f3 gy\u00fclekez\u00e9s\u00e9nek, al\u00e1\u00edr\u00e1saik kit\u00f6r\u00f6lhetetlen bizony\u00edt\u00e9kai voltak a sz\u00e1rnyait bontatlanul \u00e1ll\u00f3 nemzet elsz\u00e1nts\u00e1g\u00e1nak. Ezen a ker\u00fcleten bel\u00fcl az al\u00e1\u00edr\u00f3knak otthont ad\u00f3 \u00fcnnep\u00e9lyes terem a kollekt\u00edv eml\u00e9kezetben \u00e9l, m\u00e9g akkor is, ha a k\u00f6rnyez\u0151 \u00e9p\u00edtm\u00e9nyeket az id\u0151k folyamatos fejl\u0151d\u00e9se \u00e1tform\u00e1lta.<\/p>\n<p>M\u00e9gis a huszadik sz\u00e1zad veti gyakran a leghosszabb \u00e1rny\u00e9kot. 1891-ben San Crist\u00f3bal hat\u00e1rain bel\u00fcl sz\u00fcletett Rafael Le\u00f3nidas Trujillo Molina, aki harminc \u00e9vig uralkodott. A dikt\u00e1tor jelenl\u00e9te grandi\u00f3zus \u00e9s hivalkod\u00f3 eml\u00e9km\u0171vekkel nyomot hagyott a v\u00e1rosk\u00e9pen \u2013 k\u00f6zt\u00fck a Balneario La Toma, egy \u00fcd\u00fcl\u0151komplexum, amelyet a rekre\u00e1ci\u00f3s modernit\u00e1s bemutat\u00f3jak\u00e9nt k\u00e9pzeltek el, \u00e9s a Parque Piedras Vivas, egy oszlopsor, amelyet minden dominikai tartom\u00e1nyb\u00f3l \u00f6sszegy\u0171jt\u00f6tt k\u00f6vek alkottak, \u00f6ndics\u0151\u00edt\u0151 tisztelettel emelve. A csal\u00e1dj\u00e1hoz k\u00f6t\u0151d\u0151 mag\u00e1nbirtokok \u2013 az El Castillo El Cerro, a La Casa de Playa de Najayo (gyakran Casa de Marfilnak nevezik), a La Hacienda Mar\u00eda vagy Casa Blanca, valamint a pazar Casa de Caoba \u2013 egykor az uralm\u00e1t szimboliz\u00e1lt\u00e1k; ma, b\u00e1r fennmaradtak, ezek az \u00e9p\u00edtm\u00e9nyek az elhanyagol\u00e1s nyomait viselik magukon, homlokzataik \u00fagy omladoznak, mint egy olyan fejezet maradv\u00e1nyai, amelyet sokan b\u00e1rcsak soha nem \u00edrtak volna meg.<\/p>\n<p>Trujillo 1961-es hal\u00e1la \u2013 amikor egy \u00f6sszeesk\u00fcv\u0151 csoportja lel\u0151tte San Crist\u00f3bal fel\u00e9 menet \u2013 hirtelen v\u00e9get vetett az autoriter uralomnak, \u00e9p\u00edt\u00e9szeti \u00f6r\u00f6ks\u00e9ge m\u00e9gis be\u00e9p\u00fclt a v\u00e1ros sz\u00f6vet\u00e9be. M\u00edg a La Toma \u00fcd\u00fcl\u0151hely tov\u00e1bbra is vonzza a belf\u00f6ldi turist\u00e1kat, akik gyors tengerparti kikapcsol\u00f3d\u00e1st keresnek, \u00e9s az \u00c9l\u0151 K\u00f6vek parkja a g\u0151g \u00e9s az egys\u00e9g nem sz\u00e1nd\u00e9kos eml\u00e9km\u0171vek\u00e9nt \u00e1ll, sz\u00e1mtalan kisebb v\u00e1llalkoz\u00e1s emelkedik a f\u0151 utakon, jelezve a polg\u00e1ri k\u00e9sztet\u00e9st a fesz\u00fclt m\u00falt tereinek visszaszerz\u00e9s\u00e9re \u00e9s \u00faj c\u00e9l\u00fa felhaszn\u00e1l\u00e1s\u00e1ra.<\/p>\n<p>F\u00f6ldrajzilag San Crist\u00f3bal v\u00e1ltozatos k\u00e9pet mutat. A Nizao foly\u00f3n\u00e1l \u00f6sszefoly\u00f3 mell\u00e9kfoly\u00f3k \u00e1ltal \u00f6nt\u00f6z\u00f6tt v\u00f6lgyek alj\u00e1n kis\u00fczemi \u00fcltetv\u00e9nyek \u00e9lnek \u2013 hagyma\u00e1gy\u00e1sok a Najayo-Palenque s\u00edks\u00e1gon, k\u00e1v\u00e9\u00fcltetv\u00e9nyek a k\u00f6zelebbi hegyoldalak ment\u00e9n, \u00e9s citrus\u00fcltetv\u00e9nyek a Villa Altagraci\u00e1ban. A mez\u0151gazdas\u00e1gi \u00f6vezeten t\u00fal egy ipari folyos\u00f3 l\u00fcktet a ny\u00fczsg\u00e9st\u0151l. A Nestl\u00e9 Maggi gy\u00e1ra, a Goya Foods feldolgoz\u00f3\u00fczeme \u00e9s a Sancela Family csoport l\u00e9tes\u00edtm\u00e9nyei kiemelked\u0151 \u00e1llom\u00e1sokat foglalnak el, amelyekhez egy \u00fcvegipari park, a CEDELCA cs\u0151vezet\u00e9k-gy\u00e1r, valamint a Marmotech, a Tecnotiles \u00e9s a Star Marble m\u00e1rv\u00e1ny- \u00e9s csempem\u0171helyek csatlakoznak. Egy fegyvert\u00e1r-mentes \u00f6vezet \u00e9s k\u00fcl\u00f6nf\u00e9le k\u00f6nny\u0171ipari gy\u00e1rt\u00f3sorok teszik teljess\u00e9 a mozaikot. A Santo Doming\u00f3hoz val\u00f3 k\u00f6zels\u00e9g miatt azonban a lakoss\u00e1g jelent\u0151s r\u00e9sze naponta indul \u00fatnak a f\u0151v\u00e1rosba vagy a szomsz\u00e9dos k\u00f6zpontokba, p\u00e9ld\u00e1ul Bajo de Hain\u00e1ba \u00e9s Nigu\u00e1ba, kiv\u00e1ndorl\u00e1suk pedig a nagyv\u00e1rosi vonzer\u0151 mindennapos bizony\u00edt\u00e9ka.<\/p>\n<p>Gazdas\u00e1gi szempontb\u00f3l San Crist\u00f3bal az orsz\u00e1g v\u00e1rosi k\u00f6zpontjai k\u00f6z\u00f6tt az \u00f6t\u00f6dik helyen \u00e1ll \u2013 ezt a megk\u00fcl\u00f6nb\u00f6ztet\u00e9st a kereskedelem sz\u00e9les spektrum\u00e1ban t\u00fckr\u00f6zi. Az \u00f6nkorm\u00e1nyzaton bel\u00fcli \u00e9s a szomsz\u00e9dos szabad \u00f6vezetekben tal\u00e1lhat\u00f3 ipar egy\u00fctt l\u00e9tezik Bajo de Haina \u00e9s Palenque mez\u0151gazdas\u00e1gi v\u00e1llalkoz\u00e1saival \u00e9s kik\u00f6t\u0151i tev\u00e9kenys\u00e9geivel. A ny\u00fczsg\u0151 szabad \u00f6vezeti rakt\u00e1rak, ahol az exportra orient\u00e1lt \u00e1ruk szab\u00e1lyozott felvonul\u00e1sban mozognak, r\u00e1c\u00e1folnak a k\u00e1v\u00e9csereszny\u00e9t az erd\u0151s magaslatokr\u00f3l cs\u00e1b\u00edt\u00f3 vagy a hagymaf\u00f6ldek zsenge hajt\u00e1saiban csoportosul\u00f3 gazd\u00e1k csendes szorgalm\u00e1ra. A neh\u00e9zipar \u00e9s a szer\u00e9ny talajm\u0171vel\u00e9s egym\u00e1s melletti jelenl\u00e9te kiegyens\u00falyozott gazdas\u00e1got hat\u00e1roz meg, amely nem kiz\u00e1r\u00f3lag a megaprojektek\u00e9rt hajszol, \u00e9s nem is kiz\u00e1r\u00f3lag az id\u00e9nyjelleg\u0171 hozamok ingadoz\u00e1s\u00e1b\u00f3l \u00e9l.<\/p>\n<p>A turizmus, amely els\u0151sorban belf\u00f6ldi, tov\u00e1bbi \u00e9l\u00e9nks\u00e9get biztos\u00edt. Najayo strandja a csal\u00e1dokat arra cs\u00e1b\u00edtja, hogy a homokon pihenjenek \u00e9s a meleg tenger hull\u00e1maiban mer\u00e9szkedjenek, m\u00edg a Palenque partvid\u00e9k egy f\u00e9lrees\u0151bb mened\u00e9ket k\u00edn\u00e1l. A sz\u00e1razf\u00f6ld belsej\u00e9ben a Balnearios de La Toma medenc\u00e9i \u00e9s piknikez\u0151helyei vonzz\u00e1k a kir\u00e1ndul\u00f3kat, a Cuevas del Pomier \u2013 egy prekolumbi\u00e1n sziklarajzokkal tark\u00edtott barlangh\u00e1l\u00f3zat \u2013 pedig bepillant\u00e1st enged a sziget \u0151si lak\u00f3iba. A Haina \u00e9s a Nizao foly\u00f3k, amelyek mang\u00f3 \u00e9s ceiba \u00e1rnyai \u00e1ltal \u00e1rny\u00e9kolt kanyonokon kanyarognak, term\u00e9szetes amfite\u00e1trumokat biztos\u00edtanak az \u00fasz\u00f3k \u00e9s a horg\u00e1szok sz\u00e1m\u00e1ra egyar\u00e1nt, tiszta sodr\u00e1suk arra az id\u0151re eml\u00e9keztet, amikor a v\u00f6lgyben csak a madarak hangja visszhangzott.<\/p>\n<p>Sokoldal\u00fa t\u00f6rekv\u00e9seivel ar\u00e1nyosan San Crist\u00f3bal robusztus telekommunik\u00e1ci\u00f3t \u00e9p\u00edtett ki. Az els\u0151dleges orsz\u00e1gos telefonszolg\u00e1ltat\u00f3k teljes m\u00e9rt\u00e9kben m\u0171k\u00f6dnek, \u00e9s a k\u00e1bel- \u00e9s m\u0171holdas telev\u00edzi\u00f3s szolg\u00e1ltat\u00e1sok sz\u00e9les k\u00f6rben el\u00e9rhet\u0151k, lehet\u0151v\u00e9 t\u00e9ve a lakosok sz\u00e1m\u00e1ra, hogy ne csak a k\u00f6zt\u00e1rsas\u00e1gon bel\u00fcl maradjanak kapcsolatban, hanem a glob\u00e1lis diskurzusokkal is tiszt\u00e1ban legyenek. A k\u00e1v\u00e9z\u00f3kban \u00e9s a szer\u00e9ny \u00fczletekben egyar\u00e1nt a lakosok laptopokat \u00e9s mobileszk\u00f6z\u00f6ket nyomkodnak, digit\u00e1lis art\u00e9ri\u00e1kon kereszt\u00fcl kiterjesztve a v\u00f6lgy hat\u00f3k\u00f6r\u00e9t fizikai hat\u00e1rain t\u00falra.<\/p>\n<p>San Crist\u00f3bal fejl\u0151d\u00e9se sor\u00e1n az identit\u00e1s egym\u00e1st k\u00f6vet\u0151 r\u00e9tegeit sz\u00edvta mag\u00e1ba \u2013 a gyarmati id\u0151k el\u0151tti telep\u00fcl\u00e9seket, a gyarmati mez\u0151gazdas\u00e1got, a forradalmi olvaszt\u00f3t\u00e9gelyt, a dikt\u00e1torok kirakat\u00e1t, az ipari nagyhatalom hely\u00e9t \u00e9s a csal\u00e1di mened\u00e9ket. Minden r\u00e9teg ink\u00e1bb kieg\u00e9sz\u00edti, mintsem elnyomja a t\u00f6bbit, egy olyan palimpszesztet hozva l\u00e9tre, amely ellen\u00e1ll a k\u00f6nny\u0171 jellemz\u00e9snek. S\u00e9t\u00e1lhatunk az Avenida Espa\u00f1\u00e1n, \u00e9s Trujillo egykori rezidenci\u00e1j\u00e1nak d\u00edszes, b\u00e1r romos homlokzat\u00e1t\u00f3l a modern gy\u00e1rt\u00e1s csillog\u00f3 fut\u00f3szalagjaiig juthatunk el, az \u00e1tmenet olyan hirtelen, hogy elgondolkodtat\u00f3 a halad\u00e1s \u00e9s a hatalom sokr\u00e9t\u0171 p\u00e1ly\u00e1in.<\/p>\n<p>A hajnali f\u00e9lhom\u00e1lyban a v\u00f6lgy szinte meditat\u00edv nyugalmat \u00e1raszt. A keresked\u0151k t\u00e1voli piacokra sz\u00e1nt hagymarakom\u00e1nyok kisz\u00e1ll\u00edt\u00e1s\u00e1ra k\u00e9sz\u00fclnek; a gy\u00e1rkapuk kit\u00e1rulnak, ahogy a munk\u00e1sok a m\u0171szakv\u00e1lt\u00e1sokat hirdet\u0151 transzparensek alatt gy\u0171lnek \u00f6ssze; a Nizao vize, a korai naps\u00fct\u00e9sben selymesen puha, \u00e9vsz\u00e1zadok sim\u00e1ra csiszolt k\u00f6veken mormog. D\u00e9lre a metropolisz teljes er\u0151vel z\u00fcmm\u00f6g, est\u00e9re pedig a foly\u00f3k partjai megtelnek nevet\u00e9ssel \u00e9s dallal. Ilyen San Crist\u00f3bal ciklikus balettje: egy v\u00e1ros, amelynek k\u00f6rvonalait v\u00edz \u00e9s hegygerinc hat\u00e1rozza meg, amelynek t\u00f6rt\u00e9nete \u00e9l\u0151 \u00e9s r\u00e9gen elpusztult k\u00f6vekbe van \u00edrva, \u00e9s amelynek j\u00f6v\u0151je ugyanolyan vibr\u00e1l\u00f3 \u00e9s kisz\u00e1m\u00edthatatlan marad, mint a hat\u00e1rait v\u00e1j\u00f3 zuhatagok.<\/p>\n<p>San Crist\u00f3balon \u00e1tutazni a mot\u00edvumok szinkronit\u00e1s\u00e1val tal\u00e1lkozunk \u2013 politikai keletkez\u00e9s, gyarmati v\u00e1llalkoz\u00e1s, a despotizmus maradv\u00e1nyai, ipari lend\u00fclet \u00e9s turisztikai megk\u00f6nnyebb\u00fcl\u00e9s \u2013, melyek egyszerre \u0151si \u00e9s \u00faj kelet\u0171 gobelinbe sz\u0151ve sz\u0151ttek \u00f6ssze. A hegyek \u00f6lel\u00e9s\u00e9ben \u00e9s foly\u00f3k \u00e1ltal ir\u00e1ny\u00edtott v\u00f6lgy olyan lakoss\u00e1gnak ad otthont, akiknek munk\u00e1ja \u00e9s szabadideje elv\u00e1laszthatatlanul k\u00f6t\u0151dik a f\u00f6ldh\u00f6z. Itt fogadkoztak egykor az alkotm\u00e1ny al\u00e1\u00edr\u00f3i a szabads\u00e1g\u00e9rt; itt \u00e9p\u00edtett egy dikt\u00e1tor eml\u00e9km\u0171veket \u00f6nmaga k\u00e9p\u00e9nek; itt k\u00e9sz\u00edtenek m\u00e1rv\u00e1nylapokat a k\u00e9zm\u0171vesek, mik\u00f6zben csal\u00e1djaik k\u00e1v\u00e9csemet\u00e9ket \u00fcltetnek. Az \u00f6r\u00f6ks\u00e9g \u00e9s a lend\u00fclet ezen \u00f6sszefon\u00f3d\u00e1s\u00e1ban t\u00e1rul fel San Crist\u00f3bal l\u00e9nyege: egy egyszerre elm\u00e9lked\u0151 \u00e9s el\u0151rel\u00e1t\u00f3 hely, ahol a t\u00f6rt\u00e9nelem s\u00falya \u00f6vezi a holnap \u00edg\u00e9ret\u00e9t.<\/p>","protected":false},"excerpt":{"rendered":"<p>San Crist\u00f3bal egy dinamikus v\u00e1ros a Dominikai K\u00f6zt\u00e1rsas\u00e1g d\u00e9li r\u00e9sz\u00e9n. A v\u00e1ros San Crist\u00f3bal tartom\u00e1ny \u00f6nkorm\u00e1nyzati f\u0151v\u00e1rosak\u00e9nt m\u0171k\u00f6dik, egy fest\u0151i v\u00f6lgyben, a Cordillera Central hegys\u00e9g l\u00e1b\u00e1n\u00e1l, a Nigua \u00e9s a Nizao foly\u00f3k \u00e1ltal hat\u00e1rolva. Ez a telep\u00fcl\u00e9s mag\u00e1ban foglal egy Hato Damas nev\u0171 \u00f6nkorm\u00e1nyzati k\u00f6rzetet.<\/p>","protected":false},"author":1,"featured_media":3743,"parent":9128,"menu_order":0,"comment_status":"closed","ping_status":"closed","template":"elementor_theme","meta":{"_eb_attr":"","footnotes":""},"class_list":["post-9165","page","type-page","status-publish","has-post-thumbnail"],"_links":{"self":[{"href":"https:\/\/travelshelper.com\/hu\/wp-json\/wp\/v2\/pages\/9165","targetHints":{"allow":["GET"]}}],"collection":[{"href":"https:\/\/travelshelper.com\/hu\/wp-json\/wp\/v2\/pages"}],"about":[{"href":"https:\/\/travelshelper.com\/hu\/wp-json\/wp\/v2\/types\/page"}],"author":[{"embeddable":true,"href":"https:\/\/travelshelper.com\/hu\/wp-json\/wp\/v2\/users\/1"}],"replies":[{"embeddable":true,"href":"https:\/\/travelshelper.com\/hu\/wp-json\/wp\/v2\/comments?post=9165"}],"version-history":[{"count":0,"href":"https:\/\/travelshelper.com\/hu\/wp-json\/wp\/v2\/pages\/9165\/revisions"}],"up":[{"embeddable":true,"href":"https:\/\/travelshelper.com\/hu\/wp-json\/wp\/v2\/pages\/9128"}],"wp:featuredmedia":[{"embeddable":true,"href":"https:\/\/travelshelper.com\/hu\/wp-json\/wp\/v2\/media\/3743"}],"wp:attachment":[{"href":"https:\/\/travelshelper.com\/hu\/wp-json\/wp\/v2\/media?parent=9165"}],"curies":[{"name":"wp","href":"https:\/\/api.w.org\/{rel}","templated":true}]}}