{"id":9146,"date":"2024-09-07T14:47:02","date_gmt":"2024-09-07T14:47:02","guid":{"rendered":"https:\/\/travelshelper.com\/staging\/?page_id=9146"},"modified":"2026-03-13T16:03:47","modified_gmt":"2026-03-13T16:03:47","slug":"puerto-plata","status":"publish","type":"page","link":"https:\/\/travelshelper.com\/hu\/destinations\/north-america\/dominican-republic\/puerto-plata\/","title":{"rendered":"Puerto Plata"},"content":{"rendered":"<p>San Felipe de Puerto Plata a Dominikai K\u00f6zt\u00e1rsas\u00e1g \u00e9szaki partvid\u00e9k\u00e9nek f\u0151 kik\u00f6t\u0151je \u00e9s tartom\u00e1nyi f\u0151v\u00e1rosa, v\u00e1rosi sz\u00f6vete egy term\u00e9szetes kik\u00f6t\u0151 k\u00f6r\u00fcl bontakozik ki a Pico Isabel de Torres 793 m\u00e9teres cs\u00facsa alatt. A tart\u00f3san energikus v\u00e1ros t\u00f6bb mint sz\u00e1zezer \u00fcd\u00fcl\u0151hellyel \u00e9s a r\u00e9gi\u00f3 \u00fatt\u00f6r\u0151 f\u00fcgg\u0151vas\u00fatj\u00e1val rendelkezik. Partvonal\u00e1t keleten a Playa Dorada \u00e9s a Costa Dorada szeg\u00e9lyezi. Puerto Plata a t\u00f6rt\u00e9nelem, a kereskedelem \u00e9s a szabadid\u0151 k\u00f6zpontjak\u00e9nt t\u0171nik ki.<\/p>\n<p>Att\u00f3l a pillanatt\u00f3l kezdve, hogy a spanyol gyarmatos\u00edt\u00f3k el\u0151sz\u00f6r l\u00e9ptek a partjaira a tizenhatodik sz\u00e1zad elej\u00e9n, Puerto Plat\u00e1t a becsv\u00e1gy \u00e9s a neh\u00e9zs\u00e9gek \u00e1ramlatai form\u00e1lt\u00e1k. Abban a korban a telep\u00fcl\u00e9s Santo Domingo f\u0151 tengeri kik\u00f6t\u0151helyek\u00e9nt szolg\u00e1lt, megk\u00f6nny\u00edtve az \u00e1ruk \u00e9s eszm\u00e9k \u00e1raml\u00e1s\u00e1t Eur\u00f3pa \u00e9s az \u00dajvil\u00e1g k\u00f6z\u00f6tt. 1605-ben azonban III. F\u00fcl\u00f6p kir\u00e1lyi rendelete ideiglenes pusztul\u00e1st hirdetett, mivel a hat\u00f3s\u00e1gok lerombolt\u00e1k a v\u00e1rost, hogy elh\u00e1r\u00edts\u00e1k az angol kal\u00f3zok bet\u00f6r\u00e9seit. Egy \u00e9vsz\u00e1zadon \u00e1t az \u00f6b\u00f6l n\u00e9ma maradt, rakt\u00e1rai elhagyatottak voltak, utc\u00e1it pedig boz\u00f3t bor\u00edtotta, m\u00edgnem a Kan\u00e1ri-szigetekr\u0151l \u00e9rkez\u0151 gazd\u00e1k egyszer\u0171 tany\u00e1kkal \u00e9s mez\u0151kkel \u00faj \u00e9letet leheltek a f\u00f6ldbe. Az emberis\u00e9g visszat\u00e9r\u00e9se a sok renesz\u00e1nsz els\u0151j\u00e9t jelentette, mivel a k\u00e9s\u0151bbi fejezeteiben Puerto Plata megsz\u00e1ll\u00e1st, puszt\u00edt\u00e1st \u00e9s \u00fajj\u00e1sz\u00fclet\u00e9st \u00e9lt \u00e1t, olyan ritmusban, amely a sziget saj\u00e1t viharos m\u00faltj\u00e1t t\u00fckr\u00f6zte.<\/p>\n<p>F\u00f6ldrajzilag a v\u00e1ros k\u00f6rvonalait hirtelen domborzat hat\u00e1rozza meg. \u00c9szakon az Atlanti-\u00f3ce\u00e1n nyugtalan dag\u00e1lya egy olyan \u00f6bl\u00f6t csapol, amelynek v\u00e9d\u0151 karjai egykor spanyol g\u00e1ly\u00e1kat rejtettek. D\u00e9len az Isabel de Torres lejt\u0151i meredeken emelkednek, leny\u0171g\u00f6z\u0151 kil\u00e1t\u00e1st ny\u00fajtva a telep\u00fcl\u00e9snek \u2013 szinte teljes eg\u00e9sz\u00e9ben l\u00e1that\u00f3 az alatta l\u00e9v\u0151 rakpartokr\u00f3l. Ez a hegy, a Cordillera Septentrional k\u00fcls\u0151 r\u00e9sze, k\u00f6zel nyolcsz\u00e1z m\u00e9terrel magasodik a tengerszint f\u00f6l\u00e9, koron\u00e1j\u00e1t k\u00f6d bor\u00edtja, amely kor\u00e1bban Kolumbuszt arra inspir\u00e1lta, hogy Monte de Plat\u00e1nak, vagyis Ez\u00fcst-hegynek nevezze el, a hajnalban cs\u00facs\u00e1t bebor\u00edt\u00f3 vil\u00e1g\u00edt\u00f3 f\u00e1tyol ut\u00e1n. Ma a l\u00e1togat\u00f3k az 1975-ben felavatott dr\u00f3tk\u00f6t\u00e9lp\u00e1ly\u00e1s felvon\u00f3val emelkednek fel, egy szer\u00e9ny vonattal, amelynek tizenh\u00e1rom perces oda-vissza \u00fatja tizenh\u00e9t utast sz\u00e1ll\u00edt panor\u00e1m\u00e1s kil\u00e1t\u00e1sokon kereszt\u00fcl, majd egy tr\u00f3pusi botanikus kertbe helyezi \u0151ket, amely hatsz\u00e1z n\u00f6v\u00e9nyfajnak ad otthont h\u00e9t hekt\u00e1ron.<\/p>\n<p>Ennek a gyarmati \u00f6r\u00f6ks\u00e9gnek a visszhangjai m\u00e1ig be\u00e9p\u00fcltek Puerto Plata v\u00e1rosi falisz\u0151nyegeibe. Az 1577-ben elk\u00e9sz\u00fclt \u00e9s II. F\u00fcl\u00f6p kir\u00e1lyr\u00f3l elnevezett San Felipe er\u0151d \u0151rk\u00f6dik a v\u00edzpart felett \u2013 vastag falai \u00e9s szab\u00e1lytalan b\u00e1sty\u00e1i a v\u00e1ros hadi eredet\u00e9nek tart\u00f3s bizony\u00edt\u00e9kai. A t\u00f6rt\u00e9nelmi magban a viktori\u00e1nus homlokzatok finom szimmetri\u00e1ja a dominik\u00e1nus restaur\u00e1ci\u00f3s h\u00e1bor\u00fa nyom\u00e1n \u00e9rkezett tizenkilencedik sz\u00e1zadi eur\u00f3paiak amb\u00edci\u00f3it mutatja be. Francia, olasz, n\u00e9met \u00e9s angol bev\u00e1ndorl\u00f3k f\u00e1b\u00f3l faragott erk\u00e9lyeket \u00e9s r\u00e1csos verand\u00e1kat vezettek be, kialak\u00edtva egy olyan helyi st\u00edlust, amely a karibi k\u00f6nnyeds\u00e9get az eur\u00f3pai d\u00edsz\u00edt\u00e9ssel \u00f6tv\u00f6zi. A stilisztikai evol\u00faci\u00f3 tov\u00e1bbi r\u00e9tegei az amerikai megsz\u00e1ll\u00e1s alatt, a huszadik sz\u00e1zad elej\u00e9n jelentek meg, amikor a cementblokkokb\u00f3l \u00e9p\u00fclt \u00e9p\u00edtm\u00e9nyek \u00e1ramvonalas \u00e9p\u00fcleteket hoztak l\u00e9tre, amelyek ma is szeg\u00e9lyezik a politikai h\u0151s\u00f6kr\u0151l \u00e9s helyi m\u00e9lt\u00f3s\u00e1gokr\u00f3l elnevezett utc\u00e1kat.<\/p>\n<p>Ezek az utc\u00e1k kultur\u00e1lis \u00e9lettel telnek. T\u00e9l v\u00e9g\u00e9n karnev\u00e1li felvonul\u00e1sok \u00e9l\u00e9nk\u00edtik az utc\u00e1kat taim\u00e1scaro \u00f6rd\u00f6g\u00f6kkel, akiknek maszkjai a ta\u00edno istens\u00e9geket id\u00e9zik, szalagokkal d\u00edsz\u00edtve, amelyek a spanyol pomp\u00e1ra \u00e9s az afrikai ritmusra utalnak. Festett kocsik \u00e9s kagyl\u00f3k\u00fcrt\u00f6ket fog\u00f3 t\u00e1ncosok felvonul\u00e1sai egy olyan \u00fcnneps\u00e9gben gy\u0171lnek \u00f6ssze, amely a m\u00f3l\u00f3t\u00f3l minden mell\u00e9kutc\u00e1ig kiterjed, egy t\u00f6retlen hagyom\u00e1nyt jelezve, amely a tizenkilencedik sz\u00e1zadig ny\u00falik vissza. A mulats\u00e1g minden \u00e9vben megkoron\u00e1z egy Momo kir\u00e1lyt, egy szimbolikus uralkod\u00f3t, akinek a feladata az \u0151si identit\u00e1s fenntart\u00e1sa dobokon \u00e9s a viktori\u00e1nus oromzatokon visszhangz\u00f3 \u00e9nekeken kereszt\u00fcl.<\/p>\n<p>A t\u00f6rt\u00e9nelmi negyeden t\u00fal a tengeri kereskedelem zavartalanul zajlik. Luxushaj\u00f3k k\u00f6tnek ki az Amber Cove-ban, a Carnival Cruise Line \u00e1ltal 2015-ben megnyitott nyolcvan\u00f6tmilli\u00f3 doll\u00e1ros termin\u00e1lban, m\u00edg a k\u00f6zeli Taino Bay haj\u00f3termin\u00e1l, amelyet 2021 december\u00e9ben avattak fel, a v\u00e1rosk\u00f6zponthoz k\u00f6zelebb es\u0151 megk\u00f6zel\u00edt\u00e9st keres\u0151 haj\u00f3kat szolg\u00e1lja ki. A v\u00e1mmentes z\u00f3n\u00e1kban \u00e1ltal\u00e1nos teherhaj\u00f3k k\u00f6tnek ki, ban\u00e1nt, cukrot, rumot \u00e9s text\u00edli\u00e1kat rakva a t\u00e1voli piacokra. A helyi akvakult\u00fara \u00e9s a kis k\u00e9zm\u0171ves hal\u00e1szatok is fenntartj\u00e1k a k\u00f6rny\u00e9kbeli piacokat, ahol a hal\u00e1szok kora hajnalban borosty\u00e1nhalat \u00e9s s\u00fcg\u00e9rt h\u00faznak, cs\u00f3nakjaik pedig Isla Isabel, a part menti szikl\u00e1s kib\u00fav\u00e1s sziluettje el\u0151tt ringat\u00f3znak.<\/p>\n<p>A kik\u00f6t\u0151t\u0151l felfel\u00e9 a part ment\u00e9n krist\u00e1lytiszta, t\u00fcrkizk\u00e9k, aranyl\u00f3 homokos partszakaszok h\u00faz\u00f3dnak \u2013 Playa Dorada \u00e9s Costa Dorada a legfontosabbak k\u00f6z\u00e9 tartozik. Napkeltekor ezek a partvonalak csillognak az egyenl\u00edt\u0151i melegben f\u00fcrd\u0151 nap alatt; holdkeltekor olyan t\u00fckr\u00f6z\u0151d\u00e9sekkel csillognak, amelyek Kolumbusz els\u0151 ez\u00fcst\u00f6s benyom\u00e1sait id\u00e9zik fel. A sz\u00e1razf\u00f6ld belsej\u00e9ben tal\u00e1lhat\u00f3 az Ocean World, egy huszonh\u00e9t milli\u00f3 doll\u00e1ros kalandpark, amely a Cofres\u00ed Beach z\u00e1tonyai k\u00f6z\u00f6tt fekszik. Itt egy jachtkik\u00f6t\u0151 tizenkilenc fogs\u00e1gban tartott delfinnek ad otthont, mik\u00f6zben mal\u00e1j tigrisek vaddzsungel-tiszt\u00e1sokon \u00f3l\u00e1lkodnak, \u00e9s tr\u00f3pusi madarak keringenek az akv\u00e1riumok felett, amelyek meg\u00f6r\u00f6k\u00edtik a karibi halfauna kaleidoszk\u00f3pj\u00e1t. Csal\u00e1dok \u00e9s tengerkutat\u00f3k sz\u00e1m\u00e1ra egyar\u00e1nt a park a l\u00e1tv\u00e1nyoss\u00e1g \u00e9s az oktat\u00e1s f\u00fazi\u00f3j\u00e1t jelenti, s\u00f6t\u00e9tebb zugai a v\u00e1ltoz\u00f3 part menti \u00f6kosziszt\u00e9m\u00e1kon bel\u00fcli fajok k\u00f6lcs\u00f6n\u00f6s f\u00fcgg\u0151s\u00e9g\u00e9re eml\u00e9keztetik a l\u00e1togat\u00f3t.<\/p>\n<p>Puerto Plata tartom\u00e1ny dombjai \u00e9s s\u00edks\u00e1gai k\u00f6z\u00f6tt h\u00faz\u00f3d\u00f3 v\u00edzfoly\u00e1sok foly\u00f3k \u00e9s patakok h\u00e1l\u00f3zat\u00e1t h\u00fazz\u00e1k, melyek nevei k\u00f6lt\u00e9szetbe ill\u0151ek \u2013 Cam\u00fa del Norte, San Marcos, Corozo, Mu\u00f1oz \u00e9s Maim\u00f3n \u2013, melyek mindegyike cukorn\u00e1d\u00fcltetv\u00e9nyeken \u00e9s citrus\u00fcltetv\u00e9nyeken kanyarog, miel\u0151tt \u00e1tadn\u00e1 mag\u00e1t az \u00f3ce\u00e1nnak. Kisebb patakok, a F\u00fa, Blanco, Caballo \u00e9s Culebra, z\u00f6ldell\u0151 v\u00f6lgyeket t\u00e1pl\u00e1lnak, ahol a f\u0151z\u0151ban\u00e1n \u00e9s a k\u00e1v\u00e9 gy\u00f6keret ereszt, term\u00e9s\u00fck pedig a helyi mez\u0151gazdas\u00e1gi v\u00e1llalkoz\u00e1sokat t\u00e1pl\u00e1lja, amelyek a gazdas\u00e1g alapj\u00e1t k\u00e9pezik. A r\u00e9gi\u00f3 tr\u00f3pusi monszun \u00e9ghajlata k\u00e9t \u00e9vszakot mutat: egy f\u00fclledt nyarat, amelyet m\u00e9rs\u00e9kelt es\u0151z\u00e9sek jellemeznek, \u00e9s egy telet, amelyet \u00e9szaki hidegfrontok jeleznek, amelyek felh\u0151szakad\u00e1st \u00e9s friss szell\u0151t hoznak a hisp\u00e1niai felf\u00f6ldr\u0151l. Ezek a meteorol\u00f3giai ritmusok dikt\u00e1lj\u00e1k az \u00fcltet\u00e9si ciklusokat \u00e9s az \u00fcnnepnapt\u00e1rakat egyar\u00e1nt, kim\u00e9rt temp\u00f3t h\u00edvogatva, amely ellent\u00e9tben \u00e1ll a Karib-t\u00e9rs\u00e9g ingadoz\u00e1saival.<\/p>\n<p>A v\u00e1ros gazdas\u00e1gi portf\u00f3li\u00f3j\u00e1n bel\u00fcl a turizmus uralkodik, ugyanakkor a lakosok meg\u00e9lhet\u00e9s\u00e9t sz\u00e1mos kieg\u00e9sz\u00edt\u0151 ipar\u00e1g biztos\u00edtja. A textilipar \u00e9s a k\u00f6nny\u0171ipar k\u00fclv\u00e1rosi telkeket foglal el, m\u00edg az \u00f6b\u00f6l menti haj\u00f3gy\u00e1rak a part menti \u00fatvonalakon k\u00f6zleked\u0151 haj\u00f3kat alak\u00edtj\u00e1k ki \u00e9s jav\u00edtj\u00e1k. A La Union k\u00f6zel\u00e9ben tal\u00e1lhat\u00f3 v\u00e1mmentes z\u00f3na importcikkeket ir\u00e1ny\u00edt, amelyek t\u00e1mogatj\u00e1k az \u00e9p\u00edt\u0151ipar \u00e9s a fogyaszt\u00e1si cikkek \u00e1gazat\u00e1t a tartom\u00e1nyban. Ezenk\u00edv\u00fcl a San Felip\u00e9t\u0151l mintegy tizen\u00f6t kilom\u00e9terre keletre tal\u00e1lhat\u00f3 Gregorio Luper\u00f3n nemzetk\u00f6zi rep\u00fcl\u0151t\u00e9r tizenh\u00e1rom szem\u00e9lysz\u00e1ll\u00edt\u00f3 \u00e9s h\u00e1rom tehersz\u00e1ll\u00edt\u00f3 c\u00e9ggel k\u00f6ti \u00f6ssze a c\u00e9l\u00e1llom\u00e1st, ugyanolyan gyorsan fogadva a luxuscikkekre v\u00e1gy\u00f3 utaz\u00f3kat \u00e9s a romland\u00f3 exportcikkeket.<\/p>\n<p>A m\u00fazeumok \u0151rzik a v\u00e1ros kultur\u00e1lis \u00f6r\u00f6ks\u00e9g\u00e9t. A Villa Bentzben, egy eleg\u00e1ns, 1918-ban \u00e9p\u00fclt kast\u00e9lyban, amelyet a spanyol \u00e9p\u00edt\u00e9sz, Mar\u00edn Gallart y Cant\u00fa tervezett, \u00e1ll a Museo del \u00c1mbar Dominicano. Ami\u00f3ta 1982-ben Aldo Costa csal\u00e1di kultur\u00e1lis v\u00e1llalata megalap\u00edtotta, a m\u00fazeum p\u00e1ratlan fossziliz\u00e1l\u00f3dott gyantagy\u0171jtem\u00e9nyt mutat be \u2013 borosty\u00e1nk\u00f6veket, amelyek aranyl\u00f3 tisztas\u00e1gban \u0151rzik az \u0151skori rovarokat \u00e9s n\u00f6v\u00e9nyi t\u00f6red\u00e9keket. Minden egyes ki\u00e1ll\u00edt\u00e1s a m\u00e9ly id\u0151k \u00e9s a Karib-t\u00e9rs\u00e9g biol\u00f3giai sokf\u00e9les\u00e9g\u00e9t form\u00e1l\u00f3 \u00f6kol\u00f3giai v\u00e1ltoz\u00e1sok elm\u00e9lked\u00e9s\u00e9re h\u00edv fel.<\/p>\n<p>Kev\u00e9sb\u00e9 form\u00e1lisak, de nem kev\u00e9sb\u00e9 hangulatosak a Zona Colonial negyed viktori\u00e1nus h\u00e1zai. Az 1879-t\u0151l \u00e9p\u00fclt fah\u00e1zak csipk\u00e9s d\u00edszl\u00e9cekkel \u00e9s a tr\u00f3pusi \u00e9ghajlathoz ill\u0151 magas mennyezettel rendelkeznek, ar\u00e1nyaik pedig azt a kort t\u00fckr\u00f6zik, amikor a k\u00e9zm\u0171vess\u00e9g \u00e9s a d\u00edsz\u00edt\u00e9s a v\u00e1gy jelei voltak. Ezen lak\u00f3h\u00e1zak k\u00f6z\u00f6tt a Guinea h\u00eddja egyetlen ny\u00edl\u00e1ssal \u00e1t\u00edvel egy csatornamedenc\u00e9n, enyh\u00e9n \u00edvelt form\u00e1ja a tizenkilencedik sz\u00e1zadi vasmunk\u00e1k inas \u00edveire eml\u00e9keztet.<\/p>\n<p>A v\u00e1rost\u00f3l d\u00e9lre egy 1879-ben \u00f6nt\u00f6tt vas vil\u00e1g\u00edt\u00f3torony d\u00f3r oszlopos k\u0151m\u0171vestaggal \u00e1tsz\u00farja a l\u00e1tk\u00e9pet. Negyvenk\u00e9t m\u00e9ter magas vil\u00e1g\u00edt\u00f3torony figyelmezteti a tenger\u00e9szeket a sek\u00e9ly z\u00e1tonyokra, amelyek az \u00f6b\u00f6l megk\u00f6zel\u00edt\u00e9s\u00e9t \u0151rzik. Az ezredfordul\u00f3ra a korr\u00f3zi\u00f3 miatt a szerkezet bizonytalan romokk\u00e1 v\u00e1lt, \u00edgy 2000-ben felker\u00fclt a Vil\u00e1g\u00f6r\u00f6ks\u00e9gek \u0150rs\u00e9g\u00e9be. Az American Expressszel k\u00f6t\u00f6tt partners\u00e9g finansz\u00edrozta a 2004-ben befejezett apr\u00f3l\u00e9kos restaur\u00e1l\u00e1st, amely visszaadta a jelz\u0151f\u00e9ny kor\u00e1bbi jelent\u0151s\u00e9g\u00e9t, \u00e9s \u00f6szt\u00f6n\u00f6zte a k\u00f6rnyez\u0151 t\u00f6rt\u00e9nelmi negyed revitaliz\u00e1ci\u00f3j\u00e1t.<\/p>\n<p>Puerto Plata t\u00f6rt\u00e9nete elv\u00e1laszthatatlan a puszt\u00edt\u00e1s \u00e9s meg\u00fajul\u00e1s ism\u00e9tl\u0151d\u0151 k\u00f6rforg\u00e1s\u00e1t\u00f3l. A tizennyolcadik sz\u00e1zad v\u00e9g\u00e9n, a kv\u00e1zi-h\u00e1bor\u00fa alatt az Egyes\u00fclt \u00c1llamok tenger\u00e9szgyalogosai partra sz\u00e1lltak a kik\u00f6t\u0151ben, \u00e9s miut\u00e1n elfogtak egy Sandwich nev\u0171 francia kal\u00f3zhaj\u00f3t, t\u0171z al\u00e1 vett\u00e9k a Fortaleza San Felipe \u00e1gy\u00fait. 1863-ban a v\u00e1rost a dominik\u00e1nus restaur\u00e1ci\u00f3s h\u00e1bor\u00fa le\u00e9gette, de lak\u00f3i k\u00e9t \u00e9vvel k\u00e9s\u0151bb \u00fajra felt\u00e1madtak a hamvaib\u00f3l, \u00e9s \u00faj \u00e9p\u00fcleteket emeltek, amelyek az eur\u00f3pai formatervez\u00e9st \u00f6tv\u00f6zt\u00e9k a helyi tal\u00e1l\u00e9konys\u00e1ggal. Ez a kitart\u00e1s tal\u00e1n legmegrend\u00edt\u0151bb szimb\u00f3luma a Pico Isabel de Torres, ahol a ri\u00f3i Megv\u00e1lt\u00f3 Krisztus-szobor kis m\u00e1solata \u00e1ll a z\u00f6ldell\u0151 kertek felett, len\u00e9zve egy olyan metropoliszra, amely nem volt hajland\u00f3 engedni az id\u0151nek vagy az \u00e1rap\u00e1lynak.<\/p>\n<p>A v\u00e1ros k\u00f6r\u00fcli strandok \u0151slakos kenusokr\u00f3l \u00e9s kal\u00f3zokr\u00f3l suttognak, akik egykor kincsek ut\u00e1n kutattak ezeken a vizeken. La Poza del Castill\u00f3ban idegen osztrig\u00e1k kapaszkodnak az elmer\u00fclt ker\u00e1mi\u00e1kba, m\u00edg Cofres\u00ed \u00f6bleiben hal\u00e1szok eml\u00e9keznek egy helyi kal\u00f3z legend\u00e1ira, akinek rejtett kincsei minden konkviszt\u00e1dor sz\u00e1m\u00e1ra ismeretlenek voltak. Long Beach, Marapic\u00e1, Maim\u00f3n \u00e9s Bergant\u00edn mindegyike saj\u00e1tos karakterrel rendelkezik \u2013 n\u00e9melyik nyugodt korallz\u00e1tonyokat k\u00edn\u00e1l a b\u00fav\u00e1rkod\u00f3knak, m\u00e1sok sz\u00f6rf\u00f6z\u00e9sre alkalmas hull\u00e1mokat, amelyek az Atlanti-\u00f3ce\u00e1n erej\u00e9t\u0151l h\u00f6mp\u00f6ly\u00f6gnek. A l\u00e1togat\u00f3k kagyl\u00f3kat \u00e9s uszad\u00e9kf\u00e1t gy\u0171jtenek, a merengue \u00e9s a bachata hangjai keverednek a sir\u00e1lyok hangjaival, ahogy az alkonyat lesz\u00e1ll a homokra.<\/p>\n<p>A k\u00f6zleked\u00e9si art\u00e9ri\u00e1k \u00f6sszek\u00f6tik ezeket a sz\u00e9tsz\u00f3rt birodalmakat. A Don Jos\u00e9 Ginebra aut\u00f3p\u00e1lya San Marcosb\u00f3l kanyarog Piedra Candel\u00e1n \u00e9s El Cruc\u00e9n kereszt\u00fcl, majd felkapaszkodik a telef\u00e9rico b\u00e1zis\u00e1llom\u00e1s\u00e1hoz vezet\u0151 aszfaltozott emelked\u0151re. Innen egy elektrohidraulikus rendszer \u00fcvegfal\u00fa kabinokban rep\u00edti az utasokat az \u00e9gbe, k\u00f6zel nyolc percnyi megszak\u00edt\u00e1s n\u00e9lk\u00fcli l\u00e1tv\u00e1nyt ny\u00fajtva. Kiemelked\u0151 pillanatokban az ember megpillanthatja a botanikus kert orchide\u00e1it a v\u00e1rosi terjeszked\u00e9ssel tark\u00edtott csoportokkal szemben, eml\u00e9keztetve arra, hogy a term\u00e9szet \u00e9s a kult\u00fara a v\u00e1ros panor\u00e1m\u00e1j\u00e1nak minden egyes k\u00e9pkock\u00e1j\u00e1ban egy\u00fctt l\u00e9tezik.<\/p>\n<p>Ahogy az alkonyat m\u00e9ly\u00fcl, a v\u00edzpart l\u00e1gyabb \u00e1rnyalatot \u00f6lt. A San Felipe-er\u0151d borosty\u00e1nsz\u00edn\u0171 f\u00e9nyben f\u00fcrdik, l\u0151r\u00e9seinek \u00edvei \u00e1rny\u00e9kokat vet\u00edtenek, amelyek t\u00e1ncolnak az \u00e1rap\u00e1lyon. A tet\u0151t\u00e9ri kocsm\u00e1kban zene sz\u00f3l, ahol a vend\u00e9gek hideg Presidente s\u00f6rt kortyolgatnak, a grillezett hal illata pedig s\u00f3val \u00e9s leanderrel keveredik. A sz\u00e1llod\u00e1k el\u0151csarnokaiban t\u00f6bbnyelv\u0171 akcentusok visszhangoznak \u2013 francia csal\u00e1dok l\u00e1togatj\u00e1k a Borosty\u00e1nm\u00fazeumot, kanadai nyugd\u00edjasok indulnak haj\u00f3ra az Amber Cove-b\u00f3l, \u00e9s k\u00edv\u00e1ncsi dominik\u00e1nusok, akik \u0151si nyomdokaikba l\u00e9pnek. Mindegyik\u00fck\u00f6n kereszt\u00fcl Puerto Plata felt\u00e1rja egyed\u00fcl\u00e1ll\u00f3 identit\u00e1s\u00e1t: egy olyan hely, ahol a birodalom \u00e9s a sz\u00e1m\u0171zet\u00e9s \u00f6r\u00f6ks\u00e9ge egyetlen mennyei boltozat alatt tal\u00e1lkozik.<\/p>\n<p>Puerto Plata r\u00e9tegeinek teljess\u00e9g\u00e9ben \u2013 t\u00f6rt\u00e9nelmi, \u00e9p\u00edt\u00e9szeti, \u00f6kol\u00f3giai \u00e9s kereskedelmi szempontb\u00f3l \u2013 nem statikus ereklyek\u00e9nt, hanem \u00e9l\u0151 palimpszesztk\u00e9nt \u00e1ll. Minden utcasark \u00e9s part menti \u00f6b\u00f6l a m\u00faltbeli felfordul\u00e1sok \u00e9s diadalok bizony\u00edt\u00e9k\u00e1t rejti, megh\u00edv\u00e1st k\u00edn\u00e1lva azok sz\u00e1m\u00e1ra, akiknek \u00e9rz\u00e9k\u00fck van az apr\u00f3 r\u00e9szletekre. A v\u00e1ros a tapasztalt utaz\u00f3knak, a gyarmati t\u00f6rekv\u00e9sek kutat\u00f3inak \u00e9s a naps\u00fct\u00f6tte partok h\u00edveinek egyar\u00e1nt \u00fcdv\u00f6zl\u0151 gesztust ny\u00fajt, felfedez\u00e9seket \u00edg\u00e9rve az ismer\u0151s horizontok k\u00f6z\u00f6tt. Itt, ahol az Atlanti-\u00f3ce\u00e1n \u00e9s a hegy tal\u00e1lkozik, Puerto Plata a rugalmass\u00e1g \u00e9s a meg\u00fajul\u00e1s bizonys\u00e1g\u00e1ul szolg\u00e1l.<\/p>","protected":false},"excerpt":{"rendered":"<p>Puerto Plata, kor\u00e1bbi nev\u00e9n San Felipe de Puerto Plata (franci\u00e1ul: Port-de-Plate), a Dominikai K\u00f6zt\u00e1rsas\u00e1g jelent\u0151s tengerparti v\u00e1rosa, \u00e9s Puerto Plata tartom\u00e1ny sz\u00e9khelye. Ez a dinamikus v\u00e1ros jelent\u0151s kereskedelmi kik\u00f6t\u0151k\u00e9nt \u00e9s kiemelked\u0151 turisztikai c\u00e9lpontk\u00e9nt szolg\u00e1l, sz\u00e1mos l\u00e1tnival\u00f3val \u00e9s szolg\u00e1ltat\u00e1ssal a vil\u00e1g minden t\u00e1j\u00e1r\u00f3l \u00e9rkez\u0151 turist\u00e1k sz\u00e1m\u00e1ra.<\/p>","protected":false},"author":1,"featured_media":3255,"parent":9128,"menu_order":0,"comment_status":"closed","ping_status":"closed","template":"elementor_theme","meta":{"_eb_attr":"","footnotes":""},"class_list":["post-9146","page","type-page","status-publish","has-post-thumbnail"],"_links":{"self":[{"href":"https:\/\/travelshelper.com\/hu\/wp-json\/wp\/v2\/pages\/9146","targetHints":{"allow":["GET"]}}],"collection":[{"href":"https:\/\/travelshelper.com\/hu\/wp-json\/wp\/v2\/pages"}],"about":[{"href":"https:\/\/travelshelper.com\/hu\/wp-json\/wp\/v2\/types\/page"}],"author":[{"embeddable":true,"href":"https:\/\/travelshelper.com\/hu\/wp-json\/wp\/v2\/users\/1"}],"replies":[{"embeddable":true,"href":"https:\/\/travelshelper.com\/hu\/wp-json\/wp\/v2\/comments?post=9146"}],"version-history":[{"count":0,"href":"https:\/\/travelshelper.com\/hu\/wp-json\/wp\/v2\/pages\/9146\/revisions"}],"up":[{"embeddable":true,"href":"https:\/\/travelshelper.com\/hu\/wp-json\/wp\/v2\/pages\/9128"}],"wp:featuredmedia":[{"embeddable":true,"href":"https:\/\/travelshelper.com\/hu\/wp-json\/wp\/v2\/media\/3255"}],"wp:attachment":[{"href":"https:\/\/travelshelper.com\/hu\/wp-json\/wp\/v2\/media?parent=9146"}],"curies":[{"name":"wp","href":"https:\/\/api.w.org\/{rel}","templated":true}]}}