{"id":9128,"date":"2024-09-07T12:43:35","date_gmt":"2024-09-07T12:43:35","guid":{"rendered":"https:\/\/travelshelper.com\/staging\/?page_id=9128"},"modified":"2026-03-13T16:08:11","modified_gmt":"2026-03-13T16:08:11","slug":"dominikai-koztarsasag","status":"publish","type":"page","link":"https:\/\/travelshelper.com\/hu\/destinations\/north-america\/dominican-republic\/","title":{"rendered":"Dominikai K\u00f6zt\u00e1rsas\u00e1g"},"content":{"rendered":"<p>A Dominikai K\u00f6zt\u00e1rsas\u00e1g Hispaniola keleti \u00f6tnyolcad\u00e1t foglalja el, amely 48 671 n\u00e9gyzetkilom\u00e9teren ter\u00fcl el a Karib-tenger Nagy-Antill\u00e1iban. 2024-ben k\u00f6r\u00fclbel\u00fcl 11,4 milli\u00f3 lakos\u00e1val, akik k\u00f6z\u00fcl mintegy 3,6 milli\u00f3 Santo Domingo agglomer\u00e1ci\u00f3j\u00e1ban \u00e9l, az orsz\u00e1g a m\u00e1sodik legnagyobb sz\u00e1razf\u00f6ldi ter\u00fclettel \u00e9s a m\u00e1sodik legnagyobb n\u00e9pess\u00e9ggel rendelkezik az Antill\u00e1kon Kuba \u00e9s Haiti ut\u00e1n. \u00c9szakon az Atlanti-\u00f3ce\u00e1n, d\u00e9len a Karib-t\u00e9rs\u00e9g, nyugaton Haiti, keleten pedig Puerto Rico tengeri hat\u00e1ra \u00f6vezi, \u00edgy a k\u00e9t tenger tal\u00e1lkoz\u00e1s\u00e1n\u00e1l fekv\u0151 orsz\u00e1g t\u00f6rt\u00e9nelm\u00e9t, k\u00f6rnyezet\u00e9t \u00e9s kultur\u00e1lis jelleg\u00e9t is meghat\u00e1rozta.<\/p>\n<p>Az eur\u00f3paiak \u00e9rkez\u00e9s\u00e9t megel\u0151z\u0151 \u00e9vsz\u00e1zadokban \u00f6t ta\u00edn\u00f3 t\u00f6rzs fejedelems\u00e9ge szezon\u00e1lis v\u00e1ndorl\u00e1sokat, part menti hal\u00e1sztelepeket \u00e9s sz\u00e1razf\u00f6ldi mani\u00f3ka\u00fcltetv\u00e9nyeket hozott l\u00e9tre Hispaniola term\u00e9keny s\u00edks\u00e1gain \u00e9s erd\u0151s dombjain. Amikor Kolumbusz Krist\u00f3f 1492-ben partra sz\u00e1llt, \u00e9s ezeket a f\u00f6ldeket Kaszt\u00edli\u00e1nak k\u00f6vetelte, n\u00e1dfedeles h\u00e1zakb\u00f3l \u00e1ll\u00f3 falvakkal tal\u00e1lkozott, amelyeket kitiszt\u00edtott \u00f6sv\u00e9nyek k\u00f6t\u00f6ttek \u00f6ssze \u2013 egy olyan t\u00e1rsadalom jelz\u0151t\u00e1bl\u00e1i, amelyet a k\u00f6z\u00f6ss\u00e9gi hierarchia \u00e9s a ritu\u00e1lis betart\u00e1s alap\u00edtott. Az elk\u00f6vetkez\u0151 \u00e9vtizedekben Santo Domingo jelent meg az els\u0151 tart\u00f3s eur\u00f3pai b\u00e1zisk\u00e9nt Amerik\u00e1ban, k\u0151b\u0151l \u00e9p\u00fclt citadell\u00e1i \u00e9s egyh\u00e1zi \u00e9p\u00edtm\u00e9nyei egy \u00faj birodalmi korszakot jeleztek. Alig t\u00f6bb mint egy \u00e9vsz\u00e1zadon bel\u00fcl a birodalmi rivaliz\u00e1l\u00e1s sz\u00e9tszak\u00edtotta Hispaniol\u00e1t; 1697-re a nyugati harmad Franciaorsz\u00e1ghoz tartozott, \u00e9s 1804-ben ez a ter\u00fclet Haiti n\u00e9ven kinyilv\u00e1n\u00edtotta f\u00fcggetlens\u00e9g\u00e9t.<\/p>\n<p>A dominikai n\u00e9p az\u00f3ta sz\u00e1mos \u00f6nrendelkez\u00e9si k\u00fczdelmet v\u00edvott ki. A Spanyolorsz\u00e1gt\u00f3l val\u00f3 r\u00f6vid f\u00fcggetlens\u00e9g 1821 november\u00e9ben t\u00f6rt\u00e9nt kiki\u00e1lt\u00e1sa 1822-ben Haiti annekt\u00e1l\u00e1s\u00e1nak adott otthont. Huszonk\u00e9t \u00e9v sz\u00fcnet ut\u00e1n, 1844 febru\u00e1rj\u00e1ban a dominikai hazafiak fegyveres er\u0151kkel \u00e9s elsz\u00e1nts\u00e1ggal visszaszerezt\u00e9k szuverenit\u00e1sukat a f\u00fcggetlens\u00e9gi h\u00e1bor\u00faban. Ezt \u00e9vtizedekig tart\u00f3 bels\u0151 visz\u00e1lyok k\u00f6vett\u00e9k \u2013 polg\u00e1rh\u00e1bor\u00fak, Haiti behatol\u00e1sai \u00e9s a spanyol uralomhoz val\u00f3 \u00e1tmeneti visszat\u00e9r\u00e9s \u2013, amelyek az 1863\u20131865-\u00f6s restaur\u00e1ci\u00f3s h\u00e1bor\u00fa ut\u00e1n a gyarmati er\u0151k ki\u0171z\u00e9s\u00e9vel tet\u0151ztek. A huszadik sz\u00e1zadban Rafael Trujillo tekint\u00e9lyelv\u0171 uralkod\u00e1sa volt l\u00e1that\u00f3, akinek h\u00e1rom \u00e9vtizedes diktat\u00far\u00e1ja 1961-es meggyilkol\u00e1s\u00e1val \u00e9rt v\u00e9get. Juan Bosch 1962-es megv\u00e1laszt\u00e1s\u00e1t h\u00f3napokon bel\u00fcl megsemmis\u00edtett\u00e9k, \u00e9s egy 1965-\u00f6s polg\u00e1rh\u00e1bor\u00fa Joaqu\u00edn Balaguer hossz\u00fa eln\u00f6ks\u00e9g\u00e9t eredm\u00e9nyezte. 1978-t\u00f3l kezdve a v\u00e1laszt\u00e1si folyamatok meger\u0151s\u00f6dtek, \u00e9s a nemzetet a k\u00e9pviseleti korm\u00e1nyz\u00e1s fel\u00e9 terelt\u00e9k.<\/p>\n<p>Gazdas\u00e1gi szempontb\u00f3l a Dominikai K\u00f6zt\u00e1rsas\u00e1g a Karib-t\u00e9rs\u00e9g k\u00f6zpontj\u00e1v\u00e1 v\u00e1lt, a r\u00e9gi\u00f3 legnagyobb, Latin-Amerika hetedik legnagyobb brutt\u00f3 hazai term\u00e9k\u00e9vel. T\u00f6bb mint negyed \u00e9vsz\u00e1zad alatt, 1992 \u00e9s 2018 k\u00f6z\u00f6tt, re\u00e1l GDP-je \u00e1tlagosan \u00e9vi 5,3 sz\u00e1zal\u00e9kkal n\u0151tt \u2013 ez a nyugati f\u00e9lteke leggyorsabb n\u00f6veked\u00e9se. A 2014-es 7,3 sz\u00e1zal\u00e9kos \u00e9s a 2015-\u00f6s 7,0 sz\u00e1zal\u00e9kos cs\u00facsok a dinamikus fellend\u00fcl\u00e9st hangs\u00falyozt\u00e1k, amelyet az \u00e9p\u00edt\u0151ipar, a k\u00f6nny\u0171ipar, a turizmus \u00e9s az \u00e1sv\u00e1nykincsek kitermel\u00e9se hajtott. A zord k\u00f6zponti felf\u00f6ld\u00f6n fekszik a Pueblo Viejo aranyb\u00e1nya, amely a vil\u00e1g h\u00e1rom legnagyobb termel\u00e9s\u0171 b\u00e1ny\u00e1ja k\u00f6z\u00e9 tartozik, csak 2015-ben harmincegy tonn\u00e1t hozva.<\/p>\n<p>A turizmus a Dominikai K\u00f6zt\u00e1rsas\u00e1g n\u00e9vjegyk\u00e1rty\u00e1j\u00e1v\u00e1 v\u00e1lt. \u00c9vr\u0151l \u00e9vre fel\u00fclm\u00falja az \u00f6sszes t\u00f6bbi karibi \u00fati c\u00e9lt a l\u00e1togat\u00f3k sz\u00e1m\u00e1ban. Partvonala feh\u00e9r homokos strandokat k\u00edn\u00e1l, amelyeket t\u00fcrkizk\u00e9k v\u00edz simogat, de az orsz\u00e1g domborzata messze t\u00falny\u00falik a partvid\u00e9ken. Hat\u00e1rain bel\u00fcl emelkednek a Nyugat-Indiai-szigetek legmagasabb cs\u00facsai: a 3098 m\u00e9teres Pico Duarte, amelyet a La Pelona, \u200b\u200ba La Rucilla \u00e9s a Pico Yaque szeg\u00e9lyez \u2013 olyan cs\u00facsok, amelyek minden egyenletesen alacsonyan fekv\u0151 sziget fogalm\u00e1t lerombolj\u00e1k. A lejt\u0151k\u00f6n olyan term\u00e9keny medenc\u00e9k fekszenek, mint a Cibao-v\u00f6lgy, a cukorn\u00e1d- \u00e9s k\u00e1v\u00e9termeszt\u00e9s b\u00f6lcs\u0151je, ahol Santiago \u00e9s La Vega v\u00e1rosai ban\u00e1nligetek \u00e9s doh\u00e1nyf\u00f6ldek k\u00f6z\u00f6tt helyezkednek el. Ezzel szemben az Enriquillo-medence negyven\u00f6t m\u00e9terrel a tengerszint alatt fekszik \u2013 a Karib-t\u00e9rs\u00e9g m\u00e9lypontja \u2013, s\u00f3s vize ink\u00e1bb sivatagra, mint es\u0151erd\u0151re hasonl\u00edt. Buja foly\u00f3k, amelyek k\u00f6z\u00fcl a Yaque del Norte \u00e9s a Yaque del Sur a legfontosabb, szabdalj\u00e1k a terepet, m\u00e9ly v\u00f6lgyeket v\u00e1jva \u00e9s fenntartva a mez\u0151gazdas\u00e1got a hegyt\u0151l a partig.<\/p>\n<p>Sz\u00e1mos \u00f6kor\u00e9gi\u00f3 sz\u00f6vi \u00e1t ezt a mozaikot. Nedves lombhullat\u00f3 erd\u0151k bor\u00edtj\u00e1k a sz\u00e9l fel\u0151li lejt\u0151ket, m\u00edg a h\u0171v\u00f6sebb leveg\u0151nek kitett hegygerincekhez fenyvesek kapaszkodnak. Az alf\u00f6ld\u00f6n mangroveboz\u00f3tok szeg\u00e9lyezik a part menti lag\u00fan\u00e1kat. Az Enriquillo-t\u00f3 k\u00f6r\u00fcli naps\u00fct\u00f6tte d\u00e9lnyugati ter\u00fcleteken sz\u00e1raz erd\u0151k \u00e9s xerikus cserj\u00e9sek uralkodnak. Az \u00e1llatvil\u00e1g \u00e9s a n\u00f6v\u00e9nyvil\u00e1g sokf\u00e9les\u00e9ge vir\u00e1gzik az ilyen v\u00e1ltozatos \u00e9l\u0151helyek k\u00f6z\u00f6tt; endemikus madarak repkednek a ceibaf\u00e1k k\u00f6z\u00f6tt, \u00e9s orchide\u00e1k bor\u00edtj\u00e1k a m\u00e9szk\u0151 kib\u00fav\u00e1sokat.<\/p>\n<p>Az \u00e9ghajlat t\u00fckr\u00f6zi ezt a komplexit\u00e1st. Az \u00e9ves \u00e1tlagh\u0151m\u00e9rs\u00e9klet 26 \u00b0C k\u00f6r\u00fcl mozog, de a tengerszint feletti magass\u00e1g miatt a h\u0151m\u00e9rs\u00e9klet 18 \u00b0C fel\u00e9, vagy v\u00e9dett v\u00f6lgyekben 40 \u00b0C f\u00f6l\u00e9 is emelkedhet. A csapad\u00e9keloszl\u00e1s \u00e9lesen elt\u00e9r: az \u00e9szaki parton novembert\u0151l janu\u00e1rig esik az es\u0151, m\u00edg a sziget t\u00f6bbi r\u00e9sz\u00e9n m\u00e1just\u00f3l novemberig hullik a legt\u00f6bb csapad\u00e9k. A tr\u00f3pusi ciklonok j\u00fanius \u00e9s okt\u00f3ber k\u00f6z\u00f6tt s\u00fajtj\u00e1k az orsz\u00e1got, erej\u00fck a d\u00e9li parton tet\u0151zik. B\u00e1r az 1998-as Georges hurrik\u00e1n volt az utols\u00f3 nagyobb vihar, amely partra csapott, a fenyeget\u00e9s tov\u00e1bbra is alak\u00edtja az \u00e9p\u00edt\u00e9si szab\u00e1lyzatokat \u00e9s a katasztr\u00f3faelh\u00e1r\u00edt\u00e1si strat\u00e9gi\u00e1kat.<\/p>\n<p>Ilyen term\u00e9szeti kincsek k\u00f6zepette a v\u00e1rosi fejl\u0151d\u00e9s fellend\u00fclt. A gyorsvas\u00fati vonalak ma m\u00e1r Santo Doming\u00f3t is \u00e1tszelik, melynek metr\u00f3ja a Karib-t\u00e9rs\u00e9g \u00e9s K\u00f6z\u00e9p-Amerika legkiterjedtebb gyorsvas\u00fati h\u00e1l\u00f3zata. K\u00e9t vonal \u2013 egy\u00fcttesen meghaladja a 27 kilom\u00e9tert \u2013 \u00e9vente t\u00f6bb mint hatvanmilli\u00f3 utast sz\u00e1ll\u00edt, enyh\u00edtve a f\u0151bb utakon kialakult dug\u00f3kat. A DR-1, DR-2 \u00e9s DR-3 sz\u00e1m\u00fa orsz\u00e1gos aut\u00f3p\u00e1ly\u00e1k a f\u0151v\u00e1rost\u00f3l \u00e9szakra, d\u00e9lnyugatra \u00e9s keletre h\u00faz\u00f3dnak, le\u00e1gaz\u00e1sokkal \u00e9s alternat\u00edv \u00fatvonalakkal el\u00e9rve a kisebb v\u00e1rosokat. A k\u00f6zelm\u00faltbeli fizet\u0151s utak k\u00e9t \u00f3ra al\u00e1 cs\u00f6kkentett\u00e9k a Saman\u00e1-f\u00e9lszigetre vezet\u0151 menetid\u0151t, megnyitva az olyan z\u00f6ldell\u0151 r\u00e9gi\u00f3kat, mint Jarabacoa \u00e9s Constanza az \u00f6koturizmus el\u0151tt. Sz\u00e1mos m\u00e1sodrang\u00fa \u00fat azonban m\u00e9g mindig v\u00e1r aszfaltoz\u00e1sra, \u00e9s a vid\u00e9ki \u00f6sszek\u00f6ttet\u00e9s tov\u00e1bbra is folyamatos kih\u00edv\u00e1st jelent.<\/p>\n<p>Ez a modern infrastrukt\u00fara egy olyan t\u00e1rsadalmat t\u00e1mogat, amelynek demogr\u00e1fiai profilja a sz\u00e1zad k\u00f6zepe \u00f3ta dr\u00e1maian \u00e1talakult. Az 1950-es 2,38 milli\u00f3s lakoss\u00e1gr\u00f3l m\u00e1ra t\u00f6bb mint 11 milli\u00f3ra n\u0151tt az orsz\u00e1g. A dominikaiak egyharmada tizen\u00f6t \u00e9v alatti, m\u00edg a hatvan\u00f6t \u00e9v felettiek hat sz\u00e1zal\u00e9k\u00e1t teszik ki, ami azt jelenti, hogy az \u00e1tlag\u00e9letkor a h\u00faszas \u00e9vek v\u00e9ge fel\u00e9 j\u00e1r. Az orsz\u00e1gban valamivel t\u00f6bb f\u00e9rfi \u00e9l, mint n\u0151, \u00e9s az \u00e9vi k\u00f6r\u00fclbel\u00fcl 1,5 sz\u00e1zal\u00e9kos n\u00f6veked\u00e9si \u00fctem a v\u00e1rosiasod\u00e1s \u00e9s a lakhat\u00e1s ir\u00e1nti kereslet n\u00f6veked\u00e9s\u00e9t id\u00e9zi el\u0151. A migr\u00e1ci\u00f3 \u2013 mind a bej\u00f6v\u0151, mind a kimen\u0151 \u2013 tov\u00e1bbi hat\u00e1st gyakorol: jelent\u0151s diaszp\u00f3ra, f\u0151k\u00e9nt az Egyes\u00fclt \u00c1llamokb\u00f3l \u00e9rkez\u0151 p\u00e9nz\u00e1tutal\u00e1sok \u00e1ramlanak a dominikai h\u00e1ztart\u00e1sokba, m\u00edg a Haitib\u0151l \u00e9rkez\u0151 illeg\u00e1lis migr\u00e1ci\u00f3 vit\u00e1kat v\u00e1ltott ki az \u00e1llampolg\u00e1rs\u00e1gr\u00f3l, a munkajogokr\u00f3l \u00e9s a nemzeti identit\u00e1sr\u00f3l.<\/p>\n<p>Kultur\u00e1lis szempontb\u00f3l a Dominikai K\u00f6zt\u00e1rsas\u00e1g az eur\u00f3pai, afrikai \u00e9s ta\u00edno hagyom\u00e1nyok tal\u00e1lkoz\u00e1s\u00e1b\u00f3l j\u00f6tt l\u00e9tre. Az ib\u00e9riai t\u00f6rv\u00e9nyk\u00f6nyvek \u00e9s t\u00e1rsadalmi szok\u00e1sok a gyarmati id\u0151kben alakultak ki, olyan int\u00e9zm\u00e9nyeket l\u00e9trehozva, amelyek a nyelvben, az \u00e9p\u00edt\u00e9szetben \u00e9s a korm\u00e1nyz\u00e1sban maradtak fenn. Az afrikai \u00f6r\u00f6ks\u00e9g legink\u00e1bb a merengue \u00e9s a bachata ritmus\u00e1ban, a kulin\u00e1ris alapvet\u0151 \u00e9lelmiszerekben, mint p\u00e9ld\u00e1ul a f\u0151z\u0151ban\u00e1n \u00e9s a bab, valamint a katolikus ritu\u00e1l\u00e9kat az \u0151si hiedelmekkel \u00f6tv\u00f6z\u0151 spiritu\u00e1lis gyakorlatokban nyilv\u00e1nul meg. A ta\u00edno \u00f6r\u00f6ks\u00e9g a helynevekben \u00e9s a botanikai ismeretekben is fennmaradt \u2013 a mani\u00f3ka, a doh\u00e1ny \u00e9s a jamgy\u00f6k\u00e9r meg\u0151rizte az \u0151shonos elnevez\u00e9st. Ez a szinkretizmus egy dinamikus kultur\u00e1lis sz\u00f6vetet eredm\u00e9nyezett, amelyet fesztiv\u00e1lok, karnev\u00e1li felvonul\u00e1sok \u00e9s k\u00e9zm\u0171vess\u00e9g jellemez, amelyek a m\u00faltat \u200b\u200b\u00e9s a jelent egyar\u00e1nt t\u00fckr\u00f6zik.<\/p>\n<p>Az orsz\u00e1g elk\u00f6telezetts\u00e9ge a term\u00e9szetv\u00e9delem \u00e9s a fenntarthat\u00f3 turizmus ir\u00e1nt az elm\u00falt \u00e9vtizedekben megn\u0151tt. A nemzeti parkok v\u00e9dik a Sierra de Bahoruco v\u00edzgy\u0171jt\u0151 ter\u00fcleteit \u00e9s a Los Haitises el\u00e1rasztott lag\u00fan\u00e1it, m\u00edg a vir\u00e1gz\u00f3 \u00f6koturisztikai \u00e1gazat t\u00far\u00e1z\u00f3kat, mad\u00e1rmegfigyel\u0151ket \u00e9s lombkorona-j\u00e1r\u00f3kat h\u00edv, hogy felfedezz\u00e9k a j\u00f3l bej\u00e1ratott \u00fcd\u00fcl\u0151helyekt\u0151l t\u00e1voli t\u00e1jakat. Az olyan cs\u00facsok, mint a Pico Duarte, kih\u00edv\u00e1st jelentenek a hegym\u00e1sz\u00f3knak, m\u00edg a part menti enkl\u00e1v\u00e9kban, mint a Bah\u00eda de las \u00c1guilas, \u00e9rintetlen strandok \u00e9s korallz\u00e1tonyok v\u00e1rj\u00e1k a l\u00e1togat\u00f3kat. A K\u00f6z\u00e9p-Kordiller\u00e1k sz\u00e1razf\u00f6ldi falvai \u2013 k\u00f6zt\u00fck Constanza \u2013 olyan csal\u00e1di sz\u00e1ll\u00e1shelyeket k\u00edn\u00e1lnak, amelyek k\u00f6zvetlen\u00fcl a vid\u00e9ki csal\u00e1dokhoz juttatj\u00e1k a turisztikai bev\u00e9teleket.<\/p>\n<p>Santo Domingo gyarmati \u00f6vezet\u00e9nek v\u00e1rosmeg\u00faj\u00edt\u00e1sa kiemelte az orsz\u00e1g t\u00f6rt\u00e9nelmi els\u0151bbs\u00e9g\u00e9t az amerikai kontinensen. Ott a Catedral Primada de Am\u00e9rica, az Alc\u00e1zar de Col\u00f3n \u00e9s a Monasterio de San Francisco a tizen\u00f6t\u00f6dik sz\u00e1zadi ambici\u00f3zus t\u00f6rekv\u00e9sek \u00e9l\u0151 eml\u00e9keik\u00e9nt \u00e1llnak, homlokzataikat az UNESCO restaur\u00e1lta, hogy t\u00fckr\u00f6zz\u00e9k az eredeti k\u0151m\u0171ves \u00e9s faragott mot\u00edvumokat. Ezek a ter\u00fcletek tudom\u00e1nyos szimp\u00f3ziumoknak \u00e9s m\u0171v\u00e9szeti ki\u00e1ll\u00edt\u00e1soknak adnak otthont, meger\u0151s\u00edtve, hogy a nemzet \u00f6r\u00f6ks\u00e9ge t\u00falmutat a strandokon \u00e9s a hegyeken, \u00e9s alapvet\u0151 szerepet j\u00e1tszik a nyugati f\u00e9lteke eur\u00f3pai t\u00f6rt\u00e9net\u00e9ben.<\/p>\n<p>A vend\u00e9gl\u00e1t\u00f3ipari projektek b\u0151v\u00fcl\u00e9se \u2013 Cap Cana kik\u00f6t\u0151i, San Souci kik\u00f6t\u0151j\u00e9nek haj\u00f3termin\u00e1ljai, Casa de Campo golfp\u00e1ly\u00e1i \u00e9s a Hard Rock Hotel &amp; Casino sz\u00f3rakoztat\u00f3 komplexuma \u2013 a befektet\u0151k bizalm\u00e1t jelzi a folyamatos l\u00e1togat\u00f3i n\u00f6veked\u00e9s ir\u00e1nt. A tisztvisel\u0151k azonban a t\u00f6megturizmus strat\u00e9gi\u00e1it a hullad\u00e9kkezel\u00e9sre \u00e9s -\u00fajrahasznos\u00edt\u00e1sra vonatkoz\u00f3 szab\u00e1lyoz\u00e1sokkal m\u00e9rs\u00e9kelt\u00e9k; az elm\u00falt \u00e9vtizedben a Dominikai K\u00f6zt\u00e1rsas\u00e1g region\u00e1lis vezet\u0151v\u00e9 v\u00e1lt a szil\u00e1rdhullad\u00e9k-gazd\u00e1lkod\u00e1si programokban, bevezetve a forr\u00e1sn\u00e1l t\u00f6rt\u00e9n\u0151 szelekt\u00edv hullad\u00e9kgy\u0171jt\u00e9st \u00e9s a modern hullad\u00e9klerak\u00f3-terveket. A jogszab\u00e1lyok mostant\u00f3l el\u0151\u00edrj\u00e1k a k\u00f6rnyezeti hat\u00e1svizsg\u00e1latokat a nagyszab\u00e1s\u00fa fejleszt\u00e9sek eset\u00e9ben, t\u00fckr\u00f6zve azt a meg\u00e9rt\u00e9st, hogy a term\u00e9szeti t\u0151k\u00e9t a gazdas\u00e1gi terjeszked\u00e9s mellett kell gondozni.<\/p>\n<p>A feldolgoz\u00f3iparban a szabadkereskedelmi \u00f6vezetek a textiliparra, az elektronikai \u00f6sszeszerel\u00e9sre \u00e9s az orvostechnikai eszk\u00f6z\u00f6k gy\u00e1rt\u00e1s\u00e1ra \u00f6sszpontos\u00edtanak, \u00e9s \u00e9lvezik az \u00e9szak-amerikai piacokkal k\u00f6t\u00f6tt k\u00e9toldal\u00fa meg\u00e1llapod\u00e1sok szerinti preferenci\u00e1lis tarif\u00e1kat. A telekommunik\u00e1ci\u00f3s infrastrukt\u00fara \u2013 optikai h\u00e1l\u00f3zatok \u00e9s mobilh\u00e1l\u00f3zatok \u2013 \u00e9s a Bolsa de Valores de la Rep\u00fablica Dominicana r\u00e9v\u00e9n felt\u00f6rekv\u0151 t\u0151kepiac a szolg\u00e1ltat\u00e1si szektort r\u00f6gz\u00edti, amely a brutt\u00f3 hazai term\u00e9k k\u00f6zel hatvan sz\u00e1zal\u00e9k\u00e1t teszi ki. A p\u00e9nz\u00fcgyi integr\u00e1ci\u00f3ra ir\u00e1nyul\u00f3 er\u0151fesz\u00edt\u00e9sek c\u00e9lja a j\u00f6vedelmi egyenl\u0151tlens\u00e9gek cs\u00f6kkent\u00e9se, m\u00e9g akkor is, ha a kih\u00edv\u00e1sok tov\u00e1bbra is fenn\u00e1llnak: a munkan\u00e9lk\u00fclis\u00e9g tov\u00e1bbra is viszonylag magas, \u00e9s a vagyoneloszl\u00e1sbeli egyenl\u0151tlens\u00e9gek az oktat\u00e1sra \u00e9s az eg\u00e9szs\u00e9g\u00fcgyi m\u00e9lt\u00e1nyoss\u00e1gra ir\u00e1nyul\u00f3 szoci\u00e1lis programokat \u00f6szt\u00f6n\u00f6znek.<\/p>\n<p>A mez\u0151gazdas\u00e1g megtartotta jelent\u0151s\u00e9g\u00e9t a cukorn\u00e1d- \u00e9s ban\u00e1ntermeszt\u00e9sben, b\u00e1r a k\u00e1v\u00e9- \u00e9s kaka\u00f3export-bev\u00e9telek r\u00e9szesed\u00e9se cs\u00f6kkent a munkaig\u00e9nyes ipar\u00e1gak jav\u00e1ra. Az aranyb\u00e1ny\u00e1szaton t\u00fali b\u00e1ny\u00e1szat \u2013 a bauxit, a m\u00e1rv\u00e1ny \u00e9s a s\u00f3 \u2013 is n\u00f6veli az exportbev\u00e9teleket, gyakran a t\u00e1voli ter\u00fcleteken, ahol a helyi k\u00f6z\u00f6ss\u00e9gek jogd\u00edjakr\u00f3l \u00e9s \u00f6koturisztikai kompenz\u00e1ci\u00f3r\u00f3l t\u00e1rgyalnak. A hal\u00e1szat a tengeri er\u0151forr\u00e1sok kiakn\u00e1z\u00e1sa, a f\u0151 fog\u00e1sok k\u00f6z\u00e9 tartozik a garn\u00e9lar\u00e1k \u00e9s a languszta, amelyekre az \u00e1llom\u00e1nyfelt\u00f6lt\u00e9s biztos\u00edt\u00e1s\u00e1t c\u00e9lz\u00f3 kv\u00f3t\u00e1k vonatkoznak.<\/p>\n<p>Ha v\u00e9gigtekint\u00fcnk a Dominikai K\u00f6zt\u00e1rsas\u00e1g \u00edv\u00e9n \u2013 a taino fejedelems\u00e9gekt\u0151l a kort\u00e1rs k\u00f6zt\u00e1rsas\u00e1gig, az \u00fatt\u00f6r\u0151 eur\u00f3pai b\u00e1sty\u00e1kt\u00f3l a dinamikus v\u00e1rosi k\u00f6zpontokig \u2013, akkor r\u00e9tegzett kontrasztok nemzet\u00e9t t\u00e1rja fel. Hegyek magasodnak az \u00fcltetv\u00e9nyekkel bor\u00edtott s\u00edks\u00e1gok f\u00f6l\u00e9; gyarmati k\u0151falak szeg\u00e9lyezik a kaszin\u00f3k neonrekl\u00e1mjait; orsz\u00e1gos aut\u00f3p\u00e1ly\u00e1k szell\u0151erd\u0151-rezerv\u00e1tumokon kereszt\u00fcl kanyarognak. Lak\u00f3i t\u00f6bb \u0151s\u00fckb\u0151l sz\u00fcletett szok\u00e1sokat \u00e9s konyh\u00e1kat \u0151rzenek, \u00e9s v\u00e1llalkoz\u00f3i lelkesed\u00e9ssel navig\u00e1lnak a modern vil\u00e1gban. Az ig\u00e9nyes utaz\u00f3 sz\u00e1m\u00e1ra ez a felfedez\u00e9s birodalma, ahol minden kil\u00e1t\u00e1s \u2013 legyen az Bayahibe rumos \u00edz\u0171 szell\u0151je vagy Jarabacoa sz\u00e9l morajl\u00f3 magaslatai \u2013 \u00e9vsz\u00e1zados emberi er\u0151fesz\u00edt\u00e9sekkel rezon\u00e1l, amelyeket a tenger, a k\u0151 \u00e9s az \u00e9g form\u00e1lt. \u00d6sszefoglalva, a Dominikai K\u00f6zt\u00e1rsas\u00e1g ma Amerika legr\u00e9gebbi eur\u00f3pai \u00f6r\u00f6ks\u00e9g\u00e9nek \u0151rz\u0151je \u00e9s a karibi vitalit\u00e1s mintak\u00e9pe, t\u00f6rt\u00e9nete a hegyekbe v\u00e9sve, foly\u00f3in kereszt\u00fcl folyva, \u00e9s n\u00e9p\u00e9nek hangjain kereszt\u00fcl hordozva.<\/p>","protected":false},"excerpt":{"rendered":"<p>A Karib-tengeren, a Nagy-Antill\u00e1kon tal\u00e1lhat\u00f3 Hispaniola sziget\u00e9n tal\u00e1lhat\u00f3 Dominikai K\u00f6zt\u00e1rsas\u00e1g becs\u00fclt lakoss\u00e1ga 2024-ben meghaladta a 11,4 milli\u00f3t. 48 671 n\u00e9gyzetkilom\u00e9ter\u00e9vel (18 792 n\u00e9gyzetm\u00e9rf\u00f6ld) az Antill\u00e1k m\u00e1sodik legnagyobb nemzete mind ter\u00fclet, mind n\u00e9pess\u00e9g szerint, sz\u00e1razf\u00f6ldi ter\u00fcleten csak Kuba el\u0151zi meg.<\/p>","protected":false},"author":1,"featured_media":3613,"parent":24084,"menu_order":0,"comment_status":"closed","ping_status":"closed","template":"elementor_theme","meta":{"_eb_attr":"","footnotes":""},"class_list":["post-9128","page","type-page","status-publish","has-post-thumbnail"],"_links":{"self":[{"href":"https:\/\/travelshelper.com\/hu\/wp-json\/wp\/v2\/pages\/9128","targetHints":{"allow":["GET"]}}],"collection":[{"href":"https:\/\/travelshelper.com\/hu\/wp-json\/wp\/v2\/pages"}],"about":[{"href":"https:\/\/travelshelper.com\/hu\/wp-json\/wp\/v2\/types\/page"}],"author":[{"embeddable":true,"href":"https:\/\/travelshelper.com\/hu\/wp-json\/wp\/v2\/users\/1"}],"replies":[{"embeddable":true,"href":"https:\/\/travelshelper.com\/hu\/wp-json\/wp\/v2\/comments?post=9128"}],"version-history":[{"count":0,"href":"https:\/\/travelshelper.com\/hu\/wp-json\/wp\/v2\/pages\/9128\/revisions"}],"up":[{"embeddable":true,"href":"https:\/\/travelshelper.com\/hu\/wp-json\/wp\/v2\/pages\/24084"}],"wp:featuredmedia":[{"embeddable":true,"href":"https:\/\/travelshelper.com\/hu\/wp-json\/wp\/v2\/media\/3613"}],"wp:attachment":[{"href":"https:\/\/travelshelper.com\/hu\/wp-json\/wp\/v2\/media?parent=9128"}],"curies":[{"name":"wp","href":"https:\/\/api.w.org\/{rel}","templated":true}]}}