{"id":9116,"date":"2024-09-07T12:13:02","date_gmt":"2024-09-07T12:13:02","guid":{"rendered":"https:\/\/travelshelper.com\/staging\/?page_id=9116"},"modified":"2026-03-13T16:29:43","modified_gmt":"2026-03-13T16:29:43","slug":"san-salvador","status":"publish","type":"page","link":"https:\/\/travelshelper.com\/hu\/destinations\/north-america\/el-salvador\/san-salvador\/","title":{"rendered":"San Salvador"},"content":{"rendered":"<p>San Salvador, El Salvador l\u00fcktet\u0151 sz\u00edve, egy vulk\u00e1ni \u0151rszemek \u00e1ltal k\u00f6r\u00fclvett medenc\u00e9ben fekszik, \u00e1tlagosan 659 m\u00e9teres tengerszint feletti magass\u00e1gban; a telep\u00fcl\u00e9s hat\u00e1rain bel\u00fcl \u00e9l\u0151 525 990 lakos egy 2 404 097 lelket sz\u00e1ml\u00e1l\u00f3 nagyv\u00e1rosi agglomer\u00e1ci\u00f3hoz j\u00e1rul hozz\u00e1, amely nagyj\u00e1b\u00f3l 600 n\u00e9gyzetkilom\u00e9teren ter\u00fcl el az orsz\u00e1g k\u00f6z\u00e9ps\u0151 felf\u00f6ldj\u00e9n, ahol a politikai megb\u00edzatok, a kultur\u00e1lis \u00e1ramlatok, a tudom\u00e1nyos t\u00f6rekv\u00e9sek \u00e9s a p\u00e9nz\u00fcgyi cser\u00e9k tal\u00e1lkoznak.<\/p>\n<p>A kora reggeli f\u00e9nyben, amikor a Boquer\u00f3n vulk\u00e1n meredek lejt\u0151i egyre hosszabb \u00e1rny\u00e9kot vetnek az El Picach\u00f3ra \u00e9s a B\u00e1lsamo-hegys\u00e9g gerinceire, San Salvador egyszerre mutatja meg mag\u00e1t a t\u00f6rt\u00e9nelem olvaszt\u00f3t\u00e9gely\u00e9nek \u00e9s egy fejl\u0151d\u0151 metropolisznak. T\u00e1jk\u00e9p\u00e9t, melyet olyan foly\u00f3k szabdaltak meg, mint az Acelhuate \u00e9s a San Antonio, \u00e9s a v\u00f6lgyet a Pipil-i \u201eValle de las Hamacas\u201d jelz\u0151vel illet\u0151 szeizmikus epiz\u00f3dok sebezt\u00e9k, olyan s\u00fcrget\u00e9ssel form\u00e1lta a v\u00e1rosi n\u00f6veked\u00e9st, amit egyetlen tervez\u0151 sem tagadhatna. A Cerro El Picacho magasod\u00f3 oldalait\u00f3l, melynek 1931 m\u00e9teres cs\u00facsa \u00e1tt\u00f6ri a v\u00e1ros l\u00e1tk\u00e9p\u00e9t, az 596 m\u00e9terhez k\u00f6zeli alacsonyan fekv\u0151 ter\u00fcletekig a v\u00e1ros k\u00f6rvonalai egy olyan k\u00f6rnyezetr\u0151l \u00e1rulkodnak, amely egyszerre nagylelk\u0171 kil\u00e1t\u00e1sokkal \u00e9s ig\u00e9nyes k\u00f6vetelm\u00e9nyekkel b\u00edr. A k\u0151b\u00e1ny\u00e1k maradv\u00e1nyai \u00e9s a let\u0171nt kit\u00f6r\u00e9sek t\u00f6rmel\u00e9kei a terek k\u00f6veiben \u00e9s a gyarmati falak habarcs\u00e1ban rejt\u0151znek.<\/p>\n<p>Ebben a t\u0171zb\u0151l \u00e9s k\u0151b\u0151l \u00e9p\u00fclt b\u00f6lcs\u0151ben a korm\u00e1nyz\u00e1s \u00e9p\u00fcletei emelkednek: a Minisztertan\u00e1cs, a T\u00f6rv\u00e9nyhoz\u00f3 Gy\u0171l\u00e9s, a Legfels\u0151bb B\u00edr\u00f3s\u00e1g \u00e9s az eln\u00f6ki rezidencia, mindegyik olyan \u00e9p\u00fcletben, ahol a barokk vir\u00e1gz\u00e1sa neoklasszicista oszlopokkal \u00e9s renesz\u00e1nsz domborm\u0171vekkel fon\u00f3dik \u00f6ssze. A Nemzeti Palota, amelyet 1905 \u00e9s 1911 k\u00f6z\u00f6tt Jos\u00e9 Emilio Alcaine m\u00e9rn\u00f6k ir\u00e1ny\u00edt\u00e1s\u00e1val terveztek, n\u00e9gy f\u0151 teremben \u2013 mindegyik a saj\u00e1t sz\u00ednvil\u00e1g\u00e1ban pomp\u00e1zik \u2013 bontja ki t\u00f6rt\u00e9net\u00e9t, m\u00edg a 101 k\u00f6zb\u00fcls\u0151 helyis\u00e9g diplom\u00e1ciai ritu\u00e1l\u00e9kr\u00f3l \u00e9s az \u00e1llamvezet\u00e9s s\u00faly\u00e1r\u00f3l suttog. A N\u00e9metorsz\u00e1gb\u00f3l \u00e9s Olaszorsz\u00e1gb\u00f3l import\u00e1lt gr\u00e1nit \u00e9s bronz alkotja a hatalom \u00e9s a protokoll struktur\u00e1lis lexikon\u00e1t, a huszadik sz\u00e1zad eleji elit amb\u00edci\u00f3inak bizony\u00edt\u00e9kak\u00e9nt.<\/p>\n<p>Nem messze tal\u00e1lhat\u00f3 a Metropolita katedr\u00e1lis, amely a liturgikus hagyom\u00e1nyoknak \u00e9s a huszadik sz\u00e1zadi v\u00e9rtan\u00fas\u00e1gnak egyar\u00e1nt \u00e1ll\u00edt eml\u00e9ket. Szigor\u00fa modernista homlokzat\u00e1n \u00d3scar Romero \u00e9rsek s\u00edrja fekszik, akinek \u00e1h\u00edtata metszette a politik\u00e1t 1980-as meggyilkol\u00e1s\u00e1nak napj\u00e1n. Zar\u00e1ndokok vonulnak el szarkof\u00e1gja mellett, meg\u00e1llva az \u00f3lom\u00fcveg \u00edvek alatt, amelyek a d\u00e9li f\u00e9nyt \u00fcnnep\u00e9lyes tisztelet medenc\u00e9iv\u00e9 sz\u0171rik. A katedr\u00e1lis el\u0151tti t\u00e9r trag\u00e9di\u00e1knak \u00e9s diadaloknak adott tan\u00fabizonys\u00e1got: egy temet\u00e9si menetnek, amelyet er\u0151szak s\u00fajtott 1980. m\u00e1rcius 31-\u00e9n, \u00e9s n\u00e9h\u00e1ny \u00e9vvel k\u00e9s\u0151bb az ujjong\u00f3 gy\u00fclekezeteknek, amelyek az 1992-es b\u00e9kemeg\u00e1llapod\u00e1sokat \u00fcnnepelt\u00e9k. Fernando Llort ker\u00e1mia falfestm\u00e9nye egykor \u00e9l\u00e9nk\u00edtette a k\u00fcls\u0151 teret, eg\u00e9szen 2012 december\u00e9ig, amikor hirtelen elt\u00e1vol\u00edtott\u00e1k, ami \u00fajra\u00e9lesztette az eml\u00e9kezetr\u0151l \u00e9s az \u00f6nkorm\u00e1nyzati hatalomr\u00f3l sz\u00f3l\u00f3 vit\u00e1kat.<\/p>\n<p>N\u00e9h\u00e1ny h\u00e1zt\u00f6mbnyire tal\u00e1lhat\u00f3 a Teatro Nacional, mint a m\u0171v\u00e9szeti t\u00f6rekv\u00e9sek enkl\u00e1v\u00e9ja. Az 1917-ben megnyitott \u00e9s Daniel Beylard francia renesz\u00e1nsz koncepci\u00f3ja \u00e1ltal form\u00e1lt sz\u00ednh\u00e1z boltozatos kupol\u00e1ja \u00e9s krist\u00e1lycsill\u00e1rja egy \u00f6tsz\u00e1z f\u00e9r\u0151helyes el\u0151ad\u00f3terem felett magasodik. Az erk\u00e9lyek h\u00e1rom szinten emelkednek felfel\u00e9, melyeket az Eln\u00f6ki P\u00e1holy \u2013 az \u00e1llami tan\u00faskod\u00e1s enkl\u00e1v\u00e9ja \u2013 koron\u00e1z. A rokok\u00f3 \u00e9s szecesszi\u00f3s filigr\u00e1n d\u00edsz\u00edt\u00e9s\u0171 Nagy El\u0151csarnok \u00e9s Kamaraterem dr\u00e1m\u00e1knak, oper\u00e1knak \u00e9s el\u0151ad\u00e1soknak ad otthont, amelyek kultur\u00e1lis kikapcsol\u00f3d\u00e1st ny\u00fajtanak az \u00e9jszak\u00e1kig, amikor a tr\u00f3pusi szell\u0151 v\u00e9gigsuhan a Calle Delgad\u00f3n. A sz\u00ednh\u00e1z 1979-es nemzeti eml\u00e9km\u0171v\u00e9 nyilv\u00e1n\u00edt\u00e1sa meger\u0151s\u00edti szerep\u00e9t, mint ereklye \u00e9s \u00e9l\u0151 sz\u00ednpad is.<\/p>\n<p>A hit \u00e9s a korm\u00e1nyz\u00e1s eml\u00e9km\u0171vein t\u00fal a v\u00e1ros art\u00e9ri\u00e1i l\u00fcktetnek a kereskedelemt\u0151l \u00e9s az eml\u00e9kez\u00e9st\u0151l. Az Avenida Arce, amelyet nemr\u00e9giben gyalogoss\u00e1 tettek a bar\u00e1ts\u00e1gos s\u00e9t\u00e1nyok kialak\u00edt\u00e1sa \u00e9rdek\u00e9ben, m\u00e9g mindig \u0151rzi az 1900 k\u00f6r\u00fcli madridi l\u00e1mpaoszlopokat, m\u00edg a kisz\u00e9les\u00edtett j\u00e1rd\u00e1kon ma m\u00e1r r\u00e1mp\u00e1k tal\u00e1lhat\u00f3k a kerekessz\u00e9kkel k\u00f6zleked\u0151k sz\u00e1m\u00e1ra. A keresztez\u0151d\u00e9sekben eml\u00e9kt\u00e1bl\u00e1k id\u00e9zik Manuel Jos\u00e9 Arc\u00e9t, K\u00f6z\u00e9p-Amerika els\u0151 sz\u00f6vets\u00e9gi eln\u00f6k\u00e9t, eml\u00e9keztetve a j\u00e1r\u00f3kel\u0151ket arra, hogy egykor forradalom \u00e9s k\u00f6zt\u00e1rsas\u00e1gi k\u00eds\u00e9rletek l\u00fcktettek ezeken az utakon. A Plazas Barrios, a Libertad \u00e9s a Moraz\u00e1n polg\u00e1ri amfite\u00e1trumokk\u00e9nt m\u0171k\u00f6dnek: az els\u0151t Gerardo Barrios bronz lovas szobra, a m\u00e1sodikat a centen\u00e1riumi obeliszk tetej\u00e9n \u00e1ll\u00f3 Szabads\u00e1g Angyala, a harmadikat Francisco Moraz\u00e1n m\u00e1rv\u00e1ny arca uralja, mindegyik t\u00e9r politikai gy\u0171l\u00e9seknek, vall\u00e1si felvonul\u00e1soknak \u00e9s nemzeti \u00fcnnepeknek ad otthont.<\/p>\n<p>N\u00e9h\u00e1ny h\u00e1zt\u00f6mbnyire keletebbre tal\u00e1lhat\u00f3 a Casa Due\u00f1as neoklasszicista torn\u00e1c\u00e1val \u00e9s kertj\u00e9vel, amely a k\u00e1v\u00e9gazdags\u00e1g \u00e9s a diplom\u00e1ciai h\u0171s\u00e9g lenyomat\u00e1t viseli mag\u00e1n. \u00c9vtizedekig mexik\u00f3i \u00e9s amerikai k\u00f6vets\u00e9geket, Richard Nixont\u00f3l Lyndon B. Johnsonig sz\u00e1mos m\u00e9lt\u00f3s\u00e1gnak adott otthont, miel\u0151tt szakmai mell\u00e9k\u00e9p\u00fclett\u00e9 v\u00e1lt, \u00e9s legut\u00f3bb restaur\u00e1l\u00e1sra szorult volna. Stukk\u00f3\u00e9p\u00fclete, amelyet 1985-ben kultur\u00e1lis \u00f6r\u00f6ks\u00e9gg\u00e9 nyilv\u00e1n\u00edtottak, a hazai eml\u00e9kezet t\u00e1rh\u00e1zak\u00e9nt v\u00e1rja az \u00fajj\u00e1\u00e9led\u00e9st \u2013 ellenpontk\u00e9nt a v\u00e1rosk\u00e9pet ma meghat\u00e1roz\u00f3 felh\u0151karcol\u00f3knak.<\/p>\n<p>A kultur\u00e1lis adatt\u00e1rak kiterjednek az 1883-ban alap\u00edtott Museo Nacional de Antropolog\u00eda-ba, ahol a r\u00e9g\u00e9szeti leletek \u00e9s a mez\u0151gazdas\u00e1gi eml\u00e9kek k\u00e9zm\u0171ves term\u00e9kekkel egy\u00fctt \u00e9lnek, arra cs\u00e1b\u00edtva a salvadoriakat \u00e9s a l\u00e1togat\u00f3kat, hogy elm\u00e9lkedjenek az emberi telep\u00fcl\u00e9s \u00e9vezredeinek esem\u00e9nyein. A k\u00f6zelben tal\u00e1lhat\u00f3, 2003-ban megnyitott Museo de Arte de El Salvador a nemzet m\u0171v\u00e9szeti \u00edv\u00e9t mutatja be a tizenkilencedik sz\u00e1zadi n\u00e9pi \u00e1br\u00e1zol\u00e1sokt\u00f3l a kort\u00e1rs absztrakci\u00f3ig. Id\u0151szaki ki\u00e1ll\u00edt\u00e1sok h\u00edvt\u00e1k meg Picass\u00f3t, Rembrandtot \u00e9s Dal\u00edt ezekbe a csarnokokba, p\u00e1rbesz\u00e9det el\u0151seg\u00edtve a helyi alkot\u00f3k \u00e9s a nemzetk\u00f6zi mesterek k\u00f6z\u00f6tt. A fiatal elm\u00e9k sz\u00e1m\u00e1ra a Parque Cuscatl\u00e1n mellett tal\u00e1lhat\u00f3 Tin Mar\u00edn Gyermekm\u00fazeum interakt\u00edv tanul\u00e1st k\u00edn\u00e1l egy rep\u00fcl\u0151g\u00e9p kabinj\u00e1n, egy \u00e9lelmiszerbolt-maketten \u00e9s egy planet\u00e1riumon kereszt\u00fcl, amely el\u00e9rhet\u0151 k\u00f6zels\u00e9gbe hozza a kozmoszt.<\/p>\n<p>San Salvador \u00e9ghajlata az egyenl\u00edt\u0151i meleget a hegyvid\u00e9ki magass\u00e1ggal egyens\u00falyozza. A novembert\u0151l febru\u00e1rig tart\u00f3 sz\u00e1raz \u00e9vszakbeli szelek a nappali \u00e1tlagh\u0151m\u00e9rs\u00e9kletet 22,2 \u00b0C-ra cs\u00f6kkentik, m\u00edg \u00e1prilisban \u00e9s m\u00e1jusban az \u00e1tlagos maximum 32,2 \u00b0C, d\u00e9lut\u00e1nonk\u00e9nt pedig konvekt\u00edv viharok borzolj\u00e1k a h\u0151m\u00e9rs\u00e9kletet, amelyek hajnalra elm\u00falnak. A rekordsz\u00e9ls\u0151 \u00e9rt\u00e9kek \u2013 a fels\u0151 k\u00fcsz\u00f6b\u00e9rt\u00e9kn\u00e9l 38,5 \u00b0C, az als\u00f3n\u00e1l 8,2 \u00b0C \u2013 a 658 m\u00e9teres magass\u00e1got k\u00eds\u00e9r\u0151 nappali sz\u00e9less\u00e9get tan\u00fas\u00edtj\u00e1k. A regosol, latosol \u00e9s andosol talajr\u00e9tegei andezit \u00e9s bazaltos anyak\u0151zetb\u0151l sz\u00e1rmaznak, form\u00e1lj\u00e1k a n\u00f6v\u00e9nyzetet a hegyoldalakon, \u00e9s t\u00e1j\u00e9koztatj\u00e1k a v\u00e1rosi z\u00f6ld\u00edt\u00e9si er\u0151fesz\u00edt\u00e9seket a parkokban \u00e9s a sug\u00e1rutak ment\u00e9n.<\/p>\n<p>A hidrol\u00f3gia \u00e1tsz\u00f6vi a v\u00e1ros t\u00f6rt\u00e9net\u00e9t, mik\u00f6zben a v\u00edzi utak betoncsatorn\u00e1k al\u00e1 h\u00faz\u00f3dnak. Az Acelhuate foly\u00f3, amely egykor l\u00e9tfontoss\u00e1g\u00fa forr\u00e1s volt a tizenkilencedik sz\u00e1zad v\u00e9g\u00e9n \u00e9s a huszadik sz\u00e1zad elej\u00e9n, ma a v\u00e1rosi kifoly\u00f3kon kereszt\u00fcl folyik. Az Ilopango-t\u00f3 kalder\u00e1j\u00e1b\u00f3l leereszked\u0151 patakok id\u0151szakosan jelennek meg, tisztas\u00e1gukat az iszap \u00e9s az \u00fcled\u00e9k tomp\u00edtja. Maga Ilopango, amely k\u00f6zvetlen\u00fcl a v\u00e1roshat\u00e1ron t\u00fal fekszik, az orsz\u00e1g legnagyobb term\u00e9szetes v\u00edzt\u00e1roz\u00f3ja \u2013 72 n\u00e9gyzetkilom\u00e9ternyi felf\u00f6ldi v\u00edzt\u00e1roz\u00f3, amelyet egy kaldera z\u00e1rt be, amely utolj\u00e1ra 1880-ban t\u00f6rt ki. Az \u00e9szaki horizonton a Lempa foly\u00f3 g\u00e1tjaival kialak\u00edtott Cerr\u00f3n Grande v\u00edzt\u00e1roz\u00f3 termel \u00e1ramot, mik\u00f6zben nyugodt felsz\u00edne r\u00e1c\u00e1fol az \u00e1ltala el\u0151id\u00e9zett elmozdul\u00e1sra.<\/p>\n<p>A k\u00f6zleked\u00e9si infrastrukt\u00fara a v\u00e1rosk\u00f6zpontb\u00f3l rendezett utca- \u00e9s sug\u00e1r\u00fath\u00e1l\u00f3zatban indul ki. A kelet-nyugati ir\u00e1ny\u00fa folyos\u00f3k d\u00e9len p\u00e1ros, \u00e9szakon p\u00e1ratlan utcasz\u00e1mokat viselnek; az \u00e9szak-d\u00e9li sug\u00e1rutak ford\u00edtott parit\u00e1st k\u00f6vetnek. A Panamerikai Aut\u00f3p\u00e1lya (CA-1) kett\u00e9szeli a metropoliszt, beolvadva a Bulevar Arturo Castellanosba, m\u00edg az RN-5 \u00e9s az RN-21 \u00f6sszek\u00f6ttet\u00e9st teremt Antiguo Cuscatl\u00e1nnal \u00e9s Santa Tecl\u00e1val. A f\u0151utakon a 60 km\/h-s sebess\u00e9gkorl\u00e1toz\u00e1s 90 km\/h-t tesz lehet\u0151v\u00e9 az aut\u00f3p\u00e1ly\u00e1kon; a t\u00f6rt\u00e9nelmi ter\u00fcleteken a keskenyebb s\u00e1vokban 40 km\/h-s sebess\u00e9gkorl\u00e1toz\u00e1s van \u00e9rv\u00e9nyben. A taxik, t\u00falnyom\u00f3r\u00e9szt s\u00e1rg\u00e1ra festett Toyota Coroll\u00e1k, fix d\u00edjszab\u00e1sban k\u00f6zlekednek \u00fati c\u00e9lokon, amelyeket nem korl\u00e1toznak m\u00e9terek, hanem z\u00f3n\u00e1khoz igaz\u00edtanak.<\/p>\n<p>A t\u00f6megk\u00f6zleked\u00e9s naponta k\u00f6zel k\u00e9tsz\u00e1zezer utast sz\u00e1ll\u00edt mag\u00e1nk\u00e9zben l\u00e9v\u0151 buszok \u00e9s \u00f6nkorm\u00e1nyzatok \u00e1ltal kezelt vonalak h\u00e1l\u00f3zat\u00e1n kereszt\u00fcl. A 2013-ban \u00e1llami-mag\u00e1n v\u00e1llalkoz\u00e1sk\u00e9nt elind\u00edtott SITRAMSS rendszer, amelyet az Interamerican Development Bank \u00f6tvenmilli\u00f3 doll\u00e1ros hitele t\u00e1mogatott, a San Mart\u00ednb\u00f3l Soyapang\u00f3n \u00e9s Antiguo Cuscatl\u00e1non \u00e1t Santa Tecl\u00e1ig tart\u00f3 \u00fatvonalak forgalm\u00e1nak harmoniz\u00e1l\u00e1s\u00e1ra t\u00f6rekedett; a v\u00e1rosk\u00f6zpontban t\u00edzperces id\u0151k\u00f6z\u00f6nk\u00e9nt 160 utast sz\u00e1ll\u00edt\u00f3 buszok k\u00f6zlekedtek, mintegy h\u00faszezer ing\u00e1z\u00f3t sz\u00e1ll\u00edtva d\u00e9l el\u0151tt. Az id\u0151sek, v\u00e1rand\u00f3s any\u00e1k \u00e9s fogyat\u00e9kkal \u00e9l\u0151k sz\u00e1m\u00e1ra fenntartott ingyenes szolg\u00e1ltat\u00e1s tov\u00e1bbra is egyed\u00fcl\u00e1ll\u00f3 K\u00f6z\u00e9p-Amerik\u00e1ban, meger\u0151s\u00edtve a v\u00e1ros elk\u00f6telezetts\u00e9g\u00e9t az inkluz\u00edv mobilit\u00e1s ir\u00e1nt.<\/p>\n<p>A vas\u00fati szolg\u00e1ltat\u00e1s, amely egykor sz\u00fcnetelt, 2007-ben \u00fajra\u00e9ledt a FENADESAL keret\u00e9ben, San Salvadort Apop\u00e1val \u00f6sszek\u00f6tve, eg\u00e9szen 2013-as felf\u00fcggeszt\u00e9s\u00e9ig. A Nejapa \u00e9s Cuscatancingo fel\u00e9 t\u00f6rt\u00e9n\u0151 \u00fajb\u00f3li \u00f6sszek\u00f6ttet\u00e9sre vonatkoz\u00f3 tervek tov\u00e1bbra is fenn\u00e1llnak, m\u00edg a fel\u00faj\u00edtott 1960-as \u00e9vekbeli kocsikon tett t\u00f6rt\u00e9nelmi kir\u00e1ndul\u00e1sok arra h\u00edvj\u00e1k az utasokat, hogy \u00e1t\u00e9lj\u00e9k egy kor\u00e1bbi korszak ritmus\u00e1t.<\/p>\n<p>A l\u00e9gi hozz\u00e1f\u00e9r\u00e9s 1980-ban Ilopang\u00f3b\u00f3l a Monse\u00f1or \u00d3scar Arnulfo Romero Nemzetk\u00f6zi Rep\u00fcl\u0151t\u00e9rre helyez\u0151d\u00f6tt \u00e1t, amely 40 kilom\u00e9terre d\u00e9lre, s\u00edk terepen tal\u00e1lhat\u00f3, \u00e9s alkalmas a j\u00f6v\u0151beni b\u0151v\u00edt\u00e9sre. 2008-ban t\u00f6bb mint k\u00e9tmilli\u00f3 utas haladt \u00e1t a termin\u00e1ljain, ezzel K\u00f6z\u00e9p-Amerika harmadik legforgalmasabb rep\u00fcl\u0151tere lett; az Ilopango rep\u00fcl\u0151t\u00e9r, amelyet katonai \u00e9s charter m\u0171veletekre alak\u00edtottak \u00e1t, 2009-ben ny\u00edlt meg \u00fajra, \u00e9s ma m\u00e1r \u00e9ves l\u00e9gibemutat\u00f3nak ad otthont.<\/p>\n<p>Demogr\u00e1fiailag San Salvador a mesztic t\u00f6bbs\u00e9get 72,3 sz\u00e1zal\u00e9kban t\u00fckr\u00f6zi, m\u00edg a feh\u00e9r kisebbs\u00e9g 25,8 sz\u00e1zal\u00e9kban \u00e9l, akiknek spanyol, francia \u00e9s n\u00e9met sz\u00e1rmaz\u00e1sa a vezet\u00e9knevekben \u00e9s a gyarmati \u00e9p\u00fcletek boltozatos termeiben is fennmaradt. A spanyol nyelv domin\u00e1l a k\u00f6z\u00f6s nyelvk\u00e9nt, m\u00edg az angol a m\u00e9dia hat\u00e1s\u00e1ra \u00e9s az emigr\u00e1nsok visszat\u00e9r\u00e9se r\u00e9v\u00e9n nyeri el a hely\u00e9t. A 2015-re el\u0151rejelzett n\u00e9pess\u00e9gi adatok a telep\u00fcl\u00e9sen bel\u00fcl 257 754 f\u0151re becs\u00fclt\u00e9k \u2013 ez az orsz\u00e1gos lakoss\u00e1g 4 sz\u00e1zal\u00e9ka \u2013, a nagyv\u00e1rosi r\u00e9gi\u00f3ban pedig 1 767 102 f\u0151re \u2013 El Salvador lakoss\u00e1g\u00e1nak 27,4 sz\u00e1zal\u00e9k\u00e1ra \u2013, ami al\u00e1h\u00fazza a v\u00e1ros ar\u00e1nytalanul nagy s\u00faly\u00e1t.<\/p>\n<p>Gazdas\u00e1gilag a nagyv\u00e1rosi z\u00f3na az orsz\u00e1g ter\u00fclet\u00e9nek mind\u00f6ssze 3 sz\u00e1zal\u00e9k\u00e1t foglalja mag\u00e1ban, m\u00e9gis a k\u00f6z- \u00e9s mag\u00e1nberuh\u00e1z\u00e1sok mintegy 70 sz\u00e1zal\u00e9k\u00e1t vonzza. A szolg\u00e1ltat\u00e1sok, a mag\u00e1noktat\u00e1s, a banki szolg\u00e1ltat\u00e1sok, a v\u00e1llalati k\u00f6zpontok \u00e9s a k\u00f6nny\u0171ipar alkotj\u00e1k a k\u00f6lts\u00e9gvet\u00e9si gerinc\u00e9t, m\u00edg a k\u00fclf\u00f6ldr\u0151l \u00e9rkez\u0151 \u00e1tutal\u00e1sok meghaladj\u00e1k az ipari termel\u00e9st a h\u00e1ztart\u00e1sok j\u00f6vedelm\u00e9nek fenntart\u00e1s\u00e1ban. Az amerikai doll\u00e1r 2001-es bevezet\u00e9se nyit\u00e1st jelentett a k\u00fclf\u00f6ldi t\u0151ke fel\u00e9, elker\u00fclve a befektet\u0151k sz\u00e1m\u00e1ra a valuta\u00e1tv\u00e1lt\u00e1st, de a monet\u00e1ris politik\u00e1t a k\u00fcls\u0151 kamatl\u00e1bakhoz k\u00f6tve.<\/p>\n<p>A t\u00f6rt\u00e9nelmi belv\u00e1rosban \u2013 amely a tizenhatodik sz\u00e1zadt\u00f3l kezdve a gyarmati korm\u00e1nyzat sz\u00e9khelye volt \u2013 a f\u00f6ldreng\u00e9sek ism\u00e9telten elt\u00fcntett\u00e9k a spanyol korabeli \u00e9p\u00edtm\u00e9nyeket, tan\u00fai maradva a tizenkilencedik sz\u00e1zad v\u00e9gi \u00e9s a huszadik sz\u00e1zad eleji \u00e9p\u00edt\u00e9szet k\u00f6ztes f\u00e9szkeinek. Norman Quijano polg\u00e1rmester alatt a t\u00f6megk\u00f6zleked\u00e9si art\u00e9ri\u00e1kat \u00e1tir\u00e1ny\u00edtott\u00e1k, hogy megv\u00e9dj\u00e9k a v\u00e1rosk\u00f6zpontot a tolakod\u00f3 buszs\u00e1vokt\u00f3l; az utcai \u00e1rusokat kijel\u00f6lt piacokra helyezt\u00e9k \u00e1t; a homlokzatok \u00e9s a k\u00f6zvil\u00e1g\u00edt\u00e1s empatikus fel\u00faj\u00edt\u00e1s\u00e1nak c\u00e9lja pedig a n\u00e9pszer\u0171 fesztiv\u00e1loknak, katonai par\u00e1d\u00e9knak \u00e9s az Isteni Megv\u00e1lt\u00f3 augusztusi \u00fcnnep\u00e9nek otthont ad\u00f3 terek \u00fajj\u00e1\u00e9leszt\u00e9se volt.<\/p>\n<p>Ma f\u00f6ldreng\u00e9s\u00e1ll\u00f3 kialak\u00edt\u00e1s\u00fa, magasod\u00f3 t\u00e1rsash\u00e1zak emelkednek alacsony, modernista irod\u00e1k mellett, \u00f3vatos optimizmust testes\u00edtve meg, miszerint a f\u00f6ldreng\u00e9st\u00f6rt\u00e9net t\u00f6bb\u00e9 nem fogja korl\u00e1tozni a t\u00f6rekv\u00e9seket. Olyan v\u00e1rosr\u00e9szekben, mint San Benito, Escal\u00f3n, San Francisco \u00e9s Santa Elena, a f\u00e1kkal szeg\u00e9lyezett sug\u00e1rutak luxushoteleknek, butikoknak \u00e9s nagyk\u00f6vets\u00e9geknek adnak otthont, magaslati kil\u00e1t\u00f3pontjaikr\u00f3l panor\u00e1ma ny\u00edlik az alattuk elter\u00fcl\u0151 v\u00f6lgyre. A parkokkal, medenc\u00e9kkel \u00e9s fitneszk\u00f6zpontokkal ell\u00e1tott, z\u00e1rt k\u00f6z\u00f6ss\u00e9gek a k\u00f6z\u00e9poszt\u00e1lybeli csal\u00e1dokat szolg\u00e1lj\u00e1k ki, m\u00edg a v\u00e1ros perem\u00e9n nyomornegyedek tal\u00e1lhat\u00f3k, amelyek a tart\u00f3s egyenl\u0151tlens\u00e9gekr\u0151l tan\u00faskodnak.<\/p>\n<p>Ahogy a d\u00e9lut\u00e1ni zivatarok \u00e1tadj\u00e1k hely\u00fcket a der\u00fclt \u00e9gnek, a v\u00e1ros sziluettje a Boquer\u00f3n megfeketedett k\u00fapj\u00e1ban \u00e9s az Ilopango perem\u00e9nek csipk\u00e9zett hegygerinc\u00e9ben olvad \u00f6ssze. A Prado sug\u00e1rutak ment\u00e9n felvillannak az utcai l\u00e1mp\u00e1k, a katedr\u00e1lis harangjai pedig indig\u00f3k\u00e9k h\u00e1tt\u00e9r el\u0151tt konganak. Ezekben az \u00f3r\u00e1kban San Salvador kett\u0151ss\u00e9gei \u2013 a modernit\u00e1s \u00e9s a hagyom\u00e1ny, a j\u00f3l\u00e9t \u00e9s a szeg\u00e9nys\u00e9g, a nyugalom \u00e9s a z\u0171rzavar \u2013 a vulk\u00e1nt\u00f3l \u00e9s a v\u00f6lgyt\u0151l \u00f6r\u00f6k\u00f6lt ritmusban egyes\u00fclnek. Az egym\u00e1st k\u00f6vet\u0151 kit\u00f6r\u00e9sek, f\u00f6ldreng\u00e9sek \u00e9s emberi viszontags\u00e1gok r\u00e9v\u00e9n a v\u00e1ros bazaltban \u00e9s politik\u00e1ban, m\u00e1rv\u00e1nyterekben \u00e9s zs\u00fafolt piacokon form\u00e1lta meg jelleg\u00e9t. Elbesz\u00e9l\u00e9se nem statikus eml\u00e9km\u0171k\u00e9nt, hanem \u00e9l\u0151 k\u00e9ziratk\u00e9nt marad fenn, amelyet minden nap \u00edrnak a forgalom ritmus\u00e1ban, az utcai \u00e1rusok kiab\u00e1l\u00e1s\u00e1ban, a t\u00e1rgyal\u00f3termek \u00fcnnep\u00e9lyess\u00e9g\u00e9ben \u00e9s a katedr\u00e1lis padjainak halk tisztelet\u00e9ben. Itt, ebben a felf\u00f6ldi olvaszt\u00f3t\u00e9gelyben El Salvador jelene \u00e9s m\u00faltja tal\u00e1lkozik, k\u00e9szen arra, hogy form\u00e1lj\u00e1k a m\u00e9g meg\u00edratlan fejezeteket.<\/p>","protected":false},"excerpt":{"rendered":"<p>San Salvador El Salvador f\u0151v\u00e1rosa \u00e9s legnagyobb v\u00e1rosa, valamint n\u00e9vad\u00f3 megy\u00e9je. Mindazon\u00e1ltal az orsz\u00e1g legnagyobb agglomer\u00e1ci\u00f3ja, \u00e9s El Salvador politikai, kultur\u00e1lis, oktat\u00e1si \u00e9s p\u00e9nz\u00fcgyi k\u00f6zpontjak\u00e9nt m\u0171k\u00f6dik. 2024-es adatok szerint San Salvador \u00f6nkorm\u00e1nyzat\u00e1nak lakoss\u00e1ga 525 990 f\u0151, m\u00edg San Salvador nagyv\u00e1rosi ter\u00fclet\u00e9nek, amely a f\u0151v\u00e1rost \u00e9s 13 m\u00e1sik \u00f6nkorm\u00e1nyzatot foglal mag\u00e1ban, teljes lakoss\u00e1ga 2 404 097 f\u0151. A v\u00e1rosi r\u00e9gi\u00f3 lakoss\u00e1ga 1 600 000 f\u0151.<\/p>","protected":false},"author":1,"featured_media":4217,"parent":9069,"menu_order":0,"comment_status":"closed","ping_status":"closed","template":"elementor_theme","meta":{"_eb_attr":"","footnotes":""},"class_list":["post-9116","page","type-page","status-publish","has-post-thumbnail"],"_links":{"self":[{"href":"https:\/\/travelshelper.com\/hu\/wp-json\/wp\/v2\/pages\/9116","targetHints":{"allow":["GET"]}}],"collection":[{"href":"https:\/\/travelshelper.com\/hu\/wp-json\/wp\/v2\/pages"}],"about":[{"href":"https:\/\/travelshelper.com\/hu\/wp-json\/wp\/v2\/types\/page"}],"author":[{"embeddable":true,"href":"https:\/\/travelshelper.com\/hu\/wp-json\/wp\/v2\/users\/1"}],"replies":[{"embeddable":true,"href":"https:\/\/travelshelper.com\/hu\/wp-json\/wp\/v2\/comments?post=9116"}],"version-history":[{"count":0,"href":"https:\/\/travelshelper.com\/hu\/wp-json\/wp\/v2\/pages\/9116\/revisions"}],"up":[{"embeddable":true,"href":"https:\/\/travelshelper.com\/hu\/wp-json\/wp\/v2\/pages\/9069"}],"wp:featuredmedia":[{"embeddable":true,"href":"https:\/\/travelshelper.com\/hu\/wp-json\/wp\/v2\/media\/4217"}],"wp:attachment":[{"href":"https:\/\/travelshelper.com\/hu\/wp-json\/wp\/v2\/media?parent=9116"}],"curies":[{"name":"wp","href":"https:\/\/api.w.org\/{rel}","templated":true}]}}