{"id":9104,"date":"2024-09-07T11:31:28","date_gmt":"2024-09-07T11:31:28","guid":{"rendered":"https:\/\/travelshelper.com\/staging\/?page_id=9104"},"modified":"2026-03-13T16:30:12","modified_gmt":"2026-03-13T16:30:12","slug":"la-palma","status":"publish","type":"page","link":"https:\/\/travelshelper.com\/hu\/destinations\/north-america\/el-salvador\/la-palma\/","title":{"rendered":"La Palma"},"content":{"rendered":"<p>La Palma \u00c9szak-El Salvador k\u00f6dbe burkol\u00f3z\u00f3 felf\u00f6ldjei k\u00f6z\u00fcl emelkedik ki, mint egy olyan telep\u00fcl\u00e9s, amelynek szer\u00e9ny m\u00e9retei r\u00e1c\u00e1folnak az orsz\u00e1g kultur\u00e1lis \u00e9s politikai sz\u00f6vet\u00e9ben rejl\u0151 t\u00falm\u00e9retezett visszhangra. A Cerro El Pital hegys\u00e9g hull\u00e1mz\u00f3 gerincei k\u00f6z\u00f6tt nagyj\u00e1b\u00f3l 135,6 n\u00e9gyzetkilom\u00e9teren fekv\u0151 La Palma mintegy 24 000 lelket sz\u00e1ml\u00e1l\u00f3 k\u00f6z\u00f6ss\u00e9gnek ad otthont (kb. 2006), akiknek \u00e9lete olyan magass\u00e1gokban bontakozik ki, amelyek h\u0171v\u00f6s szell\u0151ket \u00e9s z\u00f6ldell\u0151 erd\u0151ket id\u00e9znek. A hondurasi hat\u00e1r k\u00f6zel\u00e9ben fekv\u0151 k\u00f6zigazgat\u00e1si hat\u00e1rait \u2013 amelyek \u00e9szak fel\u00e9 San Ignaci\u00f3ig, d\u00e9l fel\u00e9 pedig Agua Calient\u00e9ig h\u00faz\u00f3dnak, keleten San Fernando, San Francisco Moraz\u00e1n \u00e9s La Reina hatalmas telep\u00fcl\u00e9sei szeg\u00e9lyezik, nyugaton pedig Metap\u00e1n \u00e9s Cital\u00e1 falai veszik k\u00f6r\u00fcl \u2013 a Lempa foly\u00f3 kanyarg\u00f3s medre form\u00e1zza. Ez a hegyvid\u00e9ki enkl\u00e1v\u00e9, amelyet a tr\u00f3pusi s\u00edks\u00e1gokon ritk\u00e1n tapasztalhat\u00f3 m\u00e9rs\u00e9kelt \u00e9ghajlat jellemez, a k\u00e9zm\u0171ves tal\u00e1l\u00e9konys\u00e1ggal \u00e9s El Salvador modern t\u00f6rt\u00e9nelm\u00e9nek fordul\u00f3pontjaival egyar\u00e1nt szinonim\u00e1j\u00e1v\u00e1 v\u00e1lt.<\/p>\n<p>La Palma eredete a gyarmati korra ny\u00falik vissza, amikor egy apr\u00f3cska falucska \u2013 Palmita n\u00e9ven \u2013 vert gy\u00f6keret a Nonuapa foly\u00f3 p\u00e1ratlan foly\u00e1sa mellett. 1882-ben egy \u00f6z\u00f6nv\u00edz el\u00f6nt\u00f6tte ezeket a korai lak\u00f3helyeket, arra k\u00e9nyszer\u00edtve a t\u00fal\u00e9l\u0151ket, hogy magasabban fekv\u0151 ter\u00fcleteken \u00faj lak\u00f3helyet tal\u00e1ljanak. Ez a kollekt\u00edv elhat\u00e1roz\u00e1s hozta l\u00e9tre a v\u00e1rost, amelynek neve 1959-ben t\u00f6rv\u00e9nyi rendelettel \u00f6nkorm\u00e1nyzati rangra emelkedett, egyes\u00edtve Los Horcones, Los Planes, Las Granadillas, El Gramal, San Jos\u00e9 Sacar\u00e9, El T\u00fanel, El Aguacatal \u00e9s San Josecalera kantonokat egyetlen polg\u00e1ri joghat\u00f3s\u00e1g al\u00e1. Palmita t\u00f6r\u00e9keny falucsk\u00e1j\u00e1nak teljes jog\u00fa \u00f6nkorm\u00e1nyzatt\u00e1 val\u00f3 \u00e1talakul\u00e1sa kiemelte lak\u00f3inak azon k\u00e9pess\u00e9g\u00e9t, hogy a term\u00e9szet szesz\u00e9lyei k\u00f6zepette is rendet teremtsenek.<\/p>\n<p>M\u00e9gis az El Salvador-i polg\u00e1rh\u00e1bor\u00fa olvaszt\u00f3t\u00e9gely\u00e9ben emelkedett t\u00fal La Palma h\u00edrneve a f\u00f6ldrajzi marginalit\u00e1son. 1980-t\u00f3l kezd\u0151d\u0151en a zord terep mened\u00e9ket ny\u00fajtott a felkel\u0151 er\u0151k ideol\u00f3giai csatorn\u00e1inak. A v\u00f6lgyek \u00e9s hegygerincek a gerilladoktr\u00edna tantermeiv\u00e9 v\u00e1ltak, az erd\u0151s lejt\u0151k pedig mened\u00e9kk\u00e9nt \u00e9s csatat\u00e9rk\u00e9nt szolg\u00e1ltak egyszerre, amikor a korm\u00e1nyzati csapatok el\u0151renyomultak. A telep\u00fcl\u00e9s \u00edgy kett\u0151s identit\u00e1st \u00f6lt\u00f6tt: a forradalmi gondolat inkub\u00e1tora \u00e9s a fegyveres konfront\u00e1ci\u00f3 sz\u00edntere. Jelent\u0151s\u00e9ge 1984. okt\u00f3ber 15-\u00e9n krist\u00e1lyosodott ki, amikor Jos\u00e9 Napole\u00f3n Duarte eln\u00f6k titokban tal\u00e1lkozott a Frente Farabundo Mart\u00ed para la Liberaci\u00f3n Nacional vezet\u0151ivel La Palma v\u00e1laszt\u00f3ker\u00fclet\u00e9ben, megnyitva azokat a t\u00e1rgyal\u00e1sokat, amelyek a Chapultepeci b\u00e9kemeg\u00e1llapod\u00e1sokban cs\u00facsosodtak ki. Ebben a m\u00faland\u00f3 p\u00e1rbesz\u00e9dben \u2013 amelyet az a rem\u00e9ny t\u00e1pl\u00e1lt, hogy a p\u00e1rbesz\u00e9d enyh\u00edtheti az er\u0151szakot \u2013 La Palma egy paradox alk\u00edmi\u00e1t testes\u00edtett meg: a visz\u00e1ly helye a megb\u00e9k\u00e9l\u00e9s olvaszt\u00f3t\u00e9gely\u00e9v\u00e9 v\u00e1ltozott.<\/p>\n<p>A domborzat, amely egykor gerillat\u00e1borokat rejtett, ma vir\u00e1gz\u00f3 k\u00e9zm\u0171ves gazdas\u00e1got t\u00e1mogat. Ma La Palma lakosainak mintegy h\u00e1romnegyede a k\u00e9zm\u0171vess\u00e9gb\u0151l \u00e9s a h\u00edrnev\u00fck \u00e1ltal vonzott l\u00e1togat\u00f3k t\u00f6megeib\u0151l \u00e9l. Az 1970-es \u00e9vek elej\u00e9n a vizion\u00e1rius m\u0171v\u00e9sz, Fernando Llort egy olyan n\u00e9pi eszt\u00e9tik\u00e1t vezetett be, amely az \u0151slakos mot\u00edvumokat modern geometri\u00e1val \u00f6tv\u00f6zte, kataliz\u00e1lva azt, ami k\u00e9s\u0151bb egyed\u00fcl\u00e1ll\u00f3 k\u00e9zm\u0171ves ipar\u00e1gg\u00e1 v\u00e1lt El Salvadorban. M\u0171helyek vir\u00e1goztak a v\u00e1ros hat v\u00e1rosi ker\u00fclet\u00e9ben, \u00e9s kiterjedtek a nyolcvanh\u00e9t vid\u00e9ki caser\u00ed\u00f3ra is, v\u00e9g\u00fcl k\u00f6zel sz\u00e1z k\u00e9zm\u0171ves l\u00e9tes\u00edtm\u00e9nyt sz\u00e1ml\u00e1lva \u2013 ezek fele a k\u00e9zzel festett ker\u00e1mi\u00e1kt\u00f3l a bonyolultan sz\u0151tt text\u00edli\u00e1kig terjed\u0151 \u00e1ruk exportj\u00e1val foglalkozott. Llort csal\u00e1df\u00e1j\u00e1nak bonyolult mint\u00e1i mind a hazai piacokat, mind a k\u00fclf\u00f6ldi gal\u00e9ri\u00e1kat ell\u00e1tj\u00e1k olyan t\u00e1rgyakkal, amelyek La Palma f\u00e9lre\u00e9rthetetlen lenyomat\u00e1t viselik. Ezeknek a v\u00e1llalkoz\u00e1soknak a bev\u00e9telei \u2013 r\u00e9szben a kultur\u00e1lis turizmus \u00e1ltal t\u00e1pl\u00e1ltak \u2013 ma az \u00f6nkorm\u00e1nyzat k\u00f6lts\u00e9gvet\u00e9si stabilit\u00e1s\u00e1t alapozz\u00e1k meg, \u00e9lesen elt\u00e9rve a t\u00e1gabb nemzetgazdas\u00e1gt\u00f3l, ahol a k\u00e9zm\u0171vess\u00e9g ritk\u00e1n jut ilyen els\u0151bbs\u00e9ghez.<\/p>\n<p>La Palma munkaerej\u00e9nek fennmarad\u00f3 negyede a k\u00f6nnyen megk\u00f6zel\u00edthet\u0151 lejt\u0151kh\u00f6z kapaszkod\u00f3 f\u00f6ldekkel \u00e9s k\u00e1v\u00e9\u00fcltetv\u00e9nyekkel foglalkozik. A z\u00f6lds\u00e9gek, a kukorica \u00e9s a bab az alacsonyabban fekv\u0151 parcell\u00e1kat foglalj\u00e1k el, m\u00edg a k\u00e1v\u00e9cserj\u00e9k \u2013 amelyek 1988-ban az orsz\u00e1g exportbev\u00e9teleinek t\u00f6bb mint fel\u00e9t tett\u00e9k ki \u2013 ma m\u00e1r cs\u00f6kkent j\u00f6vedelemforr\u00e1st jelentenek, \u00e9s a nemzetk\u00f6zi verseny miatt 2004-re az exportbev\u00e9telek alig h\u00e9t sz\u00e1zal\u00e9k\u00e1t adt\u00e1k. M\u00e9g ha a k\u00e1v\u00e9\u00fcltetv\u00e9nyek zsugorodnak is, tov\u00e1bbra is egy egykor domin\u00e1ns ipar\u00e1g maradv\u00e1nyaik\u00e9nt maradtak fenn, \u00f6r\u00f6kz\u00f6ld cserj\u00e9k rendezett soraival tark\u00edtva a t\u00e1jat, amelyek k\u00e1v\u00e9csereszny\u00e9i v\u00f6r\u00f6sen ragyognak a smaragdz\u00f6ld lombkorona el\u0151tt.<\/p>\n<p>Az emberi tev\u00e9kenys\u00e9geken t\u00fal La Palma sz\u00e1mos term\u00e9szeti l\u00e1tv\u00e1nyoss\u00e1got k\u00edn\u00e1l, amelyek felfedez\u00e9sre v\u00e1rnak. A v\u00e1rosk\u00f6zpontt\u00f3l tizenh\u00e1rom kilom\u00e9teres aut\u00f3\u00fatra tal\u00e1lhat\u00f3 a Miramundo erd\u0151, ahol mintegy 2400 m\u00e9teres tengerszint feletti magass\u00e1gban mind\u00f6ssze tizenk\u00e9t Celsius-fok az \u00e1tlagh\u0151m\u00e9rs\u00e9klet. Ott felh\u0151csk\u00e9j\u00e9vel bor\u00edtott feny\u0151k \u00e9s t\u00f6lgyek \u0151rk\u00f6dnek az \u00f6sv\u00e9nyek felett, amelyek elm\u00e9lked\u0151 barangol\u00e1sra cs\u00e1b\u00edtanak. A v\u00f6lgy alja fel\u00e9 ereszkedve az 1010 m\u00e9terrel a tengerszint felett fekv\u0151 San Ignacioba \u00e9rkez\u00fcnk \u2013 egy kis faluba, amelynek szer\u00e9ny sz\u00e1llod\u00e1i \u00e9s vezetett kir\u00e1ndul\u00e1sai a r\u00e9gi\u00f3 h\u0171v\u00f6s \u00e9ghajlat\u00e1t \u00e9s foly\u00f3parti b\u00e1j\u00e1t egyar\u00e1nt \u00e9lvezni k\u00edv\u00e1n\u00f3 utaz\u00f3kat fogadj\u00e1k. Egy r\u00f6vid utaz\u00e1s \u00e9szak fel\u00e9 a Lempa foly\u00f3 medr\u00e9hez vezet, ahol Cital\u00e1 v\u00e1rosa \u0151rszemk\u00e9nt \u00e1ll a partj\u00e1n, nyugodt kontrasztot alkotva a hegyvid\u00e9ki l\u00e1tk\u00e9ppel.<\/p>\n<p>A hegyi utakon tov\u00e1bb haladva Las Pilas egy enkl\u00e1v\u00e9v\u00e1 v\u00e1lik, amelynek \u00e9ghajlata m\u00e9g Miramund\u00f3\u00e9n\u00e1l is alacsonyabb, \u00edgy a helyi termel\u0151k ide\u00e1lis k\u00f6r\u00fclm\u00e9nyeket kapnak szeder, eper \u00e9s \u0151szibarack, valamint leveles z\u00f6lds\u00e9gek, p\u00e9ld\u00e1ul sal\u00e1ta \u00e9s k\u00e1poszta termeszt\u00e9s\u00e9hez. Ezeknek a gy\u00fcm\u00f6lcs\u00f6s\u00f6knek \u00e9s mez\u0151knek a b\u0151s\u00e9ge t\u00fckr\u00f6zi a mez\u0151gazdas\u00e1gi gyakorlatok alkalmazkod\u00f3k\u00e9pess\u00e9g\u00e9t a tengerszint feletti magass\u00e1g okozta mikrokl\u00edm\u00e1hoz, \u00e9s a La Palm\u00e1b\u00f3l Las Pilasba vezet\u0151 \u00f6sv\u00e9ny fest\u0151i csod\u00e1kat \u00e9s bepillant\u00e1st ny\u00fajt a magaslati mez\u0151gazdas\u00e1gi \u00e9letbe egyar\u00e1nt.<\/p>\n<p>A nemzetek hat\u00e1r\u00e1n, San Ignaci\u00f3t\u00f3l n\u00e9gy kilom\u00e9terre, a Cayahuanca-k\u0151 mintegy 1550 m\u00e9terrel emelkedik a tengerszint f\u00f6l\u00e9. Ez a kib\u00fav\u00e1s, amely a salvadori-hondurasi hat\u00e1rt jel\u00f6li, panor\u00e1m\u00e1s kil\u00e1t\u00e1st ny\u00fajt mindk\u00e9t orsz\u00e1g smaragdz\u00f6ld gerinceire. Nagyh\u00e9tkor helyi csal\u00e1dok \u00e9s zar\u00e1ndokok gy\u0171lnek \u00f6ssze a sz\u00e9les felsz\u00edn\u00e9n, hogy tan\u00fai legyenek az alkonyat lesz\u00e1ll\u00e1s\u00e1nak a szikl\u00e1ba v\u00e9sett v\u00e9kony vonal \u00e1ltal kett\u00e9osztott horizonton \u2013 ez egy \u00e9ves k\u00f6z\u00f6ss\u00e9gi gy\u00fclekez\u00e9si r\u00edtus, amely t\u00falmutat az egyh\u00e1zi szertart\u00e1sokon, \u00e9s a nemzeti szakad\u00e9kokat \u00e1thidal\u00f3 k\u00f6z\u00f6s kultur\u00e1lis \u00f6r\u00f6ks\u00e9g jelk\u00e9pe.<\/p>\n<p>A salvadori f\u00f6ld legmagasabb cs\u00facsa, a Cerro El Pital nagyj\u00e1b\u00f3l tizenk\u00e9t kilom\u00e9terre fekszik La Palm\u00e1t\u00f3l. 2730 m\u00e9teres magass\u00e1g\u00e1val \u00e1tt\u00f6ri a felh\u0151takar\u00f3t, \u00e9s egy erd\u0151 felett \u00e1ll, amelynek \u00e9ves \u00e1tlagh\u0151m\u00e9rs\u00e9klete t\u00edz Celsius-fok. A hegy h\u0171v\u00f6s \u00f6lel\u00e9se id\u0151nk\u00e9nt olyan jelens\u00e9geket produk\u00e1l, amelyek m\u00e9g a r\u00e9g\u00f3ta itt \u00e9l\u0151 lakosokat is megd\u00f6bbentik: 2004. \u00e1prilis 13-\u00e1n v\u00e1ratlan d\u00e9r \u00e9s foltos j\u00e9gtakar\u00f3 ereszkedett le, ami meglepett \u201enevada\u201d felki\u00e1lt\u00e1sokat v\u00e1ltott ki, \u00e9s egy fut\u00f3lagos helyi ismeretekhez val\u00f3 fordul\u00e1st v\u00e1ltott ki, hogy megpr\u00f3b\u00e1ljanak magyar\u00e1zatot tal\u00e1lni egy ilyen sz\u00e9less\u00e9gi k\u00f6r\u00f6k\u00f6n ritka meteorol\u00f3giai esem\u00e9nyre. Az ilyen pillanatok kiemelik a hegyi id\u0151j\u00e1r\u00e1s szesz\u00e9lyess\u00e9g\u00e9t \u00e9s azt az al\u00e1zatot, amelyet azokban kelt, akik a l\u00e1bain\u00e1l laknak.<\/p>\n<p>K\u00f6zigazgat\u00e1silag La Palma nyolc kantonja \u00e9s a hozz\u00e1juk tartoz\u00f3 hetven k\u00f6r\u00fcli caser\u00edo a vid\u00e9ki telep\u00fcl\u00e9sek sz\u00f6vet\u00e9t alkotja, amelyek \u00f6sszekapcsol\u00f3dnak, \u00e9s \u00edgy alkotj\u00e1k a telep\u00fcl\u00e9s hat v\u00e1rosi k\u00f6rzetb\u0151l \u00e1ll\u00f3 szil\u00e1rdabb magj\u00e1t. A n\u00e9psz\u00e1ml\u00e1l\u00e1si feljegyz\u00e9sek egy olyan k\u00f6z\u00f6ss\u00e9get mutatnak be, amely az 1956 k\u00f6zep\u00e9n m\u00e9rt 5337 l\u00e9lekr\u0151l \u2013 amely majdnem egyenl\u0151en oszlott meg 2780 f\u00e9rfi \u00e9s 2957 n\u0151 k\u00f6z\u00f6tt \u2013 2006-ra nagyj\u00e1b\u00f3l 24 000 f\u0151re duzzadt, ami mind a term\u00e9szetes szaporod\u00e1s, mind a v\u00e1rosi \u00e9s vid\u00e9ki \u00e9letm\u00f3dot egyetlen region\u00e1lis identit\u00e1ss\u00e1 olvad\u00f3 migr\u00e1ci\u00f3s \u00e1ramlatok bizony\u00edt\u00e9ka.<\/p>\n<p>Ebben a k\u00f6rnyezetben a k\u00e9zm\u0171ves m\u0171helyek nemcsak gazdas\u00e1gi motorokk\u00e9nt, hanem a kultur\u00e1lis eml\u00e9kezet t\u00e1rh\u00e1zaik\u00e9nt is szolg\u00e1lnak, k\u00f6zvet\u00edtve az \u0151slakos szimbolik\u00e1b\u00f3l, a vall\u00e1si ikonogr\u00e1fi\u00e1b\u00f3l \u00e9s a k\u00f6derd\u0151 \u00e9l\u00e9nk n\u00f6v\u00e9ny- \u00e9s \u00e1llatvil\u00e1g\u00e1b\u00f3l sz\u00e1rmaz\u00f3 mot\u00edvumokat. Minden festett t\u00e1ny\u00e9r, minden faragott figura miniat\u0171rben hordozza a foly\u00f3parti p\u00e1lm\u00e1k text\u00far\u00e1it, a tr\u00f3pusi madarak tollait \u00e9s a vulk\u00e1ni cs\u00facsok k\u00f6rvonalait, felid\u00e9zve Palmita elveszett foly\u00f3partj\u00e1t, mik\u00f6zben ut\u00f3dja, La Palma szil\u00e1rds\u00e1g\u00e1t \u00fcnnepli.<\/p>\n<p>\u00c9rdemes elgondolkodni azon, hogy ugyanazok a lejt\u0151k, amelyek l\u00f6v\u00f6ld\u00f6z\u00e9seknek \u00e9s titkos strat\u00e9giai tal\u00e1lkoz\u00f3knak adtak tan\u00fabizonys\u00e1got, m\u0171v\u00e9szeti \u00e9s kereskedelmi v\u00e1sznakk\u00e1 v\u00e1ltak. A gerilla\u00f6sv\u00e9nyek, amelyeket egykor harcosok tapostak, ma v\u00e1lyogburkolat\u00fa st\u00fadi\u00f3k mellett kanyarognak, amelyek homlokzat\u00e1n a Llort \u00e1ltal \u00fatt\u00f6r\u0151 naiv st\u00edlusban k\u00e9sz\u00fclt falfestm\u00e9nyek l\u00e1that\u00f3k. Itt a l\u00e1togat\u00f3k megfigyelhetik, ahogy a k\u00e9zm\u0171vesek gess\u00f3t h\u00faznak a f\u00e1ra, term\u00e9szetes pigmenteket csiszolnak, vagy geometrikus mint\u00e1kat h\u00faznak ker\u00e1miat\u00e1ny\u00e9rokra, kapcsolatot teremtve a helyi hagyom\u00e1nyok \u00e9s a glob\u00e1lis piacok k\u00f6z\u00f6tt. A k\u00e9zm\u0171vess\u00e9g \u00e9s a konfliktusok \u2013 az emberi t\u00f6rekv\u00e9s k\u00e9t aspektusa \u2013 La Palm\u00e1ban tal\u00e1lkoztak, \u00edgy a neh\u00e9zs\u00e9gek \u00e1ltal k\u00f6zvet\u00edtett ellen\u00e1ll\u00f3 k\u00e9pess\u00e9g szelleme elv\u00e1laszthatatlann\u00e1 v\u00e1lt a v\u00e1rost ma meghat\u00e1roz\u00f3 kreat\u00edv lend\u00fclett\u0151l.<\/p>\n<p>Ahogy a hajnal felk\u00faszik El Pital felett, r\u00f3zsasz\u00edn \u00e9s arany sz\u00e1lakkal megvil\u00e1g\u00edtva a k\u00f6d\u00f6t, La Palma El Salvador t\u00e1gabb narrat\u00edv\u00e1j\u00e1nak mikrokozmoszak\u00e9nt \u00e1ll: egy olyan f\u00f6ld, ahol a term\u00e9szeti sz\u00e9ps\u00e9g egy\u00fctt \u00e9l a viharos m\u00falttal, ahol a kultur\u00e1lis kifejez\u00e9s a neh\u00e9zs\u00e9gekb\u0151l fakad, \u00e9s ahol a k\u00f6z\u00f6s t\u00f6rt\u00e9nelem \u00e1ltal meger\u0151s\u00edtett k\u00f6z\u00f6ss\u00e9gi k\u00f6tel\u00e9kek a meg\u00fajul\u00e1s fel\u00e9 vezet\u0151 utat jel\u00f6lik ki. A h\u0171v\u00f6s hegyi leveg\u0151 a m\u00faltb\u00e9li csat\u00e1k \u00e9s a m\u00e9g lezajl\u00f3 ecsetvon\u00e1sok suttog\u00e1sait hordozza, az egykor itt, az \u00e9g alatt lefolytatott egyezm\u00e9nyes t\u00e1rgyal\u00e1sok\u00e9t \u00e9s a v\u00e1ros sors\u00e1t alak\u00edt\u00f3 k\u00e9zm\u0171vesek\u00e9t. Az utaz\u00f3 sz\u00e1m\u00e1ra, aki ebbe a felf\u00f6ldi telep\u00fcl\u00e9sre mer\u00e9szkedik, a tal\u00e1lkoz\u00e1s t\u00falmutat a fest\u0151i t\u00e1jak puszta megfigyel\u00e9s\u00e9n; elmer\u00fcl\u00e9ss\u00e9 v\u00e1lik egy \u00e9l\u0151 kr\u00f3nik\u00e1ban, amelyben minden mesters\u00e9g, minden megm\u0171velt f\u00f6ld \u00e9s minden moh\u00e1val bor\u00edtott \u00f6sv\u00e9ny az \u00e1talakul\u00e1s \u00e9s a kitart\u00e1s t\u00f6rt\u00e9net\u00e9t mes\u00e9li el.<\/p>\n<p>V\u00e9gs\u0151 soron La Palma sem statikus ereklyek\u00e9nt, sem a nemzeti eml\u00e9kezet megtiszt\u00edtott m\u00fazeumak\u00e9nt nem mutatkozik meg, hanem ink\u00e1bb egy dinamikus telep\u00fcl\u00e9sk\u00e9nt, ahol a t\u00f6rt\u00e9nelem \u00e9s a m\u0171v\u00e9szet \u00e1lland\u00f3 p\u00e1rbesz\u00e9dben van. Ha nyomon k\u00f6vetj\u00fck eredet\u00e9t egy foly\u00f3parti falucsk\u00e1t\u00f3l a politikai egyet\u00e9rt\u00e9s olvaszt\u00f3t\u00e9gely\u00e9ig, majd tov\u00e1bb a k\u00e9zm\u0171ves kiv\u00e1l\u00f3s\u00e1g jelz\u0151f\u00e9ny\u00e9ig, akkor egy folyamatos folytonoss\u00e1got fedezhet\u00fcnk fel \u2013 egy narrat\u00edv\u00e1t, amely \u00f6sszek\u00f6ti az \u00e1rv\u00edz okozta migr\u00e1ci\u00f3t, a bels\u0151 konfliktusokat \u00e9s a k\u00f6z\u00f6ss\u00e9gi v\u00e1gyat, hogy az emberi tapasztalat agyag\u00e1b\u00f3l sz\u00e9ps\u00e9get alkossanak. Ezeken a lejt\u0151k\u00f6n, a foly\u00f3 \u00e9s a hegygerinc visszhangja k\u00f6zepette \u00edrja La Palma tov\u00e1bbra is a maga fejezet\u00e9t El Salvador t\u00f6rt\u00e9net\u00e9ben.<\/p>","protected":false},"excerpt":{"rendered":"<p>La Palma, egy fest\u0151i telep\u00fcl\u00e9s El Salvador Chalatenango megy\u00e9j\u00e9ben, t\u00f6k\u00e9letesen p\u00e9ld\u00e1zza a k\u00f6z\u00e9p-amerikai orsz\u00e1g gazdag t\u00f6rt\u00e9nelmi \u00e9s kultur\u00e1lis \u00f6r\u00f6ks\u00e9g\u00e9t. A 135,60 n\u00e9gyzetkilom\u00e9teres La Palma egy dombos r\u00e9gi\u00f3ban fekszik, amely term\u00e9szeti sz\u00e9ps\u00e9g\u00e9r\u0151l \u00e9s dinamikus k\u00e9zm\u0171ves k\u00f6z\u00f6ss\u00e9g\u00e9r\u0151l ismert. 2006-ban a telep\u00fcl\u00e9s lakoss\u00e1ga meghaladta a 24 000 f\u0151t, a v\u00e1rosi \u00e9s vid\u00e9ki \u00e9letm\u00f3d \u00e9l\u00e9nk \u00f6tv\u00f6zet\u00e9t testes\u00edtve meg.<\/p>","protected":false},"author":1,"featured_media":3498,"parent":9069,"menu_order":0,"comment_status":"closed","ping_status":"closed","template":"elementor_theme","meta":{"_eb_attr":"","footnotes":""},"class_list":["post-9104","page","type-page","status-publish","has-post-thumbnail"],"_links":{"self":[{"href":"https:\/\/travelshelper.com\/hu\/wp-json\/wp\/v2\/pages\/9104","targetHints":{"allow":["GET"]}}],"collection":[{"href":"https:\/\/travelshelper.com\/hu\/wp-json\/wp\/v2\/pages"}],"about":[{"href":"https:\/\/travelshelper.com\/hu\/wp-json\/wp\/v2\/types\/page"}],"author":[{"embeddable":true,"href":"https:\/\/travelshelper.com\/hu\/wp-json\/wp\/v2\/users\/1"}],"replies":[{"embeddable":true,"href":"https:\/\/travelshelper.com\/hu\/wp-json\/wp\/v2\/comments?post=9104"}],"version-history":[{"count":0,"href":"https:\/\/travelshelper.com\/hu\/wp-json\/wp\/v2\/pages\/9104\/revisions"}],"up":[{"embeddable":true,"href":"https:\/\/travelshelper.com\/hu\/wp-json\/wp\/v2\/pages\/9069"}],"wp:featuredmedia":[{"embeddable":true,"href":"https:\/\/travelshelper.com\/hu\/wp-json\/wp\/v2\/media\/3498"}],"wp:attachment":[{"href":"https:\/\/travelshelper.com\/hu\/wp-json\/wp\/v2\/media?parent=9104"}],"curies":[{"name":"wp","href":"https:\/\/api.w.org\/{rel}","templated":true}]}}