{"id":9069,"date":"2024-09-07T10:45:07","date_gmt":"2024-09-07T10:45:07","guid":{"rendered":"https:\/\/travelshelper.com\/staging\/?page_id=9069"},"modified":"2026-03-13T16:30:26","modified_gmt":"2026-03-13T16:30:26","slug":"salvador","status":"publish","type":"page","link":"https:\/\/travelshelper.com\/hu\/destinations\/north-america\/el-salvador\/","title":{"rendered":"Salvador"},"content":{"rendered":"<p>El Salvador, El Salvadori K\u00f6zt\u00e1rsas\u00e1g, K\u00f6z\u00e9p-Amerika egy keskeny s\u00e1vj\u00e1t foglalja el az \u00e9szaki sz\u00e9less\u00e9g 13\u00b0 \u00e9s 15\u00b0, valamint a nyugati hossz\u00fas\u00e1g 87\u00b0 \u00e9s 91\u00b0 k\u00f6z\u00f6tt, mintegy 21 041 km\u00b2-t foglal mag\u00e1ban, lakoss\u00e1ga 2024-ben becsl\u00e9sek szerint hatmilli\u00f3 f\u0151. \u00c9szaknyugatr\u00f3l Guatemala, \u00e9szakkeletr\u0151l Honduras, d\u00e9lr\u0151l pedig a Csendes-\u00f3ce\u00e1n hat\u00e1rolja ezt a kompakt k\u00f6zt\u00e1rsas\u00e1got \u2013 amelyet szeretetteljesen \u201eAmerika h\u00fcvelykujj mag\u00e1\u00e9nak\u201d neveznek \u2013, amelynek f\u0151v\u00e1rosa \u00e9s egyben legn\u00e9pesebb v\u00e1rosa San Salvador. Szer\u00e9ny m\u00e9rete ellen\u00e9re El Salvador felsz\u00edne a part menti s\u00edks\u00e1gokt\u00f3l a vulkanikus felf\u00f6ldekig emelkedik, emberi sz\u00f6vete a Kolumbusz el\u0151tti \u00f6r\u00f6ks\u00e9get a gyarmati felfordul\u00e1ssal sz\u00f6vi \u00e1t, fejl\u0151d\u0151 gazdas\u00e1ga pedig a mez\u0151gazdas\u00e1gi gy\u00f6kereket a felt\u00f6rekv\u0151 ipari \u00e9s szolg\u00e1ltat\u00e1si szektorokkal egyens\u00falyozza.<\/p>\n<p>J\u00f3val azel\u0151tt, hogy az eur\u00f3pai haj\u00f3k \u00e1tszelt\u00e9k volna a Csendes-\u00f3ce\u00e1n horizontj\u00e1t, az egym\u00e1st k\u00f6vet\u0151 mezoamerikai civiliz\u00e1ci\u00f3k letett\u00e9k l\u00e1bnyomaikat. Az i. e. els\u0151 \u00e9vezred k\u00f6r\u00fcli olm\u00e9k jelenl\u00e9t r\u00e9g\u00e9szeti nyomai a korai t\u00e1rsadalmi komplexit\u00e1sra utalnak, m\u00edg a k\u00e9s\u0151bbi maja telep\u00fcl\u00e9sek \u00e9p\u00edt\u00e9szeti \u00e9s ikonogr\u00e1fiai nyomokat hagytak a dombok k\u00f6z\u00f6tt. Mire a pipil-nahuatl nyelven besz\u00e9l\u0151 cuzcatlecsek region\u00e1lis jelent\u0151s\u00e9gre tettek szert, egy dinamikus kultur\u00e1lis k\u00f6rnyezet alakult ki, amelyet ritu\u00e1lis terek \u00e9s mez\u0151gazdas\u00e1gi innov\u00e1ci\u00f3 jellemeztek. Ezek az \u0151shonos k\u00f6z\u00f6ss\u00e9gek a tizenhatodik sz\u00e1zad elej\u00e9ig gazdagon \u00f6sszekapcsol\u00f3d\u00f3 kereskedelmi \u00e9s hiedelmi h\u00e1l\u00f3zatokat tartottak fenn, amikor a spanyol konkviszt\u00e1dorok Guatemal\u00e1b\u00f3l nyomultak be a sz\u00e1razf\u00f6ldre, \u00e9s olyan gyarmati strukt\u00far\u00e1kat hoztak l\u00e9tre, amelyek h\u00e1rom \u00e9vsz\u00e1zadon \u00e1t fennmaradtak.<\/p>\n<p>A spanyol korona K\u00f6z\u00e9p-Amerika feletti uralma 1609-ben krist\u00e1lyosodott ki Guatemala f\u0151kapit\u00e1nys\u00e1g\u00e1nak l\u00e9trehoz\u00e1s\u00e1val, amely szerint El Salvador ter\u00fclet\u00e9t Mexik\u00f3v\u00e1rosb\u00f3l ir\u00e1ny\u00edtott\u00e1k, mik\u00f6zben bizonyos fok\u00fa tartom\u00e1nyi auton\u00f3mi\u00e1t tartottak fenn. Ebben a keretrendszerben a helyi f\u00f6ldbirtokosok vagyonukat az indig\u00f3- \u00e9s kaka\u00f3termeszt\u00e9sre \u00f6sszpontos\u00edtott\u00e1k, olyan gazdas\u00e1got m\u0171velve, amely kezdetben a gyarmati elit \u00e1ltal birtokolt \u0151shonos alapanyagokhoz k\u00f6t\u0151d\u00f6tt. A mexik\u00f3i f\u00fcggetlens\u00e9gi h\u00e1bor\u00faval \u00e9s \u00daj-Spanyolorsz\u00e1g 1821-es \u00f6sszeoml\u00e1s\u00e1val El Salvador csatlakozott a r\u00f6vid Els\u0151 Mexik\u00f3i Birodalomhoz, miel\u0151tt 1823-ban tagg\u00e1 v\u00e1lt volna a K\u00f6z\u00e9p-amerikai Sz\u00f6vets\u00e9gi K\u00f6zt\u00e1rsas\u00e1gban. Szuver\u00e9n \u00e1llam st\u00e1tusza a f\u00f6der\u00e1ci\u00f3 1841-es felboml\u00e1s\u00e1t k\u00f6vet\u0151en alakult ki; egy k\u00e9s\u0151bbi k\u00eds\u00e9rlet a K\u00f6z\u00e9p-amerikai Nagy K\u00f6zt\u00e1rsas\u00e1ggal (1896\u20131898) igazolta a r\u00e9gi\u00f3 szesz\u00e9lyes hajlamait.<\/p>\n<p>A tizenkilencedik sz\u00e1zad v\u00e9ge \u00e9s a huszadik sz\u00e1zad eleje sor\u00e1n a t\u00e1rsadalmi-gazdas\u00e1gi egyenl\u0151tlens\u00e9gek a f\u00f6ldbirtokl\u00e1s \u00e9s a politikai befoly\u00e1s m\u00e9lyen gy\u00f6kerez\u0151 hierarchi\u00e1j\u00e1v\u00e1 kem\u00e9nyedtek. Egy \u00fcltetv\u00e9nyes oligarchia monopoliz\u00e1lta a k\u00e1v\u00e9exportot \u2013 az 1900-as \u00e9vek elej\u00e9re a devizabev\u00e9telek elk\u00e9peszt\u0151 kilencven sz\u00e1zal\u00e9k\u00e1t t\u00e9ve ki \u2013, m\u00edg a vid\u00e9ki lakosok t\u00f6bbs\u00e9ge margin\u00e1lis f\u00f6ldbirtokon kereste a meg\u00e9lhet\u00e9s\u00e9t. Id\u0151szakos felkel\u00e9sek \u00e9s puccsok tark\u00edtott\u00e1k az autoriter k\u00f6zigazgat\u00e1sok sor\u00e1t, amelyek a salvadori polg\u00e1rh\u00e1bor\u00faban (1979\u20131992) cs\u00facsosodtak ki. Ez a tizenk\u00e9t \u00e9ves konfliktus az Egyes\u00fclt \u00c1llamok \u00e1ltal t\u00e1mogatott katonai korm\u00e1nyzatot a baloldali gerill\u00e1k koal\u00edci\u00f3j\u00e1val \u00e1ll\u00edtotta szembe; a Chapultepeci b\u00e9kemeg\u00e1llapod\u00e1sok \u00e9rtelm\u00e9ben egy t\u00f6bbp\u00e1rti alkotm\u00e1nyos k\u00f6zt\u00e1rsas\u00e1g j\u00f6tt l\u00e9tre. Az ellens\u00e9gesked\u00e9s alatt \u00e9s ut\u00e1n k\u00f6zel egymilli\u00f3 salvadori tal\u00e1lt utat az Egyes\u00fclt \u00c1llamokba, \u00e9s 2008-ra a hatodik legnagyobb bev\u00e1ndorl\u00f3 k\u00f6z\u00f6ss\u00e9get alkott\u00e1k ott.<\/p>\n<p>A b\u00e9ke ut\u00e1ni korszak gazdas\u00e1gi \u00e9lete a k\u00e1v\u00e9 egykori uralm\u00e1n t\u00falmutat\u00f3 diverzifik\u00e1ci\u00f3ra t\u00f6rekedett. A col\u00f3nt \u2013 El Salvador p\u00e9nznem\u00e9t 1892 \u00f3ta \u2013 2001-ben felv\u00e1ltotta az amerikai doll\u00e1r, szorosabb p\u00e9nz\u00fcgyi kapcsolatokat kialak\u00edtva az \u00e9szak-amerikai piacokkal. A feldolgoz\u00f3ipar \u00e9s a szolg\u00e1ltat\u00f3ipar b\u0151v\u00edt\u00e9s\u00e9re ir\u00e1nyul\u00f3 kezdem\u00e9nyez\u00e9sek a liberaliz\u00e1lt kereskedelempolitik\u00e1t k\u00eds\u00e9rt\u00e9k, ami 2019-re a j\u00f6vedelmi egyenl\u0151tlens\u00e9gek szer\u00e9ny cs\u00f6kken\u00e9s\u00e9t eredm\u00e9nyezte, a szomsz\u00e9dos \u00e1llamok k\u00f6z\u00f6tt a legalacsonyabb szintre. Mindazon\u00e1ltal egy 2021-es \u00f6sszehasonl\u00edt\u00f3 tanulm\u00e1ny az orsz\u00e1g gazdas\u00e1g\u00e1t az \u00fczleti kifinomults\u00e1g tekintet\u00e9ben a legkev\u00e9sb\u00e9 \u00f6sszetettek k\u00f6z\u00e9 sorolta, ami eml\u00e9keztet\u0151\u00fcl szolg\u00e1l a folyamatos kih\u00edv\u00e1sokra m\u00e9g a fokozatos el\u0151ny\u00f6k k\u00f6zepette is.<\/p>\n<p>Topogr\u00e1fiailag El Salvador jelleg\u00e9t a vulkanikus folyamatoknak tulajdon\u00edtja. A Csendes-\u00f3ce\u00e1ni T\u0171zgy\u0171r\u0171h\u00f6z szorosan kapcsol\u00f3d\u00f3 orsz\u00e1gban t\u00f6bb mint h\u00fasz vulk\u00e1n tal\u00e1lhat\u00f3, amelyek k\u00f6z\u00fcl sok ma is akt\u00edv, vagy potenci\u00e1lisan az. Az Ilamatepec (Santa Anna vulk\u00e1n) 2384 m\u00e9terrel magasodik a tengerszint f\u00f6l\u00e9, m\u00edg a Chaparrastique (San Miguel vulk\u00e1n) mutatja a legnagyobb kit\u00f6r\u00e9si gyakoris\u00e1got. P\u00e1rhuzamos hegyvonulatok szeg\u00e9lyezik a k\u00f6zponti fenns\u00edkot, lejt\u0151iket t\u00f6bb mint h\u00e1romsz\u00e1z foly\u00f3 szabdalja, amelyek \u2013 az egyetlen haj\u00f3zhat\u00f3 v\u00edzi \u00fatk\u00e9nt a Rio Lempa \u2013 a Csendes-\u00f3ce\u00e1nba \u00f6mlenek. Ezen fenns\u00edkok k\u00f6z\u00f6tt olyan kr\u00e1tertavak tal\u00e1lhat\u00f3k, mint az Ilopango \u00e9s a Coatepeque, amelyek heves kit\u00f6r\u00e9sek maradv\u00e1nyai, \u00e9s ma m\u00e1r a hal\u00e1szatot \u00e9s a turizmust egyar\u00e1nt fenntartj\u00e1k, valamint olyan mesters\u00e9ges v\u00edzt\u00e1roz\u00f3k, mint a Cerr\u00f3n Grande, amelyek v\u00edzer\u0151m\u0171veket t\u00e1mogatnak.<\/p>\n<p>\u00c9ghajlatilag k\u00e9tir\u00e1ny\u00fa rendszer uralkodik: a m\u00e1just\u00f3l okt\u00f3berig tart\u00f3 es\u0151s \u00e9vszak, az invierno, \u00e9vente ak\u00e1r k\u00e9tezer millim\u00e9ter es\u0151t is hoz a hegyvid\u00e9ki sz\u00e9l fel\u0151li lejt\u0151kre, m\u00edg a sz\u00e1raz \u00e9vszak, a verano, novembert\u0151l \u00e1prilisig tart az \u00e9szakkeleti passz\u00e1tszelek hat\u00e1s\u00e1ra, amelyeket a transzhondurasi \u00e1thalad\u00e1s megfosztott a nedvess\u00e9gt\u0151l. A h\u0151m\u00e9rs\u00e9klet-ingadoz\u00e1sok ink\u00e1bb a tengerszint feletti magass\u00e1gt\u00f3l, mint a napt\u00e1rt\u00f3l f\u00fcggenek: a part menti s\u00edks\u00e1gokon az \u00e1tlagh\u0151m\u00e9rs\u00e9klet 25 \u00b0C \u00e9s 29 \u00b0C k\u00f6z\u00f6tt van; a k\u00f6z\u00e9ps\u0151 fenns\u00edk k\u00f6z\u00e9ppontja 23 \u00b0C k\u00f6r\u00fcl alakul; a magasabb tengerszint feletti magass\u00e1gok pedig egysz\u00e1mjegy\u0171 \u00e9jszak\u00e1k fel\u00e9 ereszkednek. San Salvadorban 6 \u00b0C \u00e9s 38 \u00b0C k\u00f6z\u00f6tti sz\u00e9ls\u0151s\u00e9geket m\u00e9rnek, ami a mintegy h\u00e9tsz\u00e1z m\u00e9teres m\u00e9rs\u00e9kelt tengerszint feletti magass\u00e1g\u00e1nak bizony\u00edt\u00e9ka.<\/p>\n<p>Az elm\u00falt \u00e9vtizedekben a turizmus l\u00e9tfontoss\u00e1g\u00fa \u00e1gazatt\u00e1 v\u00e1lt, amely 2019-ben 2,97 milli\u00e1rd doll\u00e1rral \u2013 a GDP tizenegy sz\u00e1zal\u00e9k\u00e1val \u2013 j\u00e1rult hozz\u00e1 a turizmushoz. Az olyan strandok, mint az El Tunco, az El Sunzal \u00e9s a La Costa del Sol, vonzz\u00e1k a sz\u00f6rf\u00f6s\u00f6ket, akik \u00e9lvezik az \u00e1lland\u00f3 csendes-\u00f3ce\u00e1ni hull\u00e1mokat; a Santa Ana \u00e9s Izalco vulkanikus emelked\u0151i panor\u00e1m\u00e1s kr\u00e1terl\u00e1tv\u00e1nyt k\u00edn\u00e1lnak a t\u00far\u00e1z\u00f3knak; a r\u00e9g\u00e9szeti lel\u0151helyek, mint p\u00e9ld\u00e1ul a Joya de Cer\u00e9n \u2013 amelyet gyakran egy k\u00f6z\u00e9p-amerikai Pompeiihez hasonl\u00edtanak \u2013 \u00e9s a Tazumal pedig a hisp\u00e1n el\u0151tti \u00e9let elm\u00e9lked\u00e9s\u00e9re h\u00edvnak. A gyarmati v\u00e1rosok, Suchitot\u00f3t\u00f3l macskak\u00f6ves utc\u00e1ival Apaneca k\u00e1v\u00e9vid\u00e9keinek l\u00e1tk\u00e9p\u00e9ig, az \u00e9p\u00edt\u00e9szeti \u00f6r\u00f6ks\u00e9g t\u00f6red\u00e9keit \u0151rzik, mik\u00f6zben k\u00e9zm\u0171ves term\u00e9keket k\u00edn\u00e1lnak. Az \u00f6koturisztikai r\u00e9seket Montecristo K\u00f6derd\u0151, Bosque El Imposible \u00e9s egy szigetcsoport \u2013 Olomega, Meanguera, Conchagua \u2013 b\u0151velkedik a mad\u00e1rkol\u00f3ni\u00e1kban, \u00e9s a hal\u00e1szfalvak meg\u0151rizt\u00e9k r\u00e9gi ritmusukat.<\/p>\n<p>A k\u00f6zinfrastrukt\u00fara vegyes sorsot \u00e9lt. Az \u00c9szak-Karolinai Egyetem 2015-\u00f6s tanulm\u00e1nya Salvadort dics\u00e9rte a v\u00edzell\u00e1t\u00e1shoz \u00e9s a szanit\u00e1ci\u00f3hoz val\u00f3 m\u00e9lt\u00e1nyos hozz\u00e1f\u00e9r\u00e9s ter\u00e9n el\u00e9rt legnagyobb glob\u00e1lis el\u0151rel\u00e9p\u00e9s\u00e9rt, \u00e1m a foly\u00f3k szennyez\u00e9se \u00e9s a monop\u00f3lium jelleg\u0171 k\u00f6zm\u0171vek megoldatlan probl\u00e9m\u00e1kra utalnak. A COVID-19 vil\u00e1gj\u00e1rv\u00e1ny k\u00f6zepette egy nagy kongresszusi k\u00f6zpont \u00e1talak\u00edt\u00e1sa El Salvador k\u00f3rh\u00e1zz\u00e1 \u2013 Latin-Amerika legnagyobbj\u00e1v\u00e1 \u2013 strat\u00e9giai v\u00e1laszt \u00e9s tart\u00f3s eg\u00e9szs\u00e9g\u00fcgyi beruh\u00e1z\u00e1st is jelentett. A 2020. j\u00fanius 22-\u00e9n felavatott l\u00e9tes\u00edtm\u00e9ny ma t\u00f6bb mint ezer intenz\u00edv oszt\u00e1lyos \u00e1gyat, \u00e1tfog\u00f3 radiol\u00f3giai \u00e9s v\u00e9rbanki szolg\u00e1ltat\u00e1sokat, valamint egy integr\u00e1lt hullah\u00e1zat k\u00edn\u00e1l, k\u00f6zel 75 milli\u00f3 USD k\u00f6lts\u00e9ggel.<\/p>\n<p>Az \u00f6sszek\u00f6ttet\u00e9s a f\u0151v\u00e1rost\u00f3l mintegy negyven kilom\u00e9terre d\u00e9lkeletre tal\u00e1lhat\u00f3 Monse\u00f1or \u00d3scar Arnulfo Romero nemzetk\u00f6zi rep\u00fcl\u0151t\u00e9ren kereszt\u00fcl \u00e9rhet\u0151 el. Ezekr\u0151l a kifut\u00f3p\u00e1ly\u00e1kr\u00f3l a l\u00e1togat\u00f3k \u2013 b\u00e1r \u00e9rkez\u00e9s\u00fck narrat\u00edv keretein bel\u00fcl \u2013 egy olyan vid\u00e9k fel\u00e9 indulnak, amelynek \u00f6sszetett lakoss\u00e1ga az \u0151slakos pipilek, a spanyol telepesek \u00e9s a rabszolgasorban \u00e9l\u0151 afrikaiak \u00e9vsz\u00e1zados kevered\u00e9s\u00e9t t\u00fckr\u00f6zi. Az 1960-as \u00e9vek \u00f3ta tart\u00f3 vid\u00e9kr\u0151l v\u00e1rosba ir\u00e1nyul\u00f3 migr\u00e1ci\u00f3 El Salvadort a kontinent\u00e1lis Amerika legs\u0171r\u0171bben lakott \u00e1llam\u00e1v\u00e1 tette, lakoss\u00e1g\u00e1nak k\u00f6zel negyvenk\u00e9t sz\u00e1zal\u00e9ka tov\u00e1bbra is vid\u00e9ki k\u00f6z\u00f6ss\u00e9gekben \u00e9l, mik\u00f6zben San Salvador lakosainak sz\u00e1ma mintegy 2,1 milli\u00f3ra n\u0151tt.<\/p>\n<p>A kultur\u00e1lis kifejez\u00e9s vir\u00e1gzik az irodalomban, a m\u0171v\u00e9szetekben \u00e9s a dalokban. Francisco Gavidi\u00e1t\u00f3l Roque Daltonig, Claudia Larst\u00f3l Manlio Arguet\u00e1ig olyan \u00edr\u00f3k adtak hangot a t\u00e1rsadalmi k\u00fczdelemnek \u00e9s a mitikus eml\u00e9kezetnek. Olyan fest\u0151k, mint Camilo Minero, Carlos Ca\u00f1as \u00e9s a Studio Lenca n\u00e9ven ismert kollekt\u00edva k\u00eds\u00e9rteties sz\u00ednekkel \u00e9s t\u00f6rt\u00e9nelmi reflexi\u00f3val itatj\u00e1k \u00e1t v\u00e1sznaikat. Filmrendez\u0151k \u2013 k\u00f6zt\u00fck a n\u00e9hai Baltasar Polio \u00e9s Patricia Chica \u2013 \u00e9s karikaturist\u00e1k, mint To\u00f1o Salazar, a vizu\u00e1lis m\u00e9di\u00e1t haszn\u00e1lj\u00e1k t\u00e1rsadalmi komment\u00e1rra. Az egyh\u00e1z m\u00e9lyrehat\u00f3 befoly\u00e1st gyakorolt, amely legink\u00e1bb \u00d3scar Romero \u00e9rsek m\u00e1rt\u00edroms\u00e1g\u00e1ban testes\u00fclt meg az emberi jogi keresztes hadj\u00e1ratok k\u00f6zepette; Ignacio Ellacur\u00eda, Ignacio Mart\u00edn-Bar\u00f3 \u00e9s Segundo Montes jezsuita tud\u00f3sok hasonl\u00f3k\u00e9ppen megfizett\u00e9k a v\u00e9gs\u0151 \u00e1rat a polg\u00e1rh\u00e1bor\u00fa alatt.<\/p>\n<p>A kulin\u00e1ris hagyom\u00e1nyok a nemzeti identit\u00e1st a kukorica \u00e9s az \u0151shonos n\u00f6v\u00e9nyvil\u00e1g k\u00f6r\u00e9 \u00e9p\u00edtik. A pupusa \u2013 k\u00e9zzel pr\u00e9selt, quesill\u00f3val, chicharr\u00f3nnal, \u00fajras\u00fct\u00f6tt babbal vagy loroc\u00f3val t\u00f6lt\u00f6tt tortill\u00e1k \u2013 alkotm\u00e1nyos rendeletben szerepel Salvador nemzeti \u00e9telek\u00e9nt, amelyr\u0151l minden \u00e9vben november m\u00e1sodik vas\u00e1rnapj\u00e1n eml\u00e9keznek meg. A salvadori asztalokon yuca frita szerepel, curtido \u00e9s sert\u00e9sb\u0151r k\u00eds\u00e9ret\u00e9ben, m\u00edg a panes con pollo f\u0171szeres, k\u00e9zzel t\u00e9pett pulyk\u00e1t vagy csirk\u00e9t k\u00edn\u00e1l tengeralatti zseml\u00e9ben, v\u00edzitorm\u00e1val, ubork\u00e1val \u00e9s k\u00fcl\u00f6nf\u00e9le f\u0171szerekkel d\u00edsz\u00edtve. A reggeli ritu\u00e1l\u00e9k k\u00f6z\u00e9 tartoznak a tejsz\u00ednnel meglocsolt s\u00fclt ban\u00e1nok, valamint a friss\u00edt\u0151k, mint p\u00e9ld\u00e1ul a morro magos horchata vagy a gy\u00fcm\u00f6lcs\u00f6kkel teli ensalada; egy h\u00e1romtejes s\u00fctem\u00e9ny mandulaillat\u00fa pisk\u00f3t\u00e1t \u00e1ztat p\u00e1rolt, s\u0171r\u00edtett \u00e9s tejsz\u00ednes tejsz\u00ednben, \u00edgy egy desszert sok\u00e1ig megmarad a sz\u00e1jpadl\u00e1son.<\/p>\n<p>A t\u00f6rt\u00e9nelmek \u00e9s topogr\u00e1fi\u00e1k ezen \u00f6sszefon\u00f3d\u00e1s\u00e1n bel\u00fcl El Salvador a k\u00f6z\u00e9p-amerikai fesz\u00fclts\u00e9g \u00e9s \u00edg\u00e9ret mikrokozmoszak\u00e9nt mutatkozik meg. A vulk\u00e1ni cs\u00facsok az \u0151si kult\u00fara olvaszt\u00f3t\u00e9gelyeit t\u00fckr\u00f6zik, m\u00edg a part menti z\u00e1tonyok a sz\u00e1razf\u00f6ld \u00e9s a tenger dinamikus tal\u00e1lkoz\u00e1s\u00e1t t\u00fckr\u00f6zik. A k\u00e1v\u00e9\u00fcltetv\u00e9nyek az exportvez\u00e9relt pompa \u00e9s egyenl\u0151tlens\u00e9g korszakaira eml\u00e9keztetnek, mik\u00f6zben a gy\u00e1rt\u00f3parkok \u00e9s a turisztikai folyos\u00f3k a diverzifik\u00e1lt j\u00f6v\u0151 fel\u00e9 mutatnak. A foly\u00f3k h\u00e1l\u00f3zz\u00e1k be a bels\u0151 felf\u00f6ldeket, fenntartva a mez\u0151gazdas\u00e1got, m\u00e9gis fenyegetve a burj\u00e1nz\u00f3 v\u00e1rosi k\u00f6zpontokb\u00f3l sz\u00e1rmaz\u00f3 szennyez\u0151 anyagokkal. Egy n\u00e9p szelleme \u2013 amelyet a h\u00f3d\u00edt\u00e1s \u00e9s az ellen\u00e1ll\u00e1s, a diaszp\u00f3ra \u00e9s a visszat\u00e9r\u00e9s form\u00e1lt \u2013 falfestm\u00e9nyekben \u00e9s k\u00e9ziratokban, szonora refr\u00e9nben \u00e9s a tengerparti hull\u00e1mz\u00e1sban fejez\u0151dik ki.<\/p>\n<p>Az Ilamatepec tetej\u00e9n a hajnal csendj\u00e9ben korszakos morajl\u00e1s folytonoss\u00e1g\u00e1t \u00e9rezhetj\u00fck a term\u00e9keny talaj alatt. Guatemala hat\u00e1r\u00e1t\u00f3l fodroz\u00f3dik a Lempa, \u00fcled\u00e9ket \u00e9s t\u00f6rt\u00e9neteket hozva a Csendes-\u00f3ce\u00e1n s\u00f3s vize fel\u00e9; San Salvador terein a mindennapi z\u00fcmm\u00f6g\u00e9s \u00f6sszefon\u00f3dik az \u00e1ldozathozatal megeml\u00e9kez\u00e9seivel. A term\u0151f\u00f6ldeken \u00e9s gy\u00e1rakon, m\u00fazeumokon \u00e9s piacokon \u00e1t a k\u00f6zt\u00e1rsas\u00e1g k\u00f6rvonalai a megpr\u00f3b\u00e1ltat\u00e1sokkal szembeni ellen\u00e1ll\u00f3 k\u00e9pess\u00e9get \u00e9s a m\u00falt \u00e9s a j\u00f6v\u0151 kimondatlan sz\u00f6vets\u00e9g\u00e9t id\u00e9zik. El Salvador elemi er\u0151k \u2013 tektonikus, kultur\u00e1lis, gazdas\u00e1gi \u2013 metsz\u00e9spontj\u00e1ban \u00e1ll, narrat\u00edv\u00e1j\u00e1t a f\u00f6ld \u00e9s az emberek sz\u00fcntelen k\u00f6lcs\u00f6nhat\u00e1sa alak\u00edtja, tan\u00faskodik egy olyan nemzetr\u0151l, amely egyszerre kompakt m\u00e9retekkel \u00e9s kiterjedt emberi er\u0151fesz\u00edt\u00e9sekkel rendelkezik.<\/p>","protected":false},"excerpt":{"rendered":"<p>El Salvador, kor\u00e1bbi nev\u00e9n El Salvadori K\u00f6zt\u00e1rsas\u00e1g, egy \u00e9rdekes orsz\u00e1g K\u00f6z\u00e9p-Amerik\u00e1ban. \u00c9szakkeletr\u0151l Honduras, \u00e9szaknyugatr\u00f3l Guatemala, d\u00e9lr\u0151l pedig a hatalmas Csendes-\u00f3ce\u00e1n veszi k\u00f6r\u00fcl. San Salvador, az orsz\u00e1g f\u0151v\u00e1rosa \u00e9s legnagyobb v\u00e1rosa, politikai, kultur\u00e1lis \u00e9s gazdas\u00e1gi k\u00f6zpontk\u00e9nt funkcion\u00e1l. 2023-ban El Salvador lakoss\u00e1g\u00e1t k\u00f6r\u00fclbel\u00fcl 6,5 milli\u00f3ra becs\u00fclt\u00e9k, ami azt jelzi, hogy a r\u00e9gi\u00f3 egyik legs\u0171r\u0171bben lakott nemzete.<\/p>","protected":false},"author":1,"featured_media":3277,"parent":24084,"menu_order":0,"comment_status":"closed","ping_status":"closed","template":"elementor_theme","meta":{"_eb_attr":"","footnotes":""},"class_list":["post-9069","page","type-page","status-publish","has-post-thumbnail"],"_links":{"self":[{"href":"https:\/\/travelshelper.com\/hu\/wp-json\/wp\/v2\/pages\/9069","targetHints":{"allow":["GET"]}}],"collection":[{"href":"https:\/\/travelshelper.com\/hu\/wp-json\/wp\/v2\/pages"}],"about":[{"href":"https:\/\/travelshelper.com\/hu\/wp-json\/wp\/v2\/types\/page"}],"author":[{"embeddable":true,"href":"https:\/\/travelshelper.com\/hu\/wp-json\/wp\/v2\/users\/1"}],"replies":[{"embeddable":true,"href":"https:\/\/travelshelper.com\/hu\/wp-json\/wp\/v2\/comments?post=9069"}],"version-history":[{"count":0,"href":"https:\/\/travelshelper.com\/hu\/wp-json\/wp\/v2\/pages\/9069\/revisions"}],"up":[{"embeddable":true,"href":"https:\/\/travelshelper.com\/hu\/wp-json\/wp\/v2\/pages\/24084"}],"wp:featuredmedia":[{"embeddable":true,"href":"https:\/\/travelshelper.com\/hu\/wp-json\/wp\/v2\/media\/3277"}],"wp:attachment":[{"href":"https:\/\/travelshelper.com\/hu\/wp-json\/wp\/v2\/media?parent=9069"}],"curies":[{"name":"wp","href":"https:\/\/api.w.org\/{rel}","templated":true}]}}