{"id":9063,"date":"2024-09-07T10:31:08","date_gmt":"2024-09-07T10:31:08","guid":{"rendered":"https:\/\/travelshelper.com\/staging\/?page_id=9063"},"modified":"2026-03-13T16:28:29","modified_gmt":"2026-03-13T16:28:29","slug":"szent-gyorgy","status":"publish","type":"page","link":"https:\/\/travelshelper.com\/hu\/destinations\/north-america\/grenada\/st-georges\/","title":{"rendered":"Szent Gy\u00f6rgy"},"content":{"rendered":"<p>St. George&#039;s, Grenada dobog\u00f3 sz\u00edve \u00e9s legnagyobb telep\u00fcl\u00e9se, egy patk\u00f3 alak\u00fa kik\u00f6t\u0151 perem\u00e9n fekszik, v\u00e1rosi falisz\u0151nyege a valaha vulk\u00e1ni kr\u00e1tert szeg\u00e9lyez\u0151 dombok felett bontakozik ki. A v\u00e1ros nemcsak a sziget f\u0151 kik\u00f6t\u0151jek\u00e9nt h\u00edvja fel mag\u00e1ra a figyelmet, hanem mint a St. George&#039;s Egyetem Orvostudom\u00e1nyi Kar\u00e1nak \u00e9s az orsz\u00e1g f\u0151 l\u00e9gi \u00e1tj\u00e1r\u00f3j\u00e1nak, a Maurice Bishop Nemzetk\u00f6zi Rep\u00fcl\u0151t\u00e9rnek a k\u00f6zpontja is. A Sz\u00e9l fel\u0151li szigetek d\u00e9lkeleti sz\u00e9l\u00e9n fekv\u0151 f\u0151v\u00e1ros \u2013 Grenada maga tizennyolc kilom\u00e9ter sz\u00e9les \u00e9s harmincn\u00e9gy kilom\u00e9ter hossz\u00fa \u2013 \u00e9vsz\u00e1zados gyarmati \u00f6r\u00f6ks\u00e9get \u00f6tv\u00f6z egy \u00e9l\u00e9nk, modern gazdas\u00e1ggal, amely a kaka\u00f3ra, a szerecsendi\u00f3ra \u00e9s a szerecsendi\u00f3-vir\u00e1gra \u00e9p\u00fcl.<\/p>\n<p>1650-es alap\u00edt\u00e1sa \u00f3ta, francia \u00e9gisze alatt, egym\u00e1st k\u00f6vet\u0151 t\u0171zv\u00e9szeken, f\u00f6ldreng\u00e9seken \u00e9s hurrik\u00e1nokon \u00e1t, St. George&#039;s folyamatosan \u00fajj\u00e1\u00e9ledt, term\u00e9szetes kik\u00f6t\u0151j\u00e9nek \u00edg\u00e9ret\u00e9nek \u00e9s n\u00e9p\u00e9nek ellen\u00e1ll\u00f3 k\u00e9pess\u00e9g\u00e9nek k\u00f6sz\u00f6nhet\u0151en. A tr\u00f3pusi es\u0151k t\u00e1pl\u00e1lj\u00e1k a van\u00edlia-, fah\u00e9j- \u00e9s gy\u00f6mb\u00e9rligeteket, m\u00edg a l\u00e1gy tengeri szell\u0151 \u00e1ltal m\u00e9rs\u00e9kelt \u00e9ghajlat biztos\u00edtja a sziget hely\u00e9t a Karib-t\u00e9rs\u00e9g vezet\u0151 f\u0171szertermel\u0151i k\u00f6z\u00f6tt. A Carenage partvonal\u00e1t ma bej\u00e1r\u00f3 l\u00e1togat\u00f3 gondozott s\u00e9t\u00e1nyokat \u00e9s pasztellsz\u00edn\u0171 keresked\u0151h\u00e1zakat tal\u00e1l; \u00e1m k\u00f6zvetlen\u00fcl m\u00f6g\u00f6tt\u00fck keskeny utc\u00e1k emelkednek meredeken olyan v\u00e1rosr\u00e9szekbe, ahol a korallz\u00e1tonyos falak a gyarmati amb\u00edci\u00f3kra eml\u00e9keztetnek, \u00e9s a t\u00f6rt\u00e9nelem suttog\u00e1sa elfedi a modern \u00e9let moraj\u00e1t.<\/p>\n<p>Fort Royal Town \u2013 a mai St. George&#039;s el\u0151dj\u00e9nek \u2013 eredete a korai francia gyarmatos\u00edt\u00f3k pragmatikus d\u00f6nt\u00e9seiben rejlik, akik miut\u00e1n el\u0151sz\u00f6r brut\u00e1lis csetepat\u00e9kkal kiirtott\u00e1k az \u0151shonos karib lakoss\u00e1got, telep\u00fcl\u00e9s\u00fcket magasabb fekv\u00e9s\u0171 helyekre k\u00f6lt\u00f6ztett\u00e9k a lag\u00fanav\u00edz emelked\u00e9se \u00e9s a mal\u00e1ria puszt\u00edt\u00e1sa miatt. 1700-ra egy \u00faj v\u00e1rosrendez\u00e9si terv rendezett, t\u00e9glalap alak\u00fa utc\u00e1kat tervezett \u2013 k\u00f6zt\u00fck a St. Juille-t \u00e9s a St. John&#039;s-t \u2013, amelyek a mai napig fennmaradtak a v\u00e1rosi h\u00e1l\u00f3zatban. A Jean de Giou de Caylus \u00e1ltal tervezett hegyfokokat k\u0151b\u00e1sty\u00e1k koron\u00e1zt\u00e1k, m\u00e9gis kev\u00e9s nyomuk maradt fenn; az id\u0151 \u00e9s a viharok nagy r\u00e9sz\u00e9t elpuszt\u00edtott\u00e1k annak az er\u0151d\u00edtm\u00e9nynek, amely egykor a tengeri \u00fatvonalakat \u0151rizte. Amikor Nagy-Britannia 1763-ban ig\u00e9nyt tartott a szigetre, a c\u00edmeket angolos\u00edtott\u00e1k \u2013 Fort Royale-b\u00f3l Fort George lett; Fort Royal Townb\u00f3l Saint George&#039;s Town \u2013, \u00e9s III. Gy\u00f6rgy kir\u00e1ly p\u00e1rtfog\u00e1sa a birodalom s\u00faly\u00e1t k\u00f6lcs\u00f6n\u00f6zte nev\u00e9nek.<\/p>\n<p>A tizennyolcadik sz\u00e1zadban az 1771-es, 1775-\u00f6s \u00e9s 1792-es t\u0171zv\u00e9szek puszt\u00edtottak a fa\u00e9p\u00fcleteket, ami rendeleteket eredm\u00e9nyezett a fa\u00e9p\u00edt\u00e9szet ellen, \u00e9s bevezette a k\u0151h\u00e1zak kor\u00e1t, amelyek ellen\u00e1ll\u00f3v\u00e1 tett\u00e9k a v\u00e1ros sz\u00f6vet\u00e9t. Az 1867-es \u00e9s 1888-as geol\u00f3giai reng\u00e9sek azonban eml\u00e9keztett\u00e9k a lakosokat a sziget vulkanikus eredet\u00e9re, amikor a lag\u00fan\u00e1t a Karib-t\u00e9rs\u00e9ggel \u00f6sszek\u00f6t\u0151 f\u00f6ldnyelv hirtelen a tenger al\u00e1 s\u00fcllyedt. M\u00e9g most is be lehet tekinteni a tiszta v\u00edzbe, hogy kivegy\u00fck az els\u00fcllyedt t\u00f6lt\u00e9s romjait.<\/p>\n<p>A tizenkilencedik sz\u00e1zad v\u00e9g\u00e9re, Bridgetown visszavonul\u00e1s\u00e1t k\u00f6vet\u0151en, St. George&#039;s vette \u00e1t a Brit Sz\u00e9l fel\u0151li-szigetek f\u0151v\u00e1ros\u00e1nak szerep\u00e9t. A Tikal m\u0171v\u00e9szeti k\u00e1v\u00e9z\u00f3 1959 december\u00e9ben nyitotta meg kapuit, ami egy olyan pillanatot jelentett, amikor a kultur\u00e1lis \u00e9let vir\u00e1gozni kezdett az adminisztrat\u00edv c\u00e9lok mellett. A f\u00fcggetlens\u00e9g 1974-ben \u00e9rkezett el, \u00e9s b\u00e1r az azt k\u00f6vet\u0151 \u00e9vtized politikai turbulenci\u00e1t hozott \u2013 amely egy baloldali puccsban \u00e9s az azt k\u00f6vet\u0151 1983-as amerikai beavatkoz\u00e1sban cs\u00facsosodott ki \u2013, a v\u00e1ros identit\u00e1sa tov\u00e1bbra is a kik\u00f6t\u0151j\u00e9ben, a templomaiban \u00e9s a f\u0171szerbirtokaiban gy\u00f6kerezett.<\/p>\n<p>A 2004 szeptemberi Ivan hurrik\u00e1n p\u00e9ld\u00e1tlanul heves csap\u00e1st m\u00e9rt. Az otthonok k\u00f6zel kilencven sz\u00e1zal\u00e9ka megrong\u00e1l\u00f3dott; a hajladoz\u00f3, \u00e9vsz\u00e1zados szerecsendi\u00f3-f\u00e1k \u2013 Grenada gazdas\u00e1gi \u00e9let\u00e9nek szimb\u00f3lumai \u2013 csupaszon hevertek. A kanadai, amerikai, k\u00ednai, venezuelai, trinidad \u00e9s tobag\u00f3i, valamint az Eur\u00f3pai Uni\u00f3 adom\u00e1nyoz\u00f3inak t\u00e1mogat\u00e1s\u00e1val l\u00e9trej\u00f6tt nemzetk\u00f6zi szolidarit\u00e1s azonban figyelemre m\u00e9lt\u00f3 \u00fajj\u00e1\u00e9p\u00edt\u00e9si lend\u00fcletet ind\u00edtott el. 2007-re St. George&#039;s-ban rendezt\u00e9k meg a Krikett Vil\u00e1gkup\u00e1t, partjait pavilonok \u00e9s szurkol\u00f3k t\u00f6megei szeg\u00e9lyezt\u00e9k, ami a gyors fel\u00e9p\u00fcl\u00e9s \u00e9s a lakosok kitart\u00e1s\u00e1nak bizony\u00edt\u00e9ka. Ma a v\u00e1ros a Karib-t\u00e9rs\u00e9g t\u00edz legjobb jachtkik\u00f6t\u0151je k\u00f6z\u00e9 tartozik, az \u00fajonnan telep\u00edtett s\u00e9tahaj\u00f3-m\u00f3l\u00f3 a Lagoon Roadra \u00e9s a Melville Streetre ir\u00e1ny\u00edtja a l\u00e1togat\u00f3kat, ahol az \u00e9ttermek \u00e9s \u00fczletek pezsg\u0151 \u00e9lettel telnek.<\/p>\n<p>A v\u00e1rosk\u00f6zpontban tov\u00e1bbra is a Carenage a k\u00f6zponti elem, melynek tengerparti fal\u00e1t f\u0171szer\u00e1rusok \u00e9s rumos s\u00fctem\u00e9nyeket \u00e9s kaka\u00f3babot k\u00edn\u00e1l\u00f3 \u00e1rusok szeg\u00e9lyezik. A r\u00f3mai katolikus sz\u00e9kesegyh\u00e1z, melynek tornya 1818-b\u00f3l sz\u00e1rmazik, sz\u00ednpomp\u00e1s bels\u0151 t\u00e9rrel v\u00e1rja a l\u00e1togat\u00f3kat \u2013 halv\u00e1nyk\u00e9k \u00e9s korallv\u00f6r\u00f6s sz\u00ednek tal\u00e1lkoznak a boltozatos mennyezet fel\u00e9 magasod\u00f3 \u00edvekn\u00e9l. N\u00e9h\u00e1ny h\u00e1zt\u00f6mbnyire tal\u00e1lhat\u00f3 a fel\u00faj\u00edtott Szent Gy\u00f6rgy anglik\u00e1n templom: az 1825-ben \u00e9p\u00fclt templomot 1904-ben szerelt mechanikus harangok \u00fct\u00f6tt\u00e9k egykor az \u00f3r\u00e1kat; a vihar \u00e9s az elhanyagol\u00e1s 2004-ben romba d\u00f6nt\u00f6tte falait, m\u00e9gis egy \u00e9vtizednyi rekonstrukci\u00f3 ut\u00e1n helyre\u00e1ll\u00edtott\u00e1k a haj\u00f3t \u00e9s meger\u0151s\u00edtett\u00e9k az \u00f3lom\u00fcveg ablakokat, hogy ism\u00e9t fogadhass\u00e1k a h\u00edv\u0151ket.<\/p>\n<p>Gyalogosan felfel\u00e9 haladva a George-er\u0151d fel\u00e9, a l\u00e1togat\u00f3 kanyarg\u00f3s utc\u00e1kon halad \u00e1t, \u00e9s elhalad a meredek lejt\u0151knek d\u0151l\u0151 h\u00e1zak csoportjai mellett, teraszaikat bougainvillea bor\u00edtja. Az er\u0151d\u00f6t \u2013 amelynek k\u0151b\u00e1sty\u00e1it el\u0151sz\u00f6r 1705-ben \u00e9p\u00edtett\u00e9k \u2013 a helyi rend\u0151rs\u00e9g \u00e1talak\u00edtotta, az egyik helyis\u00e9gben tornaterem, a m\u00e1sikban varr\u00f3gy\u00e1r m\u0171k\u00f6dik. A b\u00e1sty\u00e1k, b\u00e1r az id\u0151 \u00e9s a hurrik\u00e1n megt\u00e9p\u00e1zta, leny\u0171g\u00f6z\u0151 panor\u00e1m\u00e1t ny\u00fajtanak: keleten a Carenage kisz\u00e9lesedik a Karib-t\u00e9rs\u00e9gbe; nyugaton a dombok smaragdz\u00f6ld erd\u0151be burkol\u00f3znak. Szer\u00e9ny bel\u00e9p\u0151d\u00edj \u2013 mind\u00f6ssze k\u00e9t doll\u00e1r \u2013 ellen\u00e9ben a l\u00e1togat\u00f3k bel\u00e9pni k\u00e9nyszer\u00fclnek, cser\u00e9be pedig \u00e9vsz\u00e1zadok csendje telepszik a b\u00e1sty\u00e1kra.<\/p>\n<p>Kultur\u00e1lis szempontb\u00f3l a v\u00e1ros ritmusa a karnev\u00e1lhoz k\u00f6t\u0151dik, amelyet minden \u00e9vben augusztus m\u00e1sodik het\u00e9ben rendeznek meg. Ami vas\u00e1rnap este kezd\u0151dik, ac\u00e9lzenekarok crescend\u00f3i alatt, az a h\u00e9tf\u0151i felvonul\u00e1ss\u00e1 alakul a Queen&#039;s Parkban, ahol jelmezesek \u00e9s calypso kir\u00e1lyn\u0151k versengenek az elismer\u00e9s\u00e9rt. Keddre az utc\u00e1k \u00fct\u0151hangszerekt\u0151l \u00e9s dallamokt\u00f3l l\u00fcktetnek, mik\u00f6zben az ac\u00e9lp\u00e1nc\u00e9losok k\u00edgy\u00f3z\u00f3 felvonul\u00e1sokat sz\u0151nek a sik\u00e1torokon kereszt\u00fcl, amelyeket egykor francia \u00e9s brit v\u00f6r\u00f6s kab\u00e1tosok egyar\u00e1nt kitapostak. Ez a fesztiv\u00e1l, amely a rabszolgas\u00e1g v\u00e9g\u00e9t \u00fcnnepli, egyr\u00e9szt tiszteleg az \u0151s\u00f6k el\u0151tt, m\u00e1sr\u00e9szt meger\u0151s\u00edti a mindennapi \u00e9let alapj\u00e1t k\u00e9pez\u0151 kollekt\u00edv vitalit\u00e1st.<\/p>\n<p>A v\u00e1ros hat\u00e1rain t\u00fal titkos \u00f6sv\u00e9nyek kanyarognak az es\u0151erd\u0151n kereszt\u00fcl. A St. Margaret-v\u00edzes\u00e9s, amely nev\u00e9t a h\u00e9t v\u00edzes\u00e9s k\u00f6zel\u00e9ben tal\u00e1lhat\u00f3 \u00e1tj\u00e1r\u00f3j\u00e1r\u00f3l kapta, h\u00e1rom\u00f3r\u00e1s t\u00far\u00e1t k\u00edn\u00e1l a Grand Etang z\u00f6ldell\u0151 t\u00e1jain kereszt\u00fcl \u2013 elmer\u00fclhet\u00fcnk a magas f\u00e1kon \u00e1tsz\u0171r\u0151d\u0151 napf\u00e9nysugarakban, ahol a p\u00e1fr\u00e1nyok harmatt\u00f3l csillognak, \u00e9s a csendet csak a szikl\u00e1kon zuhog\u00f3 v\u00edz t\u00f6ri meg. Visszat\u00e9rve a v\u00e1rosba, a Grenada Nemzeti M\u00fazeum az 1704-es egykori francia laktany\u00e1kban tal\u00e1lhat\u00f3, amelyek k\u00e9s\u0151bb b\u00f6rt\u00f6nk\u00e9nt \u00e9s sz\u00e1llodak\u00e9nt funkcion\u00e1ltak. Gal\u00e9ri\u00e1iban karib \u00e9s arawak t\u00e1rgyak, cukorfeldolgoz\u00f3 g\u00e9pek eml\u00e9kei, egykor vir\u00e1gz\u00f3 b\u00e1lnavad\u00e1szat eszk\u00f6zei \u2013 \u00e9s \u2013 \u00e9rdekes m\u00f3don \u2013 egy m\u00e1rv\u00e1nyf\u00fcrd\u0151 tal\u00e1lhat\u00f3, amelyet egykor Jos\u00e9phine Bonaparte sz\u00e1m\u00e1ra \u00e1ll\u00edtottak fel.<\/p>\n<p>Egy modern, l\u00e9gi \u00faton \u00e9rkez\u0151 l\u00e1togat\u00f3 a Maurice Bishop nemzetk\u00f6zi rep\u00fcl\u0151t\u00e9ren k\u00f6t ki, a Point Saline-i tengeri szell\u0151 hajtja; f\u0151szezonban heti j\u00e1ratok indulnak Frankfurtba is, b\u00e1r a legt\u00f6bb utaz\u00f3 Nagy-Britanni\u00e1ban vagy az Egyes\u00fclt \u00c1llamokban tal\u00e1lhat\u00f3 csom\u00f3pontokon kereszt\u00fcl csatlakozik. A f\u00f6ldszinten minibuszok indulnak el a k\u00f6zponti buszp\u00e1lyaudvarr\u00f3l, mindegyiken felt\u00fcntetve az \u00fati c\u00e9lj\u00e1t \u2013 egyszer\u0171 k\u00f3dok, amelyek Gouyave, Sauteurs vagy a sziget f\u00e9lrees\u0151 \u00f6blei fel\u00e9 kalauzolj\u00e1k az ing\u00e1z\u00f3kat. Ek\u00f6zben a Carenage-i haj\u00f3termin\u00e1l \u00e9s a szomsz\u00e9dos Esplanada Mall, amelyet a 2000-es \u00e9vek k\u00f6zep\u00e9n avattak fel, a v\u00e1ros glob\u00e1lis turisztikai k\u00f6rforg\u00e1sba val\u00f3 m\u00e9ly\u00fcl\u0151 integr\u00e1ci\u00f3j\u00e1t jelzi.<\/p>\n<p>A v\u00e1rostervez\u0151k sem t\u00e9tlenkedtek. Z\u00fcblin fejleszt\u00e9si terve egy m\u00e1sodik haj\u00f3kik\u00f6t\u0151t \u00e9s egy gyalogos alagutat ir\u00e1nyoz el\u0151 a Sendall-alag\u00fat f\u0151\u00fatja alatt, amely \u00f6sszek\u00f6tn\u00e9 a George-er\u0151d \u00e1ltal \u00f6vezett f\u00e9lszigetet a k\u00f3rh\u00e1z \u00f6vezet\u00e9vel. A Carenage nyugati sz\u00e9l\u00e9n l\u00e9v\u0151 utakat kisz\u00e9les\u00edtett\u00e9k a forgalom megk\u00f6nny\u00edt\u00e9se \u00e9rdek\u00e9ben, de tov\u00e1bbra is elengedhetetlen az \u00f3vatoss\u00e1g: a jel\u00f6letlen egyir\u00e1ny\u00fa utc\u00e1k \u00e9s a finom k\u00f6zleked\u00e9si szigetek \u2013 n\u00e9melyik csak festett oszlop \u2013 megzavarhatj\u00e1k a felk\u00e9sz\u00fcletlen aut\u00f3st.<\/p>\n<p>Az \u00e9vsz\u00e1zados \u00e1talakul\u00e1s \u2013 telepes amb\u00edci\u00f3k, gyarmati rivaliz\u00e1l\u00e1s, term\u00e9szeti katasztr\u00f3f\u00e1k \u00e9s modern meg\u00fajul\u00e1s \u2013 sor\u00e1n a St. George&#039;s meg\u0151rizte bels\u0151 koherenci\u00e1j\u00e1t, azt az \u00e9rz\u00e9st, hogy minden terasz, minden b\u00e1stya, minden vir\u00e1gz\u00f3 frangip\u00e1ni fa egy kibontakoz\u00f3 t\u00f6rt\u00e9nethez tartozik. A v\u00e1ros n\u00e9h\u00e1ny k\u00f6ve \u00e9s sz\u00e1mos f\u0171szere geol\u00f3giai \u00e9s emberi er\u0151kr\u0151l tan\u00faskodik: vulk\u00e1ni felfordul\u00e1sr\u00f3l, amely a kik\u00f6t\u0151 \u00edv\u00e9t form\u00e1lta; eur\u00f3pai m\u00e9rn\u00f6k\u00f6kr\u0151l, akik megpr\u00f3b\u00e1lt\u00e1k uralni a vizeit; felszabad\u00edtott n\u00e9pekr\u0151l, akik kalipsz\u00f3t t\u00e1ncoltak a fa standok alatt; \u00e9s kort\u00e1rs gondnokokr\u00f3l, akik \u00fajj\u00e1\u00e9p\u00edtik a sz\u00e9kesegyh\u00e1z tornyait \u00e9s \u00fajj\u00e1\u00e9p\u00edtik a szerecsendi\u00f3-ligeteket.<\/p>\n<p>Egyetlen m\u00e1s karibi kik\u00f6t\u0151 sem \u00f6tv\u00f6zi ilyen nyugodt m\u00e9lys\u00e9g\u00e9t a k\u00e9zzelfoghat\u00f3 energi\u00e1val. Hajnalban a hal\u00e1szok h\u00e1l\u00f3kat vetnek baracksz\u00edn\u0171 f\u00e9ny h\u00e1tter\u00e9ben, h\u00e1l\u00f3kat, amelyek sziv\u00e1rv\u00e1nysz\u00edn\u0171 hallal t\u00e9rnek vissza, \u00e9s a Queen&#039;s Park piaci standjaira sz\u00e1nj\u00e1k \u0151ket. A d\u00e9lut\u00e1ni h\u0151s\u00e9g kend\u0151k\u00e9nt borul a v\u00e1rosra, szieszt\u00e1t csalogat az \u00e1rny\u00e9kos verand\u00e1kra, \u00e9s a turist\u00e1kat a h\u0171v\u00f6s sz\u00e9kesegyh\u00e1z haj\u00f3j\u00e1nak keres\u00e9s\u00e9re k\u00fcldi. Az est a Melville utc\u00e1t szeg\u00e9lyez\u0151 l\u00e1mp\u00e1sok f\u00e9ny\u00e9re borul, ahol a kioszkok f\u0171szeres rumot \u00e9s himnuszszer\u0171 poh\u00e1rk\u00f6sz\u00f6nt\u0151ket k\u00edn\u00e1lnak francia kreol nyelven. Minden pillanatban a t\u00f6rt\u00e9nelem rezonanci\u00e1ja \u00e9s a mindennapi \u00e9let ritmusa tal\u00e1lkozik.<\/p>\n<p>St. George&#039;s-ra pillantva olyan, mint egy olyan v\u00e1rost megfigyelni, amely m\u00faltj\u00e1t eml\u00e9kezet\u00e9ben, j\u00f6v\u0151j\u00e9t pedig minden megjav\u00edtott tet\u0151cserep\u00e9ben hordozza. Itt a van\u00edlia illata leng a sik\u00e1torokban; ott a George-er\u0151d romjai egy harcias \u00e9s fens\u00e9ges vil\u00e1got id\u00e9znek. A h\u00e1ztet\u0151k\u00f6n parabolaantenn\u00e1k \u00e1llnak a l\u00e1vak\u0151falak mellett, egy olyan hely szimb\u00f3lumaik\u00e9nt, amely mag\u00e1ban foglalja a glob\u00e1lis \u00e1ramlatokat \u00e9s a helyi szok\u00e1sokat. Tizenh\u00e9t \u00e9vtized alatt ez a partvonal fogadott gyarmatos\u00edt\u00f3kat, utaz\u00f3kat, viharok el\u0151l kitelep\u00edtetteket, orvostudom\u00e1nyt folytat\u00f3 tud\u00f3sokat \u00e9s tollas jelmezekbe \u00f6lt\u00f6z\u00f6tt n\u0151ket, akik ac\u00e9lserpeny\u0151 ritmusai alatt t\u00e1ncoltak.<\/p>\n<p>Grenada f\u0151v\u00e1ros\u00e1nak narrat\u00edv l\u00fcktet\u00e9se ilyen: a tart\u00f3s ellent\u00e9tek helye, ahol a kik\u00f6t\u0151 vulkanikus b\u00f6lcs\u0151je \u00e1tadja hely\u00e9t a kereskedelemmel \u00e9s kult\u00far\u00e1val kik\u00f6vezett utaknak. Itt, a m\u00e9szk\u0151utc\u00e1k \u00e9s a burj\u00e1nz\u00f3 f\u0171szerpiacok tal\u00e1lkoz\u00e1s\u00e1n\u00e1l v\u00e1lik kit\u00f6r\u00f6lhetetlen\u00fcl l\u00e1that\u00f3v\u00e1 egy sziget l\u00e9nyege \u2013 a korallk\u0151zetbe v\u00e9sett t\u00f6rt\u00e9nelme \u00e9s a szerecsendi\u00f3 illat\u00e1t\u00f3l illatos j\u00f6v\u0151je. Ebben a l\u00e1that\u00f3s\u00e1gban egyszerre rejlik egy \u00edg\u00e9ret \u00e9s egy csendes igazs\u00e1g: Szent Gy\u00f6rgy \u00e9lete nyitott k\u00f6nyvk\u00e9nt jelenik meg, minden oldal\u00e1t az \u00e1rap\u00e1ly, a vihar, a diadal \u00e9s azoknak a keze lapozgatja, akik ezt a patk\u00f3 alak\u00fa kik\u00f6t\u0151t otthonuknak nevezik.<\/p>","protected":false},"excerpt":{"rendered":"<p>St. George&#039;s Grenada karibi szigetorsz\u00e1g energikus f\u0151v\u00e1rosa. Egy \u0151si vulk\u00e1ni kr\u00e1ter \u00f6l\u00e9ben megb\u00fav\u00f3 v\u00e1ros ide\u00e1lis helyen, egy patk\u00f3 alak\u00fa kik\u00f6t\u0151ben fekszik, leny\u0171g\u00f6z\u0151 kil\u00e1t\u00e1st \u00e9s jellegzetes domborzatot k\u00edn\u00e1lva. St. George&#039;s a sz\u00e9ps\u00e9g \u00e9s a hasznoss\u00e1g ny\u00fczsg\u0151 k\u00f6zpontja, mivel term\u00e9szetes kik\u00f6t\u0151je nemcsak l\u00e9legzetel\u00e1ll\u00edt\u00f3 kil\u00e1t\u00e1st k\u00edn\u00e1l, hanem a tengeri m\u0171veletek szempontj\u00e1b\u00f3l is l\u00e9tfontoss\u00e1g\u00fa hely.<\/p>","protected":false},"author":1,"featured_media":3103,"parent":9051,"menu_order":0,"comment_status":"closed","ping_status":"closed","template":"elementor_theme","meta":{"_eb_attr":"","footnotes":""},"class_list":["post-9063","page","type-page","status-publish","has-post-thumbnail"],"_links":{"self":[{"href":"https:\/\/travelshelper.com\/hu\/wp-json\/wp\/v2\/pages\/9063","targetHints":{"allow":["GET"]}}],"collection":[{"href":"https:\/\/travelshelper.com\/hu\/wp-json\/wp\/v2\/pages"}],"about":[{"href":"https:\/\/travelshelper.com\/hu\/wp-json\/wp\/v2\/types\/page"}],"author":[{"embeddable":true,"href":"https:\/\/travelshelper.com\/hu\/wp-json\/wp\/v2\/users\/1"}],"replies":[{"embeddable":true,"href":"https:\/\/travelshelper.com\/hu\/wp-json\/wp\/v2\/comments?post=9063"}],"version-history":[{"count":0,"href":"https:\/\/travelshelper.com\/hu\/wp-json\/wp\/v2\/pages\/9063\/revisions"}],"up":[{"embeddable":true,"href":"https:\/\/travelshelper.com\/hu\/wp-json\/wp\/v2\/pages\/9051"}],"wp:featuredmedia":[{"embeddable":true,"href":"https:\/\/travelshelper.com\/hu\/wp-json\/wp\/v2\/media\/3103"}],"wp:attachment":[{"href":"https:\/\/travelshelper.com\/hu\/wp-json\/wp\/v2\/media?parent=9063"}],"curies":[{"name":"wp","href":"https:\/\/api.w.org\/{rel}","templated":true}]}}