{"id":9051,"date":"2024-09-07T10:22:37","date_gmt":"2024-09-07T10:22:37","guid":{"rendered":"https:\/\/travelshelper.com\/staging\/?page_id=9051"},"modified":"2026-03-13T16:28:43","modified_gmt":"2026-03-13T16:28:43","slug":"grenada","status":"publish","type":"page","link":"https:\/\/travelshelper.com\/hu\/destinations\/north-america\/grenada\/","title":{"rendered":"Grenada"},"content":{"rendered":"<p>Grenada, egy 344 n\u00e9gyzetkilom\u00e9teres, az \u00e9gsz\u00ednk\u00e9k karibi vizek \u00e1ltal \u00f6vezett, kompakt birodalom, 2024 elej\u00e9n nagyj\u00e1b\u00f3l 115 000 lakost tartott fenn; a Sz\u00e9l fel\u0151li szigetek legd\u00e9lebbi gy\u00f6ngyszeme Trinidadt\u00f3l \u00e9s a venezuelai partvid\u00e9kt\u0151l mintegy 160 kilom\u00e9terre \u00e9szakra, Saint Vincentt\u0151l pedig k\u00f6zvetlen\u00fcl d\u00e9lre fekszik. F\u0151 telep\u00fcl\u00e9se, St. George&#039;s, a Carenage n\u00e9ven ismert term\u00e9szetes kik\u00f6t\u0151 k\u00f6r\u00fcl kanyarog, m\u00edg Carriacou \u00e9s Petite Martinique testv\u00e9rszigetek \u2013 kisebb kib\u00fav\u00e1sok konstell\u00e1ci\u00f3j\u00e1val egy\u00fctt \u2013 kiterjesztik az orsz\u00e1g hat\u00f3k\u00f6r\u00e9t a Grenadine-szigetek \u00e9szaki r\u00e9sz\u00e9re. Ebb\u0151l a t\u00f6m\u00f6r k\u00e9pb\u0151l egy olyan f\u00f6ld rajzol\u00f3dik ki, amelynek vulkanikus alapjai meredek \u00e9s term\u00e9keny terepet form\u00e1ltak, inspir\u00e1lva mind a \u201eF\u0171szerek szigete\u201d elnevez\u00e9st, mind az amerikai, afrikai, francia \u00e9s brit sz\u00e1lakb\u00f3l sz\u0151tt kultur\u00e1lis mozaikot.<\/p>\n<p>Az emberi jelenl\u00e9t nyomon k\u00f6vet\u00e9se itt egy hom\u00e1lyos, gyarmati el\u0151tti korszakba enged leereszkedni, amikor a karib haj\u00f3sok \u2013 akiknek \u0151sei d\u00e9l-amerikai v\u00edzi utakon utaztak \u2013 \u00e1tmeneti falvakat hoztak l\u00e9tre a v\u00e9dett \u00f6bl\u00f6k \u00e9s foly\u00f3torkolatok ment\u00e9n. Ezek a korai telepesek 1498 augusztus\u00e1ban Kolumbusz Krist\u00f3f tekintete al\u00e1 ker\u00fcltek, amikor harmadik tengeri v\u00e1llalkoz\u00e1sa felv\u00e9ste Grenad\u00e1t az eur\u00f3pai t\u00e9rk\u00e9pekre, m\u00e9gis kevesen k\u00f6vett\u00e9k \u0151ket a tizenhetedik sz\u00e1zadig. A kitart\u00f3 karib ellen\u00e1ll\u00e1s megakad\u00e1lyozta a spanyol \u00e9s angol pr\u00f3b\u00e1lkoz\u00e1sokat a megteleped\u00e9sre, \u00e9s csak 1649-ben biztos\u00edtottak maguknak bizonytalan uralmat a francia \u00fcltetv\u00e9nyesek, cukorn\u00e1dnyesed\u00e9kkel \u00e9s rabszolgasorban tartott munk\u00e1sokkal. A t\u00f6bb mint nyolcvan \u00e9vnyi francia k\u00f6zigazgat\u00e1s nyomot hagyott a kreol nyelvben \u00e9s a George-er\u0151d k\u00f6rvonalaiban, amely m\u00e9g mindig a St. George&#039;s felett magasodik, b\u00e1r az 1763 febru\u00e1ri p\u00e1rizsi szerz\u0151d\u00e9s Londonra ruh\u00e1zta \u00e1t a szuverenit\u00e1st. Egy r\u00f6vid, 1779 \u00e9s 1783 k\u00f6z\u00f6tti francia visszah\u00f3d\u00edt\u00e1s alig szak\u00edtotta meg a britek felemelked\u00e9s\u00e9t, amely \u2013 lesz\u00e1m\u00edtva az 1967 m\u00e1rcius\u00e1ban kezd\u0151d\u0151 t\u00e1rsult \u00e1llam id\u0151szak\u00e1t \u00e9s a Nyugat-indiai F\u00f6der\u00e1ci\u00f3n bel\u00fcli r\u00f6vid t\u00e1v\u00fa szerepet \u2013 eg\u00e9szen a teljes f\u00fcggetlens\u00e9g hajnal\u00e1ig, 1974. febru\u00e1r 7-ig tartott Eric Gairy minisztereln\u00f6ks\u00e9ge alatt.<\/p>\n<p>A politikai turbulencia 1979 m\u00e1rcius\u00e1ban \u00fajabb politikai z\u0171rzavart v\u00e1ltott ki, amikor az \u00daj \u00c9kszer Mozgalom, egy marxista-leninista kollekt\u00edva, v\u00e9rtelen puccssal megd\u00f6nt\u00f6tte Gairy hatalm\u00e1t. Maurice Bishop N\u00e9pi Forradalmi Korm\u00e1nya ezut\u00e1n t\u00e1rsadalmi programokat ir\u00e1ny\u00edtott \u00e9s Kub\u00e1val egy\u00fcttm\u0171k\u00f6d\u00f6tt, m\u00edg a bels\u0151 visz\u00e1ly Bishop kiv\u00e9gz\u00e9s\u00e9hez nem vezetett, \u00e9s 1983 okt\u00f3ber\u00e9ben az Egyes\u00fclt \u00c1llamok vezette beavatkoz\u00e1st eredm\u00e9nyezett. Ezt a szakad\u00e1st k\u00f6vet\u0151en Grenada vissza\u00e1ll\u00edtotta a parlament\u00e1ris demokr\u00e1ci\u00e1t, II. Erzs\u00e9bet kir\u00e1lyn\u0151 alatt helyre\u00e1ll\u00edtotta a Nemzetk\u00f6z\u00f6ss\u00e9g kapcsolat\u00e1t, \u00e9s most III. K\u00e1roly kir\u00e1lyt ismeri el \u00e1llamf\u0151k\u00e9nt, akit helyben egy f\u0151korm\u00e1nyz\u00f3 k\u00e9pvisel. Az\u00f3ta politikai nyugalom uralkodik, amit a turizmus, mint f\u0151 devizaforr\u00e1s folyamatos n\u00f6veked\u00e9se is t\u00fckr\u00f6z.<\/p>\n<p>Ezen emberi t\u00f6rt\u00e9net alatt egy t\u0171z \u00e1ltal faragott sziget fekszik \u2013 zord gerinc\u00e9t a 840 m\u00e9ter magas Szent Katalin-hegy koron\u00e1zza, k\u00e9t oldal\u00e1n pedig a Granby-hegy \u00e9s a D\u00e9lkelet-hegy szeg\u00e9lyezi. Itt olyan kr\u00e1tertavak gy\u0171lnek \u00f6ssze term\u00e9szetes amfite\u00e1trumokban, mint a Grand Etang \u00e9s az Antoine; nyugodt felsz\u00edn\u00fck \u0151si felfordul\u00e1sok form\u00e1lta m\u00e9lys\u00e9geket rejt. A patakok zuhatagk\u00e9nt zuhannak a tengerbe, melyek nevei \u2013 Annandale, Concord, Seven Sisters \u2013 visszhangoznak az erd\u0151s folyos\u00f3kon kereszt\u00fcl, melyek n\u00e9gy \u00f6kor\u00e9gi\u00f3ja a nedves tr\u00f3pusi erd\u0151kt\u0151l a sz\u00e1raz cserj\u00e9sekig terjed. A vulk\u00e1ni t\u00f6rmel\u00e9kkel gazdag\u00edtott talaj sz\u00e1mos n\u00f6v\u00e9nyt t\u00e1pl\u00e1l, legh\u00edresebben a szerecsendi\u00f3t \u00e9s a szerecsendi\u00f3-vir\u00e1got, amelyek az egyenl\u00edt\u0151i naps\u00fct\u00e9s \u00e9s a p\u00e1r\u00e1s passz\u00e1tszeles \u00e9ghajlat alatt vir\u00e1goznak. A telep\u00fcl\u00e9seken \u00e9s \u00fcltetv\u00e9nyeken kereszt\u00fcl a f\u0171szerek illata \u00e1tsz\u00f6vi a mindennapi \u00e9letet, m\u00edg a t\u00e1voli atlanti hull\u00e1mok rejtett fekete homokos \u00f6bl\u00f6ket kavarnak fel a sziget keleti oldal\u00e1n.<\/p>\n<p>Az \u00e9ghajlati ritmusok a sz\u00e1raz \u00e9s es\u0151s \u00e9vszakok kett\u0151ss\u00e9g\u00e9t k\u00f6vetik, a h\u0151m\u00e9rs\u00e9klet ritk\u00e1n s\u00fcllyed 22 \u00b0C al\u00e1, \u00e9s ritk\u00e1n emelkedik 32 \u00b0C f\u00f6l\u00e9. A tr\u00f3pusi ciklonok hat\u00e1sai, b\u00e1r itt ritk\u00e1bbak, mint \u00e9szakon, form\u00e1lt\u00e1k a kollekt\u00edv eml\u00e9kezetet: a Janet hurrik\u00e1n 1955-\u00f6s \u00e1tvonul\u00e1sa 185 km\/h sebess\u00e9g\u0171 szelet hozott, az Ivan pedig 2004 szeptember\u00e9ben puszt\u00edt\u00e1st v\u00e9gzett \u00e9s harminckilenc ember\u00e9letet k\u00f6vetelt. Nemr\u00e9giben, 2024. j\u00falius 1-j\u00e9n a Beryl hurrik\u00e1n 4-es kateg\u00f3ri\u00e1j\u00fa vihark\u00e9nt \u2013 az atlanti f\u0151 fejleszt\u00e9si r\u00e9gi\u00f3ban p\u00e9ld\u00e1tlan korai cs\u00facsk\u00e9nt \u2013 partra sz\u00e1llt, \u00e9s Carriacou-szerte \u00e9p\u00fcleteket rombolt le, mik\u00f6zben Grenada sz\u00e9l fel\u0151li partj\u00e1t ostorozta. Az ilyen epiz\u00f3dok kiemelik a szigetlak\u00f3k ellen\u00e1ll\u00f3 k\u00e9pess\u00e9g\u00e9t, ami a hagyom\u00e1nyokat tiszteletben tart\u00f3 \u00e9s a modern \u00e9p\u00edt\u00e9si szab\u00e1lyzatokat is mag\u00e1ban foglal\u00f3 rekonstrukci\u00f3ban is l\u00e1that\u00f3.<\/p>\n<p>Az \u00e9vsz\u00e1zados exportvez\u00e9relt gazdas\u00e1g sor\u00e1n \u00e1talakult agr\u00e1rm\u00falt ma a turizmusban \u00e9ri el cs\u00facspontj\u00e1t, amely a helyi meg\u00e9lhet\u00e9st a f\u0151v\u00e1ros art deco homlokzatait\u00f3l a p\u00e1lmaf\u00e1kkal szeg\u00e9lyezett Grand Anse Beach \u00edv\u00e9ig form\u00e1lja \u2013 egy 3 kilom\u00e9teres szakasz, amelyet vil\u00e1gszerte selymes homokj\u00e1r\u00f3l \u00e9s l\u00e1gy hull\u00e1mair\u00f3l emlegetnek. Az \u00f6koturizmus is lend\u00fcletet vesz: a mad\u00e1rmegfigyel\u0151k hajnalban \u00e1tsuhannak a Levera-tavon, a sznorkelez\u0151k a nyugati partvid\u00e9k korallkertjeit fedezik fel, a t\u00far\u00e1z\u00f3k pedig smaragdz\u00f6ld \u00fcregekben megb\u00fav\u00f3 v\u00edzes\u00e9sekhez t\u00far\u00e1znak. Az 1961-ben elveszett, 600 l\u00e1b hossz\u00fa Bianca C roncsa a b\u00fav\u00e1roknak l\u00e1gy korallokb\u00f3l \u00e1ll\u00f3 katedr\u00e1list k\u00edn\u00e1l, vasoszlopok f\u00f6l\u00f6tt megb\u00fav\u00f3 lag\u00fan\u00e1ban, mik\u00f6zben az \u00e1ramlatok papag\u00e1jhal- \u00e9s barrakudarajok mellett sodorj\u00e1k \u0151ket. Nem minden partszakasz k\u00f6nnyen megk\u00f6zel\u00edthet\u0151; az Atlanti-\u00f3ce\u00e1nra n\u00e9z\u0151 partok sz\u00f6rf\u00f6zhet\u0151 hull\u00e1mokt\u00f3l l\u00fcktetnek, a kitart\u00f3 b\u00fav\u00e1rok pedig a fekete homokos strandokon tal\u00e1lnak vigaszt, ahol a vulk\u00e1ni homok csillog a nap alatt.<\/p>\n<p>A turizmus els\u0151dlegess\u00e9ge ellen\u00e9re Grenada k\u00f6lts\u00e9gvet\u00e9se s\u00falyos ad\u00f3ss\u00e1gterhet visel, amely 2017-ben a korm\u00e1nyzati bev\u00e9telek nagyj\u00e1b\u00f3l negyed\u00e9t fedezte. A valuta- \u00e9s monet\u00e1ris politika egy szupranacion\u00e1lis int\u00e9zm\u00e9nyt\u0151l, a Kelet-karibi K\u00f6zponti Bankt\u00f3l sz\u00e1rmazik, amelynek kelet-karibi doll\u00e1regys\u00e9ge Grenad\u00e1t h\u00e9t t\u00e1rs\u00e1llamhoz k\u00f6ti. A gazdas\u00e1gi m\u00e9rc\u00e9k alatt azonban a kultur\u00e1lis vitalit\u00e1s t\u00f6retlen: az \u00e9ves esem\u00e9nyek visszhangoznak a piacokon \u00e9s a k\u00f6ztereken. Augusztusban kezd\u0151dik a Spice Mas, a jelmezes t\u00e1ncosok \u00e9s \u00fct\u0151hangszerek kaleidoszk\u00f3pszer\u0171 karnev\u00e1lja; Carriacouban a Maroon and String Band Zenei Fesztiv\u00e1llal k\u00f6sz\u00f6ntik a tavaszt; a hal\u00e1szok minden t\u00e9len a Spice Island Billfish Tournamenten versenyeznek a vitorl\u00e1shal-tr\u00f3fe\u00e1k\u00e9rt; \u00e1prilisban az Island Water World Sailing Week vitorl\u00e1kat ereszt \u00e1t St. George kik\u00f6t\u0151j\u00e9n; \u00e9s az egyhetes Work Boat Regatta a tapasztalt leg\u00e9nys\u00e9geket h\u00edvja \u00f6ssze a hagyom\u00e1nyos tenger\u00e9szet pr\u00f3b\u00e1j\u00e1ra.<\/p>\n<p>A v\u00e1ros gasztron\u00f3mi\u00e1ja a f\u00fazi\u00f3s konyha megtestes\u00edt\u0151je: az olaj le\u00f6ntve, a nemzeti p\u00f6rk\u00f6ltben, a hozz\u00e1val\u00f3k \u2013 keny\u00e9rgy\u00fcm\u00f6lcs, f\u0151z\u0151ban\u00e1n, jamszgy\u00f6k\u00e9r, gomb\u00f3cok \u2013 s\u00f3zott h\u00fasokkal p\u00e1rolva f\u0151nek, am\u00edg a k\u00f3kusztej olajj\u00e1 olvad, amely az ed\u00e9ny alj\u00e1n meg nem alvad. A konyhaudvarokon a f\u00fcst keveredik a m\u00e9terekr\u0151l termesztett fah\u00e9j \u00e9s gy\u00f6mb\u00e9r illat\u00e1val. A Dougladston Estate \u00e9s a Gouyave Nutmeg Factory a f\u0171szertermel\u00e9s \u00e9l\u0151 m\u00fazeumaik\u00e9nt szolg\u00e1lnak, m\u00edg a Belmont Estate a kaka\u00f3babb\u00f3l csokol\u00e1d\u00e9t k\u00e9sz\u00edt, \u00e9s megh\u00edvja a vend\u00e9geket, hogy nyomon k\u00f6vess\u00e9k a babt\u00f3l a szeletig tart\u00f3 folyamatokat, amelyek Grenada vir\u00e1gz\u00f3 \u00ednyenc h\u00edrnev\u00e9nek alapj\u00e1t k\u00e9pezik.<\/p>\n<p>A demogr\u00e1fiai \u00f6sszet\u00e9tel \u00e9vsz\u00e1zados felfordul\u00e1st t\u00fckr\u00f6z: mintegy nyolcvank\u00e9t sz\u00e1zal\u00e9kuk azt \u00e1ll\u00edtja, hogy afrikai sz\u00e1rmaz\u00e1s\u00faak, \u00e9s cukorn\u00e1d\u00fcltetv\u00e9nyeken dolgoztak rabszolgasorban; k\u00e9t sz\u00e1zal\u00e9kuk az 1800-as \u00e9vek v\u00e9g\u00e9n toborzott indiai szerz\u0151d\u00e9ses munk\u00e1sokt\u00f3l sz\u00e1rmazik; a francia \u00fcltetv\u00e9nyes vezet\u00e9knevek tov\u00e1bbra is fennmaradtak az egyh\u00e1zi anyak\u00f6nyvekben, mik\u00f6zben a kevered\u0151 lesz\u00e1rmaz\u00e1si vonalak \u2013 a lakoss\u00e1g tizenh\u00e1rom sz\u00e1zal\u00e9ka \u2013 egy kreoliz\u00e1l\u00f3d\u00f3 t\u00e1rsadalomr\u00f3l tan\u00faskodnak. Angol \u00e9s francia \u00e9p\u00edt\u00e9szeti maradv\u00e1nyok tark\u00edtj\u00e1k a vid\u00e9ket, m\u00edg a k\u00f6znyelv az angol mondattant patois kifejez\u00e9sekkel \u00f6tv\u00f6zi. A n\u00e9pmesei hagyom\u00e1nyok fennmaradtak: Anancy, a ravasz p\u00f3kmester, mes\u00e9ket sz\u0151 a kandall\u00f3 mellett; La Diablesse, a b\u00e1li ruh\u00e1ba \u00f6lt\u00f6z\u00f6tt k\u00eds\u00e9rteties menyasszony holdf\u00e9nyes utakon k\u00eds\u00e9rt; \u00e9s Loogaroo, az alakv\u00e1lt\u00f3 farkas, suttogott legend\u00e1kban \u00f3l\u00e1lkodik.<\/p>\n<p>A k\u00f6zleked\u00e9si infrastrukt\u00fara alkalmazkodott mind az ing\u00e1z\u00e1shoz, mind a kalandokhoz: a St. George&#039;s melletti Maurice Bishop Nemzetk\u00f6zi Rep\u00fcl\u0151t\u00e9r rep\u00fcl\u0151g\u00e9peket ind\u00edt \u00c9szak-Amerik\u00e1ba, Eur\u00f3p\u00e1ba \u00e9s a szomsz\u00e9dos szigetekre; a Carriacou-i Lauriston rep\u00fcl\u0151t\u00e9r region\u00e1lis l\u00e9git\u00e1rsas\u00e1gokat fogad. A buszok \u2013 mag\u00e1ntulajdonban l\u00e9v\u0151, nagy kapacit\u00e1s\u00fa j\u00e1rm\u0171vek, amelyeket z\u00f3nasz\u00e1mok jel\u00f6lnek \u2013 kilenc \u00fatvonalon k\u00f6zlekednek Grenad\u00e1n hajnalt\u00f3l alkonyatig, kalauzaik beszedik a viteld\u00edjat, \u00e9s a nem tervezett meg\u00e1ll\u00f3k eset\u00e9n kopogtat\u00f3 jelz\u00e9sekre reag\u00e1lnak. Carriacou fenntartja saj\u00e1t h\u00e1rom \u00fatvonalas rendszer\u00e9t, m\u00edg a taxis szolg\u00e1ltat\u00e1sok a hagyom\u00e1nyos taxit\u00f3l a Haylupig, egy alkalmaz\u00e1salap\u00fa platformig terjednek, amely hasonl\u00f3 a fuvarmegoszt\u00f3 szolg\u00e1ltat\u00e1sokhoz.<\/p>\n<p>A szabadid\u0151s tev\u00e9kenys\u00e9gek a hagyom\u00e1nyokat modern st\u00edlussal \u00f6tv\u00f6zik: a b\u00fav\u00e1rok a Grand Anse b\u00fav\u00e1rkod\u00f3kn\u00e1l gy\u0171lnek \u00f6ssze, miel\u0151tt gyors cs\u00f3nakokra sz\u00e1llnak, amelyek \u00fcveges \u00f6bl\u00f6k\u00f6n \u00e1tszelik a korallkertekkel teli z\u00e1tonyokat; a sz\u00f6rf\u00f6s\u00f6k a Prickly-\u00f6b\u00f6lben gurulnak a haj\u00f3kba, hogy sz\u00e9l hajtotta hull\u00e1mvasutakon lovagoljanak; a horg\u00e1szok kis cs\u00f3nakokban k\u00e9sz\u00fclnek fel az atlanti szell\u0151re, marlint \u00e9s vitorl\u00e1shalat h\u00fazva az \u00e9ves vitorl\u00e1shal-versenyre; a vitorl\u00e1z\u00f3k spinnakereket bontanak ki a regatt\u00e1kon, amelyek t\u00fckr\u00f6zik szigeti sz\u00e1rmaz\u00e1sukat; \u00e9s a hash-fut\u00f3k \u2013 egy nemzetk\u00f6zi sz\u00f6vets\u00e9g r\u00e9szek\u00e9nt \u2013 szombat d\u00e9lut\u00e1nonk\u00e9nt s\u00e1ros \u00f6sv\u00e9nyeken k\u00fczdik meg magukat, majd helyi rumcsapol\u00e1s mellett feleleven\u00edtik a bajt\u00e1rsiass\u00e1got. A krikett szinte szent helyet foglal el a St. George&#039;s-i Nemzeti Stadionban, ahol a nyugat-indiai tesztm\u00e9rk\u0151z\u00e9sek region\u00e1lis lelkesed\u00e9st keltenek, m\u00edg az atl\u00e9tika \u00e9s a futball a Kirani Jamesr\u0151l, Grenada olimpiai bajnok sprinter\u00e9r\u0151l elnevezett szomsz\u00e9dos p\u00e1ly\u00e1kon osztozik. A r\u00f6gbi hetesek 2022-re v\u00e1rhat\u00f3 \u00fajj\u00e1\u00e9led\u00e9se a sportturizmus diverzifik\u00e1l\u00e1s\u00e1ra ir\u00e1nyul\u00f3 t\u00f6rekv\u00e9st jelezte.<\/p>\n<p>Az esk\u00fcv\u0151i szertart\u00e1sok k\u00fclf\u00f6ldieket vonzanak a sziget anyak\u00f6nyvi kivonat\u00e1ba: a p\u00e1roknak \u00fatlev\u00e9lre, sz\u00fclet\u00e9si anyak\u00f6nyvi kivonatra \u00e9s az egyed\u00fcl\u00e1ll\u00f3 st\u00e1tusz igazol\u00e1s\u00e1ra van sz\u00fcks\u00e9g\u00fck, valamint legal\u00e1bb h\u00e1rom munkanapos tart\u00f3zkod\u00e1sra a p\u00e1lmaf\u00e1k alatti esk\u00fcv\u0151h\u00f6z. Grenada jogi keretrendszere, amely csak a heteroszexu\u00e1lis h\u00e1zass\u00e1got ismeri el, el\u0151\u00edrja, hogy minden kor\u00e1bbi k\u00f6tel\u00e9ket fel kell bontani az \u00e9rkez\u00e9s el\u0151tt. Az \u00edgy l\u00e9trej\u00f6tt ipar\u00e1g a tengerparti olt\u00e1rokon t\u00falra is kiterjed, \u00e9s mag\u00e1ban foglalja a szakembereket, akik minden r\u00e9szletet megterveznek, a vir\u00e1g\u00edvekt\u0151l az ac\u00e9lserpeny\u0151s szeren\u00e1dokig.<\/p>\n<p>December folyam\u00e1n a kar\u00e1csony berobban a k\u00f6z\u00e9letbe \u00e1larcosb\u00e1lokkal \u00e9s utcab\u00e1lokkal, amelyek Gouyave szerecsendi\u00f3-dokkjait\u00f3l Hillsborough carriacou-i rakpartj\u00e1ig ellepik a falvakat. A templomi harangok DJ-k \u00e1ltal j\u00e1tszott soca, calypso \u00e9s reggae mellett sz\u00f3lnak, m\u00edg a fiatalabb gener\u00e1ci\u00f3k rapverseket sz\u0151nek a helyi dialektusokba. Hagyom\u00e1nyos \u00e9telek \u2013 s\u00fclt keny\u00e9rgy\u00fcm\u00f6lccsel teli s\u00f3zott hal, bab\u00e9rlev\u00e9llel illatos p\u00e1rolt csirke \u2013 jelennek meg a k\u00f6z\u00f6ss\u00e9gi lakom\u00e1kon, \u00e9s \u00e9jf\u00e9li istentiszteletek k\u00f6sz\u00f6ntik a szent napot h\u00edv\u00e1s-v\u00e1lasz \u00e9nekekkel. Sok grenadi sz\u00e1m\u00e1ra az \u00fcnnep a pihen\u00e9s alkalm\u00e1v\u00e1 v\u00e1lik: a partvonal l\u00e1gy hull\u00e1mz\u00e1ssal h\u00edvogat, a homokporos csal\u00e1dok pedig egy szigetre k\u00f6sz\u00f6ntenek, ahol a rugalmass\u00e1g \u00e9s a melegs\u00e9g \u00f6r\u00f6k \u00f6lel\u00e9sben tal\u00e1lkozik.<\/p>\n<p>Egy mindentud\u00f3 megfigyel\u0151 fel\u00fcgyelete alatt Grenada a geol\u00f3giai felfordul\u00e1s \u00e9s az emberi er\u0151fesz\u00edt\u00e9sek palimpszesztjek\u00e9nt \u00e9rtelmezhet\u0151: vulk\u00e1ni kit\u00f6r\u00e9sek \u00e1ltal v\u00e9sett partvonalak, s\u0171r\u0171 erd\u0151kkel bor\u00edtott hegyoldalak, f\u0171szerekt\u0151l illatoz\u00f3 \u00fcltetv\u00e9nyek \u00e9s pasztellsz\u00edn\u0171 homlokzat\u00fa v\u00e1rosok, amelyek vitatott szuverenit\u00e1sokra eml\u00e9keztetnek. Itt a karib dac, a francia elegancia \u00e9s a brit korm\u00e1nyz\u00e1s \u00f6r\u00f6ks\u00e9ge egyes\u00fcl egy olyan szigett\u00e1rsadalomban, amely jelen\u00e9t nemcsak gazdas\u00e1gi mutat\u00f3kkal, hanem sz\u00f3beli t\u00f6rt\u00e9nelemmel, kulin\u00e1ris ritu\u00e1l\u00e9kkal \u00e9s azzal a tart\u00f3s hittel m\u00e9ri, hogy a hurrik\u00e1nszelek \u00e9s a gyarmati amb\u00edci\u00f3k olvaszt\u00f3t\u00e9gely\u00e9ben egyetlen identit\u00e1s krist\u00e1lyosodott ki \u2013 er\u0151teljes, illatos \u00e9s k\u00e9szen \u00e1ll arra, hogy minden hajnalt meg\u00fajult c\u00e9ltudatoss\u00e1ggal k\u00f6sz\u00f6nts\u00f6n.<\/p>","protected":false},"excerpt":{"rendered":"<p>Grenada, the southernmost island in the\u00a0Antilles archipelago, is ideally located between the\u00a0eastern Caribbean Sea\u00a0and the\u00a0western Atlantic Ocean. It is situated around 140 kilometers north of\u00a0Venezuela\u00a0and\u00a0Trinidad &#038; Tobago. This\u00a0island country, together with its neighboring islands, is the southern part of the\u00a0Grenadines. The sister islands comprise\u00a0Carriacou,\u00a0Petite Martinique,\u00a0Ronde Island,\u00a0Caille Island,\u00a0Diamond Island,\u00a0Large Island,\u00a0Saline Island, and\u00a0Frigate Island, while the northern islands are part of\u00a0St. Vincent and the Grenadines. The predominant portion of Grenada\u2019s populace inhabits the principal island, with notable towns such as the capital,\u00a0St. George\u2019s,\u00a0Grenville, and\u00a0Gouyave.\u00a0Hillsborough\u00a0is the most populous village on the sister island of Carriacou.<\/p>","protected":false},"author":1,"featured_media":3822,"parent":24084,"menu_order":0,"comment_status":"closed","ping_status":"closed","template":"elementor_theme","meta":{"_eb_attr":"","footnotes":""},"class_list":["post-9051","page","type-page","status-publish","has-post-thumbnail"],"_links":{"self":[{"href":"https:\/\/travelshelper.com\/hu\/wp-json\/wp\/v2\/pages\/9051","targetHints":{"allow":["GET"]}}],"collection":[{"href":"https:\/\/travelshelper.com\/hu\/wp-json\/wp\/v2\/pages"}],"about":[{"href":"https:\/\/travelshelper.com\/hu\/wp-json\/wp\/v2\/types\/page"}],"author":[{"embeddable":true,"href":"https:\/\/travelshelper.com\/hu\/wp-json\/wp\/v2\/users\/1"}],"replies":[{"embeddable":true,"href":"https:\/\/travelshelper.com\/hu\/wp-json\/wp\/v2\/comments?post=9051"}],"version-history":[{"count":0,"href":"https:\/\/travelshelper.com\/hu\/wp-json\/wp\/v2\/pages\/9051\/revisions"}],"up":[{"embeddable":true,"href":"https:\/\/travelshelper.com\/hu\/wp-json\/wp\/v2\/pages\/24084"}],"wp:featuredmedia":[{"embeddable":true,"href":"https:\/\/travelshelper.com\/hu\/wp-json\/wp\/v2\/media\/3822"}],"wp:attachment":[{"href":"https:\/\/travelshelper.com\/hu\/wp-json\/wp\/v2\/media?parent=9051"}],"curies":[{"name":"wp","href":"https:\/\/api.w.org\/{rel}","templated":true}]}}