{"id":9044,"date":"2024-09-07T10:13:08","date_gmt":"2024-09-07T10:13:08","guid":{"rendered":"https:\/\/travelshelper.com\/staging\/?page_id=9044"},"modified":"2026-03-13T16:27:47","modified_gmt":"2026-03-13T16:27:47","slug":"antigua-guatemala","status":"publish","type":"page","link":"https:\/\/travelshelper.com\/hu\/destinations\/north-america\/guatemala\/antigua\/","title":{"rendered":"Antigua Guatemala"},"content":{"rendered":"<p>Antigua Guatemala K\u00f6z\u00e9p-Guatemala hull\u00e1mz\u00f3 felf\u00f6ldjein fekszik, a 2007-es n\u00e9psz\u00e1ml\u00e1l\u00e1s adatai szerint mintegy 34 685 lakos\u00fa v\u00e1ros, amely Sacatep\u00e9quez megye sz\u00e9khelyek\u00e9nt szolg\u00e1l. A 18. sz\u00e1zadi f\u00e9nykor\u00e1ban nagyj\u00e1b\u00f3l 65 000 lakos\u00fa v\u00e1ros egy vulkanikus gerincek \u00e9s term\u00e9keny v\u00f6lgyek \u00e1ltal hat\u00e1rolt ter\u00fcleten fekszik, amelyek gyarmati f\u0151v\u00e1ross\u00e1 \u00e9s UNESCO Vil\u00e1g\u00f6r\u00f6ks\u00e9g r\u00e9sz\u00e9v\u00e9 v\u00e1l\u00e1s\u00e1t alak\u00edtott\u00e1k ki. Barokk homlokzatai \u00e9s ortogon\u00e1lis utcah\u00e1l\u00f3zata Antigu\u00e1t a guatemalai t\u00f6rt\u00e9nelmi eml\u00e9kezet sz\u00edv\u00e9be helyezi. F\u00e9l \u00e9vezred alatt a szeizmikus felfordul\u00e1sok \u00e9s az emberi ellen\u00e1ll\u00f3 k\u00e9pess\u00e9g olyan helyet form\u00e1ltak, amelynek csendes macskak\u00f6ves art\u00e9ri\u00e1i birodalmi nagys\u00e1got \u00e9s kort\u00e1rs dinamizmust suttognak.<\/p>\n<p>Antigu\u00e1t 1543-ban alap\u00edtott\u00e1k Guatemala f\u0151kapit\u00e1nys\u00e1g\u00e1nak f\u0151v\u00e1rosak\u00e9nt, \u00e9s gyorsan region\u00e1lis vezet\u0151 szerepre tett szert. A v\u00e1ros panor\u00e1m\u00e1s kil\u00e1t\u00e1sa \u2013 amelyet az Agua vulk\u00e1n \u00e9s ikertestv\u00e9rei kereteztek \u2013 arra \u00f6szt\u00f6n\u00f6zte a v\u00e1rostervez\u0151ket, hogy egy udvari r\u00e1csot tervezzenek, amelyet grandi\u00f3zus egyh\u00e1zi komplexumok koron\u00e1ztak meg. Az ezt k\u00f6vet\u0151 \u00e9vsz\u00e1zadokban az \u00e9p\u00edt\u00e9szek \u00e9s k\u00e9zm\u0171vesek szigor\u00fa barokk st\u00edlusjegyekkel ruh\u00e1zt\u00e1k fel a k\u00f6z\u00e9p\u00fcleteket: pilaszterekkel, \u00edvelt oromzatokkal \u00e9s d\u00edszesen faragott port\u00e1lokkal. A 18. sz\u00e1zad k\u00f6zep\u00e9re Antigua terei \u00e9s port\u00e1ljai a nagyv\u00e1rosi kifinomults\u00e1got p\u00e9ld\u00e1zt\u00e1k \u00daj-Spanyolorsz\u00e1g d\u00e9li r\u00e9sz\u00e9n, ezt a h\u00edrnevet pedig az pecs\u00e9telte meg, amikor az UNESCO 1979-ben felvette a v\u00e1rost a vil\u00e1g\u00f6r\u00f6ks\u00e9gi list\u00e1ra.<\/p>\n<p>Az 1773. j\u00falius 29-i f\u00f6ldreng\u00e9s megrepedtette a v\u00e1ros alapjait, \u00e9s sz\u00e9tsz\u00f3rta a lakoss\u00e1got a vid\u00e9ken. A reng\u00e9s ut\u00e1n a lakosok t\u00f6bbs\u00e9ge Guatemalav\u00e1ros biztons\u00e1g\u00e1ba menek\u00fclt, Antigu\u00e1t romokban hagyva. \u00c9vtizedekig templomok, korm\u00e1nyhivatalok \u00e9s kolostorok \u00e1lltak \u00fcreges monolitokk\u00e9nt \u2013 mind az \u00f6kol\u00f3giai s\u00e9r\u00fcl\u00e9kenys\u00e9g, mind az emberi kitart\u00e1s bizony\u00edt\u00e9kaik\u00e9nt. Csak 1944-ben kezd\u0151d\u00f6tt meg a komoly \u00e1llagmeg\u00f3v\u00e1s, amikor Jorge Ubico eln\u00f6k nemzeti eml\u00e9km\u0171v\u00e9 nyilv\u00e1n\u00edtotta a maradv\u00e1nyokat. A k\u00e9zm\u0171vesek visszat\u00e9rtek az omladoz\u00f3 port\u00e1lokhoz, \u00faj habarcsot oltottak az id\u0151tlen k\u00f6vekre, \u00e9s megkezd\u0151dtek a r\u00e9szleges \u00fajj\u00e1\u00e9p\u00edt\u00e9s els\u0151 er\u0151fesz\u00edt\u00e9sei, hogy \u00e9letet csalogassanak az elhagyatott kapualjakba.<\/p>\n<p>A Central Park \u2013 Parque Central \u2013 tov\u00e1bbra is a v\u00e1rosi \u00e9let l\u00fcktet\u0151 sz\u00edve, koncentrikus, k\u00f6r alak\u00fa s\u00e9t\u00e1nyai egy fel\u00faj\u00edtott 17. sz\u00e1zadi sz\u00f6k\u0151k\u00fatb\u00f3l indulnak ki. Itt a helyiek d\u00e9lben \u00e9s alkonyatkor, amikor a leveg\u0151 leh\u0171l, \u00e9s a t\u00e9r l\u00e1mp\u00e1k f\u00e9ny\u00e9ben csillog, f\u00fcz\u00e9rf\u00e1k alatt gy\u0171lnek \u00f6ssze. \u00c9szaki oldal\u00e1n \u00e1ll a Santa Catalina-diadal\u00edv, amelyet eredetileg a 17. sz\u00e1zadban a z\u00e1rd\u00e1ban \u00e9l\u0151 ap\u00e1c\u00e1k fedett \u00e1tj\u00e1r\u00f3jak\u00e9nt terveztek. Karcs\u00fa \u00f3ratornya, amelyet az 1830-as \u00e9vekben oltottak hozz\u00e1, ma a r\u00e9gi\u00f3 egyik legikonikusabb f\u00e9nyk\u00e9p\u00e9szeti k\u00e9p\u00e9t keretezi: az \u00edv halv\u00e1ny form\u00e1ja a Volc\u00e1n de Agua impoz\u00e1ns sziluettj\u00e9vel szemben.<\/p>\n<p>Antigua minden nagyb\u00f6jti id\u0151szakban \u00e1h\u00edtatos egyedis\u00e9gre tesz szert. Hamvaz\u00f3szerd\u00e1t\u00f3l kezdve a h\u00edvek \u00e9s a l\u00e1togat\u00f3 zar\u00e1ndokok ezernyi l\u00e9p\u00e9s \u00e1ltal sim\u00edtott k\u00f6rmeneti \u00fatvonalakon vonulnak. L\u00e1buk alatt m\u00faland\u00f3 sz\u0151nyegek \u2013 festett f\u0171r\u00e9szporb\u00f3l, vir\u00e1gszirmokb\u00f3l, feny\u0151t\u0171kb\u0151l \u00e9s id\u0151nk\u00e9nt \u00e9r\u0151 gy\u00fcm\u00f6lcs\u00f6kb\u0151l sz\u0151ve \u2013 v\u00e1ltoztatj\u00e1k a macskak\u00f6veket \u00e9l\u00e9nk sz\u00edn\u0171 k\u00e1rpitokk\u00e1. H\u00e9tr\u0151l h\u00e9tre egyh\u00e1zi t\u00e1rsas\u00e1gok t\u00e1mogatj\u00e1k ezeket a m\u00faland\u00f3 m\u0171alkot\u00e1sokat, amelyek a nagyh\u00e9t \u00fcnnep\u00e9lyess\u00e9g\u00e9ben, Vir\u00e1gvas\u00e1rnapon \u00e9s Nagyp\u00e9nteken cs\u00facsosodnak ki. Ezekben a pillanatokban a v\u00e1ros hit\u00e9nek \u00e9s t\u00f6rt\u00e9nelm\u00e9nek r\u00e9tegei \u00f6sszeolvadnak, mik\u00f6zben a f\u00fcst\u00f6l\u0151 f\u00fcst\u00f6l\u0151 sz\u00e1ll a romos kereng\u0151k \u00e9s barokk kapuk k\u00f6r\u00fcl.<\/p>\n<p>A turizmus a v\u00e1ros f\u0151 gazdas\u00e1gi motorj\u00e1v\u00e1 fejl\u0151d\u00f6tt. Antigua ma a k\u00f6z\u00e9p-amerikai es\u0151erd\u0151k, felf\u00f6ldi falvak \u00e9s a karibi partok fel\u00e9 tart\u00f3 felfedez\u0151k k\u00f6zpontjak\u00e9nt m\u0171k\u00f6dik. A csendes-\u00f3ce\u00e1ni \u00e9s atlanti kik\u00f6t\u0151kb\u0151l indul\u00f3 \u00f3ce\u00e1nj\u00e1r\u00f3 haj\u00f3kir\u00e1ndul\u00e1sok gyakran tartalmazz\u00e1k Antigu\u00e1t az \u00fatvonalukon, naponta ezreket cs\u00e1b\u00edtva arra, hogy az utc\u00e1in barangoljanak. Az \u00e9szak-amerikai \u00e9s eur\u00f3pai k\u00fclf\u00f6ldiek vir\u00e1gz\u00f3 nyugd\u00edjas k\u00f6z\u00f6ss\u00e9ge nemzetk\u00f6zi patin\u00e1t k\u00f6lcs\u00f6n\u00f6z a helyi k\u00e1v\u00e9z\u00f3knak \u00e9s k\u00e9zm\u0171ves piacoknak, folyamatos keresletet teremtve a v\u00e1rosban a szolg\u00e1ltat\u00e1sok \u00e9s a szolg\u00e1ltat\u00e1sok ir\u00e1nt.<\/p>\n<p>Antigua lakoss\u00e1g\u00e1t egykor a mez\u0151gazdas\u00e1g legal\u00e1bb annyira biztos\u00edtotta, mint a kereskedelem. A k\u00f6rnyez\u0151 s\u00edks\u00e1gok b\u0151s\u00e9ges term\u00e9st hoztak \u2013 a kukorica, a bab \u00e9s a gy\u00fcm\u00f6lcsf\u00e1k a rendk\u00edv\u00fcl term\u00e9keny vulkanikus talajon vir\u00e1goztak. A k\u00e1v\u00e9termeszt\u00e9s k\u00e9s\u0151bb jelent meg haszonn\u00f6v\u00e9nyk\u00e9nt, a r\u00e9gi\u00f3 k\u00e1v\u00e9babj\u00e1t az Anacaf\u00e9 nemzeti sz\u00f6vetkezet nagyra \u00e9rt\u00e9kelte. Az elm\u00falt \u00e9vtizedekben a kis \u00fcltetv\u00e9nyek \u00e9s sz\u00f6vetkezetek csod\u00e1lj\u00e1k a borosty\u00e1nsz\u00edn\u0171 k\u00e1v\u00e9t keres\u0151 l\u00e1togat\u00f3kat, akik betekint\u00e9st nyerhettek a k\u00e1v\u00e9babb\u00f3l a cs\u00e9sz\u00e9be hagyom\u00e1nyokba.<\/p>\n<p>A nyelvi elm\u00e9ly\u00fcl\u00e9st ny\u00fajt\u00f3 programok a v\u00e1ros legjellegzetesebb k\u00edn\u00e1latai k\u00f6z\u00e9 tartoznak. A spanyol nyelvet tanul\u00f3 int\u00e9zetek a gazdas\u00e1g m\u00e1sodlagos textilipari \u00e1gazat\u00e1v\u00e1 n\u0151tt\u00e9k ki magukat, Eur\u00f3p\u00e1b\u00f3l, \u00c1zsi\u00e1b\u00f3l \u00e9s \u00c9szak-Amerik\u00e1b\u00f3l \u00e9rkez\u0151 di\u00e1kokat fogadva. A tantermek csemp\u00e9zett udvarokra \u00e9s vir\u00e1gz\u00f3 bougainville\u00e1kra n\u00e9znek, ahol oktat\u00f3k nyelvtani gyakorlatokat \u00e9s t\u00e1rsalg\u00e1si gyakorlatokat vezetnek a helyi piacok ny\u00fczsg\u00e9se k\u00f6zepette. Sokak sz\u00e1m\u00e1ra Antigua nemcsak a guatemalai spanyol nyelv megismer\u00e9s\u00e9hez, hanem az \u0151slakos kult\u00fara, a gyarmati \u00f6r\u00f6ks\u00e9g \u00e9s a modern K\u00f6z\u00e9p-Amerik\u00e1t alkot\u00f3 r\u00e9tegzett identit\u00e1sok meg\u00e9rt\u00e9s\u00e9hez is bel\u00e9p\u00e9si pontk\u00e9nt szolg\u00e1l.<\/p>\n<p>A kulin\u00e1ris k\u00edn\u00e1lat az ismer\u0151st\u0151l az egzotikusig terjed. A k\u00f6zponti buszp\u00e1lyaudvar melletti v\u00e1rosi piacon az \u00e1rusok chap\u00edn reggeliket szolg\u00e1lnak fel, amelyek babot, t\u00fck\u00f6rtoj\u00e1st, f\u0151z\u0151ban\u00e1nt \u00e9s friss sajtot tartalmaznak, mindezt k\u00e9zzel k\u00e9sz\u00edtett tortill\u00e1kkal k\u00eds\u00e9rve. A sz\u00edven t\u00fal az \u00e9ttermek mediterr\u00e1n st\u00edlus\u00fa tapasokat, v\u00e9kony t\u00e9szt\u00e1j\u00fa pizz\u00e1kat, ramen t\u00e1lakat, hamburgereket \u00e9s brit st\u00edlus\u00fa pit\u00e9ket k\u00edn\u00e1lnak. A cukr\u00e1szok \u00e9claireket \u00e9s croissant-okat k\u00e9sz\u00edtenek, amelyek m\u00e1zai a vitrinvil\u00e1g\u00edt\u00e1s alatt csillognak. Ezeken a k\u00edn\u00e1latokon kereszt\u00fcl Antigua gasztron\u00f3miai sz\u00edntere a helyi hagyom\u00e1nyok \u00e9s a glob\u00e1lis hat\u00e1sok egym\u00e1s melletti \u00e1br\u00e1zol\u00e1s\u00e1t t\u00fckr\u00f6zi, minden t\u00e1ny\u00e9r a v\u00e1ros fejl\u0151d\u0151 karakter\u00e9nek mikrokozmosza.<\/p>\n<p>A v\u00e1ros utcah\u00e1l\u00f3zata a Parque Centralt\u00f3l, mint kiindul\u00f3pontt\u00f3l indul, egy ir\u00e1nyt\u0171vel igaz\u00edtott sug\u00e1rutakb\u00f3l \u00e9s s\u00e9t\u00e1nyokb\u00f3l \u00e1ll\u00f3 r\u00e1csozat. Az egyt\u0151l nyolcig sz\u00e1mozott sug\u00e1rutak \u00e9szak-d\u00e9li ir\u00e1nyban futnak, amelyeket az 5\u00aa Calle-hez viszony\u00edtott sz\u00e9less\u00e9gi fokuk norte vagy sur jel\u00f6l. Keresztir\u00e1nyban az egyt\u0151l kilencig sz\u00e1mozott utc\u00e1k kelet-nyugati ir\u00e1nyban haladnak, amelyeket a 4\u00aa Avenida-hoz viszony\u00edtott hossz\u00fas\u00e1gi fokuk oriente vagy poniente jel\u00f6l. A legt\u00f6bb sarkon nincsenek t\u00e1bl\u00e1k, amelyek arra \u00f6szt\u00f6nzik az \u00fajonnan \u00e9rkez\u0151ket, hogy konzult\u00e1ljanak a helyi tan\u00e1csokkal, vagy kock\u00e1ztass\u00e1k meg a c\u00e9ltalan barangol\u00e1st a macskak\u00f6veken, amelyek egyenetlen fel\u00fcletei \u00e9vsz\u00e1zados gyalogosforgalmat t\u00fckr\u00f6znek.<\/p>\n<p>Antigua gyarmati kori romjai a legvonz\u00f3bb l\u00e1tnival\u00f3k k\u00f6z\u00e9 tartoznak. A kolostorok \u00e9s polg\u00e1ri \u00e9p\u00fcletek csontv\u00e1zmaradv\u00e1nyai az isteni v\u00e1gyakoz\u00e1s \u00e9s a szeizmikus puszt\u00edt\u00e1s t\u00f6rt\u00e9neteit id\u00e9zik. Az 1773-as f\u00f6ldreng\u00e9s ut\u00e1n az \u00e9p\u00edtm\u00e9nyek elhagyatva \u00e1lltak, am\u00edg a 20. sz\u00e1zad k\u00f6zepi konzerv\u00e1ci\u00f3s er\u0151fesz\u00edt\u00e9sek ism\u00e9t hozz\u00e1f\u00e9rhet\u0151v\u00e9 nem tett\u00e9k \u0151ket. A terekbe bel\u00e9p\u0151 l\u00e1togat\u00f3k r\u00e9teges k\u0151m\u0171ves palimpszesztekkel szembes\u00fclnek \u2013 f\u00e9lig lez\u00e1rt ajt\u00f3k, bolt\u00edves, de al\u00e1t\u00e1masztatlan boltozatok \u00e9s homlokzatok, amelyeken a f\u00f6ldreng\u00e9s hev\u00e9t t\u00fal\u00e9l\u0151 faragott k\u0151 nyomai l\u00e1that\u00f3k.<\/p>\n<p>A San Jos\u00e9-sz\u00e9kesegyh\u00e1z, amelynek homlokzata 1680-b\u00f3l sz\u00e1rmazik, K\u00f6z\u00e9p-Amerika egyik legimpoz\u00e1nsabb barokk kapujak\u00e9nt m\u00e1ig fennmaradt. Haj\u00f3j\u00e1nak nagy r\u00e9sze f\u00f6ldreng\u00e9s \u00e1ldozata lett, a d\u00edszes homlokzat azonban nagyr\u00e9szt \u00e9p maradt. A tizenkilencedik sz\u00e1zadi rekonstrukci\u00f3 lehet\u0151v\u00e9 tette az \u00e9p\u00fclet sz\u00e1m\u00e1ra, hogy \u00fajra bet\u00f6ltse egyh\u00e1zi funkci\u00f3it, m\u00edg romjai a 18. sz\u00e1zadi k\u00e9zm\u0171vesek szak\u00e9rtelm\u00e9r\u0151l \u00e9s hit\u00e9r\u0151l tan\u00faskodnak. A k\u00f6zelben tal\u00e1lhat\u00f3 Colegio de San Jer\u00f3nimo meghitt l\u00e9pt\u00e9k\u0171 kontrasztot k\u00edn\u00e1l \u2013 egy r\u00f6vid \u00e9let\u0171 iskola, amelyet 1757-ben fejeztek be, \u00e9s amely a mercedariai szerzeteseknek adott otthont, miel\u0151tt v\u00e1mh\u00e1zz\u00e1 alak\u00edtott\u00e1k volna. A kecses sz\u00f6k\u0151k\u00fat k\u00f6r\u00fcl \u00e1ll\u00f3, z\u00e1rt kertek ma t\u00e1ncesteknek \u00e9s kultur\u00e1lis fesztiv\u00e1loknak adnak otthont, \u00e9s a t\u00e1voli vulk\u00e1n l\u00e1tv\u00e1ny\u00e1t keretezik.<\/p>\n<p>Keleten a Kapucinusok kolostora \u0151rzi a zaragozai ap\u00e1c\u00e1k egykori csendes cell\u00e1it. A t\u00f6red\u00e9kes falak bels\u0151 kertekbe vezetnek, ahol bougainville\u00e1k \u00e9s citrusf\u00e1k vir\u00e1goznak geometrikus \u00e1gy\u00e1sokban. Egy tet\u0151teraszon felkapaszkodva a l\u00e1togat\u00f3k csemp\u00e9zett h\u00e1ztet\u0151k \u00e9s a k\u00f6rnyez\u0151 hegyvid\u00e9k panor\u00e1m\u00e1j\u00e1ban gy\u00f6ny\u00f6rk\u00f6dhetnek. Egy r\u00f6vid s\u00e9ta eljut a Santa Clara kolostorhoz, amelynek h\u00e1trafel\u00e9 n\u00e9z\u0151, stukk\u00f3kkal gazdagon d\u00edsz\u00edtett homlokzata a ferences n\u0151v\u00e9rek kifinomult \u00edzl\u00e9s\u00e9t t\u00fckr\u00f6zi. \u00cdvei alatt egy udvari kert gy\u0171jti a f\u00e9nyt a d\u00e9lut\u00e1ni medit\u00e1ci\u00f3hoz \u00e9s a csendes szeml\u00e9l\u0151d\u00e9shez.<\/p>\n<p>A legl\u00e1togatottabb egyh\u00e1zi romok k\u00f6z\u00e9 tartozik a San Francisco el Grande. T\u00f6bbkupol\u00e1s \u00e9p\u00fclete Hermano Pedro de San Jos\u00e9 Betancurt, Guatemala els\u0151 szentt\u00e9 avatott szentj\u00e9nek f\u00f6ldi maradv\u00e1nyait rejti. A f\u00f6ldreng\u00e9s ut\u00e1n r\u00e9szben \u00fajj\u00e1\u00e9p\u00edtett templom ma is akt\u00edv, \u00e9s egy szer\u00e9ny m\u00fazeumnak ad otthont, amely a szent szeg\u00e9nyek szolg\u00e1lat\u00e1ban \u00e1ll\u00f3 \u00e9let\u00e9nek szenteli mag\u00e1t. N\u00e9h\u00e1ny h\u00e1zt\u00f6mbnyire nyugatra, a La Recolecci\u00f3n hatalmas komplexuma a buszp\u00e1lyaudvar fel\u00e9 h\u00faz\u00f3dik. Egykor a gy\u00fclekezet tagjainak kolostora volt, amely 1717-ben \u00e9s 1753-ban f\u00f6ldreng\u00e9seket is \u00e1t\u00e9lt, miel\u0151tt az 1773-as Santa Marta-i f\u00f6ldreng\u00e9s barlangszer\u0171 h\u00e9jj\u00e1 reduk\u00e1lta. Kertjeit csend j\u00e1rja \u00e1t, lehet\u0151v\u00e9 t\u00e9ve a l\u00e1togat\u00f3k sz\u00e1m\u00e1ra, hogy elm\u00e9lked\u0151 mag\u00e1nyban j\u00e1rj\u00e1k be a kolostor s\u00e9t\u00e1nyait.<\/p>\n<p>A Nagyh\u00e9t Hagyom\u00e1nyainak M\u00fazeuma a Sor Juana de Maldonado egykori kolostor\u00e1ban tal\u00e1lhat\u00f3, ahol statikus panelek \u00e9s videoinstall\u00e1ci\u00f3k mes\u00e9lik el Antigua nagyb\u00f6jti k\u00f6rmeneteit. A 4\u00aa Calle Oriente c\u00edmen tal\u00e1lhat\u00f3 a Banco Ipari Numizmatikai M\u00fazeum, amely az orsz\u00e1g p\u00e9nz\u00fcgyi t\u00f6rt\u00e9net\u00e9t mutatja be, kompakt gal\u00e9ri\u00e1iban gyarmati \u00e9rm\u00e9ket \u00e9s modern p\u00e9ld\u00e1nyokat mutatnak be. A k\u00f6zelben tal\u00e1lhat\u00f3 ChocoMuseo csokol\u00e1d\u00e9t temper\u00e1l, \u00e9s megismerheti a kaka\u00f3 termeszt\u00e9s\u00e9t \u2013 a babt\u00f3l a r\u00fadig \u2013, a Casa del Tejido Antiguo M\u00fazeum pedig a maja sz\u00f6v\u00e9si technik\u00e1kat mutatja be \u00e9vsz\u00e1zadokon \u00e1t, a sz\u00f6v\u0151sz\u00e9kn\u00e9l dolgoz\u00f3 k\u00e9zm\u0171vesek pedig text\u00edli\u00e1kat k\u00edn\u00e1lnak megv\u00e1s\u00e1rl\u00e1sra. A t\u00e9rt\u0151l d\u00e9lre tal\u00e1lhat\u00f3 a Museo Santiago de los Caballeros, amely az egykori Palacio de los Capitanes Generales \u00e9p\u00fclet\u00e9ben tal\u00e1lhat\u00f3, \u00e9s a gyarmati erekly\u00e9k mellett spanyol el\u0151tti id\u0151kb\u0151l sz\u00e1rmaz\u00f3 t\u00e1rgyakat is ki\u00e1ll\u00edt.<\/p>\n<p>A t\u00f6rt\u00e9nelem e sokr\u00e9t\u0171 r\u00e9tegei a Parque Centralban tal\u00e1lkoznak, ahol a gyarmati bolt\u00edvek tal\u00e1lkoznak a kort\u00e1rs padokkal, \u00e9s az utcai \u00e1rusok k\u00e9peslapokat \u00e1rulnak jacaranda baldachinok alatt. Antigua k\u0151art\u00e9ri\u00e1i bonyolult id\u0151beli r\u00e9tegz\u0151d\u00e9st hordoznak, egyes\u00edtve az azt\u00e9k ihlet\u00e9s\u0171 mint\u00e1kat, a spanyol barokk vir\u00e1gz\u00e1st \u00e9s a modern, turizmus \u00e1ltal vez\u00e9relt kereskedelmet. A v\u00e1ros t\u00f6rt\u00e9nete nem egyetlen korszakban, hanem korszakokon \u00e1t\u00edvel\u0151en bontakozik ki \u2013 maradv\u00e1nyai \u00e9s rekonstrukci\u00f3i egy olyan \u00e9l\u0151 jelenben l\u00e9teznek egy\u00fctt, amely nosztalgia n\u00e9lk\u00fcl tiszteleg a m\u00falt el\u0151tt.<\/p>\n<p>Antigua Guatemala minden repedt szem\u00f6ld\u00f6kf\u00e1n \u00e9s minden naplement\u00e9ben megvil\u00e1g\u00edtott utc\u00e1ban a folyamatos p\u00e1rbesz\u00e9d v\u00e1rosak\u00e9nt t\u00e1rul fel: a k\u00f6rnyezet \u00e9s az \u00e9p\u00edt\u00e9szet, az eml\u00e9kezet \u00e9s a meg\u00fajul\u00e1s, valamint a zar\u00e1ndoklat \u00e9s a mindennapi \u00e9let k\u00f6z\u00f6tt. Barokk homlokzatai \u00e9s moh\u00e1val bor\u00edtott romjai a becsv\u00e1gy, a hit, az \u00f6sszeoml\u00e1s \u00e9s az \u00fajj\u00e1sz\u00fclet\u00e9s kr\u00f3nik\u00e1j\u00e1t mes\u00e9lik el. Az utaz\u00f3 sz\u00e1m\u00e1ra, aki figyelmes l\u00e9ptekkel tapossa a macskak\u00f6veket, a v\u00e1ros t\u00f6bbet k\u00edn\u00e1l, mint f\u00e9nyk\u00e9peket \u00e9s k\u00e9peslapokat; \u00e1rnyalt t\u00f6rt\u00e9neteket \u00e1raszt, amelyek minden bolt\u00edvbe \u00e9s udvarba belesz\u0151ve v\u00e1rj\u00e1k a felfedez\u00e9s\u00fcket azok sz\u00e1m\u00e1ra, akik hajland\u00f3ak meghallgatni \u0151ket.<\/p>","protected":false},"excerpt":{"rendered":"<p>Antigua Guatemala, melyet n\u00e9ha Antigua vagy La Antigua n\u00e9ven is emlegetnek, Guatemala k\u00f6z\u00e9ps\u0151 felf\u00f6ldj\u00e9n fekv\u0151 v\u00e1ros. Ez a b\u00e1jos v\u00e1ros, melyet macskak\u00f6ves utc\u00e1i \u00e9s sz\u00ednes gyarmati \u00e9p\u00edt\u00e9szete jellemez, 1543 \u00e9s 1773 k\u00f6z\u00f6tt Guatemala f\u0151kapit\u00e1nys\u00e1g\u00e1nak f\u0151v\u00e1rosa volt. A v\u00e1ros kiterjedt t\u00f6rt\u00e9nelme \u00e9s barokk ihlet\u00e9s\u0171 \u00e9p\u00edt\u00e9szete 1979-ben az UNESCO Vil\u00e1g\u00f6r\u00f6ks\u00e9g r\u00e9sz\u00e9v\u00e9 tette.<\/p>","protected":false},"author":1,"featured_media":4137,"parent":9021,"menu_order":0,"comment_status":"closed","ping_status":"closed","template":"elementor_theme","meta":{"_eb_attr":"","footnotes":""},"class_list":["post-9044","page","type-page","status-publish","has-post-thumbnail"],"_links":{"self":[{"href":"https:\/\/travelshelper.com\/hu\/wp-json\/wp\/v2\/pages\/9044","targetHints":{"allow":["GET"]}}],"collection":[{"href":"https:\/\/travelshelper.com\/hu\/wp-json\/wp\/v2\/pages"}],"about":[{"href":"https:\/\/travelshelper.com\/hu\/wp-json\/wp\/v2\/types\/page"}],"author":[{"embeddable":true,"href":"https:\/\/travelshelper.com\/hu\/wp-json\/wp\/v2\/users\/1"}],"replies":[{"embeddable":true,"href":"https:\/\/travelshelper.com\/hu\/wp-json\/wp\/v2\/comments?post=9044"}],"version-history":[{"count":0,"href":"https:\/\/travelshelper.com\/hu\/wp-json\/wp\/v2\/pages\/9044\/revisions"}],"up":[{"embeddable":true,"href":"https:\/\/travelshelper.com\/hu\/wp-json\/wp\/v2\/pages\/9021"}],"wp:featuredmedia":[{"embeddable":true,"href":"https:\/\/travelshelper.com\/hu\/wp-json\/wp\/v2\/media\/4137"}],"wp:attachment":[{"href":"https:\/\/travelshelper.com\/hu\/wp-json\/wp\/v2\/media?parent=9044"}],"curies":[{"name":"wp","href":"https:\/\/api.w.org\/{rel}","templated":true}]}}