{"id":9038,"date":"2024-09-06T23:20:14","date_gmt":"2024-09-06T23:20:14","guid":{"rendered":"https:\/\/travelshelper.com\/staging\/?page_id=9038"},"modified":"2026-03-13T16:26:37","modified_gmt":"2026-03-13T16:26:37","slug":"guatemalavaros","status":"publish","type":"page","link":"https:\/\/travelshelper.com\/hu\/destinations\/north-america\/guatemala\/guatemala-city\/","title":{"rendered":"Guatemalav\u00e1ros"},"content":{"rendered":"<p>Guatemalav\u00e1ros a Hermitage-v\u00f6lgyben fekszik, h\u00e1rommilli\u00f3 lakosa D\u00e9l-K\u00f6z\u00e9p-Guatemala hegyei \u00e1ltal v\u00e1jt kiterjed\u00e9sben ter\u00fcl el; K\u00f6z\u00e9p-Amerika legnagyobb v\u00e1rosi agglomer\u00e1ci\u00f3jak\u00e9nt tartj\u00e1k sz\u00e1mon. 1776-ban alap\u00edtott\u00e1k a Sierra Madre l\u00e1b\u00e1n\u00e1l, gyarmati el\u0151dje, Antigua leroml\u00e1sa ut\u00e1n, \u00e9s n\u00e9ma tan\u00faja a maja nagys\u00e1gnak a modern meg\u00fajul\u00e1sig. Az orsz\u00e1g politikai magja, gazdas\u00e1gi motorja \u00e9s kultur\u00e1lis k\u00f6zpontja \u2013 egy olyan egys\u00e9g, amely az \u0151si visszhangokt\u00f3l \u00e9s a nagyv\u00e1rosi amb\u00edci\u00f3kt\u00f3l l\u00fcktet. A felf\u00f6ldi leveg\u0151 \u00e9s a v\u00e1ratlan melegs\u00e9g helye. A rugalmass\u00e1g \u00e1ltal meghat\u00e1rozott f\u0151v\u00e1ros.<\/p>\n<p>J\u00f3val a spanyol behatol\u00e1sok el\u0151tt a felf\u00f6ldi medenc\u00e9ben lakott Kaminaljuyu, egy maja telep\u00fcl\u00e9s, amelyet Kr. e. 1500-t\u00f3l Kr. u. 1200 k\u00f6r\u00fclig n\u00e9pes\u00edtettek be. F\u00f6ldmunk\u00e1k, halmok \u00e9s \u00fcnnepi terek emelkedtek itt egykor a ceiba \u00e9s a ceiba \u00e1rny\u00e9ka alatt; kereskedelmi \u00fatvonalak h\u00e1l\u00f3zt\u00e1k be a fenns\u00edkot, \u00e9s egzotikus kagyl\u00f3kat \u00e9s j\u00e1d\u00e9t juttattak a felf\u00f6ld sz\u00edv\u00e9be. K\u0151platformjaival \u00e9s v\u00edzm\u0171veivel Kaminaljuyu a felf\u00f6ldi maja \u00e9let k\u00f6zpontj\u00e1v\u00e1 v\u00e1lt \u2013 bizony\u00edt\u00e9kk\u00e9nt az \u00f6sszetett korm\u00e1nyz\u00e1sra, a ritu\u00e1lis pontoss\u00e1gra \u00e9s a t\u00e1voli birodalmakkal \u00f6sszefon\u00f3d\u00f3 gazdas\u00e1gra. Ma, a 7. \u00e9s 11. z\u00f3na aszfaltja \u00e9s neonf\u00e9nyei alatt, r\u00e9g\u00e9szeti \u00e1sat\u00e1sok t\u00e1rt\u00e1k fel ennek az elt\u0171nt v\u00e1rosnak a t\u00f6red\u00e9keit, arra \u00f6szt\u00f6n\u00f6zve a l\u00e1togat\u00f3t, hogy elm\u00e9lkedjen az aszfalt \u00e9s a modern kereskedelem alatt eltemetett emberi er\u0151fesz\u00edt\u00e9sek r\u00e9tegein.<\/p>\n<p>A jelenlegi Guatemalav\u00e1ros spanyolorsz\u00e1gi megalap\u00edt\u00e1sa egy katasztr\u00f3fa nyom\u00e1n bontakozott ki. 1773 j\u00falius\u00e1ban a Santa Marta-i f\u00f6ldreng\u00e9s \u00e9s annak f\u00f6ldreng\u00e9sei lerombolt\u00e1k az akkor Antigua Guatemal\u00e1ban sz\u00e9kel\u0151 f\u0151v\u00e1rost, arra k\u00e9nyszer\u00edtve a gyarmati hat\u00f3s\u00e1gokat, hogy biztons\u00e1gosabb helysz\u00ednt keressenek. Az \u00e9v december\u00e9re a tervez\u0151k a sz\u00e9les v\u00f6lgyre tekintve t\u00e9glalap alak\u00fa utc\u00e1kat v\u00e1zoltak fel, amelyeket a felvil\u00e1gosod\u00e1s korabeli rendide\u00e1lok ihlettek \u2013 egy v\u00e1rosi h\u00e1l\u00f3zatot, amely a p\u00e1rizsi el\u0151zm\u00e9nyekb\u0151l \u00e9s Washington DC \u00fajonnan elk\u00e9pzelt sug\u00e1r\u00fatjaib\u00f3l mer\u00edtett. V\u00e1lyogh\u00e1zak \u00e9s egyh\u00e1zi \u00e9p\u00edtm\u00e9nyek sorai emelkedtek ki a hamvakb\u00f3l, torn\u00e1cokkal, cser\u00e9ptet\u0151kkel \u00e9s udvarokkal, amelyek k\u00e9s\u0151bb a saj\u00e1t maguk okozta f\u00f6ldreng\u00e9seknek estek \u00e1ldozatul.<\/p>\n<p>A modernit\u00e1s k\u00fcsz\u00f6b\u00e9n, 1821 szeptembere a kinyilatkoztat\u00e1s pillanat\u00e1t hozta el. A v\u00e1ros ker\u00fcleteiben az elit k\u00fcld\u00f6ttek pecs\u00e9telt\u00e9k meg K\u00f6z\u00e9p-Amerika F\u00fcggetlens\u00e9gi Okm\u00e1ny\u00e1t, megszak\u00edtva ezzel a kapcsolatot Spanyolorsz\u00e1g koron\u00e1j\u00e1val. Az \u00e9v szeptember 15-\u00e9n, trombitasz\u00f3 \u00e9s a sz\u00e9kesegyh\u00e1z harangjai k\u00f6zepette kezd\u0151d\u00f6tt a Dias Patrios \u2013 egy ritu\u00e1lis megeml\u00e9kez\u00e9s, amelyet ma is pomp\u00e1val \u00e9s \u00fcnnep\u00e9lyess\u00e9ggel tartanak meg. Guatemala v\u00e1rosa ezut\u00e1n K\u00f6z\u00e9p-Amerika Egyes\u00fclt Tartom\u00e1nyainak sz\u00edv\u00e9v\u00e9 v\u00e1lt, egy m\u00faland\u00f3 sz\u00f6vets\u00e9g\u00e9, amely a f\u00f6ldszoros egyes\u00edt\u00e9s\u00e9re t\u00f6rekedett. A v\u00e1llalkoz\u00e1s a region\u00e1lis rivaliz\u00e1l\u00e1sok k\u00f6zepette megtorpant, \u00e9s 1847 augusztus\u00e1ban Guatemala kiki\u00e1ltotta a k\u00f6zt\u00e1rsas\u00e1g szuverenit\u00e1s\u00e1t. Att\u00f3l a pillanatt\u00f3l kezdve a v\u00e1ros \u00e9rv\u00e9nyes\u00edtette els\u0151bbs\u00e9g\u00e9t, mint nemzeti f\u0151v\u00e1ros.<\/p>\n<p>Az 1917\u201318-as nagy f\u00f6ldreng\u00e9sek puszt\u00edt\u00e1st v\u00e9geztek az utc\u00e1kon \u00e9s a tereken egyar\u00e1nt. H\u00f3napokig ut\u00f3reng\u00e9sek hull\u00e1moztak v\u00e9gig a v\u00f6lgy\u00f6n, homlokzatokat d\u00f6nt\u00f6ttek le \u00e9s alapokat repesztettek meg. Az \u00fajj\u00e1\u00e9p\u00edt\u00e9s j\u00f3zan pragmatizmussal bontakozott ki: a k\u00f6rutakat kisz\u00e9les\u00edtett\u00e9k, a falaz\u00f3technik\u00e1kat fejlesztett\u00e9k, \u00e9s \u00e9p\u00edt\u00e9si visszav\u00e1g\u00e1sokat hajtottak v\u00e9gre. Az ezt k\u00f6vet\u0151 \u00e9vtizedekben a r\u00e1csos elrendez\u00e9s kifel\u00e9 b\u0151v\u00fclt a peremvid\u00e9ki dombok \u00e9s a kor\u00e1bbi k\u00e1v\u00e9\u00fcltetv\u00e9nyek fel\u00e9, befogadva a vid\u00e9ki migr\u00e1nsok hull\u00e1mait, akiket a lehet\u0151s\u00e9gek vonzottak. Ezek az \u00fajonnan \u00e9rkez\u0151k \u00e1talak\u00edtott\u00e1k a v\u00e1ros arculat\u00e1t \u2013 a v\u00e1rosi terjeszked\u00e9st, amely a toronyh\u00e1zakat favel\u00e1kkal, az \u0151si nyelveket spanyol \u00e1rnyalat\u00fa szlenggel \u00f6tv\u00f6zte.<\/p>\n<p>\u00c9ghajlatilag a v\u00e1ros dacol a tr\u00f3pusi sz\u00e9less\u00e9gi fok\u00e1val. A tengerszint felett nagyj\u00e1b\u00f3l 1500 m\u00e9terrel fekv\u0151 ter\u00fcleten szinte \u00f6r\u00f6k tavasz uralkodik. A nappali h\u0151m\u00e9rs\u00e9klet 22 \u00b0C \u00e9s 28 \u00b0C k\u00f6z\u00f6tt mozog; az \u00e9jszak\u00e1k 12 \u00b0C \u00e9s 17 \u00b0C k\u00f6z\u00e9 h\u0171lnek. A p\u00e1ratartalom a reggeli k\u00f6zel tel\u00edtett \u00e9rt\u00e9kr\u0151l est\u00e9re kellemes szintre cs\u00f6kken, \u00e9s a sz\u00e9l gyakran v\u00e9gigs\u00f6p\u00f6r a tereken, t\u00e1vol tartva a h\u0151s\u00e9get. A sz\u00e1raz \u00e9vszak novembert\u0151l \u00e1prilisig tart, a legmagasabb h\u0151m\u00e9r\u0151ket \u00e1prilisban m\u00e9rik. M\u00e1just\u00f3l okt\u00f3berig esik az es\u0151, ami a v\u00e1ros ritmus\u00e1t a karibi partokn\u00e1l tombol\u00f3 atlanti viharokhoz k\u00f6ti.<\/p>\n<p>A mai demogr\u00e1fiai mozaik \u00e9vsz\u00e1zados elv\u00e1ndorl\u00e1st, \u00f6sszeolvad\u00e1st \u00e9s migr\u00e1ci\u00f3t t\u00fckr\u00f6z. A mesztic \u00e9s spanyol sz\u00e1rmaz\u00e1s\u00fa csal\u00e1dok alkotj\u00e1k a t\u00f6bbs\u00e9get, hagyom\u00e1nyaik a polg\u00e1ri szertart\u00e1sokba \u00e9s a mag\u00e1nr\u00edtusokba vannak be\u00edrva. Ugyanakkor Guatemala 23 maja csoportj\u00e1nak szinte mindegyik\u00e9ben van egy olyan negyed, ahol a nyelv\u00fck m\u00e9g mindig sz\u00f3l \u2013 k\u00f6zt\u00fck k&#039;iche&#039;, kaqchikel, mam \u00e9s q&#039;eqchi&#039;. Az utcai \u00e1rusok mam nyelven alkudoznak; a pl\u00e9b\u00e1nosok k&#039;iche&#039; nyelven pr\u00e9dik\u00e1lnak. A k\u00fclf\u00f6ldiek \u2013 diplomat\u00e1k, v\u00e1llalkoz\u00f3k, seg\u00e9lyszervezetek dolgoz\u00f3i \u2013 kis diaszp\u00f3r\u00e1ja tov\u00e1bb \u00e1rnyalja a v\u00e1ros poliglott jelleg\u00e9t, m\u00e9gis csak egy szelet\u00e9t alkotj\u00e1k a lakoss\u00e1g sz\u00f6vev\u00e9ny\u00e9nek.<\/p>\n<p>A Parque Central vas\u00e1rnapjai a n\u00e9pek ezen \u00f6sszeolvad\u00e1s\u00e1r\u00f3l tan\u00faskodnak. Ahogy lesz\u00e1ll az este, a csal\u00e1dok az 1-es \u00e9s 4-es z\u00f3n\u00e1ban tal\u00e1lhat\u00f3 Plaza de la Constituci\u00f3n fel\u00e9 sodr\u00f3dnak, gyerekek f\u00e1kly\u00e1k f\u00e9ny\u00e9ben galambokat kergetnek, az id\u0151sek a padok k\u00f6z\u00f6tt s\u00e9t\u00e1lgatnak, felid\u00e9zve az aut\u00f3k el\u0151tti korokat. A katedr\u00e1lis barokk homlokzata \u0151rk\u00f6dik; a Nemzeti Palota okkers\u00e1rg\u00e1n vil\u00e1g\u00edt az alkonyatban. T\u00f6bb sz\u00e1zan gy\u0171lnek \u00f6ssze, besz\u00e9lget\u00e9s\u00fck halk spanyol mormog\u00e1s, amelyet maja sz\u00f3tagok fonnak \u00f6ssze. Az \u00e1rusok marquesitast \u00e9s atolt \u2013 kukoric\u00e1b\u00f3l k\u00e9sz\u00fclt \u00e9dess\u00e9geket \u2013 k\u00edn\u00e1lnak, m\u00edg az utcazen\u00e9szek git\u00e1rokat hangolnak hagyom\u00e1nyos dallamokra. Ez a k\u00f6z\u00f6ss\u00e9gi m\u0171v\u00e9szet pillanata, amely megtestes\u00edti a v\u00e1ros \u00f6r\u00f6ks\u00e9ge ir\u00e1nti kitart\u00f3 tisztelet\u00e9t.<\/p>\n<p>A vall\u00e1si \u00e9p\u00edt\u00e9szet tov\u00e1bbi tan\u00fabizonys\u00e1got tesz a hit \u00e9s a h\u00f3d\u00edt\u00e1s r\u00e9tegeir\u0151l. A Cerrito del Carmen dombj\u00e1n egy feh\u00e9r k\u00e1polna tekint le a kiterjedt ter\u00fcletre, f\u00fclk\u00e9ivel \u00e9s \u00f3lom\u00fcveg eml\u00e9km\u0171veivel, amelyeket sz\u0171zeknek \u00e9s m\u00e1rt\u00edroknak egyar\u00e1nt szenteltek. Az 1. z\u00f3n\u00e1ban tal\u00e1lhat\u00f3 a Guatemala Santiago de Guatemala katedr\u00e1lisa, amely boltozatos mennyezettel \u00e9s aranyozott olt\u00e1rokkal v\u00e1rja a h\u00edveket, melyeket 1815-\u00f6s felszentel\u00e9se ut\u00e1n \u00e1ll\u00edtottak fel. A Calvario kereszt\u00fatj\u00e1nak \u00e1llom\u00e1sait\u00f3l az Iglesia de Santo Domingo karcs\u00fa tornyain \u00e1t a Yurrita okkers\u00e1rga b\u00e1sty\u00e1iig \u00e9s a La Merced mocskos barokkj\u00e1ig minden szent\u00e9ly egy-egy fejezetet foglal mag\u00e1ban a v\u00e1ros szakr\u00e1lis f\u00f6ldrajz\u00e1ban.<\/p>\n<p>M\u0171v\u00e9szet \u00e9s eml\u00e9kezet egy\u00fctt \u00e9l a m\u00fazeumok falain bel\u00fcl. A Nemzeti Kultur\u00e1lis Palota, amely egykor a v\u00e9grehajt\u00f3 hatalom sz\u00e9khelye volt, negyed\u00f3r\u00e1nk\u00e9nt fresk\u00f3kat \u00e9s grandi\u00f3zus termeket mutat be vezetett t\u00far\u00e1k keret\u00e9ben. Bels\u0151 udvar\u00e1ban egy r\u00f3zs\u00e1kkal d\u00edsz\u00edtett szobor eml\u00e9kezik meg a polg\u00e1rh\u00e1bor\u00fa v\u00e9g\u00e9r\u0151l. A k\u00f6zelben, a Minerva Parkban tal\u00e1lhat\u00f3 Mapa en Relieve h\u00e1romdimenzi\u00f3s \u00e1br\u00e1zol\u00e1st ny\u00fajt Guatemala v\u00e1ltozatos t\u00e1jair\u00f3l \u2013 egy hatalmas domborm\u0171, amelyet 1904-ben faragtak, m\u00e9g miel\u0151tt a l\u00e9gi felv\u00e9telek l\u00e9teztek volna. M\u00e1ssza meg a kil\u00e1t\u00f3t, hogy megcsod\u00e1lja a festett vakolatba fagyott vulk\u00e1ni k\u00fapokat \u00e9s foly\u00f3v\u00f6lgyeket.<\/p>\n<p>Az \u00e1llatkert-rajong\u00f3k \u00e9s a term\u00e9szetb\u00fav\u00e1rok mened\u00e9ket tal\u00e1lnak a La Aurora \u00c1llatkertben, ahol \u00e9nekesmadarak repkednek a lombkoron\u00e1k k\u00f6z\u00f6tt, \u00e9s jagu\u00e1rki\u00e1ll\u00edt\u00e1sok utalnak a vad eredetre. A botanikusok a 10-es z\u00f3n\u00e1ban tal\u00e1lhat\u00f3 Jardines Bot\u00e1nicoban \u2013 Guatemala els\u0151 botanikus kertj\u00e9ben \u2013 barangolnak orchide\u00e1k, hatalmas helikoni\u00e1k \u00e9s a Term\u00e9szettudom\u00e1nyi M\u00fazeum \u00e1ltal katalogiz\u00e1lt gy\u00f3gyn\u00f6v\u00e9nyek k\u00f6z\u00f6tt. Minden fajon van egy c\u00edmke, amely a hisp\u00e1n el\u0151tti felhaszn\u00e1l\u00e1sra utal, felid\u00e9zve a gyarmati taxon\u00f3mi\u00e1t megel\u0151z\u0151 \u00f6kol\u00f3giai folytonoss\u00e1got.<\/p>\n<p>\u0150si k\u00f6vek h\u00edvogatnak a v\u00e1rosi hat\u00e1rokon bel\u00fcl. A 7. z\u00f3n\u00e1ban tal\u00e1lhat\u00f3 Kaminal Juyu Parque Arqueol\u00f3gicoban halmok \u00e9s faragott szt\u00e9l\u00e9k emelkednek ki a gondozott gyepekb\u0151l, ahol vezetett t\u00far\u00e1k t\u00e1rj\u00e1k fel a v\u00e1ros maja \u00f6r\u00f6ks\u00e9g\u00e9t. Ez a helysz\u00edn sok tekintetben p\u00e1rhuzamos a 11. z\u00f3na utc\u00e1i alatt eltemetett megfelel\u0151j\u00e9vel, ahol a f\u00f6ldalatti \u00e1sat\u00e1sok ritu\u00e1lis j\u00e1de- \u00e9s ker\u00e1miaszil\u00e1nk-lel\u0151helyekkel jel\u00f6lt tereket t\u00e1rnak fel.<\/p>\n<p>A m\u0171v\u00e9szeti gal\u00e9ri\u00e1k \u00e9s kultur\u00e1lis k\u00f6zpontok tov\u00e1bb gazdag\u00edtj\u00e1k a f\u0151v\u00e1ros sz\u00f6vet\u00e9t. A 7. Avenida c\u00edmen tal\u00e1lhat\u00f3 Nemzeti R\u00e9g\u00e9szeti \u00e9s Etnol\u00f3giai M\u00fazeum \u0151rzi a legend\u00e1s Tikal-maszkot \u2013 egy smaragdokkal kirakott m\u0171t\u00e1rgyat, amelynek arca egykor egy felf\u00f6ldi kir\u00e1lyt d\u00edsz\u00edtett. N\u00e9h\u00e1ny h\u00e1zt\u00f6mbnyire tal\u00e1lhat\u00f3 a \u201eCarlos M\u00e9rida\u201d Modern M\u0171v\u00e9szetek Nemzeti M\u00fazeuma, amely kort\u00e1rs v\u00e1sznakat \u00e1ll\u00edt szembe r\u00e9g\u00e9szeti t\u00f6red\u00e9kekkel. A Francisco Marroqu\u00edn Egyetem ter\u00fclet\u00e9n tal\u00e1lhat\u00f3 az Ixchel \u0150shonos Textil- \u00e9s Ruh\u00e1zati M\u00fazeum, amely \u0151si ikonogr\u00e1fi\u00e1val h\u00edmzett huipileket mutat be, spanyol \u00e9s angol nyelv\u0171 magyar\u00e1zatokkal k\u00eds\u00e9rve \u2013, valamint egy gondosan v\u00e1logatott k\u00e9zm\u0171ves textil\u00fczlet. A kampuszon t\u00faloldalon \u00e1ll a Popol Vuh M\u00fazeum, amelynek gal\u00e9ri\u00e1i a spanyol el\u0151tti r\u00e9gis\u00e9geket \u00e9s a gyarmati eml\u00e9keket \u00f6lelik fel, \u00e9s olyan narrat\u00edv\u00e1t k\u00edn\u00e1lnak, amely t\u00falmutat b\u00e1rmely kultur\u00e1lis korszakon.<\/p>\n<p>T\u00e1volabb, m\u00e9gis teljes m\u00e9rt\u00e9kben a v\u00e1ros hat\u00e1rain bel\u00fcl tal\u00e1lhat\u00f3 a 11-es z\u00f3n\u00e1ban tal\u00e1lhat\u00f3 Miraflores M\u00fazeum, amely Kaminaljuyu \u00fajrafelfedezett ter\u00fcleteire \u00f6sszpontos\u00edt, ker\u00e1mi\u00e1kat \u00e9s obszidi\u00e1n peng\u00e9ket mutat be. A 6-os z\u00f3n\u00e1ban tal\u00e1lhat\u00f3 a Carlos F. Novella M\u00fazeum, amely egy \u00e1talak\u00edtott ipari komplexumban tal\u00e1lhat\u00f3, \u00e9s a cementipar felemelked\u00e9s\u00e9t k\u00f6veti nyomon. M\u00e9g a vas\u00fatt\u00f6rt\u00e9net is hangot ad a FEGUA Vas\u00fati M\u00fazeumban, ahol g\u0151zmozdonyok pihennek a magas \u00e9p\u00fcletek alatt, \u00e9s kalauzok jelv\u00e9nyei hevernek \u00fcvegezett kirak\u00e1sban.<\/p>\n<p>A kikapcsol\u00f3d\u00e1si lehet\u0151s\u00e9gek t\u00falmutatnak az \u00e9p\u00edtett k\u00f6rnyezeten. A kalandorok megm\u00e1szj\u00e1k az Agua \u00e9s a Pacaya vulk\u00e1nok lejt\u0151it, mindegyik megm\u00e1sz\u00e1s egy \u00e1ll\u00f3k\u00e9pess\u00e9gi \u00e9s magass\u00e1gi pr\u00f3b\u00e1t jelent, amely a v\u00f6lgyre \u00e9s az Atitl\u00e1n-t\u00f3ra ny\u00edl\u00f3 kil\u00e1t\u00e1ssal jutalmazza. A v\u00edz szerelmesei nyugat fel\u00e9 vonz\u00f3dva \u00e9lvezhetik az Atitl\u00e1n szell\u0151it \u2013 sz\u00f6rf\u00f6z\u00e9sre \u00e9s kajakoz\u00e1sra v\u00e1gynak a vulk\u00e1nok \u00e1ltal k\u00f6r\u00fclvett szigetek \u00e9s \u00fatsz\u00e9li falvak k\u00f6z\u00f6tt. M\u00e9g k\u00f6zelebb v\u00e1rosi medenc\u00e9k \u00e9s vid\u00e9ki klubok h\u00edvogatj\u00e1k az \u00fasz\u00f3kat \u00e9s a napim\u00e1d\u00f3kat h\u00e9tv\u00e9gi pihen\u00e9sre.<\/p>\n<p>Az alkonyat a 4 Grados Norte \u00e9s a Zona Viva negyedekben cs\u00e1b\u00edt, ahol a gyalogosutc\u00e1k gal\u00e9ri\u00e1kkal, k\u00e9zm\u0171ves s\u00f6rf\u0151zd\u00e9kkel, f\u00fazi\u00f3s \u00e9ttermekkel \u00e9s \u00e9l\u0151zenei helysz\u00ednekkel telnek meg. Itt a v\u00e1ros fiatalos pulzusa felgyorsul: jazz tri\u00f3k l\u00e9pnek fel a boltozatos pinc\u00e9kben, DJ-k elektronikus szetteket rendeznek a tet\u0151t\u00e9ri b\u00e1rokban. E kozmopolita energia k\u00f6zepette a hagyom\u00e1nyos t\u00e1ncok a kultur\u00e1lis k\u00f6zpontokban ker\u00fclnek felsz\u00ednre, biztos\u00edtva, hogy a n\u00e9pi \u00f6r\u00f6ks\u00e9g tov\u00e1bbra is meghat\u00e1rozza az avantg\u00e1rdot.<\/p>\n<p>A v\u00e1ros rejtett barangol\u00e1si legend\u00e1iban, El Cadejo \u00e9s La Llorona, jelen\u00e9sek suttognak a macskak\u00f6ves sik\u00e1torokon \u00e9s a v\u00e1rosr\u00e9szekben, sirat\u00f3kat \u00e9nekelnek. A sz\u00fcl\u0151k k\u00eds\u00e9rtetkuty\u00e1kr\u00f3l \u2013 a sors k\u00fcld\u00f6tteir\u0151l \u2013 sz\u00f3l\u00f3 mes\u00e9kkel \u00e9s elveszett ut\u00f3daik ut\u00e1n s\u00f3v\u00e1rg\u00f3 asszonyok gy\u00e1szos ki\u00e1lt\u00e1saival csit\u00edtj\u00e1k el gyermekeiket. Ezek a m\u00edtoszok a v\u00e1rosi kiterjed\u00e9st a vid\u00e9ki hagyom\u00e1nyokhoz k\u00f6tik, eml\u00e9keztetve a lakosokat arra, hogy a m\u00falt \u00e9s a jelen k\u00f6z\u00f6tti hat\u00e1r tov\u00e1bbra is \u00e1tj\u00e1rhat\u00f3.<\/p>\n<p>Guatemalav\u00e1ros \u00e9jjel-nappal a k\u00f6zt\u00e1rsas\u00e1g m\u0171k\u00f6d\u00e9si k\u00f6zpontjak\u00e9nt m\u0171k\u00f6dik. Az Antigua, Cob\u00e1n vagy a Csendes-\u00f3ce\u00e1n partvid\u00e9k\u00e9re tart\u00f3 buszok \u00e9s tuk-tukok az aut\u00f3busz-p\u00e1lyaudvarokon gy\u0171lnek \u00f6ssze. A nagyk\u00f6vets\u00e9geken \u00e9s konzul\u00e1tusokon diplomat\u00e1k t\u00e1rgyalnak kereskedelmi meg\u00e1llapod\u00e1sokr\u00f3l; a nem korm\u00e1nyzati szervezetekn\u00e9l fejleszt\u00e9si tervek bontakoznak ki; a v\u00e1llalati tornyokban a tranzakci\u00f3k hat\u00e1rozz\u00e1k meg a region\u00e1lis sorsot. \u00c1tj\u00e1r\u00f3in kereszt\u00fcl halad a k\u00e1v\u00e9, a textil \u00e9s a telekommunik\u00e1ci\u00f3 kereskedelme \u2013 ezek a v\u00e1rosok a nemzeti t\u00f6rekv\u00e9sek alapj\u00e1t k\u00e9pezik.<\/p>\n<p>Guatemala v\u00e1rosa, \u00e9vezredeknyi emberi er\u0151fesz\u00edt\u00e9ssel \u00e1titatva, m\u00e9gis felfordul\u00e1s sebei nyomaival tark\u00edtva, folyamatosan fejl\u0151d\u0151 mozaikk\u00e9nt maradt fenn. \u00datjai gyarmati v\u00edzi\u00f3kat \u00e9s szeizmikus \u00fajj\u00e1sz\u00fclet\u00e9seket \u00e1br\u00e1zolnak; terei polg\u00e1ri ritu\u00e1l\u00e9knak \u00e9s n\u00e9pi \u00fcnneps\u00e9geknek adnak otthont; m\u00fazeumai \u00e9s parkjai az id\u0151 t\u00f6red\u00e9keit \u0151rzik. A f\u0151v\u00e1ros a spanyolt\u00f3l a k&#039;iche&#039;-ig sz\u00e1mos nyelven \u00e1t\u00edvel\u0151en fogalmazza meg a k\u00f6z\u00f6s \u00f6r\u00f6ks\u00e9get. V\u00f6lgyeiben, l\u00e1tk\u00e9pe alatt egy \u00e9l\u0151 narrat\u00edva marad fenn \u2013 amelyet az alkalmazkod\u00e1s, az eml\u00e9kezet \u00e9s egy olyan n\u00e9p lelkes temp\u00f3ja hat\u00e1roz meg, akik minden nap \u00fajra form\u00e1lj\u00e1k azt.<\/p>","protected":false},"excerpt":{"rendered":"<p>Guatemalav\u00e1ros (spanyolul: Ciudad de Guatemala), n\u00e9ha Guate n\u00e9ven is emlegetik, Guatemala f\u0151v\u00e1rosa \u00e9s egyben legn\u00e9pesebb v\u00e1rosa. Guatemala megye \u00f6nkorm\u00e1nyzati sz\u00e9khelye, \u00e9s K\u00f6z\u00e9p-Amerika legn\u00e9pesebb v\u00e1rosi r\u00e9gi\u00f3ja. A v\u00e1ros az orsz\u00e1g d\u00e9l-k\u00f6z\u00e9ps\u0151 r\u00e9sz\u00e9n tal\u00e1lhat\u00f3, a Valle de la Ermita nev\u0171 hegyv\u00f6lgyben.<\/p>","protected":false},"author":1,"featured_media":3887,"parent":9021,"menu_order":0,"comment_status":"closed","ping_status":"closed","template":"elementor_theme","meta":{"_eb_attr":"","footnotes":""},"class_list":["post-9038","page","type-page","status-publish","has-post-thumbnail"],"_links":{"self":[{"href":"https:\/\/travelshelper.com\/hu\/wp-json\/wp\/v2\/pages\/9038","targetHints":{"allow":["GET"]}}],"collection":[{"href":"https:\/\/travelshelper.com\/hu\/wp-json\/wp\/v2\/pages"}],"about":[{"href":"https:\/\/travelshelper.com\/hu\/wp-json\/wp\/v2\/types\/page"}],"author":[{"embeddable":true,"href":"https:\/\/travelshelper.com\/hu\/wp-json\/wp\/v2\/users\/1"}],"replies":[{"embeddable":true,"href":"https:\/\/travelshelper.com\/hu\/wp-json\/wp\/v2\/comments?post=9038"}],"version-history":[{"count":0,"href":"https:\/\/travelshelper.com\/hu\/wp-json\/wp\/v2\/pages\/9038\/revisions"}],"up":[{"embeddable":true,"href":"https:\/\/travelshelper.com\/hu\/wp-json\/wp\/v2\/pages\/9021"}],"wp:featuredmedia":[{"embeddable":true,"href":"https:\/\/travelshelper.com\/hu\/wp-json\/wp\/v2\/media\/3887"}],"wp:attachment":[{"href":"https:\/\/travelshelper.com\/hu\/wp-json\/wp\/v2\/media?parent=9038"}],"curies":[{"name":"wp","href":"https:\/\/api.w.org\/{rel}","templated":true}]}}