{"id":9032,"date":"2024-09-06T23:13:17","date_gmt":"2024-09-06T23:13:17","guid":{"rendered":"https:\/\/travelshelper.com\/staging\/?page_id=9032"},"modified":"2026-03-13T16:45:59","modified_gmt":"2026-03-13T16:45:59","slug":"quetzaltenango","status":"publish","type":"page","link":"https:\/\/travelshelper.com\/hu\/destinations\/north-america\/guatemala\/quetzaltenango\/","title":{"rendered":"Quetzaltenango"},"content":{"rendered":"<p>A nyugat-guatemalai felf\u00f6ldb\u0151l szer\u00e9ny pomp\u00e1j\u00e1val kiemelked\u0151 Quetzaltenango egy hegyvid\u00e9ki medenc\u00e9ben fekszik, melynek legalacsonyabb pontja 2330 m\u00e9ter tengerszint feletti magass\u00e1gban, \u00e9s a v\u00e1rosi terjeszked\u00e9sben k\u00f6zel 2400 m\u00e9teres magass\u00e1gban fekszik. 2018-ban 180 706 lakost l\u00e1t el 122 km\u00b2-es v\u00e1ltozatos terepen, amelyet Salcaj\u00e1, Cantel, Almolonga \u00e9s hat m\u00e1sik telep\u00fcl\u00e9s szeg\u00e9lyez. Maja \u0151sei Xelaj\u00fa, a modern lakosok pedig k\u00f6znyelven Xela n\u00e9ven ismertek, a v\u00e1ros a Kolumbusz el\u0151tti \u00f6r\u00f6ks\u00e9g, a gyarmati \u00f6r\u00f6ks\u00e9g \u00e9s a huszonegyedik sz\u00e1zadi \u00fajj\u00e1sz\u00fclet\u00e9s \u00f6sszetett sz\u00f6vet\u00e9t hidazza \u00e1t. Szubtr\u00f3pusi felf\u00f6ldi \u00e9ghajlaton \u00e9l, amelyben a meleg d\u00e9li \u00f3r\u00e1k gyorsan h\u0171v\u00f6s est\u00e9kk\u00e9 v\u00e1lnak; egy v\u00f6lgy\u00f6n h\u00faz\u00f3dik \u00e1t, amely r\u00e9g\u00f3ta vonzza a f\u00f6ldm\u0171veseket, a keresked\u0151ket \u00e9s a zar\u00e1ndokokat. Az \u0151si tekint\u00e9ly \u00e9s a kort\u00e1rs vitalit\u00e1s b\u00f6lcs\u0151j\u00e9ben Quetzaltenango Guatemala m\u00e1sodik v\u00e1rosak\u00e9nt pozicion\u00e1lja mag\u00e1t \u2013 mind m\u00e9ret\u00e9t, mind tart\u00f3s kultur\u00e1lis jelent\u0151s\u00e9g\u00e9t tekintve.<\/p>\n<p>Quetzaltenango eredete a Kulah\u00e1 nev\u0171 mam k\u00f6z\u00f6ss\u00e9gre vezethet\u0151 vissza, melynek hatalma m\u00e1r j\u00f3val azel\u0151tt meghat\u00e1rozta a helyi t\u00e1rsadalom k\u00f6rvonalait, hogy a spanyol vitorl\u00e1k megjelentek volna a t\u00e1voli partokon. Ott, a Santa Mar\u00eda vulk\u00e1n l\u00e1b\u00e1n\u00e1l \u00e9p\u00fclt telep\u00fcl\u00e9sek k\u00f6z\u00f6tt, a maja korm\u00e1nyz\u00e1s korai k\u00f6zpontja j\u00f6tt l\u00e9tre. K\u00e9s\u0151bb a k\u02bciche\u02bc urak kiszor\u00edtott\u00e1k a mamokat, \u00e9s \u00fajraalap\u00edtott\u00e1k Xelaj\u00fat, az alf\u00f6ldi falvakb\u00f3l a magasabb s\u00edks\u00e1gra helyezve \u00e1t, ahol ma is \u00e9l. H\u00e1rom \u00e9vsz\u00e1zad telt el, mire Hern\u00e1n Cort\u00e9s hadnagyai \u00e9s nahua sz\u00f6vets\u00e9geseik az 1500-as \u00e9vek elej\u00e9n benyomultak a felf\u00f6ldre. Az \u0151slakos nahu\u00e1k a telep\u00fcl\u00e9snek a Quetzaltenango \u2013 \u201ea quetzal mad\u00e1r helye\u201d \u2013 nevet adt\u00e1k, amit a spanyolok megtartottak, \u00f6tv\u00f6zve a nahua \u00e9s az eur\u00f3pai n\u00f3menklat\u00far\u00e1t. M\u00e9g ma is a hivatalos dokumentumok Quetzaltenang\u00f3ra hivatkoznak, m\u00edg a mindennapi besz\u00e9lget\u00e9sek a r\u00e9gebbi Xela nevet r\u00e9szes\u00edtik el\u0151nyben, amely egy t\u00e1voli maja vil\u00e1g nyelvi visszhangja.<\/p>\n<p>A spanyol gyarmati uralom alatt Quetzaltenango a Nyugati-felf\u00f6ld k\u00f6zigazgat\u00e1si f\u0151v\u00e1rosak\u00e9nt szolg\u00e1lt, ez a szerep a r\u00e9gi\u00f3 politikai gazdas\u00e1g\u00e1t megalapozta eg\u00e9szen az 1820-as \u00e9vekbeli f\u00fcggetlens\u00e9gi mozgalmak kit\u00f6r\u00e9s\u00e9ig. A Spanyolorsz\u00e1gt\u00f3l val\u00f3 f\u00fcggetlens\u00e9g visz\u00e1lykod\u00f3 ut\u00f3hat\u00e1sai k\u00f6zepette a helyi elit a region\u00e1lis auton\u00f3mia biztos\u00edt\u00e1s\u00e1ra t\u00f6rekedett, \u00e9s megalap\u00edtotta a Quetzaltenango vezette Los Altos efemer \u00e1llamot. Ez a politikai berendezked\u00e9s Nyugat-Guatemal\u00e1t\u00f3l a mai Chiapas egyes r\u00e9szeiig terjedt; 1839 \u00e9s 1840 k\u00f6z\u00f6tt Rafael Carrera t\u00e1bornok er\u0151inek kez\u00e9re ker\u00fclt, amely h\u00f3d\u00edt\u00e1sra a helyi legend\u00e1k a s\u00falyoss\u00e1g\u00e1r\u00f3l \u00e9s Los Altos vezet\u0151inek felakaszt\u00e1s\u00e1r\u00f3l eml\u00e9keznek. A szeparatista t\u00f6rekv\u00e9sek er\u0151szakos elfojt\u00e1sa fordul\u00f3pontot jelentett a r\u00e9gi\u00f3 t\u00f6rt\u00e9nelm\u00e9ben, \u00fajra integr\u00e1lva azt egy \u00fajonnan kialakul\u00f3 guatemalai k\u00f6zt\u00e1rsas\u00e1gba, \u00e9s kialak\u00edtva a region\u00e1lis egyedis\u00e9g tart\u00f3s \u00e9rz\u00e9s\u00e9t.<\/p>\n<p>A mez\u0151gazdas\u00e1g alkotta Quetzaltenango korai gazdas\u00e1g\u00e1nak gerinc\u00e9t. A tizenkilencedik sz\u00e1zad k\u00f6zep\u00e9re a helyi f\u00f6ldeken b\u0151s\u00e9gesen termett b\u00faza, kukorica, gy\u00fcm\u00f6lcs, z\u00f6lds\u00e9g \u00e9s \u00e1llat\u00e1llom\u00e1ny \u2013 ez a term\u00e9keny k\u00edn\u00e1lat mind a belf\u00f6ldi piacokat, mind a szomsz\u00e9dos El Salvadorba ir\u00e1nyul\u00f3 exportot fenntartotta. A b\u00faza uralkodott az exportcikkek k\u00f6z\u00f6tt, ezt k\u00f6vette a kaka\u00f3, a cukor, a gyapj\u00fa \u00e9s a pamut. A farmerek szarvasmarh\u00e1kat \u00e9s juhokat hajtottak a v\u00f6lgy f\u00fcves lejt\u0151in, m\u00edg az \u00fcltetv\u00e9nyesek k\u00e1v\u00e9t termesztettek a fenti h\u0171v\u00f6sebb lejt\u0151k\u00f6n. A vulkanikus lejt\u0151k alatt h\u0151forr\u00e1sok tark\u00edtott\u00e1k a t\u00e1jat, amelyek termikus enyh\u00fcl\u00e9st \u00e9s \u00e1sv\u00e1nyokban gazdag turisztikai r\u00e9st k\u00edn\u00e1ltak, amely csak a modern infrastrukt\u00fara megjelen\u00e9s\u00e9vel vir\u00e1gzott fel.<\/p>\n<p>A huszadik sz\u00e1zadba val\u00f3 \u00e1tmenet \u00edg\u00e9reteket \u00e9s csal\u00f3d\u00e1sokat is hozott. A tizenkilencedik sz\u00e1zad v\u00e9gi k\u00e1v\u00e9l\u00e1z a vagyon n\u00f6veked\u00e9s\u00e9t id\u00e9zte el\u0151, amely sz\u00e1mos, ma is \u00e1ll\u00f3 \u201eBelle \u00c9poque\u201d \u00e9p\u00fcletet megalapozott \u2013 d\u00edszes k\u0151- \u00e9s stukk\u00f3homlokzatokat, kov\u00e1csoltvas erk\u00e9lyeket \u00e9s bolt\u00edves torn\u00e1cokat, amelyek a j\u00f6v\u0151be vetett bizalomr\u00f3l \u00e1rulkodnak. A Xel\u00e1t a p\u00e1namerikai folyos\u00f3val \u00f6sszek\u00f6t\u0151 vas\u00fat tervei az 1890-es \u00e9vekben mer\u00fcltek fel, \u00e9s \u00e9vtizedekig tart\u00f3 stagn\u00e1l\u00e1s ut\u00e1n a Ferrocarril de los Altos v\u00e9g\u00fcl 1930-ban k\u00f6t\u00f6tte \u00f6ssze Quetzaltenang\u00f3t Guatemalav\u00e1rossal. Ez a m\u00e9rn\u00f6ki csodak\u00e9nt \u00fcnnepelt vonal 1933-ban f\u00f6ldcsuszaml\u00e1sok alatt omlott \u00f6ssze, \u00e9s soha nem \u00e1ll\u00edtott\u00e1k helyre. Eml\u00e9ke m\u00e9gis megmaradt \u2013 dalokban, t\u00f6rt\u00e9netekben \u00e9s egy kis m\u00fazeumban, amely a g\u0151zg\u00e9peket tiszteli, mint egy olyan korszak ikonjait, amikor a felf\u00f6ldi s\u00ednek a modernit\u00e1st \u00edg\u00e9rt\u00e9k.<\/p>\n<p>A gazdas\u00e1gi helyzetet be\u00e1rny\u00e9kolta a nagy gazdas\u00e1gi vil\u00e1gv\u00e1ls\u00e1g, majd a huszadik sz\u00e1zad m\u00e1sodik fel\u00e9ben Guatemal\u00e1t s\u00fajt\u00f3 polg\u00e1rh\u00e1bor\u00fak \u00e9vei. Egy ideig Xela nagy sug\u00e1r\u00fatjai \u00e9s terei elvesztett\u00e9k kor\u00e1bbi f\u00e9ny\u00fcket; a homlokzatok romoss\u00e1 v\u00e1ltak, \u00e9s a szer\u00e9ny kereskedelem a bizonytalan korm\u00e1nyz\u00e1s ellen k\u00fczd\u00f6tt. Az \u00faj \u00e9vezred bek\u00f6sz\u00f6nt\u00e9vel azonban a v\u00e1ros meg\u00fajult. A m\u0171eml\u00e9k\u00e9p\u00fcleteket gondosan restaur\u00e1lt\u00e1k; \u00faj \u00e9p\u00edtm\u00e9nyek emelkedtek a gyarmati eml\u00e9kek mellett; a k\u00e1v\u00e9z\u00f3k \u00e9s kultur\u00e1lis k\u00f6zpontok sz\u00e1ma megsokszoroz\u00f3dott. Ma a v\u00e1rosban l\u00fcktetnek a j\u00e1rd\u00e1kra ny\u00edl\u00f3 k\u00e1v\u00e9z\u00f3k, a kort\u00e1rs alkot\u00e1sokat az \u0151slakos k\u00e9zm\u0171vess\u00e9g mellett bemutat\u00f3 m\u0171v\u00e9szeti gal\u00e9ri\u00e1k, valamint a k\u02bciche\u02bc \u00e9s mam hagyom\u00e1nyokat t\u00e1nccal, jelmezekkel \u00e9s szertart\u00e1sokkal meger\u0151s\u00edt\u0151 fesztiv\u00e1lok.<\/p>\n<p>Quetzaltenango \u00e9ghajlata meghat\u00e1rozza a mindennapi \u00e9letet \u00e9s a kereskedelem ritmus\u00e1t is. A K\u00f6ppen-f\u00e9le Cwb besorol\u00e1s szerint a v\u00e1ros k\u00e9t j\u00f3l elk\u00fcl\u00f6n\u00fcl\u0151 \u00e9vszakot tapasztal: egy es\u0151s \u00e9vszakot m\u00e1jus v\u00e9g\u00e9t\u0151l okt\u00f3ber v\u00e9g\u00e9ig, valamint egy sz\u00e1raz id\u0151szakot november elej\u00e9t\u0151l \u00e1prilisig. A nappali maximumok az \u00e9v nagy r\u00e9sz\u00e9ben 22 \u00b0C \u00e9s 23 \u00b0C k\u00f6z\u00f6tt mozognak, \u00e9jszaka pedig egysz\u00e1mjegy\u0171 \u00e9rt\u00e9kre cs\u00f6kkennek, k\u00fcl\u00f6n\u00f6sen november \u00e9s febru\u00e1r k\u00f6z\u00f6tt, amikor a minimumok \u00e1tlagosan 4 \u00b0C-osak. A v\u00e1ros tengerszint feletti magass\u00e1ga egyr\u00e9szt m\u00e9rs\u00e9kelt enyh\u00fcl\u00e9st biztos\u00edt a tr\u00f3pusi alf\u00f6ld miatt, m\u00e1sr\u00e9szt hajlamos a gyors d\u00e9lut\u00e1ni leh\u0171l\u00e9sre, miut\u00e1n a nap megkezdi lemen\u00e9s\u00e9t. A csapad\u00e9k els\u0151sorban d\u00e9lut\u00e1nonk\u00e9nt \u00e9rkezik a nedves h\u00f3napokban, b\u00e1r vannak napok, amikor hajnalt\u00f3l alkonyatig szit\u00e1l az es\u0151. A sz\u00e1raz \u00e9vszakban a lakosok n\u00e9ha h\u00f3napokig sem esnek, ami fokozza az es\u0151 ut\u00e1ni t\u00e1jak r\u00f6vid, intenz\u00edv z\u00f6ldj\u00e9nek elismer\u00e9s\u00e9t.<\/p>\n<p>A k\u00f6zs\u00e9g 122 km\u00b2-es ker\u00fclet\u00e9n bel\u00fcl v\u00e1ltozatos domborzat tal\u00e1lhat\u00f3: hull\u00e1mz\u00f3 s\u00edks\u00e1gok a v\u00e1rosi terjeszked\u00e9shez, vulk\u00e1ni k\u00fapok, amelyek a v\u00e1rosr\u00e9szek f\u00f6l\u00e9 magasodnak, term\u00e9keny v\u00f6lgyek, ahol k\u00e1v\u00e9 \u00e9s z\u00f6lds\u00e9gek teremnek, \u00e9s t\u00e1voli dombok, amelyek a t\u00e1voli cs\u00facsok feletti napfelkelte megtekint\u00e9s\u00e9re szolg\u00e1lnak. A v\u00e1ros mag\u00e1ban foglalja nagyj\u00e1b\u00f3l 180 700 lelket, akiknek k\u00f6r\u00fclbel\u00fcl 43 sz\u00e1zal\u00e9ka \u0151slakos \u00f6r\u00f6ks\u00e9ghez tartozott 2014-ben, naponta meg\u0151rizve a k\u02bciche\u02bc \u00e9s mam szok\u00e1sok gazdag mozaikj\u00e1t. Az utcai piacok az \u00f3kort id\u00e9zik, a sz\u0151tt huipilekkel \u00e9s k\u00e9zzel festett ker\u00e1mi\u00e1kkal megrakott standokat friss term\u00e9kek \u00e9s f\u0171szerek standjai tark\u00edtj\u00e1k. A fiestas patronales \u00e9letre kelti a barri\u00f3kat, a macskak\u00f6ves sik\u00e1torokon \u00e1t\u00edvel\u0151 felvonul\u00e1sok, mik\u00f6zben a gyarmati oszlopcsarnokok alatt marimbazenekarok sz\u00f3lnak.<\/p>\n<p>Quetzaltenang\u00f3n bel\u00fcli \u00e9s k\u00edv\u00fcli k\u00f6zleked\u00e9s a form\u00e1lis \u00e9s inform\u00e1lis rendszerek kever\u00e9k\u00e9t t\u00fckr\u00f6zi. Mikrobuszok \u2013 padokkal zs\u00fafolt nagy furgonok \u2013 h\u00e1l\u00f3zata szeli \u00e1t a v\u00e1ros minden r\u00e9sz\u00e9t. Az \u00fatvonalak egyszer\u0171 sz\u00e1mjelz\u00e9seket viselnek \u2013 p\u00e9ld\u00e1ul a 7-es utat \u2013, m\u00edg a viteld\u00edjak szer\u00e9nyek maradnak. Nincs \u00e1llamilag m\u0171k\u00f6dtetett t\u00f6megk\u00f6zleked\u00e9si rendszer; ehelyett mag\u00e1nk\u00e9zben l\u00e9v\u0151 buszok \u00e9s mikrobuszok osztoznak az utc\u00e1kon. A t\u00e1vols\u00e1gi j\u00e1ratok hasonl\u00f3k\u00e9ppen a buszgar\u00e1zsokra t\u00e1maszkodnak: a csirkebuszok gyakran indulnak Guatemalav\u00e1ros Tr\u00e9bol termin\u00e1lj\u00e1b\u00f3l Xela Minerva \u00e1llom\u00e1s\u00e1ra 35 cheap\u00e9rt, m\u00edg az els\u0151 oszt\u00e1ly\u00fa szolg\u00e1ltat\u00f3k, a Galgos \u00e9s a L\u00ednea Dorada l\u00e9gkondicion\u00e1lt buszokat k\u00edn\u00e1lnak (k\u00f6r\u00fclbel\u00fcl 9 USD, n\u00e9gy \u00e9s f\u00e9l \u00f3ra). A kereskedelmi \u00f6vezetekben b\u0151ven van taxik, k\u00fcl\u00f6n\u00f6sen s\u00f6t\u00e9ted\u00e9s ut\u00e1n, amikor az utcai vil\u00e1g\u00edt\u00e1s elhalv\u00e1nyul, \u00e9s a gyalogosok \u00f3vatosak. A ker\u00e9kp\u00e1roz\u00e1s alternat\u00edv\u00e1t k\u00edn\u00e1l a v\u00f6lgy\u00f6n \u00e9s a k\u00fcls\u0151 falvakban tal\u00e1lhat\u00f3 r\u00f6videbb utakra, b\u00e1r a meredek emelked\u0151k er\u0151nl\u00e9tet \u00e9s \u00f3vatos f\u00e9kez\u00e9st ig\u00e9nyelnek lejt\u0151n.<\/p>\n<p>Messzir\u0151l a f\u0151bb folyos\u00f3kon kereszt\u00fcl lehet megk\u00f6zel\u00edteni. K\u00f6z\u00faton a Panamerican Highway (CA-1) szeli \u00e1t a hegyvid\u00e9ket, m\u00edg a CA-2 d\u00e9len p\u00e1rhuzamosan fut a Csendes-\u00f3ce\u00e1n partvid\u00e9k\u00e9vel. Csirkebuszj\u00e1ratok k\u00f6tik \u00f6ssze Quetzaltenang\u00f3t Panajachellel az Atitl\u00e1n-tavon, Solol\u00e1val, majd tov\u00e1bb Guatemalav\u00e1rossal. Kisbuszok sz\u00e1ll\u00edtj\u00e1k a turist\u00e1kat a mexik\u00f3i San Crist\u00f3bal de las Casasb\u00f3l La Mesilla hat\u00e1r\u00e1n kereszt\u00fcl, egy Comit\u00e1non \u00e1t\u00edvel\u0151 \u00fatvonalon, ahonnan csirkebuszj\u00e1ratok indulnak Huehuetenang\u00f3n kereszt\u00fcl. Tapachul\u00e1b\u00f3l mikrokomppal utazhatnak az utasok Tec\u00fan Um\u00e1nba, ahonnan helyi buszok k\u00f6zlekednek Coatepeque-be, majd onnan Xel\u00e1ba. Mindk\u00e9t esetben aj\u00e1nlott a korai indul\u00e1s: Guatemal\u00e1ban a d\u00e9lut\u00e1ni j\u00e1ratok gyakran alkonyat el\u0151tt v\u00e9get \u00e9rnek, \u00edgy az utaz\u00f3k sebezhet\u0151ek a rosszul megvil\u00e1g\u00edtott helyeken.<\/p>\n<p>A Quetzaltenango rep\u00fcl\u0151t\u00e9r, egy kis region\u00e1lis rep\u00fcl\u0151t\u00e9r, korl\u00e1tozott l\u00e9gi j\u00e1ratokat k\u00edn\u00e1l, f\u0151k\u00e9nt Guatemalav\u00e1rosba. Kifut\u00f3p\u00e1ly\u00e1ja ink\u00e1bb turb\u00f3l\u00e9gcsavaros g\u00e9peket fogad, mint sug\u00e1rhajt\u00e1s\u00faakat, de a j\u00e1rat \u00f3r\u00e1kig tart\u00f3 hegyi utaz\u00e1st s\u0171r\u00edt kevesebb mint egy \u00f3ra magass\u00e1gba. B\u00e1r nem a f\u0151 \u00e1tj\u00e1r\u00f3, a rep\u00fcl\u0151t\u00e9r hangs\u00falyozza a v\u00e1ros kapcsolat\u00e1t a nemzeti infrastrukt\u00far\u00e1val, \u00e9s \u00fczleti deleg\u00e1ci\u00f3kat, orvosi evaku\u00e1ltakat \u00e9s alkalmi turist\u00e1kat egyar\u00e1nt vonz, akik a magass\u00e1got \u00e9s a kult\u00far\u00e1t egyar\u00e1nt keresik.<\/p>\n<p>A k\u00f6zleked\u00e9sen \u00e9s az \u00e9ghajlaton t\u00fal a felf\u00f6ld egy sz\u00e9lesebb kontrasztokkal teli r\u00e9gi\u00f3t \u00f6lel fel. A megye a hideg cs\u00facsokt\u00f3l a meleg csendes-\u00f3ce\u00e1ni partvid\u00e9kig terjed; a term\u00e9keny s\u00edks\u00e1gokon cukorn\u00e1df\u00f6ldek \u00e9s gumi\u00fcltetv\u00e9nyek tal\u00e1lhat\u00f3k a part menti ter\u00fcletek k\u00f6zel\u00e9ben, m\u00edg a fels\u0151 lejt\u0151k\u00f6n k\u00e1v\u00e9\u00fcltetv\u00e9nyek \u00e9s burgonya\u00fcltetv\u00e9nyek \u00e9lnek. A vulkanikus talajok a mez\u0151gazdas\u00e1g alapj\u00e1t k\u00e9pezik; a k\u00e9zm\u0171vesek n\u00f6v\u00e9nyi kivonatokkal festett text\u00edli\u00e1kat k\u00e9sz\u00edtenek; a z\u00f6ld legel\u0151k\u00f6n tov\u00e1bbra is teny\u00e9sztik a szarvasmarh\u00e1kat. H\u0151forr\u00e1sok t\u00f6rnek fel a f\u00f6ldb\u0151l, mind a helyieket, mind a l\u00e1togat\u00f3kat vonzva a magasod\u00f3 kr\u00e1terek el\u0151tt tal\u00e1lhat\u00f3 \u00e1sv\u00e1nyf\u00fcrd\u0151kbe. A foly\u00f3k szurdokokon kanyarognak, rafting- \u00e9s horg\u00e1szpontokat k\u00edn\u00e1lva, amelyek a v\u00e1ros kultur\u00e1lis \u00fatvonal\u00e1t kalandturizmus lehet\u0151s\u00e9geivel eg\u00e9sz\u00edtik ki.<\/p>\n<p>A v\u00e1ros \u00e9p\u00edtett k\u00f6rnyezete az amb\u00edci\u00f3k \u00e9s az alkalmazkod\u00e1s korszakait id\u00e9zi. A Plaza Central tov\u00e1bbra is a k\u00f6zpontja, melyet a neoklasszikus sz\u00e9kesegyh\u00e1z \u00e9s a v\u00e1rosi \u00e9p\u00fcletek szeg\u00e9lyeznek, melyek oszlopai \u00e9s boltozatai a tizenkilencedik sz\u00e1zadi polg\u00e1ri b\u00fcszkes\u00e9gr\u0151l \u00e1rulnak. A mell\u00e9kutc\u00e1k spanyol gyarmati h\u00e1zakat t\u00e1rnak fel bels\u0151 udvarokkal, ahol az \u00fczletek mindent \u00e1rulnak a hagyom\u00e1nyos gy\u00f3gyszerekt\u0151l a nagy sebess\u00e9g\u0171 internet-hozz\u00e1f\u00e9r\u00e9sig. Az \u00faj fejleszt\u00e9sek \u2013 bev\u00e1s\u00e1rl\u00f3k\u00f6zpontok, mozik, mag\u00e1niskol\u00e1k \u2013 kifel\u00e9 nyomulnak, keverve a betont \u00e9s az \u00fcveget, id\u0151nk\u00e9nt utalva a n\u00e9pi d\u00edsz\u00edt\u00e9sekre. A l\u00e1togat\u00f3k egy v\u00e1rosi palimpszeszttel tal\u00e1lkoznak, amelyben minden r\u00e9teg \u2013 maja, spanyol, republik\u00e1nus, modern \u2013 ny\u00edlt rivaliz\u00e1l\u00e1s n\u00e9lk\u00fcl l\u00e9tezik egy\u00fctt, mindegyik text\u00far\u00e1t k\u00f6lcs\u00f6n\u00f6z a v\u00e1ros identit\u00e1s\u00e1nak.<\/p>\n<p>Az oktat\u00e1s \u00e9s a kult\u00fara a kereskedelemmel egy\u00fctt vir\u00e1gzik. A nyelvi akad\u00e9mi\u00e1k spanyol \u00e9s angol nyelven k\u00e9pezik a di\u00e1kokat, vonzva azokat a k\u00fclf\u00f6ldieket, akik k\u00f6lts\u00e9ghat\u00e9kony, magaslati k\u00f6rnyezetben szeretn\u00e9nek elmer\u00fclni. Egy region\u00e1lis egyetem vonzza a vid\u00e9ki fiatalokat, el\u0151seg\u00edtve a mez\u0151gazdas\u00e1gi, m\u00e9rn\u00f6ki \u00e9s antropol\u00f3giai kutat\u00e1sokat. A m\u00fazeumok r\u00e9g\u00e9szeti leleteket \u0151rzik \u00e9s a vas\u00fat r\u00f6vid dics\u0151s\u00e9g\u00e9r\u0151l sz\u00e1molnak be; a n\u00e9prajzi k\u00f6zpontok a sz\u00f6v\u00e9s, a fafarag\u00e1s \u00e9s a ritu\u00e1lis el\u0151ad\u00e1sok \u00e9l\u0151 hagyom\u00e1nyait \u0151rzik. Az \u00e9ves fesztiv\u00e1lok a szentek napjait, az arat\u00e1si ciklusokat \u00e9s az \u0151slakos napt\u00e1rakat \u00fcnneplik, marimba ritmusokkal, felvonul\u00e1si kocsikkal \u00e9s f\u00fcst\u00f6l\u0151illattal \u00e9l\u00e9nk\u00edtve az utc\u00e1kat.<\/p>\n<p>Quetzaltenango ma olyan er\u0151k \u00f6sszefon\u00f3d\u00e1s\u00e1t testes\u00edti meg, amelyek r\u00e9g\u00f3ta form\u00e1lj\u00e1k sors\u00e1t. Egyszerre \u00e1ll a maja \u00f6r\u00f6ks\u00e9g let\u00e9tem\u00e9nyesek\u00e9nt \u00e9s kort\u00e1rs v\u00e1rosi csom\u00f3pontk\u00e9nt; olyan helysz\u00ednk\u00e9nt, ahol a katolicizmus \u00e9s a hisp\u00e1n el\u0151tti hitrendszerek \u00f6sszefon\u00f3dnak, \u00e9s ahol a halad\u00e1s \u00e9s a meg\u0151rz\u00e9s egy\u00fctt \u00e9l. \u00c9ghajlata mind a term\u00e9st, mind a temperamentumot m\u00e9rs\u00e9kli; magass\u00e1ga a t\u00f6rt\u00e9nelem magaslatain val\u00f3 elm\u00e9lked\u00e9sre cs\u00e1b\u00edt. A v\u00e1ros ellen\u00e1ll\u00f3 k\u00e9pess\u00e9ge \u2013 h\u00f3d\u00edt\u00e1sok, szeparatista harcok, gazdas\u00e1gi felfordul\u00e1s \u00e9s infrastruktur\u00e1lis vesztes\u00e9gek ellen\u00e9re \u2013 al\u00e1h\u00fazza a kitart\u00e1s \u00e9s az alkalmazkod\u00e1s ir\u00e1nti kollekt\u00edv elsz\u00e1nts\u00e1got. Az elm\u00falt \u00e9vtizedekben az \u00fajj\u00e1\u00e9ledt urbanizmus \u00faj \u00e9letet lehelt a r\u00e9gi k\u00f6vekbe, mivel az \u00f6nkorm\u00e1nyzati kezdem\u00e9nyez\u00e9sek \u00e9s a mag\u00e1nv\u00e1llalkoz\u00f3k fel\u00faj\u00edtott\u00e1k a nevezetess\u00e9geket, korszer\u0171s\u00edtett\u00e9k a k\u00f6ztereket \u00e9s kultur\u00e1lis v\u00e1llalkoz\u00e1sokat ind\u00edtottak el.<\/p>\n<p>Quetzaltenango lak\u00f3i, akiket quetzaltec\u00f3knak neveznek, m\u00e9lys\u00e9ges b\u00fcszk\u00e9k v\u00e1rosuk egyedis\u00e9g\u00e9re. Folytatj\u00e1k \u0151seik nyelv\u00e9t, region\u00e1lis akcentusokkal besz\u00e9lnek spanyolul, \u00e9s \u00e1polj\u00e1k kulin\u00e1ris hagyom\u00e1nyaikat, amelyek a hegyvid\u00e9ki z\u00f6lds\u00e9gekb\u0151l k\u00e9sz\u00fclt kiad\u00f3s p\u00f6rk\u00f6ltekt\u0151l a gyarmati asztali modort id\u00e9z\u0151 \u200b\u200bkaka\u00f3s italokig terjednek. A piacok tele vannak helyi term\u00e9kekkel: paprik\u00e1k t\u00fczes sals\u00e1khoz, avok\u00e1d\u00f3k kr\u00e9mes tostad\u00e1khoz, fat\u00fczel\u00e9s\u0171 t\u0171z\u00f6n p\u00f6rk\u00f6lt k\u00e1v\u00e9babok. A k\u00f6rny\u00e9kbeli tereken vas\u00e1rnap d\u00e9lut\u00e1nonk\u00e9nt marimba egy\u00fcttesek gy\u0171lnek \u00f6ssze, hogy k\u00f6z\u00f6s kikapcsol\u00f3d\u00e1st ny\u00fajtsanak a mindennapi f\u00e1radalmakt\u00f3l.<\/p>\n<p>\u00c1m e vibr\u00e1l\u00f3 k\u00fcls\u0151 m\u00f6g\u00f6tt ott h\u00faz\u00f3dik a j\u00f6v\u0151 kih\u00edv\u00e1sainak tudatos\u00edt\u00e1sa. A v\u00e1rosi terjeszked\u00e9s a sz\u00e1raz h\u00f3napokban megterheli a v\u00edzk\u00e9szleteket; a szeizmikus reng\u00e9sek \u00e9s a vulk\u00e1ni tev\u00e9kenys\u00e9g \u00e1lland\u00f3 kock\u00e1zatokat jelent; a v\u00e1rosi elit \u00e9s a vid\u00e9ki migr\u00e1nsok k\u00f6z\u00f6tt tov\u00e1bbra is fenn\u00e1llnak a gazdas\u00e1gi egyenl\u0151tlens\u00e9gek, akik iskol\u00e1ba vagy munk\u00e1ba j\u00e1r\u00e1s c\u00e9lj\u00e1b\u00f3l \u00e9rkeznek. Az \u00f6nkorm\u00e1nyzatok \u00e9s a civil szervezetek elkezdt\u00e9k kezelni ezeket a probl\u00e9m\u00e1kat, f\u00f3rumokat h\u00edvnak \u00f6ssze a fenntarthat\u00f3 fejl\u0151d\u00e9sr\u0151l \u00e9s az \u00f6r\u00f6ks\u00e9gv\u00e9delemr\u0151l. A v\u00e1ros j\u00f6v\u0151je a n\u00f6veked\u00e9s \u00e9s a k\u00f6rnyezetv\u00e9delem egyens\u00faly\u00e1nak megteremt\u00e9s\u00e9t\u0151l, a kultur\u00e1lis hiteless\u00e9g \u00e1pol\u00e1s\u00e1t\u00f3l a turizmus b\u0151v\u00fcl\u00e9s\u00e9vel p\u00e1rhuzamosan, valamint a gazdas\u00e1gi lehet\u0151s\u00e9gek el\u0151mozd\u00edt\u00e1s\u00e1t\u00f3l f\u00fcgg a mindennapi \u00e9let sz\u00f6vet\u00e9nek elt\u00f6rl\u00e9se n\u00e9lk\u00fcl.<\/p>\n<p>Jelenlegi \u00e1llapot\u00e1ban Quetzaltenango sem nem r\u00e9gim\u00f3dinak, sem nem teljesen modernnek nem t\u0171nik. Egy k\u00f6ztes birodalomban fekszik, ahol az id\u0151 r\u00e9tegei l\u00e1that\u00f3ak maradnak: gyarmati ajt\u00f3k \u00e1llnak a parabolaantenn\u00e1k alatt; k\u00fcrt\u00f6l\u0151 mikrobuszok osztoznak a keskeny utc\u00e1kon az okostelefonjukat haszn\u00e1l\u00f3 fiatalokkal. Egy vulk\u00e1nok \u00e1ltal k\u00f6r\u00fclvett v\u00f6lgyben fekszik, amelyek cs\u00facsai \u0151rk\u00f6dnek a cser\u00e9ptet\u0151k felett. K\u00f6ztereiben, piacain \u00e9s kultur\u00e1lis helysz\u00ednein bel\u00fcl egy olyan v\u00e1ros \u00e9rz\u00e9kelhet\u0151, amely \u00e1lland\u00f3 p\u00e1rbesz\u00e9det folytat m\u00faltj\u00e1val \u00e9s lehet\u0151s\u00e9geivel. Az utaz\u00f3, a tud\u00f3s, a lakos sz\u00e1m\u00e1ra Xela maradand\u00f3 tanuls\u00e1got k\u00edn\u00e1l az alkalmazkod\u00e1sr\u00f3l: hogyan kov\u00e1csolhat dinamikus jelent egy \u0151si hagyom\u00e1nyokban gazdag k\u00f6z\u00f6ss\u00e9g an\u00e9lk\u00fcl, hogy feladn\u00e1 identit\u00e1s\u00e1nak forr\u00e1sait.<\/p>","protected":false},"excerpt":{"rendered":"<p>Quetzaltenango, commonly known by its Maya designation\u00a0Xelaj\u00fa\u00a0or\u00a0Xela, is a historically and culturally affluent city situated in the\u00a0Guatemalan highlands. The designation\u00a0Quetzaltenango, articulated [ketsalte\u02c8na\u014b\u0261o], signifies its profound indigenous legacy, but\u00a0Xelaj\u00fa\u00a0[\u0283ela\u02c8\u03c7u] or\u00a0Xela\u00a0[\u02c8\u0283ela] are appellations that connect with the local populace, maintaining the city\u2019s historical character.<\/p>\n","protected":false},"author":1,"featured_media":2953,"parent":9021,"menu_order":0,"comment_status":"closed","ping_status":"closed","template":"elementor_theme","meta":{"_eb_attr":"","footnotes":""},"class_list":["post-9032","page","type-page","status-publish","has-post-thumbnail"],"_links":{"self":[{"href":"https:\/\/travelshelper.com\/hu\/wp-json\/wp\/v2\/pages\/9032","targetHints":{"allow":["GET"]}}],"collection":[{"href":"https:\/\/travelshelper.com\/hu\/wp-json\/wp\/v2\/pages"}],"about":[{"href":"https:\/\/travelshelper.com\/hu\/wp-json\/wp\/v2\/types\/page"}],"author":[{"embeddable":true,"href":"https:\/\/travelshelper.com\/hu\/wp-json\/wp\/v2\/users\/1"}],"replies":[{"embeddable":true,"href":"https:\/\/travelshelper.com\/hu\/wp-json\/wp\/v2\/comments?post=9032"}],"version-history":[{"count":0,"href":"https:\/\/travelshelper.com\/hu\/wp-json\/wp\/v2\/pages\/9032\/revisions"}],"up":[{"embeddable":true,"href":"https:\/\/travelshelper.com\/hu\/wp-json\/wp\/v2\/pages\/9021"}],"wp:featuredmedia":[{"embeddable":true,"href":"https:\/\/travelshelper.com\/hu\/wp-json\/wp\/v2\/media\/2953"}],"wp:attachment":[{"href":"https:\/\/travelshelper.com\/hu\/wp-json\/wp\/v2\/media?parent=9032"}],"curies":[{"name":"wp","href":"https:\/\/api.w.org\/{rel}","templated":true}]}}