{"id":9021,"date":"2024-09-06T21:55:50","date_gmt":"2024-09-06T21:55:50","guid":{"rendered":"https:\/\/travelshelper.com\/staging\/?page_id=9021"},"modified":"2026-03-13T16:27:58","modified_gmt":"2026-03-13T16:27:58","slug":"guatemala","status":"publish","type":"page","link":"https:\/\/travelshelper.com\/hu\/destinations\/north-america\/guatemala\/","title":{"rendered":"Guatemala"},"content":{"rendered":"<p>Guatemala, amely mintegy 17,6 milli\u00f3 l\u00e9leknek ad otthont, egy sz\u00e1razf\u00f6ldi h\u00eddon \u00e1t ter\u00fcl el K\u00f6z\u00e9p-Amerik\u00e1ban \u2013 \u00e9szakr\u00f3l \u00e9s nyugatr\u00f3l Mexik\u00f3, \u00e9szakkeletr\u0151l Belize, keletr\u0151l Honduras \u00e9s El Salvador hat\u00e1rolja, d\u00e9lr\u0151l a Csendes-\u00f3ce\u00e1n, \u00e9szakkeletr\u0151l pedig a Hondurasi-\u00f6b\u00f6l \u00f6leli \u00e1t. Ez a k\u00f6zt\u00e1rsas\u00e1g, amelynek terepe vulkanikus felf\u00f6ldek, term\u00e9keny csendes-\u00f3ce\u00e1ni s\u00edks\u00e1gok \u00e9s Pet\u00e9n smaragdz\u00f6ld dzsungelei k\u00f6z\u00f6tt v\u00e1ltakozik, egyszerre a civiliz\u00e1ci\u00f3 \u0151si b\u00f6lcs\u0151j\u00e9t \u00e9s viharos modern dr\u00e1m\u00e1k sz\u00ednpad\u00e1t mutatja be. T\u00f6rt\u00e9nete, k\u0151be \u00e9s talajba v\u00e9sve, a term\u00e9szeti csod\u00e1k \u00e9s az emberi elsz\u00e1nts\u00e1g egyed\u00fcl\u00e1ll\u00f3 gobelinj\u00e9t sz\u00f6vi.<\/p>\n<p>Att\u00f3l a pillanatt\u00f3l kezdve, hogy az els\u0151 maja v\u00e1ros\u00e1llamok a Pet\u00e9n-s\u00edks\u00e1gr\u00f3l a Tikal magasod\u00f3 piramisaiig megjelentek, a mai Guatemala r\u00e9gi\u00f3 a mezoamerikai lelem\u00e9nyess\u00e9g k\u00f6zpontjak\u00e9nt szolg\u00e1lt. \u00c9vsz\u00e1zadokkal azel\u0151tt, hogy Kolumbusz \u00e1tkelt az Atlanti-\u00f3ce\u00e1non, hatalmas kereskedelmi \u00fatvonalh\u00e1l\u00f3zatok sz\u00e1ll\u00edtott\u00e1k a kaka\u00f3t \u00e9s az obszidi\u00e1nt, m\u00edg a papok a V\u00e9nusz mozg\u00e1s\u00e1t \u00e9s a kukorica ritmus\u00e1t t\u00e9rk\u00e9pezt\u00e9k fel. A spanyol konkviszt\u00e1dorok \u00e9rkez\u00e9se az 1500-as \u00e9vek elej\u00e9n szakad\u00e1st jelentett, mivel Hern\u00e1n Cort\u00e9s hadnagyai, majd k\u00e9s\u0151bb Pedro de Alvarado v\u00e1rost v\u00e1ros ut\u00e1n leig\u00e1ztak, a maja birtokot \u00daj-Spanyolorsz\u00e1g alkir\u00e1lys\u00e1g\u00e1v\u00e1 alak\u00edtva. A maj\u00e1k azonban nem t\u0171ntek el: nyelv\u00fck t\u00f6bb ezer faluban \u00e9l tov\u00e1bb, szellem\u00fck szent cenot\u00e9kban lakozik, k\u0151templomaik pedig m\u00e9g mindig a dzsungel lombkoron\u00e1ja f\u00f6l\u00e9 emelkednek.<\/p>\n<p>A f\u00fcggetlens\u00e9g 1821 szeptember\u00e9ben \u00e9rkezett el, kezdetben Mexik\u00f3val megosztva, majd 1823-t\u00f3l a K\u00f6z\u00e9p-amerikai Sz\u00f6vets\u00e9gi K\u00f6zt\u00e1rsas\u00e1g r\u00e9szek\u00e9nt meger\u0151s\u00edt\u00e9st nyert, eg\u00e9szen 1841-es feldarabol\u00f3d\u00e1s\u00e1ig. A tizenkilencedik sz\u00e1zad tov\u00e1bbi r\u00e9sze sem bizonyult kev\u00e9sb\u00e9 nyugtalannak. A hatalmi br\u00f3kerek \u00e9s a caudill\u00f3k gyors egym\u00e1sut\u00e1nban ragadt\u00e1k magukhoz az ir\u00e1ny\u00edt\u00e1st, gyakran a k\u00e1v\u00e9- \u00e9s ban\u00e1nkoncesszi\u00f3k ir\u00e1nt \u00e9rdekl\u0151d\u0151 k\u00fclf\u00f6ldi \u00e9rdekek t\u00e1mogat\u00e1s\u00e1val. A huszadik sz\u00e1zad egy sor er\u0151s ember sorakoz\u00e1s\u00e1val kezd\u0151d\u00f6tt, akik mindegyike Washington geopolitikai terveihez \u00e9s a United Fruit, valamint ut\u00f3dainak kereskedelmi k\u00e9nyszereihez k\u00f6t\u0151d\u00f6tt. 1944-ben, amikor Jorge Ubico t\u00e1bornokot katonatisztek \u00e9s civilek koal\u00edci\u00f3ja els\u00f6p\u00f6rte a hatalomb\u00f3l, egy r\u00f6vid reform\u00e9vtized virradt: a mez\u0151gazdas\u00e1gi f\u00f6ldter\u00fcletek \u00fajraeloszt\u00e1sa, a munkav\u00e1llal\u00f3k v\u00e9delme \u00e9s egy kezdetleges szoci\u00e1lis biztons\u00e1gi h\u00e1l\u00f3 egy befogad\u00f3bb politik\u00e1t \u00edg\u00e9rt. Az 1954-es puccs azonban \u2013 amelyet amerikai \u00fcgyn\u00f6k\u00f6k \u00e9s konzervat\u00edv f\u00f6ldbirtokosok szerveztek \u2013 megd\u00f6nt\u00f6tte a polg\u00e1ri korm\u00e1nyt, \u00e9s vissza\u00e1ll\u00edtotta az oligarchikus uralmat.<\/p>\n<p>Ezt dermeszt\u0151 brutalit\u00e1s\u00fa polg\u00e1rh\u00e1bor\u00fa k\u00f6vette 1960-t\u00f3l az 1996-os b\u00e9kemeg\u00e1llapod\u00e1sig, amely bizonytalan nyugalmat hozott. A korm\u00e1nyer\u0151k, amelyeket gyakran k\u00fclf\u00f6ldi katonai tan\u00e1csad\u00f3k felkel\u00e9sellenes doktr\u00edn\u00e1i vez\u00e9reltek, a felperzselt f\u00f6ld politik\u00e1j\u00e1t l\u00e9ptett\u00e9k \u00e9letbe a maja felf\u00f6ldi falvakban, t\u00edzezrek hal\u00e1l\u00e1t vagy elt\u0171n\u00e9s\u00e9t okozva. A mai b\u00e9ke t\u00f6r\u00e9keny alapokon nyugszik: a gazdas\u00e1gi n\u00f6veked\u00e9s \u00fajraindult, \u00e9s az egym\u00e1st k\u00f6vet\u0151 v\u00e1laszt\u00e1sok a demokratikus t\u00f6rekv\u00e9sekr\u0151l tan\u00faskodnak, m\u00e9gis kev\u00e9s az \u0151szinte hit az int\u00e9zm\u00e9nyekben. A lakoss\u00e1g t\u00f6bb mint fel\u00e9t a szeg\u00e9nys\u00e9g s\u00fajtja; k\u00f6zel negyed\u00fck kr\u00f3nikus \u00e9hez\u00e9ssel k\u00fczd; az illeg\u00e1lis h\u00e1l\u00f3zatok pedig k\u00e1b\u00edt\u00f3szer-kereskedelemmel foglalkoznak, er\u0151szakot sz\u00edtanak \u00e9s al\u00e1\u00e1ss\u00e1k a k\u00f6zbizalmat.<\/p>\n<p>E megpr\u00f3b\u00e1ltat\u00e1sokkal teli h\u00e1tt\u00e9r el\u0151tt vir\u00e1gzik Guatemala \u00f6kosziszt\u00e9m\u00e1ja. A nyugati felf\u00f6ldek k\u00f6derd\u0151it\u0151l, ahol a quetzal a brom\u00e9li\u00e1kkal teli \u00e1gak k\u00f6z\u00f6tt cik\u00e1zik, a Pet\u00e9n szezon\u00e1lisan el\u00e1rasztott, jagu\u00e1rokkal \u00e9s tap\u00edrokkal teli szavann\u00e1iig a k\u00f6zt\u00e1rsas\u00e1g Mezoamerika egyik legfontosabb biodiverzit\u00e1si g\u00f3cpontj\u00e1nak ad otthont. A foly\u00f3k r\u00f6viden kanyarognak a Csendes-\u00f3ce\u00e1n fel\u00e9, m\u00e9gis mennyd\u00f6rg\u0151 art\u00e9ri\u00e1kk\u00e1 duzzadnak a Karib-medenc\u00e9ben \u2013 k\u00f6zt\u00fck a Motagua, a Polochic \u00e9s az Usumacinta, amely a Chiapassal hat\u00e1ros. Az Izabal-t\u00f3, amelyet a Dulce foly\u00f3 t\u00e1pl\u00e1l, \u00fagy csillog, mint egy es\u0151erd\u0151vel szeg\u00e9lyezett t\u00fck\u00f6r; \u00e9desvize lamantinokat \u00e9s kajm\u00e1nokat t\u00e1pl\u00e1l, m\u00edg partjai gyarmati er\u0151d\u00f6k \u00e9s hal\u00e1szfalvak \u00f6lelik k\u00f6r\u00fcl.<\/p>\n<p>A v\u00e1rosi \u00e9let a felf\u00f6ld\u00f6n tal\u00e1lkozik, ahol Guatemala v\u00e1rosa egy hegyi v\u00f6lgyben ter\u00fcl el, otthont adva a Nemzeti Lev\u00e9lt\u00e1rnak, a Nemzeti K\u00f6nyvt\u00e1rnak \u00e9s a R\u00e9g\u00e9szeti \u00e9s Etnol\u00f3giai M\u00fazeumnak, a j\u00e1demaszkok \u00e9s ker\u00e1miaszobrok t\u00e1rh\u00e1z\u00e1nak, amelyek kir\u00e1lyi dinaszti\u00e1kr\u00f3l suttognak. A f\u0151v\u00e1roson t\u00fal fekszik Antigua Guatemala, a r\u00e1csos erk\u00e9lyek \u00e9s omladoz\u00f3 barokk templomok tizennyolcadik sz\u00e1zadi gy\u00f6ngyszeme \u2013 a szeizmikus hegek \u00e9s a vulk\u00e1ni hamu szabadt\u00e9ri m\u00fazeuma. Nyugatabbra az Atitl\u00e1n-t\u00f3 \u2013 amelyet maja falvak \u00e9s vulk\u00e1nok \u00f6veznek \u2013 vonzza az utaz\u00f3kat, akik fa cs\u00f3nakokban sodr\u00f3dnak a nyugodt vizeken, \u00e9s minden faragott ajt\u00f3f\u00e9lf\u00e1ban felfedezik az \u0151si r\u00edtusok nyomait.<\/p>\n<p>A kulin\u00e1ris szok\u00e1sok, ak\u00e1rcsak maga a kult\u00fara, a maja gy\u00f6kerekre vezethet\u0151k vissza. A kukorica tov\u00e1bbra is uralkod\u00f3 t\u00e9szta \u2013 nixtamaliz\u00e1lj\u00e1k tortill\u00e1kk\u00e1 \u00e9s tamal\u00e9kk\u00e1, erjesztik atol\u00e9kk\u00e1, majd szent t\u00e9szt\u00e1v\u00e1 pr\u00e9selik fiambre-k\u00e9nt Mindenszentek napj\u00e1n. A chili feldobja a paradicsomos kak&#039;ikot pulyk\u00e1val; a fekete bab a cocido gy\u00f6k\u00e9rz\u00f6lds\u00e9g- \u00e9s h\u00faskever\u00e9ke mellett p\u00e1rol\u00f3dik. Antigu\u00e1n hajnalban az utcai standokon chuchitosokat \u2013 paradicsomos sals\u00e1ban f\u00fcrd\u0151 apr\u00f3 tamal\u00e9kat \u2013, vagy \u00e9des krumplip\u00fcr\u00e9-csomagokat \u00e1rulnak, amelyek d\u00e9lel\u0151tt k\u00f6zep\u00e9re elt\u0171nnek. Decemberben a h\u00e1ztart\u00e1sok megtelnek a ponche \u2013 f\u0171szeres folyad\u00e9kban p\u00e1rolt gy\u00fcm\u00f6lcs\u00f6k \u2013 illat\u00e1val \u00e9s a tamalador\u00e1k f\u00e1rads\u00e1gos munk\u00e1j\u00e1val, akik ban\u00e1nlev\u00e9lbe csomagolt masa-halmokat k\u00e9sz\u00edtenek.<\/p>\n<p>A k\u00f6zt\u00e1rsas\u00e1g hat r\u00e9gi\u00f3ja olyan ellent\u00e9teket mutat, hogy egyetlen utaz\u00e1ssal is \u00e1t lehet szelni az \u00e9ghajlati sz\u00e9ls\u0151s\u00e9geket. A K\u00f6z\u00e9p-felf\u00f6ld\u00f6n a vulk\u00e1nok t\u00f6bb mint 3000 m\u00e9ter magasra emelkednek, a sz\u00e9l f\u00fajta felh\u0151k por\u00e1t bor\u00edtj\u00e1k, \u00e9s az \u00e9jszakai fagy h\u0171ti \u0151ket. A maja falvakkal tark\u00edtott Nyugati-felf\u00f6ld teraszos mez\u0151k \u00e9s rejtett szent\u00e9lyek fel\u00e9 kanyarg\u00f3 gyalogutak l\u00e1tk\u00e9p\u00e9t k\u00edn\u00e1lja. A sz\u00e1razs\u00e1got \u00e9lvez\u0151 Kelet-Guatemala tanyasi ter\u00fcleteket \u00e9s spanyol v\u00e1rosokat foglal mag\u00e1ban, ahol a teh\u00e9nb\u0151r lobog a d\u00e9li h\u0151s\u00e9gben. A Karib-tenger partj\u00e1n mangrove torkolatok \u00e9s p\u00e1lmapartok ny\u00edlnak a mezoamerikai korallz\u00e1tony fel\u00e9; beljebb a Pet\u00e9n es\u0151erd\u0151je ad otthont az El Mirador \u00e9s Nak\u00fam szt\u00e9l\u00e9inek \u00e9s tereinek, a klasszikus el\u0151tti dics\u0151s\u00e9g eml\u00e9km\u0171veinek. A Sierra Madre lank\u00e1s lejt\u0151j\u00e9n fekv\u0151 Csendes-\u00f3ce\u00e1ni-alf\u00f6ld\u00f6n Monterrico fekete homokos strandjai tal\u00e1lhat\u00f3k, ahol a tengeri tekn\u0151s\u00f6k holdf\u00e9nyes hord\u00e1kban \u00e9rkeznek f\u00e9szket rakni.<\/p>\n<p>A sz\u00e1mtalan r\u00e9g\u00e9szeti lel\u0151hely k\u00f6z\u00fcl Tikal tr\u00f3nol a legfels\u0151bb helyen: a v\u00e1ros, amely egykor t\u00edzezrek otthona volt, az Elveszett Vil\u00e1g v\u00edzt\u00e1roz\u00f3ja az I. templom \u00e9s a K\u00f6zponti Akropolisz kett\u0151s cs\u00facsait t\u00fckr\u00f6zi. Csendesebb t\u00e1rsas\u00e1gban tal\u00e1lhat\u00f3 Iximch\u00e9 \u2013 a Kaqchikel t\u00f6rzs egykori f\u0151v\u00e1rosa, amely egynapos kir\u00e1ndul\u00e1ssal megk\u00f6zel\u00edthet\u0151 Antigu\u00e1b\u00f3l vagy Guatemalav\u00e1rosb\u00f3l \u2013, valamint Aguateca, ahol omladoz\u00f3 s\u00e1ncok \u0151rk\u00f6dnek a r\u00e9g\u00e9szeti \u00e1rkok felett, amelyekb\u0151l m\u00e9g mindig cser\u00e9pszil\u00e1nkok \u00e9s obszidi\u00e1n peng\u00e9k ker\u00fcltek el\u0151. Az El Miradorhoz vezet\u0151 kev\u00e9sb\u00e9 kitaposott \u00f6sv\u00e9ny hetekig tart\u00f3 gyalogl\u00e1st ig\u00e9nyel a t\u00f6retlen erd\u0151n kereszt\u00fcl, de a b\u00e1traknak megjutalmazza a La Danta nagy piramis\u00e1t \u2013 az emberis\u00e9g egyik legnagyobb \u00e9p\u00edtm\u00e9ny\u00e9t t\u00e9rfogat\u00e1t tekintve.<\/p>\n<p>A term\u00e9szet saj\u00e1t k\u0151- \u00e9s v\u00edzkatedr\u00e1lisokat k\u00edn\u00e1l. Az Alta Verapazban tal\u00e1lhat\u00f3 Semuc Champey leny\u0171g\u00f6z\u0151 l\u00e1tv\u00e1ny: egy m\u00e9szk\u0151h\u00edd tetej\u00e9n sorakoz\u00f3 j\u00e1demedenc\u00e9k zuhataga, melyet egy foly\u00f3 v\u00e1jt ki, mely a f\u00f6ld al\u00e1 zuhanva csak az\u00e9rt t\u00e9r vissza t\u00fcrkizk\u00e9k, v\u00e1ltoz\u00f3 \u00e1rnyalataiban. A k\u00f6zelben Lanqu\u00edn n\u00f6vi ki mag\u00e1t a m\u00e9szk\u0151barlangok barlangszer\u0171 sz\u00e1ja k\u00f6r\u00fcl, melyek a cseppk\u00f6vek cs\u00f6p\u00f6g\u00e9s\u00e9t visszhangozz\u00e1k. A Belize \u00e9s Honduras k\u00f6z\u00f6tt kanyarg\u00f3 kanyarg\u00f3s v\u00edzi \u00faton, a Rio Dulce ment\u00e9n az utaz\u00f3k meg\u00e1llnak a Finca Para\u00edso-n\u00e1l \u2013 a melegv\u00edz\u0171 forr\u00e1sokn\u00e1l, amelyek egy f\u00e9lrees\u0151 gy\u00f3gyf\u00fcrd\u0151h\u00f6z hasonl\u00f3an bugyognak \u2013, miel\u0151tt ell\u00e1togatn\u00e1nak a Castillo San Felipe de Lara-hoz, egy tizenhetedik sz\u00e1zadi er\u0151dh\u00f6z, amelynek okkers\u00e1rga falai a t\u00f3 h\u00e1tter\u00e9ben csillognak.<\/p>\n<p>A vulk\u00e1ni dr\u00e1ma \u00e1ltal vonzott l\u00e1togat\u00f3k sz\u00e1m\u00e1ra a Volc\u00e1n de Pacaya a beavat\u00e1si szertart\u00e1s r\u00e9sze. Az Antigu\u00e1r\u00f3l megk\u00f6zel\u00edthet\u0151 cs\u00facsra vezet\u0151 t\u00fara t\u00f6bb mint k\u00e9t \u00f3r\u00e1n \u00e1t tart\u00f3 izzaszt\u00f3 emelked\u0151n vezet fel \u2013 k\u00e9t \u00fatvonal v\u00e1lik el a k\u00f6zeli El Cedro \u00e9s San Francisco \u00fatvonalait\u00f3l, f\u0151k\u00e9nt a meredeks\u00e9gben. Park\u0151r\u00f6k \u00e9s katon\u00e1k j\u00e1r\u0151r\u00f6znek az \u00f6sv\u00e9nyeken, m\u00edg a nemzeti park \u00e1ltal enged\u00e9lyezett helyi idegenvezet\u0151k g\u0151zzel teli hasad\u00e9kokban navig\u00e1lnak. Azokon a napokon, amikor a tev\u00e9kenys\u00e9g megengedte, a l\u00e1togat\u00f3k egykor pillecukrot s\u00fct\u00f6ttek olvadt k\u00fcrt\u0151k felett; ma pedig az izz\u00f3 szikl\u00e1k f\u00e9ny\u00e9vel el\u00e9gszenek meg, kab\u00e1tba burkol\u00f3zva, hogy elh\u00e1r\u00edts\u00e1k a cs\u00facs h\u0171v\u00f6s szel\u00e9t.<\/p>\n<p>Mik\u00f6zben a turizmus a n\u00f6veked\u00e9s motorja \u2013 2008-ban nagyj\u00e1b\u00f3l 1,8 milli\u00e1rd doll\u00e1rt pump\u00e1lt a gazdas\u00e1gba, \u00e9s \u00e9vente mintegy k\u00e9tmilli\u00f3 l\u00e1togat\u00f3t vonz \u2013, Guatemala komoly egyenl\u0151tlens\u00e9gekkel k\u00fczd. Az egy f\u0151re jut\u00f3 GDP (v\u00e1s\u00e1rl\u00f3er\u0151-parit\u00e1son) megk\u00f6zel\u00edti a 10 998 doll\u00e1rt, m\u00e9gis a h\u00e1ztart\u00e1sok t\u00f6bb mint fele a szeg\u00e9nys\u00e9gi k\u00fcsz\u00f6b alatt \u00e9l, a hivatalos munkan\u00e9lk\u00fclis\u00e9gi r\u00e1ta pedig 3 sz\u00e1zal\u00e9k k\u00f6r\u00fcl mozog. A b\u0171n\u00f6z\u00e9s \u00e9s a korrupci\u00f3 al\u00e1\u00e1ssa a jog\u00e1llamis\u00e1got; a vid\u00e9ki csal\u00e1dok m\u00e9g a term\u00e9keny talajon is \u00e9lelmiszerhi\u00e1nnyal k\u00fczdenek, amelyet a t\u00f6rt\u00e9nelmi f\u00f6ldeloszt\u00e1si mint\u00e1k nehez\u00edtenek.<\/p>\n<p>A f\u0151v\u00e1ros m\u00fazeumai azonban kultur\u00e1lis meg\u00fajul\u00e1sr\u00f3l tan\u00faskodnak. Az Ixchel \u0150shonos Textil- \u00e9s Ruh\u00e1zatm\u00fazeum \u0151si mint\u00e1kkal sz\u0151tt huipileket mutat be. A Museo Popol Vuh j\u00e1de temetkez\u00e9si maszkokat, stukk\u00f3 domborm\u0171veket \u00e9s h\u00e1romdimenzi\u00f3s dior\u00e1m\u00e1kba \u00fajra\u00f6nt\u00f6tt k\u00f3dexeket mutat be. A kisebb v\u00e1rosokban \u2013 mind a 329 telep\u00fcl\u00e9sen egyben vagy t\u00f6bben \u2013 a kur\u00e1torok az \u0151shonos n\u00f6v\u00e9nyek, az egyh\u00e1zi m\u0171v\u00e9szet \u00e9s a mindennapi munka eszk\u00f6zeinek ki\u00e1ll\u00edt\u00e1sait tartj\u00e1k, meg\u0151rizve azokat a t\u00f6rt\u00e9neteket, amelyek egy\u00e9bk\u00e9nt a feled\u00e9s hom\u00e1ly\u00e1ba mer\u00fclhetn\u00e9nek.<\/p>\n<p>Ezen \u00f6r\u00f6ks\u00e9gek k\u00f6zepette Guatemala felt\u00e1rja igazi ir\u00e1nyt\u0171j\u00e9t: a rugalmass\u00e1got. Az alkonyatkor megvil\u00e1g\u00edtott szent\u00e9lyekbe v\u00e9sett maja napt\u00e1r arra eml\u00e9kezteti a l\u00e1togat\u00f3kat, hogy a vir\u00e1gz\u00e1si \u00e9vszakok a visz\u00e1lykod\u00e1sok hadj\u00e1ratait k\u00f6vetik. El\u00e1rasztott szavann\u00e1kon \u00e9s vulk\u00e1ni p\u00e1rk\u00e1nyokon, gyarmati homlokzatok \u00e9s falusi terek k\u00f6z\u00f6tt, ahol a piacok kukoric\u00e1t\u00f3l \u00e9s k\u00e1v\u00e9t\u00f3l l\u00fcktetnek, a k\u00f6zt\u00e1rsas\u00e1g az eml\u00e9kezet ed\u00e9nyek\u00e9nt marad fenn. \u00datjain \u00e1tkelni olyan, mint korszakokon \u00e1t utazni: a dzsungel csendj\u00e9ben, a festett k\u00e1poln\u00e1kban a k\u00f3rusok zend\u00fcl\u00e9s\u00e9ben, a tektonikus lemezek morajl\u00e1s\u00e1ban a l\u00e1bunk alatt. Olyan, mint az \u0151si pr\u00f3f\u00e9ci\u00e1k \u00e9s a modern t\u00f6rekv\u00e9sek tal\u00e1lkoz\u00e1s\u00e1n\u00e1l \u00e1llni, ahol a k\u0151 \u2013 az utols\u00f3 obszidi\u00e1nszil\u00e1nkig \u2013 az emberis\u00e9g t\u00f6rt\u00e9nelm\u00e9nek egyetlen fejezet\u00e9r\u0151l tan\u00faskodik.<\/p>","protected":false},"excerpt":{"rendered":"<p>Guatemala, amelynek becs\u00fclt lakoss\u00e1ga k\u00f6r\u00fclbel\u00fcl 17,6 milli\u00f3, K\u00f6z\u00e9p-Amerika legn\u00e9pesebb orsz\u00e1ga. Hivatalosan Guatemalai K\u00f6zt\u00e1rsas\u00e1gk\u00e9nt ismert Honduras keleten, Mexik\u00f3val \u00e9szakon \u00e9s nyugaton, Belize-zel \u00e9szakkeleten, El Salvadorral pedig d\u00e9lkeleten hat\u00e1ros. V\u00edzrajzilag a Hondurasi-\u00f6b\u00f6l \u00e9szakkeleten, d\u00e9len pedig a Csendes-\u00f3ce\u00e1n hat\u00e1rolja.<\/p>","protected":false},"author":1,"featured_media":4397,"parent":24084,"menu_order":0,"comment_status":"closed","ping_status":"closed","template":"elementor_theme","meta":{"_eb_attr":"","footnotes":""},"class_list":["post-9021","page","type-page","status-publish","has-post-thumbnail"],"_links":{"self":[{"href":"https:\/\/travelshelper.com\/hu\/wp-json\/wp\/v2\/pages\/9021","targetHints":{"allow":["GET"]}}],"collection":[{"href":"https:\/\/travelshelper.com\/hu\/wp-json\/wp\/v2\/pages"}],"about":[{"href":"https:\/\/travelshelper.com\/hu\/wp-json\/wp\/v2\/types\/page"}],"author":[{"embeddable":true,"href":"https:\/\/travelshelper.com\/hu\/wp-json\/wp\/v2\/users\/1"}],"replies":[{"embeddable":true,"href":"https:\/\/travelshelper.com\/hu\/wp-json\/wp\/v2\/comments?post=9021"}],"version-history":[{"count":0,"href":"https:\/\/travelshelper.com\/hu\/wp-json\/wp\/v2\/pages\/9021\/revisions"}],"up":[{"embeddable":true,"href":"https:\/\/travelshelper.com\/hu\/wp-json\/wp\/v2\/pages\/24084"}],"wp:featuredmedia":[{"embeddable":true,"href":"https:\/\/travelshelper.com\/hu\/wp-json\/wp\/v2\/media\/4397"}],"wp:attachment":[{"href":"https:\/\/travelshelper.com\/hu\/wp-json\/wp\/v2\/media?parent=9021"}],"curies":[{"name":"wp","href":"https:\/\/api.w.org\/{rel}","templated":true}]}}