{"id":9003,"date":"2024-09-06T21:27:36","date_gmt":"2024-09-06T21:27:36","guid":{"rendered":"https:\/\/travelshelper.com\/staging\/?page_id=9003"},"modified":"2026-03-13T17:25:59","modified_gmt":"2026-03-13T17:25:59","slug":"trinidad-es-tobago","status":"publish","type":"page","link":"https:\/\/travelshelper.com\/hu\/destinations\/north-america\/trinidad-and-tobago\/","title":{"rendered":"Trinidad \u00e9s Tobago"},"content":{"rendered":"<p>Trinidad \u00e9s Tobago a Karib-t\u00e9rs\u00e9g legd\u00e9lebbi k\u00f6zt\u00e1rsas\u00e1ga, egy szigetcsoportb\u00f3l \u00e1ll\u00f3 nemzet, amelyet k\u00e9t f\u0151 sziget \u2013 a 4768 km\u00b2-es Trinidad \u00e9s a 300 km\u00b2-es Tobago \u2013 d\u00edsz\u00edt, amelyeket egy 37 kilom\u00e9ter hossz\u00fa csatorna k\u00f6t \u00f6ssze tiszta tr\u00f3pusi vizekben. Az 5128 km\u00b2-es sz\u00e1razf\u00f6ld\u00f6n nagyj\u00e1b\u00f3l 1,5 milli\u00f3 lakos \u00e9l, \u00e9s k\u00fclf\u00f6ld\u00f6n t\u00f6bb mint 335 000 lelket sz\u00e1ml\u00e1l\u00f3 diaszp\u00f3ra \u00e9l. Mind\u00f6ssze 11 kilom\u00e9terre \u00e9szakkeletre Venezuel\u00e1t\u00f3l \u00e9s 130 kilom\u00e9terre d\u00e9lre Grenad\u00e1t\u00f3l fekszik. A k\u00f6zigazgat\u00e1si k\u00f6zpont, Port of Spain, \u00e9les ellent\u00e9tben \u00e1ll Chaguanasszal, az orsz\u00e1g legn\u00e9pesebb telep\u00fcl\u00e9s\u00e9vel, amely a term\u00e9keny Kelet-Nyugati folyos\u00f3 k\u00f6zep\u00e9n fekszik. Ez a k\u00f6zt\u00e1rsas\u00e1g egyszerre szorgalmas \u00e9s kultur\u00e1lis, a geol\u00f3gi\u00e1t, a t\u00f6rt\u00e9nelmet, a gazdas\u00e1got \u00e9s az \u00fcnnepi hangulatot a d\u00e9li f\u00e9lteke egyed\u00fcl\u00e1ll\u00f3 sz\u00f6vet\u00e9be sz\u00f6vi.<\/p>\n<p>A felsz\u00ednform\u00e1k D\u00e9l-Amerika kontinent\u00e1lis talapzat\u00e1r\u00f3l erednek, egy olyan ny\u00falv\u00e1nyr\u00f3l, amelynek tektonikus vonala kett\u0151s hegyvid\u00e9ki birodalmakat \u00e9s s\u00edkvid\u00e9ki kiterjed\u00e9seket form\u00e1lt. Trinidadon az \u00c9szaki-hegys\u00e9g szaggatott \u00edvben h\u00faz\u00f3dik a partvonal ment\u00e9n, legmagasabb cs\u00facsa \u2013 az El Cerro del Aripo \u2013 940 m\u00e9terrel magasodik a tengerszint f\u00f6l\u00e9; a k\u00f6zeli El Tucuche 936 m\u00e9terre emelkedik. E gerinc alatt hordal\u00e9kv\u00f6lgyek h\u00faz\u00f3dnak, amelyeket \u00e9vezredeknyi \u00fcled\u00e9k cs\u00f3kolt meg term\u00e9kenys\u00e9ggel, m\u00edg a K\u00f6z\u00e9ps\u0151 \u00e9s D\u00e9li-hegys\u00e9g, b\u00e1r szer\u00e9ny magass\u00e1gban, olyan foly\u00f3k medr\u00e9t ringatj\u00e1k, amelyek olyan v\u00edzt\u00e1roz\u00f3kat t\u00e1pl\u00e1lnak, mint a Hollis, a Navet \u00e9s a Caroni. Tobago domborzata ezzel szemben egy d\u00e9lnyugati s\u00edks\u00e1gra \u00e9s egy keleti felf\u00f6ldre oszlik, amelynek zenitje, a Galamb-cs\u00facs, el\u00e9ri az 550 m\u00e9tert. Partjait korallz\u00e1tonyok szeg\u00e9lyezik, v\u00edz alatti bonyolults\u00e1got k\u00edn\u00e1lva, kieg\u00e9sz\u00edtve a sz\u00e1razf\u00f6ld belsej\u00e9ben l\u00e9v\u0151 dr\u00e1mai cs\u00facsokat.<\/p>\n<p>Az egyenl\u00edt\u0151i, m\u00e9gis passz\u00e1tszelek \u00e1ltal m\u00e9rs\u00e9kelt \u00e9ghajlat alf\u00f6ldi h\u0151s\u00e9gben nyilv\u00e1nul meg, amelyet k\u00e9t k\u00fcl\u00f6n\u00e1ll\u00f3 \u00e9vszak szak\u00edt meg: egy sz\u00e1raz id\u0151szak janu\u00e1rt\u00f3l m\u00e1jusig, majd egy nedves id\u0151szak. Az \u00e9szakkeleti szell\u0151 m\u00e9rs\u00e9kli a part menti p\u00e1ratartalmat, m\u00edg a k\u00f6d \u00e9s a felh\u0151k szinte \u00e1lland\u00f3 nedvess\u00e9gbe bor\u00edtj\u00e1k az \u00c9szaki-hegys\u00e9get, el\u0151seg\u00edtve az es\u0151erd\u0151k n\u00f6veked\u00e9s\u00e9t, amelyek j\u00f3val h\u0171v\u00f6sebbek, mint a s\u00edks\u00e1gok. A hurrik\u00e1nok ritk\u00e1n mer\u00e9szkednek ilyen messzire d\u00e9lre, b\u00e1r Tobago eml\u00e9keztet az 1963. szeptember 30-i Flora hurrik\u00e1nra, ami ritkas\u00e1g a meteorol\u00f3giai kr\u00f3nik\u00e1iban. Port of Spainben a rekordh\u0151m\u00e9rs\u00e9klet el\u00e9ri a 39 \u00b0C-ot, \u00e9s a magasabb z\u00f3n\u00e1kban 12 \u00b0C-ra is s\u00fcllyedhet, ami hangs\u00falyozza az \u00e9ghajlati amplit\u00fad\u00f3t, amelyet nem csak a sz\u00e9less\u00e9gi fok, hanem a tengerszint feletti magass\u00e1g alak\u00edt.<\/p>\n<p>A szigetek emberi kr\u00f3nik\u00e1i m\u00e1r j\u00f3val Kolumbusz 1498-as \u00f6sszecsap\u00e1sa el\u0151tt nyomon k\u00f6vetik az \u0151slakosok telep\u00fcl\u00e9seit. A spanyol uralom ut\u00e1n Trinidad 1797-ben brit fennhat\u00f3s\u00e1g al\u00e1 ker\u00fclt, 1802-ben hivatalosan \u00e1tengedt\u00e9k, majd 1889-ben egyes\u00fclt Tobag\u00f3val; 1962-ben elnyerte a szuver\u00e9n st\u00e1tuszt, majd 1976-ban k\u00f6zt\u00e1rsas\u00e1gg\u00e1 v\u00e1lt. A korm\u00e1nyz\u00e1s \u00e9s a migr\u00e1ci\u00f3 ezen r\u00e9tegei egy olyan t\u00e1rsadalmat hagytak h\u00e1tra, ahol az afrikai, indiai, eur\u00f3pai, k\u00ednai, amerikai indi\u00e1n \u00e9s arab \u00f6r\u00f6ks\u00e9gek tal\u00e1lkoznak. A kreol nyelv vir\u00e1gzik a kelet-indiai hagyom\u00e1nyok mellett; a szinkretikus ritmusok besziv\u00e1rognak a mindennapi \u00e9letbe.<\/p>\n<p>Az olaj \u00e9s a g\u00e1z adja az orsz\u00e1g els\u0151dleges ipari forr\u00e1s\u00e1t, ami megk\u00fcl\u00f6nb\u00f6zteti a karibi t\u00e9rs\u00e9gbeli orsz\u00e1gokt\u00f3l, amelyek gyakran a turizmusra t\u00e1maszkodnak. A gazdag sz\u00e9nhidrog\u00e9nk\u00e9szletek alapj\u00e1t k\u00e9pezik az egy f\u0151re jut\u00f3 GDP adatai, amelyek a glob\u00e1lis magas j\u00f6vedelm\u0171 kateg\u00f3ri\u00e1ba tartoznak, ezt a st\u00e1tuszt pedig meger\u0151s\u00edtette az OECD 2011-es \u00e1tsorol\u00e1sa a fejl\u0151d\u0151 kateg\u00f3ri\u00e1n k\u00edv\u00fclre. A feldolgoz\u00f3ipar \u2013 \u00e9lelmiszerek, italok, cement \u2013 \u200b\u200bregion\u00e1lis piacokat szolg\u00e1l ki, m\u00edg a mez\u0151gazdas\u00e1g kaka\u00f3- \u00e9s citrusf\u00e9l\u00e9k termeszt\u00e9s\u00e9vel j\u00e1rul hozz\u00e1 a turizmushoz. A turizmus, b\u00e1r nem az a gazdas\u00e1gi pill\u00e9r, mint m\u00e1sutt, egyre nagyobb figyelmet kap, k\u00fcl\u00f6n\u00f6sen Tobago partjain.<\/p>\n<p>A karnev\u00e1l, a nemzeti identit\u00e1s jelk\u00e9pe, j\u00f3l p\u00e9ld\u00e1zza ezt a kultur\u00e1lis f\u00fazi\u00f3t. Minden febru\u00e1rban vagy m\u00e1rciusban utcai felvonul\u00e1sok \u00f6z\u00f6nlik el Port of Spain-t, jelmezes \u00fcnnepl\u0151k dics\u0151\u00edtik a calypso \u00e9s soca \u00fatt\u00f6r\u0151ket; ac\u00e9lp\u00e1nc\u00e9los zenekarok besz\u00e9lgetnek az afrikai tal\u00e1l\u00e9konys\u00e1gb\u00f3l sz\u00fcletett dallamokban; limb\u00f3 t\u00e1ncosok a gravit\u00e1ci\u00f3 dacol\u00e1s\u00e1t fejezik ki. A Hosay megeml\u00e9kez\u00e9sek \u00e9s a Diwali vil\u00e1g\u00edt\u00e1si szertart\u00e1sok vall\u00e1si napt\u00e1rakban szerepelnek, m\u00edg a chutney \u00e9s a parang hibrid zenei dialektusokk\u00e9nt rezon\u00e1lnak. Mind az indiai \u00e9rkez\u00e9s napja, mind az emancip\u00e1ci\u00f3 napja egyed\u00fcl\u00e1ll\u00f3 st\u00e1tusszal b\u00edr, mint nemzeti \u00fcnnepek, amelyek elismerik a szerz\u0151d\u00e9st \u00e9s az emancip\u00e1ci\u00f3t \u2013 az els\u0151 ilyen hivatalos elismer\u00e9sek vil\u00e1gszerte.<\/p>\n<p>A k\u00f6zleked\u00e9si h\u00e1l\u00f3zatok a modern ig\u00e9nyek \u00e9s a term\u00e9szeti korl\u00e1tok kett\u0151ss\u00e9g\u00e9t t\u00fckr\u00f6zik. Trinidad n\u00e9pes \u00fatvonal\u00e1t aut\u00f3p\u00e1ly\u00e1k \u2013 az Uriah Butler, a Churchill\u2013Roosevelt \u00e9s a Sir Solomon Hochoy \u2013 h\u00e1l\u00f3zz\u00e1k be, m\u00edg Tobago a Claude Noel aut\u00f3p\u00e1ly\u00e1ra t\u00e1maszkodik a sz\u00e1razf\u00f6ldi \u00f6sszek\u00f6ttet\u00e9shez. T\u00f6megk\u00f6zleked\u00e9si buszok, mag\u00e1n taxik \u00e9s minibuszok k\u00f6zlekednek ezeken az art\u00e9ri\u00e1kon. Kompok \u00e9s v\u00edzitaxik k\u00f6tik \u00f6ssze Port of Spain-t Scarborough-val \u00e9s San Fernand\u00f3val; a leveg\u0151t tov\u00e1bbra is \u00e1tsz\u00farja a Piarco Nemzetk\u00f6zi Rep\u00fcl\u0151t\u00e9r \u00e9s az ANR Robinson Nemzetk\u00f6zi Rep\u00fcl\u0151t\u00e9r. Az 1931-ben megnyitott \u00e9s \u00e9vtizedek alatt \u00fajj\u00e1\u00e9p\u00edtett Piarco 2023-ban elnyerte a Skytrax &#034;Legjobb Karib-t\u00e9rs\u00e9gi Rep\u00fcl\u0151t\u00e9r&#034; d\u00edj\u00e1t, 2008-ban mintegy 2,6 milli\u00f3 utast fogadott, \u00e9s a Caribbean Airlines k\u00f6zpontjak\u00e9nt szolg\u00e1lt.<\/p>\n<p>A k\u00f6zt\u00e1rsas\u00e1g part menti perem\u00e9n sz\u00e1mos, egym\u00e1st\u00f3l jelent\u0151sen elt\u00e9r\u0151 jelleg\u0171 strand tal\u00e1lhat\u00f3. Trinidad \u00e9szaki partvid\u00e9k\u00e9n porszer\u0171 homok \u00e9s krist\u00e1lytiszta hull\u00e1mok h\u00faz\u00f3dnak Maracasn\u00e1l \u00e9s Las Cuevasn\u00e1l; Mayaro keleti megk\u00f6zel\u00edt\u00e9se sz\u00e9lesebb, kagyl\u00f3kb\u00f3l sz\u0151tt homokfel\u00fcleteket eredm\u00e9nyez. Quinam vize az Orinoco foly\u00f3 \u00fcled\u00e9kes lenyomat\u00e1t viseli mag\u00e1n, melegebb \u00e1rnyalatot k\u00f6lcs\u00f6n\u00f6zve neki. Ezzel szemben Tobago Pigeon Pointja \u00e9s Englishman&#039;s Bay-je a karibi idill mintap\u00e9ld\u00e1nya \u2013 feh\u00e9r homok, nyugodt lag\u00fan\u00e1k \u00f6lelik k\u00f6r\u00fcl, korallkertek karny\u00fajt\u00e1snyira.<\/p>\n<p>A mocs\u00e1ri \u00f6kosziszt\u00e9m\u00e1k tov\u00e1bb v\u00e1ltozatos\u00edtj\u00e1k Trinidad \u00f6kol\u00f3giai portf\u00f3li\u00f3j\u00e1t. A Caroni-mocs\u00e1r, egy mangrove rezerv\u00e1tum, alkonyatkor skarl\u00e1tv\u00f6r\u00f6s \u00edbisz csapatoknak ad otthont, rep\u00fcl\u00e9si \u00edveik b\u00edborv\u00f6r\u00f6s cs\u00edkokat festenek az \u00e9gre. A keletebbre fekv\u0151 Nariva \u00e9desv\u00edzi mocsarakat ad otthont, ahol a kajm\u00e1nok \u00e9s a v\u00edzimadarak vir\u00e1goznak. Ezek a vizes \u00e9l\u0151helyek, amelyek elengedhetetlenek a hal\u00e1szathoz \u00e9s az \u00e1rv\u00edzv\u00e9delemhez, j\u00f3l p\u00e9ld\u00e1zz\u00e1k a f\u00f6ld, a v\u00edz \u00e9s a vadvil\u00e1g k\u00f6lcs\u00f6nhat\u00e1s\u00e1t, amelyt\u0151l a helyiek meg\u00e9lhet\u00e9se f\u00fcgg.<\/p>\n<p>A v\u00e1rosi \u00e9let Port of Spain lombos sug\u00e1r\u00fatjai \u00e9s gyarmati eml\u00e9kei k\u00f6r\u00e9 \u00e9p\u00fcl, de nem kev\u00e9sb\u00e9 \u00e9l\u00e9nkek a Chaguanas piacai \u00e9s San Fernando foly\u00f3parti s\u00e9t\u00e1nyai. Az \u00e9jszakai \u00e9let olyan ter\u00fcletek fel\u00e9 vonz\u00f3dik, mint Port of Spain Ariapita sug\u00e1r\u00fatja, ahol ac\u00e9llemez hangjai visszhangoznak a szabadt\u00e9ri kioszkokb\u00f3l; Chaguaramas klubjai hajnalig pulz\u00e1lnak, b\u00e1r az \u00f3vatoss\u00e1g \u00f3vatlan l\u00e1togat\u00f3kat s\u00fcrgeti. A k\u00f6zt\u00e1rsas\u00e1g kultur\u00e1lis napt\u00e1r\u00e1ban hindu fesztiv\u00e1lok szerepelnek Phagwah-t\u00f3l Ganesh Utsav-ig, kereszt\u00e9ny megeml\u00e9kez\u00e9sek nagyb\u00f6jtt\u0151l Corpus Christi-ig, muszlim \u00fcnneps\u00e9gek, mint p\u00e9ld\u00e1ul az Eid al-Fitr \u00e9s a Hosay, valamint megeml\u00e9kez\u00e9sek az afrikai \u00e9s \u0151slakos \u00f6r\u00f6ks\u00e9gr\u0151l.<\/p>\n<p>Az oktat\u00e1si \u00e9s eg\u00e9szs\u00e9g\u00fcgyi mutat\u00f3k a gazdas\u00e1gi j\u00f3l\u00e9ttel p\u00e1rhuzamosan t\u00fckr\u00f6zik az \u00e1llami beruh\u00e1z\u00e1sokat. Az \u00edr\u00e1stud\u00e1si ar\u00e1ny az egyetemes szint k\u00f6zel\u00e9ben mozog; az \u00e1ltal\u00e1nos \u00e9s k\u00f6z\u00e9pfok\u00fa int\u00e9zm\u00e9nyek minden r\u00e9gi\u00f3ban megtal\u00e1lhat\u00f3k, m\u00edg a fels\u0151oktat\u00e1s egyar\u00e1nt vonzza a belf\u00f6ldi \u00e9s a karibi di\u00e1kokat. A k\u00f3rh\u00e1zak \u00e9s klinik\u00e1k h\u00e1l\u00f3zat\u00e1n kereszt\u00fcl ny\u00fajtott k\u00f6zeg\u00e9szs\u00e9g\u00fcgy olt\u00e1si programokat, anyai ell\u00e1t\u00e1st \u00e9s tr\u00f3pusi betegs\u00e9gek fel\u00fcgyelet\u00e9t biztos\u00edtja.<\/p>\n<p>A Karibi K\u00f6z\u00f6ss\u00e9g region\u00e1lis geopolitik\u00e1j\u00e1n bel\u00fcl Trinidad \u00e9s Tobago ar\u00e1nytalanul nagy befoly\u00e1st gyakorol energiaszolg\u00e1ltat\u00f3k\u00e9nt, diplom\u00e1ciai k\u00f6zvet\u00edt\u0151k\u00e9nt \u00e9s kultur\u00e1lis jelz\u0151f\u00e9nyk\u00e9nt. Olaja \u00e9s cseppfoly\u00f3s\u00edtott f\u00f6ldg\u00e1za a kisebb szomsz\u00e9dokat t\u00e1mogatja, m\u00edg karnev\u00e1lja a f\u00e9lteke minden t\u00e1j\u00e1r\u00f3l vonzza a turist\u00e1kat \u00e9s az el\u0151ad\u00f3kat. Az \u00e9szak-amerikai \u00e9s eur\u00f3pai diaszp\u00f3ra k\u00f6z\u00f6ss\u00e9gei transznacion\u00e1lis kapcsolatokat \u00e1polnak, p\u00e9nzk\u00fcld\u00e9seket k\u00fcldenek, \u00e9s k\u00fclf\u00f6ld\u00f6n \u0151rzik a kulin\u00e1ris \u00e9s zenei hagyom\u00e1nyokat.<\/p>\n<p>A k\u00f6zt\u00e1rsas\u00e1g j\u00f6v\u0151beli kil\u00e1t\u00e1sai a diverzifik\u00e1ci\u00f3s er\u0151fesz\u00edt\u00e9seken m\u00falnak \u2013 meg\u00fajul\u00f3 energia k\u00eds\u00e9rleti projekteken, \u00f6koturisztikai kezdem\u00e9nyez\u00e9seken v\u00e9dett erd\u0151kben, valamint az amerikai indi\u00e1n helysz\u00edneket \u00e9s a gyarmati \u00e9p\u00edt\u00e9szetet \u00f6sszefon\u00f3 \u00f6r\u00f6ks\u00e9gturisztikai \u00fatvonalakon. A korm\u00e1nyzati tervek k\u00f6nny\u0171vas\u00fati folyos\u00f3kat ir\u00e1nyoznak el\u0151 Trinidadban, b\u00e1r az ilyen projektek tov\u00e1bbra is csak v\u00e1gy\u00e1lomk\u00e9nt mer\u00fclnek fel. Tobago igyekszik egyens\u00falyt teremteni z\u00e1tonyainak v\u00e9delme \u00e9s a fenntarthat\u00f3 partvonal-fejleszt\u00e9s k\u00f6z\u00f6tt. Ezek a hossz\u00fa t\u00e1v\u00fa \u00e1llami \u00e9s mag\u00e1n partners\u00e9gekb\u0151l ered\u0151 kezdem\u00e9nyez\u00e9sek egy olyan szigetorsz\u00e1got t\u00fckr\u00f6znek, amely egyszerre tudat\u00e1ban van \u00f6kol\u00f3giai gazdags\u00e1g\u00e1nak, \u00e9s elt\u00f6k\u00e9lt gazdas\u00e1gi alapjainak sz\u00e9les\u00edt\u00e9s\u00e9re.<\/p>\n<p>B\u00e1r a k\u0151olajkincs form\u00e1lta, Trinidad \u00e9s Tobago igazi gazdags\u00e1ga t\u00e1rsadalmi olvaszt\u00f3t\u00e9gely\u00e9ben mutatkozik meg \u2013 ahol dobok \u00e9s szit\u00e1rok besz\u00e9lgetnek, ahol ac\u00e9l visszhangzik a gyarmati falazaton, ahol mangroveerd\u0151k sz\u0171rik a foly\u00f3vizeket, \u00e9s ahol az emberek eml\u00e9kezet\u00fckben \u00e9s dallamukban is hordozz\u00e1k a t\u00f6rt\u00e9nelmet. Itt marad fenn a nemzet l\u00e9nyege: egy olyan birodalom, ahol a f\u00f6ldrajz, a kult\u00fara \u00e9s a v\u00e1llalkoz\u00e1s a Karib-t\u00e9rs\u00e9g d\u00e9li sz\u00e9l\u00e9n tal\u00e1lkozik, olyan ellen\u00e1ll\u00f3 k\u00e9pess\u00e9get \u00e9s kreativit\u00e1st t\u00e1rva fel, amelyet egyetlen t\u00e9rk\u00e9p sem k\u00e9pes \u00f6nmag\u00e1ban k\u00f6zvet\u00edteni.<\/p>\n<p>\u00d6sszefoglalva, Trinidad \u00e9s Tobago K\u00f6zt\u00e1rsas\u00e1g a D\u00e9l-Amerik\u00e1val val\u00f3 geol\u00f3giai folytonoss\u00e1g, a sz\u00e9nhidrog\u00e9nekre \u00e9p\u00fcl\u0151 szorgalmas gazdas\u00e1g, valamint az afrikai, indiai \u00e9s \u0151slakos \u00f6r\u00f6ks\u00e9gekben gy\u00f6kerez\u0151 kultur\u00e1lis vitalit\u00e1s egyed\u00fcl\u00e1ll\u00f3 kever\u00e9k\u00e9t testes\u00edti meg. Ikerszigetei, egys\u00e9gesek, m\u00e9gis k\u00fcl\u00f6n\u00e1ll\u00f3ak, a hegygerincekt\u0151l a korallz\u00e1tonyokig, a v\u00e1rosi ny\u00fczsg\u00e9st\u0151l a mangroveerd\u0151k csendj\u00e9ig terjednek. \u00c9vsz\u00e1zados gyarmatos\u00edt\u00e1s \u00e9s auton\u00f3mia sor\u00e1n n\u00e9pe egy olyan t\u00e1rsadalmat form\u00e1lt, amelyet fesztiv\u00e1lok, zene \u00e9s k\u00f6z\u00f6ss\u00e9gi szellem jellemez. Ez a kett\u0151s szigetorsz\u00e1g \u00edgy a hagyom\u00e1nyok \u00e9s az \u00e1talakul\u00e1s keresztez\u0151d\u00e9s\u00e9ben \u00e1ll \u2013 j\u00f6v\u0151beli \u00fatjai ugyanolyan v\u00e1ltozatosak, mint a t\u00e1jai, sz\u00edve olyan rend\u00edthetetlen, mint a sz\u00e9lj\u00e1rta partjai.<\/p>","protected":false},"excerpt":{"rendered":"<p>Trinidad \u00e9s Tobago, kor\u00e1bbi nev\u00e9n Trinidad \u00e9s Tobago K\u00f6zt\u00e1rsas\u00e1g, a Karib-t\u00e9rs\u00e9g legd\u00e9lebbi orsz\u00e1ga. Ez a dinamikus nemzet Trinidad \u00e9s Tobago f\u0151 szigeteib\u0151l, valamint sz\u00e1mos kisebb szigetb\u0151l \u00e1ll. El\u0151ny\u00f6s elhelyezked\u00e9s\u00fck mind\u00f6ssze 130 kilom\u00e9terre (81 m\u00e9rf\u00f6ldre) d\u00e9lre fekszik Grenad\u00e1t\u00f3l \u00e9s 11 kilom\u00e9terre (6,8 m\u00e9rf\u00f6ldre) Venezuela \u00e9szakkeleti partjait\u00f3l. Grenada \u00e9szaknyugaton, Barbados keleten, Venezuela pedig d\u00e9len \u00e9s nyugaton tengeri hat\u00e1rokkal rendelkezik az orsz\u00e1ggal. A legt\u00f6bb ember egyet\u00e9rt abban, hogy Trinidad \u00e9s Tobago a Nyugat-Indi\u00e1khoz tartozik, egy ter\u00fclethez, amely gazdag kultur\u00e1lis \u00f6r\u00f6ks\u00e9g\u00e9r\u0151l \u00e9s t\u00f6rt\u00e9nelmi jelent\u0151s\u00e9g\u00e9r\u0151l ismert. A f\u0151v\u00e1ros Port of Spain; Chaguanas a legnagyobb \u00e9s legn\u00e9pesebb telep\u00fcl\u00e9s.<\/p>","protected":false},"author":1,"featured_media":4419,"parent":24084,"menu_order":0,"comment_status":"closed","ping_status":"closed","template":"elementor_theme","meta":{"_eb_attr":"","footnotes":""},"class_list":["post-9003","page","type-page","status-publish","has-post-thumbnail"],"_links":{"self":[{"href":"https:\/\/travelshelper.com\/hu\/wp-json\/wp\/v2\/pages\/9003","targetHints":{"allow":["GET"]}}],"collection":[{"href":"https:\/\/travelshelper.com\/hu\/wp-json\/wp\/v2\/pages"}],"about":[{"href":"https:\/\/travelshelper.com\/hu\/wp-json\/wp\/v2\/types\/page"}],"author":[{"embeddable":true,"href":"https:\/\/travelshelper.com\/hu\/wp-json\/wp\/v2\/users\/1"}],"replies":[{"embeddable":true,"href":"https:\/\/travelshelper.com\/hu\/wp-json\/wp\/v2\/comments?post=9003"}],"version-history":[{"count":0,"href":"https:\/\/travelshelper.com\/hu\/wp-json\/wp\/v2\/pages\/9003\/revisions"}],"up":[{"embeddable":true,"href":"https:\/\/travelshelper.com\/hu\/wp-json\/wp\/v2\/pages\/24084"}],"wp:featuredmedia":[{"embeddable":true,"href":"https:\/\/travelshelper.com\/hu\/wp-json\/wp\/v2\/media\/4419"}],"wp:attachment":[{"href":"https:\/\/travelshelper.com\/hu\/wp-json\/wp\/v2\/media?parent=9003"}],"curies":[{"name":"wp","href":"https:\/\/api.w.org\/{rel}","templated":true}]}}