{"id":8991,"date":"2024-09-06T18:39:21","date_gmt":"2024-09-06T18:39:21","guid":{"rendered":"https:\/\/travelshelper.com\/staging\/?page_id=8991"},"modified":"2026-03-13T21:29:18","modified_gmt":"2026-03-13T21:29:18","slug":"sarga-forrasok","status":"publish","type":"page","link":"https:\/\/travelshelper.com\/hu\/destinations\/north-america\/united-states\/yellow-springs\/","title":{"rendered":"S\u00e1rga Forr\u00e1sok"},"content":{"rendered":"<p>Yellow Springs, Ohio \u00e1llam egy mind\u00f6ssze 3697 lakos\u00fa kis falu (2020-as n\u00e9psz\u00e1ml\u00e1l\u00e1s). Greene megy\u00e9ben fekszik, \u00e9s a Dayton nagyv\u00e1rosi ter\u00fclet r\u00e9sze. B\u00e1r kis l\u00e9tsz\u00e1m\u00fa, lakoss\u00e1ga az elm\u00falt \u00e9vtizedekben 3500 \u00e9s 4000 f\u0151 k\u00f6z\u00f6tt ingadozott.<\/p>\n<p>A falu lakoss\u00e1ga feh\u00e9r t\u00f6bbs\u00e9g\u0171 (2010-es adatok szerint k\u00f6r\u00fclbel\u00fcl 78%), jelent\u0151s fekete kisebbs\u00e9ggel (k\u00f6r\u00fclbel\u00fcl 12%). A spanyol\/latin-amerikai lakosok ar\u00e1nya n\u00e9h\u00e1ny sz\u00e1zal\u00e9k. Yellow Springs lakoss\u00e1ga id\u0151sebb: az \u00e1tlag\u00e9letkor 48,5 \u00e9v volt (2010), ami magasabb az orsz\u00e1gos \u00e1tlagn\u00e1l. A h\u00e1ztart\u00e1sok nagy r\u00e9sze nem csal\u00e1dos vagy egyed\u00fcl \u00e9l\u0151 (ez di\u00e1kokat, nyugd\u00edjasokat \u00e9s egyf\u0151s h\u00e1ztart\u00e1sokat t\u00fckr\u00f6z). Gazdas\u00e1gi szempontb\u00f3l a j\u00f6vedelmek m\u00e9rs\u00e9keltek: 2010-ben egy \u00e1tlagos h\u00e1ztart\u00e1s ~56 000 doll\u00e1r volt, \u00e9s a csal\u00e1doknak csak k\u00f6r\u00fclbel\u00fcl 6,7%-a \u00e9lt szeg\u00e9nys\u00e9g alatt. Az iskolai v\u00e9gzetts\u00e9g magas \u2013 sok helyi lakos rendelkezik f\u0151iskolai diplom\u00e1val, r\u00e9szben az Antioch College jelenl\u00e9t\u00e9nek k\u00f6sz\u00f6nhet\u0151en.<\/p>\n<p>Yellow Springs gazdas\u00e1ga eklektikus. Ismert a kiskereskedelemr\u0151l \u00e9s a turizmusr\u00f3l: a belv\u00e1rosban, Yellow Springsben t\u00f6bb mint 100 \u00fczlet, gal\u00e9ria \u00e9s k\u00e1v\u00e9z\u00f3 tal\u00e1lhat\u00f3 egy k\u00e9t h\u00e1zt\u00f6mbnyi ter\u00fcleten. Ezek k\u00f6z\u00fcl sok helyi m\u0171v\u00e9szek vagy k\u00e9zm\u0171vesek tulajdon\u00e1ban van, t\u00fckr\u00f6zve a falu m\u0171v\u00e9szetekre, k\u00e9zm\u0171vess\u00e9gre \u00e9s bio\u00e9lelmiszerekre helyezett hangs\u00faly\u00e1t. Az Antioch College, egy kis b\u00f6lcs\u00e9szettudom\u00e1nyi iskola, t\u00f6rt\u00e9nelmileg jelent\u0151s helyi munkaad\u00f3 volt (\u00e9s egy r\u00f6vid bez\u00e1r\u00e1s ut\u00e1n 2011-ben nyitotta meg \u00fajra). A mez\u0151gazdas\u00e1g (tejgazdas\u00e1gok, mint p\u00e9ld\u00e1ul a Young&#039;s Jersey Dairy) is szerepet j\u00e1tszik: a Young&#039;s Dairy Ohio egyik legnagyobb tej\u00fczeme, \u00e9s n\u00e9pszer\u0171 hely minigolfp\u00e1ly\u00e1val \u00e9s \u00e1llatsimogat\u00f3val. Az \u00e1tlagj\u00f6vedelmek (ahogyan eml\u00edtett\u00fck) tisztess\u00e9gesek, de a h\u00e1zak dr\u00e1g\u00e1bbak, mint amire a vid\u00e9ki Ohioban sz\u00e1m\u00edtani lehetne, amit a k\u00edv\u00fcl\u00e1ll\u00f3k (m\u0171v\u00e9szek, m\u0171szaki dolgoz\u00f3k) idek\u00f6lt\u00f6z\u0151 kereslete hajt. \u00d6sszefoglalva, a Yellow Springs egy niche boh\u00e9m k\u00f6zpontk\u00e9nt m\u0171k\u00f6dik \u2013 gazdas\u00e1ga nagyr\u00e9szt a helyi lakosokat \u00e9s a l\u00e1togat\u00f3kat szolg\u00e1lja ki, akiket egyedis\u00e9ge vonz.<\/p>\n<p>Yellow Springs Ohio d\u00e9lnyugati r\u00e9sz\u00e9n tal\u00e1lhat\u00f3, nagyj\u00e1b\u00f3l 48 kilom\u00e9terre keletre Daytont\u00f3l \u00e9s 80 kilom\u00e9terre nyugatra Columbust\u00f3l. K\u00f6r\u00fclbel\u00fcl 365 m\u00e9teres tengerszint feletti magass\u00e1gban fekszik a Little Miami foly\u00f3 v\u00f6lgy\u00e9ben. Ez a ter\u00fclet enyh\u00e9n hull\u00e1mz\u00f3, az Appalache-hegys\u00e9g l\u00e1b\u00e1n\u00e1l fekv\u0151 ter\u00fclet eljegesedett s\u00edks\u00e1gokba megy \u00e1t. A Little Miami fest\u0151i foly\u00f3 (egy nemzeti vad- \u00e9s fest\u0151i foly\u00f3) a v\u00e1rost\u00f3l d\u00e9lre folyik, m\u00e9szk\u0151szurdokok szeg\u00e9lyezik.<\/p>\n<p>A falu erd\u0151s \u00e1llami parkok (\u00e9szakon \u00e9s nyugaton) \u00e9s ny\u00edlt mez\u0151gazdas\u00e1gi ter\u00fcletek (keleten) k\u00f6z\u00f6tt fekszik. J\u00f3l megk\u00f6zel\u00edthet\u0151 helyen van minden aut\u00f3p\u00e1lya mellett; a legk\u00f6zelebbi f\u0151\u00fat az I-675 Dayton k\u00f6zel\u00e9ben. Yellow Springs \u201ek\u00f6z\u00e9pnyugati\u201d k\u00f6rnyezetet \u00e1raszt: a talaj gazdag, a f\u00f6ld z\u00f6ld, lombhullat\u00f3 erd\u0151kkel \u00e9s legel\u0151kkel, a dombokat pedig patakok \u00e9s tavak tark\u00edtj\u00e1k. K\u00f6nnyen megk\u00f6zel\u00edthet\u0151 mened\u00e9khely Cincinnatib\u0151l (kb. 1 \u00f3ra d\u00e9lnyugatra) vagy Columbusb\u00f3l (1,5 \u00f3ra keletre), de a kanyarg\u00f3s megyei utak miatt egy t\u00e1voli falucsk\u00e1nak t\u0171nik.<\/p>\n<p>Yellow Springs \u00e9ghajlata p\u00e1r\u00e1s, kontinent\u00e1lis. A ny\u00e1r meleg \u00e9s n\u00e9ha p\u00e1r\u00e1s; a nappali maximumok \u00e1tlagosan 29\u201330 \u00b0C k\u00f6r\u00fcl alakulnak. A telek hidegek lehetnek: az \u00e1tlagos minimumok 20 \u00b0F-ra (kb. \u20135 \u00b0C) s\u00fcllyednek, \u00e9s gyakori a h\u00f3 (\u00e9vente t\u00f6bb l\u00e1b). \u0150sszel \u00e9s tavasszal sz\u00ednes lombozat vagy vir\u00e1gz\u00e1s l\u00e1that\u00f3. A faluban mind a n\u00e9gy \u00e9vszakot tiszt\u00e1n megtapasztalj\u00e1k, \u00e9s b\u00e1r a v\u00e1ros f\u00e1i j\u00f3l \u00e1rny\u00e9kolj\u00e1k, vad id\u0151j\u00e1r\u00e1s el\u0151fordulhat (ny\u00e1ron zivatarok, t\u00e9len alkalmank\u00e9nt j\u00e9gviharok). (Egy \u00fatikalauz szerint a ny\u00e1ri maximumok ~85 \u00b0F, a t\u00e9li minimumok pedig ~21 \u00b0F, ami jellemz\u0151 erre az ohi\u00f3i r\u00e9gi\u00f3ra.)<\/p>\n<p>A Yellow Springs egyedi ut\u00f3pikus eredettel \u00e9s t\u00f6rt\u00e9netekkel teli m\u00falttal rendelkezik. Robert Owen t\u00e1rsadalmi reformer k\u00f6vet\u0151i alap\u00edtott\u00e1k, akik egy Indiana \u00e1llambeli mint\u00e1ra \u00e9p\u00fcl\u0151 ut\u00f3pikus k\u00f6z\u00f6ss\u00e9get akartak l\u00e9trehozni. Az \u00faj falut a \u201es\u00e1rga forr\u00e1sokr\u00f3l\u201d nevezt\u00e9k el \u2013 ezek a k\u00f6rny\u00e9k vasban gazdag \u00e1sv\u00e1nyv\u00edzforr\u00e1sai h\u00edresek az eg\u00e9szs\u00e9g\u00fcgyi el\u0151nyeikr\u0151l. Az oweni k\u00f6z\u00f6ss\u00e9gi k\u00eds\u00e9rlet azonban n\u00e9h\u00e1ny \u00e9ven bel\u00fcl sz\u00e9tesett, b\u00e1r a v\u00e1ros \u00f6nmag\u00e1ban fennmaradt. 1856-ban bejegyzett faluv\u00e1 nyilv\u00e1n\u00edtott\u00e1k.<\/p>\n<p>Az \u00f3kor \u00e9s a term\u00e9szet felfedez\u00e9se is szerepet j\u00e1tszott: a 19. sz\u00e1zad v\u00e9g\u00e9n a Little Miami Railroad l\u00e1togat\u00f3kat hozott a YS-be, hogy gy\u00f3gyul\u00e1st keressenek a forr\u00e1sokn\u00e1l. A r\u00e9gi vas\u00fat\u00e1llom\u00e1s (ma k\u00e1v\u00e9z\u00f3) m\u00e9g mindig \u00e1ll, \u00e9s erre a korszakra eml\u00e9keztet.<\/p>\n<p>1850-ben itt alap\u00edtott\u00e1k az Antioch College-ot (b\u00e1r a tan\u00edt\u00e1s n\u00e9h\u00e1ny \u00e9vvel k\u00e9s\u0151bb kezd\u0151d\u00f6tt), Horace Mann els\u0151 eln\u00f6kkel. Antioch h\u00edress\u00e9 v\u00e1lt a progressz\u00edv oktat\u00e1sr\u00f3l \u00e9s az Arthur E. Morgan eln\u00f6k \u00e1ltal az 1920-as \u00e9vekben kidolgozott munka-tanul\u00e1s modellr\u0151l. Ez vonzotta a szabadgondolkod\u00f3kat \u00e9s az \u00e9rtelmis\u00e9gieket. \u00c9vtizedek alatt az YS \u201eboh\u00e9m\u201d h\u00edrnevet szerzett mag\u00e1nak.<\/p>\n<p>Az Antiochiai Egyetem (amely kiv\u00e1lt a f\u0151iskol\u00e1b\u00f3l) azonban p\u00e9nz\u00fcgyi v\u00e1ls\u00e1ggal n\u00e9zett szembe; 2008-ban a f\u0151iskola bez\u00e1rt, de az \u00f6regdi\u00e1kok \u00fajj\u00e1\u00e9lesztett\u00e9k, \u00e9s 2011-ben \u00fajra megnyitott\u00e1k. A f\u0151iskola a folyamatos hallgat\u00f3i \u00e1raml\u00e1s\u00e1val \u00e9s rendezv\u00e9nyeivel nagyban befoly\u00e1solja a v\u00e1ros \u00e9let\u00e9t. Sok oktat\u00f3 \u00e9s v\u00e9gzett a v\u00e1rosban marad, olyan v\u00e1llalkoz\u00e1sokat ind\u00edtva el, mint az Antioch Bookplate (ma Creative Memories) az 1920-as \u00e9vekben.<\/p>\n<p>A 20. sz\u00e1zadban Yellow Springs a nonkonformist\u00e1k \u2013 m\u0171v\u00e9szek, aktivist\u00e1k \u00e9s \u00f6kol\u00f3gusok \u2013 mened\u00e9ke maradt. R\u00e9gi belv\u00e1rosa (n\u00e9h\u00e1ny \u00e9p\u00fclet ma m\u00e1r szerepel a Nemzeti M\u0171eml\u00e9kv\u00e9delem alatt) \u00e9s a k\u00f6rnyez\u0151 v\u00f6lgyek (Glen Helen, Clifton Gorge) r\u00e9g\u00f3ta vonzz\u00e1k a term\u00e9szet szerelmeseit. Ma is fennmaradtak ezeknek a korszakoknak a nyomai: a kisv\u00e1rosi viktori\u00e1nus h\u00e1zak, a k\u00f6z\u00f6ss\u00e9gi \u00fczemeltet\u00e9s\u0171 Glen Helen Term\u00e9szetv\u00e9delmi Ter\u00fclet (ingyenes bel\u00e9p\u0151d\u00edj) \u00e9s az \u00e9l\u00e9nk m\u0171v\u00e9szeti \u00e9let mind az alap\u00edt\u00e1skor el\u00fcltetett innov\u00e1ci\u00f3 \u00e9s k\u00f6rnyezetv\u00e9delem \u00f6r\u00f6ks\u00e9g\u00e9re vezethet\u0151 vissza.<\/p>\n<p>Yellow Springs bar\u00e1ts\u00e1gos, k\u00fcl\u00f6nc \u00e9s progressz\u00edv l\u00e9gk\u00f6r\u00e9r\u0151l ismert. Helyi jellegzetess\u00e9gek: Az angol nyelvet mindenki besz\u00e9li, de gyakran l\u00e1tni p\u00f3l\u00f3kat vagy l\u00f6kh\u00e1r\u00edt\u00f3matric\u00e1kat, amelyek liber\u00e1lis \u00e9rt\u00e9keket, k\u00f6rnyezettudatos vagy szellemes szlogeneket hirdetnek (a helyi legenda szerint a Yellow Springs politikai jelz\u0151t\u00e1bl\u00e1i soha nem mennek \u201erossz ir\u00e1nyba\u201d a v\u00e1laszt\u00e1sok idej\u00e9n!). A falunak hat\u00e1rozottan ellenkultur\u00e1lis hangulata van. Sok lakos m\u0171v\u00e9sz, tan\u00e1r vagy szoci\u00e1lis munk\u00e1s; ezzel szemben egy r\u00e9sz\u00fck ing\u00e1zik Daytonban m\u0171szaki \u00e1ll\u00e1sokba. Gyakran l\u00e1tni valakit, aki p\u00f3r\u00e1zon kuty\u00e1t simogat, vagy papucsban biciklizik a v\u00e1rosban.<\/p>\n<p>M\u00e9ret\u00e9hez k\u00e9pest a Yellow Springs meglep\u0151en koncentr\u00e1lt m\u0171v\u00e9szeti alkot\u00e1sokat k\u00edn\u00e1l. Gyakran rendeznek gal\u00e9riamegnyit\u00f3kat, n\u00e9pzenei koncerteket \u00e9s k\u00eds\u00e9rleti sz\u00ednh\u00e1zi el\u0151ad\u00e1sokat. A Yellow Springs M\u0171v\u00e9szeti Tan\u00e1cs minden augusztusban szervez olyan esem\u00e9nyeket, mint az Art on the Lawn (t\u00f6bb mint 100 m\u0171v\u00e9szeti \u00e9s k\u00e9zm\u0171ves \u00e1rus). \u00c9vente k\u00e9tszer (j\u00faniusban \u00e9s okt\u00f3berben) az Utcai V\u00e1s\u00e1r lepi el a belv\u00e1rost. Ez egy f\u0151 esem\u00e9ny: t\u00f6bb mint 25 000 ember gy\u0171lik \u00f6ssze a k\u00e9tt\u00f6mb\u00f6s k\u00f6zpontban \u00e9l\u0151zene, \u00e9telek \u00e9s t\u00f6bb sz\u00e1z k\u00e9zm\u0171ves stand miatt. (A v\u00e1s\u00e1r akkora, hogy f\u00e9l\u00e9vente rendezik meg \u2013 egyszer j\u00faniusban, majd ism\u00e9t okt\u00f3berben, minden alkalommal felpezsd\u00edtve a k\u00f6z\u00f6ss\u00e9get.) A helyben f\u0151z\u00f6tt s\u00f6r, a h\u00e1zi k\u00e9sz\u00edt\u00e9s\u0171 fagylalt (Young&#039;s Jersey Dairy) \u00e9s a bluegrass vagy folk zenekarok a fesztiv\u00e1lok alapj\u00e1t k\u00e9pezik.<\/p>\n<p>A Yellow Springs kisebb esem\u00e9nyeknek is otthont ad: Florida Avenue Fesztiv\u00e1l (utcai v\u00e1s\u00e1r), szabadt\u00e9ri filmvet\u00edt\u00e9sek, felolvas\u00e1sok \u00e9s szezon\u00e1lis termel\u0151i piacok. Jelent\u0151s a h\u00e1bor\u00faellenes \u00e9s t\u00e1rsadalmi aktivizmus; a gy\u0171l\u00e9sek vagy felvonul\u00e1sok (n\u00e9ha antiochiai di\u00e1kok vezet\u00e9s\u00e9vel) nem ritk\u00e1k. Ugyanakkor csal\u00e1dokat is l\u00e1thatunk piknikezni a Village Greenen, keddenk\u00e9nt j\u00f3ga\u00f3r\u00e1kat tartani, \u00e9s gyerekeket biciklizni a csendes utakon.<\/p>\n<p>A hangulat laza, m\u00e9gis lelkes. Az emberek nagyra \u00e9rt\u00e9kelik a fenntarthat\u00f3s\u00e1got (mindenhol \u00fajrahasznos\u00edt\u00f3 kuk\u00e1k, helyi \u00e9lelmiszer-sz\u00f6vetkezetek, nagy k\u00f6z\u00f6ss\u00e9gi kert). Sok helyi veget\u00e1ri\u00e1nus vagy veg\u00e1n, ami t\u00fckr\u00f6zi a v\u00e1ros lelkiismeretes hozz\u00e1\u00e1ll\u00e1s\u00e1t. Kis m\u00e9rete ellen\u00e9re az YS v\u00e1ltozatos vend\u00e9gl\u00e1t\u00f3helyekkel rendelkezik (az eleg\u00e1ns amerikai bisztr\u00f3kt\u00f3l a farm-to-table k\u00e1v\u00e9z\u00f3kig, s\u0151t karibi \u00e9s mediterr\u00e1n helyeken is). B\u00e1rmelyik d\u00e9lut\u00e1non hallhat az ember egy k\u00f6z\u00f6ss\u00e9gi k\u00f3rust \u00e9nekelni, l\u00e1that egy b\u00e1bsz\u00ednh\u00e1z el\u0151ad\u00e1s\u00e1t, vagy \u00f6sszefuthat a helyi polg\u00e1rmesterrel a p\u00e9ks\u00e9gben.<\/p>\n<p>\u00d6sszess\u00e9g\u00e9ben Yellow Springs olyan \u00e9rz\u00e9s, mintha egy szabadt\u00e9ri m\u0171v\u00e9szeti v\u00e1s\u00e1rba cs\u00f6ppent\u00fcnk volna. Az egyik legbar\u00e1ts\u00e1gosabb v\u00e1rosk\u00e9nt ismert \u2013 az idegeneket gyorsan \u00fcdv\u00f6zlik, a h\u00e1zi\u00e1llatokat megsimogathatj\u00e1k, \u00e9s a fenntarthat\u00f3s\u00e1g vagy a b\u00e9ke k\u00e9rd\u00e9se gyakran becs\u00faszik a besz\u00e9lget\u00e9sekbe. A falu mott\u00f3ja (ami m\u00e9g mindig l\u00e1that\u00f3 a r\u00e9gi t\u00e1bl\u00e1kon) a \u201eTal\u00e1ld meg \u00f6nmagad itt\u201d, ami azt az \u00e9rz\u00e9st ragadja meg, hogy a Yellow Springs \u00fcdv\u00f6zli a nonkonformit\u00e1st \u00e9s \u00f6szt\u00f6nzi a kreat\u00edv \u00f6nkifejez\u00e9st.<\/p>\n<p>Yellow Springs l\u00e1tnival\u00f3i legal\u00e1bb annyira sz\u00f3lnak a term\u00e9szetr\u0151l \u00e9s a szellemr\u0151l, mint a konkr\u00e9t helysz\u00ednekr\u0151l. A kihagyhatatlan l\u00e1tnival\u00f3k k\u00f6z\u00e9 tartozik:<\/p>\n<ul>\n<li><strong>Glen Helen Term\u00e9szetv\u00e9delmi Ter\u00fclet:<\/strong> Az Antioch College mellett tal\u00e1lhat\u00f3 ez a 400 hekt\u00e1ros rezerv\u00e1tum, egy vadonbeli o\u00e1zis, tele v\u00edzes\u00e9sekkel, v\u00f6r\u00f6s t\u00f6lgyekkel \u00e9s feh\u00e9r feny\u0151kkel. Itt tal\u00e1lhat\u00f3 a v\u00e1ros nev\u00e9t ad\u00f3 S\u00e1rga-forr\u00e1s (vasban gazdag patak). A n\u00e9pszer\u0171 t\u00fara\u00fatvonalak a k\u00f6nny\u0171 hurkokt\u00f3l a 32 kilom\u00e9teres Glen Helen hurokig terjednek. A fest\u0151i l\u00e1tv\u00e1nyoss\u00e1gok k\u00f6z\u00e9 tartozik a Bridgerton-v\u00edzes\u00e9s \u00e9s a Twin Cascades. Ingyenes bel\u00e9p\u0151vel kedvelt k\u00f6z\u00f6ss\u00e9gi hely t\u00far\u00e1z\u00e1shoz, mad\u00e1rmegfigyel\u00e9shez \u00e9s term\u00e9szetes medenc\u00e9kben val\u00f3 \u00fasz\u00e1shoz.<\/li>\n<li><strong>Clifton-szurdok \u00c1llami Term\u00e9szetv\u00e9delmi Ter\u00fclet:<\/strong> A v\u00e1rost\u00f3l \u00e9szakra tal\u00e1lhat\u00f3 a Clifton-szurdok, ahol dr\u00e1mai m\u00e9szk\u0151szikl\u00e1k h\u00faz\u00f3dnak a Little Miami foly\u00f3 felett. F\u00e1b\u00f3l k\u00e9sz\u00fclt pall\u00f3k \u00e9s \u00f6sv\u00e9nyek kanyarognak a zuhatagok \u00e9s a pisztr\u00e1ngokkal teli tavak ment\u00e9n. A 2,4 kilom\u00e9teres Loop Trail (Flatstone Dr. parkol\u00f3) csal\u00e1dbar\u00e1t \u00fatvonal, ahonnan kil\u00e1t\u00e1s ny\u00edlik a meredek szurdokfalakra. A szomsz\u00e9dos John Bryan \u00c1llami Park kiterjeszti a t\u00e1jat. Ezek a rezerv\u00e1tumok kiv\u00e1l\u00f3ak a geol\u00f3gia \u00e9s a fot\u00f3z\u00e1s szerelmesei sz\u00e1m\u00e1ra.<\/li>\n<li><strong>Kis Miami fest\u0151i \u00f6sv\u00e9ny:<\/strong> Ez a 78 m\u00e9rf\u00f6ldes ker\u00e9kp\u00e1r\u00fat a Little Miami foly\u00f3 ment\u00e9n halad Greene megy\u00e9n kereszt\u00fcl. \u00c1thalad Yellow Springsen (a Corry utc\u00e1n\u00e1l). A l\u00e1togat\u00f3k gyakran b\u00e9relnek ker\u00e9kp\u00e1rt, hogy eltekerjenek a szomsz\u00e9dos falvakba, p\u00e9ld\u00e1ul Xeni\u00e1ba vagy t\u00e1volabbi pontokra. Az \u00f6sv\u00e9ny ment\u00e9n l\u00e1that\u00f3 \u0151szi sz\u00ednek k\u00fcl\u00f6n\u00f6sen h\u00edresek.<\/li>\n<li><strong>Yellow Springs belv\u00e1rosa:<\/strong> Maga a faluk\u00f6zpont is egy l\u00e1tv\u00e1nyoss\u00e1g. T\u00f6bb mint 65 helyi \u00fczlettel \u00e9s \u00e9tteremmel b\u00fcszk\u00e9lkedhet. A kiemelked\u0151 l\u00e1tv\u00e1nyoss\u00e1gok k\u00f6z\u00e9 tartozik a Dark Star Books (egy hangulatos k\u00f6nyvesbolt\/k\u00e1v\u00e9z\u00f3), a Soulgoode Variety (k\u00e9zm\u0171ves s\u00f6r\u00f6k \u00e9s kocsmai \u00e9telek), a Kismet Boutique (etnikai ruh\u00e1zat), a Safari Ice Cream &amp; Sweet Shop \u00e9s a Hippie Skillet. A belv\u00e1rosi termel\u0151i piac (tavasszal-\u0151sszel, szombatonk\u00e9nt) helyi term\u00e9keket \u00e9s k\u00e9zm\u0171ves term\u00e9keket mutat be. A t\u00f6rt\u00e9nelmi Mills Lawn School (ma k\u00f6z\u00f6ss\u00e9gi m\u0171v\u00e9szeti k\u00f6zpont) \u00e9s az \u00e9vsz\u00e1zados Szent M\u00e1rk templom a v\u00e1ros \u00f6r\u00f6ks\u00e9g\u00e9nek jelk\u00e9pei.<\/li>\n<li><strong>Young&#039;s Jersey Tej\u00fczem:<\/strong> Egy csal\u00e1di farm a v\u00e1rost\u00f3l n\u00e9h\u00e1ny m\u00e9rf\u00f6ldre, \u00e9tteremmel, fagylaltoz\u00f3val, \u00e1llatsimogat\u00f3val, minigolffal \u00e9s \u00fct\u0151ketrecekkel. N\u00e9pszer\u0171 a csal\u00e1dok \u00e9s b\u00e1rki k\u00f6r\u00e9ben, aki friss helyi fagylaltra v\u00e1gyik (a csokol\u00e1d\u00e9s mentafagylalt h\u00edres). B\u00e1r m\u0171v\u00e9szeti \u00e9rtelemben nem k\u00f6telez\u0151 l\u00e1tnival\u00f3, jelent\u0151s helyi nevezetess\u00e9g, amely Ohio d\u00e9lnyugati r\u00e9sz\u00e9r\u0151l vonzza az embereket.<\/li>\n<li><strong>Yellow Springs S\u00f6rgy\u00e1r:<\/strong> A Xenia sug\u00e1r\u00faton tal\u00e1lhat\u00f3 ez a helyi k\u00e9zm\u0171ves s\u00f6rf\u0151zde, amely kocsmai \u00e9teleket \u00e9s d\u00edjnyertes s\u00f6r\u00f6ket k\u00edn\u00e1l. Gy\u0171jt\u0151hely mind a v\u00e1roslak\u00f3k, mind a l\u00e1togat\u00f3k sz\u00e1m\u00e1ra, \u00e9s gyakran \u00e9l\u0151zen\u00e9vel sz\u00f3rakoztatj\u00e1k a s\u00f6r\u00f6z\u0151t (f\u00f6ld alatt, t\u00e9glafalakkal).<\/li>\n<\/ul>\n<p>T\u00f6rt\u00e9nelemkedvel\u0151knek: az Antioch Hall \u00e9s a Xenia utcai t\u00f6rt\u00e9nelmi negyed 19. sz\u00e1zadi \u00e9p\u00edt\u00e9szetet mutat be. A Hidden Lake \u00e9s az Addison Trails Park csendesebb kir\u00e1ndul\u00e1si lehet\u0151s\u00e9geket k\u00edn\u00e1l. \u00c9s k\u00f6zvetlen\u00fcl m\u00f6g\u00f6tte: a h\u00edres John Bryan \u00c1llami Park \u00e9s tov\u00e1bbi fedett h\u00edd. De a legt\u00f6bbek sz\u00e1m\u00e1ra a Glen Helen-i t\u00far\u00e1z\u00e1s \u00e9s a belv\u00e1rosi s\u00e9t\u00e1k kombin\u00e1ci\u00f3ja a legjobb Yellow Springs-i \u00e9lm\u00e9ny.<\/p>\n<p>Yellow Springsnek nincs rep\u00fcl\u0151tere vagy Amtrak vas\u00fatvonala. A legk\u00f6zelebbi rep\u00fcl\u0151t\u00e9r a Dayton Nemzetk\u00f6zi Rep\u00fcl\u0151t\u00e9r (kb. 32 km-re \u00e9szaknyugatra), ahonnan transzfer vagy taxi szolg\u00e1ltat\u00e1s is el\u00e9rhet\u0151 a v\u00e1rosba. A Cincinnati\/Northern Kentucky rep\u00fcl\u0151t\u00e9r (CVG) kb. 96 km-re d\u00e9l-d\u00e9lnyugatra tal\u00e1lhat\u00f3 (1-1,5 \u00f3r\u00e1s aut\u00f3\u00fattal). Aut\u00f3val Yellow Springs legjobban az US-35-\u00f6s aut\u00f3p\u00e1ly\u00e1n k\u00f6zel\u00edthet\u0151 meg Daytonb\u00f3l (Yellow Springs kij\u00e1rat) vagy a 68\/72-es \u00e1llami \u00faton Xeni\u00e1b\u00f3l. Nincs ing\u00e1z\u00f3 vas\u00fat. Egykor egy nyilv\u00e1nos busz (GREYHOUND) k\u00f6zlekedett Daytonb\u00f3l Cincinnatiba Yellow Springsen kereszt\u00fcl, de a menetrend korl\u00e1tozott. \u00d6sszess\u00e9g\u00e9ben \u00e9rdemes aut\u00f3val vagy taxival bejutni Daytonb\u00f3l.<\/p>\n<p>Yellow Springs rendk\u00edv\u00fcl gyalogos- \u00e9s ker\u00e9kp\u00e1rbar\u00e1t. A v\u00e1rosk\u00f6zpont percek alatt bej\u00e1rhat\u00f3 gyalogosan. A legt\u00f6bb sz\u00e1ll\u00e1shely r\u00f6vid s\u00e9t\u00e1ra tal\u00e1lhat\u00f3 a belv\u00e1rost\u00f3l. A belv\u00e1rosban b\u0151s\u00e9ges ingyenes nyilv\u00e1nos parkol\u00f3hely tal\u00e1lhat\u00f3 az US High School k\u00f6zel\u00e9ben \u00e9s a Main Street sark\u00e1n\u00e1l. Ker\u00e9kp\u00e1rok b\u00e9relhet\u0151k a helyi \u00fczletekben (vagy haszn\u00e1lhatj\u00e1k a saj\u00e1tjukat). Mivel a falu kicsi (2,75 n\u00e9gyzetm\u00e9rf\u00f6ld), szem\u00e9lyg\u00e9pkocsira csak a k\u00fcls\u0151 ter\u00fcletek, p\u00e9ld\u00e1ul Glen Helen, Clifton Gorge vagy Young&#039;s Dairy felfedez\u00e9s\u00e9hez van sz\u00fcks\u00e9g. Ezekben a parkokban vannak parkol\u00f3k. T\u00e9len t\u00e9li gumiabroncsok aj\u00e1nlottak a Glenn Helen jeges utakon val\u00f3 megk\u00f6zel\u00edt\u00e9s\u00e9hez, de a helyiek gyorsan eltakar\u00edtj\u00e1k a havat a f\u0151utc\u00e1kon.<\/p>\n<p>P\u00e9nznem USD, nyelv angol (a helyiek tal\u00e1n foly\u00e9konyan besz\u00e9lnek spanyolul is). Yellow Springs bar\u00e1ts\u00e1gos, inform\u00e1lis hangulat\u00fa. Az emberek az utc\u00e1n k\u00f6sz\u00f6nnek, k\u00f6nnyen besz\u00e9lgetnek, \u00e9s kedvesen b\u00e1nnak a h\u00e1zi\u00e1llatokkal (sok helyen a kuty\u00e1k p\u00f3r\u00e1z n\u00e9lk\u00fcl k\u00f6zlekednek). Az \u00fczletekben vagy \u00e9ttermekben udvarias \u00fcdv\u00f6z\u00f6lni a szem\u00e9lyzetet. Az \u00e9ttermekben szok\u00e1s ~15% borraval\u00f3t adni. Ny\u00e1ron zs\u00fafolt lehet (k\u00fcl\u00f6n\u00f6sen az utcai v\u00e1s\u00e1rok idej\u00e9n), ez\u00e9rt a t\u00fcrelmet nagyra \u00e9rt\u00e9kelik az \u00e9ttermekben \u00e9s a forgalomban. T\u00e9len a v\u00e1ros elcsendesedik, \u00e9s a parkokba vezet\u0151 kavicsos utakon \u00f3vatosan kell vezetni.<\/p>\n<p>YS nagyon biztons\u00e1gos. Egy kis falu, alacsony b\u0171n\u00f6z\u00e9si r\u00e1t\u00e1val; a k\u00edv\u00fcl\u00e1ll\u00f3k felfigyelnek a h\u00e1zal\u00f3 \u00fczletekre (a lakosok rendszeresen nyitva hagyj\u00e1k a bicikliket, vagy nyitva tartj\u00e1k a ker\u00e9kp\u00e1rmegoszt\u00f3 \u00e1llom\u00e1sokat). A szok\u00e1sos v\u00e1rosi okoss\u00e1gok elegend\u0151ek (z\u00e1rj\u00e1k le az aut\u00f3kat a k\u00fcls\u0151 parkol\u00f3ban stb.). Figyeljenek a ker\u00e9kp\u00e1rosokra \u00e9s a gyalogosokra, k\u00fcl\u00f6n\u00f6sen a fesztiv\u00e1lok h\u00e9tv\u00e9g\u00e9in, amikor mindenhol gyerekek \u00e9s csal\u00e1dok vannak.<\/p>\n<p>Egy szokatlan dolog: maga a \u201eS\u00e1rga forr\u00e1s\u201d m\u00e9g mindig l\u00e9tezik Glen Helenben, de soha nem haszn\u00e1lt\u00e1k iv\u00f3v\u00edzk\u00e9nt (a legend\u00e1val ellent\u00e9tben) \u2013 ez\u00e9rt ne pr\u00f3b\u00e1lj meg eg\u00e9szs\u00e9gjavaslatot mer\u00edteni a patakb\u00f3l. Ehelyett \u00e9lvezd a term\u00e9szet sz\u00e9ps\u00e9g\u00e9t szem\u00e9lyesen.<\/p>\n<p>R\u00f6viden, Yellow Springs egy k\u00f6nnyen bej\u00e1rhat\u00f3 kisv\u00e1ros gyalogosan. A l\u00e1togat\u00f3knak sz\u00f3l\u00f3 tan\u00e1cs: hozzanak magukkal k\u00e9nyelmes cip\u0151t (sokat kell majd s\u00e9t\u00e1lniuk \u00e9s t\u00far\u00e1zniuk), k\u00e9sz\u00fcljenek fel a minim\u00e1lis mobiltelefon-v\u00e9telre a term\u00e9szetv\u00e9delmi ter\u00fcleteken, \u00e9s tervezz\u00e9k meg el\u0151re, ha ny\u00e1ron l\u00e1togatnak (a fesztiv\u00e1lok id\u0151pontjaira foglaljanak sz\u00e1ll\u00e1st id\u0151ben). Egy\u00e9bk\u00e9nt csak pihenjenek \u2013 ez egy olyan hely, ahol val\u00f3ban \u201emegtal\u00e1lhatj\u00e1k \u00f6nmagukat\u201d, ahogy a falu mott\u00f3ja is mondja, egy autentikus ohi\u00f3i kisv\u00e1rosi k\u00f6z\u00f6ss\u00e9gben.<a href=\"https:\/\/travelshelper.com\/hu\/uticelok\/eszak-amerika\/amerikai-egyesult-allamok\/berkeley-springs\/\" target=\"_self\" aria-labelledby=\"uael-post-8997\"><br \/>\n<\/a><\/p>","protected":false},"excerpt":{"rendered":"<p>Yellow Springs egy furcsa falu Greene megye \u00e9szaki r\u00e9sz\u00e9n, Ohio \u00e1llamban, az Egyes\u00fclt \u00c1llamokban. A 2020-as n\u00e9psz\u00e1ml\u00e1l\u00e1s 3697 f\u0151s lakoss\u00e1got mutat. A rangos Antioch College-nak otthont ad\u00f3 telep\u00fcl\u00e9s Dayton nagyv\u00e1rosi ter\u00fclet\u00e9nek r\u00e9sze. Term\u00e9szeti sz\u00e9ps\u00e9ge mellett ez a falu figyelemre m\u00e9lt\u00f3 t\u00f6rt\u00e9nelmi h\u00e1tt\u00e9rrel is rendelkezik, amely a kultur\u00e1lis \u00f6r\u00f6ks\u00e9g \u00e9s a fest\u0151i k\u00f6rnyezet egyed\u00fcl\u00e1ll\u00f3 kever\u00e9k\u00e9t emeli ki.<\/p>","protected":false},"author":1,"featured_media":17583,"parent":8072,"menu_order":0,"comment_status":"closed","ping_status":"closed","template":"elementor_theme","meta":{"_eb_attr":"","footnotes":""},"class_list":["post-8991","page","type-page","status-publish","has-post-thumbnail"],"_links":{"self":[{"href":"https:\/\/travelshelper.com\/hu\/wp-json\/wp\/v2\/pages\/8991","targetHints":{"allow":["GET"]}}],"collection":[{"href":"https:\/\/travelshelper.com\/hu\/wp-json\/wp\/v2\/pages"}],"about":[{"href":"https:\/\/travelshelper.com\/hu\/wp-json\/wp\/v2\/types\/page"}],"author":[{"embeddable":true,"href":"https:\/\/travelshelper.com\/hu\/wp-json\/wp\/v2\/users\/1"}],"replies":[{"embeddable":true,"href":"https:\/\/travelshelper.com\/hu\/wp-json\/wp\/v2\/comments?post=8991"}],"version-history":[{"count":0,"href":"https:\/\/travelshelper.com\/hu\/wp-json\/wp\/v2\/pages\/8991\/revisions"}],"up":[{"embeddable":true,"href":"https:\/\/travelshelper.com\/hu\/wp-json\/wp\/v2\/pages\/8072"}],"wp:featuredmedia":[{"embeddable":true,"href":"https:\/\/travelshelper.com\/hu\/wp-json\/wp\/v2\/media\/17583"}],"wp:attachment":[{"href":"https:\/\/travelshelper.com\/hu\/wp-json\/wp\/v2\/media?parent=8991"}],"curies":[{"name":"wp","href":"https:\/\/api.w.org\/{rel}","templated":true}]}}