{"id":8985,"date":"2024-09-06T18:23:11","date_gmt":"2024-09-06T18:23:11","guid":{"rendered":"https:\/\/travelshelper.com\/staging\/?page_id=8985"},"modified":"2026-03-13T18:39:49","modified_gmt":"2026-03-13T18:39:49","slug":"saratoga-springs","status":"publish","type":"page","link":"https:\/\/travelshelper.com\/hu\/destinations\/north-america\/united-states\/saratoga-springs\/","title":{"rendered":"Saratoga Springs"},"content":{"rendered":"<p>Saratoga Springs egy kisv\u00e1ros New York \u00e1llam \u00e9szaki r\u00e9sz\u00e9n, a 2020-as n\u00e9psz\u00e1ml\u00e1l\u00e1s adatai szerint k\u00f6r\u00fclbel\u00fcl 28 500 lakossal. A lakoss\u00e1g t\u00falnyom\u00f3r\u00e9szt feh\u00e9r (k\u00f6r\u00fclbel\u00fcl 87%), kisebb spanyol, \u00e1zsiai \u00e9s afroamerikai k\u00f6z\u00f6ss\u00e9gekkel. A v\u00e1ros viszonylag tehet\u0151s: a h\u00e1ztart\u00e1sok medi\u00e1nj\u00f6vedelme k\u00f6r\u00fclbel\u00fcl 100 000 doll\u00e1r, az egy f\u0151re jut\u00f3 j\u00f6vedelem pedig k\u00f6r\u00fclbel\u00fcl 67 000 doll\u00e1r. A turizmus a helyi gazdas\u00e1g nagy r\u00e9sz\u00e9t mozgatja. Val\u00f3j\u00e1ban a h\u00edres ny\u00e1ri aut\u00f3verseny a Saratoga versenyp\u00e1ly\u00e1n \u00f6nmag\u00e1ban k\u00f6r\u00fclbel\u00fcl 371 milli\u00f3 doll\u00e1r region\u00e1lis gazdas\u00e1gi tev\u00e9kenys\u00e9get \u00e9s k\u00f6zel 3000 munkahelyet gener\u00e1l \u00e9vente. Saratoga kaszin\u00f3j\u00e1val, a zenei \u00e9s t\u00e1ncos helysz\u00ednnel (SPAC) \u00e9s a k\u00f6zeli Saratoga Nemzeti T\u00f6rt\u00e9nelmi Parkkal egy\u00fctt a v\u00e1ros l\u00e1tnival\u00f3i \u00e9vente t\u00f6bb mint 647 milli\u00f3 doll\u00e1rt juttatnak a r\u00e9gi\u00f3ba. R\u00f6viden, Saratoga Springs egy szer\u00e9ny m\u00e9ret\u0171 v\u00e1ros, amelynek gazdas\u00e1ga \u00e9s jellege a \u00fcd\u00fcl\u0151hely \u00e9s sz\u00f3rakoztat\u00f3k\u00f6zpont t\u00f6rt\u00e9nelm\u00e9re \u00e9p\u00fcl.<\/p>\n<p>Saratoga Springs \u00c9szak-Amerika \u00e9szakkeleti r\u00e9sz\u00e9n fekszik, New York \u00e1llamban, nagyj\u00e1b\u00f3l 30 m\u00e9rf\u00f6ldre Albanyt\u00f3l \u00e9szakra. Az Adirondack-hegys\u00e9g l\u00e1b\u00e1n\u00e1l fekszik, ahol a sz\u00e9les Hudson-v\u00f6lgy tal\u00e1lkozik a hull\u00e1mz\u00f3, erd\u0151s hegyvid\u00e9kkel. A t\u00e1j szel\u00edd: f\u00e1kkal szeg\u00e9lyezett utc\u00e1k a v\u00e1rosban, \u00e9s n\u00e9h\u00e1ny alacsony domb \u00e9s foly\u00f3 a k\u00f6zelben. Egyik jellegzetes von\u00e1sa a b\u0151s\u00e9ges \u00e1sv\u00e1nyv\u00edzforr\u00e1s \u2013 Saratoga vil\u00e1gh\u00edr\u0171 a nagyj\u00e1b\u00f3l 21 term\u00e9szetes, \u00e1sv\u00e1nyi anyagokban gazdag v\u00edzforr\u00e1s\u00e1r\u00f3l. (K\u00fcl\u00f6nb\u00f6z\u0151 oldott \u00e1sv\u00e1nyi anyagokat tartalmaz\u00f3 v\u00edz sziv\u00e1rog a f\u00f6ldb\u0151l a v\u00e1rosi parkokban \u00e9s azok k\u00f6rny\u00e9k\u00e9n.) Az \u00e9ghajlat p\u00e1r\u00e1s, kontinent\u00e1lis: a nyarak \u00e1ltal\u00e1ban melegek \u00e9s p\u00e1r\u00e1sak, m\u00edg a telek hidegek \u00e9s havasak. A csapad\u00e9kmennyis\u00e9g eg\u00e9sz \u00e9vben m\u00e9rs\u00e9kelt, gyakoriak a k\u00e9s\u0151 ny\u00e1ri zivatarok, \u00e9s jelent\u0151s t\u00e9li havaz\u00e1s is el\u0151fordul, amely id\u0151nk\u00e9nt bebor\u00edtja a ter\u00fcletet. A Congress Park \u00e9s a k\u00f6zeli Saratoga Spa \u00c1llami Park ny\u00e1ron buja z\u00f6ld n\u00f6v\u00e9nyzetben pomp\u00e1zik, t\u00e9len pedig havas kertekk\u00e9 \u00e9s j\u00e9gp\u00e1ly\u00e1kk\u00e1 alakul.<\/p>\n<p>J\u00f3val az eur\u00f3pai leteleped\u00e9s el\u0151tt a forr\u00e1sokat az \u0151slakosok tisztelt\u00e9k. A 18. sz\u00e1zad v\u00e9g\u00e9re Saratoga vize m\u00e1r a gyarmati l\u00e1togat\u00f3kat vonzotta, \u00e9s a falu az 1800-as \u00e9vek elej\u00e9n kezdett n\u00f6vekedni. Saratoga hivatalosan 1826-ban v\u00e1lt faluv\u00e1, \u00e9s 1915-ben v\u00e1rosi rangot kapott. A korai j\u00f3l\u00e9tet a vasutak biztos\u00edtott\u00e1k: a Saratoga \u00e9s Schenectady vas\u00fatvonal (1832) gazdag gy\u00f3gyulni v\u00e1gy\u00f3kat hozott New Yorkb\u00f3l, hogy \u201egy\u00f3gyul\u00e1st vegyenek\u201d, \u00e9s a Congress Park k\u00f6r\u00fcl el\u0151kel\u0151 sz\u00e1llod\u00e1k \u00e9p\u00fcltek. 1777-ben a f\u00fcggetlens\u00e9gi h\u00e1bor\u00fa Saratoga csat\u00e1i mind\u00f6ssze n\u00e9h\u00e1ny m\u00e9rf\u00f6ldre keletre zajlottak (a mai Saratoga Nemzeti T\u00f6rt\u00e9nelmi Parkban), meger\u0151s\u00edtve a r\u00e9gi\u00f3 nemzeti jelent\u0151s\u00e9g\u00e9t, b\u00e1r maga a csatat\u00e9r a mai v\u00e1roshat\u00e1rokon k\u00edv\u00fcl esik.<\/p>\n<p>A 19. sz\u00e1zadban Saratoga az orsz\u00e1g els\u0151 sz\u00e1m\u00fa gy\u00f3gyf\u00fcrd\u0151helyek\u00e9nt volt ismert, h\u00edres vizei miatt gyakran emlegett\u00e9k a \u201egy\u00f3gyf\u00fcrd\u0151k kir\u00e1lyn\u0151je\u201d elnevez\u00e9st is. A l\u00f3versenyek az 1860-as \u00e9vekben kezd\u0151dtek (a Saratoga Versenyp\u00e1lya 1863-ban ny\u00edlt meg, \u00e9s 1864-ben k\u00f6lt\u00f6z\u00f6tt jelenlegi hely\u00e9re), \u00e9s a szerencsej\u00e1t\u00e9k egykor elterjedt volt a Saratoga-t\u00f3 k\u00f6rny\u00e9k\u00e9n. A 19. sz\u00e1zad v\u00e9g\u00e9re Saratoga a luxus\u00fcd\u00fcl\u0151v\u00e1rosok k\u00f6z\u00e9 tartozott, amely forr\u00e1saira, ny\u00e1ri versenyeire, luxus sz\u00e1llod\u00e1ira \u00e9s szabadid\u0151s l\u00e9tes\u00edtm\u00e9nyeire t\u00e1maszkodott. A 20. sz\u00e1zadban a gy\u00f3gyf\u00fcrd\u0151i k\u00far\u00e1k vir\u00e1gkora al\u00e1bbhagyott, de a v\u00e1ros infrastrukt\u00far\u00e1ja (t\u00f6rt\u00e9nelmi f\u00fcrd\u0151k, parkok \u00e9s kultur\u00e1lis helysz\u00ednek) tov\u00e1bbra is fennmaradt. Az 1930-as \u00e9vek k\u00f6zep\u00e9n a WPA projekt (Franklin D. Roosevelt t\u00e1mogat\u00e1s\u00e1val) meg\u00e9p\u00edtette a modern Roosevelt F\u00fcrd\u0151t \u00e9s Gy\u00f3gyf\u00fcrd\u0151t a Congress Parkban, meg\u0151rizve a gy\u00f3gyf\u00fcrd\u0151i hagyom\u00e1nyokat. Ma a Saratoga Springs \u00f6tv\u00f6zi a t\u00f6rt\u00e9nelem ezen r\u00e9tegeit \u2013 az \u0151slakos \u00f6r\u00f6ks\u00e9get, a 19. sz\u00e1zadi gy\u00f3gyf\u00fcrd\u0151ket \u00e9s sz\u00e1llod\u00e1kat, valamint a 20. sz\u00e1zadi \u00fcd\u00fcl\u0151helyi \u00e9letet.<\/p>\n<p>Saratoga Springs jelleg\u00e9t kett\u0151s identit\u00e1sa alak\u00edtja: egy kisv\u00e1ros \u00e9s egy \u00fcd\u00fcl\u0151hely. Az angol nyelvet mindenki besz\u00e9li, ami t\u00fckr\u00f6zi a nagyr\u00e9szt eur\u00f3pai sz\u00e1rmaz\u00e1s\u00fa k\u00f6z\u00f6ss\u00e9get. A belv\u00e1rosban a viktori\u00e1nus \u00fczletek \u00e9s k\u00e1v\u00e9z\u00f3k r\u00e1c\u00e1folnak az \u00e9l\u00e9nk m\u0171v\u00e9szeti \u00e9letre \u00e9s az esem\u00e9nyekkel teli napt\u00e1rra. A helyiek \u00e9s a l\u00e1togat\u00f3k k\u00e1v\u00e9 vagy eb\u00e9d k\u00f6zben keverednek egy naps\u00fct\u00f6tte teraszon; a boltosok \u00e9s a szomsz\u00e9dok \u0151szinte melegs\u00e9ggel \u00fcdv\u00f6zlik a j\u00e1r\u00f3kel\u0151ket. Val\u00f3j\u00e1ban Saratoga gyakran h\u00edres bar\u00e1ts\u00e1gos, \u201ekisv\u00e1rosi\u201d hangulat\u00e1r\u00f3l \u2013 egy kalauz megjegyzi, hogy \u201ea bar\u00e1ts\u00e1gos v\u00e1ros im\u00e1d bulikat rendezni\u201d, eg\u00e9sz \u00e9vben fesztiv\u00e1lokat \u00e9s \u00f6sszej\u00f6veteleket rendezve. Egy p\u00e9lda erre az \u00e9vszakos ritmus: j\u00faliusban \u00e9s augusztusban a teliv\u00e9r versenyek uralj\u00e1k a helyi sz\u00ednteret, m\u00edg a h\u0171v\u00f6sebb h\u00f3napokban a lakosok a helyi t\u00e1ncint\u00e9zet Spinning Roomj\u00e1ban t\u00e1ncolnak, vagy korcsoly\u00e1zni mennek a Congress Parkba. A zene \u00e9s a t\u00e1nc is vir\u00e1gzik \u2013 az \u00e1llami parkban tal\u00e1lhat\u00f3 Saratoga Performing Arts Center (SPAC) minden ny\u00e1ron vil\u00e1gsz\u00ednvonal\u00fa zenekari \u00e9s balett el\u0151ad\u00e1sokat tart, \u00e9s az 1970-es \u00e9vek \u00f3ta h\u00e9tv\u00e9gi jazzfesztiv\u00e1lt rendeznek itt. A v\u00e1ros m\u00e9g k\u00fcl\u00f6nlegesebb \u00f6sszej\u00f6veteleknek is otthont ad: febru\u00e1rban a Flurry N\u00e9pt\u00e1ncfesztiv\u00e1l \u2013 Amerika legnagyobb ilyen jelleg\u0171 rendezv\u00e9nye \u2013 t\u00f6bb mint 5000 rajong\u00f3t vonz kontrat\u00e1ncra, cajun-jigekre \u00e9s kering\u0151kre. Szilveszterkor a Saratoga First Night \u00fcnneps\u00e9g a maga nem\u00e9ben a legnagyobb t\u0171zij\u00e1t\u00e9kfesztiv\u00e1lt rendezi meg New York Cityn k\u00edv\u00fcl az \u00e9szakkeleti r\u00e9gi\u00f3ban.<\/p>\n<p>A mindennapi \u00e9let \u00e1ltal\u00e1ban nyugodt. A temp\u00f3 nem siet\u0151s: ny\u00e1ron hajnalban kocog\u00f3kat l\u00e1thatunk a foly\u00f3parti \u00f6sv\u00e9nyen, jeges te\u00e1val eb\u00e9del\u0151ket, \u00e9s turist\u00e1kat a Broadway butikjaiban b\u00f6ng\u00e9szve. A helyiek \u00e1ltal\u00e1ban eg\u00e9szs\u00e9gtudatosak \u00e9s m\u0171veltek; ker\u00e9kp\u00e1rosokat l\u00e1thatunk a Broadwayn, \u00e9s eb\u00e9did\u0151ben j\u00f3g\u00e1zhatunk a parkban. Minden esem\u00e9ny ellen\u00e9re megnyugtat\u00f3 kisv\u00e1rosi sz\u00edv\u00e9lyess\u00e9g uralkodik \u2013 egy pinc\u00e9r felismeri a t\u00f6rzsvend\u00e9get, \u00e9s a boltosok is tudj\u00e1k a nev\u00e9t. A l\u00e1togat\u00f3k be\u00e1raml\u00e1sa azonban egyfajta magasr\u00f6pt\u0171 energi\u00e1t is jelent: a meleg h\u00f3napokban minden h\u00e9tv\u00e9g\u00e9n versenyselymekbe \u00f6lt\u00f6z\u00f6tt p\u00e1rok vagy eleg\u00e1ns \u00f6lt\u00f6z\u00e9kben koncertl\u00e1togat\u00f3k \u00e9rkeznek, biztos\u00edtva, hogy a v\u00e1ros soha ne csendesedjen el teljesen. \u00d6sszefoglalva, Saratoga Springs egy el\u0151kel\u0151 f\u00fcrd\u0151v\u00e1rosnak \u00e9rz\u0151dik, amely tudja, hogyan kell \u00fcnnepelni is \u2013 bar\u00e1ts\u00e1gos, ig\u00e9nytelen, \u00e9s odafigyel a m\u0171v\u00e9szetre, a t\u00f6rt\u00e9nelemre \u00e9s a lovakra.<\/p>\n<p>A v\u00e1rosk\u00f6zpontb\u00f3l sz\u00e1mos fontos l\u00e1tnival\u00f3 \u00e9s \u00e9lm\u00e9ny ny\u00edlik. Legfontosabb l\u00e1tnival\u00f3ja a t\u00f6rt\u00e9nelmi Saratoga versenyp\u00e1lya, ahol a n\u00e9z\u0151k minden ny\u00e1ron \u00f6z\u00f6nlenek, hogy az Adirondack-hegys\u00e9g l\u00e1bai \u00e1ltal szeg\u00e9lyezett lel\u00e1t\u00f3n n\u00e9zz\u00e9k a teliv\u00e9r lovak verseny\u00e9t. A k\u00f6zelben tal\u00e1lhat\u00f3 a Congress Park, egy parkos\u00edtott v\u00e1rosi t\u00e9r \u00e1sv\u00e1nyv\u00edzforr\u00e1sokkal \u00e9s a d\u00edszes Canfield Casino (ma a szerencsej\u00e1t\u00e9k-t\u00f6rt\u00e9neti m\u00fazeum). K\u00f6zvetlen\u00fcl d\u00e9lre tal\u00e1lhat\u00f3 a Saratoga Spa \u00c1llami Park: egy 2500 hekt\u00e1ros z\u00f6ldter\u00fclet saj\u00e1t forr\u00e1sokkal, a rom\u00e1n st\u00edlus\u00fa Lincoln \u00c1sv\u00e1nyf\u00fcrd\u0151vel \u00e9s a szabadt\u00e9ri Victoria Poollal (egy pazar nyilv\u00e1nos f\u00fcrd\u0151vel). M\u0171v\u00e9szeti \u00e9s t\u00f6rt\u00e9nelmi m\u00fazeumok b\u0151velkednek: a Nemzeti T\u00e1ncm\u00fazeum \u00e9s H\u00edress\u00e9gek Csarnoka, valamint a Saratoga Aut\u00f3m\u00fazeum a v\u00e1ros hat\u00e1rain bel\u00fcl tal\u00e1lhat\u00f3, m\u00edg a Nemzeti Versenym\u00fazeum \u00e9s H\u00edress\u00e9gek Csarnoka a p\u00e1lya k\u00f6zel\u00e9ben fekszik. Yaddo, egy m\u0171v\u00e9szek mened\u00e9khelye h\u00edres kertekkel, r\u00f6vid t\u00e1vols\u00e1gra keletre tal\u00e1lhat\u00f3. A v\u00e1rosban a Broadway a t\u00f6rt\u00e9nelmi f\u0151utca \u2013 itt a l\u00e1togat\u00f3k r\u00e9gis\u00e9gboltokat, gal\u00e9ri\u00e1kat (helyi m\u0171v\u00e9szeket \u00e9s k\u00e9zm\u0171veseket bemutat\u00f3 gal\u00e9ri\u00e1kat) \u00e9s egy h\u00edres szak\u00e1csk\u00f6nyv- \u00e9s te\u00e1z\u00f3t fedezhetnek fel, pihenve a h\u0171s forr\u00e1sv\u00edzzel t\u00e1pl\u00e1lt padokon. A m\u0171v\u00e9szetek szerelmesei sz\u00e1m\u00e1ra a parkban tal\u00e1lhat\u00f3 Saratoga El\u0151ad\u00f3m\u0171v\u00e9szeti K\u00f6zpont (SPAC) ad otthont a Philadelphia Zenekar \u00e9s a New York City Balett ny\u00e1ri koncertjeinek, \u00edgy modern amfite\u00e1truma kultur\u00e1lis l\u00e1tnival\u00f3kk\u00e1 v\u00e1lt. V\u00e9g\u00fcl, k\u00f6zvetlen\u00fcl a v\u00e1roson k\u00edv\u00fcl tal\u00e1lhat\u00f3 a Saratoga Nemzeti T\u00f6rt\u00e9nelmi Park (Schuylerville) a f\u00fcggetlens\u00e9gi h\u00e1bor\u00fas csatat\u00e9rrel \u00e9s l\u00e1togat\u00f3k\u00f6zponttal, amely fest\u0151i \u00e9s tanuls\u00e1gos kir\u00e1ndul\u00e1st k\u00edn\u00e1l a t\u00f6rt\u00e9nelem szerelmeseinek.<\/p>\n<p>Saratoga Springs k\u00f6nnyen megk\u00f6zel\u00edthet\u0151 k\u00f6z\u00faton vagy rep\u00fcl\u0151vel. Az Albany Nemzetk\u00f6zi Rep\u00fcl\u0151t\u00e9r (ALB) k\u00f6r\u00fclbel\u00fcl 30 perces aut\u00f3\u00fatra d\u00e9lre tal\u00e1lhat\u00f3 a 87-es \u00e1llamk\u00f6zi aut\u00f3p\u00e1ly\u00e1n kereszt\u00fcl. Az Amtrak az Adirondack \u00e9s az Ethan Allen \u00fatvonalon szolg\u00e1lja ki Saratoga Springst, New York Cityvel \u00e9s Burlingtonnal (Vermont) val\u00f3 \u00f6sszek\u00f6ttet\u00e9ssel. Aut\u00f3val az I-87-es aut\u00f3p\u00e1lya (az Adirondack Northway) a v\u00e1rost\u00f3l keletre halad el (15-\u00f6s kij\u00e1rat), az amerikai 9-es \u00fat pedig \u00e9szak-d\u00e9li ir\u00e1nyban halad \u00e1t a belv\u00e1roson. Nyugat fel\u0151l \u00e9rkezve a Lake George \u00e9s az Adirondack-hegys\u00e9g fel\u0151l kanyarg\u00f3s, k\u00e9ts\u00e1vos utak \u00e9rik el Saratog\u00e1t. Ny\u00e1ron a l\u00f3versenyek miatt nagyobb forgalomra kell sz\u00e1m\u00edtani; t\u00e9len a vid\u00e9ki utakon havaz\u00e1s lehet.<\/p>\n<p>A kompakt belv\u00e1ros gyalogosan is k\u00f6nnyen megk\u00f6zel\u00edthet\u0151, k\u00fcl\u00f6n\u00f6sen a Broadway, a Congress Park \u00e9s a Circular Street k\u00f6rny\u00e9ke. Egy szezon\u00e1lis ingyenes villamos (j\u00falius k\u00f6zep\u00e9t\u0151l a munka \u00fcnnep\u00e9ig) 30 percenk\u00e9nt k\u00f6zlekedik a belv\u00e1ros \u00e9s a f\u0151bb l\u00e1tnival\u00f3k (a p\u00e1lya, a kaszin\u00f3, az \u00e1llami park \u00e9s a t\u00f3) k\u00f6z\u00f6tt. A F\u0151v\u00e1rosi Ker\u00fcleti K\u00f6zleked\u00e9si Hat\u00f3s\u00e1g (CDTA) buszokat is \u00fczemeltet Albany \u00e9s Saratoga k\u00f6z\u00f6tt, meg\u00e1ll\u00f3val a rep\u00fcl\u0151t\u00e9ren \u00e9s a belv\u00e1rosban. A v\u00e1roson bel\u00fcl helyi buszok szolg\u00e1lj\u00e1k ki a v\u00e1rost \u00e9s a Saratoga Spa \u00c1llami Parkot. Taxik \u00e9s fuvarmegoszt\u00f3 szolg\u00e1ltat\u00e1sok (Uber\/Lyft) \u00e1llnak rendelkez\u00e9sre, de ny\u00e1ri est\u00e9ken gyakran zs\u00fafoltak. Sz\u00e1mos l\u00e1tnival\u00f3n\u00e1l van helysz\u00edni parkol\u00e1s.<\/p>\n<p>A p\u00e9nznem az amerikai doll\u00e1r. Az angol az univerz\u00e1lis nyelv. Az \u00e1tlagos borraval\u00f3 az amerikai gyakorlat (15\u201320% az \u00e9ttermekben). Az \u00f6lt\u00f6zk\u00f6d\u00e9s laza \u2013 a l\u00e1togat\u00f3k gyakran kombin\u00e1lj\u00e1k a szabadid\u0151ruh\u00e1t (szabadt\u00e9ri\/versenyp\u00e1ly\u00e1s viselet) eleg\u00e1nsabb \u00f6lt\u00f6z\u00e9kkel k\u00fcl\u00f6nleges esem\u00e9nyekre (p\u00e9ld\u00e1ul hossz\u00fa nadr\u00e1g az esti koncertekre). A Saratoga Springs lak\u00f3i \u00e1ltal\u00e1ban udvariasak \u00e9s seg\u00edt\u0151k\u00e9szek; egy gyors mosoly vagy \u201eszia\u201d sokat sz\u00e1m\u00edt. Biztons\u00e1gi szempontb\u00f3l Saratoga Springs jellemz\u0151en csendes \u00e9s csal\u00e1dbar\u00e1t. A szok\u00e1sos \u00f3vint\u00e9zked\u00e9sek \u00e9rv\u00e9nyesek (z\u00e1rj\u00e1k le az aut\u00f3t a parkol\u00f3ban, vigy\u00e1zzanak a szem\u00e9lyes t\u00e1rgyakra a t\u00f6megben). A ny\u00e1ri versenyh\u00e9tv\u00e9g\u00e9k zs\u00fafoltak lehetnek, de tov\u00e1bbra is rendezettek \u2013 ilyenkor megn\u0151 a rend\u0151ri jelenl\u00e9t, \u00e9s a legt\u00f6bb l\u00e1togat\u00f3 arr\u00f3l sz\u00e1mol be, hogy meglehet\u0151sen biztons\u00e1gban \u00e9rzi mag\u00e1t.<a href=\"https:\/\/travelshelper.com\/hu\/uticelok\/eszak-amerika\/amerikai-egyesult-allamok\/berkeley-springs\/\" target=\"_self\" aria-labelledby=\"uael-post-8997\"><br \/>\n<\/a><\/p>","protected":false},"excerpt":{"rendered":"<p>Saratoga Springs, a city located in Saratoga County, New York, has captivated visitors for more than two centuries with its vibrant culture and rich history. With 28,491 residents as of the 2020 census, this little city is well-known for its mineral springs, which have long drawn tourists looking for rest and renewal. The city&#8217;s name honors these natural springs, which have been vital in Saratoga Springs&#8217; growth as a top vacation spot.<\/p>","protected":false},"author":1,"featured_media":17537,"parent":8072,"menu_order":0,"comment_status":"closed","ping_status":"closed","template":"elementor_theme","meta":{"_eb_attr":"","footnotes":""},"class_list":["post-8985","page","type-page","status-publish","has-post-thumbnail"],"_links":{"self":[{"href":"https:\/\/travelshelper.com\/hu\/wp-json\/wp\/v2\/pages\/8985","targetHints":{"allow":["GET"]}}],"collection":[{"href":"https:\/\/travelshelper.com\/hu\/wp-json\/wp\/v2\/pages"}],"about":[{"href":"https:\/\/travelshelper.com\/hu\/wp-json\/wp\/v2\/types\/page"}],"author":[{"embeddable":true,"href":"https:\/\/travelshelper.com\/hu\/wp-json\/wp\/v2\/users\/1"}],"replies":[{"embeddable":true,"href":"https:\/\/travelshelper.com\/hu\/wp-json\/wp\/v2\/comments?post=8985"}],"version-history":[{"count":0,"href":"https:\/\/travelshelper.com\/hu\/wp-json\/wp\/v2\/pages\/8985\/revisions"}],"up":[{"embeddable":true,"href":"https:\/\/travelshelper.com\/hu\/wp-json\/wp\/v2\/pages\/8072"}],"wp:featuredmedia":[{"embeddable":true,"href":"https:\/\/travelshelper.com\/hu\/wp-json\/wp\/v2\/media\/17537"}],"wp:attachment":[{"href":"https:\/\/travelshelper.com\/hu\/wp-json\/wp\/v2\/media?parent=8985"}],"curies":[{"name":"wp","href":"https:\/\/api.w.org\/{rel}","templated":true}]}}