{"id":8967,"date":"2024-09-06T17:40:05","date_gmt":"2024-09-06T17:40:05","guid":{"rendered":"https:\/\/travelshelper.com\/staging\/?page_id=8967"},"modified":"2026-03-13T18:09:05","modified_gmt":"2026-03-13T18:09:05","slug":"pagosa-springs","status":"publish","type":"page","link":"https:\/\/travelshelper.com\/hu\/destinations\/north-america\/united-states\/pagosa-springs\/","title":{"rendered":"Pagosa Springs"},"content":{"rendered":"<p>Pagosa Springs egy kis hegyvid\u00e9ki k\u00f6z\u00f6ss\u00e9g Colorado d\u00e9lnyugati r\u00e9sz\u00e9n. Lakosainak sz\u00e1ma a 2020-as n\u00e9psz\u00e1ml\u00e1l\u00e1s szerint az 1500-as \u00e9vek k\u00f6zepe k\u00f6r\u00fcl mozgott, \u00e9s 2025-re k\u00f6r\u00fclbel\u00fcl 1877 f\u0151re n\u0151tt. A v\u00e1ros demogr\u00e1fiai adatai a fiatal lakoss\u00e1got (\u00e1tlag\u00e9letkor ~34,5 \u00e9v) \u00e9s a jelent\u0151s spanyol\/latin-amerikai lakoss\u00e1got (a lakosok k\u00f6r\u00fclbel\u00fcl 43%-a) t\u00fckr\u00f6zik. Gazdas\u00e1gilag Pagosa Springs nagym\u00e9rt\u00e9kben f\u00fcgg a turizmust\u00f3l \u00e9s a nyugd\u00edjj\u00f6vedelemt\u0151l. A h\u00e1ztart\u00e1sok medi\u00e1nj\u00f6vedelme szer\u00e9ny (k\u00f6r\u00fclbel\u00fcl 36 700 doll\u00e1r), a csal\u00e1dok nagyj\u00e1b\u00f3l 23%-a \u00e9l a szeg\u00e9nys\u00e9gi k\u00fcsz\u00f6b alatt. Sok h\u00e1ztart\u00e1s a szolg\u00e1ltat\u00f3iparra, a szabadt\u00e9ri kikapcsol\u00f3d\u00e1sra \u00e9s a vend\u00e9gl\u00e1t\u00e1sra t\u00e1maszkodik. Ez a gazdas\u00e1g az elm\u00falt \u00e9vtizedekben stabiliz\u00e1l\u00f3dott, mivel a v\u00e1ros h\u00edres h\u0151forr\u00e1sai \u00e9s s\u00edterepe vonzza a l\u00e1togat\u00f3kat.<\/p>\n<p>Pagosa Springs Colorado zord nyugati San Juan-hegys\u00e9g\u00e9ben fekszik, mintegy 35 m\u00e9rf\u00f6ldre \u00e9szakra az \u00faj-mexik\u00f3i hat\u00e1rt\u00f3l. A Kontinent\u00e1lis V\u00edzv\u00e1laszt\u00f3 nyugati lejt\u0151j\u00e9n, 7126 l\u00e1b tengerszint feletti magass\u00e1gban fekszik, egy magas sivatagi fenns\u00edkon, amelyet erd\u0151k \u00e9s h\u00f3f\u00f6dte cs\u00facsok szeg\u00e9lyeznek. A k\u00f6zelben folyik a San Juan foly\u00f3, amelyet a hegyi h\u00f3olvad\u00e9k t\u00e1pl\u00e1l. Fenyvesek \u00e9s zs\u00e1lyacserj\u00e9k veszik k\u00f6r\u00fcl a v\u00e1rost, ahol szokatlanul naps\u00fct\u00e9ses \u00e9ghajlat uralkodik \u2013 \u00e9vente k\u00f6r\u00fclbel\u00fcl 300 naps\u00fct\u00e9ses nap van. A telek hidegek, de ehhez a magass\u00e1ghoz k\u00e9pest viszonylag enyh\u00e9k, a nyarak pedig melegek \u00e9s \u00e1ltal\u00e1ban sz\u00e1razak. A hegyvid\u00e9ki \u00e9s magas sivatagi elemek ezen kombin\u00e1ci\u00f3ja Pagosa Springsnek egyedi k\u00f6rnyezetet k\u00f6lcs\u00f6n\u00f6z Colorado als\u00f3 s\u00edks\u00e1gaival ellent\u00e9tben. A h\u00e1rom oldalr\u00f3l nemzeti erd\u0151vel k\u00f6r\u00fclvett v\u00e1ros elszigeteltnek t\u0171nik, m\u00e9gis olyan k\u00f6rnyezetben \u00e9l, amely n\u00e9gy teljes \u00e9vszakban k\u00edn\u00e1l kikapcsol\u00f3d\u00e1st.<\/p>\n<p>J\u00f3val az eur\u00f3paiak \u00e9rkez\u00e9se el\u0151tt Pagosa ter\u00fclete szent volt az ute n\u00e9p sz\u00e1m\u00e1ra, akik a forr\u00e1sokat Pagosah-nak nevezt\u00e9k, ami \u201egy\u00f3gy\u00edt\u00f3 vagy forr\u00e1sban l\u00e9v\u0151 vizet\u201d jelent. Az ute \u00e9s a navajo t\u00f6rzsek id\u0151szakosan haszn\u00e1lt\u00e1k a ter\u00fcletet, \u00e9s a forr\u00e1sok miatti konfliktusok a 19. sz\u00e1zad v\u00e9g\u00e9ig fell\u00e1ngoltak. 1880-ban az amerikai korm\u00e1ny \u00e1tvette a forr\u00e1sok ir\u00e1ny\u00edt\u00e1s\u00e1t, \u00e9s r\u00f6viddel ezut\u00e1n feh\u00e9r telepesek is ig\u00e9nyt tartottak r\u00e1juk. Pagosa Springs-t 1883-ban alap\u00edtott\u00e1k, \u00e9s 1891-ben v\u00e1ross\u00e1 nyilv\u00e1n\u00edtott\u00e1k.<\/p>\n<p>Eredetileg a gazdas\u00e1g az aranyra, a f\u00e1ra \u00e9s a szarvasmarha-teny\u00e9szt\u00e9sre \u00f6sszpontos\u00edtott, mivel az \u00fatt\u00f6r\u0151k erd\u0151ket irtottak ki \u00e9s b\u00e1ny\u00e1sztak a k\u00f6zeli lejt\u0151k\u00f6n. A 20. sz\u00e1zad elej\u00e9n a v\u00e1ros t\u00e1mogat\u00f3i megpr\u00f3b\u00e1ltak turisztikai v\u00e1llalkoz\u00e1st \u00e9p\u00edteni a h\u0151forr\u00e1sok k\u00f6r\u00e9, de az \u00e9vtizedekig t\u00e1voli maradt. A jelent\u0151s fordul\u00f3pont a Colorado foly\u00f3 t\u00e1roz\u00e1si projektje ut\u00e1n k\u00f6vetkezett be az 1950-es \u00e9s 60-as \u00e9vekben, amely \u00e1ramot \u00e9s utakat hozott l\u00e9tre. Az 1970-es \u00e9vekre Pagosa Springs akt\u00edvan fejlesztette forr\u00e1sait. Egy egyed\u00fcl\u00e1ll\u00f3 kultur\u00e1lis m\u00e9rf\u00f6ldk\u0151 a Red Ryder Roundup, egy j\u00falius 4-i rode\u00f3 \u00e9s felvonul\u00e1s, amelyet az 1950-es \u00e9vekben ind\u00edtottak el a helyi cowboy kult\u00fara tisztelet\u00e9re. Id\u0151vel Pagosa Springs elismert\u00e9k a \u201eMeg\u0151rzend\u0151 Amerika\u201d k\u00f6z\u00f6ss\u00e9gk\u00e9nt (2006) is t\u00f6rt\u00e9nelmi jelleg\u00e9nek v\u00e9delm\u00e9\u00e9rt.<\/p>\n<p>Pagosa Springs meg\u0151rizte egy kis nyugati v\u00e1ros hangulat\u00e1t. Az angol az els\u0151dleges nyelv, de a lakoss\u00e1g k\u00f6zel fele spanyol ajk\u00fa gy\u00f6kerekkel rendelkezik (ami t\u00fckr\u00f6zi a region\u00e1lis \u00f6r\u00f6ks\u00e9get). A helyiek \u00e1ltal\u00e1ban inform\u00e1lisak \u00e9s szomsz\u00e9diak; a ranching \u00e9s az \u0151slakos hagyom\u00e1nyok keverednek a modern szabadt\u00e9ri \u00e9letm\u00f3ddal. Az \u00e9let temp\u00f3ja nyugodt: a ny\u00e1ri napokat t\u00far\u00e1z\u00e1ssal, raftingol\u00e1ssal vagy a forr\u00e1sokban f\u00fcrd\u0151z\u00e9ssel t\u00f6ltik, m\u00edg t\u00e9len a k\u00f6zeli \u00fcd\u00fcl\u0151helyeken s\u00edel\u0151k j\u00e1rnak. A k\u00f6z\u00f6ss\u00e9gi esem\u00e9nyek t\u00fckr\u00f6zik a kevert \u00f6r\u00f6ks\u00e9get: p\u00e9ld\u00e1ul minden j\u00faliusban a helyiek \u00e9s a l\u00e1togat\u00f3k cowboykalapot \u00f6ltenek a Red Ryder Rodeo Parade-ra. \u0150sszel a v\u00e1ros ad otthont a Colorfestnek, egy h\u0151l\u00e9gballonos, bor\u00e1szati \u200b\u200b\u00e9s fut\u00f3versenyek fesztiv\u00e1lj\u00e1nak. A r\u00e9g\u00f3ta itt \u00e9l\u0151 lakosok \u00e9s az \u00fajonnan \u00e9rkez\u0151k k\u00f6r\u00e9ben egyar\u00e1nt a bar\u00e1ts\u00e1goss\u00e1g b\u00fcszkes\u00e9g \u2013 ez az a fajta hely, ahol egy idegen is b\u00f3kl\u00e1szik a melegv\u00edz\u0171 forr\u00e1sok medenc\u00e9iben, \u00e9s a boltosok n\u00e9v szerint ismerik a v\u00e1s\u00e1rl\u00f3kat. Annak ellen\u00e9re, hogy turisztikai v\u00e1ros, Pagosa belv\u00e1rosa meglep\u0151en hangulatosnak t\u0171nik, egy gyalogosan is bej\u00e1rhat\u00f3 f\u0151utc\u00e1val, m\u0171v\u00e9szeti gal\u00e9ri\u00e1kkal \u00e9s n\u00e9h\u00e1ny kocsm\u00e1val, ahol a helyiek \u00e9s a l\u00e1togat\u00f3k helyi s\u00f6r\u00f6k mellett besz\u00e9lgethetnek.<\/p>\n<p>Pagosa meghat\u00e1roz\u00f3 vonzerej\u00e9t a term\u00e1lforr\u00e1sok jelentik. A m\u00e9lyen fekv\u0151 geotermikus forr\u00e1sok t\u00e1pl\u00e1lta \u201eAnyaforr\u00e1s\u201d k\u00f6r\u00fclbel\u00fcl 53\u00b0C-os h\u0151m\u00e9rs\u00e9kleten bugyog, \u00e9s sz\u00e1mos nyilv\u00e1nos \u00e9s mag\u00e1n f\u00fcrd\u0151medenc\u00e9t t\u00f6lt meg. A l\u00e1togat\u00f3k eg\u00e9sz \u00e9vben, m\u00e9g havas id\u0151ben is j\u00f6nnek f\u00fcrd\u0151zni. A v\u00e1rost\u00f3l mind\u00f6ssze n\u00e9h\u00e1ny percnyi aut\u00f3\u00fatra tal\u00e1lhat\u00f3 a Wolf Creek s\u00edterep, amely b\u0151s\u00e9ges havaz\u00e1s\u00e1r\u00f3l (\u00e1tlagosan ~110 cm \u00e9vente, ami a legt\u00f6bb a colorad\u00f3i \u00fcd\u00fcl\u0151helyek k\u00f6z\u00f6tt) \u00e9s csal\u00e1dbar\u00e1t lejt\u0151ir\u0151l ismert.<\/p>\n<p>Pagosa k\u00fcsz\u00f6b\u00e9n \u00e1ll a term\u00e9szet. A v\u00e1rost\u00f3l keletre tal\u00e1lhat\u00f3 a Treasure-v\u00edzes\u00e9s, amely 33 m\u00e9teres magass\u00e1gb\u00f3l zuhan le egy k\u00f6nny\u0171 erdei t\u00fara\u00fatvonalon. Tov\u00e1bbi k\u00f6zeli v\u00edzes\u00e9sek k\u00f6z\u00e9 tartozik a Piedra \u00e9s a Fourmile-v\u00edzes\u00e9s, melyeket feny\u0151erd\u0151k\u00f6n \u00e1tvezet\u0151 rusztikus \u00f6sv\u00e9nyeken lehet megk\u00f6zel\u00edteni. Pagosa a Chimney Rock Nemzeti Eml\u00e9km\u0171 k\u00f6zel\u00e9ben tal\u00e1lhat\u00f3, amely egy \u0151si pueblo telep\u00fcl\u00e9s dr\u00e1mai k\u0151tornyokkal \u00e9s kiv\u00e1kkal, amelyek Kr. u. 950 \u00e9s 1150 k\u00f6z\u00f6tt \u00e9p\u00fcltek. Vad\u0151r\u00f6k \u00e1ltal vezetett t\u00far\u00e1k sor\u00e1n megismerkedhetnek a helysz\u00edn csillag\u00e1szati \u200b\u200belhelyezked\u00e9s\u00e9vel. A Pagos\u00e1n \u00e1tfoly\u00f3 San Juan foly\u00f3 h\u00edres az arany\u00e9rmes l\u00e9gyhorg\u00e1szatr\u00f3l, valamint a ny\u00e1ri gumics\u00f3nak\u00e1z\u00e1sr\u00f3l \u00e9s a k\u00f6nny\u0171 raftingol\u00e1sr\u00f3l.<\/p>\n<p>A v\u00e1rosban, magukon a forr\u00e1sokon k\u00edv\u00fcl, van n\u00e9h\u00e1ny r\u00e9tegl\u00e1tnival\u00f3 is. A Fred Harman M\u0171v\u00e9szeti M\u00fazeum (m\u00e1s n\u00e9ven Red Ryder M\u00fazeum) a k\u00e9preg\u00e9ny-illusztr\u00e1tort \u00fcnnepli, aki Pagos\u00e1t tette otthon\u00e1v\u00e1. A helyi t\u00faraszervez\u0151k gumics\u00f3nakokat \u00e9s kajakokat b\u00e9relhetnek a foly\u00f3n, a t\u00faraboltok pedig lovas t\u00far\u00e1kat \u00e9s felszerel\u00e9st k\u00edn\u00e1lnak. Az \u00e9v sor\u00e1n k\u00e9zm\u0171ves v\u00e1s\u00e1rok, termel\u0151i piacok \u00e9s m\u0171v\u00e9szeti ki\u00e1ll\u00edt\u00e1sok vonzz\u00e1k a t\u00f6megeket. Pagosa var\u00e1zs\u00e1nak nagy r\u00e9sze a szabadban rejlik: fest\u0151i aut\u00f3utak vezetnek alpesi tavakhoz (mint p\u00e9ld\u00e1ul a Williams, a Quartz), s\u0151t, m\u00e9g az \u00e9tkez\u0151kb\u0151l \u00e9s k\u00e1v\u00e9z\u00f3kb\u00f3l is panor\u00e1m\u00e1s kil\u00e1t\u00e1s ny\u00edlik a hegyekre. Egy l\u00e1togat\u00f3 sz\u00e1m\u00e1ra a kihagyhatatlan program egy\u00e9rtelm\u0171: pihenjen a g\u0151z\u00f6lg\u0151 \u00e1sv\u00e1nyv\u00edzben, majd sz\u00edvja mag\u00e1ba a tiszta hegyi leveg\u0151t.<\/p>\n<p>Pagosa Springsnek nincs saj\u00e1t jelent\u0151s rep\u00fcl\u0151tere vagy vas\u00fat\u00e1llom\u00e1sa. A legk\u00f6zelebbi kereskedelmi rep\u00fcl\u0151t\u00e9r a Durango-La Plata megyei rep\u00fcl\u0151t\u00e9r (DRO), k\u00f6r\u00fclbel\u00fcl 60 m\u00e9rf\u00f6ldre nyugatra, ahonnan napi j\u00e1ratok indulnak Denverbe, Dallasba, valamint szezon\u00e1lis j\u00e1ratok indulnak Phoenixbe, Salt Lake Citybe \u00e9s Las Vegasba. A Phoenixi vagy Denveri rep\u00fcl\u0151terekr\u0151l az aut\u00f3\u00fat nagyj\u00e1b\u00f3l 5-6 \u00f3ra; Albuquerque-b\u0151l k\u00f6r\u00fclbel\u00fcl 4 \u00f3ra \u00e9szakra. A l\u00e1togat\u00f3k gyakran b\u00e9relnek aut\u00f3t; az US 160-as aut\u00f3p\u00e1lya Pagos\u00e1t kelet-nyugati ir\u00e1nyban k\u00f6ti \u00f6ssze a Wolf Creek h\u00e1g\u00f3n kereszt\u00fcl. (Megjegyzend\u0151, hogy a Wolf Creek h\u00e1g\u00f3 egy magashegyi \u00fat \u2013 t\u00e9len vesz\u00e9lyesek lehetnek az \u00fatviszonyok. A sof\u0151r\u00f6knek val\u00f3s idej\u0171 friss\u00edt\u00e9seket kell ellen\u0151rizni\u00fck.)<\/p>\n<p>Pagosa v\u00e1rosk\u00f6zpontja kompakt (a belv\u00e1ros k\u00f6nnyen gyalogosan is bej\u00e1rhat\u00f3), de sz\u00e1mos l\u00e1tnival\u00f3 kanyonokban vagy erd\u0151kben fekszik. A Mountain Express Transit rendszer helyi buszj\u00e1ratot biztos\u00edt, bele\u00e9rtve egy fix \u00fatvonalat Pagosa Springsen \u00e9s a k\u00fcls\u0151 telep\u00fcl\u00e9seken kereszt\u00fcl, valamint csatlakoz\u00e1sokat eg\u00e9szen Durang\u00f3ig. Ez a szolg\u00e1ltat\u00e1s olcs\u00f3 vagy ingyenes az id\u0151sek sz\u00e1m\u00e1ra. A hatalmas erd\u0151k \u00e9s hegyek azonban csak aut\u00f3val, quaddal vagy gyalogosan k\u00f6zel\u00edthet\u0151k meg, ez\u00e9rt gyakori a j\u00e1rm\u0171b\u00e9rl\u00e9s vagy az idegenvezet\u00e9s megszervez\u00e9se. A belv\u00e1rosban korl\u00e1tozott a parkol\u00e1s, de \u00e1ltal\u00e1ban k\u00f6nnyebb, mint a nagyv\u00e1rosokban; a f\u0151utc\u00e1k gyalogosokkal vannak tele, k\u00fcl\u00f6n\u00f6sen a ny\u00e1ri h\u00e9tv\u00e9g\u00e9ken.<\/p>\n<p>A p\u00e9nznem az amerikai doll\u00e1r, \u00e9s mindenhol angolul besz\u00e9lnek; sok helyi lakos sz\u00e9les k\u00f6rben besz\u00e9l spanyolul is. A nagy tengerszint feletti magass\u00e1g miatt az \u00faj l\u00e1togat\u00f3knak id\u0151t kell sz\u00e1nniuk az alkalmazkod\u00e1sra \u2013 m\u00e9g a r\u00f6vid s\u00e9t\u00e1k is meger\u0151ltet\u0151ek lehetnek 2100 m\u00e9ter feletti magass\u00e1gban. A t\u00e9l jeges utakat \u00e9s er\u0151s havaz\u00e1st hozhat; a ny\u00e1ri napokon er\u0151s naps\u00fct\u00e9s lehet, ez\u00e9rt aj\u00e1nlott a f\u00e9nyv\u00e9d\u0151 haszn\u00e1lata \u00e9s a hidrat\u00e1l\u00e1s. A l\u00e1togat\u00f3knak \u2013 m\u00e1s amerikai \u00fati c\u00e9lokhoz hasonl\u00f3an \u2013 15\u201320%-os borraval\u00f3t kell adniuk a pinc\u00e9reknek \u00e9s az idegenvezet\u0151knek. Az etikett inform\u00e1lis: a j\u00e1r\u00f3kel\u0151kt\u0151l egy gyors \u201ek\u00f6sz\u00f6n\u00e9s\u201d vagy biccent\u00e9s szok\u00e1s. Pagos\u00e1ban \u00e1ltal\u00e1ban j\u00f3 a biztons\u00e1g: a k\u00f6z\u00f6ss\u00e9g kicsi \u00e9s b\u00e9k\u00e9s. A j\u00f3zan \u00e9sz \u00f3vint\u00e9zked\u00e9sei \u00e9rv\u00e9nyesek \u2013 vigy\u00e1zzanak a vadon \u00e9l\u0151 \u00e1llatokra (medv\u00e9k vagy j\u00e1vorszarvasok a kempingekben, cs\u00f6rg\u0151k\u00edgy\u00f3k a h\u0151s\u00e9gben), \u00e9s tarts\u00e1k be az id\u0151j\u00e1r\u00e1si figyelmeztet\u00e9seket, k\u00fcl\u00f6n\u00f6sen t\u00e9len.<a href=\"https:\/\/travelshelper.com\/hu\/uticelok\/eszak-amerika\/amerikai-egyesult-allamok\/berkeley-springs\/\" target=\"_self\" aria-labelledby=\"uael-post-8997\"><br \/>\n<\/a><\/p>","protected":false},"excerpt":{"rendered":"<p>Pagosa Springs, ute nyelven Pagw\u00f6\u00f6sa, navajo nyelven pedig T\u00f3 Sido H\u00e1\u00e1l\u012f\u0301 n\u00e9ven ismert, egy \u00e9l\u00e9nk \u00e9s jellegzetes k\u00f6z\u00f6ss\u00e9g Archuleta megye sz\u00edv\u00e9ben, Colorad\u00f3ban. A megyesz\u00e9khely \u00e9s a k\u00f6rny\u00e9k legn\u00e9pesebb v\u00e1rosak\u00e9nt Pagosa Springs egyed\u00fcl\u00e1ll\u00f3 term\u00e9szeti sz\u00e9ps\u00e9ge, valamint nagy t\u00f6rt\u00e9nelmi \u00e9s kultur\u00e1lis \u00e9rt\u00e9ke miatt. A 2020-as n\u00e9psz\u00e1ml\u00e1l\u00e1s szerint 1571 lakos\u00fa \u00f6nkorm\u00e1nyzattal rendelkez\u0151 telep\u00fcl\u00e9s igen keresett mind a helyiek, mind a turist\u00e1k k\u00f6r\u00e9ben. Hozz\u00e1f\u00e9r\u00e9st k\u00edn\u00e1l nagy vadon ter\u00fcletekhez, ugyanakkor kisv\u00e1rosi vonzer\u0151t is k\u00edn\u00e1l.<\/p>","protected":false},"author":1,"featured_media":17607,"parent":8072,"menu_order":0,"comment_status":"closed","ping_status":"closed","template":"elementor_theme","meta":{"_eb_attr":"","footnotes":""},"class_list":["post-8967","page","type-page","status-publish","has-post-thumbnail"],"_links":{"self":[{"href":"https:\/\/travelshelper.com\/hu\/wp-json\/wp\/v2\/pages\/8967","targetHints":{"allow":["GET"]}}],"collection":[{"href":"https:\/\/travelshelper.com\/hu\/wp-json\/wp\/v2\/pages"}],"about":[{"href":"https:\/\/travelshelper.com\/hu\/wp-json\/wp\/v2\/types\/page"}],"author":[{"embeddable":true,"href":"https:\/\/travelshelper.com\/hu\/wp-json\/wp\/v2\/users\/1"}],"replies":[{"embeddable":true,"href":"https:\/\/travelshelper.com\/hu\/wp-json\/wp\/v2\/comments?post=8967"}],"version-history":[{"count":0,"href":"https:\/\/travelshelper.com\/hu\/wp-json\/wp\/v2\/pages\/8967\/revisions"}],"up":[{"embeddable":true,"href":"https:\/\/travelshelper.com\/hu\/wp-json\/wp\/v2\/pages\/8072"}],"wp:featuredmedia":[{"embeddable":true,"href":"https:\/\/travelshelper.com\/hu\/wp-json\/wp\/v2\/media\/17607"}],"wp:attachment":[{"href":"https:\/\/travelshelper.com\/hu\/wp-json\/wp\/v2\/media?parent=8967"}],"curies":[{"name":"wp","href":"https:\/\/api.w.org\/{rel}","templated":true}]}}