{"id":8958,"date":"2024-09-06T16:54:54","date_gmt":"2024-09-06T16:54:54","guid":{"rendered":"https:\/\/travelshelper.com\/staging\/?page_id=8958"},"modified":"2026-03-13T18:09:26","modified_gmt":"2026-03-13T18:09:26","slug":"ouray","status":"publish","type":"page","link":"https:\/\/travelshelper.com\/hu\/destinations\/north-america\/united-states\/ouray\/","title":{"rendered":"Ouray"},"content":{"rendered":"<p>Colorado d\u00e9lnyugati r\u00e9sz\u00e9n, a San Juan-hegys\u00e9g m\u00e9ly\u00e9n megb\u00fav\u00f3 Ouray egy apr\u00f3 v\u00e1ros pazar t\u00e1jjal. Ouray megye megyesz\u00e9khelye, \u00e9s r\u00e9g\u00f3ta \u201eAmerika Sv\u00e1jcak\u00e9nt\u201d emlegetik mag\u00e1t. A 2020-as n\u00e9psz\u00e1ml\u00e1l\u00e1s szerint a v\u00e1ros lakoss\u00e1ga mind\u00f6ssze 898 f\u0151 volt, \u00edgy szorosan \u00f6sszetart\u00f3 k\u00f6z\u00f6ss\u00e9gr\u0151l van sz\u00f3. A k\u00f6r\u00fclbel\u00fcl 2375 m\u00e9teres tengerszint feletti magass\u00e1gban fekv\u0151 v\u00e1rost az Uncompahgre foly\u00f3 keskeny kanyonja \u00f6leli k\u00f6r\u00fcl, h\u00e1rom oldalr\u00f3l meredek, v\u00f6r\u00f6s szikl\u00e1s szikl\u00e1k emelkednek. A fest\u0151i f\u0151utc\u00e1t viktori\u00e1nus kori t\u00e9gla\u00e9p\u00fcletek szeg\u00e9lyezik, amelyek a v\u00e1ros b\u00e1ny\u00e1szati \u200b\u200bgy\u00f6kereire eml\u00e9keztetnek. Ouray gazdas\u00e1ga ma a turizmusra (szabadt\u00e9ri kikapcsol\u00f3d\u00e1s \u00e9s t\u00f6rt\u00e9nelmi turizmus) \u00e9p\u00fcl, miut\u00e1n a 19. sz\u00e1zadi b\u00e1ny\u00e1szati \u200b\u200bgy\u00f6kereir\u0151l elfordult. Val\u00f3j\u00e1ban az \u00e1llami turisztikai tan\u00e1cs szerint \u00e9vente t\u00f6bb sz\u00e1zezer l\u00e1togat\u00f3 \u00e9rkezik Ouray-ba, akiket az alpesi k\u00f6rnyezet vonz. Kis m\u00e9rete ellen\u00e9re a v\u00e1ros sz\u00e1ll\u00e1shelyeket, \u00e9ttermeket, gy\u00f3gyf\u00fcrd\u0151ket \u00e9s \u00fczleteket m\u0171k\u00f6dtet a l\u00e1togat\u00f3k kiszolg\u00e1l\u00e1s\u00e1ra.<\/p>\n<p>Ouray \u00e9ghajlata jellemz\u0151en alpesi. A nyarak \u00e1ltal\u00e1ban melegek \u00e9s enyheek, \u00e1tlagosan 15\u201325 \u00b0C k\u00f6z\u00f6tt mozog a h\u0151m\u00e9rs\u00e9klet, de m\u00e9g a j\u00faniusi \u00e9s j\u00faliusi \u00e9jszak\u00e1k is les\u00fcllyedhetnek 40 \u00b0C-ra. Kora \u0151sz gyakran hozza a ragyog\u00f3 sz\u00edn\u0171 ny\u00e1rf\u00e1kat. A tavasz r\u00f6vid \u00e9s meglehet\u0151sen h\u0171v\u00f6s; m\u00e1jus v\u00e9g\u00e9n m\u00e9g heves k\u00e9s\u0151i havaz\u00e1sok is el\u0151fordulhatnak. A telek nagyon hidegek, \u00e9s az eg\u00e9sz r\u00e9gi\u00f3 havas csodaorsz\u00e1gg\u00e1 v\u00e1lik. A h\u00f3 \u00e1ltal\u00e1ban novembert\u0151l m\u00e1rciusig esik hevesen; Ouray-ban t\u00e9len gyakran t\u00f6bb m\u00e9ternyi h\u00f3 esik. A sz\u00e1raz hegyi leveg\u0151 miatt a nappali naps\u00fct\u00e9s er\u0151snek \u00e9rz\u0151dik (csomagoljon naptejet). Az id\u0151j\u00e1r\u00e1s minden \u00e9vszakban gyorsan v\u00e1ltozhat: egy meleg reggel tavasszal vagy \u0151sszel d\u00e9lut\u00e1nra kifeh\u00e9redhet. A szabadt\u00e9ri rajong\u00f3k \u00fagy alkalmazkodnak, hogy plusz r\u00e9tegeket visznek magukkal, \u00e9s gondosan ellen\u0151rzik az el\u0151rejelz\u00e9seket.<\/p>\n<p>M\u00e1r csak a l\u00e9tsz\u00e1m\u00e1t tekintve is Ouray ink\u00e1bb egy alpesi falu, mint egy v\u00e1ros. ~900 f\u0151s \u00e1lland\u00f3 lakoss\u00e1ga Colorado \u00e1llam legkev\u00e9sb\u00e9 n\u00e9pes, bejegyzett v\u00e1ros\u00e1v\u00e1 teszi. A lakoss\u00e1g sz\u00e1ma a turisztikai szezonokban \u2013 ny\u00e1ron \u00e9s t\u00e9len \u2013 megn\u0151, amikor egyszerre tal\u00e1n n\u00e9h\u00e1ny ezer l\u00e1togat\u00f3 is jelen van. Gazdas\u00e1gilag Ouray szinte teljes m\u00e9rt\u00e9kben a turizmust\u00f3l f\u00fcgg. Az 1893-as ez\u00fcstv\u00e1ls\u00e1g \u00e9s a b\u00e1ny\u00e1szat \u00f6sszeoml\u00e1sa ut\u00e1n a helyi t\u00e1mogat\u00f3k m\u00e1r r\u00e9gen helyesen megj\u00f3solt\u00e1k, hogy \u201eOuray p\u00e1ratlan\u2026 Hegyvid\u00e9ki \u00fcd\u00fcl\u0151helyk\u00e9nt lesz h\u00edres\u201d. A v\u00e1ros becenev\u00e9t, \u201eAmerika Sv\u00e1jca\u201d-\u00e1t a v\u00e1rosi \u00f6nkorm\u00e1nyzat \u00e9s a turisztikai kalauzok is t\u00e1mogatj\u00e1k, hangs\u00falyozva alpesi fekv\u00e9s\u00e9t \u00e9s h\u0151forr\u00e1sait. Val\u00f3j\u00e1ban Ouray \u00e9ves k\u00f6lts\u00e9gvet\u00e9s\u00e9t f\u0151k\u00e9nt a sz\u00e1ll\u00e1sad\u00f3k \u00e9s a rekre\u00e1ci\u00f3s d\u00edjak finansz\u00edrozz\u00e1k. Nagyon kev\u00e9s a feldolgoz\u00f3ipar vagy a mez\u0151gazdas\u00e1g; a turizmussal kapcsolatos munkahelyeken (sz\u00e1llod\u00e1k, idegenvezet\u0151k, \u00e9ttermek) k\u00edv\u00fcl a legt\u00f6bb lakos ing\u00e1zik a k\u00f6zeli v\u00e1rosokba, vagy t\u00e1vmunk\u00e1ban dolgozik. A gazdas\u00e1got a hideg id\u0151ben \u0171z\u00f6tt sportok (j\u00e9gm\u00e1sz\u00e1s \u00e9s motorossz\u00e1noz\u00e1s) \u00e9s a ny\u00e1ri t\u00far\u00e1z\u00e1s, valamint a dzsipt\u00far\u00e1k \u00e9s gal\u00e9ri\u00e1k \u00e9l\u00e9nk\u00edtik.<\/p>\n<p>Ouray Colorado \u00e1llam San Juan-hegys\u00e9g\u00e9nek nyugati sz\u00e9l\u00e9n fekszik, amely a Szikl\u00e1s-hegys\u00e9g r\u00e9sze. Az \u00e1llam d\u00e9lnyugati sark\u00e1ban fekszik, k\u00f6r\u00fclbel\u00fcl 130 kilom\u00e9terre Montrose-t\u00f3l d\u00e9lre \u00e9s 160 kilom\u00e9terre Durang\u00f3t\u00f3l \u00e9szakra. A v\u00e1ros koordin\u00e1t\u00e1i nagyj\u00e1b\u00f3l: 38,03\u00b0 \u00c9, 107,67\u00b0 Ny. F\u00f6ldrajzilag egy keskeny v\u00f6lgy \u00e9l\u00e9n \u00e1ll\u00f3 kanyonban helyezkedik el. Nyugaton t\u00f6bb ezer l\u00e1b magas cs\u00facsok (Wheeler, Yale stb.), keleten pedig amfite\u00e1trumszer\u0171 szikl\u00e1k magas gerince magasodik. A t\u00e1j dr\u00e1mai: meredek vadonfalak, magashegyi cirkuszok \u00e9s olyan magass\u00e1g, ami miatt az \u00e9g intenz\u00edv k\u00e9k.<\/p>\n<p>Ez a hegyvid\u00e9ki k\u00f6rnyezet form\u00e1lja az \u00e9letet. Minden ki- \u00e9s bevezet\u0151 \u00fat a t\u00e1j vonalait k\u00f6veti. Az US 550-es (Milli\u00f3 Doll\u00e1ros Aut\u00f3p\u00e1lya) az egyetlen aszfaltozott \u00fat, amely Ouray-t a k\u00fclvil\u00e1ggal k\u00f6ti \u00f6ssze. D\u00e9l fel\u00e9 ereszkedik le m\u00e9rn\u00f6ki csod\u00e1kon \u00e1t Silvertonba \u00e9s v\u00e9g\u00fcl \u00daj-Mexik\u00f3ba, majd \u00e9szak fel\u00e9 tart keskeny h\u00e1g\u00f3kon (Molas-h\u00e1g\u00f3 3 914 l\u00e1b magasan) a Montrose-i el\u00e1gaz\u00e1shoz. Nincs k\u00f6zvetlen vas\u00fati vagy l\u00e9gi j\u00e1rat; a legk\u00f6zelebbi rep\u00fcl\u0151t\u00e9r a Montrose Regional (k\u00f6r\u00fclbel\u00fcl 64 kilom\u00e9terre). Ny\u00e1ron a hegyek vadvir\u00e1gokban pomp\u00e1znak; t\u00e9len a szikl\u00e1k j\u00e9gv\u00edzes\u00e9seket alkotnak. A v\u00e1rosban \u00e9vente k\u00f6r\u00fclbel\u00fcl 200 naps\u00fct\u00e9ses nap van, de a telek rendk\u00edv\u00fcl hidegek \u00e9s szelesek. A tavasz \u00e9s az \u0151sz viszonylag r\u00f6vid \u00e1tmeneti \u00e9vszakok.<\/p>\n<p>Ouray t\u00f6rt\u00e9nete a b\u00e1ny\u00e1szati \u200b\u200b\u00f6r\u00f6ks\u00e9gben gy\u00f6kerezik. A ter\u00fclet eredetileg az ute t\u00f6rzs ter\u00fclete volt, a v\u00e1rost pedig Ouray t\u00f6rzsf\u0151n\u00f6kr\u0151l, a tisztelt ute t\u00f6rzs vezet\u0151j\u00e9r\u0151l nevezt\u00e9k el, aki b\u00e9k\u00e9s kapcsolatokra t\u00f6rekedett a feh\u00e9r telepesekkel. 1875-ben aranyat \u00e9s ez\u00fcst\u00f6t fedeztek fel a fenti kanyonokban; 1876-ban telep\u00fcl\u00e9st alap\u00edtottak. 1876 okt\u00f3ber\u00e9re Ouray v\u00e1ross\u00e1 v\u00e1lt. A korai telepesek kunyh\u00f3kat \u00e9s s\u00e1trakat \u00e9p\u00edtettek, \u00e9s 1877-re a lakoss\u00e1g sz\u00e1ma el\u00e9rte a 400 f\u0151t. A gazdag ez\u00fcstlel\u0151helyek hamarosan fellend\u00fcl\u0151 v\u00e1ross\u00e1 alak\u00edtott\u00e1k. Az 1880-as \u00e9s 1890-es \u00e9vekben a lakoss\u00e1g sz\u00e1ma megduzzadt (1890-re t\u00f6bb mint 2500 f\u0151re), \u00e9s az \u00fczleti \u00e9let vir\u00e1gzott. A v\u00e1ros kor\u00e1n befektetett az infrastrukt\u00far\u00e1ba (a villanyvil\u00e1g\u00edt\u00e1s 1885-re, ami a nyugati vil\u00e1g els\u0151i k\u00f6z\u00f6tt volt).<\/p>\n<p>A vas\u00fat 1887-ben \u00e9rkezett meg, \u00f6sszek\u00f6tve Ouray-t a Denver \u00e9s Rio Grande vonallal. Ez megk\u00f6nny\u00edtette a b\u00e1ny\u00e1k tehersz\u00e1ll\u00edt\u00e1s\u00e1t \u00e9s k\u00f6nnyebben megk\u00f6zel\u00edthet\u0151v\u00e9 tette a v\u00e1rost. Az 1893-as ez\u00fcstv\u00e1ls\u00e1g azonban majdnem elpuszt\u00edtotta a gazdas\u00e1got. A b\u00e1ny\u00e1k bez\u00e1rtak, \u00e9s San Juan sz\u00e1mos v\u00e1rosa szellemv\u00e1ross\u00e1 v\u00e1lt. Figyelemre m\u00e9lt\u00f3 m\u00f3don Ouray a f\u00f3kuszv\u00e1lt\u00e1snak k\u00f6sz\u00f6nhet\u0151en \u00e9lte t\u00fal a helyzetet: a k\u00f6zeli aranylel\u0151helyek \u00e9s m\u00e9g a kev\u00e9s ez\u00fcstb\u00e1nya is, amelyek m\u00e9g mindig tartalmaztak aranyat, munk\u00e1t biztos\u00edtott a munk\u00e1soknak. Ouray fokozatosan kihaszn\u00e1lta fest\u0151i sz\u00e9ps\u00e9g\u00e9t \u00e9s h\u0151forr\u00e1sait is. A 20. sz\u00e1zad el\u0151rehaladt\u00e1val a kem\u00e9nyk\u0151zet-b\u00e1ny\u00e1szat \u00e1tadta a hely\u00e9t a turizmusnak. A vend\u00e9gek az\u00e9rt j\u00f6ttek, hogy megm\u00e1rt\u00f3zzanak a h\u0151forr\u00e1sok viz\u00e9ben (a modern Ouray h\u0151forr\u00e1s-medence 1927-ben ny\u00edlt meg), \u00e9s \u00e9lvezz\u00e9k a hegyi leveg\u0151t. A Million Dollar Highway utat az 1920-as \u00e9s 30-as \u00e9vekben \u00e9p\u00edtett\u00e9k egy r\u00e9gi fizet\u0151s \u00fat ment\u00e9n, amely tov\u00e1bb k\u00f6t\u00f6tte Ouray-t a k\u00fclvil\u00e1ggal.<\/p>\n<p>Az elm\u00falt \u00e9vtizedekben Ouray tov\u00e1bbfejlesztette a szabadt\u00e9ri paradicsomk\u00e9nt bet\u00f6lt\u00f6tt poz\u00edci\u00f3j\u00e1t. Febru\u00e1rban megrendezik az \u00e9ves J\u00e9gfesztiv\u00e1lt, amely a vil\u00e1g minden t\u00e1j\u00e1r\u00f3l vonzza a j\u00e9gm\u00e1sz\u00f3kat, \u00e9s \u0151szi Jeep Jamboree-t a zord vid\u00e9ki utakon. A t\u00f6rt\u00e9nelmi viktori\u00e1nus \u00e9p\u00fcleteket (a Beaumont Hotelt, a Wright Operah\u00e1zat) fel\u00faj\u00edtott\u00e1k, \u00e9s \u00faj sz\u00e1ll\u00e1shelyek, p\u00e9ld\u00e1ul butikfogad\u00f3k \u00e9s panzi\u00f3k tal\u00e1lhat\u00f3k a f\u0151utc\u00e1n. A v\u00e1ros lakoss\u00e1ga tov\u00e1bbra is 1000 f\u0151 alatt van, de a legfontosabb m\u00e9rf\u00f6ldk\u00f6vek k\u00f6z\u00e9 tartozik 1876 (alap\u00edt\u00e1s), 1887 (vas\u00fatvonal meg\u00e9rkez\u00e9se), 1893 (ez\u00fcstbaleset) \u00e9s 1927 (modern h\u0151forr\u00e1s-medenc\u00e9k megnyit\u00e1sa). Minden hull\u00e1mv\u00f6lgy\u00f6n \u00e1t egy dolog \u00e1lland\u00f3: Ouray tart\u00f3s h\u00edrneve, mint fest\u0151i gy\u00f6ngyszem lelkes lakosokkal \u2013 ezt az \u00e9rz\u00e9st ragadta meg CL Hall 1898-as j\u00f3slata is, miszerint \u201eOuray p\u00e1ratlan\u2026 h\u00edres hegyi \u00fcd\u00fcl\u0151helyk\u00e9nt\u201d.<\/p>\n<p>Ouray kult\u00far\u00e1ja egy kisv\u00e1rosi alpesi \u00fcd\u00fcl\u0151hely \u00e9rz\u00e9kenys\u00e9g\u00e9t t\u00fckr\u00f6zi. Gondoljon a term\u00e9szet \u00e9s a kalandok szerelmeseire, akik lelkes hegyi emberek. Az itteni besz\u00e9lget\u00e9sek gyakran az id\u0151j\u00e1r\u00e1sr\u00f3l vagy a vadvil\u00e1gr\u00f3l kezd\u0151dnek \u2013 \u00e9s gyakran a szabadt\u00e9ri tervekre terel\u0151dnek (\u201eSzeretne ma a Yankee Boy-medenc\u00e9ben t\u00far\u00e1zni vagy szikl\u00e1t m\u00e1szni?\u201d). Az angol nyelv uralkodik; n\u00e9h\u00e1ny helyi lakos k\u00f6z\u00f6tt hallani lehet a spanyolt, de nincsenek k\u00fcl\u00f6nleges helyi dialektusok a Szikl\u00e1s-hegys\u00e9g enyhe akcentus\u00e1n t\u00fal. A helyiek bar\u00e1ts\u00e1gosak \u00e9s laz\u00e1k. Egy utc\u00e1n elhalad\u00f3 idegent gyakran integet\u00e9ssel vagy \u201eSzia\u201d-val \u00fcdv\u00f6z\u00f6lnek. Ez egyike azoknak a helyeknek, ahol id\u0151vel az emberek megtanulj\u00e1k a nev\u00e9t. Az \u00f6lt\u00f6zk\u00f6d\u00e9si szab\u00e1lyzat szabadt\u00e9ri laza: b\u00e1rmelyik napon l\u00e1tni lehet pol\u00e1rkab\u00e1tot, t\u00farabakancsot \u00e9s cowboykalapot m\u00e9g a v\u00e1rosban is.<\/p>\n<p>A hagyom\u00e1nyok a term\u00e9szeti k\u00f6rnyezet k\u00f6r\u00e9 \u00e9p\u00fclnek. \u00c9vente megrendezik a k\u00f6z\u00f6ss\u00e9gi esem\u00e9nyeket, mint p\u00e9ld\u00e1ul a Jeep Jamboree (tavaszi terepj\u00e1r\u00f3s rali a zord dombokon) \u00e9s a Ny\u00e1ri Melegforr\u00e1sok Fesztiv\u00e1lja (a v\u00e1rost meghat\u00e1roz\u00f3 geotermikus forr\u00e1sokat \u00fcnnepelve). Minden t\u00e9len a kanyon fal\u00e1n fel\u00e1ll\u00edtj\u00e1k az Ouray Ice Parkot, \u00e9s j\u00e9gm\u00e1sz\u00f3versenyt rendeznek. Maga a v\u00e1ros t\u00e9len csillog\u00f3 f\u00e9nyekbe \u00f6lt\u00f6zik (m\u00e9g egy \u201eJ\u00e9gbalerina\u201d \u00fcnnepi el\u0151ad\u00e1s is van a Wright Operah\u00e1zban). Ny\u00e1ron koncerteket rendeznek a gyepen, m\u0171v\u00e9szeti ki\u00e1ll\u00edt\u00e1sokat a t\u00f6rt\u00e9nelmi Wells Fargo \u00e9p\u00fcletben, \u00e9s j\u00falius 4-i t\u0171zij\u00e1t\u00e9kot a foly\u00f3 felett.<\/p>\n<p>Ouray hangulata a vad kikapcsol\u00f3d\u00e1s\u00e9. \u00c9jszaka g\u00e1zl\u00e1mp\u00e1k vil\u00e1g\u00edtj\u00e1k meg a csendes f\u0151utc\u00e1t; csillagos \u00e9gbolt t\u00f6lti meg a h\u00e1ts\u00f3 udvarokat. Az emberek gyakran a term\u00e1lf\u00fcrd\u0151kben (a v\u00e1ros legnagyobb l\u00e1tv\u00e1nyoss\u00e1g\u00e1ban) f\u00fcrd\u0151zve, vagy egy verand\u00e1n besz\u00e9lgetve, az amfite\u00e1trum szikl\u00e1ira ny\u00edl\u00f3 kil\u00e1t\u00e1ssal z\u00e1rj\u00e1k a napot. K\u00f6z\u00f6ss\u00e9gi \u00e9rz\u00e9s uralkodik ezen a gy\u00f6ny\u00f6r\u0171 helyen. A nagyv\u00e1ros anonimit\u00e1sa n\u00e9lk\u00fcl az itteni \u00e9letm\u00f3d szem\u00e9lyesebbnek \u00e9s nyugodtabbnak \u00e9rz\u0151dik. A l\u00e1togat\u00f3k megjegyzik a v\u00e1ros var\u00e1zs\u00e1t (\u201eitt lelassulni l\u00e1tszik az id\u0151\u201d), a vend\u00e9gszeretetet (a helyiek \u00fcdv\u00f6zlik a t\u00far\u00e1z\u00f3kat az \u00f6sv\u00e9nyen) \u00e9s az elszigetelts\u00e9get \u2013 el\u00e9g f\u00e9lrees\u0151 ahhoz, hogy a mobilh\u00e1l\u00f3zathoz vagy a nagyobb bev\u00e1s\u00e1rl\u00e1shoz ak\u00e1r 30 percet is aut\u00f3val kelljen Montrose-ba menni. \u00d6sszefoglalva, Ouray val\u00f3ban hegyvid\u00e9ki hangulatot \u00e1raszt, \u00f6tv\u00f6zve a hat\u00e1rvid\u00e9k b\u00fcszkes\u00e9g\u00e9t az eg\u00e9sz \u00e9ves \u00fcd\u00fcl\u0151v\u00e1ros l\u00e9t\u00e9b\u0151l ad\u00f3d\u00f3 csendes kifinomults\u00e1ggal.<\/p>\n<p>M\u00e9rete ellen\u00e9re Ouray b\u0151velkedik kihagyhatatlan l\u00e1tnival\u00f3kban. Legf\u0151k\u00e9ppen az Ouray Hot Springs Pool \u2013 egy hatalmas, term\u00e9szetes forr\u00e1sv\u00edzzel t\u00e1pl\u00e1lt medencekomplexum a v\u00e1rosban. Itt a l\u00e1togat\u00f3k \u00e9s a helyiek egyar\u00e1nt ellazulnak a 25-38\u00b0C k\u00f6z\u00f6tti h\u0151m\u00e9rs\u00e9klet\u0171 v\u00edzben, mik\u00f6zben k\u00f6r\u00fcl\u00f6tt\u00fck hegyek magasodnak. A forr\u00e1sok \u00e9vsz\u00e1zadok \u00f3ta vonzz\u00e1k az embereket, a l\u00e9tes\u00edtm\u00e9ny pedig 1927-b\u0151l sz\u00e1rmazik. Hideg est\u00e9ken g\u0151z sz\u00e1ll a v\u00edzb\u0151l, mik\u00f6zben a csillagok ragyognak \u2013 egyed\u00fcl\u00e1ll\u00f3 magaslati wellness\u00e9lm\u00e9ny.<\/p>\n<p>A v\u00e1ros sz\u00e9l\u00e9n fekszik a Box Ca\u00f1on-v\u00edzes\u00e9s Park. Ez a k\u00f6nnyen megk\u00f6zel\u00edthet\u0151 \u00e1llami park egy 84 m\u00e9teres v\u00edzes\u00e9ssel b\u00fcszk\u00e9lkedhet, amely egy keskeny kvarcit-szurdokon z\u00fadul al\u00e1. Egy aszfaltozott \u00f6sv\u00e9ny (l\u00e1togat\u00f3k\u00f6zponttal) 150 m\u00e9ter m\u00e9lyre visz a kanyonba, ahonnan szemb\u0151l csod\u00e1lhatja meg a v\u00edzes\u00e9st \u2013 ez egy r\u00f6vid \u00e9s csal\u00e1dbar\u00e1t t\u00fara. A d\u00fcb\u00f6rg\u0151 v\u00edzes\u00e9s \u00e9s a magasod\u00f3 kanyonfalak l\u00e1tv\u00e1nyos fot\u00f3t\u00e9mak\u00e9nt szolg\u00e1lnak. A Box Ca\u00f1ont a parkok\u00e9rt felel\u0151s hivatal \u201eOuray saj\u00e1t vil\u00e1gcsod\u00e1jak\u00e9nt\u201d \u00edrja le.<\/p>\n<p>A kalandv\u00e1gy\u00f3 l\u00e1togat\u00f3k sz\u00e1m\u00e1ra a v\u00e1rost\u00f3l d\u00e9lre, m\u00e9rf\u00f6ldre tal\u00e1lhat\u00f3 Ouray Ice Park vil\u00e1gh\u00edr\u0171. Ez egy karbantartott j\u00e9gm\u00e1sz\u00f3 j\u00e1tsz\u00f3t\u00e9r egy meredek szikl\u00e1n, tucatnyi k\u00fcl\u00f6nb\u00f6z\u0151 neh\u00e9zs\u00e9g\u0171 befagyott v\u00edzes\u00e9ssel. B\u00e1r nem nevezetes \u201el\u00e1tv\u00e1nyoss\u00e1g\u201d a v\u00e1rosn\u00e9z\u00e9s szempontj\u00e1b\u00f3l, minden t\u00e9len ezreket vonz m\u00e1sz\u00f3k k\u00f6z\u00fcl. Ny\u00e1ron a k\u00f6zeli Yankee Boy Basin felhajt\u00f3 n\u00e9pszer\u0171: egy keskeny, magaslati \u00fat vezet alpesi vadvir\u00e1gos r\u00e9tekhez \u00e9s teraszos hegyi tavakhoz. A t\u00far\u00e1z\u00f3k \u0151sszel a v\u00edzes\u00e9seket \u00e9s az \u00e9l\u00e9nk s\u00e1rga ny\u00e1rfaligeteket csod\u00e1lj\u00e1k meg.<\/p>\n<p>Ouray belv\u00e1rosa \u00f6nmag\u00e1ban is egy l\u00e1tv\u00e1nyoss\u00e1g. A Main Street t\u00e9gla homlokzatai m\u0171v\u00e9szeti gal\u00e9ri\u00e1knak, szabadt\u00e9ri felszerel\u00e9seket \u00e1rus\u00edt\u00f3 \u00fczleteknek \u00e9s hangulatos \u00e9tkezd\u00e9knek adnak otthont, mint p\u00e9ld\u00e1ul az Alpine Institute Deli vagy az Ouray Brewery (k\u00e9zm\u0171ves s\u00f6r\u00f6k). A fel\u00faj\u00edtott Wright Operah\u00e1z (1890) sz\u00edndaraboknak \u00e9s alkalmank\u00e9nt koncerteknek ad otthont. Az Ouray Megyei T\u00f6rt\u00e9neti M\u00fazeum (egy m\u00e9szk\u0151\u00e9p\u00fcletben tal\u00e1lhat\u00f3 a Main Streeten) b\u00e1ny\u00e1szati \u200b\u200bleletekkel rendelkezik, \u00e9s a v\u00e1ros t\u00f6rt\u00e9net\u00e9t mes\u00e9li el. A golfoz\u00f3k a v\u00e1ros felett elhelyezked\u0151 fest\u0151i, 9 lyuk\u00fa Ouray golfp\u00e1ly\u00e1ra l\u00e1togatnak. A Perimeter Trail \u2013 egy Ouray k\u00f6r\u00fcli hurokt\u00fara\u00fatvonal \u2013 \u00f6t perc alatt elmenek\u00fclhet a v\u00e1ros ny\u00fczsg\u00e9s\u00e9b\u0151l, hogy j\u00e1vorszarvasokkal \u00e9s parti erd\u0151kkel tal\u00e1lkozhasson.<\/p>\n<p>V\u00e9g\u00fcl, azoknak, akik egyszer\u0171en csak szeretn\u00e9k \u00e9lvezni a nagyszer\u0171s\u00e9get: tegyenek egy r\u00f6vid t\u00far\u00e1t a High Alpine Overlook-hoz. A kanyon k\u00fcl\u00f6nb\u00f6z\u0151 n\u00e9z\u0151pontjaib\u00f3l (p\u00e9ld\u00e1ul az Amfite\u00e1trum-cs\u00facs \u00f6sv\u00e9ny\u00e9r\u0151l) Ouray elt\u00f6rp\u00fcl a k\u00f6rnyez\u0151 cs\u00facsok mellett. T\u00e9len az US550-es (Million Dollar Hwy) \u00e9szaki vagy d\u00e9li fest\u0151i aut\u00f3\u00fatjai l\u00e9legzetel\u00e1ll\u00edt\u00f3 hegyi kil\u00e1t\u00e1st ny\u00fajtanak. Egy d\u00e9lut\u00e1n alatt aut\u00f3val eljuthatnak az Engineer Pass-hoz vagy az Imogene Pass-hoz, a r\u00e9gi b\u00e1ny\u00e1szati \u200b\u200b\u200b\u200b\u00fatvonalakhoz, amelyek ma m\u00e1r dzsipek el\u0151tt is nyitva \u00e1llnak, \u00e9s magasan Ouray felett \u00edvelnek. Ezek egyike sem \u201eadrenalin l\u00e1tv\u00e1nyoss\u00e1g\u201d \u2013 Ouray legf\u0151bb vonzereje ink\u00e1bb a kil\u00e1t\u00e1s \u00e9s a term\u00e9szeti adotts\u00e1gok. A l\u00e1togat\u00f3k \u00fajra \u00e9s \u00fajra megjegyzik, hogy a v\u00f6lgyre ny\u00edl\u00f3 panor\u00e1ma (lent a v\u00e1ros, fent a cs\u00facsok) felejthetetlen.<\/p>\n<p>Ouray t\u00e1voli helyen fekszik. Az egyetlen praktikus megk\u00f6zel\u00edt\u00e9si m\u00f3d az aut\u00f3. A f\u0151 \u00fatvonal az 550-es amerikai aut\u00f3p\u00e1lya, az \u00fagynevezett Milli\u00f3 doll\u00e1ros aut\u00f3p\u00e1lya. Ez a fest\u0151i, kanyarg\u00f3s \u00fat \u00e9szakr\u00f3l Montrose-on (70-es \u00e1llamk\u00f6zi aut\u00f3p\u00e1lya) vagy d\u00e9lr\u0151l Durang\u00f3n \u00e9s Silvertonon kereszt\u00fcl \u00e9rkezik. Magashegyi h\u00e1g\u00f3kon kell \u00e1thaladni \u2013 Molas Pass (10 900\u2032) \u00e9szak fel\u00e9, Red Mountain Pass (11 018\u2032) d\u00e9l fel\u00e9 \u2013, ez\u00e9rt sok id\u0151t kell sz\u00e1nni az \u00fatra. A buszk\u00f6zleked\u00e9s minim\u00e1lis; Durango ny\u00e1ron kisbuszos transzfert k\u00edn\u00e1l. A legk\u00f6zelebbi nagyobb rep\u00fcl\u0151t\u00e9r a Montrose Regional (MTJ), nagyj\u00e1b\u00f3l 1 \u00f3r\u00e1s aut\u00f3\u00fatra \u00e9szakra; onnan az utaz\u00f3k jellemz\u0151en aut\u00f3t b\u00e9relnek vagy transzfert vesznek ig\u00e9nybe. A Denveri Nemzetk\u00f6zi Rep\u00fcl\u0151t\u00e9r aut\u00f3val k\u00f6r\u00fclbel\u00fcl 6 \u00f3r\u00e1nyira \u00e9szakra tal\u00e1lhat\u00f3, amelyet egyesek a Montrose-i j\u00e1ratokra val\u00f3 csatlakoz\u00e1shoz haszn\u00e1lhatnak.<\/p>\n<p>Ouray-ba \u00e9rve a v\u00e1ros kis m\u00e9rete miatt k\u00f6nnyen megk\u00f6zel\u00edthet\u0151 gyalogosan. A t\u00f6rt\u00e9nelmi belv\u00e1ros, a v\u00e1rosi park \u00e9s a sz\u00e1ll\u00e1shelyek egy n\u00e9gyzetm\u00e9rf\u00f6ld\u00f6n bel\u00fcl tal\u00e1lhat\u00f3k. Nincs t\u00f6megk\u00f6zleked\u00e9si rendszer. A legt\u00f6bb l\u00e1togat\u00f3 a sz\u00e1llod\u00e1j\u00e1ban vagy a term\u00e1lforr\u00e1sok k\u00f6zel\u00e9ben parkol, \u00e9s gyalog indul. Ha aut\u00f3val a k\u00f6rnyez\u0151 ter\u00fcletekre \u00e9rkezik, az 550-es aut\u00f3p\u00e1ly\u00e1n t\u00fal, k\u00fcl\u00f6n\u00f6sen a jav\u00edtatlan mell\u00e9kutakon, terepj\u00e1r\u00f3 vagy legal\u00e1bb nagy hasmagass\u00e1g\u00fa j\u00e1rm\u0171vek aj\u00e1nlottak. A v\u00e1roson bel\u00fcl az utak aszfaltozottak, de t\u00e9len jegesek lehetnek. Terepj\u00e1r\u00f3k (ATV-k\/UTV-k) a kijel\u00f6lt ter\u00fcleteken \u00e9s \u00f6sv\u00e9nyeken enged\u00e9lyezettek. A F\u0151utc\u00e1n \u00f3vatosan lehet k\u00f6zlekedni, de a gyalogosoknak els\u0151bbs\u00e9g\u00fck van, mivel mindenki arra sz\u00e1m\u00edt, hogy s\u00e9t\u00e1lni fog.<\/p>\n<p>Az amerikai p\u00e9nznem az amerikai doll\u00e1r, az angol pedig a kereskedelem nyelve. A mobiltelefon-szolg\u00e1ltat\u00e1s akadozik \u2013 egyes szolg\u00e1ltat\u00f3k lefedetts\u00e9ggel rendelkeznek, de a hegyi utakon vannak holt z\u00f3n\u00e1k. \u00d6lt\u00f6zz\u00f6n r\u00e9tegesen eg\u00e9sz \u00e9vben: m\u00e9g a ny\u00e1ri napok is 0\u00b0C-ban kezd\u0151dhetnek \u00e9s 15\u00b0C-ban v\u00e9gz\u0151dhetnek. T\u00far\u00e1z\u00e1s vagy horg\u00e1szat k\u00f6zben figyeljen a magass\u00e1gi hat\u00e1sokra (l\u00e9gszomj, le\u00e9g\u00e9s) \u2013 haszn\u00e1ljon f\u00e9nyv\u00e9d\u0151t \u00e9s igyon sok vizet. Illemszab\u00e1lyok: A v\u00e1roslak\u00f3k hozz\u00e1szoktak a turist\u00e1khoz, de egy bar\u00e1ts\u00e1gos biccent\u00e9st vagy k\u00f6sz\u00f6n\u00e9st \u00fcdv\u00f6z\u00f6lnek. Az \u00e9ttermekben a borraval\u00f3 (15\u201320%) megszokott. Mivel a v\u00e1ros a l\u00e1togat\u00f3kt\u00f3l f\u00fcgg, az \u00fczletekben \u00e9s az \u00e9tkezd\u00e9kben a vend\u00e9gszeretet \u0151szinte; j\u00f3l fog szolg\u00e1lni, ha a kisv\u00e1rosi udvariass\u00e1gra sz\u00e1m\u00edt a nagyv\u00e1rosi anonimit\u00e1s helyett.<\/p>\n<p>A f\u0151 vesz\u00e9ly a k\u00f6rnyezet, nem a b\u0171n\u00f6z\u00e9s. Az id\u0151j\u00e1r\u00e1s hirtelen megv\u00e1ltozhat \u2013 ny\u00e1ri d\u00e9lut\u00e1ni zivatarok vagy t\u00e9li h\u00f3viharok kev\u00e9s figyelmeztet\u00e9ssel el\u0151fordulhatnak. T\u00far\u00e1z\u00e1s eset\u00e9n mondd el valakinek az \u00fatvonaladat. T\u00e9len az utakat felsz\u00e1ntj\u00e1k, de jegesek lehetnek; l\u00e1nccal kell felszerelni az utat, ha a k\u00f6r\u00fclm\u00e9nyek megk\u00edv\u00e1nj\u00e1k. A vadon \u00e9l\u0151 \u00e1llatok (j\u00e1vorszarvasok, szarvasok) n\u00e9ha \u00e1tkelnek az utakon, ez\u00e9rt alkonyatkor \u00f3vatosan vezess. A foly\u00f3 a h\u00f3olvad\u00e1s ut\u00e1n nagyon hideg \u00e9s gyors lehet \u2013 ne f\u00fcr\u00f6dj. A v\u00e1rosban a kisebb lop\u00e1sok rendk\u00edv\u00fcl ritk\u00e1k. Ezekkel az \u00f3vint\u00e9zked\u00e9sekkel Ouray biztons\u00e1gos az utaz\u00f3k sz\u00e1m\u00e1ra. A nagysz\u00e1m\u00fa l\u00e1togat\u00f3 jelenl\u00e9te azt jelenti, hogy seg\u00edts\u00e9g (\u00e9s rengeteg m\u00e1s l\u00e1togat\u00f3) a k\u00f6zelben van, ha sz\u00fcks\u00e9g van r\u00e1.<\/p>\n<p>\u00d6sszefoglalva, egy Ouray-ba tett kir\u00e1ndul\u00e1s legal\u00e1bb annyira sz\u00f3l az egyszer\u0171s\u00e9gr\u0151l, mint a pomp\u00e1r\u00f3l. Maga a v\u00e1ros egy kor\u00e1bbi kor hangulat\u00e1t \u00e1rasztja \u2013 g\u00e1zl\u00e1mp\u00e1k, egyetlen k\u00f6zleked\u00e9si l\u00e1mpa a F\u0151 utc\u00e1n \u00e9s egy bar\u00e1ts\u00e1gos elad\u00f3 a vegyesboltban. A gyakorlati dolgok egyszer\u0171ek, a v\u00e1rosban alapvet\u0151ek, de tiszt\u00e1k, \u00e9s a legfontosabb tan\u00e1cs, hogy k\u00e9sz\u00fclj\u00fcnk fel a hegyi k\u00f6r\u00fclm\u00e9nyekre. Ha ezt megtessz\u00fck, jutalmul egy \u00e1sv\u00e1nyv\u00edzzel teli medence meleg f\u00fcrd\u0151z\u00e9se \u00e9s egy alpesi paradicsom lesz a jutalmad, amelyhez foghat\u00f3t nem tal\u00e1lunk az Als\u00f3-48-ban.<a href=\"https:\/\/travelshelper.com\/hu\/uticelok\/eszak-amerika\/amerikai-egyesult-allamok\/berkeley-springs\/\" target=\"_self\" aria-labelledby=\"uael-post-8997\"><br \/>\n<\/a><\/p>","protected":false},"excerpt":{"rendered":"<p>Ouray egy b\u00e1jos, \u00f6nkorm\u00e1nyzattal rendelkez\u0151 telep\u00fcl\u00e9s a San Juan-hegys\u00e9gben, Colorado \u00e1llamban, az Egyes\u00fclt \u00c1llamokban. A 2020-as n\u00e9psz\u00e1ml\u00e1l\u00e1s szerint ennek a kisv\u00e1rosnak \u2013 Ouray megye sz\u00e9khely\u00e9nek \u2013 898 lakosa van. Az Ouray postahivatal ir\u00e1ny\u00edt\u00f3sz\u00e1ma 81427. A leny\u0171g\u00f6z\u0151, 2375 m\u00e9teres (7492 l\u00e1b) magass\u00e1g\u00e1val Ouray csod\u00e1latos alpesi k\u00f6rnyezete \u00e9s l\u00e9legzetel\u00e1ll\u00edt\u00f3 kil\u00e1t\u00e1sa joggal min\u0151s\u00fcl \u201eAmerika Sv\u00e1jc\u00e1nak\u201d.<\/p>","protected":false},"author":1,"featured_media":23306,"parent":8072,"menu_order":0,"comment_status":"closed","ping_status":"closed","template":"elementor_theme","meta":{"_eb_attr":"","footnotes":""},"class_list":["post-8958","page","type-page","status-publish","has-post-thumbnail"],"_links":{"self":[{"href":"https:\/\/travelshelper.com\/hu\/wp-json\/wp\/v2\/pages\/8958","targetHints":{"allow":["GET"]}}],"collection":[{"href":"https:\/\/travelshelper.com\/hu\/wp-json\/wp\/v2\/pages"}],"about":[{"href":"https:\/\/travelshelper.com\/hu\/wp-json\/wp\/v2\/types\/page"}],"author":[{"embeddable":true,"href":"https:\/\/travelshelper.com\/hu\/wp-json\/wp\/v2\/users\/1"}],"replies":[{"embeddable":true,"href":"https:\/\/travelshelper.com\/hu\/wp-json\/wp\/v2\/comments?post=8958"}],"version-history":[{"count":0,"href":"https:\/\/travelshelper.com\/hu\/wp-json\/wp\/v2\/pages\/8958\/revisions"}],"up":[{"embeddable":true,"href":"https:\/\/travelshelper.com\/hu\/wp-json\/wp\/v2\/pages\/8072"}],"wp:featuredmedia":[{"embeddable":true,"href":"https:\/\/travelshelper.com\/hu\/wp-json\/wp\/v2\/media\/23306"}],"wp:attachment":[{"href":"https:\/\/travelshelper.com\/hu\/wp-json\/wp\/v2\/media?parent=8958"}],"curies":[{"name":"wp","href":"https:\/\/api.w.org\/{rel}","templated":true}]}}