{"id":8949,"date":"2024-09-06T15:29:24","date_gmt":"2024-09-06T15:29:24","guid":{"rendered":"https:\/\/travelshelper.com\/staging\/?page_id=8949"},"modified":"2026-03-13T17:49:35","modified_gmt":"2026-03-13T17:49:35","slug":"glenwood-springs","status":"publish","type":"page","link":"https:\/\/travelshelper.com\/hu\/destinations\/north-america\/united-states\/glenwood-springs\/","title":{"rendered":"Glenwood Springs"},"content":{"rendered":"<p>Glenwood Springs egy kis colorad\u00f3i v\u00e1ros, nagyj\u00e1b\u00f3l 10 000 lakossal, de nagy h\u00edrn\u00e9vvel a Szikl\u00e1s-hegys\u00e9gben. K\u00f6r\u00fclbel\u00fcl 1760 l\u00e1b tengerszint feletti magass\u00e1gban fekszik Nyugat-Colorado \u201eRoaring Fork-v\u00f6lgy\u00e9ben\u201d, ahol a Colorado \u00e9s a Roaring Fork foly\u00f3k tal\u00e1lkoznak. Glenwood Springs gazdas\u00e1ga \u00e9s \u00e9letm\u00f3dja r\u00e9g\u00f3ta a turizmusra \u00e9s a szabadt\u00e9ri kikapcsol\u00f3d\u00e1sra \u00f6sszpontos\u00edt. H\u00edres arr\u00f3l, hogy itt tal\u00e1lhat\u00f3 a vil\u00e1g legnagyobb \u00e1sv\u00e1nyv\u00edzforr\u00e1s-medenc\u00e9je (a 19. sz\u00e1zadi f\u00fcrd\u0151kult\u00fara \u00f6r\u00f6ks\u00e9ge). Kisv\u00e1rosk\u00e9nt az egy f\u0151re jut\u00f3 GDP szer\u00e9ny; a h\u00e1ztart\u00e1sok medi\u00e1nj\u00f6vedelme k\u00f6r\u00fclbel\u00fcl 87 000 doll\u00e1r (magasabb, mint sok colorad\u00f3i \u00fcd\u00fcl\u0151v\u00e1rosban), m\u00edg a szeg\u00e9nys\u00e9gi r\u00e1ta viszonylag alacsony. A lakosok figyelemre m\u00e9lt\u00f3 37%-a hisp\u00e1n vagy latin-amerikai sz\u00e1rmaz\u00e1s\u00fanak vallja mag\u00e1t, ami egy \u00e9l\u00e9nk latin-amerikai k\u00f6z\u00f6ss\u00e9get t\u00fckr\u00f6z, \u00e9s k\u00f6r\u00fclbel\u00fcl 62%-uk feh\u00e9r (nem hisp\u00e1n). Az id\u0151sebb \u00e1tlag\u00e9letkor (k\u00f6r\u00fclbel\u00fcl 40 \u00e9v k\u00f6zepe) \u00e9s a nagyr\u00e9szt helyi munkaer\u0151 miatt Glenwood Springs egy \u00f6n\u00e1ll\u00f3 hegyi v\u00e1rosnak t\u0171nik \u2013 f\u0151 ipar\u00e1gai az eg\u00e9szs\u00e9g\u00fcgy (a Valley View K\u00f3rh\u00e1z nagy munkaad\u00f3), a vend\u00e9gl\u00e1t\u00e1s (sz\u00e1ll\u00e1shely-szolg\u00e1ltat\u00e1s, \u00e9tkez\u00e9s) \u00e9s a szabadt\u00e9ri turizmus (s\u00edk\u00f6zpontok, rafting c\u00e9gek).<\/p>\n<p>Glenwood Springs Colorado \u00e1llam k\u00f6z\u00e9ps\u0151 r\u00e9sz\u00e9n fekszik, Denvert\u0151l nagyj\u00e1b\u00f3l 150 m\u00e9rf\u00f6ldre nyugatra, a 70-es \u00e1llamk\u00f6zi aut\u00f3p\u00e1lya ment\u00e9n. A vadreg\u00e9nyes Glenwood-kanyonban fekszik \u2013 egy fest\u0151i, v\u00f6r\u00f6s sziklafalakkal szeg\u00e9lyezett Colorado foly\u00f3 menti folyos\u00f3ban. A v\u00e1ros nyugati kapuja egy v\u00f6lgyek \u00f6sszefon\u00f3d\u00e1s\u00e1nak: innen az egyik aut\u00f3p\u00e1lya d\u00e9l fel\u00e9 vezet Aspenbe (csod\u00e1latos s\u00edel\u00e9si lehet\u0151s\u00e9g), egy m\u00e1sik \u00e9szaknyugat fel\u00e9 Vail fel\u00e9, az I-70-es pedig kelet fel\u00e9 a magas sivatagba. A k\u00f6rnyez\u0151 t\u00e1j klasszikus magaslati vid\u00e9k: feny\u0151- \u00e9s t\u00f6lgyf\u00e1s hegyoldalak, dr\u00e1mai homokk\u0151 mes\u00e1k \u00e9s a gleccserek \u00e1ltal fakasztott Hanging Lake v\u00edzgy\u0171jt\u0151 ter\u00fclete \u00e9szakkeleten. A r\u00e9gi\u00f3 geol\u00f3gi\u00e1ja akt\u00edv \u2013 a h\u0151forr\u00e1sok sz\u00f3 szerint bugyognak fel a vet\u0151k\u00f6n \u00e9s a m\u00e9szk\u0151szikl\u00e1n kereszt\u00fcl. Glenwood \u00e9ghajlata kontinent\u00e1lis hegyvid\u00e9ki: a telek hidegek \u00e9s havasak (b\u00e1r enyh\u00e9bbek, mint Colorado Front Range-j\u00e9n), a nyarak pedig melegek \u00e9s viszonylag sz\u00e1razak. Sz\u00e1mos mikrokl\u00edma l\u00e9tezik a v\u00e1ros k\u00f6r\u00fcl \u2013 a foly\u00f3hoz k\u00f6zeli ter\u00fcletek \u00e1ltal\u00e1ban h\u0171v\u00f6sebbek \u00e9s z\u00f6ldebbek, mint a sz\u00e1razabb mesa cs\u00facsok. \u00d6sszess\u00e9g\u00e9ben azonban nappal intenz\u00edv naps\u00fct\u00e9sre, h\u0171v\u00f6s \u00e9jszak\u00e1kra \u00e9s ny\u00e1ron d\u00e9lut\u00e1ni zivatarokra lehet sz\u00e1m\u00edtani. A tavasz \u00e9s az \u0151sz gyakran r\u00f6vid \u00e1tmeneti \u00e9vszakok. A gyakorlatban az id\u0151j\u00e1r\u00e1s \u00e1ltal\u00e1ban el\u00e9g enyhe az eg\u00e9sz \u00e9ves turizmushoz: a t\u00far\u00e1z\u00f3k, s\u00edel\u0151k \u00e9s gy\u00f3gyf\u00fcrd\u0151z\u0151k mind k\u00fcl\u00f6nb\u00f6z\u0151 \u00e9vszakokban \u00f6z\u00f6nlenek ide.<\/p>\n<p>Glenwood Springs t\u00f6rt\u00e9nelm\u00e9t \u00e1tsz\u00f6vik az \u00fatt\u00f6r\u0151k \u00e9s a hat\u00e1rvid\u00e9ki emberek t\u00f6rt\u00e9netei. Eredetileg Jacob Barlow arany\u00e1s\u00f3r\u00f3l (aki 1883-ban felfedezte a h\u00edres h\u0151forr\u00e1sokat) \u201eBarlow\u201d n\u00e9ven nevezt\u00e9k el, majd 1884-ben Barlow sz\u00fcl\u0151v\u00e1ros\u00e1r\u00f3l, az iowai Glenwoodr\u00f3l nevezt\u00e9k \u00e1t. A ter\u00e1pi\u00e1s forr\u00e1sok k\u00f6r\u00fcl gyorsan n\u00f6vekedett: a gazdag l\u00e1togat\u00f3k grandi\u00f3zus sz\u00e1llod\u00e1kat \u00e9p\u00edtettek, \u00e9s a Denver &amp; Rio Grande vas\u00fatvonalon k\u00f6zleked\u0151 vonatok \u00f6sszek\u00f6t\u00f6tt\u00e9k Colorado t\u00f6bbi r\u00e9sz\u00e9vel. Val\u00f3j\u00e1ban Theodore Roosevelt eln\u00f6k 1905-ben Glenwood Springsben nyaralt, amivel hozz\u00e1j\u00e1rult ahhoz, hogy a v\u00e1ros nemzeti mened\u00e9khelyk\u00e9nt szerepeljen a t\u00e9rk\u00e9pen. A v\u00e1rost 1886-ban alap\u00edtott\u00e1k, \u00e9s a Szikl\u00e1s-hegys\u00e9g k\u00f6zleked\u00e9si csom\u00f3pontj\u00e1v\u00e1 v\u00e1lt.<\/p>\n<p>A legfontosabb fordul\u00f3pontok k\u00f6z\u00e9 tartozik a v\u00edzer\u0151m\u0171vek 20. sz\u00e1zad eleji fejleszt\u00e9se (a Glenwood Canyon g\u00e1tja 1909-ben \u00e1ramot vezetett be), valamint a k\u00e9s\u0151bbi f\u0151bb aut\u00f3p\u00e1ly\u00e1k \u00e9p\u00edt\u00e9se. A 20. sz\u00e1zad v\u00e9g\u00e9n Glenwood identit\u00e1sa n\u00e9mileg eltol\u00f3dott a gy\u00f3gyf\u00fcrd\u0151b\u0151l a rekre\u00e1ci\u00f3s b\u00e1ziss\u00e1. Az olyan \u00faj l\u00e1tnival\u00f3k, mint a Glenwood Caverns Kalandpark (amely az 1990-es \u00e9vekben ny\u00edlt meg a v\u00e1ros feletti Iron Mountainen) \u00e9s n\u00e9h\u00e1ny f\u00fcrd\u0151h\u00e1z sz\u00f3rakoztat\u00f3 helysz\u00ednn\u00e9 alak\u00edt\u00e1sa v\u00e1ltozatoss\u00e1 tett\u00e9k vonzerej\u00e9t. Fontos, hogy Glenwood Springs soha nem \u00e1llt le teljesen t\u00e9len (ellent\u00e9tben n\u00e9h\u00e1ny s\u00edv\u00e1rossal), \u00edgy stabil, a lakosok \u00e1ltal vez\u00e9relt gazdas\u00e1got fejlesztett ki. R\u00f6viden, a 19. sz\u00e1zadi f\u00fcrd\u0151v\u00e1ros gy\u00f6kereit\u0151l a jelenlegi, a s\u00edel\u00e9s \u00e9s a t\u00far\u00e1z\u00e1s kapujak\u00e9nt bet\u00f6lt\u00f6tt szerep\u00e9ig Glenwood Springs t\u00f6rt\u00e9nelme a folyamatos meg\u00fajul\u00e1sr\u00f3l sz\u00f3l. Ma 20. sz\u00e1zadi \u00f6r\u00f6ks\u00e9ge a Bathhouse Row-on tal\u00e1lhat\u00f3 t\u00e9gla- \u00e9s fa\u00e9p\u00edt\u00e9szeti f\u00fcrd\u0151\u00e9p\u00fcletekben, az \u00e9vsz\u00e1zados sz\u00e1llod\u00e1kban \u00e9s egy olyan k\u00f6z\u00f6ss\u00e9gi szellemis\u00e9gben \u00e9l tov\u00e1bb, amely mind az \u00f6r\u00f6ks\u00e9get, mind a szabadt\u00e9ri \u00e9letet \u00e9rt\u00e9keli.<\/p>\n<p>Glenwood Springs egy kisv\u00e1rosi western hangulat\u00fa, bar\u00e1ts\u00e1gos, term\u00e9szetk\u00f6zeli csavarral. A hivatalos nyelv az angol, \u00e9s a 37%-ban latin-amerikai lakoss\u00e1g miatt a spanyolt is el\u00e9g gyakran hallani. A k\u00f6z\u00f6ss\u00e9g egy h\u00edres helyi hagyom\u00e1nyt \u00fcnnepel: az Eper Napok fesztiv\u00e1lt, egy 1898-ban alap\u00edtott t\u00f6bbnapos ny\u00e1ri rendezv\u00e9nyt, amely Colorado legr\u00e9gebbi \u00f6nkorm\u00e1nyzati \u00fcnnepe. (A fesztiv\u00e1l neve a v\u00f6lgy t\u00f6rt\u00e9nelmi eperfarmjaira utal.) Ezen t\u00falmen\u0151en a helyi kult\u00fara \u00f6tv\u00f6zi a klasszikus hegyiv\u00e1rosi elemeket \u2013 egy kis cowboy-rode\u00f3 szellemet, a b\u00e1ny\u00e1szati \u200b\u200bt\u00f6rt\u00e9nelmet \u00e9s a hat\u00e1rvid\u00e9ki hagyom\u00e1nyokat \u2013 a s\u00edel\u00e9s \u00e9s a folyami kalauzok kult\u00far\u00e1j\u00e1val. A mindennapi \u00e9let itt egy laza hegyi ritmust k\u00f6vet: az embereket gyakran l\u00e1tni h\u00e9tk\u00f6znapi szabadt\u00e9ri felszerel\u00e9sben (t\u00farabakancsban vagy s\u00edlog\u00f3s p\u00f3l\u00f3ban), a t\u00e1rsas\u00e1gi k\u00f6zpontok pedig a foly\u00f3parti k\u00e1v\u00e9z\u00f3k, s\u00f6rf\u0151zd\u00e9k \u00e9s parkok, nem pedig b\u00e1rok vagy \u00e9jszakai klubok. A Grand Avenue-n (a furcsa f\u0151utc\u00e1n) v\u00e9gigs\u00e9t\u00e1lva m\u0171v\u00e9szeti gal\u00e9ri\u00e1k, k\u00f6nyvesboltok, valamint r\u00e9gi grillez\u0151helyek \u00e9s \u00faj \u00ednyenc bisztr\u00f3k kever\u00e9k\u00e9t t\u00e1rhatjuk fel \u2013 bemutatva, hogyan egyens\u00falyoz a v\u00e1ros a hagyom\u00e1ny \u00e9s a trendis\u00e9g k\u00f6z\u00f6tt.<\/p>\n<p>A lakosok jellemz\u0151en nyitottak \u00e9s vend\u00e9gszeret\u0151ek. A ker\u00e9kp\u00e1rosok, hegym\u00e1sz\u00f3k \u00e9s kutyas\u00e9t\u00e1ltat\u00f3k gyakran meg\u00e1llnak besz\u00e9lgetni. Glenwood k\u00e9tszintes \u00e9p\u00fcletei \u00e9s fasorral szeg\u00e9lyezett utc\u00e1i emberi l\u00e9pt\u00e9k\u0171 hangulatot teremtenek. A temp\u00f3 lass\u00fa: a heves havaz\u00e1s miatt az emberek lass\u00fa t\u00e9li projekteket terveznek, m\u00edg a hossz\u00fa ny\u00e1ri est\u00e9k grillez\u00e9si \u00f6sszej\u00f6veteleket \u00e9s ingyenes szabadt\u00e9ri koncerteket \u00f6szt\u00f6n\u00f6znek. Tal\u00e1n a gy\u00f3gy\u00edt\u00f3 forr\u00e1sok t\u00f6rt\u00e9nelm\u00e9nek k\u00f6sz\u00f6nhet\u0151en van egy holisztikus m\u00f6g\u00f6ttes \u00e1ramlat is \u2013 a helyi klinik\u00e1k \u00e9s j\u00f3gast\u00fadi\u00f3k egy\u00fctt \u00e9lnek a l\u00e9gyhorg\u00e1sz-felszerel\u00e9seket k\u00edn\u00e1l\u00f3 c\u00e9gekkel. \u00d6sszess\u00e9g\u00e9ben Glenwood Springs \u201ehangulata\u201d a j\u00f3l\u00e9t \u00e9s a kaland hangulata: egy olyan hely, ahol a csal\u00e1dok gener\u00e1ci\u00f3k \u00f3ta \u00e9lnek, de ahol az \u00fajonnan \u00e9rkez\u0151ket vonzz\u00e1k az \u00e9gk\u00e9k foly\u00f3k, az egy \u00f3r\u00e1n bel\u00fcli s\u00edel\u00e9si lehet\u0151s\u00e9g, valamint a j\u00f3 eg\u00e9szs\u00e9gr\u0151l \u00e9s a szabadt\u00e9ri sz\u00f3rakoz\u00e1sr\u00f3l sz\u00f3l\u00f3 h\u00edrn\u00e9v.<\/p>\n<p>Glenwood Springs kihagyhatatlan l\u00e1tnival\u00f3i mind a viz\u00e9hez \u00e9s a hegyeihez k\u00f6t\u0151dnek. A Glenwood Hot Springs Resort legend\u00e1s: itt tal\u00e1lhat\u00f3 egy \u201eNagy Medence\u201d, amely nemzetk\u00f6zileg ismert, mint a vil\u00e1g legnagyobb \u00e1sv\u00e1nyv\u00edzzel teli melegv\u00edz\u0171 medenc\u00e9je. A 49\u00b0C-os term\u00e9szetes forr\u00e1sokb\u00f3l t\u00e1pl\u00e1lt \u00e9s \u00fasz\u00e1sra alkalmas, 38\u00b0C-ra h\u0171t\u00f6tt F\u0151 Medence t\u00f6bb mint egymilli\u00f3 gallon \u00e1sv\u00e1nyvizet tartalmaz. A term\u00e1lv\u00edzben val\u00f3 f\u00fcrd\u0151z\u00e9s az ute indi\u00e1nok \u00e9s a korai telepesek idej\u00e9b\u0151l sz\u00e1rmaz\u00f3 ritu\u00e1l\u00e9. A szomsz\u00e9dban tal\u00e1lhat\u00f3 a t\u00f6rt\u00e9nelmi Yampah Spa &amp; Vapor Caves, amely egy \u00fajabb egyed\u00fcl\u00e1ll\u00f3 \u00e9lm\u00e9nyt k\u00edn\u00e1l: fedett term\u00e1lbarlangokat, ahol a nedves, meleg leveg\u0151 \u00e9s az \u00e1sv\u00e1nyi g\u0151z\u00f6k term\u00e9szetes szaun\u00e1t hoznak l\u00e9tre. V\u00e1rosn\u00e9z\u00e9shez libeg\u0151vel fel lehet jutni a Glenwood Caverns Adventure Parkba. Az Iron Mountain tetej\u00e9n (2340 m\u00e9teres magass\u00e1gban) tal\u00e1lhat\u00f3 ez a vid\u00e1mpark, ahol barlangt\u00far\u00e1k v\u00e1rj\u00e1k az \u0151si m\u00e9szk\u0151barlangokat, valamint izgalmas hull\u00e1mvasutak (hull\u00e1mvas\u00fat \u00e9s \u00f3ri\u00e1shinta) v\u00e1rj\u00e1k a l\u00e1togat\u00f3kat, l\u00e1tv\u00e1nyos kanyonkil\u00e1t\u00e1ssal.<\/p>\n<p>Egy r\u00f6vid aut\u00f3\u00fatra tal\u00e1lhat\u00f3 a Hanging-t\u00f3, Colorado egyik legh\u00edresebb t\u00fara\u00fatvonala. A keskeny, 1,9 kilom\u00e9teres \u00f6sv\u00e9ny k\u00f6r\u00fclbel\u00fcl 300 m\u00e9tert emelkedik egy tiszta, t\u00fcrkizk\u00e9k t\u00f3hoz, amelyet v\u00edzes\u00e9sek \u00e9s travertin sziklafalak \u00f6lelnek k\u00f6r\u00fcl. (T\u00far\u00e1z\u00e1si enged\u00e9ly sz\u00fcks\u00e9ges, mivel a t\u00f3 v\u00e9dett nemzeti term\u00e9szeti eml\u00e9khely.) Tov\u00e1bbi szabadt\u00e9ri l\u00e1tnival\u00f3k k\u00f6z\u00e9 tartozik a Sunlight Mountain Resort (egy helyi s\u00edterep a v\u00e1rost\u00f3l \u00e9szakkeletre) \u00e9s a vil\u00e1gsz\u00ednvonal\u00fa vadv\u00edzi evez\u00e9s a Colorado foly\u00f3n a Glenwood-kanyonon kereszt\u00fcl (fest\u0151i, v\u00f6r\u00f6s szikl\u00e1kkal keretezett zuhatagok). A v\u00e1rosban a Grand Avenue ment\u00e9n s\u00e9t\u00e1lva viktori\u00e1nus f\u00fcrd\u0151\u00e9p\u00edt\u00e9szetet, helyi \u00fczleteket \u00e9s k\u00e1v\u00e9z\u00f3kat csod\u00e1lhat meg. Ne hagyja ki a belv\u00e1rosi Hahn&#039;s Peak Parkot \u2013 ez egy kicsi, de klasszikus hegyi park a foly\u00f3 mellett.<\/p>\n<p>Glenwood Springs kultur\u00e1lis l\u00e1tnival\u00f3kkal is rendelkezik: a t\u00f6rt\u00e9nelmi Hotel Colorado (ahol egykor Teddy Roosevelt megsz\u00e1llt) egy helyt\u00f6rt\u00e9neti m\u00fazeumnak ad otthont. A Glenwood Vaudeville Revue egy n\u00e9pszer\u0171 vacsorasz\u00ednh\u00e1z, amely megragadja a r\u00e9gi id\u0151k Glenwood b\u00e1j\u00e1t. A szabadban kikapcsol\u00f3dni v\u00e1gy\u00f3knak pedig \u00e9rdemes \u00e9lvezni\u00fck az \u00faj Glenwood Canyon Recreation Path-ot \u2013 egy aszfaltozott ker\u00e9kp\u00e1rutat a Colorado foly\u00f3 ment\u00e9n. \u00d6sszefoglalva, Glenwood \u201elegn\u00e9pszer\u0171bb l\u00e1tnival\u00f3i\u201d a v\u00edz \u00e9s a kaland k\u00f6r\u00e9 \u00e9p\u00fclnek: \u00e1ztat\u00f3 forr\u00e1sok, hegyi panor\u00e1m\u00e1k, alpesi barlangok \u00e9s \u00f6sv\u00e9nyek. Ezeknek k\u00f6sz\u00f6nhet\u0151en m\u00e9g ez a kisv\u00e1ros is egy mindent egyben tartalmaz\u00f3 nyaral\u00e1snak \u00e9rz\u0151dik.<\/p>\n<p>Glenwood Springsnek nincs saj\u00e1t nagyobb rep\u00fcl\u0151tere. A legk\u00f6zelebbi kereskedelmi j\u00e1ratok a Denver International rep\u00fcl\u0151t\u00e9rre (k\u00f6r\u00fclbel\u00fcl 220 m\u00e9rf\u00f6ldre) vagy a Colorado Springs rep\u00fcl\u0151t\u00e9rre (210 m\u00e9rf\u00f6ldre) indulnak. T\u00e9len azonban a k\u00f6zelebbi megk\u00f6zel\u00edt\u00e9s \u00e9rdek\u00e9ben az utaz\u00f3k gyakran az Eagle County rep\u00fcl\u0151t\u00e9rre (Vail) vagy az Aspen\/Pitkin County rep\u00fcl\u0151t\u00e9rre rep\u00fclnek, majd 1-1,5 \u00f3r\u00e1t aut\u00f3znak a 70-es \u00e1llamk\u00f6zi aut\u00f3p\u00e1ly\u00e1n \u00e9s a magas hegyi utakon. Aut\u00f3val Glenwood k\u00f6nnyen megk\u00f6zel\u00edthet\u0151: az I-70-es aut\u00f3p\u00e1lya 116-os kij\u00e1rat\u00e1n\u00e1l tal\u00e1lhat\u00f3, 90 percre keletre Grand Junctiont\u0151l \u00e9s 25 percre nyugatra Vail\/Aspent\u0151l a 82-es \u00e1llami aut\u00f3p\u00e1ly\u00e1n kereszt\u00fcl. Az Amtrak California Zephyr vonata Glenwood Springsben \u00e1ll meg, fest\u0151i vas\u00fati lehet\u0151s\u00e9get k\u00edn\u00e1lva Denverb\u0151l vagy a San Francisco-\u00f6b\u00f6l k\u00f6rny\u00e9k\u00e9r\u0151l. A Bustang, Colorado \u00e1llami buszj\u00e1rata, \u00e9s s\u00edbusz-j\u00e1ratok is kiszolg\u00e1lj\u00e1k a v\u00e1rost.<\/p>\n<p>Glenwood Springs belv\u00e1rosa meglehet\u0151sen kompakt \u00e9s k\u00f6nnyen megk\u00f6zel\u00edthet\u0151 gyalogosan. Egy ingyenes v\u00e1rosi busz (\u201eRide Glenwood\u201d) 30 percenk\u00e9nt k\u00f6zlekedik k\u00f6rj\u00e1rattal a v\u00e1roson kereszt\u00fcl, lak\u00f3\u00f6vezeteket, \u00fczleteket \u00e9s term\u00e1lforr\u00e1sokat k\u00f6tve \u00f6ssze. Ny\u00e1ron \u00e9s t\u00e9len is rengeteg ker\u00e9kp\u00e1rost lehet l\u00e1tni a sz\u00e9les j\u00e1rd\u00e1kon vagy a foly\u00f3 menti ker\u00e9kp\u00e1r\u00faton. A legt\u00f6bb l\u00e1togat\u00f3 azonban aut\u00f3t b\u00e9rel, hogy felfedezze a k\u00f6rnyez\u0151 hegyeket (kiv\u00e9ve, ha egy olyan s\u00edk\u00f6zpontban sz\u00e1ll meg, ahol saj\u00e1t transzferj\u00e1rat k\u00f6zlekedik). A t\u00e9li utak cs\u00fasz\u00f3sak lehetnek a h\u00f3ban, ez\u00e9rt a magasabb tengerszint feletti magass\u00e1gokba val\u00f3 feljut\u00e1shoz \u00e9rdemes terepj\u00e1r\u00f3t vagy t\u00e9li gumiabroncsot haszn\u00e1lni. Egyes l\u00e1tnival\u00f3khoz (p\u00e9ld\u00e1ul a Hanging Lake \u00f6sv\u00e9ny elej\u00e9hez) ma m\u00e1r transzfer vagy fizet\u0151s parkol\u00f3 sz\u00fcks\u00e9ges; sok ruh\u00e1zati c\u00e9g \u00e9s sz\u00e1lloda biztos\u00edt transzfert a s\u00edel\u0151k \u00e9s a t\u00far\u00e1z\u00f3k sz\u00e1m\u00e1ra.<\/p>\n<p>A p\u00e9nznem az amerikai doll\u00e1r. Mindenhol angolul besz\u00e9lnek, de a jelent\u0151s spanyol ajk\u00fa lakoss\u00e1g miatt gyakran hallhatunk spanyolul. Az \u00e9ttermekben \u00e9s az idegenvezet\u0151knek a borraval\u00f3 ~18%-a megszokott. Az \u00f6lt\u00f6zk\u00f6d\u00e9s eg\u00e9sz \u00e9vben szabadt\u00e9ri, h\u00e9tk\u00f6znapi: t\u00e9len r\u00e9tegesen kell \u00f6lt\u00f6zni (a hegyi nap m\u00e9g er\u0151s lehet), ny\u00e1ron pedig r\u00f6vidnadr\u00e1got\/p\u00f3l\u00f3t (de hozz magaddal kab\u00e1tot a h\u0171v\u00f6s \u00e9jszak\u00e1kra). Tiszteld a szabadban tart\u00f3zkod\u00e1st: maradj a t\u00fara\u00fatvonalakon, tarts biztons\u00e1gos t\u00e1vols\u00e1got a vadon \u00e9l\u0151 \u00e1llatokt\u00f3l (a hegyi oroszl\u00e1nok \u00e9s medv\u00e9k \u00e9lnek az erd\u0151kben), \u00e9s ellen\u0151rizd az id\u0151j\u00e1r\u00e1st, miel\u0151tt alpesi t\u00far\u00e1zol \u2013 a viharok gyorsan becsap\u00f3dhatnak. T\u00e9len l\u00e9gy \u00f3vatos a lavin\u00e1kkal, ha elhagyod a kijel\u00f6lt ter\u00fcleteket. A hegyi nap intenz\u00edven s\u00fct a magasban; a naptej \u00e9s a kalap visel\u00e9se elengedhetetlen. V\u00e9g\u00fcl, b\u00e1r Glenwood Springs viszonylag biztons\u00e1gos, ne feledd, hogy az aut\u00f3p\u00e1ly\u00e1k (k\u00fcl\u00f6n\u00f6sen az I-70-es) zs\u00fafoltak a teheraut\u00f3kkal. Haszn\u00e1ld a gyalog\u00e1tkel\u0151helyeket a v\u00e1rosban, \u00e9s mindig csatold be az \u00f6ved.<a href=\"https:\/\/travelshelper.com\/hu\/uticelok\/eszak-amerika\/amerikai-egyesult-allamok\/berkeley-springs\/\" target=\"_self\" aria-labelledby=\"uael-post-8997\"><br \/>\n<\/a><\/p>","protected":false},"excerpt":{"rendered":"<p>Glenwood Springs, egy \u00e9l\u00e9nk \u00f6nkorm\u00e1nyzati \u00f6nkorm\u00e1nyzat, amely Garfield megyek\u00e9nt, Colorado megyesz\u00e9khelyek\u00e9nt is szolg\u00e1l, a Roaring Fork \u00e9s a Colorado foly\u00f3k tal\u00e1lkoz\u00e1s\u00e1n\u00e1l fekszik. A 2020-as Egyes\u00fclt \u00c1llamok n\u00e9psz\u00e1ml\u00e1l\u00e1sa szerint 9963 lakos\u00e1val ez a kicsi, de figyelemre m\u00e9lt\u00f3 v\u00e1ros a r\u00e9gi\u00f3 k\u00f6zpontja. Glenwood Springs k\u00f6zponti csom\u00f3pont a Roaring Fork-v\u00f6lgy \u00e9s a Colorado foly\u00f3 ment\u00e9n sz\u00e9tsz\u00f3rt kisebb v\u00e1rosok k\u00f6z\u00f6tt; strat\u00e9giai elhelyezked\u00e9se seg\u00edt megmagyar\u00e1zni mind t\u00f6rt\u00e9nelmi, mind modern jelent\u0151s\u00e9g\u00e9t.<\/p>","protected":false},"author":1,"featured_media":17477,"parent":8072,"menu_order":0,"comment_status":"closed","ping_status":"closed","template":"elementor_theme","meta":{"_eb_attr":"","footnotes":""},"class_list":["post-8949","page","type-page","status-publish","has-post-thumbnail"],"_links":{"self":[{"href":"https:\/\/travelshelper.com\/hu\/wp-json\/wp\/v2\/pages\/8949","targetHints":{"allow":["GET"]}}],"collection":[{"href":"https:\/\/travelshelper.com\/hu\/wp-json\/wp\/v2\/pages"}],"about":[{"href":"https:\/\/travelshelper.com\/hu\/wp-json\/wp\/v2\/types\/page"}],"author":[{"embeddable":true,"href":"https:\/\/travelshelper.com\/hu\/wp-json\/wp\/v2\/users\/1"}],"replies":[{"embeddable":true,"href":"https:\/\/travelshelper.com\/hu\/wp-json\/wp\/v2\/comments?post=8949"}],"version-history":[{"count":0,"href":"https:\/\/travelshelper.com\/hu\/wp-json\/wp\/v2\/pages\/8949\/revisions"}],"up":[{"embeddable":true,"href":"https:\/\/travelshelper.com\/hu\/wp-json\/wp\/v2\/pages\/8072"}],"wp:featuredmedia":[{"embeddable":true,"href":"https:\/\/travelshelper.com\/hu\/wp-json\/wp\/v2\/media\/17477"}],"wp:attachment":[{"href":"https:\/\/travelshelper.com\/hu\/wp-json\/wp\/v2\/media?parent=8949"}],"curies":[{"name":"wp","href":"https:\/\/api.w.org\/{rel}","templated":true}]}}