{"id":8795,"date":"2024-09-05T12:07:13","date_gmt":"2024-09-05T12:07:13","guid":{"rendered":"https:\/\/travelshelper.com\/staging\/?page_id=8795"},"modified":"2026-03-13T17:32:22","modified_gmt":"2026-03-13T17:32:22","slug":"cincinnati","status":"publish","type":"page","link":"https:\/\/travelshelper.com\/hu\/destinations\/north-america\/united-states\/cincinnati\/","title":{"rendered":"Cincinnati"},"content":{"rendered":"<p>Cincinnati, amelyet n\u00e9ha \u201eKir\u00e1lyn\u0151v\u00e1rosnak\u201d is neveznek, a K\u00f6z\u00e9pnyugat \u00e9s a D\u00e9l k\u00f6z\u00f6tt f\u00e9l\u00faton fekszik, az Ohio foly\u00f3 ment\u00e9n. B\u00e1r kisebb, mint Chicago \u00e9s Dallas, Cincinnati gazdag \u00f6r\u00f6ks\u00e9ggel, jellegzetes kult\u00far\u00e1val \u00e9s bar\u00e1ts\u00e1gos \u201efoly\u00f3v\u00e1rosi\u201d hangulattal b\u00fcszk\u00e9lkedhet. A v\u00e1ros lakoss\u00e1ga 2020-ban k\u00f6r\u00fclbel\u00fcl 309 317 f\u0151 volt, ezzel Ohio harmadik legnagyobb v\u00e1rosa (Columbus \u00e9s Cleveland ut\u00e1n), \u00e9s az orsz\u00e1g 66. legnagyobb v\u00e1rosa. Nyolc megy\u00e9t mag\u00e1ban foglal\u00f3 nagyv\u00e1rosi ter\u00fclete sokkal nagyobb, k\u00f6r\u00fclbel\u00fcl 2,27 milli\u00f3 ember \u00e9l itt. A region\u00e1lis gazdas\u00e1g er\u0151s: a Nagy-Cincinnati GDP-je nagyj\u00e1b\u00f3l 157 milli\u00e1rd doll\u00e1r volt 2022-ben. A Fortune 500-as nagy\u00e1gy\u00fak, mint a Kroger (kiskereskedelem), a Procter &amp; Gamble (fogyaszt\u00e1si cikkek) \u00e9s a Fifth Third Bank itt tal\u00e1lhat\u00f3k k\u00f6zpontjaik, amelyek a soksz\u00edn\u0171 gazdas\u00e1g alapj\u00e1t k\u00e9pezik. Cincinnati ipar\u00e1gai k\u00f6z\u00e9 tartozik a gy\u00e1rt\u00e1s, az eg\u00e9szs\u00e9g\u00fcgy (pl. Cincinnati Gyermekk\u00f3rh\u00e1z) \u00e9s a felt\u00f6rekv\u0151 technol\u00f3gia. A v\u00e1ros n\u00f6veked\u00e9se folyamatos volt: a rozsda\u00f6vezet sz\u00e1mos ter\u00fclet\u00e9vel ellent\u00e9tben Cincinnati a 20. sz\u00e1zad v\u00e9g\u00e9n is terjeszkedett, \u00e9s a belv\u00e1ros 1990-es \u00e9vek \u00f3ta tart\u00f3 revitaliz\u00e1ci\u00f3ja t\u00f6bb mint negyedmilli\u00f3 \u00faj lakost \u00e9s munkahelyet vonzott.<\/p>\n<p>Cincinnati Ohio d\u00e9lnyugati r\u00e9sz\u00e9n tal\u00e1lhat\u00f3, d\u00e9lr\u0151l \u00e9s nyugatr\u00f3l az Ohio foly\u00f3 (a szemk\u00f6zti parton Kentucky), \u00e9szakr\u00f3l pedig hull\u00e1mz\u00f3 dombok hat\u00e1rolj\u00e1k. Illinois pr\u00e9rijeivel ellent\u00e9tben Cincinnati t\u00e1ja dombos (az Appalache-hegys\u00e9g l\u00e1b\u00e1n\u00e1l), \u00edgy sz\u00e1mos v\u00e1rosr\u00e9szb\u0151l leny\u0171g\u00f6z\u0151 kil\u00e1t\u00e1s ny\u00edlik a foly\u00f3ra. A v\u00e1ros val\u00f3j\u00e1ban t\u00f6bb meredek dombon ter\u00fcl el; a belv\u00e1ros \u00e9s a Rajna feletti r\u00e9sz egyes r\u00e9szei a foly\u00f3ra n\u00e9z\u0151 szikl\u00e1kon fekszenek. F\u00f6ldrajzilag a Nagy-tavak v\u00edzgy\u0171jt\u0151 ter\u00fclet\u00e9n tal\u00e1lhat\u00f3, de az Appalache-hegys\u00e9g l\u00e1b\u00e1n\u00e1l. Cincinnati \u00e9ghajlata \u00e1tmeneti: p\u00e1r\u00e1s kontinent\u00e1lis \u00e9ghajlat uralkodik, jelent\u0151s \u00e9vszakos elt\u00e9r\u00e9sekkel. A nyarak forr\u00f3k \u00e9s f\u00fclledtek (gyakran el\u00e9rik a 32\u00b0C-ot), a telek pedig hidegek, m\u00e9rs\u00e9kelt havaz\u00e1ssal. A melegebb, p\u00e1r\u00e1s szubtr\u00f3pusi z\u00f3na hat\u00e1r\u00e1n fekszik, \u00edgy a telek enyh\u00e9bbek, mint az \u00e9szaki k\u00f6z\u00e9pnyugati v\u00e1rosokban. A tavasz \u00e9s az \u0151sz \u00e1ltal\u00e1ban enyhe \u00e9s kellemes (de \u00e1prilisi es\u0151k \u00e9s id\u0151nk\u00e9nt k\u00e9s\u0151i fagyok is el\u0151fordulhatnak).<\/p>\n<p>Cincinnati t\u00f6rt\u00e9nete 1788-ban kezd\u0151d\u00f6tt, amikor k\u00e9t f\u00fcggetlens\u00e9gi h\u00e1bor\u00fas veter\u00e1n, Mathias Denman, Robert Patterson \u00e9s Israel Ludlow az Ohio foly\u00f3 egyik kanyarulat\u00e1n\u00e1l telepedett le. John Filson f\u00f6ldm\u00e9r\u0151 kezdetben \u201eLosantiville\u201d-nek nevezte el a telep\u00fcl\u00e9st, de 1790-ben a vezet\u0151k \u00e1tnevezt\u00e9k Cincinnatira a Cincinnati T\u00e1rsas\u00e1g (egy forradalmi tiszti szervezet) tisztelet\u00e9re. A v\u00e1rost 1802-ben alap\u00edtott\u00e1k, \u00e9s gyorsan l\u00e9tfontoss\u00e1g\u00fa folyami kik\u00f6t\u0151v\u00e9 v\u00e1lt az \u00c9szaknyugati Ter\u00fclet sz\u00e1m\u00e1ra. 1850-re Cincinnati \u201ePorkopolis\u201d n\u00e9ven v\u00e1lt ismertt\u00e9 hatalmas sert\u00e9sfeldolgoz\u00f3 ipara miatt \u2013 t\u00f6bb sert\u00e9st v\u00e1gtak \u00e9s sz\u00e1ll\u00edtottak, mint Amerika b\u00e1rmely m\u00e1s r\u00e9sze. A vas\u00fat a 19. sz\u00e1zad k\u00f6zep\u00e9n \u00e9rkezett meg, megszil\u00e1rd\u00edtva a v\u00e1ros k\u00f6zleked\u00e9si csom\u00f3pontk\u00e9nt bet\u00f6lt\u00f6tt szerep\u00e9t.<\/p>\n<p>Cincinnati kultur\u00e1lis fejl\u0151d\u00e9se \u00e9l\u00e9nk volt: d\u00edszes zenetermeket \u00e9s k\u00f6nyvt\u00e1rakat \u00e9p\u00edtett, melyek grandi\u00f3zus \u00e9p\u00edt\u00e9szet\u00e9nek (Music Hall, d\u00edszes Shillito \u00e1ruh\u00e1z \u00e9s a Roebling f\u00fcgg\u0151h\u00edd) k\u00f6sz\u00f6nhet\u0151en az 1870-es \u00e9vekre ki\u00e9rdemelte az \u201eAmerika P\u00e1rizsa\u201d becenevet. A v\u00e1ros a f\u00f6ldalatti vas\u00fatvonal egyik kulcsfontoss\u00e1g\u00fa \u00e1llom\u00e1sa is volt, a lakoss\u00e1gban sok abolicionista \u00e9lt (Cincinnatiban m\u00fazeumok \u00e9s eml\u00e9km\u0171vek \u0151rzik ezt a korszakot). A 19. sz\u00e1zad v\u00e9g\u00e9n \u00e9s a 20. sz\u00e1zad elej\u00e9n n\u00e9met bev\u00e1ndorl\u00e1si hull\u00e1mok \u00e9rt\u00e9k, amelyek olyan v\u00e1rosr\u00e9szeket form\u00e1ltak, mint az Over-the-Rhine (OTR), amely ma is Amerika legnagyobb 19. sz\u00e1zadi olasz st\u00edlus\u00fa \u00e9p\u00fcletgy\u0171jtem\u00e9ny\u00e9vel b\u00fcszk\u00e9lkedhet. Cincinnati a 20. sz\u00e1zadban is folyamatosan n\u00f6vekedett, b\u00e1r hull\u00e1mv\u00f6lgyekkel: a szuburbaniz\u00e1ci\u00f3 a sz\u00e1zad k\u00f6zep\u00e9n elvonta a lakosokat a k\u00f6zponti v\u00e1rosr\u00e9szekt\u0151l, de az elm\u00falt \u00e9vtizedekben tudatos t\u00f6rekv\u00e9sek t\u00f6rt\u00e9ntek az OTR, a foly\u00f3part \u00e9s a belv\u00e1ros \u00fajj\u00e1\u00e9p\u00edt\u00e9s\u00e9re.<\/p>\n<p>A figyelemre m\u00e9lt\u00f3 esem\u00e9nyek k\u00f6z\u00e9 tartozik az 1884-es \u00e1rv\u00edz, amely a Miami-Erie-csatorna meg\u00e9p\u00edt\u00e9s\u00e9hez vezetett, valamint az 1913-as \u00e1rv\u00edz, amely meghat\u00e1rozta a j\u00f6v\u0151beli g\u00e1t\u00e9p\u00edt\u00e9si tervez\u00e9st. Kultur\u00e1lis szempontb\u00f3l a v\u00e1ros olyan \u00faj\u00edt\u00e1soknak adott otthont, mint az els\u0151 profi baseballcsapat (az 1869-es Cincinnati Red Stockings) \u00e9s az els\u0151 profi n\u0151i dob\u00f3. Emellett egy tragikus 1937-es \u00e1rv\u00edz \u00e9s a foly\u00f3parti aut\u00f3p\u00e1ly\u00e1k 1980-as \u00e9vekben t\u00f6rt\u00e9n\u0151 \u00e1thelyez\u00e9s\u00e9nek helysz\u00edne is volt. A modern id\u0151kben Cincinnati egyes\u00fclt a k\u00f6rnyez\u0151 telep\u00fcl\u00e9sekkel (p\u00e9ld\u00e1ul Eastwood 1920-as annekt\u00e1l\u00e1sa), \u00e9s a 21. sz\u00e1zadra jelent\u0151s int\u00e9zm\u00e9nyekkel (Cincinnati Opera, \u00c1llatkert, Balett) b\u0151v\u00fclt. Cincinnati t\u00f6rt\u00e9nelme ma is l\u00e1that\u00f3 \u00e9l\u00e9nk t\u00f6rt\u00e9nelmi negyedeiben \u00e9s \u00e9vsz\u00e1zados parkjaiban, mint p\u00e9ld\u00e1ul az Eden Park (alap\u00edtva 1875-ben) \u00e9s a belv\u00e1ros k\u00f6zponti eleme, a \u201eFountain Square\u201d.<\/p>\n<p>Cincinnati helyi jellege meleg \u00e9s hagyom\u00e1nyos, egy csipetnyi k\u00f6z\u00e9pnyugati nyitotts\u00e1ggal. Az els\u0151dleges nyelv az angol, \u00e9s sok r\u00e9gebbi hagyom\u00e1ny a n\u00e9met \u00f6r\u00f6ks\u00e9gb\u0151l sz\u00e1rmazik. A helyi dialektus enyh\u00e9n k\u00f6z\u00e9pnyugati, n\u00e9h\u00e1ny egyedi sz\u00f3val (pl. egy sz\u00f6k\u0151kutat \u201ebugyog\u00f3 sz\u00f6k\u0151k\u00fatnak\u201d nevezni, vagy a \u201ek\u00e9rem\u201d sz\u00f3t haszn\u00e1lni a nyilv\u00e1nos mosd\u00f3kban \u2013 a h\u00edres \u201eCincinnati Please\u201d felirat a mosd\u00f3kban). Az \u00e9ves hagyom\u00e1nyok kiemelik az \u00f6r\u00f6ks\u00e9get: Az Oktoberfest Zinzinnati Amerika legnagyobb Oktoberfest \u00fcnneps\u00e9ge, kultur\u00e1lis kokt\u00e9lokkal, polka zen\u00e9vel \u00e9s a h\u00edrhedt \u201eVirslifut\u00e1s\u201d tacsk\u00f3versennyel. Minden \u00e9vben 30 000 ember vesz r\u00e9szt Cincinnati Oktoberfestj\u00e9n, ahol a cincinnati chili (csokol\u00e1d\u00e9val \u00e9s fah\u00e9jjal f\u0171szerezve) kedvelt csemege. Az \u00e9telekr\u0151l sz\u00f3lva, Cincinnati h\u00edres cincinnati st\u00edlus\u00fa chilij\u00e9r\u0151l (g\u00f6r\u00f6g eredet\u0171 chili, amelyet spagettire \u00e9s sajtra t\u00e1lalnak) \u00e9s \u201eGoetta\u201d kolb\u00e1sz\u00e1r\u00f3l.<\/p>\n<p>Cincinnati m\u00e1s fesztiv\u00e1loknak is otthont ad, amelyek a helyi \u00edzeket t\u00fckr\u00f6zik. A Flying Pig Marathon (\u00e9s a Pig Brew Fest) a v\u00e1ros sert\u00e9sfeldolgoz\u00e1si t\u00f6rt\u00e9net\u00e9t \u00fcnnepli. A zene vir\u00e1gzik a Cincinnati Zenei Fesztiv\u00e1lon (R&amp;B, soul \u00e9s gospel) \u00e9s a parkokban megrendezett szabadt\u00e9ri koncerteken. A Bunbury Zenei Fesztiv\u00e1l ny\u00e1ron nagy nev\u0171 zenekarokat vonz. A Pride egy m\u00e1sik kiemelked\u0151 esem\u00e9ny: Cincinnati meleg b\u00fcszkes\u00e9g h\u00e9tv\u00e9g\u00e9je Ohio legnagyobbjai k\u00f6z\u00e9 tartozik, okt\u00f3beri esem\u00e9nyei \u00e1talak\u00edtj\u00e1k a belv\u00e1rost. A novemberi F\u00e9nyfesztiv\u00e1l a Krohn Konzervat\u00f3riumban f\u00e9nyszobrokkal vil\u00e1g\u00edtja meg az \u00e9vszakok k\u00f6sz\u00f6nt\u00e9s\u00e9t.<\/p>\n<p>Cincinnati mindennapjai m\u00e9rs\u00e9kelten \u00fctemesek \u2013 kev\u00e9sb\u00e9 ny\u00fczsg\u0151ek, mint Chicago vagy Dallas, de ny\u00fczsg\u0151bbek, mint egy kisv\u00e1rosban. Az emberek itt jellemz\u0151en udvariasak \u00e9s k\u00f6z\u00f6ss\u00e9gtudatosak. A k\u00f6rny\u00e9keken utcab\u00e1lok \u00e9s helyi tulajdonban l\u00e9v\u0151 bisztr\u00f3k vannak. A cincinnati lakosok \u00e9lvezik a foly\u00f3t \u00e9s a dombokat, s\u00e9t\u00e1lgatnak a Smale Riverfront Parkban naps\u00fct\u00e9ses napokon, vagy szurkolnak a Bengals (NFL) vagy a Reds (MLB) meccsein. Tisztelegnek a v\u00e1ros m\u0171v\u00e9szeti int\u00e9zm\u00e9nyei (a koncertterem, a m\u0171v\u00e9szeti m\u00fazeum) \u00e9s a polg\u00e1ri szerepv\u00e1llal\u00e1s \u00f6r\u00f6ks\u00e9ge el\u0151tt. Cincinnati \u00f6sszhat\u00e1sa bar\u00e1ts\u00e1gos \u00e9s szer\u00e9ny \u2013 a k\u00f6z\u00e9pnyugati szomsz\u00e9ds\u00e1g \u00e9s a nagyv\u00e1rosi energia kever\u00e9ke. A tengerparti v\u00e1rosokhoz k\u00e9pest megfizethet\u0151 \u00e9s nyugodt; a kisv\u00e1rosokhoz k\u00e9pest kultur\u00e1lisan gazdag \u00e9s dinamikus.<\/p>\n<p>Cincinnati meglep\u0151en sok kihagyhatatlan l\u00e1tnival\u00f3t k\u00edn\u00e1l. Az Ohio foly\u00f3part k\u00f6zponti elem: a nemr\u00e9g fel\u00faj\u00edtott Smale foly\u00f3parti parkban sz\u00f6k\u0151kutak, j\u00e1tsz\u00f3terek \u00e9s gyalogutak v\u00e1rj\u00e1k a l\u00e1togat\u00f3kat, ahonnan kil\u00e1t\u00e1s ny\u00edlik a v\u00e1rosra. A belv\u00e1ros gy\u00fclekez\u0151helye a fens\u00e9ges Fountain Square (egykor Monroe Market House), amelyet t\u00f6rt\u00e9nelmi \u00e9p\u00fcletek \u00f6veznek, \u00e9s koncerteknek \u00e9s j\u00e9gp\u00e1ly\u00e1knak ad otthont. A Rajna feletti (OTR) negyed is n\u00e9pszer\u0171 l\u00e1tnival\u00f3 \u2013 Amerika egyik legnagyobb t\u00f6rt\u00e9nelmi negyede. Itt a v\u00e1ros 19. sz\u00e1zadi \u00f6r\u00f6ks\u00e9ge \u00e9letre kel a fel\u00faj\u00edtott s\u00f6rf\u0151zd\u00e9kkel, k\u00e9zm\u0171ves s\u00f6rf\u0151zd\u00e9kkel (Cinci egy s\u00f6rf\u0151z\u0151 v\u00e1ros), k\u00e1v\u00e9z\u00f3kkal \u00e9s butikokkal. Az OTR-t\u0151l keletre tal\u00e1lhat\u00f3 Findlay Market (Ohio legr\u00e9gebbi folyamatosan m\u0171k\u00f6d\u0151 nyilv\u00e1nos piaca, 1852 \u00f3ta) igazi csemege a helyi term\u00e9kek \u00e9s etnikai \u00e9telek k\u00f3stol\u00f3j\u00e1ra.<\/p>\n<p>H\u00edres \u00e9p\u00edt\u00e9szeti alkot\u00e1sok tark\u00edtj\u00e1k a v\u00e1rosk\u00e9pet: a Roebling f\u00fcgg\u0151h\u00edd (San Francisco Golden Gate-j\u00e9nek el\u0151dje), a Carew-torony (a d\u00e9li \u00e1llam egykori legmagasabb \u00e9p\u00fclete, art deco kil\u00e1t\u00f3val) \u00e9s a felt\u0171n\u0151 art deco st\u00edlus\u00fa Music Hall. Cincinnati orsz\u00e1gosan jelent\u0151s kultur\u00e1lis int\u00e9zm\u00e9nyekkel b\u00fcszk\u00e9lkedhet: a fest\u0151i Eden Parkban tal\u00e1lhat\u00f3 Cincinnati M\u0171v\u00e9szeti M\u00fazeummal, a National Underground Railroad Freedom Centerrel (a rabszolgas\u00e1gr\u00f3l \u00e9s a polg\u00e1rjogokr\u00f3l sz\u00f3l\u00f3 foly\u00f3parti m\u00fazeummal), valamint az American Sign Museummal (k\u00fcl\u00f6nc t\u00f6rt\u00e9nelmi ki\u00e1ll\u00edt\u00e1s neonf\u00e9nyekb\u0151l \u00e9s feliratokb\u00f3l).<\/p>\n<p>A csal\u00e1dok sz\u00e1m\u00e1ra ott van a Cincinnati \u00c1llatkert \u00e9s Botanikus Kert (az Egyes\u00fclt \u00c1llamok egyik legr\u00e9gebbi \u00e1llatkertje, amely Fiona v\u00edzil\u00f3r\u00f3l h\u00edres). Az Eden Parkban tal\u00e1lhat\u00f3 a Krohn Konzervat\u00f3rium (tr\u00f3pusi n\u00f6v\u00e9nyek) \u00e9s a Cincinnati Term\u00e9szetv\u00e9delmi K\u00f6zpont is. A sportrajong\u00f3k a Great American Ball Parkba (Reds) \u00e9s a Paycor Stadionba (Bengals) l\u00e1togatnak el. Az American Sign Museum nosztalgikus utaz\u00e1st k\u00edn\u00e1l a sz\u00e1zadk\u00f6zepi amerikai neonf\u00e9nyek vil\u00e1g\u00e1ban. A szabadt\u00e9ri kikapcsol\u00f3d\u00e1s szerelmesei kajakozhatnak a foly\u00f3n, vagy t\u00far\u00e1zhatnak a k\u00f6zeli parkok, p\u00e9ld\u00e1ul a Mount Airy vagy az Ault Park (rom\u00e1n st\u00edlus\u00fa pavilonok, naps\u00fct\u00f6tte t\u00f3) erd\u0151s \u00f6sv\u00e9nyein. \u00c9s ne hagyja ki a Krohn Konzervat\u00f3rium \u00fcnnepi ki\u00e1ll\u00edt\u00e1s\u00e1t, vagy az interakt\u00edv Cincinnati Gyermekm\u00fazeumot a gyerekbar\u00e1t sz\u00f3rakoz\u00e1s\u00e9rt.<\/p>\n<p>Cincinnati k\u00f6nnyen megk\u00f6zel\u00edthet\u0151. A Cincinnati\/Northern Kentucky Nemzetk\u00f6zi Rep\u00fcl\u0151t\u00e9r (CVG), k\u00f6zvetlen\u00fcl a foly\u00f3 t\u00faloldal\u00e1n, Kentuckyban, a f\u0151 l\u00e9gi \u00e1tj\u00e1r\u00f3. A CVG belf\u00f6ldi csom\u00f3pontokba \u00e9s n\u00e9h\u00e1ny nemzetk\u00f6zi j\u00e1ratra is ind\u00edt j\u00e1ratokat (Delta, American stb.). A belv\u00e1ros az Amtrak vonattal is megk\u00f6zel\u00edthet\u0151 (a Cardinal \u00fatvonal Chicag\u00f3b\u00f3l, Washingtonb\u00f3l, New Yorkb\u00f3l a Cincinnati Union Termin\u00e1ln\u00e1l \u00e1ll meg, amely egy art deco remekm\u0171). A f\u0151bb aut\u00f3p\u00e1ly\u00e1k itt keresztezik egym\u00e1st: az I-75 (\u00e9szak-d\u00e9li ir\u00e1ny\u00fa Detroit \u00e9s Florida k\u00f6z\u00f6tt) \u00e9s az I-71 (Cleveland \u00e9s Louisville k\u00f6z\u00f6tt) a belv\u00e1rosban tal\u00e1lkozik, \u00edgy a k\u00f6z\u00fati k\u00f6zleked\u00e9s egyszer\u0171.<\/p>\n<p>A v\u00e1roson bel\u00fcl a t\u00f6megk\u00f6zleked\u00e9s szer\u00e9ny: a metr\u00f3buszok a legt\u00f6bb ter\u00fcletet lefedik (b\u00e1r egyes \u00fatvonalakon a szolg\u00e1ltat\u00e1s ritka lehet). A metr\u00f3 villamosa (\u201eThe Cincinnati Bell Connector\u201d) \u00f6sszek\u00f6ti a belv\u00e1rost a foly\u00f3parttal \u00e9s az OTR-rel \u2013 egy nosztalgikus vonallal, amely hasznos a v\u00e1rosn\u00e9z\u0151k sz\u00e1m\u00e1ra. Taxik \u00e9s k\u00f6z\u00f6s fuvaroz\u00e1si szolg\u00e1ltat\u00e1sok \u00e1llnak rendelkez\u00e9sre, de az aut\u00f3k\u00f6lcs\u00f6nz\u00e9s b\u00f6lcs dolog lehet a belv\u00e1roson k\u00edv\u00fcli k\u00fclv\u00e1rosok vagy parkok el\u00e9r\u00e9s\u00e9hez. Cincinnati belv\u00e1rosa \u00e9s az OTR gyalogosan is k\u00f6nnyen megk\u00f6zel\u00edthet\u0151, ak\u00e1rcsak n\u00e9h\u00e1ny lak\u00f3\u00f6vezet (mint p\u00e9ld\u00e1ul Mount Adams vagy \u00c9szak-Kentucky Covingtonja a foly\u00f3n t\u00fal). A ker\u00e9kp\u00e1roz\u00e1s egyre n\u00e9pszer\u0171bb (a Red Bike share program), k\u00fcl\u00f6n\u00f6sen a foly\u00f3parton.<\/p>\n<p>Alapvet\u0151 tippek: a p\u00e9nznem az USD; az alap\u00e9rtelmezett nyelv az angol. Az \u00e9tkez\u00e9si \u00e9s taxi borraval\u00f3 az amerikai szok\u00e1soknak megfelel\u0151en t\u00f6rt\u00e9nik (~15\u201320%). Cincinnati viszonylag biztons\u00e1gosnak tekinthet\u0151, b\u00e1r mint minden v\u00e1rosban, a l\u00e1togat\u00f3knak s\u00f6t\u00e9ted\u00e9s ut\u00e1n a forgalmasabb ter\u00fcleteken kell maradniuk. A k\u00f6rny\u00e9kfel\u00fcgyelet er\u0151s; a b\u0171n\u00f6z\u00e9s t\u00f6bbnyire a f\u0151bb ker\u00fcleteken k\u00edv\u00fcli n\u00e9h\u00e1ny probl\u00e9m\u00e1s helyre korl\u00e1toz\u00f3dik. Az udvariass\u00e1g \u00e9s a k\u00f6z\u00e9pnyugati tisztelet a norm\u00e1k \u2013 ajt\u00f3t tartani, \u201ek\u00e9rem\u201d-et \u00e9s \u201ek\u00f6sz\u00f6n\u00f6m\u201d-\u00f6t mondani (Cincinnati h\u00edres nyilv\u00e1nos mosd\u00f3t\u00e1bl\u00e1ja eml\u00e9keztet: k\u00e9rem, amikor mosd\u00f3t k\u00e9r, ami egy helyi etikettbeli saj\u00e1toss\u00e1g). A helyi \u00e9ghajlat miatt a nyarak forr\u00f3k \u00e9s p\u00e1r\u00e1sak lehetnek, ez\u00e9rt \u00e9rdemes k\u00f6nny\u0171 ruh\u00e1zatot \u00e9s napv\u00e9delmet viselni. T\u00e9len havazhat \u00e9s fagyhat, ez\u00e9rt vigyen mag\u00e1val meleg ruh\u00e1zatot, ha december-febru\u00e1rban l\u00e1togat el. Szezon\u00e1lis allergi\u00e1k is felt\u0171n\u0151ek lehetnek (pollenszezon tavasszal \u00e9s \u0151sszel).<\/p>\n<p>L\u00e9nyeg\u00e9ben Cincinnati egy v\u00e1ros \u201enagyv\u00e1rosi\u201d szolg\u00e1ltat\u00e1sokkal, de egy kisv\u00e1rosi sz\u00edvvel. T\u00f6rt\u00e9nelmi b\u00e1ja, foly\u00f3parti kil\u00e1t\u00e1sa \u00e9s bar\u00e1ts\u00e1gos kultur\u00e1lis \u00e9lete v\u00e1ratlanul kellemes meg\u00e1ll\u00f3hely\u00e9 vagy \u00fati c\u00e9ll\u00e1 teszi. A l\u00e1togat\u00f3k felfedezhetik a t\u00f6rt\u00e9nelemben \u00e9s innov\u00e1ci\u00f3ban b\u00fcszk\u00e9n gy\u00f6kerez\u0151 v\u00e1rost, a n\u00e9met s\u00f6r\u00f6z\u0151kt\u0151l a legmodernebb startupokig, mindezt bar\u00e1ts\u00e1gos k\u00f6z\u00e9pnyugati mosollyal.<a href=\"https:\/\/travelshelper.com\/hu\/uticelok\/eszak-amerika\/amerikai-egyesult-allamok\/berkeley-springs\/\" target=\"_self\" aria-labelledby=\"uael-post-8997\"><br \/>\n<\/a><\/p>","protected":false},"excerpt":{"rendered":"<p>Cincinnati egy dinamikus v\u00e1ros Ohio d\u00e9lnyugati r\u00e9sz\u00e9n, Hamilton megye megyesz\u00e9khelyek\u00e9nt m\u0171k\u00f6dik. Az eredetileg 1788-ban alap\u00edtott Cincinnati ide\u00e1lis helyen fekszik a Licking \u00e9s az Ohio foly\u00f3k tal\u00e1lkoz\u00e1s\u00e1n\u00e1l; ut\u00f3bbi term\u00e9szetes m\u00f3don v\u00e1lasztja el Ohi\u00f3t Kentuckyt\u00f3l. Cincinnati, amely az Egyes\u00fclt \u00c1llamok 64. hely\u00e9n \u00e1ll, a 2020-as n\u00e9psz\u00e1ml\u00e1l\u00e1s szerint 309 317 lakossal rendelkezik, ezzel Ohio harmadik legn\u00e9pesebb v\u00e1rosa, csak Columbus \u00e9s Cleveland el\u0151zi meg. T\u00f6bb mint 2,265 milli\u00f3 lakos\u00e1val a v\u00e1ros a Cincinnati nagyv\u00e1rosi ter\u00fclet gazdas\u00e1gi \u00e9s kultur\u00e1lis k\u00f6zpontja \u2013 Ohio legn\u00e9pesebb \u00e9s az orsz\u00e1g 30. legnagyobb nagyv\u00e1rosi r\u00e9gi\u00f3ja.<\/p>","protected":false},"author":1,"featured_media":3942,"parent":8072,"menu_order":0,"comment_status":"closed","ping_status":"closed","template":"elementor_theme","meta":{"_eb_attr":"","footnotes":""},"class_list":["post-8795","page","type-page","status-publish","has-post-thumbnail"],"_links":{"self":[{"href":"https:\/\/travelshelper.com\/hu\/wp-json\/wp\/v2\/pages\/8795","targetHints":{"allow":["GET"]}}],"collection":[{"href":"https:\/\/travelshelper.com\/hu\/wp-json\/wp\/v2\/pages"}],"about":[{"href":"https:\/\/travelshelper.com\/hu\/wp-json\/wp\/v2\/types\/page"}],"author":[{"embeddable":true,"href":"https:\/\/travelshelper.com\/hu\/wp-json\/wp\/v2\/users\/1"}],"replies":[{"embeddable":true,"href":"https:\/\/travelshelper.com\/hu\/wp-json\/wp\/v2\/comments?post=8795"}],"version-history":[{"count":0,"href":"https:\/\/travelshelper.com\/hu\/wp-json\/wp\/v2\/pages\/8795\/revisions"}],"up":[{"embeddable":true,"href":"https:\/\/travelshelper.com\/hu\/wp-json\/wp\/v2\/pages\/8072"}],"wp:featuredmedia":[{"embeddable":true,"href":"https:\/\/travelshelper.com\/hu\/wp-json\/wp\/v2\/media\/3942"}],"wp:attachment":[{"href":"https:\/\/travelshelper.com\/hu\/wp-json\/wp\/v2\/media?parent=8795"}],"curies":[{"name":"wp","href":"https:\/\/api.w.org\/{rel}","templated":true}]}}