{"id":8773,"date":"2024-09-04T20:45:01","date_gmt":"2024-09-04T20:45:01","guid":{"rendered":"https:\/\/travelshelper.com\/staging\/?page_id=8773"},"modified":"2026-03-13T17:34:10","modified_gmt":"2026-03-13T17:34:10","slug":"kolumbusz","status":"publish","type":"page","link":"https:\/\/travelshelper.com\/hu\/destinations\/north-america\/united-states\/columbus\/","title":{"rendered":"Kolumbusz"},"content":{"rendered":"<p>Columbus Ohio f\u0151v\u00e1rosa \u00e9s l\u00fcktet\u00e9se, egy v\u00e1ros, amely egy csendes k\u00f6z\u00e9pnyugati v\u00e1rosb\u00f3l dinamikus v\u00e1rosi k\u00f6zpontt\u00e1 \u00fajj\u00e1alkotja mag\u00e1t. 2020-ban 905 748 lakos\u00e1val Columbus Ohio legnagyobb v\u00e1rosa, \u00e9s az orsz\u00e1g 14. legnagyobbja. T\u00edz megy\u00e9t mag\u00e1ban foglal\u00f3 nagyv\u00e1rosi ter\u00fclete k\u00f6r\u00fclbel\u00fcl 2,14 milli\u00f3 embert sz\u00e1ml\u00e1l, \u00edgy ez a legnagyobb teljes eg\u00e9sz\u00e9ben Ohio \u00e1llamon bel\u00fcli nagyv\u00e1rosi ter\u00fclet. Columbus gazdas\u00e1ga soksz\u00edn\u0171 \u00e9s n\u00f6vekv\u0151: itt tal\u00e1lhat\u00f3 a vil\u00e1g legnagyobb mag\u00e1n K+F szervezete (Battelle Memorial Institute) \u00e9s a Chemical Abstracts Service, ami a tudom\u00e1ny \u00e9s a technol\u00f3gia ter\u00fclet\u00e9nek er\u0151ss\u00e9geit t\u00fckr\u00f6zi. A f\u0151bb v\u00e1llalati k\u00f6zpontok k\u00f6z\u00e9 tartozik t\u00f6bbek k\u00f6z\u00f6tt az OhioHealth (eg\u00e9szs\u00e9g\u00fcgy), a Nationwide Insurance, a Cardinal Health, az L Brands (kor\u00e1bban The Limited) \u00e9s az Abercrombie &amp; Fitch. A v\u00e1ros 2010 \u00e9s 2017 k\u00f6z\u00f6tt nagyj\u00e1b\u00f3l 164 000 munkahelyet teremtett, amivel ebben az id\u0151szakban orsz\u00e1gosan a m\u00e1sodik helyen \u00e1llt (ami a robusztus n\u00f6veked\u00e9s jele). A f\u0151bb \u00e1gazatok k\u00f6z\u00e9 tartozik az oktat\u00e1s (az Ohio \u00c1llami Egyetem, t\u00f6bb mint 60 000 hallgat\u00f3val, a vil\u00e1g egyik vezet\u0151 munkaad\u00f3ja), a biztos\u00edt\u00e1s\/p\u00e9nz\u00fcgy, a kiskereskedelem, a logisztika, a technol\u00f3gia \u00e9s a kutat\u00e1s. A Columbus nagyr\u00e9szt jobban \u00e1tv\u00e9szelte a gazdas\u00e1gi visszaes\u00e9seket, mint sok versenyt\u00e1rsa, k\u00f6sz\u00f6nhet\u0151en ennek a sz\u00e9lesk\u00f6r\u0171 hallgat\u00f3i b\u00e1zisnak.<\/p>\n<p>Columbus Ohio k\u00f6zpontja k\u00f6zel\u00e9ben fekszik (Franklin megy\u00e9ben), nagyj\u00e1b\u00f3l f\u00e9l\u00faton Cleveland \u00e9s Cincinnati k\u00f6z\u00f6tt. Terepe \u00e1ltal\u00e1ban s\u00edk vagy enyh\u00e9n hull\u00e1mos; figyelemre m\u00e9lt\u00f3 jellegzetess\u00e9ge a sz\u00e1mos kis v\u00edzgy\u0171jt\u0151 ter\u00fclete (Olentangy \u00e9s Scioto foly\u00f3k), amelyek a helyi parkokat \u00e9s tavakat t\u00e1pl\u00e1lj\u00e1k. A v\u00e1ros Scioto Mile z\u00f6ld\u00fatja felfriss\u00edtette a belv\u00e1rosi foly\u00f3partot, \u00f6sszek\u00f6tve a Scioto foly\u00f3 ment\u00e9n tal\u00e1lhat\u00f3 parkokat, \u00f6sv\u00e9nyeket \u00e9s sz\u00f6k\u0151kutakat. Columbus k\u00f6r\u00fclbel\u00fcl az \u00e9szaki sz\u00e9less\u00e9g 40\u00b0-\u00e1n fekszik, \u00e9s a p\u00e1r\u00e1s kontinent\u00e1lis \u00e9ghajlati z\u00f3n\u00e1ban helyezkedik el. Nyara meleg \u00e9s p\u00e1r\u00e1s, a h\u0151m\u00e9rs\u00e9klet gyakran 80-90 \u00b0F-ra emelkedik, m\u00edg a telek hidegek (\u00e1tlagosan -1 \u00b0C k\u00f6r\u00fcli minimumh\u0151m\u00e9rs\u00e9klettel). A havaz\u00e1s m\u00e9rs\u00e9kelt, de kev\u00e9sb\u00e9 intenz\u00edv, mint \u00c9szak-Ohio-ban (Columbus elhelyezked\u00e9se miatt a heves t\u00f3hat\u00e1s\u00fa havaz\u00e1st\u00f3l k\u00edm\u00e9li meg). A l\u00e1togat\u00f3k n\u00e9gy k\u00fcl\u00f6nb\u00f6z\u0151 \u00e9vszakot tapasztalnak meg: vibr\u00e1l\u00f3 tavaszokat, n\u00e9ha ragacsos nyarakat, ropog\u00f3s \u0151sz\u00f6ket \u00e9s h\u0171v\u00f6s telet.<\/p>\n<p>A Columbus n\u00e9ven ismert ter\u00fclet eredetileg a Virginiai Katonai K\u00f6rzet r\u00e9sze volt a f\u00fcggetlens\u00e9gi h\u00e1bor\u00fa ut\u00e1n, telep\u00fcl\u00e9sek pedig az 1800-as \u00e9vek elej\u00e9n jelentek meg. A v\u00e1rost 1812-ben alap\u00edtott\u00e1k (hivatalosan Kolumbusz Krist\u00f3fr\u00f3l kapta a nev\u00e9t), \u00e9s 1816-ban Ohio \u00e1llam f\u0151v\u00e1ros\u00e1v\u00e1 v\u00e1lasztott\u00e1k, nagyr\u00e9szt az\u00e9rt, hogy biztos\u00edtsa az \u00e1llam k\u00f6zponti elhelyezked\u00e9s\u00e9t. Eredetileg r\u00e1csos v\u00e1rosk\u00e9nt tervezt\u00e9k, de eleinte lassan n\u00f6vekedett. Egy csatorna (Ohio \u00e9s Erie), majd k\u00e9s\u0151bb a vas\u00fatvonalak n\u00e9pess\u00e9grobban\u00e1st id\u00e9ztek el\u0151 a 19. sz\u00e1zadban. Az eur\u00f3pai bev\u00e1ndorl\u00f3k \u2013 k\u00fcl\u00f6n\u00f6sen a n\u00e9metek \u00e9s az \u00edrek \u2013 hull\u00e1mokban \u00e9rkeztek, a k\u00fclv\u00e1rosokban telepedtek le, \u00e9s hozz\u00e1j\u00e1rultak a s\u00f6rf\u0151z\u0151 \u00e9s egyh\u00e1zi k\u00f6z\u00f6ss\u00e9gekhez. Ahogy a n\u00e9met lakoss\u00e1g s\u00f6rf\u0151zd\u00e9ket \u00e9s egyetemeket \u00e9p\u00edtett, Columbus soksz\u00edn\u0171 k\u00f6z\u00e9pnyugati v\u00e1ross\u00e1 v\u00e1lt.<\/p>\n<p>A m\u00e1sodik vil\u00e1gh\u00e1bor\u00fa ut\u00e1n Columbus fizikailag (ter\u00fclet szerint az \u00e1llam egyik legnagyobb v\u00e1ros\u00e1v\u00e1 v\u00e1lt) \u00e9s gazdas\u00e1gilag is terjeszkedett. Kev\u00e9sb\u00e9 ipari jelleg\u0171 \u00e9s ink\u00e1bb feh\u00e9rgall\u00e9ros volt, mint a r\u00e9gebbi Rust Belt v\u00e1rosok, ami seg\u00edtett elker\u00fclni a s\u00falyos hanyatl\u00e1st. A f\u0151bb t\u00f6rt\u00e9nelmi nevezetess\u00e9gek k\u00f6z\u00e9 tartozik az Ohio State House (1861-ben k\u00e9sz\u00fclt el a v\u00e1ros g\u00f6r\u00f6g \u00fajj\u00e1sz\u00fclet\u00e9si st\u00edlus\u00e1ban), a 19. sz\u00e1zadi Short North \u00e9s a German Village (s\u00f6rf\u0151zde \u00e9s bev\u00e1ndorl\u00f3 negyed), valamint olyan int\u00e9zm\u00e9nyek, mint az Ohio Wesleyan Egyetem. A k\u00f6zelm\u00faltban Columbus v\u00e1rosi revitaliz\u00e1ci\u00f3n esett \u00e1t: a belv\u00e1rost technol\u00f3giai c\u00e9gekkel, lak\u00f3tornyokkal \u00e9s parkokkal \u00faj\u00edtott\u00e1k fel. Az 1990-es \u00e9s 2000-es \u00e9vekben a r\u00e9gi ter\u00fcletek \u00e1talakultak: a Short North m\u0171v\u00e9szeti folyos\u00f3v\u00e1 v\u00e1lt, megjelent az Arena District (a Nationwide Arena k\u00f6r\u00e9 \u00e9p\u00fclt), \u00e9s olyan helyeket, mint a German Village, gondosan meg\u0151riztek. Columbus s\u00f6t\u00e9tebb jegyeket is hordoz: 2017-ben itt rendezt\u00e9k meg a \u201eUnite the Right\u201d t\u00fcntet\u00e9st (er\u0151szak az \u00e1llamh\u00e1z\u00e1n\u00e1l), amelyb\u0151l az\u00f3ta nagyr\u00e9szt fel\u00e9p\u00fclt. Ma el\u0151remutat\u00f3 v\u00e1rosk\u00e9nt hirdeti mag\u00e1t (pl. 2018-ban megnyert egy \u201eOkosv\u00e1ros\u201d innov\u00e1ci\u00f3s versenyt), de t\u00f6rt\u00e9nelme minden \u00fajj\u00e1\u00e9p\u00edtett utc\u00e1ban \u00e9s \u00fajragondolt ker\u00fcletben l\u00e1that\u00f3.<\/p>\n<p>Columbus fiatalos, eklektikus \u00e9s v\u00e1llalkoz\u00f3 szellem\u0171. A hatalmas di\u00e1kpopul\u00e1ci\u00f3nak (Ohio State) \u00e9s egy n\u00f6vekv\u0151 m\u0171v\u00e9szeti k\u00f6z\u00f6ss\u00e9gnek otthont ad\u00f3 v\u00e1ros energi\u00e1val teli, de nem egy tengerparti metr\u00f3 siets\u00e9g\u00e9vel. A helyi jelleg a k\u00f6z\u00e9pnyugati bar\u00e1ts\u00e1goss\u00e1got t\u00fckr\u00f6zi: az emberek nyitottak (\u201e\u00fagy besz\u00e9lnek veled, mint egy szomsz\u00e9ddal\u201d), kreat\u00edvak \u00e9s polg\u00e1ri gondolkod\u00e1s\u00faak. Columbus \u00fcnnepli multikulturalizmus\u00e1t. Demogr\u00e1fiai adatai gyorsan v\u00e1ltoznak, az elm\u00falt \u00e9vtizedekben egyre t\u00f6bb spanyol, afrikai, \u00e1zsiai, szom\u00e1liai, bhut\u00e1ni \u00e9s k\u00f6zel-keleti k\u00f6z\u00f6ss\u00e9g \u00e9l itt. Ez a soksz\u00edn\u0171s\u00e9g a k\u00f6rny\u00e9keken \u00e9s a fesztiv\u00e1lokon is megmutatkozik.<\/p>\n<p>Columbus hagyom\u00e1nyai a kisv\u00e1rosi meghitts\u00e9g \u00e9s a nagyv\u00e1rosi \u00e9let kever\u00e9k\u00e9t alkotj\u00e1k. A v\u00e1ros ad otthont az \u00e9venk\u00e9nti Ohio \u00c1llami V\u00e1s\u00e1rnak (j\u00falius v\u00e9ge \u2013 augusztus), amely az orsz\u00e1g egyik legnagyobb \u00e1llami v\u00e1s\u00e1r\u00e1nak sz\u00e1m\u00edt, \u00e9s amely az eg\u00e9sz \u00e1llamban vonzza a csal\u00e1dokat j\u00e1t\u00e9kokkal, \u00e1llatokkal \u00e9s \u00f3ri\u00e1si vajszobrokkal. A Columbus M\u0171v\u00e9szeti Fesztiv\u00e1l \u00e9s a Jazz &amp; Rib Fest (ny\u00e1ri m\u0171v\u00e9szeti \u00e9s zenei esem\u00e9nyek a foly\u00f3parton) helyi t\u00f6megeket vonz. A zene nagy: minden j\u00faniusban a Nationwide Ar\u00e9n\u00e1ban megrendezik a Sonic Temple M\u0171v\u00e9szeti \u00e9s Zenei Fesztiv\u00e1lt (rock\/alternat\u00edv), amely felv\u00e1ltja a r\u00e9gi Rock on the Range-et. A j\u00faniusi Pride Weekend hatalmas \u2013 Columbus az Egyes\u00fclt \u00c1llamok legnagyobb Pride-\u00fcnneps\u00e9gei k\u00f6z\u00e9 tartozik, kiemelve a jelent\u0151s LMBT k\u00f6z\u00f6ss\u00e9g\u00e9t (becsl\u00e9sek szerint ~34 000 f\u0151). A ComFest (Goodale Park, j\u00fanius utols\u00f3 h\u00e9tv\u00e9g\u00e9je) egy h\u00edresen eklektikus ny\u00e1ri utcai fesztiv\u00e1l, amelyet az orsz\u00e1g legnagyobb... <em>nem kereskedelmi c\u00e9l\u00fa<\/em> zenei\/m\u0171v\u00e9szeti fesztiv\u00e1l. Minden j\u00falius 4-\u00e9n \u201eRed, White &amp; Boom\u201d t\u0171zij\u00e1t\u00e9kot rendeznek a Scioto foly\u00f3 ment\u00e9n, t\u00f6bb mint f\u00e9lmilli\u00f3 embert vonzva. Szezon\u00e1lis fesztiv\u00e1lok b\u0151ven akadnak: a Gallery Hops a Short Northban (havi m\u0171v\u00e9szeti s\u00e9ta), a German Village Oktoberfestje szeptemberben, \u00e9s a Columbus \u00c1llatkert \u00e9ves Boo at the Zoo rendezv\u00e9nye okt\u00f3berben.<\/p>\n<p>A k\u00f6rny\u00e9k hangulata v\u00e1ltozatos: A Short North Arts District gal\u00e9ri\u00e1kkal, falfestm\u00e9nyekkel \u00e9s divatos \u00e9ttermekkel teli \u2013 a belv\u00e1roshoz k\u00f6zel tal\u00e1lhat\u00f3 \u00e9s gyalogosan is k\u00f6nnyen megk\u00f6zel\u00edthet\u0151. A German Village t\u00e9glautc\u00e1ival \u00e9s vir\u00e1gl\u00e1d\u00e1ival egy hangulatos, r\u00e9gi eur\u00f3pai v\u00e1ros hangulat\u00e1t \u00e1rasztja (a fent eml\u00edtett fesztiv\u00e1lok k\u00f6z\u00fcl soknak a helysz\u00edne). A Victorian Village \u00e9s az Italian Village viktori\u00e1nus h\u00e1zai karaktert \u00e1rasztanak. Az Arena District az a hely, ahov\u00e1 az emberek j\u00e1rnak hokimeccsekre \u00e9s sportb\u00e1rokba. Clintonville \u00e9s az egyetemt\u0151l \u00e9szakra fekv\u0151 Upper Arlington lombos k\u00fclv\u00e1rosi enkl\u00e1v\u00e9k. A v\u00e1rosban er\u0151s a k\u00f6z\u00f6ss\u00e9gi \u00e9rz\u00e9s; mindenhol helyi b\u00fcszkes\u00e9g z\u00e1szl\u00f3k \u00e9s falfestm\u00e9nyek l\u00e1that\u00f3k.<\/p>\n<p>Columbus l\u00e1tnival\u00f3i a csal\u00e1di sz\u00f3rakoz\u00e1st kultur\u00e1lis m\u00e9lys\u00e9ggel \u00f6tv\u00f6zik. Legf\u0151k\u00e9ppen az Ohio \u00c1llami Egyetem kampusza (b\u00e1r \u00f6nmag\u00e1ban nem turisztikai l\u00e1tv\u00e1nyoss\u00e1g, hatalmas \u2013 l\u00e1sd az Ov\u00e1l torn\u00e1cot, a t\u00e9glafal\u00fa OSU Stadiont, a \u201eCip\u0151t\u201d \u00e9s a Wexner Center \u00e9p\u00edt\u00e9szet\u00e9t). A belv\u00e1ros nevezetess\u00e9gei k\u00f6z\u00e9 tartozik az Ohio \u00c1llami Egyetem \u00e9p\u00fclete (t\u00far\u00e1k a Capitolium \u00e9p\u00fclet\u00e9ben) \u00e9s a Columbus M\u0171v\u00e9szeti M\u00fazeum (amerikai \u00e9s eur\u00f3pai m\u0171v\u00e9szet, valamint a szesz\u00e9lyes \u201eTopiary Park\u201d). A Scioto Mile foly\u00f3parti s\u00e9t\u00e1ny sz\u00f6k\u0151kutakat, amfite\u00e1trumokat \u00e9s v\u00e1rosk\u00e9peket k\u00edn\u00e1l.<\/p>\n<p>A csal\u00e1dok \u00f6z\u00f6nlenek a COSI-ba (Tudom\u00e1nyos \u00e9s Ipari K\u00f6zpont) \u2013 egy hatalmas interakt\u00edv tudom\u00e1nyos m\u00fazeumba minden koroszt\u00e1ly sz\u00e1m\u00e1ra. A Jack Hanna \u00e1ltal h\u00edress\u00e9 tett Columbus \u00c1llatkert \u00e9s Akv\u00e1rium (k\u00f6r\u00fclbel\u00fcl 16 kilom\u00e9terre \u00e9szakra) folyamatosan Amerika legjobb \u00e1llatkertjei k\u00f6z\u00e9 tartozik, \u00faj jegesmedve-\u00e9l\u0151hellyel \u00e9s egy k\u00fcl\u00f6nleges szafariparkkal. A k\u00f6zelben tal\u00e1lhat\u00f3 a Newport Akv\u00e1rium (a foly\u00f3 t\u00faloldal\u00e1n, Kentucky \u00e1llamban) is n\u00e9pszer\u0171. A Franklin Park Konzervat\u00f3rium \u00e9s Botanikus Kert kihagyhatatlan l\u00e1tnival\u00f3 a n\u00f6v\u00e9nykedvel\u0151k sz\u00e1m\u00e1ra (ne hagyja ki a Chihuly \u00fcvegki\u00e1ll\u00edt\u00e1sokat az \u00fcvegh\u00e1zakban). A t\u00f6rt\u00e9nelem szerelmesei \u00e9lvezhetik az Ohio T\u00f6rt\u00e9nelmi K\u00f6zpontot \u00e9s az Ohio Village-t (szabadt\u00e9ri \u00e9l\u0151 t\u00f6rt\u00e9nelmi m\u00fazeum). A German Village L\u00e1togat\u00f3k\u00f6zpont (Schiller Park) \u00e9s a Goodale Park kellemes v\u00e1rosi z\u00f6ldter\u00fcletek.<\/p>\n<p>A k\u00fcl\u00f6nleges helysz\u00ednek k\u00f6z\u00e9 tartozik a Short North falfestm\u00e9nyei, a Legoland Discovery Center \u00e9s a k\u00fcl\u00f6nleges Center for Science and Industry k\u00f6rhinta. A sportl\u00e9tes\u00edtm\u00e9nyek \u2013 az Ohio Stadion (Buckeyes futball) \u00e9s a Nationwide Arena (Blue Jackets j\u00e9gkorong) \u2013 maguk is vonzz\u00e1k a l\u00e1togat\u00f3kat, ak\u00e1rcsak a szezon\u00e1lis egyetemi futballturizmus t\u00f6megei. A Columbus Metropolitan Library f\u0151k\u00f6nyvt\u00e1r\u00e1ban (egy r\u00e9gi fegyvert\u00e1r \u00e9p\u00fclet\u00e9ben) gyakran tartanak m\u0171v\u00e9szeti v\u00e1s\u00e1rokat \u00e9s install\u00e1ci\u00f3kat.<\/p>\n<p>Bev\u00e1s\u00e1rl\u00f3-\/turisztikai negyedek: Az Easton Town Center (egy eleg\u00e1ns, szabadt\u00e9ri bev\u00e1s\u00e1rl\u00f3k\u00f6zpont) \u00e9s a Polaris Fashion Place (divatk\u00f6zpont) jelent\u0151s kiskereskedelmi vonzer\u0151t biztos\u00edtanak. Helyi \u00e9lm\u00e9nyt ny\u00fajt a North Market (1876 \u00f3ta), amely ohi\u00f3i borokat, nemzetk\u00f6zi \u00e9teleket \u00e9s fesztiv\u00e1lokat k\u00edn\u00e1l.<\/p>\n<p>Columbus var\u00e1zsa l\u00e9nyeg\u00e9ben egy bar\u00e1ts\u00e1gos \u201enagy kisv\u00e1ros\u201d var\u00e1zsa: van egy major league hangulata (profi sportok, kongresszusi k\u00f6zpont, \u00e1llami korm\u00e1nyzat), de m\u00e9gis kezelhet\u0151nek \u00e9s bar\u00e1ts\u00e1gosnak \u00e9rz\u0151dik. A l\u00e1togat\u00f3k modern v\u00e1rosi szolg\u00e1ltat\u00e1sokat \u00e9s \u00e9jszakai \u00e9letet tal\u00e1lnak a k\u00f6z\u00e9pnyugati vend\u00e9gszeretet mellett \u2013 a k\u00f6z\u00e9pnyugati amerikai kult\u00fara \u00e9s a progressz\u00edv v\u00e1rosi kult\u00fara \u00e9rdekes kombin\u00e1ci\u00f3j\u00e1t.<\/p>\n<p>Columbus k\u00f6nnyen megk\u00f6zel\u00edthet\u0151. A John Glenn Columbus Nemzetk\u00f6zi Rep\u00fcl\u0151t\u00e9r (CMH) a belv\u00e1rost\u00f3l 6 m\u00e9rf\u00f6ldre keletre tal\u00e1lhat\u00f3, ahonnan k\u00f6zvetlen j\u00e1ratok indulnak a legt\u00f6bb amerikai csom\u00f3pontba; a l\u00e9git\u00e1rsas\u00e1gok k\u00f6z\u00e9 tartozik az American, a Delta, a Southwest \u00e9s az United. Az Amtrak orsz\u00e1gos vonalai (Cardinal \u00e9s Capitol Limited) naponta szolg\u00e1lj\u00e1k ki Columbust a Columbus \u00e1llom\u00e1son kereszt\u00fcl. Az I-70-es (kelet-nyugat) \u00e9s az I-71-es (\u00e9szak-d\u00e9li) \u00e1llamk\u00f6zi aut\u00f3p\u00e1ly\u00e1k egyar\u00e1nt \u00e1thaladnak a v\u00e1rosk\u00f6zponton vagy annak k\u00f6zel\u00e9ben, \u00f6sszek\u00f6tve Columbust Indianapolisszal, Pittsburgh-szel, Cincinnatival \u00e9s Clevelanddel.<\/p>\n<p>Columbusban vir\u00e1gz\u00f3 t\u00f6megk\u00f6zleked\u00e9si h\u00e1l\u00f3zattal tal\u00e1lkozhatunk (Central Ohio Transit Authority buszai), de sz\u00e1mos l\u00e1tnival\u00f3 sz\u00e9tsz\u00f3rtan tal\u00e1lhat\u00f3. A k\u00fcls\u0151 k\u00fclv\u00e1rosokba aut\u00f3t kell b\u00e9relni vagy telekocsikat kell ig\u00e9nybe venni. A belv\u00e1ros, a Short North \u00e9s az Ohio State egyetemi kampusz k\u00f6rny\u00e9ke gyalogosan \u00e9s ker\u00e9kp\u00e1rral is k\u00f6nnyen megk\u00f6zel\u00edthet\u0151 (a Columbus ker\u00e9kp\u00e1rmegoszt\u00f3 programj\u00e1nak, a \u201eCoGo\u201d-nak vannak \u00e1llom\u00e1sai). A v\u00e1ros kiterjedt park- \u00e9s \u00f6sv\u00e9nyh\u00e1l\u00f3zata (bele\u00e9rtve a Scioto Greenway \u00f6sv\u00e9nyeket is) sz\u00e1mos helyen kellemess\u00e9 teszi a ker\u00e9kp\u00e1roz\u00e1st \u00e9s a gyalogl\u00e1st.<\/p>\n<p>Tippek utaz\u00f3knak: Columbus nagyon biztons\u00e1gos a turist\u00e1k sz\u00e1m\u00e1ra; az er\u0151szakos b\u0171ncselekm\u00e9nyek sz\u00e1ma alacsony a turisztikai \u00e9s \u00fczleti negyedekben. Ennek ellen\u00e9re, mint minden v\u00e1rosban, \u00e9jszaka maradj j\u00f3l megvil\u00e1g\u00edtott ter\u00fcleteken, \u00e9s l\u00e9gy tekintettel a k\u00f6rnyezetedre. A borraval\u00f3 itt is szok\u00e1sos, mint az eg\u00e9sz Egyes\u00fclt \u00c1llamokban (15\u201320% az \u00e9ttermekben). A belv\u00e1rosban \u00e9rv\u00e9nyesek a nyilv\u00e1nos helyen t\u00f6rt\u00e9n\u0151 alkoholfogyaszt\u00e1sra vonatkoz\u00f3 t\u00f6rv\u00e9nyek (nyitott ed\u00e9nyek). A helyi p\u00e9nznem \u00e9s nyelv a szok\u00e1sos amerikai norm\u00e1k (USD \u00e9s angol). Az id\u0151j\u00e1r\u00e1s v\u00e1ltoz\u00e9kony lehet: a ny\u00e1r forr\u00f3 lehet (naptej \u00e9s folyad\u00e9kp\u00f3tl\u00e1s sz\u00fcks\u00e9ges), a t\u00e9l pedig t\u00f3hat\u00e1s\u00fa vagy sz\u00e9lviharos viharokat hozhat (csomagolj kab\u00e1tot \u00e9s eserny\u0151t). Ohi\u00f3ban a jogos\u00edtv\u00e1nyon k\u00edv\u00fcl nincsenek tov\u00e1bbi utaz\u00e1si okm\u00e1nyok.<\/p>\n<p>\u00d6sszess\u00e9g\u00e9ben Columbus egy felfel\u00e9 \u00edvel\u0151 f\u0151v\u00e1ros, amely az \u00e1llami korm\u00e1nyzati funkci\u00f3kat \u00f6tv\u00f6zi az egyetemi v\u00e1rosok energi\u00e1j\u00e1val \u00e9s a pezsg\u0151 v\u00e1rosi meg\u00fajul\u00e1ssal. A k\u00f6z\u00e9pnyugati b\u00e1j, a kreat\u00edv m\u0171v\u00e9szeti \u00e9let \u00e9s a meglep\u0151en v\u00e1ltozatos l\u00e1tnival\u00f3k \u2013 a t\u00f6rt\u00e9nelmi falvakt\u00f3l a legmodernebb tudom\u00e1nyos k\u00f6zpontokig \u2013 kever\u00e9k\u00e9t k\u00edn\u00e1lja, ami vonz\u00f3 k\u00f6z\u00e9pnyugati \u00fati c\u00e9ll\u00e1 teszi.<a href=\"https:\/\/travelshelper.com\/hu\/uticelok\/eszak-amerika\/amerikai-egyesult-allamok\/berkeley-springs\/\" target=\"_self\" aria-labelledby=\"uael-post-8997\"><br \/>\n<\/a><\/p>","protected":false},"excerpt":{"rendered":"<p>Columbus, Ohio f\u0151v\u00e1rosa \u00e9s legnagyobb v\u00e1rosa, a Scioto \u00e9s az Olentangy foly\u00f3k tal\u00e1lkoz\u00e1s\u00e1n\u00e1l fekszik. A 2020-as n\u00e9psz\u00e1ml\u00e1l\u00e1s szerint a lakoss\u00e1g sz\u00e1ma 905 748 f\u0151, ezzel az Egyes\u00fclt \u00c1llamok 14. legn\u00e9pesebb v\u00e1rosa, \u00e9s Chicago ut\u00e1n a m\u00e1sodik legn\u00e9pesebb a K\u00f6z\u00e9pnyugaton. Franklin megye sz\u00e9khelye ez a ny\u00fczsg\u0151 v\u00e1ros, amely Delaware \u00e9s Fairfield megy\u00e9k egyes r\u00e9szeire is kiterjed, \u00e9s a Columbus nagyv\u00e1rosi ter\u00fclet k\u00f6zpontj\u00e1t alkotja, amely t\u00edz megy\u00e9t foglal mag\u00e1ban Ohio k\u00f6z\u00e9ps\u0151 r\u00e9sz\u00e9n.<\/p>","protected":false},"author":1,"featured_media":3368,"parent":8072,"menu_order":0,"comment_status":"closed","ping_status":"closed","template":"elementor_theme","meta":{"_eb_attr":"","footnotes":""},"class_list":["post-8773","page","type-page","status-publish","has-post-thumbnail"],"_links":{"self":[{"href":"https:\/\/travelshelper.com\/hu\/wp-json\/wp\/v2\/pages\/8773","targetHints":{"allow":["GET"]}}],"collection":[{"href":"https:\/\/travelshelper.com\/hu\/wp-json\/wp\/v2\/pages"}],"about":[{"href":"https:\/\/travelshelper.com\/hu\/wp-json\/wp\/v2\/types\/page"}],"author":[{"embeddable":true,"href":"https:\/\/travelshelper.com\/hu\/wp-json\/wp\/v2\/users\/1"}],"replies":[{"embeddable":true,"href":"https:\/\/travelshelper.com\/hu\/wp-json\/wp\/v2\/comments?post=8773"}],"version-history":[{"count":0,"href":"https:\/\/travelshelper.com\/hu\/wp-json\/wp\/v2\/pages\/8773\/revisions"}],"up":[{"embeddable":true,"href":"https:\/\/travelshelper.com\/hu\/wp-json\/wp\/v2\/pages\/8072"}],"wp:featuredmedia":[{"embeddable":true,"href":"https:\/\/travelshelper.com\/hu\/wp-json\/wp\/v2\/media\/3368"}],"wp:attachment":[{"href":"https:\/\/travelshelper.com\/hu\/wp-json\/wp\/v2\/media?parent=8773"}],"curies":[{"name":"wp","href":"https:\/\/api.w.org\/{rel}","templated":true}]}}